{"id":3950,"date":"2020-04-22T07:21:11","date_gmt":"2020-04-22T07:21:11","guid":{"rendered":"http:\/\/nordvalls.se\/etiketter\/pharma-etiketten\/"},"modified":"2025-10-27T14:48:03","modified_gmt":"2025-10-27T14:48:03","slug":"pharma-etiketten","status":"publish","type":"page","link":"https:\/\/nordvallsetikett.com\/de\/etiketten\/pharma-etiketten\/","title":{"rendered":"Pharma Etiketten"},"content":{"rendered":"<div class=\"wpb-content-wrapper\"><p>[vc_row][vc_column width=&#8220;1\/2&#8243;][vc_column_text]<\/p>\n<h2>Wir liefern Etiketten an die Pharmaindustrie<\/h2>\n<p>Nordvalls beliefert seit vielen Jahren Kunden in der Pharmaindustrie. Das bedeutet, dass wir uns \u00fcber die Vorschriften in Bezug auf Hygiene, Qualit\u00e4t und Sicherheit bewusst sind. Unsere Produktion von pharmazeutischen Etiketten wird vom Rest unserer Etikettenproduktion getrennt gehalten, um ein hohes Ma\u00df an Hygiene im Herstellungsprozess zu gew\u00e4hrleisten.<\/p>\n<p>Mit Nordvalls als Zulieferer k\u00f6nnen sich Kunden, die f\u00fcr ein Pharmaunternehmen arbeiten oder Zulieferer f\u00fcr die Pharmaindustrie sind, sicher f\u00fchlen. Unsere Produktion ist seit vielen Jahren an die hohen Anforderungen dieser Branche angepasst. Als Druckerei arbeiten wir nach guten Herstellungspraktiken und sind in allen Produktionsphasen sehr gr\u00fcndlich in Bezug auf Qualit\u00e4t und Sicherheit.<\/p>\n<p>Bei Nordvalls finden Sie breites Sortiment an Materialien und Klebstoffen, die auf die Anforderungen Ihres Unternehmens zugeschnitten sind. Unsere Key Account Managerin f\u00fcr Pharmazeutika und Pharma, Jeanette Ericsson, erz\u00e4hlt Ihnen gern mehr dar\u00fcber, wie wir die spezifischen Anforderungen und Herausforderungen Ihres Unternehmens erf\u00fcllen k\u00f6nnen. Kontaktieren Sie sie f\u00fcr ein Gespr\u00e4ch, wie wir f\u00fcr Sie Werte schaffen k\u00f6nnen.[\/vc_column_text]<div class=\"ult-spacer spacer-69e7bee4b4d97\" data-id=\"69e7bee4b4d97\" data-height=\"50\" data-height-mobile=\"50\" data-height-tab=\"50\" data-height-tab-portrait=\"\" data-height-mobile-landscape=\"\" style=\"clear:both;display:block;\"><\/div>[vc_column_text css=&#8220;.vc_custom_1580390922672{border-left-width: 5px !important;padding-left: 20px !important;border-left-color: #1e73be !important;border-left-style: solid !important;}&#8220;]<\/p>\n<h4>Unsere Produktion ist seit vielen Jahren angepasst, um den hohen Anforderungen der Branche gerecht zu werden.<\/h4>\n<p>[\/vc_column_text][\/vc_column][vc_column width=&#8220;1\/2&#8243;]<style type=\"text\/css\" data-type=\"the7_shortcodes-inline-css\">.shortcode-single-image-wrap.shortcode-single-image-6cca8330e4791df2b45343fbfb760329.enable-bg-rollover .rollover i,\n.shortcode-single-image-wrap.shortcode-single-image-6cca8330e4791df2b45343fbfb760329.enable-bg-rollover .rollover-video i {\n  background: -webkit-linear-gradient();\n  background: linear-gradient();\n}\n.shortcode-single-image-wrap.shortcode-single-image-6cca8330e4791df2b45343fbfb760329 .rollover-icon {\n  font-size: 32px;\n  color: #ffffff;\n  min-width: 44px;\n  min-height: 44px;\n  line-height: 44px;\n  border-radius: 100px;\n  border-style: solid;\n  border-width: 0px;\n}\n.dt-icon-bg-on.shortcode-single-image-wrap.shortcode-single-image-6cca8330e4791df2b45343fbfb760329 .rollover-icon {\n  background: rgba(255,255,255,0.3);\n  box-shadow: none;\n}<\/style><div class=\"shortcode-single-image-wrap shortcode-single-image-6cca8330e4791df2b45343fbfb760329 alignnone  vc_custom_1580843823462 enable-bg-rollover dt-icon-bg-off\" ><div class=\"shortcode-single-image\"><div class=\"fancy-media-wrap  layzr-bg\" style=\"border-radius:40px;\"><img fetchpriority=\"high\" decoding=\"async\" class=\"preload-me lazy-load aspect\" src=\"data:image\/svg+xml,%3Csvg%20xmlns%3D&#39;http%3A%2F%2Fwww.w3.org%2F2000%2Fsvg&#39;%20viewBox%3D&#39;0%200%20400%20400&#39;%2F%3E\" data-src=\"https:\/\/nordvallsetikett.com\/wp-content\/uploads\/2019\/02\/Pharma_600px-400x400.jpg\" data-srcset=\"https:\/\/nordvallsetikett.com\/wp-content\/uploads\/2019\/02\/Pharma_600px-400x400.jpg 400w, https:\/\/nordvallsetikett.com\/wp-content\/uploads\/2019\/02\/Pharma_600px.jpg 600w\" loading=\"eager\" sizes=\"(max-width: 400px) 100vw, 400px\" width=\"400\" height=\"400\"  data-dt-location=\"https:\/\/nordvallsetikett.com\/de\/nyheter\/forst-i-skandinavien-med-hp-v12\/attachment\/pharma_600px\/\" style=\"--ratio: 400 \/ 400;border-radius:40px;\" alt=\"\" \/><\/div><\/div><\/div>[vc_row_inner][vc_column_inner]<div class=\"ult-spacer spacer-69e7bee4b65c9\" data-id=\"69e7bee4b65c9\" data-height=\"50\" data-height-mobile=\"50\" data-height-tab=\"50\" data-height-tab-portrait=\"\" data-height-mobile-landscape=\"\" style=\"clear:both;display:block;\"><\/div>[\/vc_column_inner][\/vc_row_inner][vc_column_text]<\/p>\n<h3 style=\"text-align: center;\">Gerne erz\u00e4hlen wir Ihnen mehr!<\/h3>\n<p>[\/vc_column_text]<style type=\"text\/css\" data-type=\"the7_shortcodes-inline-css\">.dt-team-shortcode.team-masonry-shortcode-id-a6e34d0725fea3f1adbe0844d7fceeba .team-desc {\n  padding: 20px 20px 20px 20px;\n}\n.dt-team-shortcode.team-masonry-shortcode-id-a6e34d0725fea3f1adbe0844d7fceeba .team-author-name,\n.dt-team-shortcode.team-masonry-shortcode-id-a6e34d0725fea3f1adbe0844d7fceeba .team-author-name a {\n  margin-bottom: 0px;\n  font-weight: bold;\n}\n.dt-team-shortcode.team-masonry-shortcode-id-a6e34d0725fea3f1adbe0844d7fceeba .team-author p {\n  margin-bottom: 10px;\n  font-weight: bold;\n}\n.dt-team-shortcode.team-masonry-shortcode-id-a6e34d0725fea3f1adbe0844d7fceeba  .team-media {\n  padding: 20px 20px 20px 20px;\n}\n.dt-team-shortcode.team-masonry-shortcode-id-a6e34d0725fea3f1adbe0844d7fceeba  .team-media a,\n.dt-team-shortcode.team-masonry-shortcode-id-a6e34d0725fea3f1adbe0844d7fceeba  .team-media > span,\n.dt-team-shortcode.team-masonry-shortcode-id-a6e34d0725fea3f1adbe0844d7fceeba  .team-media img {\n  max-width: 200px;\n}\n.dt-team-shortcode.team-masonry-shortcode-id-a6e34d0725fea3f1adbe0844d7fceeba .dt-css-grid .team-media img {\n  width: 200px;\n  max-width: 100%;\n}\n.dt-team-shortcode.team-masonry-shortcode-id-a6e34d0725fea3f1adbe0844d7fceeba .team-content {\n  margin-bottom: 5px;\n}\n.dt-team-shortcode.team-masonry-shortcode-id-a6e34d0725fea3f1adbe0844d7fceeba  .team-media,\n.dt-team-shortcode.team-masonry-shortcode-id-a6e34d0725fea3f1adbe0844d7fceeba  .team-media a.rollover,\n.dt-team-shortcode.team-masonry-shortcode-id-a6e34d0725fea3f1adbe0844d7fceeba  .team-media a.rollover *,\n.dt-team-shortcode.team-masonry-shortcode-id-a6e34d0725fea3f1adbe0844d7fceeba  .team-media img {\n  border-radius: 40px;\n}\n.dt-team-shortcode.team-masonry-shortcode-id-a6e34d0725fea3f1adbe0844d7fceeba .soc-ico {\n  margin-bottom: 15px;\n}\n.dt-team-shortcode.team-masonry-shortcode-id-a6e34d0725fea3f1adbe0844d7fceeba .soc-ico a {\n  min-width: 26px;\n  min-height: 26px;\n  font-size: 16px;\n  border-radius: 100px;\n}\n.dt-team-shortcode.team-masonry-shortcode-id-a6e34d0725fea3f1adbe0844d7fceeba .soc-ico a:not(:last-child) {\n  margin-right: 4px;\n}\n.dt-team-shortcode.team-masonry-shortcode-id-a6e34d0725fea3f1adbe0844d7fceeba .soc-ico a:before,\n.dt-team-shortcode.team-masonry-shortcode-id-a6e34d0725fea3f1adbe0844d7fceeba .soc-ico a:after {\n  min-width: 26px;\n  min-height: 26px;\n  padding: inherit;\n}\n.dt-icon-border-on.dt-team-shortcode.team-masonry-shortcode-id-a6e34d0725fea3f1adbe0844d7fceeba .soc-ico a:before {\n  border: 0px solid transparent;\n}\n.dt-team-shortcode.team-masonry-shortcode-id-a6e34d0725fea3f1adbe0844d7fceeba .soc-ico a:hover {\n  font-size: 16px;\n}\n#page .dt-team-shortcode.team-masonry-shortcode-id-a6e34d0725fea3f1adbe0844d7fceeba .soc-ico a:hover .soc-font-icon {\n  color: rgba(255,255,255,0.75);\n  background: none;\n}\n.dt-icon-border-hover-on.dt-team-shortcode.team-masonry-shortcode-id-a6e34d0725fea3f1adbe0844d7fceeba .soc-ico a:after {\n  border: 0px solid transparent;\n}\n#page .dt-team-shortcode.team-masonry-shortcode-id-a6e34d0725fea3f1adbe0844d7fceeba .soc-ico a:not(:hover) .soc-font-icon {\n  color: #ffffff;\n  background: none;\n}\n.dt-team-shortcode.team-masonry-shortcode-id-a6e34d0725fea3f1adbe0844d7fceeba .soc-ico a .soc-font-icon {\n  font-size: 16px;\n}\n.dt-team-shortcode.team-masonry-shortcode-id-a6e34d0725fea3f1adbe0844d7fceeba .filter-bg-decoration .filter-categories a.act {\n  color: #fff;\n}\n.dt-team-shortcode.team-masonry-shortcode-id-a6e34d0725fea3f1adbe0844d7fceeba:not(.resize-by-browser-width) .dt-css-grid {\n  grid-row-gap: 30px;\n  grid-column-gap: 30px;\n  grid-template-columns: repeat(auto-fill,minmax(,1fr));\n}\n.cssgridlegacy.no-cssgrid .dt-team-shortcode.team-masonry-shortcode-id-a6e34d0725fea3f1adbe0844d7fceeba:not(.resize-by-browser-width) .dt-css-grid,\n.no-cssgridlegacy.no-cssgrid .dt-team-shortcode.team-masonry-shortcode-id-a6e34d0725fea3f1adbe0844d7fceeba:not(.resize-by-browser-width) .dt-css-grid {\n  display: flex;\n  flex-flow: row wrap;\n  margin: -15px;\n}\n.cssgridlegacy.no-cssgrid .dt-team-shortcode.team-masonry-shortcode-id-a6e34d0725fea3f1adbe0844d7fceeba:not(.resize-by-browser-width) .dt-css-grid .wf-cell,\n.no-cssgridlegacy.no-cssgrid .dt-team-shortcode.team-masonry-shortcode-id-a6e34d0725fea3f1adbe0844d7fceeba:not(.resize-by-browser-width) .dt-css-grid .wf-cell {\n  flex: 1 0 ;\n  max-width: 100%;\n  padding: 15px;\n  box-sizing: border-box;\n}\n.dt-team-shortcode.team-masonry-shortcode-id-a6e34d0725fea3f1adbe0844d7fceeba.resize-by-browser-width .dt-css-grid {\n  grid-template-columns: repeat(1,1fr);\n  grid-template-rows: auto;\n  grid-column-gap: 30px;\n  grid-row-gap: 30px;\n}\n.cssgridlegacy.no-cssgrid .dt-team-shortcode.team-masonry-shortcode-id-a6e34d0725fea3f1adbe0844d7fceeba.resize-by-browser-width .dt-css-grid,\n.no-cssgridlegacy.no-cssgrid .dt-team-shortcode.team-masonry-shortcode-id-a6e34d0725fea3f1adbe0844d7fceeba.resize-by-browser-width .dt-css-grid {\n  margin: -15px;\n}\n.cssgridlegacy.no-cssgrid .dt-team-shortcode.team-masonry-shortcode-id-a6e34d0725fea3f1adbe0844d7fceeba.resize-by-browser-width .dt-css-grid .wf-cell,\n.no-cssgridlegacy.no-cssgrid .dt-team-shortcode.team-masonry-shortcode-id-a6e34d0725fea3f1adbe0844d7fceeba.resize-by-browser-width .dt-css-grid .wf-cell {\n  width: 100%;\n  padding: 15px;\n}\n@media screen and (max-width: 1199px) {\n  .dt-team-shortcode.team-masonry-shortcode-id-a6e34d0725fea3f1adbe0844d7fceeba.resize-by-browser-width .dt-css-grid {\n    grid-template-columns: repeat(1,1fr);\n  }\n  .cssgridlegacy.no-cssgrid .dt-team-shortcode.team-masonry-shortcode-id-a6e34d0725fea3f1adbe0844d7fceeba.resize-by-browser-width .dt-css-grid .wf-cell,\n  .no-cssgridlegacy.no-cssgrid .dt-team-shortcode.team-masonry-shortcode-id-a6e34d0725fea3f1adbe0844d7fceeba.resize-by-browser-width .dt-css-grid .wf-cell {\n    width: 100%;\n  }\n}\n@media screen and (max-width: 991px) {\n  .dt-team-shortcode.team-masonry-shortcode-id-a6e34d0725fea3f1adbe0844d7fceeba.resize-by-browser-width .dt-css-grid {\n    grid-template-columns: repeat(1,1fr);\n  }\n  .cssgridlegacy.no-cssgrid .dt-team-shortcode.team-masonry-shortcode-id-a6e34d0725fea3f1adbe0844d7fceeba.resize-by-browser-width .dt-css-grid .wf-cell,\n  .no-cssgridlegacy.no-cssgrid .dt-team-shortcode.team-masonry-shortcode-id-a6e34d0725fea3f1adbe0844d7fceeba.resize-by-browser-width .dt-css-grid .wf-cell {\n    width: 100%;\n  }\n}\n@media screen and (max-width: 767px) {\n  .dt-team-shortcode.team-masonry-shortcode-id-a6e34d0725fea3f1adbe0844d7fceeba.resize-by-browser-width .dt-css-grid {\n    grid-template-columns: repeat(1,1fr);\n  }\n  .cssgridlegacy.no-cssgrid .dt-team-shortcode.team-masonry-shortcode-id-a6e34d0725fea3f1adbe0844d7fceeba.resize-by-browser-width .dt-css-grid .wf-cell,\n  .no-cssgridlegacy.no-cssgrid .dt-team-shortcode.team-masonry-shortcode-id-a6e34d0725fea3f1adbe0844d7fceeba.resize-by-browser-width .dt-css-grid .wf-cell {\n    width: 100%;\n  }\n}<\/style><div class=\"dt-team-masonry-shortcode dt-team-shortcode team-masonry-shortcode-id-a6e34d0725fea3f1adbe0844d7fceeba loading-effect-none mode-grid jquery-filter content-align-center dt-css-grid-wrap dt-css-grid-wrap disable-bg-rollover dt-icon-bg-on dt-icon-border-on dt-icon-hover-bg-on dt-icon-border-hover-on move-icons-under-position resize-by-browser-width  \" data-padding=\"15px\" data-cur-page=\"1\" data-post-limit=\"-1\" data-pagination-mode=\"none\" data-desktop-columns-num=\"1\" data-v-tablet-columns-num=\"1\" data-h-tablet-columns-num=\"1\" data-phone-columns-num=\"1\" data-width=\"0px\" data-columns=\"0\"><div class=\"dt-css-grid\" ><div class=\"visible wf-cell\" data-post-id=\"4348\" data-date=\"2020-07-24T10:01:21+00:00\" data-name=\"Jeanette Ericsson\"><div class=\"team-container visible post post-4348 dt_team type-dt_team status-publish has-post-thumbnail hentry dt_team_category-sales-marketing-de dt_team_category-72\"><div class=\"team-media\"><span><img decoding=\"async\" class=\"preload-me iso-lazy-load aspect\" src=\"data:image\/svg+xml,%3Csvg%20xmlns%3D&#39;http%3A%2F%2Fwww.w3.org%2F2000%2Fsvg&#39;%20viewBox%3D&#39;0%200%201707%201707&#39;%2F%3E\" data-src=\"https:\/\/nordvallsetikett.com\/wp-content\/uploads\/2020\/01\/220125_0016_Nordvalls-1-scaled-1707x1707.jpg\" data-srcset=\"https:\/\/nordvallsetikett.com\/wp-content\/uploads\/2020\/01\/220125_0016_Nordvalls-1-scaled-1707x1707.jpg 1707w\" loading=\"eager\" style=\"--ratio: 1707 \/ 1707\" sizes=\"(max-width: 1707px) 100vw, 1707px\" width=\"1707\" height=\"1707\"  title=\"220125_0016_Nordvalls-1\" alt=\"Nordvalls Jeanette Ericsson\" \/><\/span><\/div><div class=\"team-desc\"><div class=\"team-author\"><div class=\"team-author-name\">Jeanette Ericsson<\/div><p>Key Account Manager Pharma<\/p><\/div><div class=\"team-content\">\n<p><a href=\"mailto:jeanette.ericsson@nordvalls.se\">Jeanette.ericsson@nordvalls.se<\/a><br><a href=\"tel:0046101691714\">010 169 17 14<\/a><\/p>\n<\/div><\/div><\/div><\/div><\/div><!-- iso-container|iso-grid --><\/div><div class=\"ult-spacer spacer-69e7bee4b918c\" data-id=\"69e7bee4b918c\" data-height=\"50\" data-height-mobile=\"50\" data-height-tab=\"50\" data-height-tab-portrait=\"\" data-height-mobile-landscape=\"\" style=\"clear:both;display:block;\"><\/div>[\/vc_column][\/vc_row][vc_row][vc_column]<div class=\"hr-thin style-line\" style=\"width: 100%;border-top-width: 1px;\"><\/div>[\/vc_column][\/vc_row][vc_row][vc_column][vc_row_inner css=&#8220;.vc_custom_1574108696418{padding-top: 60px !important;padding-bottom: 60px !important;}&#8220;][vc_column_inner]<div id=\"ultimate-heading-726669e7bee4b922f\" class=\"uvc-heading ult-adjust-bottom-margin ultimate-heading-726669e7bee4b922f uvc-3642  uvc-heading-default-font-sizes\" data-hspacer=\"no_spacer\"  data-halign=\"center\" style=\"text-align:center\"><div class=\"uvc-heading-spacer no_spacer\" style=\"top\"><\/div><div class=\"uvc-main-heading ult-responsive\"  data-ultimate-target='.uvc-heading.ultimate-heading-726669e7bee4b922f h2'  data-responsive-json-new='{\"font-size\":\"\",\"line-height\":\"\"}' ><h2 style=\"--font-weight:theme;\">Was sagen unsere Kunden \u00fcber Nordvalls?<\/h2><\/div><\/div><div class=\"ult-spacer spacer-69e7bee4b92a8\" data-id=\"69e7bee4b92a8\" data-height=\"40\" data-height-mobile=\"40\" data-height-tab=\"40\" data-height-tab-portrait=\"\" data-height-mobile-landscape=\"\" style=\"clear:both;display:block;\"><\/div><style type=\"text\/css\" data-type=\"the7_shortcodes-inline-css\">.carousel-shortcode.carousel-shortcode-id-6c3a0d7e55755b30ff29a2953d5cd443.owl-carousel .owl-nav div {\n  width: 36px;\n  height: 36px;\n  border-radius: 500px;\n}\n.dt-arrow-border-on.carousel-shortcode.carousel-shortcode-id-6c3a0d7e55755b30ff29a2953d5cd443.owl-carousel .owl-nav div:not(:hover):before {\n  border-width: 0px;\n}\n.dt-arrow-hover-border-on.carousel-shortcode.carousel-shortcode-id-6c3a0d7e55755b30ff29a2953d5cd443.owl-carousel .owl-nav div:hover:after {\n  border-width: 0px;\n}\n.carousel-shortcode.carousel-shortcode-id-6c3a0d7e55755b30ff29a2953d5cd443.owl-carousel .owl-nav div.owl-prev {\n  top: 50%;\n  transform: translateY(calc(-50% + 0px));\n  left: -43px;\n}\n@media all and (-ms-high-contrast: none) {\n  .carousel-shortcode.carousel-shortcode-id-6c3a0d7e55755b30ff29a2953d5cd443.owl-carousel .owl-nav div.owl-prev {\n    transform: translateY(-50%);\n    margin-top: 0px;\n  }\n}\n.carousel-shortcode.carousel-shortcode-id-6c3a0d7e55755b30ff29a2953d5cd443.owl-carousel .owl-nav div.owl-prev i {\n  padding: 0px 0px 0px 0px;\n}\n.carousel-shortcode.carousel-shortcode-id-6c3a0d7e55755b30ff29a2953d5cd443.owl-carousel .owl-nav div.owl-next {\n  top: 50%;\n  transform: translateY(calc(-50% + 0px));\n  right: -43px;\n}\n@media all and (-ms-high-contrast: none) {\n  .carousel-shortcode.carousel-shortcode-id-6c3a0d7e55755b30ff29a2953d5cd443.owl-carousel .owl-nav div.owl-next {\n    transform: translateY(-50%);\n    margin-top: 0px;\n  }\n}\n.carousel-shortcode.carousel-shortcode-id-6c3a0d7e55755b30ff29a2953d5cd443.owl-carousel .owl-nav div.owl-next i {\n  padding: 0px 0px 0px 0px;\n}\n.carousel-shortcode.carousel-shortcode-id-6c3a0d7e55755b30ff29a2953d5cd443.owl-carousel .owl-nav i {\n  font-size: 18px;\n}\n.carousel-shortcode.carousel-shortcode-id-6c3a0d7e55755b30ff29a2953d5cd443.owl-carousel .owl-nav div:not(:hover) i,\n.carousel-shortcode.carousel-shortcode-id-6c3a0d7e55755b30ff29a2953d5cd443.owl-carousel .owl-nav div:not(:hover) i:before {\n  color: #ffffff;\n  background: none;\n}\n.carousel-shortcode.carousel-shortcode-id-6c3a0d7e55755b30ff29a2953d5cd443.owl-carousel .owl-nav div:hover i,\n.carousel-shortcode.carousel-shortcode-id-6c3a0d7e55755b30ff29a2953d5cd443.owl-carousel .owl-nav div:hover i:before {\n  color: rgba(255,255,255,0.75);\n  background: none;\n}\n.carousel-shortcode.carousel-shortcode-id-6c3a0d7e55755b30ff29a2953d5cd443 .owl-dots {\n  top: calc(100% + 20px);\n  left: 50%;\n  transform: translateX(calc(-50% + 0px));\n}\n@media all and (-ms-high-contrast: none) {\n  .carousel-shortcode.carousel-shortcode-id-6c3a0d7e55755b30ff29a2953d5cd443 .owl-dots {\n    transform: translateX(-50%);\n    margin-left: 0px;\n  }\n}\n.carousel-shortcode.carousel-shortcode-id-6c3a0d7e55755b30ff29a2953d5cd443 .owl-dot {\n  width: 10px;\n  height: 10px;\n  margin: 0 8px;\n}\n@media screen and (max-width: 778px) {\n  .carousel-shortcode.carousel-shortcode-id-6c3a0d7e55755b30ff29a2953d5cd443.hide-arrows .owl-nav a {\n    display: none;\n  }\n}\n@media screen and (max-width: 778px) {\n  .carousel-shortcode.carousel-shortcode-id-6c3a0d7e55755b30ff29a2953d5cd443.reposition-arrows .owl-nav .owl-prev {\n    top: 50%;\n    transform: translateY(calc(-50% + 0px));\n    left: 10px;\n  }\n  .carousel-shortcode.carousel-shortcode-id-6c3a0d7e55755b30ff29a2953d5cd443.reposition-arrows .owl-nav .owl-next {\n    top: 50%;\n    transform: translateY(calc(-50% + 0px));\n    right: 10px;\n  }\n}\n@media screen and (max-width: 778px) and all and (-ms-high-contrast: none) {\n  .carousel-shortcode.carousel-shortcode-id-6c3a0d7e55755b30ff29a2953d5cd443.reposition-arrows .owl-nav .owl-prev {\n    transform: translateY(-50%);\n    margin-top: 0px;\n  }\n}\n@media screen and (max-width: 778px) and all and (-ms-high-contrast: none) {\n  .carousel-shortcode.carousel-shortcode-id-6c3a0d7e55755b30ff29a2953d5cd443.reposition-arrows .owl-nav .owl-next {\n    transform: translateY(-50%);\n    margin-top: 0px;\n  }\n}<\/style><div class=\"owl-carousel carousel-shortcode dt-owl-carousel-call carousel-shortcode-id-6c3a0d7e55755b30ff29a2953d5cd443 bullets-small-dot-stroke hide-arrows arrows-bg-on dt-arrow-border-on dt-arrow-hover-border-on disable-arrows-hover-bg arrows-hover-bg-on  \" data-scroll-mode=\"1\" data-col-num=\"2\" data-wide-col-num=\"2\" data-laptop-col=\"2\" data-h-tablet-columns-num=\"2\" data-v-tablet-columns-num=\"1\" data-phone-columns-num=\"1\" data-auto-height=\"false\" data-col-gap=\"60\" data-stage-padding=\"30\" data-speed=\"600\" data-autoplay=\"true\" data-autoplay_speed=\"6000\" data-arrows=\"true\" data-bullet=\"false\" data-next-icon=\"icon-ar-017-r\" data-prev-icon=\"icon-ar-017-l\">[vc_column_text css=&#8220;.vc_custom_1579891518147{margin-bottom: 60px !important;border-left-width: 5px !important;padding-left: 20px !important;border-left-color: #007cbf !important;border-left-style: solid !important;}&#8220;]<\/p>\n<h5>Nordvalls ist ein sehr innovativer und aufmerksamer Anbieter. Wir bekommen von Ihnen ein sehr gutes Input, was einen reibungslosen Prozess mit sich bringt. Sie sind f\u00fcr uns da und kommen zu uns, wenn wir Sie gebrauchen. F\u00fcr uns ist ein guter Kontakt sehr wichtig, und wir empfinden, dass wir den mit Nordvalls haben.<\/h5>\n<p class=\"author\">Einkaufsleiter f\u00fcr Verpackungen und Drucksachen bei P\u00e5gen<\/p>\n<p>[\/vc_column_text][vc_column_text css=&#8220;.vc_custom_1579891540112{margin-bottom: 60px !important;border-left-width: 5px !important;padding-left: 20px !important;border-left-color: #007cbf !important;border-left-style: solid !important;}&#8220;]<\/p>\n<h5>Als Produktionsleiter habe ich bislang nicht sehr viel mit Etiketten gearbeitet, und deshalb war f\u00fcr mich die gute Unterst\u00fctzung von Nordvalls sehr wertvoll. Die Etiketten sind auch richtig sch\u00f6n geworden!<\/h5>\n<p class=\"author\">Produktionsleiter in der Gullers Gruppe<\/p>\n<p>[\/vc_column_text]<\/div>[\/vc_column_inner][\/vc_row_inner][\/vc_column][\/vc_row][vc_row full_width=&#8220;stretch_row_content_no_spaces&#8220;][vc_column]<div class=\"ult-spacer spacer-69e7bee4b93a6\" data-id=\"69e7bee4b93a6\" data-height=\"10\" data-height-mobile=\"10\" data-height-tab=\"10\" data-height-tab-portrait=\"10\" data-height-mobile-landscape=\"10\" style=\"clear:both;display:block;\"><\/div>[vc_separator color=&#8220;black&#8220; css=&#8220;&#8220;][vc_row_inner equal_height=&#8220;yes&#8220; content_placement=&#8220;middle&#8220;][vc_column_inner width=&#8220;1\/6&#8243;][\/vc_column_inner][vc_column_inner width=&#8220;1\/6&#8243;][vc_single_image image=&#8220;10646&#8243; img_size=&#8220;80&#215;80&#8243; css=&#8220;&#8220; image_hovers=&#8220;false&#8220;][\/vc_column_inner][vc_column_inner width=&#8220;1\/6&#8243;][\/vc_column_inner][vc_column_inner width=&#8220;1\/6&#8243;][\/vc_column_inner][vc_column_inner width=&#8220;1\/6&#8243;][vc_single_image image=&#8220;10651&#8243; img_size=&#8220;medium&#8220; alignment=&#8220;right&#8220; css=&#8220;&#8220; image_hovers=&#8220;false&#8220;][\/vc_column_inner][vc_column_inner width=&#8220;1\/6&#8243;][\/vc_column_inner][\/vc_row_inner][\/vc_column][\/vc_row]<\/p>\n<\/div>","protected":false},"excerpt":{"rendered":"<p>[vc_row][vc_column width=&#8220;1\/2&#8243;][vc_column_text] Wir liefern Etiketten an die Pharmaindustrie Nordvalls beliefert seit vielen Jahren Kunden in der Pharmaindustrie. Das bedeutet, dass wir uns \u00fcber die Vorschriften in Bezug auf Hygiene, Qualit\u00e4t und Sicherheit bewusst sind. Unsere Produktion von pharmazeutischen Etiketten wird vom Rest unserer Etikettenproduktion getrennt gehalten, um ein hohes Ma\u00df an Hygiene im Herstellungsprozess zu&hellip;<\/p>\n","protected":false},"author":1,"featured_media":0,"parent":3947,"menu_order":0,"comment_status":"closed","ping_status":"closed","template":"","meta":{"footnotes":""},"class_list":["post-3950","page","type-page","status-publish","hentry","description-off"],"_links":{"self":[{"href":"https:\/\/nordvallsetikett.com\/de\/wp-json\/wp\/v2\/pages\/3950","targetHints":{"allow":["GET"]}}],"collection":[{"href":"https:\/\/nordvallsetikett.com\/de\/wp-json\/wp\/v2\/pages"}],"about":[{"href":"https:\/\/nordvallsetikett.com\/de\/wp-json\/wp\/v2\/types\/page"}],"author":[{"embeddable":true,"href":"https:\/\/nordvallsetikett.com\/de\/wp-json\/wp\/v2\/users\/1"}],"replies":[{"embeddable":true,"href":"https:\/\/nordvallsetikett.com\/de\/wp-json\/wp\/v2\/comments?post=3950"}],"version-history":[{"count":7,"href":"https:\/\/nordvallsetikett.com\/de\/wp-json\/wp\/v2\/pages\/3950\/revisions"}],"predecessor-version":[{"id":10825,"href":"https:\/\/nordvallsetikett.com\/de\/wp-json\/wp\/v2\/pages\/3950\/revisions\/10825"}],"up":[{"embeddable":true,"href":"https:\/\/nordvallsetikett.com\/de\/wp-json\/wp\/v2\/pages\/3947"}],"wp:attachment":[{"href":"https:\/\/nordvallsetikett.com\/de\/wp-json\/wp\/v2\/media?parent=3950"}],"curies":[{"name":"wp","href":"https:\/\/api.w.org\/{rel}","templated":true}]}}