{"id":3958,"date":"2020-04-22T08:52:40","date_gmt":"2020-04-22T08:52:40","guid":{"rendered":"http:\/\/nordvalls.se\/etiketter\/sicherheitsetiketten\/"},"modified":"2025-10-27T15:10:45","modified_gmt":"2025-10-27T15:10:45","slug":"sicherheitsetiketten","status":"publish","type":"page","link":"https:\/\/nordvallsetikett.com\/de\/etiketten\/sicherheitsetiketten\/","title":{"rendered":"Sicherheitsetiketten"},"content":{"rendered":"<div class=\"wpb-content-wrapper\"><p>[vc_row][vc_column width=&#8220;1\/2&#8243;][vc_column_text]<\/p>\n<h2>Sicherheitsetiketten f\u00fcr den sicheren Umgang mit Produkten<\/h2>\n<p>Wenn Sie mit Produkten f\u00fcr die Pharmaindustrie arbeiten, wissen Sie wahrscheinlich, dass die Branche von vielen Regeln und Vorschriften \u00fcber sichere und zuverl\u00e4ssige Handhabung beeinflusst wird. Mit wenigen Ausnahmen m\u00fcssen alle Verpackungen f\u00fcr verschreibungspflichtige Medikamente mit einem Sicherheitssiegel versiegelt werden.<\/p>\n<p>Mit Sicherheitsetiketten von Nordvalls k\u00f6nnen Sie sich sicher sein, ob ein Produkt ge\u00f6ffnet wurde.<\/p>\n<h3>Sichere Etiketten von Nordvalls<\/h3>\n<p>Nordvalls liefert seit vielen Jahren Sicherheitsetiketten an die Pharmaindustrie. Unsere Etiketten im sogenannten VOID-Material sind ein Beispiel f\u00fcr eine gute und sichere L\u00f6sung, um sicherzustellen, dass ein Produkt unge\u00f6ffnet und nicht manipuliert ist. Wenn jemand versucht, ein VOID-Etikett zu entfernen, verbleibt ein Schachbrettmuster oder ein Aufdruck mit dem Text VOID auf der Verpackung. Das Etikettenmaterial hat einen Klebstoff auf Acrylbasis und ist sowohl mit als auch ohne Lumineszenzlack erh\u00e4ltlich.<\/p>\n<p>Au\u00dfer VOID-Material bieten wir L\u00f6sungen an, die auf Ihr spezielles Produkt zugeschnitten sind. Faserrissetiketten sind ein Beispiel f\u00fcr eine derartige L\u00f6sung. Faserriss bedeutet, dass die Oberfl\u00e4che des Kartons, an dem das Etikett befestigt ist, zerrissen wird und mit dem Etikett verschwindet, wenn es entfernt wird.[\/vc_column_text][\/vc_column][vc_column width=&#8220;1\/2&#8243;]<style type=\"text\/css\" data-type=\"the7_shortcodes-inline-css\">.shortcode-single-image-wrap.shortcode-single-image-0b8283585a9c44044b863a217a0b7754.enable-bg-rollover .rollover i,\n.shortcode-single-image-wrap.shortcode-single-image-0b8283585a9c44044b863a217a0b7754.enable-bg-rollover .rollover-video i {\n  background: -webkit-linear-gradient();\n  background: linear-gradient();\n}\n.shortcode-single-image-wrap.shortcode-single-image-0b8283585a9c44044b863a217a0b7754 .rollover-icon {\n  font-size: 32px;\n  color: #ffffff;\n  min-width: 44px;\n  min-height: 44px;\n  line-height: 44px;\n  border-radius: 100px;\n  border-style: solid;\n  border-width: 0px;\n}\n.dt-icon-bg-on.shortcode-single-image-wrap.shortcode-single-image-0b8283585a9c44044b863a217a0b7754 .rollover-icon {\n  background: rgba(255,255,255,0.3);\n  box-shadow: none;\n}<\/style><div class=\"shortcode-single-image-wrap shortcode-single-image-0b8283585a9c44044b863a217a0b7754 alignnone  vc_custom_1586851683033 enable-bg-rollover dt-icon-bg-off\" ><div class=\"shortcode-single-image\"><div class=\"fancy-media-wrap  layzr-bg\" style=\"border-radius:40px;\"><img fetchpriority=\"high\" decoding=\"async\" class=\"preload-me lazy-load aspect\" src=\"data:image\/svg+xml,%3Csvg%20xmlns%3D&#39;http%3A%2F%2Fwww.w3.org%2F2000%2Fsvg&#39;%20viewBox%3D&#39;0%200%20500%20333&#39;%2F%3E\" data-src=\"https:\/\/nordvallsetikett.com\/wp-content\/uploads\/2020\/04\/Nordvalls-la\u0308kemedelsetikett-scaled-500x333.jpg\" data-srcset=\"https:\/\/nordvallsetikett.com\/wp-content\/uploads\/2020\/04\/Nordvalls-la\u0308kemedelsetikett-scaled-500x333.jpg 500w, https:\/\/nordvallsetikett.com\/wp-content\/uploads\/2020\/04\/Nordvalls-la\u0308kemedelsetikett-scaled-1000x666.jpg 1000w\" loading=\"eager\" sizes=\"(max-width: 500px) 100vw, 500px\" width=\"500\" height=\"333\"  data-dt-location=\"https:\/\/nordvallsetikett.com\/de\/etiketter\/sakerhetsetiketter\/attachment\/nordvalls-la%cc%88kemedelsetikett\/\" style=\"--ratio: 500 \/ 333;border-radius:40px;\" alt=\"Nordvalls-la\u0308kemedelsetikett\" \/><\/div><\/div><\/div><div class=\"ult-spacer spacer-69e7bec3b28e7\" data-id=\"69e7bec3b28e7\" data-height=\"50\" data-height-mobile=\"50\" data-height-tab=\"50\" data-height-tab-portrait=\"\" data-height-mobile-landscape=\"\" style=\"clear:both;display:block;\"><\/div>[vc_column_text]<\/p>\n<h3 style=\"text-align: center;\">Gerne erz\u00e4hlen wir Ihnen mehr!<\/h3>\n<p>[\/vc_column_text]<style type=\"text\/css\" data-type=\"the7_shortcodes-inline-css\">.dt-team-shortcode.team-masonry-shortcode-id-a6e34d0725fea3f1adbe0844d7fceeba .team-desc {\n  padding: 20px 20px 20px 20px;\n}\n.dt-team-shortcode.team-masonry-shortcode-id-a6e34d0725fea3f1adbe0844d7fceeba .team-author-name,\n.dt-team-shortcode.team-masonry-shortcode-id-a6e34d0725fea3f1adbe0844d7fceeba .team-author-name a {\n  margin-bottom: 0px;\n  font-weight: bold;\n}\n.dt-team-shortcode.team-masonry-shortcode-id-a6e34d0725fea3f1adbe0844d7fceeba .team-author p {\n  margin-bottom: 10px;\n  font-weight: bold;\n}\n.dt-team-shortcode.team-masonry-shortcode-id-a6e34d0725fea3f1adbe0844d7fceeba  .team-media {\n  padding: 20px 20px 20px 20px;\n}\n.dt-team-shortcode.team-masonry-shortcode-id-a6e34d0725fea3f1adbe0844d7fceeba  .team-media a,\n.dt-team-shortcode.team-masonry-shortcode-id-a6e34d0725fea3f1adbe0844d7fceeba  .team-media > span,\n.dt-team-shortcode.team-masonry-shortcode-id-a6e34d0725fea3f1adbe0844d7fceeba  .team-media img {\n  max-width: 200px;\n}\n.dt-team-shortcode.team-masonry-shortcode-id-a6e34d0725fea3f1adbe0844d7fceeba .dt-css-grid .team-media img {\n  width: 200px;\n  max-width: 100%;\n}\n.dt-team-shortcode.team-masonry-shortcode-id-a6e34d0725fea3f1adbe0844d7fceeba .team-content {\n  margin-bottom: 5px;\n}\n.dt-team-shortcode.team-masonry-shortcode-id-a6e34d0725fea3f1adbe0844d7fceeba  .team-media,\n.dt-team-shortcode.team-masonry-shortcode-id-a6e34d0725fea3f1adbe0844d7fceeba  .team-media a.rollover,\n.dt-team-shortcode.team-masonry-shortcode-id-a6e34d0725fea3f1adbe0844d7fceeba  .team-media a.rollover *,\n.dt-team-shortcode.team-masonry-shortcode-id-a6e34d0725fea3f1adbe0844d7fceeba  .team-media img {\n  border-radius: 40px;\n}\n.dt-team-shortcode.team-masonry-shortcode-id-a6e34d0725fea3f1adbe0844d7fceeba .soc-ico {\n  margin-bottom: 15px;\n}\n.dt-team-shortcode.team-masonry-shortcode-id-a6e34d0725fea3f1adbe0844d7fceeba .soc-ico a {\n  min-width: 26px;\n  min-height: 26px;\n  font-size: 16px;\n  border-radius: 100px;\n}\n.dt-team-shortcode.team-masonry-shortcode-id-a6e34d0725fea3f1adbe0844d7fceeba .soc-ico a:not(:last-child) {\n  margin-right: 4px;\n}\n.dt-team-shortcode.team-masonry-shortcode-id-a6e34d0725fea3f1adbe0844d7fceeba .soc-ico a:before,\n.dt-team-shortcode.team-masonry-shortcode-id-a6e34d0725fea3f1adbe0844d7fceeba .soc-ico a:after {\n  min-width: 26px;\n  min-height: 26px;\n  padding: inherit;\n}\n.dt-icon-border-on.dt-team-shortcode.team-masonry-shortcode-id-a6e34d0725fea3f1adbe0844d7fceeba .soc-ico a:before {\n  border: 0px solid transparent;\n}\n.dt-team-shortcode.team-masonry-shortcode-id-a6e34d0725fea3f1adbe0844d7fceeba .soc-ico a:hover {\n  font-size: 16px;\n}\n#page .dt-team-shortcode.team-masonry-shortcode-id-a6e34d0725fea3f1adbe0844d7fceeba .soc-ico a:hover .soc-font-icon {\n  color: rgba(255,255,255,0.75);\n  background: none;\n}\n.dt-icon-border-hover-on.dt-team-shortcode.team-masonry-shortcode-id-a6e34d0725fea3f1adbe0844d7fceeba .soc-ico a:after {\n  border: 0px solid transparent;\n}\n#page .dt-team-shortcode.team-masonry-shortcode-id-a6e34d0725fea3f1adbe0844d7fceeba .soc-ico a:not(:hover) .soc-font-icon {\n  color: #ffffff;\n  background: none;\n}\n.dt-team-shortcode.team-masonry-shortcode-id-a6e34d0725fea3f1adbe0844d7fceeba .soc-ico a .soc-font-icon {\n  font-size: 16px;\n}\n.dt-team-shortcode.team-masonry-shortcode-id-a6e34d0725fea3f1adbe0844d7fceeba .filter-bg-decoration .filter-categories a.act {\n  color: #fff;\n}\n.dt-team-shortcode.team-masonry-shortcode-id-a6e34d0725fea3f1adbe0844d7fceeba:not(.resize-by-browser-width) .dt-css-grid {\n  grid-row-gap: 30px;\n  grid-column-gap: 30px;\n  grid-template-columns: repeat(auto-fill,minmax(,1fr));\n}\n.cssgridlegacy.no-cssgrid .dt-team-shortcode.team-masonry-shortcode-id-a6e34d0725fea3f1adbe0844d7fceeba:not(.resize-by-browser-width) .dt-css-grid,\n.no-cssgridlegacy.no-cssgrid .dt-team-shortcode.team-masonry-shortcode-id-a6e34d0725fea3f1adbe0844d7fceeba:not(.resize-by-browser-width) .dt-css-grid {\n  display: flex;\n  flex-flow: row wrap;\n  margin: -15px;\n}\n.cssgridlegacy.no-cssgrid .dt-team-shortcode.team-masonry-shortcode-id-a6e34d0725fea3f1adbe0844d7fceeba:not(.resize-by-browser-width) .dt-css-grid .wf-cell,\n.no-cssgridlegacy.no-cssgrid .dt-team-shortcode.team-masonry-shortcode-id-a6e34d0725fea3f1adbe0844d7fceeba:not(.resize-by-browser-width) .dt-css-grid .wf-cell {\n  flex: 1 0 ;\n  max-width: 100%;\n  padding: 15px;\n  box-sizing: border-box;\n}\n.dt-team-shortcode.team-masonry-shortcode-id-a6e34d0725fea3f1adbe0844d7fceeba.resize-by-browser-width .dt-css-grid {\n  grid-template-columns: repeat(1,1fr);\n  grid-template-rows: auto;\n  grid-column-gap: 30px;\n  grid-row-gap: 30px;\n}\n.cssgridlegacy.no-cssgrid .dt-team-shortcode.team-masonry-shortcode-id-a6e34d0725fea3f1adbe0844d7fceeba.resize-by-browser-width .dt-css-grid,\n.no-cssgridlegacy.no-cssgrid .dt-team-shortcode.team-masonry-shortcode-id-a6e34d0725fea3f1adbe0844d7fceeba.resize-by-browser-width .dt-css-grid {\n  margin: -15px;\n}\n.cssgridlegacy.no-cssgrid .dt-team-shortcode.team-masonry-shortcode-id-a6e34d0725fea3f1adbe0844d7fceeba.resize-by-browser-width .dt-css-grid .wf-cell,\n.no-cssgridlegacy.no-cssgrid .dt-team-shortcode.team-masonry-shortcode-id-a6e34d0725fea3f1adbe0844d7fceeba.resize-by-browser-width .dt-css-grid .wf-cell {\n  width: 100%;\n  padding: 15px;\n}\n@media screen and (max-width: 1199px) {\n  .dt-team-shortcode.team-masonry-shortcode-id-a6e34d0725fea3f1adbe0844d7fceeba.resize-by-browser-width .dt-css-grid {\n    grid-template-columns: repeat(1,1fr);\n  }\n  .cssgridlegacy.no-cssgrid .dt-team-shortcode.team-masonry-shortcode-id-a6e34d0725fea3f1adbe0844d7fceeba.resize-by-browser-width .dt-css-grid .wf-cell,\n  .no-cssgridlegacy.no-cssgrid .dt-team-shortcode.team-masonry-shortcode-id-a6e34d0725fea3f1adbe0844d7fceeba.resize-by-browser-width .dt-css-grid .wf-cell {\n    width: 100%;\n  }\n}\n@media screen and (max-width: 991px) {\n  .dt-team-shortcode.team-masonry-shortcode-id-a6e34d0725fea3f1adbe0844d7fceeba.resize-by-browser-width .dt-css-grid {\n    grid-template-columns: repeat(1,1fr);\n  }\n  .cssgridlegacy.no-cssgrid .dt-team-shortcode.team-masonry-shortcode-id-a6e34d0725fea3f1adbe0844d7fceeba.resize-by-browser-width .dt-css-grid .wf-cell,\n  .no-cssgridlegacy.no-cssgrid .dt-team-shortcode.team-masonry-shortcode-id-a6e34d0725fea3f1adbe0844d7fceeba.resize-by-browser-width .dt-css-grid .wf-cell {\n    width: 100%;\n  }\n}\n@media screen and (max-width: 767px) {\n  .dt-team-shortcode.team-masonry-shortcode-id-a6e34d0725fea3f1adbe0844d7fceeba.resize-by-browser-width .dt-css-grid {\n    grid-template-columns: repeat(1,1fr);\n  }\n  .cssgridlegacy.no-cssgrid .dt-team-shortcode.team-masonry-shortcode-id-a6e34d0725fea3f1adbe0844d7fceeba.resize-by-browser-width .dt-css-grid .wf-cell,\n  .no-cssgridlegacy.no-cssgrid .dt-team-shortcode.team-masonry-shortcode-id-a6e34d0725fea3f1adbe0844d7fceeba.resize-by-browser-width .dt-css-grid .wf-cell {\n    width: 100%;\n  }\n}<\/style><div class=\"dt-team-masonry-shortcode dt-team-shortcode team-masonry-shortcode-id-a6e34d0725fea3f1adbe0844d7fceeba loading-effect-none mode-grid jquery-filter content-align-center dt-css-grid-wrap dt-css-grid-wrap disable-bg-rollover dt-icon-bg-on dt-icon-border-on dt-icon-hover-bg-on dt-icon-border-hover-on move-icons-under-position resize-by-browser-width  \" data-padding=\"15px\" data-cur-page=\"1\" data-post-limit=\"-1\" data-pagination-mode=\"none\" data-desktop-columns-num=\"1\" data-v-tablet-columns-num=\"1\" data-h-tablet-columns-num=\"1\" data-phone-columns-num=\"1\" data-width=\"0px\" data-columns=\"0\"><div class=\"dt-css-grid\" ><div class=\"visible wf-cell\" data-post-id=\"4348\" data-date=\"2020-07-24T10:01:21+00:00\" data-name=\"Jeanette Ericsson\"><div class=\"team-container visible post post-4348 dt_team type-dt_team status-publish has-post-thumbnail hentry dt_team_category-sales-marketing-de dt_team_category-72\"><div class=\"team-media\"><span><img decoding=\"async\" class=\"preload-me iso-lazy-load aspect\" src=\"data:image\/svg+xml,%3Csvg%20xmlns%3D&#39;http%3A%2F%2Fwww.w3.org%2F2000%2Fsvg&#39;%20viewBox%3D&#39;0%200%201707%201707&#39;%2F%3E\" data-src=\"https:\/\/nordvallsetikett.com\/wp-content\/uploads\/2020\/01\/220125_0016_Nordvalls-1-scaled-1707x1707.jpg\" data-srcset=\"https:\/\/nordvallsetikett.com\/wp-content\/uploads\/2020\/01\/220125_0016_Nordvalls-1-scaled-1707x1707.jpg 1707w\" loading=\"eager\" style=\"--ratio: 1707 \/ 1707\" sizes=\"(max-width: 1707px) 100vw, 1707px\" width=\"1707\" height=\"1707\"  title=\"220125_0016_Nordvalls-1\" alt=\"Nordvalls Jeanette Ericsson\" \/><\/span><\/div><div class=\"team-desc\"><div class=\"team-author\"><div class=\"team-author-name\">Jeanette Ericsson<\/div><p>Key Account Manager Pharma<\/p><\/div><div class=\"team-content\">\n<p><a href=\"mailto:jeanette.ericsson@nordvalls.se\">Jeanette.ericsson@nordvalls.se<\/a><br><a href=\"tel:0046101691714\">010 169 17 14<\/a><\/p>\n<\/div><\/div><\/div><\/div><\/div><!-- iso-container|iso-grid --><\/div><div class=\"ult-spacer spacer-69e7bec3b5189\" data-id=\"69e7bec3b5189\" data-height=\"50\" data-height-mobile=\"50\" data-height-tab=\"50\" data-height-tab-portrait=\"\" data-height-mobile-landscape=\"\" style=\"clear:both;display:block;\"><\/div>[\/vc_column][\/vc_row][vc_row bg_type=&#8220;image&#8220; parallax_style=&#8220;vcpb-vz-jquery&#8220; bg_image_new=&#8220;id^2887|url^http:\/\/nordvalls.se\/wp-content\/uploads\/2019\/12\/191121_nordvalls2839.jpg|caption^Vid fr\u00e5gor om bilden, mejla: erika.weiland@apeloga.se|alt^null|title^Vid fr\u00e5gor om bilden, mejla: erika.weiland@apeloga.se|description^null&#8220; bg_image_repeat=&#8220;no-repeat&#8220; bg_override=&#8220;full&#8220; disable_on_mobile_img_parallax=&#8220;disable_on_mobile_img_parallax_value&#8220; fadeout_row=&#8220;fadeout_row_value&#8220; fadeout_start_effect=&#8220;30&#8243; enable_overlay=&#8220;enable_overlay_value&#8220; overlay_color=&#8220;rgba(38,45,55,0.5)&#8220;][vc_column css=&#8220;.vc_custom_1560418610056{padding-top: 150px !important;padding-bottom: 150px !important;}&#8220; offset=&#8220;vc_col-lg-offset-2 vc_col-lg-8&#8243;]<div id=\"ultimate-heading-95369e7bec3b521b\" class=\"uvc-heading ult-adjust-bottom-margin ultimate-heading-95369e7bec3b521b uvc-7353 \" data-hspacer=\"no_spacer\"  data-halign=\"center\" style=\"text-align:center\"><div class=\"uvc-heading-spacer no_spacer\" style=\"top\"><\/div><div class=\"uvc-main-heading ult-responsive\"  data-ultimate-target='.uvc-heading.ultimate-heading-95369e7bec3b521b h3'  data-responsive-json-new='{\"font-size\":\"desktop:25px;\",\"line-height\":\"\"}' ><h3 style=\"font-weight:bold;color:#ffffff;margin-bottom:15px;\">Finden Sie nicht, was Sie suchen?<\/h3><\/div><div class=\"uvc-sub-heading ult-responsive\"  data-ultimate-target='.uvc-heading.ultimate-heading-95369e7bec3b521b .uvc-sub-heading '  data-responsive-json-new='{\"font-size\":\"desktop:20px;\",\"line-height\":\"desktop:34px;\"}'  style=\"font-weight:bold;color:#ffffff;margin-bottom:20px;\"><span style=\"font-weight: 400;\">Dann kontaktieren Sie bitte unseren Kundensupport. Dort hilft man Ihnen gern, das richtige Etikett zu finden. <\/span><\/div><\/div><style type=\"text\/css\" data-type=\"the7_shortcodes-inline-css\">#default-btn-44c2a8ec414e41fcb0791534a8812954.ico-right-side > i {\n  margin-right: 0px;\n  margin-left: 8px;\n}\n#default-btn-44c2a8ec414e41fcb0791534a8812954 > i {\n  margin-right: 8px;\n}<\/style><div class=\"btn-align-center\"><a href=\"https:\/\/nordvallsetikett.com\/de\/kontakt\/\" class=\"default-btn-shortcode dt-btn dt-btn-l link-hover-off \" id=\"default-btn-44c2a8ec414e41fcb0791534a8812954\" style=\"width:400px;\" title=\"Kontakt\"><span>Kontaktieren Sie uns f\u00fcr weitere Informationen<\/span><\/a><\/div>[\/vc_column][\/vc_row][vc_row full_width=&#8220;stretch_row_content_no_spaces&#8220;][vc_column]<div class=\"ult-spacer spacer-69e7bec3b5388\" data-id=\"69e7bec3b5388\" data-height=\"10\" data-height-mobile=\"10\" data-height-tab=\"10\" data-height-tab-portrait=\"10\" data-height-mobile-landscape=\"10\" style=\"clear:both;display:block;\"><\/div>[vc_separator color=&#8220;black&#8220; css=&#8220;&#8220;][vc_row_inner equal_height=&#8220;yes&#8220; content_placement=&#8220;middle&#8220;][vc_column_inner width=&#8220;1\/6&#8243;][\/vc_column_inner][vc_column_inner width=&#8220;1\/6&#8243;][vc_single_image image=&#8220;10646&#8243; img_size=&#8220;80&#215;80&#8243; css=&#8220;&#8220; image_hovers=&#8220;false&#8220;][\/vc_column_inner][vc_column_inner width=&#8220;1\/6&#8243;][\/vc_column_inner][vc_column_inner width=&#8220;1\/6&#8243;][\/vc_column_inner][vc_column_inner width=&#8220;1\/6&#8243;][vc_single_image image=&#8220;10651&#8243; img_size=&#8220;medium&#8220; alignment=&#8220;right&#8220; css=&#8220;&#8220; image_hovers=&#8220;false&#8220;][\/vc_column_inner][vc_column_inner width=&#8220;1\/6&#8243;][\/vc_column_inner][\/vc_row_inner][\/vc_column][\/vc_row]<\/p>\n<\/div>","protected":false},"excerpt":{"rendered":"<p>[vc_row][vc_column width=&#8220;1\/2&#8243;][vc_column_text] Sicherheitsetiketten f\u00fcr den sicheren Umgang mit Produkten Wenn Sie mit Produkten f\u00fcr die Pharmaindustrie arbeiten, wissen Sie wahrscheinlich, dass die Branche von vielen Regeln und Vorschriften \u00fcber sichere und zuverl\u00e4ssige Handhabung beeinflusst wird. Mit wenigen Ausnahmen m\u00fcssen alle Verpackungen f\u00fcr verschreibungspflichtige Medikamente mit einem Sicherheitssiegel versiegelt werden. Mit Sicherheitsetiketten von Nordvalls k\u00f6nnen Sie&hellip;<\/p>\n","protected":false},"author":1,"featured_media":0,"parent":3947,"menu_order":0,"comment_status":"closed","ping_status":"closed","template":"","meta":{"footnotes":""},"class_list":["post-3958","page","type-page","status-publish","hentry","description-off"],"_links":{"self":[{"href":"https:\/\/nordvallsetikett.com\/de\/wp-json\/wp\/v2\/pages\/3958","targetHints":{"allow":["GET"]}}],"collection":[{"href":"https:\/\/nordvallsetikett.com\/de\/wp-json\/wp\/v2\/pages"}],"about":[{"href":"https:\/\/nordvallsetikett.com\/de\/wp-json\/wp\/v2\/types\/page"}],"author":[{"embeddable":true,"href":"https:\/\/nordvallsetikett.com\/de\/wp-json\/wp\/v2\/users\/1"}],"replies":[{"embeddable":true,"href":"https:\/\/nordvallsetikett.com\/de\/wp-json\/wp\/v2\/comments?post=3958"}],"version-history":[{"count":5,"href":"https:\/\/nordvallsetikett.com\/de\/wp-json\/wp\/v2\/pages\/3958\/revisions"}],"predecessor-version":[{"id":10868,"href":"https:\/\/nordvallsetikett.com\/de\/wp-json\/wp\/v2\/pages\/3958\/revisions\/10868"}],"up":[{"embeddable":true,"href":"https:\/\/nordvallsetikett.com\/de\/wp-json\/wp\/v2\/pages\/3947"}],"wp:attachment":[{"href":"https:\/\/nordvallsetikett.com\/de\/wp-json\/wp\/v2\/media?parent=3958"}],"curies":[{"name":"wp","href":"https:\/\/api.w.org\/{rel}","templated":true}]}}