{"id":3962,"date":"2020-04-22T08:58:38","date_gmt":"2020-04-22T08:58:38","guid":{"rendered":"http:\/\/nordvalls.se\/etiketter\/spritzenetiketten\/"},"modified":"2025-10-27T15:12:47","modified_gmt":"2025-10-27T15:12:47","slug":"spritzenetiketten","status":"publish","type":"page","link":"https:\/\/nordvallsetikett.com\/de\/etiketten\/spritzenetiketten\/","title":{"rendered":"Spritzenetiketten"},"content":{"rendered":"<div class=\"wpb-content-wrapper\"><p>[vc_row][vc_column][vc_row_inner][vc_column_inner width=&#8220;1\/2&#8243;][vc_column_text css=&#8220;&#8220;]Etiketten werden oft angewendet, um medizinische Ausr\u00fcstung in der Gesundheitsversorgung zu kennzeichnen. Spritzenetiketten sind gew\u00f6hnliche Etiketten mit einer wichtigen Funktion. Bei Nordvalls finden Sie Spritzenetiketten, die wei\u00df, teilweise wei\u00df, teilweise farbig oder ganz farbig sind.<\/p>\n<p>Spritzenetiketten enthalten einen Standardtext mit Datum, Uhrzeit und Unterschrift mit rechtsb\u00fcndigem Text.<\/p>\n<p>F\u00fcr Spritzenetiketten bieten wir unter anderem die folgenden Standardformate an:[\/vc_column_text]<div class=\"ult-spacer spacer-69e7bec3ae97d\" data-id=\"69e7bec3ae97d\" data-height=\"10\" data-height-mobile=\"10\" data-height-tab=\"\" data-height-tab-portrait=\"\" data-height-mobile-landscape=\"\" style=\"clear:both;display:block;\"><\/div><div class=\"standard-arrow bullet-top\"><ul>\n<li><span style=\"font-weight: 400;\">12 x 50 mm<\/span><\/li>\n<li><span style=\"font-weight: 400;\">13 x 80 mm<\/span><\/li>\n<li><span style=\"font-weight: 400;\">50 x 30 mm<\/span><\/li>\n<li><span style=\"font-weight: 400;\">100 x 40 mm<\/span><\/li>\n<\/ul>\n<\/div>[\/vc_column_inner][vc_column_inner width=&#8220;1\/2&#8243;]<style type=\"text\/css\" data-type=\"the7_shortcodes-inline-css\">.shortcode-single-image-wrap.shortcode-single-image-383492f2a019af675696869fe90fb8d2.enable-bg-rollover .rollover i,\n.shortcode-single-image-wrap.shortcode-single-image-383492f2a019af675696869fe90fb8d2.enable-bg-rollover .rollover-video i {\n  background: -webkit-linear-gradient();\n  background: linear-gradient();\n}\n.shortcode-single-image-wrap.shortcode-single-image-383492f2a019af675696869fe90fb8d2 .rollover-icon {\n  font-size: 32px;\n  color: #ffffff;\n  min-width: 44px;\n  min-height: 44px;\n  line-height: 44px;\n  border-radius: 100px;\n  border-style: solid;\n  border-width: 0px;\n}\n.dt-icon-bg-on.shortcode-single-image-wrap.shortcode-single-image-383492f2a019af675696869fe90fb8d2 .rollover-icon {\n  background: rgba(255,255,255,0.3);\n  box-shadow: none;\n}<\/style><div class=\"shortcode-single-image-wrap shortcode-single-image-383492f2a019af675696869fe90fb8d2 alignnone  vc_custom_1580917790461 enable-bg-rollover dt-icon-bg-off\" ><div class=\"shortcode-single-image\"><div class=\"fancy-media-wrap  layzr-bg\" style=\"border-radius:40px;\"><img fetchpriority=\"high\" decoding=\"async\" class=\"preload-me lazy-load aspect\" src=\"data:image\/svg+xml,%3Csvg%20xmlns%3D&#39;http%3A%2F%2Fwww.w3.org%2F2000%2Fsvg&#39;%20viewBox%3D&#39;0%200%20500%20333&#39;%2F%3E\" data-src=\"https:\/\/nordvallsetikett.com\/wp-content\/uploads\/2020\/02\/maskin-etikettryckeri-500x333.jpg\" data-srcset=\"https:\/\/nordvallsetikett.com\/wp-content\/uploads\/2020\/02\/maskin-etikettryckeri-500x333.jpg 500w, https:\/\/nordvallsetikett.com\/wp-content\/uploads\/2020\/02\/maskin-etikettryckeri-1000x666.jpg 1000w\" loading=\"eager\" sizes=\"(max-width: 500px) 100vw, 500px\" width=\"500\" height=\"333\"  data-dt-location=\"https:\/\/nordvallsetikett.com\/de\/nyheter\/forst-i-skandinavien-med-hp-v12\/attachment\/maskin-etikettryckeri\/\" style=\"--ratio: 500 \/ 333;border-radius:40px;\" alt=\"\" \/><\/div><\/div><\/div><div class=\"ult-spacer spacer-69e7bec3b0627\" data-id=\"69e7bec3b0627\" data-height=\"50\" data-height-mobile=\"50\" data-height-tab=\"\" data-height-tab-portrait=\"\" data-height-mobile-landscape=\"\" style=\"clear:both;display:block;\"><\/div><style type=\"text\/css\" data-type=\"the7_shortcodes-inline-css\">#default-btn-a2499b6622a719769448754e8702614b.ico-right-side > i {\n  margin-right: 0px;\n  margin-left: 8px;\n}\n#default-btn-a2499b6622a719769448754e8702614b > i {\n  margin-right: 8px;\n}<\/style><div class=\"btn-align-center\"><a href=\"https:\/\/nordvallsetikett.com\/de\/anfrage\/\" class=\"default-btn-shortcode dt-btn dt-btn-l link-hover-off \" id=\"default-btn-a2499b6622a719769448754e8702614b\" title=\"Anfrage\"><span>Spritzenetiketten bestellen<\/span><\/a><\/div><div class=\"ult-spacer spacer-69e7bec3b072b\" data-id=\"69e7bec3b072b\" data-height=\"50\" data-height-mobile=\"30\" data-height-tab=\"\" data-height-tab-portrait=\"\" data-height-mobile-landscape=\"\" style=\"clear:both;display:block;\"><\/div>[\/vc_column_inner][\/vc_row_inner][\/vc_column][\/vc_row][vc_row bg_type=&#8220;image&#8220; parallax_style=&#8220;vcpb-vz-jquery&#8220; bg_image_new=&#8220;id^2887|url^http:\/\/nordvalls.se\/wp-content\/uploads\/2019\/12\/191121_nordvalls2839.jpg|caption^Vid fr\u00e5gor om bilden, mejla: erika.weiland@apeloga.se|alt^null|title^Vid fr\u00e5gor om bilden, mejla: erika.weiland@apeloga.se|description^null&#8220; bg_image_repeat=&#8220;no-repeat&#8220; bg_override=&#8220;full&#8220; disable_on_mobile_img_parallax=&#8220;disable_on_mobile_img_parallax_value&#8220; fadeout_row=&#8220;fadeout_row_value&#8220; fadeout_start_effect=&#8220;30&#8243; enable_overlay=&#8220;enable_overlay_value&#8220; overlay_color=&#8220;rgba(38,45,55,0.5)&#8220;][vc_column css=&#8220;.vc_custom_1560418610056{padding-top: 150px !important;padding-bottom: 150px !important;}&#8220; offset=&#8220;vc_col-lg-offset-2 vc_col-lg-8&#8243;]<div id=\"ultimate-heading-157869e7bec3b07b0\" class=\"uvc-heading ult-adjust-bottom-margin ultimate-heading-157869e7bec3b07b0 uvc-995 \" data-hspacer=\"no_spacer\"  data-halign=\"center\" style=\"text-align:center\"><div class=\"uvc-heading-spacer no_spacer\" style=\"top\"><\/div><div class=\"uvc-main-heading ult-responsive\"  data-ultimate-target='.uvc-heading.ultimate-heading-157869e7bec3b07b0 h3'  data-responsive-json-new='{\"font-size\":\"desktop:25px;\",\"line-height\":\"\"}' ><h3 style=\"font-weight:bold;color:#ffffff;margin-bottom:15px;\">Finden Sie nicht, was Sie suchen?<\/h3><\/div><div class=\"uvc-sub-heading ult-responsive\"  data-ultimate-target='.uvc-heading.ultimate-heading-157869e7bec3b07b0 .uvc-sub-heading '  data-responsive-json-new='{\"font-size\":\"desktop:20px;\",\"line-height\":\"desktop:34px;\"}'  style=\"font-weight:bold;color:#ffffff;margin-bottom:20px;\"><span style=\"font-weight: 400;\">Dann kontaktieren Sie bitte unseren Kundensupport. Dort hilft man Ihnen gern, das richtige Etikett zu finden. <\/span><\/div><\/div><style type=\"text\/css\" data-type=\"the7_shortcodes-inline-css\">#default-btn-44c2a8ec414e41fcb0791534a8812954.ico-right-side > i {\n  margin-right: 0px;\n  margin-left: 8px;\n}\n#default-btn-44c2a8ec414e41fcb0791534a8812954 > i {\n  margin-right: 8px;\n}<\/style><div class=\"btn-align-center\"><a href=\"https:\/\/nordvallsetikett.com\/de\/kontakt\/\" class=\"default-btn-shortcode dt-btn dt-btn-l link-hover-off \" id=\"default-btn-44c2a8ec414e41fcb0791534a8812954\" style=\"width:400px;\" title=\"Kontakt\"><span>Kontaktieren Sie uns f\u00fcr weitere Informationen<\/span><\/a><\/div>[\/vc_column][\/vc_row][vc_row full_width=&#8220;stretch_row_content_no_spaces&#8220;][vc_column]<div class=\"ult-spacer spacer-69e7bec3b08c0\" data-id=\"69e7bec3b08c0\" data-height=\"10\" data-height-mobile=\"10\" data-height-tab=\"10\" data-height-tab-portrait=\"10\" data-height-mobile-landscape=\"10\" style=\"clear:both;display:block;\"><\/div>[vc_separator color=&#8220;black&#8220; css=&#8220;&#8220;][vc_row_inner equal_height=&#8220;yes&#8220; content_placement=&#8220;middle&#8220;][vc_column_inner width=&#8220;1\/6&#8243;][\/vc_column_inner][vc_column_inner width=&#8220;1\/6&#8243;][vc_single_image image=&#8220;10646&#8243; img_size=&#8220;80&#215;80&#8243; css=&#8220;&#8220; image_hovers=&#8220;false&#8220;][\/vc_column_inner][vc_column_inner width=&#8220;1\/6&#8243;][\/vc_column_inner][vc_column_inner width=&#8220;1\/6&#8243;][\/vc_column_inner][vc_column_inner width=&#8220;1\/6&#8243;][vc_single_image image=&#8220;10651&#8243; img_size=&#8220;medium&#8220; alignment=&#8220;right&#8220; css=&#8220;&#8220; image_hovers=&#8220;false&#8220;][\/vc_column_inner][vc_column_inner width=&#8220;1\/6&#8243;][\/vc_column_inner][\/vc_row_inner][\/vc_column][\/vc_row]<\/p>\n<\/div>","protected":false},"excerpt":{"rendered":"<p>[vc_row][vc_column][vc_row_inner][vc_column_inner width=&#8220;1\/2&#8243;][vc_column_text css=&#8220;&#8220;]Etiketten werden oft angewendet, um medizinische Ausr\u00fcstung in der Gesundheitsversorgung zu kennzeichnen. Spritzenetiketten sind gew\u00f6hnliche Etiketten mit einer wichtigen Funktion. Bei Nordvalls finden Sie Spritzenetiketten, die wei\u00df, teilweise wei\u00df, teilweise farbig oder ganz farbig sind. Spritzenetiketten enthalten einen Standardtext mit Datum, Uhrzeit und Unterschrift mit rechtsb\u00fcndigem Text. F\u00fcr Spritzenetiketten bieten wir unter anderem&hellip;<\/p>\n","protected":false},"author":1,"featured_media":0,"parent":3947,"menu_order":0,"comment_status":"closed","ping_status":"closed","template":"","meta":{"footnotes":""},"class_list":["post-3962","page","type-page","status-publish","hentry","description-off"],"_links":{"self":[{"href":"https:\/\/nordvallsetikett.com\/de\/wp-json\/wp\/v2\/pages\/3962","targetHints":{"allow":["GET"]}}],"collection":[{"href":"https:\/\/nordvallsetikett.com\/de\/wp-json\/wp\/v2\/pages"}],"about":[{"href":"https:\/\/nordvallsetikett.com\/de\/wp-json\/wp\/v2\/types\/page"}],"author":[{"embeddable":true,"href":"https:\/\/nordvallsetikett.com\/de\/wp-json\/wp\/v2\/users\/1"}],"replies":[{"embeddable":true,"href":"https:\/\/nordvallsetikett.com\/de\/wp-json\/wp\/v2\/comments?post=3962"}],"version-history":[{"count":6,"href":"https:\/\/nordvallsetikett.com\/de\/wp-json\/wp\/v2\/pages\/3962\/revisions"}],"predecessor-version":[{"id":10869,"href":"https:\/\/nordvallsetikett.com\/de\/wp-json\/wp\/v2\/pages\/3962\/revisions\/10869"}],"up":[{"embeddable":true,"href":"https:\/\/nordvallsetikett.com\/de\/wp-json\/wp\/v2\/pages\/3947"}],"wp:attachment":[{"href":"https:\/\/nordvallsetikett.com\/de\/wp-json\/wp\/v2\/media?parent=3962"}],"curies":[{"name":"wp","href":"https:\/\/api.w.org\/{rel}","templated":true}]}}