{"id":3964,"date":"2020-04-22T09:00:04","date_gmt":"2020-04-22T09:00:04","guid":{"rendered":"http:\/\/nordvalls.se\/etiketter\/in-mould-etiketten-iml-in-mould-label\/"},"modified":"2022-10-27T14:46:33","modified_gmt":"2022-10-27T14:46:33","slug":"in-mould-etiketten-iml-in-mould-label","status":"publish","type":"page","link":"https:\/\/nordvallsetikett.com\/de\/etiketten\/in-mould-etiketten-iml-in-mould-label\/","title":{"rendered":"In-Mould-Etiketten \u2013 IML (In-Mould-Label)"},"content":{"rendered":"<div class=\"wpb-content-wrapper\"><p>[vc_row][vc_column width=&#8220;1\/2&#8243;][vc_column_text]<\/p>\n<h2>Mehr Etikett mit In-Mould-Technik<\/h2>\n<p>In-Mould-Etiketten sind Etiketten, die nicht mit Klebstoff appliziert, sondern mit Hilfe von W\u00e4rme an einer Verpackung oder einem Produkt befestigt werden.<\/p>\n<p>In-Mould-Etiketten bieten Ihnen eine gr\u00f6\u00dfere Oberfl\u00e4che f\u00fcr das Design der Verpackung, da die Technik bedeutet, dass ein gr\u00f6\u00dferer Teil der Verpackung abgedeckt ist. In-Mould-Etiketten unterscheiden sich auch dadurch von normalen Etiketten, dass sie keinen Klebstoff enthalten.<\/p>\n<p>Neugierig auf In-Mould-Etiketten?<\/p>\n<p>Unser Verkaufsteam erkl\u00e4rt Ihnen gerne, wie Sie diese Technik einsetzen k\u00f6nnen.<br \/>\n[\/vc_column_text][\/vc_column][vc_column width=&#8220;1\/2&#8243;]<style type=\"text\/css\" data-type=\"the7_shortcodes-inline-css\">.shortcode-single-image-wrap.shortcode-single-image-c941d890454095d10cbc8c7dcf26cafe.enable-bg-rollover .rollover i,\n.shortcode-single-image-wrap.shortcode-single-image-c941d890454095d10cbc8c7dcf26cafe.enable-bg-rollover .rollover-video i {\n  background: -webkit-linear-gradient();\n  background: linear-gradient();\n}\n.shortcode-single-image-wrap.shortcode-single-image-c941d890454095d10cbc8c7dcf26cafe .rollover-icon {\n  font-size: 32px;\n  color: #ffffff;\n  min-width: 44px;\n  min-height: 44px;\n  line-height: 44px;\n  border-radius: 100px;\n  border-style: solid;\n  border-width: 0px;\n}\n.dt-icon-bg-on.shortcode-single-image-wrap.shortcode-single-image-c941d890454095d10cbc8c7dcf26cafe .rollover-icon {\n  background: rgba(255,255,255,0.3);\n  box-shadow: none;\n}<\/style><div class=\"shortcode-single-image-wrap shortcode-single-image-c941d890454095d10cbc8c7dcf26cafe alignnone  vc_custom_1580845662755 enable-bg-rollover dt-icon-bg-off\" ><div class=\"shortcode-single-image\"><div class=\"fancy-media-wrap  layzr-bg\" style=\"border-radius:40px;\"><img fetchpriority=\"high\" decoding=\"async\" class=\"preload-me lazy-load aspect\" src=\"data:image\/svg+xml,%3Csvg%20xmlns%3D&#39;http%3A%2F%2Fwww.w3.org%2F2000%2Fsvg&#39;%20viewBox%3D&#39;0%200%20500%20333&#39;%2F%3E\" data-src=\"https:\/\/nordvallsetikett.com\/wp-content\/uploads\/2019\/12\/191121_0296_nordvalls-500x333.jpg\" data-srcset=\"https:\/\/nordvallsetikett.com\/wp-content\/uploads\/2019\/12\/191121_0296_nordvalls-500x333.jpg 500w, https:\/\/nordvallsetikett.com\/wp-content\/uploads\/2019\/12\/191121_0296_nordvalls-1000x666.jpg 1000w\" loading=\"eager\" sizes=\"(max-width: 500px) 100vw, 500px\" width=\"500\" height=\"333\"  data-dt-location=\"https:\/\/nordvallsetikett.com\/de\/nyheter\/forst-i-skandinavien-med-hp-v12\/attachment\/vid-fragor-om-bilden-skriv-till-christian-anderssonapeloga-se-6\/\" style=\"--ratio: 500 \/ 333;border-radius:40px;\" alt=\"Etiketter sk\u00f6nhet kosmetik Nordvalls\" \/><\/div><\/div><\/div>[\/vc_column][\/vc_row][vc_row][vc_column]<div class=\"ult-spacer spacer-69f3b78a3319c\" data-id=\"69f3b78a3319c\" data-height=\"100\" data-height-mobile=\"50\" data-height-tab=\"\" data-height-tab-portrait=\"\" data-height-mobile-landscape=\"\" style=\"clear:both;display:block;\"><\/div><style type=\"text\/css\" data-type=\"the7_shortcodes-inline-css\">.dt-team-shortcode.team-masonry-shortcode-id-b486698ec04a468af618b9ae0c39f398 .team-desc {\n  padding: 15px 15px 15px 15px;\n}\n.dt-team-shortcode.team-masonry-shortcode-id-b486698ec04a468af618b9ae0c39f398 .team-author-name,\n.dt-team-shortcode.team-masonry-shortcode-id-b486698ec04a468af618b9ae0c39f398 .team-author-name a {\n  margin-bottom: 0px;\n  font-weight: bold;\n}\n.dt-team-shortcode.team-masonry-shortcode-id-b486698ec04a468af618b9ae0c39f398 .team-author p {\n  margin-bottom: 10px;\n  font-weight: bold;\n}\n.dt-team-shortcode.team-masonry-shortcode-id-b486698ec04a468af618b9ae0c39f398  .team-media {\n  padding: 0px 0px 0px 0px;\n}\n.dt-team-shortcode.team-masonry-shortcode-id-b486698ec04a468af618b9ae0c39f398  .team-media a,\n.dt-team-shortcode.team-masonry-shortcode-id-b486698ec04a468af618b9ae0c39f398  .team-media > span,\n.dt-team-shortcode.team-masonry-shortcode-id-b486698ec04a468af618b9ae0c39f398  .team-media img {\n  max-width: 200px;\n}\n.dt-team-shortcode.team-masonry-shortcode-id-b486698ec04a468af618b9ae0c39f398 .dt-css-grid .team-media img {\n  width: 200px;\n  max-width: 100%;\n}\n.dt-team-shortcode.team-masonry-shortcode-id-b486698ec04a468af618b9ae0c39f398 .team-content {\n  margin-bottom: 5px;\n}\n.dt-team-shortcode.team-masonry-shortcode-id-b486698ec04a468af618b9ae0c39f398  .team-media,\n.dt-team-shortcode.team-masonry-shortcode-id-b486698ec04a468af618b9ae0c39f398  .team-media a.rollover,\n.dt-team-shortcode.team-masonry-shortcode-id-b486698ec04a468af618b9ae0c39f398  .team-media a.rollover *,\n.dt-team-shortcode.team-masonry-shortcode-id-b486698ec04a468af618b9ae0c39f398  .team-media img {\n  border-radius: 40px;\n}\n.dt-team-shortcode.team-masonry-shortcode-id-b486698ec04a468af618b9ae0c39f398 .soc-ico {\n  margin-bottom: 15px;\n}\n.dt-team-shortcode.team-masonry-shortcode-id-b486698ec04a468af618b9ae0c39f398 .soc-ico a {\n  min-width: 26px;\n  min-height: 26px;\n  font-size: 16px;\n  border-radius: 100px;\n}\n.dt-team-shortcode.team-masonry-shortcode-id-b486698ec04a468af618b9ae0c39f398 .soc-ico a:not(:last-child) {\n  margin-right: 4px;\n}\n.dt-team-shortcode.team-masonry-shortcode-id-b486698ec04a468af618b9ae0c39f398 .soc-ico a:before,\n.dt-team-shortcode.team-masonry-shortcode-id-b486698ec04a468af618b9ae0c39f398 .soc-ico a:after {\n  min-width: 26px;\n  min-height: 26px;\n  padding: inherit;\n}\n.dt-icon-border-on.dt-team-shortcode.team-masonry-shortcode-id-b486698ec04a468af618b9ae0c39f398 .soc-ico a:before {\n  border: 0px solid transparent;\n}\n.dt-team-shortcode.team-masonry-shortcode-id-b486698ec04a468af618b9ae0c39f398 .soc-ico a:hover {\n  font-size: 16px;\n}\n#page .dt-team-shortcode.team-masonry-shortcode-id-b486698ec04a468af618b9ae0c39f398 .soc-ico a:hover .soc-font-icon {\n  color: rgba(255,255,255,0.75);\n  background: none;\n}\n.dt-icon-border-hover-on.dt-team-shortcode.team-masonry-shortcode-id-b486698ec04a468af618b9ae0c39f398 .soc-ico a:after {\n  border: 0px solid transparent;\n}\n#page .dt-team-shortcode.team-masonry-shortcode-id-b486698ec04a468af618b9ae0c39f398 .soc-ico a:not(:hover) .soc-font-icon {\n  color: #ffffff;\n  background: none;\n}\n.dt-team-shortcode.team-masonry-shortcode-id-b486698ec04a468af618b9ae0c39f398 .soc-ico a .soc-font-icon {\n  font-size: 16px;\n}\n.dt-team-shortcode.team-masonry-shortcode-id-b486698ec04a468af618b9ae0c39f398 .filter-bg-decoration .filter-categories a.act {\n  color: #fff;\n}\n.dt-team-shortcode.team-masonry-shortcode-id-b486698ec04a468af618b9ae0c39f398:not(.resize-by-browser-width) .dt-css-grid {\n  grid-row-gap: 30px;\n  grid-column-gap: 30px;\n  grid-template-columns: repeat(auto-fill,minmax(,1fr));\n}\n.cssgridlegacy.no-cssgrid .dt-team-shortcode.team-masonry-shortcode-id-b486698ec04a468af618b9ae0c39f398:not(.resize-by-browser-width) .dt-css-grid,\n.no-cssgridlegacy.no-cssgrid .dt-team-shortcode.team-masonry-shortcode-id-b486698ec04a468af618b9ae0c39f398:not(.resize-by-browser-width) .dt-css-grid {\n  display: flex;\n  flex-flow: row wrap;\n  margin: -15px;\n}\n.cssgridlegacy.no-cssgrid .dt-team-shortcode.team-masonry-shortcode-id-b486698ec04a468af618b9ae0c39f398:not(.resize-by-browser-width) .dt-css-grid .wf-cell,\n.no-cssgridlegacy.no-cssgrid .dt-team-shortcode.team-masonry-shortcode-id-b486698ec04a468af618b9ae0c39f398:not(.resize-by-browser-width) .dt-css-grid .wf-cell {\n  flex: 1 0 ;\n  max-width: 100%;\n  padding: 15px;\n  box-sizing: border-box;\n}\n.dt-team-shortcode.team-masonry-shortcode-id-b486698ec04a468af618b9ae0c39f398.resize-by-browser-width .dt-css-grid {\n  grid-template-columns: repeat(3,1fr);\n  grid-template-rows: auto;\n  grid-column-gap: 30px;\n  grid-row-gap: 30px;\n}\n.cssgridlegacy.no-cssgrid .dt-team-shortcode.team-masonry-shortcode-id-b486698ec04a468af618b9ae0c39f398.resize-by-browser-width .dt-css-grid,\n.no-cssgridlegacy.no-cssgrid .dt-team-shortcode.team-masonry-shortcode-id-b486698ec04a468af618b9ae0c39f398.resize-by-browser-width .dt-css-grid {\n  margin: -15px;\n}\n.cssgridlegacy.no-cssgrid .dt-team-shortcode.team-masonry-shortcode-id-b486698ec04a468af618b9ae0c39f398.resize-by-browser-width .dt-css-grid .wf-cell,\n.no-cssgridlegacy.no-cssgrid .dt-team-shortcode.team-masonry-shortcode-id-b486698ec04a468af618b9ae0c39f398.resize-by-browser-width .dt-css-grid .wf-cell {\n  width: 33.333333333333%;\n  padding: 15px;\n}\n@media screen and (max-width: 1199px) {\n  .dt-team-shortcode.team-masonry-shortcode-id-b486698ec04a468af618b9ae0c39f398.resize-by-browser-width .dt-css-grid {\n    grid-template-columns: repeat(3,1fr);\n  }\n  .cssgridlegacy.no-cssgrid .dt-team-shortcode.team-masonry-shortcode-id-b486698ec04a468af618b9ae0c39f398.resize-by-browser-width .dt-css-grid .wf-cell,\n  .no-cssgridlegacy.no-cssgrid .dt-team-shortcode.team-masonry-shortcode-id-b486698ec04a468af618b9ae0c39f398.resize-by-browser-width .dt-css-grid .wf-cell {\n    width: 33.333333333333%;\n  }\n}\n@media screen and (max-width: 991px) {\n  .dt-team-shortcode.team-masonry-shortcode-id-b486698ec04a468af618b9ae0c39f398.resize-by-browser-width .dt-css-grid {\n    grid-template-columns: repeat(2,1fr);\n  }\n  .cssgridlegacy.no-cssgrid .dt-team-shortcode.team-masonry-shortcode-id-b486698ec04a468af618b9ae0c39f398.resize-by-browser-width .dt-css-grid .wf-cell,\n  .no-cssgridlegacy.no-cssgrid .dt-team-shortcode.team-masonry-shortcode-id-b486698ec04a468af618b9ae0c39f398.resize-by-browser-width .dt-css-grid .wf-cell {\n    width: 50%;\n  }\n}\n@media screen and (max-width: 767px) {\n  .dt-team-shortcode.team-masonry-shortcode-id-b486698ec04a468af618b9ae0c39f398.resize-by-browser-width .dt-css-grid {\n    grid-template-columns: repeat(1,1fr);\n  }\n  .cssgridlegacy.no-cssgrid .dt-team-shortcode.team-masonry-shortcode-id-b486698ec04a468af618b9ae0c39f398.resize-by-browser-width .dt-css-grid .wf-cell,\n  .no-cssgridlegacy.no-cssgrid .dt-team-shortcode.team-masonry-shortcode-id-b486698ec04a468af618b9ae0c39f398.resize-by-browser-width .dt-css-grid .wf-cell {\n    width: 100%;\n  }\n}<\/style><div class=\"dt-team-masonry-shortcode dt-team-shortcode team-masonry-shortcode-id-b486698ec04a468af618b9ae0c39f398 loading-effect-none mode-grid jquery-filter content-align-center dt-css-grid-wrap dt-css-grid-wrap disable-bg-rollover dt-icon-bg-on dt-icon-border-on dt-icon-hover-bg-on dt-icon-border-hover-on move-icons-under-position resize-by-browser-width  \" data-padding=\"15px\" data-cur-page=\"1\" data-post-limit=\"-1\" data-pagination-mode=\"none\" data-desktop-columns-num=\"3\" data-v-tablet-columns-num=\"2\" data-h-tablet-columns-num=\"3\" data-phone-columns-num=\"1\" data-width=\"0px\" data-columns=\"0\"><div class=\"dt-css-grid\" ><div class=\"visible wf-cell\" data-post-id=\"4370\" data-date=\"2020-07-24T10:08:38+00:00\" data-name=\"Mikael Bergqvist\"><div class=\"team-container visible post post-4370 dt_team type-dt_team status-publish has-post-thumbnail hentry dt_team_category-management-de dt_team_category-sales-marketing-de dt_team_category-68 dt_team_category-72\"><div class=\"team-media\"><span><img decoding=\"async\" class=\"preload-me iso-lazy-load aspect\" src=\"data:image\/svg+xml,%3Csvg%20xmlns%3D&#39;http%3A%2F%2Fwww.w3.org%2F2000%2Fsvg&#39;%20viewBox%3D&#39;0%200%201707%201707&#39;%2F%3E\" data-src=\"https:\/\/nordvallsetikett.com\/wp-content\/uploads\/2020\/07\/Mikael-Bergqvist_web-scaled-1707x1707.jpg\" data-srcset=\"https:\/\/nordvallsetikett.com\/wp-content\/uploads\/2020\/07\/Mikael-Bergqvist_web-scaled-1707x1707.jpg 1707w\" loading=\"eager\" style=\"--ratio: 1707 \/ 1707\" sizes=\"(max-width: 1707px) 100vw, 1707px\" width=\"1707\" height=\"1707\"  title=\"Mikael Bergqvist_Nordvalls Etikett\" alt=\"Mikael Bergqvist_Nordvalls Etikett\" \/><\/span><\/div><div class=\"team-desc\"><div class=\"team-author\"><div class=\"team-author-name\">Mikael Bergqvist<\/div><p>Sales Manager Sweden<\/p><\/div><div class=\"team-content\">\n<p><a href=\"mailto:mikael.bergqvist@nordvalls.se\">mikael.bergqvist@nordvalls.se<\/a><br\/><a href=\"tel:0101691743\">010 169 17 43<\/a><\/p>\n<\/div><\/div><\/div><\/div><div class=\"visible wf-cell\" data-post-id=\"4344\" data-date=\"2020-07-24T10:00:43+00:00\" data-name=\"Liselott Widerstr\u00f6m\"><div class=\"team-container visible post post-4344 dt_team type-dt_team status-publish has-post-thumbnail hentry dt_team_category-sales-marketing-de dt_team_category-72\"><div class=\"team-media\"><span><img decoding=\"async\" class=\"preload-me iso-lazy-load aspect\" src=\"data:image\/svg+xml,%3Csvg%20xmlns%3D&#39;http%3A%2F%2Fwww.w3.org%2F2000%2Fsvg&#39;%20viewBox%3D&#39;0%200%201707%201707&#39;%2F%3E\" data-src=\"https:\/\/nordvallsetikett.com\/wp-content\/uploads\/2020\/02\/220519_0053_Nordvalls-scaled-1707x1707.jpg\" data-srcset=\"https:\/\/nordvallsetikett.com\/wp-content\/uploads\/2020\/02\/220519_0053_Nordvalls-scaled-1707x1707.jpg 1707w\" loading=\"eager\" style=\"--ratio: 1707 \/ 1707\" sizes=\"(max-width: 1707px) 100vw, 1707px\" width=\"1707\" height=\"1707\"  title=\"220519_0053_Nordvalls\" alt=\"\" \/><\/span><\/div><div class=\"team-desc\"><div class=\"team-author\"><div class=\"team-author-name\">Liselott Widerstr\u00f6m<\/div><p>Senior Key Account Manager<\/p><\/div><div class=\"team-content\">\n<p><a href=\"mailto:liselott.widerstrom@nordvalls.se\">liselott.widerstrom@nordvalls.se<\/a><br\/><a href=\"tel:0101691735\">010 169 17 35<\/a><\/p>\n<\/div><\/div><\/div><\/div><div class=\"visible wf-cell\" data-post-id=\"4346\" data-date=\"2020-07-24T10:01:05+00:00\" data-name=\"Frederick Trip\"><div class=\"team-container visible post post-4346 dt_team type-dt_team status-publish has-post-thumbnail hentry dt_team_category-sales-marketing-de dt_team_category-72\"><div class=\"team-media\"><span><img decoding=\"async\" class=\"preload-me iso-lazy-load aspect\" src=\"data:image\/svg+xml,%3Csvg%20xmlns%3D&#39;http%3A%2F%2Fwww.w3.org%2F2000%2Fsvg&#39;%20viewBox%3D&#39;0%200%201707%201707&#39;%2F%3E\" data-src=\"https:\/\/nordvallsetikett.com\/wp-content\/uploads\/2019\/06\/Frederick-Trip_Nordvalls-scaled-1707x1707.jpg\" data-srcset=\"https:\/\/nordvallsetikett.com\/wp-content\/uploads\/2019\/06\/Frederick-Trip_Nordvalls-scaled-1707x1707.jpg 1707w\" loading=\"eager\" style=\"--ratio: 1707 \/ 1707\" sizes=\"(max-width: 1707px) 100vw, 1707px\" width=\"1707\" height=\"1707\"  title=\"Frederick Trip_Nordvalls\" alt=\"Frederick Trip_Nordvalls\" \/><\/span><\/div><div class=\"team-desc\"><div class=\"team-author\"><div class=\"team-author-name\">Frederick Trip<\/div><p>Key Account Manager<\/p><\/div><div class=\"team-content\">\n<p><a href=\"mailto:frederick.trip@nordvalls.se\">frederick.trip@nordvalls.se<\/a><br><a href=\"tel:0101691763\" class=\"rank-math-link\">010 169 17 63<\/a><\/p>\n<\/div><\/div><\/div><\/div><\/div><!-- iso-container|iso-grid --><\/div><div class=\"ult-spacer spacer-69f3b78a373e2\" data-id=\"69f3b78a373e2\" data-height=\"50\" data-height-mobile=\"30\" data-height-tab=\"\" data-height-tab-portrait=\"\" data-height-mobile-landscape=\"\" style=\"clear:both;display:block;\"><\/div>[vc_row_inner][vc_column_inner width=&#8220;1\/4&#8243;][\/vc_column_inner][vc_column_inner width=&#8220;1\/2&#8243;]<style type=\"text\/css\" data-type=\"the7_shortcodes-inline-css\">#default-btn-e7f5dc98618e068a5a6153f32c958c2e.ico-right-side > i {\n  margin-right: 0px;\n  margin-left: 8px;\n}\n#default-btn-e7f5dc98618e068a5a6153f32c958c2e > i {\n  margin-right: 8px;\n}<\/style><div class=\"btn-align-center\"><a href=\"https:\/\/nordvallsetikett.com\/forfragan\/\" class=\"default-btn-shortcode dt-btn dt-btn-l link-hover-off \" id=\"default-btn-e7f5dc98618e068a5a6153f32c958c2e\" title=\"F\u00f6rfr\u00e5gan\"><span>Machen Sie eine Anfrage<\/span><\/a><\/div>[\/vc_column_inner][vc_column_inner width=&#8220;1\/4&#8243;][\/vc_column_inner][\/vc_row_inner]<div class=\"ult-spacer spacer-69f3b78a374ff\" data-id=\"69f3b78a374ff\" data-height=\"50\" data-height-mobile=\"30\" data-height-tab=\"\" data-height-tab-portrait=\"\" data-height-mobile-landscape=\"\" style=\"clear:both;display:block;\"><\/div>[\/vc_column][\/vc_row][vc_row bg_type=&#8220;image&#8220; parallax_style=&#8220;vcpb-vz-jquery&#8220; bg_image_new=&#8220;id^2887|url^http:\/\/nordvalls.se\/wp-content\/uploads\/2019\/12\/191121_nordvalls2839.jpg|caption^Vid fr\u00e5gor om bilden, mejla: erika.weiland@apeloga.se|alt^null|title^Vid fr\u00e5gor om bilden, mejla: erika.weiland@apeloga.se|description^null&#8220; bg_image_repeat=&#8220;no-repeat&#8220; bg_override=&#8220;full&#8220; disable_on_mobile_img_parallax=&#8220;disable_on_mobile_img_parallax_value&#8220; fadeout_row=&#8220;fadeout_row_value&#8220; fadeout_start_effect=&#8220;30&#8243; enable_overlay=&#8220;enable_overlay_value&#8220; overlay_color=&#8220;rgba(38,45,55,0.5)&#8220;][vc_column css=&#8220;.vc_custom_1560418610056{padding-top: 150px !important;padding-bottom: 150px !important;}&#8220; offset=&#8220;vc_col-lg-offset-2 vc_col-lg-8&#8243;]<div id=\"ultimate-heading-632969f3b78a37573\" class=\"uvc-heading ult-adjust-bottom-margin ultimate-heading-632969f3b78a37573 uvc-6653 \" data-hspacer=\"no_spacer\"  data-halign=\"center\" style=\"text-align:center\"><div class=\"uvc-heading-spacer no_spacer\" style=\"top\"><\/div><div class=\"uvc-main-heading ult-responsive\"  data-ultimate-target='.uvc-heading.ultimate-heading-632969f3b78a37573 h3'  data-responsive-json-new='{\"font-size\":\"desktop:25px;\",\"line-height\":\"\"}' ><h3 style=\"font-weight:bold;color:#ffffff;margin-bottom:15px;\">Finden Sie nicht, was Sie suchen?<\/h3><\/div><div class=\"uvc-sub-heading ult-responsive\"  data-ultimate-target='.uvc-heading.ultimate-heading-632969f3b78a37573 .uvc-sub-heading '  data-responsive-json-new='{\"font-size\":\"desktop:20px;\",\"line-height\":\"desktop:34px;\"}'  style=\"font-weight:bold;color:#ffffff;margin-bottom:20px;\"><span style=\"font-weight: 400;\">Dann kontaktieren Sie bitte unseren Kundensupport. Dort hilft man Ihnen gern, das richtige Etikett zu finden. <\/span><\/div><\/div><style type=\"text\/css\" data-type=\"the7_shortcodes-inline-css\">#default-btn-7301b56d79719aa3f7202e0d7b0443c5.ico-right-side > i {\n  margin-right: 0px;\n  margin-left: 8px;\n}\n#default-btn-7301b56d79719aa3f7202e0d7b0443c5 > i {\n  margin-right: 8px;\n}<\/style><div class=\"btn-align-center\"><a href=\"http:\/\/nordvalls.se\/forfragan\/\" class=\"default-btn-shortcode dt-btn dt-btn-l link-hover-off \" id=\"default-btn-7301b56d79719aa3f7202e0d7b0443c5\" style=\"width:400px;\" target=\"_blank\" rel=\"noopener\"><span>Kontakta Nordvalls kundsupport<\/span><\/a><\/div>[\/vc_column][\/vc_row][vc_row full_width=&#8220;stretch_row_content_no_spaces&#8220; content_placement=&#8220;top&#8220; css=&#8220;.vc_custom_1666618146969{margin-bottom: -10px !important;padding-top: 30px !important;padding-bottom: 30px !important;}&#8220;][vc_column][vc_row_inner][vc_column_inner offset=&#8220;vc_hidden-md vc_hidden-sm vc_hidden-xs&#8220;]<style type=\"text\/css\" data-type=\"the7_shortcodes-inline-css\">.shortcode-single-image-wrap.shortcode-single-image-83c89b7f66747fddec6aaac3057c2f34.enable-bg-rollover .rollover i,\n.shortcode-single-image-wrap.shortcode-single-image-83c89b7f66747fddec6aaac3057c2f34.enable-bg-rollover .rollover-video i {\n  background: -webkit-linear-gradient();\n  background: linear-gradient();\n}\n.shortcode-single-image-wrap.shortcode-single-image-83c89b7f66747fddec6aaac3057c2f34 .rollover-icon {\n  font-size: 32px;\n  color: #ffffff;\n  min-width: 44px;\n  min-height: 44px;\n  line-height: 44px;\n  border-radius: 100px;\n  border-style: solid;\n  border-width: 0px;\n}\n.dt-icon-bg-on.shortcode-single-image-wrap.shortcode-single-image-83c89b7f66747fddec6aaac3057c2f34 .rollover-icon {\n  background: rgba(255,255,255,0.3);\n  box-shadow: none;\n}<\/style><div class=\"shortcode-single-image-wrap shortcode-single-image-83c89b7f66747fddec6aaac3057c2f34 alignnone  enable-bg-rollover dt-icon-bg-off\" style=\"margin-top:0px; margin-bottom:0px; margin-left:0px; margin-right:0px;\"><div class=\"shortcode-single-image\"><div class=\"fancy-media-wrap  layzr-bg\" style=\"\"><img decoding=\"async\" class=\"preload-me lazy-load aspect\" src=\"data:image\/svg+xml,%3Csvg%20xmlns%3D&#39;http%3A%2F%2Fwww.w3.org%2F2000%2Fsvg&#39;%20viewBox%3D&#39;0%200%205167%20209&#39;%2F%3E\" data-src=\"https:\/\/nordvallsetikett.com\/wp-content\/uploads\/2022\/10\/PID-webb_1240x50.png\" data-srcset=\"https:\/\/nordvallsetikett.com\/wp-content\/uploads\/2022\/10\/PID-webb_1240x50.png 5167w\" loading=\"eager\" sizes=\"(max-width: 5167px) 100vw, 5167px\" width=\"5167\" height=\"209\"  data-dt-location=\"https:\/\/nordvallsetikett.com\/de\/nordvalls-etikett\/attachment\/pid-webb_1240x50\/\" style=\"--ratio: 5167 \/ 209;\" alt=\"\" \/><\/div><\/div><\/div>[\/vc_column_inner][\/vc_row_inner][vc_row_inner][vc_column_inner offset=&#8220;vc_hidden-lg vc_hidden-sm vc_hidden-xs&#8220;]<style type=\"text\/css\" data-type=\"the7_shortcodes-inline-css\">.shortcode-single-image-wrap.shortcode-single-image-aeb28617e015042d4ab4209c43ba07c6.enable-bg-rollover .rollover i,\n.shortcode-single-image-wrap.shortcode-single-image-aeb28617e015042d4ab4209c43ba07c6.enable-bg-rollover .rollover-video i {\n  background: -webkit-linear-gradient();\n  background: linear-gradient();\n}\n.shortcode-single-image-wrap.shortcode-single-image-aeb28617e015042d4ab4209c43ba07c6 .rollover-icon {\n  font-size: 32px;\n  color: #ffffff;\n  min-width: 44px;\n  min-height: 44px;\n  line-height: 44px;\n  border-radius: 100px;\n  border-style: solid;\n  border-width: 0px;\n}\n.dt-icon-bg-on.shortcode-single-image-wrap.shortcode-single-image-aeb28617e015042d4ab4209c43ba07c6 .rollover-icon {\n  background: rgba(255,255,255,0.3);\n  box-shadow: none;\n}<\/style><div class=\"shortcode-single-image-wrap shortcode-single-image-aeb28617e015042d4ab4209c43ba07c6 alignnone  enable-bg-rollover dt-icon-bg-off\" style=\"margin-top:0px; margin-bottom:0px; margin-left:0px; margin-right:0px;\"><div class=\"shortcode-single-image\"><div class=\"fancy-media-wrap  layzr-bg\" style=\"\"><img decoding=\"async\" class=\"preload-me lazy-load aspect\" src=\"data:image\/svg+xml,%3Csvg%20xmlns%3D&#39;http%3A%2F%2Fwww.w3.org%2F2000%2Fsvg&#39;%20viewBox%3D&#39;0%200%204267%20209&#39;%2F%3E\" data-src=\"https:\/\/nordvallsetikett.com\/wp-content\/uploads\/2022\/10\/PID-webb_1024x50-3.png\" data-srcset=\"https:\/\/nordvallsetikett.com\/wp-content\/uploads\/2022\/10\/PID-webb_1024x50-3.png 4267w\" loading=\"eager\" sizes=\"(max-width: 4267px) 100vw, 4267px\" width=\"4267\" height=\"209\"  data-dt-location=\"https:\/\/nordvallsetikett.com\/de\/nordvalls-etikett\/attachment\/pid-webb_1024x50-3\/\" style=\"--ratio: 4267 \/ 209;\" alt=\"\" \/><\/div><\/div><\/div>[\/vc_column_inner][\/vc_row_inner][vc_row_inner][vc_column_inner offset=&#8220;vc_hidden-lg vc_hidden-md&#8220;]<style type=\"text\/css\" data-type=\"the7_shortcodes-inline-css\">.shortcode-single-image-wrap.shortcode-single-image-d514bf09736879d26a77950ae0aca57d.enable-bg-rollover .rollover i,\n.shortcode-single-image-wrap.shortcode-single-image-d514bf09736879d26a77950ae0aca57d.enable-bg-rollover .rollover-video i {\n  background: -webkit-linear-gradient();\n  background: linear-gradient();\n}\n.shortcode-single-image-wrap.shortcode-single-image-d514bf09736879d26a77950ae0aca57d .rollover-icon {\n  font-size: 32px;\n  color: #ffffff;\n  min-width: 44px;\n  min-height: 44px;\n  line-height: 44px;\n  border-radius: 100px;\n  border-style: solid;\n  border-width: 0px;\n}\n.dt-icon-bg-on.shortcode-single-image-wrap.shortcode-single-image-d514bf09736879d26a77950ae0aca57d .rollover-icon {\n  background: rgba(255,255,255,0.3);\n  box-shadow: none;\n}<\/style><div class=\"shortcode-single-image-wrap shortcode-single-image-d514bf09736879d26a77950ae0aca57d alignnone  enable-bg-rollover dt-icon-bg-off\" style=\"margin-top:0px; margin-bottom:0px; margin-left:0px; margin-right:0px;\"><div class=\"shortcode-single-image\"><div class=\"fancy-media-wrap  layzr-bg\" style=\"\"><img decoding=\"async\" class=\"preload-me lazy-load aspect\" src=\"data:image\/svg+xml,%3Csvg%20xmlns%3D&#39;http%3A%2F%2Fwww.w3.org%2F2000%2Fsvg&#39;%20viewBox%3D&#39;0%200%201563%20209&#39;%2F%3E\" data-src=\"https:\/\/nordvallsetikett.com\/wp-content\/uploads\/2022\/10\/PID-webb_375x50.png\" data-srcset=\"https:\/\/nordvallsetikett.com\/wp-content\/uploads\/2022\/10\/PID-webb_375x50.png 1563w\" loading=\"eager\" sizes=\"(max-width: 1563px) 100vw, 1563px\" width=\"1563\" height=\"209\"  data-dt-location=\"https:\/\/nordvallsetikett.com\/de\/nordvalls-etikett\/attachment\/pid-webb_375x50\/\" style=\"--ratio: 1563 \/ 209;\" alt=\"\" \/><\/div><\/div><\/div>[\/vc_column_inner][\/vc_row_inner][\/vc_column][\/vc_row]<\/p>\n<\/div>","protected":false},"excerpt":{"rendered":"<p>[vc_row][vc_column width=&#8220;1\/2&#8243;][vc_column_text] Mehr Etikett mit In-Mould-Technik In-Mould-Etiketten sind Etiketten, die nicht mit Klebstoff appliziert, sondern mit Hilfe von W\u00e4rme an einer Verpackung oder einem Produkt befestigt werden. In-Mould-Etiketten bieten Ihnen eine gr\u00f6\u00dfere Oberfl\u00e4che f\u00fcr das Design der Verpackung, da die Technik bedeutet, dass ein gr\u00f6\u00dferer Teil der Verpackung abgedeckt ist. In-Mould-Etiketten unterscheiden sich auch dadurch&hellip;<\/p>\n","protected":false},"author":1,"featured_media":0,"parent":3947,"menu_order":0,"comment_status":"closed","ping_status":"closed","template":"","meta":{"footnotes":""},"class_list":["post-3964","page","type-page","status-publish","hentry","description-off"],"_links":{"self":[{"href":"https:\/\/nordvallsetikett.com\/de\/wp-json\/wp\/v2\/pages\/3964","targetHints":{"allow":["GET"]}}],"collection":[{"href":"https:\/\/nordvallsetikett.com\/de\/wp-json\/wp\/v2\/pages"}],"about":[{"href":"https:\/\/nordvallsetikett.com\/de\/wp-json\/wp\/v2\/types\/page"}],"author":[{"embeddable":true,"href":"https:\/\/nordvallsetikett.com\/de\/wp-json\/wp\/v2\/users\/1"}],"replies":[{"embeddable":true,"href":"https:\/\/nordvallsetikett.com\/de\/wp-json\/wp\/v2\/comments?post=3964"}],"version-history":[{"count":2,"href":"https:\/\/nordvallsetikett.com\/de\/wp-json\/wp\/v2\/pages\/3964\/revisions"}],"predecessor-version":[{"id":6568,"href":"https:\/\/nordvallsetikett.com\/de\/wp-json\/wp\/v2\/pages\/3964\/revisions\/6568"}],"up":[{"embeddable":true,"href":"https:\/\/nordvallsetikett.com\/de\/wp-json\/wp\/v2\/pages\/3947"}],"wp:attachment":[{"href":"https:\/\/nordvallsetikett.com\/de\/wp-json\/wp\/v2\/media?parent=3964"}],"curies":[{"name":"wp","href":"https:\/\/api.w.org\/{rel}","templated":true}]}}