{"id":3970,"date":"2020-04-22T09:10:25","date_gmt":"2020-04-22T09:10:25","guid":{"rendered":"http:\/\/nordvalls.se\/anfrage\/"},"modified":"2025-10-27T15:00:07","modified_gmt":"2025-10-27T15:00:07","slug":"anfrage","status":"publish","type":"page","link":"https:\/\/nordvallsetikett.com\/de\/anfrage\/","title":{"rendered":"Anfrage"},"content":{"rendered":"<div class=\"wpb-content-wrapper\"><p>[vc_row][vc_column][vc_row_inner][vc_column_inner width=&#8220;1\/2&#8243;][vc_column_text css=&#8220;.vc_custom_1580911937519{margin-bottom: 20px !important;}&#8220;]<\/p>\n<h2>M\u00f6chten Sie wissen, was wir bei Nordvalls f\u00fcr Sie tun k\u00f6nnen?<\/h2>\n<p>Wir offerieren Ihnen gern eine Paketl\u00f6sung f\u00fcr die Bed\u00fcrfnisse in Ihrem Betrieb. Um Ihnen ein gutes Bild von unserem Angebot zu geben, ben\u00f6tigen wir einige Informationen von Ihnen. Zum Beispiel m\u00fcssen wir wissen, wie gro\u00df die von Ihnen geplante Auflage ist, den Anwendungsbereich des Etiketts, wie das Etikett auf Ihren Produkten appliziert werden soll und so weiter. Wenn Sie Hilfe mit diesen Informationen ben\u00f6tigen, k\u00f6nnen Sie uns jederzeit anrufen, eine E-Mail schicken oder das Kontaktformular benutzen, das Sie hier finden. Wir sind hier, um Ihnen zu helfen.[\/vc_column_text][vc_column_text]<\/p>\n<p class=\"p1\"><span class=\"s1\">Wissen Sie genau oder ungef\u00e4hr, was Sie suchen? Dann empfehlen wir Ihnen, eine<b><a href=\"#1580289862291-50a7dd49-6d7e\">Angebotsanfrage zu schicken<\/a>.<\/b><\/span><\/p>\n<p class=\"p1\"><span class=\"s1\">Haben Sie eine allgemeine Anfrage \u00fcber Etiketten oder Nordvalls als Anbieter? Dann benutzen Sie bitte unser <b><a href=\"#1580289862307-3826c588-3289\">Kontaktformular<\/a>.<\/b><\/span><\/p>\n<p>[\/vc_column_text][\/vc_column_inner][vc_column_inner width=&#8220;1\/2&#8243;]<style type=\"text\/css\" data-type=\"the7_shortcodes-inline-css\">.shortcode-single-image-wrap.shortcode-single-image-a3c523107059555da0634d0f81bc66ba.enable-bg-rollover .rollover i,\n.shortcode-single-image-wrap.shortcode-single-image-a3c523107059555da0634d0f81bc66ba.enable-bg-rollover .rollover-video i {\n  background: -webkit-linear-gradient();\n  background: linear-gradient();\n}\n.shortcode-single-image-wrap.shortcode-single-image-a3c523107059555da0634d0f81bc66ba .rollover-icon {\n  font-size: 32px;\n  color: #ffffff;\n  min-width: 44px;\n  min-height: 44px;\n  line-height: 44px;\n  border-radius: 100px;\n  border-style: solid;\n  border-width: 0px;\n}\n.dt-icon-bg-on.shortcode-single-image-wrap.shortcode-single-image-a3c523107059555da0634d0f81bc66ba .rollover-icon {\n  background: rgba(255,255,255,0.3);\n  box-shadow: none;\n}<\/style><div class=\"shortcode-single-image-wrap shortcode-single-image-a3c523107059555da0634d0f81bc66ba alignnone  enable-bg-rollover dt-icon-bg-off\" style=\"margin-top:0px; margin-bottom:0px; margin-left:0px; margin-right:0px; width:500px;\"><div class=\"shortcode-single-image\"><div class=\"fancy-media-wrap  layzr-bg\" style=\"border-radius:40px;\"><img fetchpriority=\"high\" decoding=\"async\" class=\"preload-me lazy-load aspect\" src=\"data:image\/svg+xml,%3Csvg%20xmlns%3D&#39;http%3A%2F%2Fwww.w3.org%2F2000%2Fsvg&#39;%20viewBox%3D&#39;0%200%20500%20333&#39;%2F%3E\" data-src=\"https:\/\/nordvallsetikett.com\/wp-content\/uploads\/2020\/01\/nordvallsetiketter_2058-500x333.jpg\" data-srcset=\"https:\/\/nordvallsetikett.com\/wp-content\/uploads\/2020\/01\/nordvallsetiketter_2058-500x333.jpg 500w, https:\/\/nordvallsetikett.com\/wp-content\/uploads\/2020\/01\/nordvallsetiketter_2058.jpg 1000w\" loading=\"eager\" sizes=\"(max-width: 500px) 100vw, 500px\" width=\"500\" height=\"333\"  data-dt-location=\"https:\/\/nordvallsetikett.com\/de\/forfragan\/attachment\/vid-fragor-om-bilden-mejla-erika-weilandapeloga-se-15\/\" style=\"--ratio: 500 \/ 333;border-radius:40px;\" alt=\"\" \/><\/div><\/div><\/div>[\/vc_column_inner][\/vc_row_inner][vc_row_inner][vc_column_inner]<div class=\"ult-spacer spacer-6a036dcac0f23\" data-id=\"6a036dcac0f23\" data-height=\"50\" data-height-mobile=\"20\" data-height-tab=\"\" data-height-tab-portrait=\"\" data-height-mobile-landscape=\"\" style=\"clear:both;display:block;\"><\/div>[\/vc_column_inner][\/vc_row_inner][vc_tta_tabs style=&#8220;modern&#8220; spacing=&#8220;4&#8243; alignment=&#8220;center&#8220; active_section=&#8220;&#8220; css=&#8220;.vc_custom_1580322205242{padding-top: 30px !important;padding-right: 30px !important;padding-bottom: 30px !important;padding-left: 30px !important;}&#8220;][vc_tta_section title=&#8220;Angebotsanfrage&#8220; tab_id=&#8220;1580289862291-50a7dd49-6d7e&#8220;]\n<div class=\"wpcf7 no-js\" id=\"wpcf7-f4196-o1\" lang=\"sv-SE\" dir=\"ltr\" data-wpcf7-id=\"4196\">\n<div class=\"screen-reader-response\"><p role=\"status\" aria-live=\"polite\" aria-atomic=\"true\"><\/p> <ul><\/ul><\/div>\n<form action=\"\/de\/wp-json\/wp\/v2\/pages\/3970#wpcf7-f4196-o1\" method=\"post\" class=\"wpcf7-form init\" aria-label=\"Kontaktformul\u00e4r\" novalidate=\"novalidate\" data-status=\"init\">\n<fieldset class=\"hidden-fields-container\"><input type=\"hidden\" name=\"_wpcf7\" value=\"4196\" \/><input type=\"hidden\" name=\"_wpcf7_version\" value=\"6.1.5\" \/><input type=\"hidden\" name=\"_wpcf7_locale\" value=\"sv_SE\" \/><input type=\"hidden\" name=\"_wpcf7_unit_tag\" value=\"wpcf7-f4196-o1\" \/><input type=\"hidden\" name=\"_wpcf7_container_post\" value=\"0\" \/><input type=\"hidden\" name=\"_wpcf7_posted_data_hash\" value=\"\" \/><input type=\"hidden\" name=\"_wpcf7_recaptcha_response\" value=\"\" \/>\n<\/fieldset>\n<p>Ich interessiere mich f\u00fcr:<br \/>\n<span class=\"wpcf7-form-control-wrap\" data-name=\"checkbox-232\"><span class=\"wpcf7-form-control wpcf7-checkbox\"><span class=\"wpcf7-list-item first\"><input type=\"checkbox\" name=\"checkbox-232[]\" value=\"Mehrfarbenetiketten\" \/><span class=\"wpcf7-list-item-label\">Mehrfarbenetiketten<\/span><\/span><span class=\"wpcf7-list-item\"><input type=\"checkbox\" name=\"checkbox-232[]\" value=\"In-Mould-Etiketten Mehrblattetiketten Faltblattetiketten Frachtetiketten Sicherheitsetiketten Diebstahlsicherungsetiketten\" \/><span class=\"wpcf7-list-item-label\">In-Mould-Etiketten Mehrblattetiketten Faltblattetiketten Frachtetiketten Sicherheitsetiketten Diebstahlsicherungsetiketten<\/span><\/span><span class=\"wpcf7-list-item last\"><input type=\"checkbox\" name=\"checkbox-232[]\" value=\"Spritzenetiketten Tickets\/Tags Thermotransferb\u00e4nder Anderes\" \/><span class=\"wpcf7-list-item-label\">Spritzenetiketten Tickets\/Tags Thermotransferb\u00e4nder Anderes<\/span><\/span><\/span><\/span>\n<\/p>\n<p>Umfang der Auflage:<br \/>\n<span class=\"wpcf7-form-control-wrap\" data-name=\"number-57\"><input class=\"wpcf7-form-control wpcf7-number wpcf7-validates-as-number\" aria-invalid=\"false\" value=\"\" type=\"number\" name=\"number-57\" \/><\/span>\n<\/p>\n<p>Format des Etiketts\/der Etiketten:<br \/>\n<span class=\"wpcf7-form-control-wrap\" data-name=\"text-123\"><input size=\"40\" maxlength=\"400\" class=\"wpcf7-form-control wpcf7-text\" aria-invalid=\"false\" value=\"\" type=\"text\" name=\"text-123\" \/><\/span>\n<\/p>\n<p>Gew\u00fcnschtes Material:<br \/>\n<span class=\"wpcf7-form-control-wrap\" data-name=\"text-material\"><input size=\"40\" maxlength=\"400\" class=\"wpcf7-form-control wpcf7-text\" aria-invalid=\"false\" value=\"\" type=\"text\" name=\"text-material\" \/><\/span>\n<\/p>\n<p>Klebstoff:<br \/>\n<span class=\"wpcf7-form-control-wrap\" data-name=\"menu-9\"><select class=\"wpcf7-form-control wpcf7-select\" aria-invalid=\"false\" name=\"menu-9\"><option value=\"Yes\">Yes<\/option><option value=\"No\">No<\/option><\/select><\/span>\n<\/p>\n<p>Bobine:<br \/>\n<span class=\"wpcf7-form-control-wrap\" data-name=\"text-bobin\"><input size=\"40\" maxlength=\"400\" class=\"wpcf7-form-control wpcf7-text\" aria-invalid=\"false\" value=\"\" type=\"text\" name=\"text-bobin\" \/><\/span>\n<\/p>\n<p>Gew\u00fcnschte Anzahl der Etiketten pro Rolle oder Bund:<br \/>\n<span class=\"wpcf7-form-control-wrap\" data-name=\"number-antal\"><input class=\"wpcf7-form-control wpcf7-number wpcf7-validates-as-number\" aria-invalid=\"false\" value=\"\" type=\"number\" name=\"number-antal\" \/><\/span>\n<\/p>\n<p>Anbringung:<br \/>\n<span class=\"wpcf7-form-control-wrap\" data-name=\"menu-applicering\"><select class=\"wpcf7-form-control wpcf7-select\" aria-invalid=\"false\" name=\"menu-applicering\"><option value=\"\">\u2013 V\u00e4lj ett alternativ \u2013<\/option><option value=\"Manually\">Manually<\/option><option value=\"Inline\">Inline<\/option><\/select><\/span>\n<\/p>\n<p>Wo soll das Etikett appliziert werden?<br \/>\n<span class=\"wpcf7-form-control-wrap\" data-name=\"fastning-123\"><input size=\"40\" maxlength=\"400\" class=\"wpcf7-form-control wpcf7-text\" aria-invalid=\"false\" value=\"\" type=\"text\" name=\"fastning-123\" \/><\/span>\n<\/p>\n<p>In welcher Umgebung soll sich das Etikett befinden?<br \/>\n<span class=\"wpcf7-form-control-wrap\" data-name=\"miljo-123\"><input size=\"40\" maxlength=\"400\" class=\"wpcf7-form-control wpcf7-text\" aria-invalid=\"false\" value=\"\" type=\"text\" name=\"miljo-123\" \/><\/span>\n<\/p>\n<p><label> Ihr Name (obligatorisch)<br \/>\n<span class=\"wpcf7-form-control-wrap\" data-name=\"your-name\"><input size=\"40\" maxlength=\"400\" class=\"wpcf7-form-control wpcf7-text wpcf7-validates-as-required\" aria-required=\"true\" aria-invalid=\"false\" value=\"\" type=\"text\" name=\"your-name\" \/><\/span> <\/label>\n<\/p>\n<p><label> Ihre E-Mail (obligatorisch)<br \/>\n<span class=\"wpcf7-form-control-wrap\" data-name=\"your-email\"><input size=\"40\" maxlength=\"400\" class=\"wpcf7-form-control wpcf7-email wpcf7-validates-as-required wpcf7-text wpcf7-validates-as-email\" aria-required=\"true\" aria-invalid=\"false\" value=\"\" type=\"email\" name=\"your-email\" \/><\/span> <\/label>\n<\/p>\n<p><label> Firma (obligatorisch)<br \/>\n<span class=\"wpcf7-form-control-wrap\" data-name=\"foretag\"><input size=\"40\" maxlength=\"400\" class=\"wpcf7-form-control wpcf7-text wpcf7-validates-as-required\" aria-required=\"true\" aria-invalid=\"false\" value=\"\" type=\"text\" name=\"foretag\" \/><\/span><\/label>\n<\/p>\n<p><label> Telefon<br \/>\n<span class=\"wpcf7-form-control-wrap\" data-name=\"tel-157\"><input size=\"40\" maxlength=\"400\" class=\"wpcf7-form-control wpcf7-tel wpcf7-text wpcf7-validates-as-tel\" aria-invalid=\"false\" value=\"\" type=\"tel\" name=\"tel-157\" \/><\/span><\/label>\n<\/p>\n<p><input class=\"wpcf7-form-control wpcf7-submit has-spinner\" type=\"submit\" value=\"Anfrage schicken\" \/>\n<\/p><div class=\"wpcf7-response-output\" aria-hidden=\"true\"><\/div>\n<\/form>\n<\/div>\n[\/vc_tta_section][vc_tta_section title=&#8220;Kontaktanfrage&#8220; tab_id=&#8220;1580289862307-3826c588-3289&#8243;]\n<div class=\"wpcf7 no-js\" id=\"wpcf7-f4202-o2\" lang=\"sv-SE\" dir=\"ltr\" data-wpcf7-id=\"4202\">\n<div class=\"screen-reader-response\"><p role=\"status\" aria-live=\"polite\" aria-atomic=\"true\"><\/p> <ul><\/ul><\/div>\n<form action=\"\/de\/wp-json\/wp\/v2\/pages\/3970#wpcf7-f4202-o2\" method=\"post\" class=\"wpcf7-form init\" aria-label=\"Kontaktformul\u00e4r\" novalidate=\"novalidate\" data-status=\"init\">\n<fieldset class=\"hidden-fields-container\"><input type=\"hidden\" name=\"_wpcf7\" value=\"4202\" \/><input type=\"hidden\" name=\"_wpcf7_version\" value=\"6.1.5\" \/><input type=\"hidden\" name=\"_wpcf7_locale\" value=\"sv_SE\" \/><input type=\"hidden\" name=\"_wpcf7_unit_tag\" value=\"wpcf7-f4202-o2\" \/><input type=\"hidden\" name=\"_wpcf7_container_post\" value=\"0\" \/><input type=\"hidden\" name=\"_wpcf7_posted_data_hash\" value=\"\" \/><input type=\"hidden\" name=\"_wpcf7_recaptcha_response\" value=\"\" \/>\n<\/fieldset>\n<p><label> Anliegen<br \/>\n<span class=\"wpcf7-form-control-wrap\" data-name=\"textarea-6889\"><textarea cols=\"40\" rows=\"10\" maxlength=\"2000\" class=\"wpcf7-form-control wpcf7-textarea\" aria-invalid=\"false\" name=\"textarea-6889\"><\/textarea><\/span> <\/label>\n<\/p>\n<p><label> Name (obligatorisch)<br \/>\n<span class=\"wpcf7-form-control-wrap\" data-name=\"your-name\"><input size=\"40\" maxlength=\"400\" class=\"wpcf7-form-control wpcf7-text wpcf7-validates-as-required\" aria-required=\"true\" aria-invalid=\"false\" value=\"\" type=\"text\" name=\"your-name\" \/><\/span> <\/label>\n<\/p>\n<p><label> E-Mail (obligatorisch)<br \/>\n<span class=\"wpcf7-form-control-wrap\" data-name=\"your-email\"><input size=\"40\" maxlength=\"400\" class=\"wpcf7-form-control wpcf7-email wpcf7-validates-as-required wpcf7-text wpcf7-validates-as-email\" aria-required=\"true\" aria-invalid=\"false\" value=\"\" type=\"email\" name=\"your-email\" \/><\/span> <\/label>\n<\/p>\n<p><label> Firma<br \/>\n<span class=\"wpcf7-form-control-wrap\" data-name=\"foretag-856\"><input size=\"40\" maxlength=\"400\" class=\"wpcf7-form-control wpcf7-text\" aria-invalid=\"false\" value=\"\" type=\"text\" name=\"foretag-856\" \/><\/span><\/label>\n<\/p>\n<p><label> Telefon<br \/>\n<span class=\"wpcf7-form-control-wrap\" data-name=\"tel-246\"><input size=\"40\" maxlength=\"400\" class=\"wpcf7-form-control wpcf7-tel wpcf7-text wpcf7-validates-as-tel\" aria-invalid=\"false\" value=\"\" type=\"tel\" name=\"tel-246\" \/><\/span> <\/label>\n<\/p>\n<p><input class=\"wpcf7-form-control wpcf7-submit has-spinner\" type=\"submit\" value=\"Schicken\" \/>\n<\/p><div class=\"wpcf7-response-output\" aria-hidden=\"true\"><\/div>\n<\/form>\n<\/div>\n[\/vc_tta_section][\/vc_tta_tabs][\/vc_column][\/vc_row][vc_row full_width=&#8220;stretch_row_content_no_spaces&#8220;][vc_column]<div class=\"ult-spacer spacer-6a036dcac6ba5\" data-id=\"6a036dcac6ba5\" data-height=\"10\" data-height-mobile=\"10\" data-height-tab=\"10\" data-height-tab-portrait=\"10\" data-height-mobile-landscape=\"10\" style=\"clear:both;display:block;\"><\/div>[vc_separator color=&#8220;black&#8220; css=&#8220;&#8220;][vc_row_inner equal_height=&#8220;yes&#8220; content_placement=&#8220;middle&#8220;][vc_column_inner width=&#8220;1\/6&#8243;][\/vc_column_inner][vc_column_inner width=&#8220;1\/6&#8243;][vc_single_image image=&#8220;10646&#8243; img_size=&#8220;80&#215;80&#8243; css=&#8220;&#8220; image_hovers=&#8220;false&#8220;][\/vc_column_inner][vc_column_inner width=&#8220;1\/6&#8243;][\/vc_column_inner][vc_column_inner width=&#8220;1\/6&#8243;][\/vc_column_inner][vc_column_inner width=&#8220;1\/6&#8243;][vc_single_image image=&#8220;10651&#8243; img_size=&#8220;medium&#8220; alignment=&#8220;right&#8220; css=&#8220;&#8220; image_hovers=&#8220;false&#8220;][\/vc_column_inner][vc_column_inner width=&#8220;1\/6&#8243;][\/vc_column_inner][\/vc_row_inner][\/vc_column][\/vc_row]<\/p>\n<\/div>","protected":false},"excerpt":{"rendered":"<p>[vc_row][vc_column][vc_row_inner][vc_column_inner width=&#8220;1\/2&#8243;][vc_column_text css=&#8220;.vc_custom_1580911937519{margin-bottom: 20px !important;}&#8220;] M\u00f6chten Sie wissen, was wir bei Nordvalls f\u00fcr Sie tun k\u00f6nnen? Wir offerieren Ihnen gern eine Paketl\u00f6sung f\u00fcr die Bed\u00fcrfnisse in Ihrem Betrieb. Um Ihnen ein gutes Bild von unserem Angebot zu geben, ben\u00f6tigen wir einige Informationen von Ihnen. Zum Beispiel m\u00fcssen wir wissen, wie gro\u00df die von Ihnen geplante&hellip;<\/p>\n","protected":false},"author":1,"featured_media":0,"parent":0,"menu_order":0,"comment_status":"closed","ping_status":"closed","template":"","meta":{"footnotes":""},"class_list":["post-3970","page","type-page","status-publish","hentry","description-off"],"_links":{"self":[{"href":"https:\/\/nordvallsetikett.com\/de\/wp-json\/wp\/v2\/pages\/3970","targetHints":{"allow":["GET"]}}],"collection":[{"href":"https:\/\/nordvallsetikett.com\/de\/wp-json\/wp\/v2\/pages"}],"about":[{"href":"https:\/\/nordvallsetikett.com\/de\/wp-json\/wp\/v2\/types\/page"}],"author":[{"embeddable":true,"href":"https:\/\/nordvallsetikett.com\/de\/wp-json\/wp\/v2\/users\/1"}],"replies":[{"embeddable":true,"href":"https:\/\/nordvallsetikett.com\/de\/wp-json\/wp\/v2\/comments?post=3970"}],"version-history":[{"count":5,"href":"https:\/\/nordvallsetikett.com\/de\/wp-json\/wp\/v2\/pages\/3970\/revisions"}],"predecessor-version":[{"id":10852,"href":"https:\/\/nordvallsetikett.com\/de\/wp-json\/wp\/v2\/pages\/3970\/revisions\/10852"}],"wp:attachment":[{"href":"https:\/\/nordvallsetikett.com\/de\/wp-json\/wp\/v2\/media?parent=3970"}],"curies":[{"name":"wp","href":"https:\/\/api.w.org\/{rel}","templated":true}]}}