{"id":3974,"date":"2020-04-22T09:21:03","date_gmt":"2020-04-22T09:21:03","guid":{"rendered":"http:\/\/nordvalls.se\/ueber-nordvalls\/"},"modified":"2025-10-27T15:01:24","modified_gmt":"2025-10-27T15:01:24","slug":"ueber-nordvalls","status":"publish","type":"page","link":"https:\/\/nordvallsetikett.com\/de\/nordvalls-etiketten\/ueber-nordvalls\/","title":{"rendered":"\u00dcber Nordvalls"},"content":{"rendered":"<div class=\"wpb-content-wrapper\"><p>[vc_row][vc_column][vc_row_inner content_placement=&#8220;middle&#8220;][vc_column_inner width=&#8220;1\/2&#8243;][vc_column_text css=&#8220;&#8220;]<\/p>\n<h2>Nordvalls \u2013 Qualit\u00e4t, die besteht<\/h2>\n<p>Nordvalls ist eine Druckerei mit vielen Jahren auf dem Markt. Es ist viel passiert, seitdem unser Gr\u00fcnder Victor Hugo Olsson das Unternehmen im Jahr 1907 in Sj\u00f6bo\/Schonen gegr\u00fcndet hat. W\u00e4hrend unserer 100+ Jahre auf dem Markt haben wir gelernt, dass Kunden einen kompetenten Anbieter, der sich \u00fcber die Bedeutung von langfristigen Beziehungen und guter Zusammenarbeit bewusst ist, zu sch\u00e4tzen wissen. Selbstklebende Etiketten sind unser Fokus, und wir liefern sie mit Wissen, Qualit\u00e4t und Service.[\/vc_column_text][\/vc_column_inner][vc_column_inner width=&#8220;1\/2&#8243;]<div class=\"ult-spacer spacer-69e49770a1594\" data-id=\"69e49770a1594\" data-height=\"\" data-height-mobile=\"50\" data-height-tab=\"50\" data-height-tab-portrait=\"50\" data-height-mobile-landscape=\"50\" style=\"clear:both;display:block;\"><\/div><style type=\"text\/css\" data-type=\"the7_shortcodes-inline-css\">.shortcode-single-image-wrap.shortcode-single-image-4b9cbb3e76d9f45bb57178c0328a348e.enable-bg-rollover .rollover i,\n.shortcode-single-image-wrap.shortcode-single-image-4b9cbb3e76d9f45bb57178c0328a348e.enable-bg-rollover .rollover-video i {\n  background: -webkit-linear-gradient();\n  background: linear-gradient();\n}\n.shortcode-single-image-wrap.shortcode-single-image-4b9cbb3e76d9f45bb57178c0328a348e .rollover-icon {\n  font-size: 32px;\n  color: #ffffff;\n  min-width: 44px;\n  min-height: 44px;\n  line-height: 44px;\n  border-radius: 100px;\n  border-style: solid;\n  border-width: 0px;\n}\n.dt-icon-bg-on.shortcode-single-image-wrap.shortcode-single-image-4b9cbb3e76d9f45bb57178c0328a348e .rollover-icon {\n  background: rgba(255,255,255,0.3);\n  box-shadow: none;\n}<\/style><div class=\"shortcode-single-image-wrap shortcode-single-image-4b9cbb3e76d9f45bb57178c0328a348e alignnone  enable-bg-rollover dt-icon-bg-off\" style=\"margin-top:0px; margin-bottom:0px; margin-left:0px; margin-right:0px; width:500px;\"><div class=\"shortcode-single-image\"><div class=\"fancy-media-wrap  layzr-bg\" style=\"border-radius:40px;\"><img fetchpriority=\"high\" decoding=\"async\" class=\"preload-me lazy-load aspect\" src=\"data:image\/svg+xml,%3Csvg%20xmlns%3D&#39;http%3A%2F%2Fwww.w3.org%2F2000%2Fsvg&#39;%20viewBox%3D&#39;0%200%20500%20333&#39;%2F%3E\" data-src=\"https:\/\/nordvallsetikett.com\/wp-content\/uploads\/2020\/04\/200311_2651_nordvalls-1-2-500x333.jpg\" data-srcset=\"https:\/\/nordvallsetikett.com\/wp-content\/uploads\/2020\/04\/200311_2651_nordvalls-1-2-500x333.jpg 500w, https:\/\/nordvallsetikett.com\/wp-content\/uploads\/2020\/04\/200311_2651_nordvalls-1-2-1000x666.jpg 1000w\" loading=\"eager\" sizes=\"(max-width: 500px) 100vw, 500px\" width=\"500\" height=\"333\"  data-dt-location=\"https:\/\/nordvallsetikett.com\/de\/nordvalls-etikett\/om-nordvalls\/attachment\/vid-fragor-om-bilden-skriv-till-christian-anderssonapeloga-se-27\/\" style=\"--ratio: 500 \/ 333;border-radius:40px;\" alt=\"Nordvalls Etikett\" \/><\/div><\/div><\/div>[\/vc_column_inner][\/vc_row_inner]<div class=\"ult-spacer spacer-69e49770a2d07\" data-id=\"69e49770a2d07\" data-height=\"50\" data-height-mobile=\"30\" data-height-tab=\"\" data-height-tab-portrait=\"\" data-height-mobile-landscape=\"\" style=\"clear:both;display:block;\"><\/div>[vc_row_inner content_placement=&#8220;middle&#8220;][vc_column_inner width=&#8220;1\/2&#8243;]<style type=\"text\/css\" data-type=\"the7_shortcodes-inline-css\">.shortcode-single-image-wrap.shortcode-single-image-d35cc3739860bfeda13cc2ff543fdcb8.enable-bg-rollover .rollover i,\n.shortcode-single-image-wrap.shortcode-single-image-d35cc3739860bfeda13cc2ff543fdcb8.enable-bg-rollover .rollover-video i {\n  background: -webkit-linear-gradient();\n  background: linear-gradient();\n}\n.shortcode-single-image-wrap.shortcode-single-image-d35cc3739860bfeda13cc2ff543fdcb8 .rollover-icon {\n  font-size: 32px;\n  color: #ffffff;\n  min-width: 44px;\n  min-height: 44px;\n  line-height: 44px;\n  border-radius: 100px;\n  border-style: solid;\n  border-width: 0px;\n}\n.dt-icon-bg-on.shortcode-single-image-wrap.shortcode-single-image-d35cc3739860bfeda13cc2ff543fdcb8 .rollover-icon {\n  background: rgba(255,255,255,0.3);\n  box-shadow: none;\n}<\/style><div class=\"shortcode-single-image-wrap shortcode-single-image-d35cc3739860bfeda13cc2ff543fdcb8 alignnone  enable-bg-rollover dt-icon-bg-off\" style=\"margin-top:0px; margin-bottom:0px; margin-left:0px; margin-right:0px; width:500px;\"><div class=\"shortcode-single-image\"><div class=\"fancy-media-wrap  layzr-bg\" style=\"border-radius:40px;\"><img decoding=\"async\" class=\"preload-me lazy-load aspect\" src=\"data:image\/svg+xml,%3Csvg%20xmlns%3D&#39;http%3A%2F%2Fwww.w3.org%2F2000%2Fsvg&#39;%20viewBox%3D&#39;0%200%20500%20333&#39;%2F%3E\" data-src=\"https:\/\/nordvallsetikett.com\/wp-content\/uploads\/2019\/12\/191121_nordvalls2431-500x333.jpg\" data-srcset=\"https:\/\/nordvallsetikett.com\/wp-content\/uploads\/2019\/12\/191121_nordvalls2431-500x333.jpg 500w, https:\/\/nordvallsetikett.com\/wp-content\/uploads\/2019\/12\/191121_nordvalls2431-1000x666.jpg 1000w\" loading=\"eager\" sizes=\"(max-width: 500px) 100vw, 500px\" width=\"500\" height=\"333\"  data-dt-location=\"https:\/\/nordvallsetikett.com\/de\/nyheter\/forst-i-skandinavien-med-hp-v12\/attachment\/vid-fragor-om-bilden-mejla-erika-weilandapeloga-se-4\/\" style=\"--ratio: 500 \/ 333;border-radius:40px;\" alt=\"\" \/><\/div><\/div><\/div><div class=\"ult-spacer spacer-69e49770a462b\" data-id=\"69e49770a462b\" data-height=\"\" data-height-mobile=\"50\" data-height-tab=\"50\" data-height-tab-portrait=\"50\" data-height-mobile-landscape=\"50\" style=\"clear:both;display:block;\"><\/div>[\/vc_column_inner][vc_column_inner width=&#8220;1\/2&#8243;][vc_column_text]<\/p>\n<h3>F\u00fchrender Etikettenhersteller<\/h3>\n<p>Nordvalls produziert derzeit in drei Fabriken, eine an unserem Hauptsitz in Sj\u00f6bo, die andere in Bjuv und die dritte in N\u00e4ssj\u00f6. Nordvalls ist einer der gr\u00f6\u00dften Etikettendrucker Schwedens.[\/vc_column_text][\/vc_column_inner][\/vc_row_inner]<div class=\"ult-spacer spacer-69e49770a467e\" data-id=\"69e49770a467e\" data-height=\"50\" data-height-mobile=\"30\" data-height-tab=\"\" data-height-tab-portrait=\"\" data-height-mobile-landscape=\"\" style=\"clear:both;display:block;\"><\/div>[vc_row_inner content_placement=&#8220;middle&#8220;][vc_column_inner width=&#8220;1\/2&#8243;][vc_column_text]<\/p>\n<h3>Ein Teil der Possehl Gruppe<\/h3>\n<p>Nordvalls ist seit 2017 Mitglied der Possehl-Gruppe. Die Possehl-Gruppe ist eine Unternehmensgruppe mit Sitz in L\u00fcbeck, die aus acht finanziell voneinander unabh\u00e4ngigen Gesch\u00e4ftsbereichen besteht. Die Possehl-Gruppe umfasst au\u00dferdem 200 Tochtergesellschaften in rund 30 L\u00e4ndern. Im Gesch\u00e4ftsjahr 2019 erzielte der Konzern einen Umsatz von 4,1 Mrd. EUR bei einem Eigenkapital von 1,1 Mrd. EUR. Die Possehl-Gruppe besch\u00e4ftigt weltweit rund 13.300 Mitarbeiter.[\/vc_column_text][\/vc_column_inner][vc_column_inner width=&#8220;1\/2&#8243;]<div class=\"ult-spacer spacer-69e49770a46b2\" data-id=\"69e49770a46b2\" data-height=\"\" data-height-mobile=\"50\" data-height-tab=\"50\" data-height-tab-portrait=\"50\" data-height-mobile-landscape=\"50\" style=\"clear:both;display:block;\"><\/div><style type=\"text\/css\" data-type=\"the7_shortcodes-inline-css\">.shortcode-single-image-wrap.shortcode-single-image-84525a9748d8752ea77a26d21f37fc3d.enable-bg-rollover .rollover i,\n.shortcode-single-image-wrap.shortcode-single-image-84525a9748d8752ea77a26d21f37fc3d.enable-bg-rollover .rollover-video i {\n  background: -webkit-linear-gradient();\n  background: linear-gradient();\n}\n.shortcode-single-image-wrap.shortcode-single-image-84525a9748d8752ea77a26d21f37fc3d .rollover-icon {\n  font-size: 32px;\n  color: #ffffff;\n  min-width: 44px;\n  min-height: 44px;\n  line-height: 44px;\n  border-radius: 100px;\n  border-style: solid;\n  border-width: 0px;\n}\n.dt-icon-bg-on.shortcode-single-image-wrap.shortcode-single-image-84525a9748d8752ea77a26d21f37fc3d .rollover-icon {\n  background: rgba(255,255,255,0.3);\n  box-shadow: none;\n}<\/style><div class=\"shortcode-single-image-wrap shortcode-single-image-84525a9748d8752ea77a26d21f37fc3d alignnone  enable-bg-rollover dt-icon-bg-off\" style=\"margin-top:0px; margin-bottom:0px; margin-left:0px; margin-right:0px; width:500px;\"><div class=\"shortcode-single-image\"><div class=\"fancy-media-wrap  layzr-bg\" style=\"border-radius:40px;\"><img decoding=\"async\" class=\"preload-me lazy-load aspect\" src=\"data:image\/svg+xml,%3Csvg%20xmlns%3D&#39;http%3A%2F%2Fwww.w3.org%2F2000%2Fsvg&#39;%20viewBox%3D&#39;0%200%20500%20333&#39;%2F%3E\" data-src=\"https:\/\/nordvallsetikett.com\/wp-content\/uploads\/2019\/12\/191121_0530_nordvalls-500x333.jpg\" data-srcset=\"https:\/\/nordvallsetikett.com\/wp-content\/uploads\/2019\/12\/191121_0530_nordvalls-500x333.jpg 500w, https:\/\/nordvallsetikett.com\/wp-content\/uploads\/2019\/12\/191121_0530_nordvalls-1000x666.jpg 1000w\" loading=\"eager\" sizes=\"(max-width: 500px) 100vw, 500px\" width=\"500\" height=\"333\"  data-dt-location=\"https:\/\/nordvallsetikett.com\/de\/nyheter\/forst-i-skandinavien-med-hp-v12\/attachment\/vid-fragor-om-bilden-skriv-till-christian-anderssonapeloga-se-8\/\" style=\"--ratio: 500 \/ 333;border-radius:40px;\" alt=\"Liselott Widerstr\u00f6m_Nordvalls Etikett\" \/><\/div><\/div><\/div>[\/vc_column_inner][\/vc_row_inner]<div class=\"ult-spacer spacer-69e49770a53db\" data-id=\"69e49770a53db\" data-height=\"50\" data-height-mobile=\"30\" data-height-tab=\"\" data-height-tab-portrait=\"\" data-height-mobile-landscape=\"\" style=\"clear:both;display:block;\"><\/div>[vc_row_inner content_placement=&#8220;middle&#8220;][vc_column_inner width=&#8220;1\/2&#8243;]<style type=\"text\/css\" data-type=\"the7_shortcodes-inline-css\">.shortcode-single-image-wrap.shortcode-single-image-1f6a088395b365433b7eb387bc7659b6.enable-bg-rollover .rollover i,\n.shortcode-single-image-wrap.shortcode-single-image-1f6a088395b365433b7eb387bc7659b6.enable-bg-rollover .rollover-video i {\n  background: -webkit-linear-gradient();\n  background: linear-gradient();\n}\n.shortcode-single-image-wrap.shortcode-single-image-1f6a088395b365433b7eb387bc7659b6 .rollover-icon {\n  font-size: 32px;\n  color: #ffffff;\n  min-width: 44px;\n  min-height: 44px;\n  line-height: 44px;\n  border-radius: 100px;\n  border-style: solid;\n  border-width: 0px;\n}\n.dt-icon-bg-on.shortcode-single-image-wrap.shortcode-single-image-1f6a088395b365433b7eb387bc7659b6 .rollover-icon {\n  background: rgba(255,255,255,0.3);\n  box-shadow: none;\n}<\/style><div class=\"shortcode-single-image-wrap shortcode-single-image-1f6a088395b365433b7eb387bc7659b6 alignnone  enable-bg-rollover dt-icon-bg-off\" style=\"margin-top:0px; margin-bottom:0px; margin-left:0px; margin-right:0px; width:500px;\"><div class=\"shortcode-single-image\"><div class=\"fancy-media-wrap  layzr-bg\" style=\"border-radius:40px;\"><img decoding=\"async\" class=\"preload-me lazy-load aspect\" src=\"data:image\/svg+xml,%3Csvg%20xmlns%3D&#39;http%3A%2F%2Fwww.w3.org%2F2000%2Fsvg&#39;%20viewBox%3D&#39;0%200%20500%20333&#39;%2F%3E\" data-src=\"https:\/\/nordvallsetikett.com\/wp-content\/uploads\/2020\/04\/Fo\u0308rslutningsetikett_nordvalls-500x333.jpg\" data-srcset=\"https:\/\/nordvallsetikett.com\/wp-content\/uploads\/2020\/04\/Fo\u0308rslutningsetikett_nordvalls-500x333.jpg 500w, https:\/\/nordvallsetikett.com\/wp-content\/uploads\/2020\/04\/Fo\u0308rslutningsetikett_nordvalls-1000x666.jpg 1000w\" loading=\"eager\" sizes=\"(max-width: 500px) 100vw, 500px\" width=\"500\" height=\"333\"  data-dt-location=\"https:\/\/nordvallsetikett.com\/de\/etiketter\/forslutningsetiketter\/attachment\/vid-fragor-om-bilden-mejla-erika-weilandapeloga-se-21\/\" style=\"--ratio: 500 \/ 333;border-radius:40px;\" alt=\"Livsmedelsetikett_digitaltryck\" \/><\/div><\/div><\/div><div class=\"ult-spacer spacer-69e49770a61ce\" data-id=\"69e49770a61ce\" data-height=\"\" data-height-mobile=\"50\" data-height-tab=\"50\" data-height-tab-portrait=\"50\" data-height-mobile-landscape=\"50\" style=\"clear:both;display:block;\"><\/div>[\/vc_column_inner][vc_column_inner width=&#8220;1\/2&#8243;][vc_column_text]<\/p>\n<h3>Nordvalls \u2013 ein nachhaltiges Angebot<\/h3>\n<p>Selbstklebende Etiketten von Nordvalls sind gut gefertigte Etiketten, die von Druckern mit langj\u00e4hriger Erfahrung hergestellt sind. Bei uns finden Sie alles, von Mehrfarbenetiketten und Mehrblattetiketten bis hin zu Sicherheitsetiketten und Blankoetiketten. Wir wissen, dass es sowohl schwierig als auch verwirrend sein kann, zu wissen, welche Art von Etiketten in einem bestimmten Unternehmen oder f\u00fcr einen bestimmten Zweck am besten funktionieren. Deshalb sind wir immer f\u00fcr Sie da, um Sie zu beraten, und wir helfen Ihnen gern auf dem Weg zum besten Resultat.[\/vc_column_text][\/vc_column_inner][\/vc_row_inner]<div class=\"ult-spacer spacer-69e49770a6205\" data-id=\"69e49770a6205\" data-height=\"50\" data-height-mobile=\"30\" data-height-tab=\"\" data-height-tab-portrait=\"\" data-height-mobile-landscape=\"\" style=\"clear:both;display:block;\"><\/div>[vc_row_inner content_placement=&#8220;middle&#8220;][vc_column_inner width=&#8220;1\/2&#8243;][vc_column_text]<\/p>\n<h3>Nordvalls \u2013 an der Seite des Kunden<\/h3>\n<p>Wir bekommen viel Lob f\u00fcr unseren Service und unsere Bereitschaft, unsere Kunden gl\u00fccklich zu machen. Das freut uns, weil wir uns zielbewusst darum bem\u00fchen, stets einen guten Service anzubieten und, nat\u00fcrlich, Produkte von guter Qualit\u00e4t zu liefern. Unsere Kunden sind unsere Partner. Wir glauben an langfristige und dauerhafte Beziehungen zu unseren Kunden.<br \/>\nEtiketten k\u00f6nnen sowohl ein kleiner als auch ein gro\u00dfer Teil eines Produkts oder einer Verpackung sein. Unabh\u00e4ngig von seiner Gr\u00f6\u00dfe hat es oft eine wichtige Bedeutung. Es gibt selten Platz f\u00fcr Probleme. Wir haben die Etiketten unter Kontrolle. W\u00e4hlen Sie uns als zuverl\u00e4ssigen, sachkundigen und flexiblen Etikettenanbieter an Ihrer Seite.[\/vc_column_text][\/vc_column_inner][vc_column_inner width=&#8220;1\/2&#8243;]<div class=\"ult-spacer spacer-69e49770a6249\" data-id=\"69e49770a6249\" data-height=\"\" data-height-mobile=\"50\" data-height-tab=\"50\" data-height-tab-portrait=\"50\" data-height-mobile-landscape=\"50\" style=\"clear:both;display:block;\"><\/div><style type=\"text\/css\" data-type=\"the7_shortcodes-inline-css\">.shortcode-single-image-wrap.shortcode-single-image-ae77a6c35f7ba9e98cf8a9564c3db179.enable-bg-rollover .rollover i,\n.shortcode-single-image-wrap.shortcode-single-image-ae77a6c35f7ba9e98cf8a9564c3db179.enable-bg-rollover .rollover-video i {\n  background: -webkit-linear-gradient();\n  background: linear-gradient();\n}\n.shortcode-single-image-wrap.shortcode-single-image-ae77a6c35f7ba9e98cf8a9564c3db179 .rollover-icon {\n  font-size: 32px;\n  color: #ffffff;\n  min-width: 44px;\n  min-height: 44px;\n  line-height: 44px;\n  border-radius: 100px;\n  border-style: solid;\n  border-width: 0px;\n}\n.dt-icon-bg-on.shortcode-single-image-wrap.shortcode-single-image-ae77a6c35f7ba9e98cf8a9564c3db179 .rollover-icon {\n  background: rgba(255,255,255,0.3);\n  box-shadow: none;\n}<\/style><div class=\"shortcode-single-image-wrap shortcode-single-image-ae77a6c35f7ba9e98cf8a9564c3db179 alignnone  enable-bg-rollover dt-icon-bg-off\" style=\"margin-top:0px; margin-bottom:0px; margin-left:0px; margin-right:0px; width:500px;\"><div class=\"shortcode-single-image\"><div class=\"fancy-media-wrap  layzr-bg\" style=\"border-radius:40px;\"><img decoding=\"async\" class=\"preload-me lazy-load aspect\" src=\"data:image\/svg+xml,%3Csvg%20xmlns%3D&#39;http%3A%2F%2Fwww.w3.org%2F2000%2Fsvg&#39;%20viewBox%3D&#39;0%200%20500%20333&#39;%2F%3E\" data-src=\"https:\/\/nordvallsetikett.com\/wp-content\/uploads\/2020\/04\/200311_1522_nordvalls-500x333.jpg\" data-srcset=\"https:\/\/nordvallsetikett.com\/wp-content\/uploads\/2020\/04\/200311_1522_nordvalls-500x333.jpg 500w, https:\/\/nordvallsetikett.com\/wp-content\/uploads\/2020\/04\/200311_1522_nordvalls-1000x666.jpg 1000w\" loading=\"eager\" sizes=\"(max-width: 500px) 100vw, 500px\" width=\"500\" height=\"333\"  data-dt-location=\"https:\/\/nordvallsetikett.com\/de\/nordvalls-etikett\/om-nordvalls\/vision-och-affarside\/attachment\/vid-fragor-om-bilden-mejla-erika-weilandapeloga-se-26\/\" style=\"--ratio: 500 \/ 333;border-radius:40px;\" alt=\"Nordvalls Etikett\" \/><\/div><\/div><\/div>[\/vc_column_inner][\/vc_row_inner]<div class=\"ult-spacer spacer-69e49770a723a\" data-id=\"69e49770a723a\" data-height=\"50\" data-height-mobile=\"30\" data-height-tab=\"\" data-height-tab-portrait=\"\" data-height-mobile-landscape=\"\" style=\"clear:both;display:block;\"><\/div>[\/vc_column][\/vc_row][vc_row full_width=&#8220;stretch_row_content_no_spaces&#8220;][vc_column]<div class=\"ult-spacer spacer-69e49770a7272\" data-id=\"69e49770a7272\" data-height=\"10\" data-height-mobile=\"10\" data-height-tab=\"10\" data-height-tab-portrait=\"10\" data-height-mobile-landscape=\"10\" style=\"clear:both;display:block;\"><\/div>[vc_separator color=&#8220;black&#8220; css=&#8220;&#8220;][vc_row_inner equal_height=&#8220;yes&#8220; content_placement=&#8220;middle&#8220;][vc_column_inner width=&#8220;1\/6&#8243;][\/vc_column_inner][vc_column_inner width=&#8220;1\/6&#8243;][vc_single_image image=&#8220;10646&#8243; img_size=&#8220;80&#215;80&#8243; css=&#8220;&#8220; image_hovers=&#8220;false&#8220;][\/vc_column_inner][vc_column_inner width=&#8220;1\/6&#8243;][\/vc_column_inner][vc_column_inner width=&#8220;1\/6&#8243;][\/vc_column_inner][vc_column_inner width=&#8220;1\/6&#8243;][vc_single_image image=&#8220;10651&#8243; img_size=&#8220;medium&#8220; alignment=&#8220;right&#8220; css=&#8220;&#8220; image_hovers=&#8220;false&#8220;][\/vc_column_inner][vc_column_inner width=&#8220;1\/6&#8243;][\/vc_column_inner][\/vc_row_inner][\/vc_column][\/vc_row]<\/p>\n<\/div>","protected":false},"excerpt":{"rendered":"<p>[vc_row][vc_column][vc_row_inner content_placement=&#8220;middle&#8220;][vc_column_inner width=&#8220;1\/2&#8243;][vc_column_text css=&#8220;&#8220;] Nordvalls \u2013 Qualit\u00e4t, die besteht Nordvalls ist eine Druckerei mit vielen Jahren auf dem Markt. Es ist viel passiert, seitdem unser Gr\u00fcnder Victor Hugo Olsson das Unternehmen im Jahr 1907 in Sj\u00f6bo\/Schonen gegr\u00fcndet hat. W\u00e4hrend unserer 100+ Jahre auf dem Markt haben wir gelernt, dass Kunden einen kompetenten Anbieter, der sich&hellip;<\/p>\n","protected":false},"author":1,"featured_media":0,"parent":3943,"menu_order":0,"comment_status":"closed","ping_status":"closed","template":"","meta":{"footnotes":""},"class_list":["post-3974","page","type-page","status-publish","hentry","description-off"],"_links":{"self":[{"href":"https:\/\/nordvallsetikett.com\/de\/wp-json\/wp\/v2\/pages\/3974","targetHints":{"allow":["GET"]}}],"collection":[{"href":"https:\/\/nordvallsetikett.com\/de\/wp-json\/wp\/v2\/pages"}],"about":[{"href":"https:\/\/nordvallsetikett.com\/de\/wp-json\/wp\/v2\/types\/page"}],"author":[{"embeddable":true,"href":"https:\/\/nordvallsetikett.com\/de\/wp-json\/wp\/v2\/users\/1"}],"replies":[{"embeddable":true,"href":"https:\/\/nordvallsetikett.com\/de\/wp-json\/wp\/v2\/comments?post=3974"}],"version-history":[{"count":7,"href":"https:\/\/nordvallsetikett.com\/de\/wp-json\/wp\/v2\/pages\/3974\/revisions"}],"predecessor-version":[{"id":10854,"href":"https:\/\/nordvallsetikett.com\/de\/wp-json\/wp\/v2\/pages\/3974\/revisions\/10854"}],"up":[{"embeddable":true,"href":"https:\/\/nordvallsetikett.com\/de\/wp-json\/wp\/v2\/pages\/3943"}],"wp:attachment":[{"href":"https:\/\/nordvallsetikett.com\/de\/wp-json\/wp\/v2\/media?parent=3974"}],"curies":[{"name":"wp","href":"https:\/\/api.w.org\/{rel}","templated":true}]}}