{"id":3976,"date":"2020-04-22T09:24:55","date_gmt":"2020-04-22T09:24:55","guid":{"rendered":"http:\/\/nordvalls.se\/ueber-nordvalls\/nachhaltigkeit\/"},"modified":"2025-10-27T15:02:40","modified_gmt":"2025-10-27T15:02:40","slug":"nachhaltigkeit","status":"publish","type":"page","link":"https:\/\/nordvallsetikett.com\/de\/nordvalls-etiketten\/ueber-nordvalls\/nachhaltigkeit\/","title":{"rendered":"Nachhaltigkeit"},"content":{"rendered":"<div class=\"wpb-content-wrapper\"><p>[vc_row][vc_column][vc_row_inner content_placement=&#8220;middle&#8220;][vc_column_inner width=&#8220;1\/2&#8243;][vc_column_text]<\/p>\n<h2>Was bedeutet Nachhaltigkeit f\u00fcr uns bei Nordvalls?<\/h2>\n<p>Bei Nordvalls meinen wir, dass \u00f6kologische, \u00f6konomische und soziale Nachhaltigkeit miteinander verbunden sind und sich gegenseitig beeinflussen. Alle Bereiche zu ber\u00fccksichtigen und aktiv mit diesen zu arbeiten, f\u00fchrt zu realer Nachhaltigkeit. Nachhaltigkeit, die dauerhaft und erfolgreich ist. Was verstehen wir unter Nachhaltigkeit bei Nordvalls? Auf welche Weise arbeiten wir, um die M\u00f6glichkeiten k\u00fcnftiger Generationen zur Befriedigung ihrer Bed\u00fcrfnisse zu sichern?[\/vc_column_text][\/vc_column_inner][vc_column_inner width=&#8220;1\/2&#8243;]<div class=\"ult-spacer spacer-69e7aa8d43a3d\" data-id=\"69e7aa8d43a3d\" data-height=\"\" data-height-mobile=\"50\" data-height-tab=\"50\" data-height-tab-portrait=\"50\" data-height-mobile-landscape=\"50\" style=\"clear:both;display:block;\"><\/div><style type=\"text\/css\" data-type=\"the7_shortcodes-inline-css\">.shortcode-single-image-wrap.shortcode-single-image-524ce13182ea18226e0af5c6dfc231aa.enable-bg-rollover .rollover i,\n.shortcode-single-image-wrap.shortcode-single-image-524ce13182ea18226e0af5c6dfc231aa.enable-bg-rollover .rollover-video i {\n  background: -webkit-linear-gradient();\n  background: linear-gradient();\n}\n.shortcode-single-image-wrap.shortcode-single-image-524ce13182ea18226e0af5c6dfc231aa .rollover-icon {\n  font-size: 32px;\n  color: #ffffff;\n  min-width: 44px;\n  min-height: 44px;\n  line-height: 44px;\n  border-radius: 100px;\n  border-style: solid;\n  border-width: 0px;\n}\n.dt-icon-bg-on.shortcode-single-image-wrap.shortcode-single-image-524ce13182ea18226e0af5c6dfc231aa .rollover-icon {\n  background: rgba(255,255,255,0.3);\n  box-shadow: none;\n}<\/style><div class=\"shortcode-single-image-wrap shortcode-single-image-524ce13182ea18226e0af5c6dfc231aa alignright  enable-bg-rollover dt-icon-bg-off\" style=\"margin-top:0px; margin-bottom:0px; margin-left:0px; margin-right:0px; width:500px;\"><div class=\"shortcode-single-image\"><div class=\"fancy-media-wrap  layzr-bg\" style=\"border-radius:40px;\"><img fetchpriority=\"high\" decoding=\"async\" class=\"preload-me lazy-load aspect\" src=\"data:image\/svg+xml,%3Csvg%20xmlns%3D&#39;http%3A%2F%2Fwww.w3.org%2F2000%2Fsvg&#39;%20viewBox%3D&#39;0%200%20500%20333&#39;%2F%3E\" data-src=\"https:\/\/nordvallsetikett.com\/wp-content\/uploads\/2020\/04\/200311_2830_nordvalls-1-500x333.jpg\" data-srcset=\"https:\/\/nordvallsetikett.com\/wp-content\/uploads\/2020\/04\/200311_2830_nordvalls-1-500x333.jpg 500w, https:\/\/nordvallsetikett.com\/wp-content\/uploads\/2020\/04\/200311_2830_nordvalls-1-1000x666.jpg 1000w\" loading=\"eager\" sizes=\"(max-width: 500px) 100vw, 500px\" width=\"500\" height=\"333\"  data-dt-location=\"https:\/\/nordvallsetikett.com\/de\/nordvalls-etikett\/om-nordvalls\/attachment\/vid-fragor-om-bilden-skriv-till-christian-anderssonapeloga-se-23\/\" style=\"--ratio: 500 \/ 333;border-radius:40px;\" alt=\"H\u00e5llbarhet-Nordvalls Etikett\" \/><\/div><\/div><\/div>[\/vc_column_inner][\/vc_row_inner]<div class=\"ult-spacer spacer-69e7aa8d44ee5\" data-id=\"69e7aa8d44ee5\" data-height=\"100\" data-height-mobile=\"50\" data-height-tab=\"\" data-height-tab-portrait=\"\" data-height-mobile-landscape=\"\" style=\"clear:both;display:block;\"><\/div>[vc_row_inner][vc_column_inner width=&#8220;1\/2&#8243;]<style type=\"text\/css\" data-type=\"the7_shortcodes-inline-css\">.shortcode-single-image-wrap.shortcode-single-image-d2a5f87ee37e2a28024b42e0e9f62370.enable-bg-rollover .rollover i,\n.shortcode-single-image-wrap.shortcode-single-image-d2a5f87ee37e2a28024b42e0e9f62370.enable-bg-rollover .rollover-video i {\n  background: -webkit-linear-gradient();\n  background: linear-gradient();\n}\n.shortcode-single-image-wrap.shortcode-single-image-d2a5f87ee37e2a28024b42e0e9f62370 .rollover-icon {\n  font-size: 32px;\n  color: #ffffff;\n  min-width: 44px;\n  min-height: 44px;\n  line-height: 44px;\n  border-radius: 100px;\n  border-style: solid;\n  border-width: 0px;\n}\n.dt-icon-bg-on.shortcode-single-image-wrap.shortcode-single-image-d2a5f87ee37e2a28024b42e0e9f62370 .rollover-icon {\n  background: rgba(255,255,255,0.3);\n  box-shadow: none;\n}<\/style><div class=\"shortcode-single-image-wrap shortcode-single-image-d2a5f87ee37e2a28024b42e0e9f62370 alignleft  enable-bg-rollover dt-icon-bg-off\" style=\"margin-top:0px; margin-bottom:0px; margin-left:0px; margin-right:0px; width:500px;\"><div class=\"shortcode-single-image\"><div class=\"fancy-media-wrap  layzr-bg\" style=\"border-radius:40px;\"><img decoding=\"async\" class=\"preload-me lazy-load aspect\" src=\"data:image\/svg+xml,%3Csvg%20xmlns%3D&#39;http%3A%2F%2Fwww.w3.org%2F2000%2Fsvg&#39;%20viewBox%3D&#39;0%200%20500%20333&#39;%2F%3E\" data-src=\"https:\/\/nordvallsetikett.com\/wp-content\/uploads\/2019\/12\/191121_nordvalls2666-1-500x333.jpg\" data-srcset=\"https:\/\/nordvallsetikett.com\/wp-content\/uploads\/2019\/12\/191121_nordvalls2666-1-500x333.jpg 500w, https:\/\/nordvallsetikett.com\/wp-content\/uploads\/2019\/12\/191121_nordvalls2666-1-1000x666.jpg 1000w\" loading=\"eager\" sizes=\"(max-width: 500px) 100vw, 500px\" width=\"500\" height=\"333\"  data-dt-location=\"https:\/\/nordvallsetikett.com\/de\/nyheter\/forst-i-skandinavien-med-hp-v12\/attachment\/vid-fragor-om-bilden-mejla-erika-weilandapeloga-se-8\/\" style=\"--ratio: 500 \/ 333;border-radius:40px;\" alt=\"\" \/><\/div><\/div><\/div><div class=\"ult-spacer spacer-69e7aa8d46ed1\" data-id=\"69e7aa8d46ed1\" data-height=\"\" data-height-mobile=\"50\" data-height-tab=\"50\" data-height-tab-portrait=\"50\" data-height-mobile-landscape=\"50\" style=\"clear:both;display:block;\"><\/div>[\/vc_column_inner][vc_column_inner width=&#8220;1\/2&#8243;][vc_column_text]<\/p>\n<h3>Nachhaltige Produktion und nachhaltige Produkte f\u00fcr unsere gemeinsame Zukunft<\/h3>\n<p>Heute sprechen viele Unternehmen von der Bedeutung nachhaltiger L\u00f6sungen und Produkte. Viele neue Unternehmen betonen Nachhaltigkeit als einen wichtigen Teil ihrer Gesch\u00e4fte. Das finden wir sehr positiv. Seit Nordvalls 1907 das Licht der Welt erblickte, haben wir uns im Einklang mit unserem umliegenden Markt und den Bed\u00fcrfnissen unserer Kunden entwickelt.<\/p>\n<p>Wir freuen uns, dass Kunden zunehmend eine nachhaltige Produktion fordern und Produkte verlangen, die unsere gemeinsame Umwelt und unsere Zukunft ber\u00fccksichtigen. Als Anbieter von Etiketten f\u00fcr Unternehmen in vielen verschiedenen Branchen sind wir bestrebt, ein m\u00f6glichst breites Spektrum an umwelt- und klimafreundlichen Materialien anzubieten.<\/p>\n<p>M\u00f6chten Sie mit uns \u00fcber nachhaltige und umweltfreundliche Materialien sprechen? Unser Verkaufsteam erz\u00e4hlt und zeigt Ihnen gern, was wir anbieten k\u00f6nnen.[\/vc_column_text][\/vc_column_inner][\/vc_row_inner]<div class=\"ult-spacer spacer-69e7aa8d46f10\" data-id=\"69e7aa8d46f10\" data-height=\"100\" data-height-mobile=\"50\" data-height-tab=\"\" data-height-tab-portrait=\"\" data-height-mobile-landscape=\"\" style=\"clear:both;display:block;\"><\/div>[\/vc_column][\/vc_row][vc_row css=&#8220;.vc_custom_1574152718956{margin-top: 40px !important;margin-bottom: 40px !important;}&#8220;][vc_column width=&#8220;1\/2&#8243;][vc_column_text]<\/p>\n<h3>Hundert Jahre nachhaltiges Unternehmertum<\/h3>\n<p>Nordvalls hat seit \u00fcber einem Jahrhundert eine starke lokale Verankerung, und wir sind stolz darauf, seit vielen Jahren ein Arbeitgeber zu sein, auf den sich viele Menschen verlassen k\u00f6nnen. Bei Nordvalls handelt Nachhaltigkeit davon, unsere 113-j\u00e4hrige Geschichte als Druckerei so gut wie m\u00f6glich zu verwalten. Das bedeutet, dass wir die geltenden Gesetze und Vorschriften in Bezug auf Chemikalienanwendung, Abfallentsorgung, Arbeitsumwelt und Sicherheit gewissenhaft befolgen.<\/p>\n<p>Wir arbeiten zielgerichtet daran, die Qualit\u00e4t von sowohl unserer Produktion als auch unserer Produkte weiterzuentwickeln und zu optimieren. Wir ber\u00fccksichtigen die Umwelt, das Klima und die Menschen bei allen Entscheidungen, die wir in Bezug auf unsere Produktion, unsere Herstellung und unsere Gesch\u00e4ftst\u00e4tigkeit treffen. Wir sind uns unserer Verantwortung bewusst, ein guter Arbeitgeber zu sein, der zur Gesellschaft, zu der wir geh\u00f6ren, beitr\u00e4gt und dieser etwas zur\u00fcckgibt, und wir nehmen diese Verantwortung ernst.<\/p>\n<p>Das ist Nachhaltigkeit f\u00fcr uns.[\/vc_column_text][\/vc_column][vc_column width=&#8220;1\/2&#8243;]<div class=\"ult-spacer spacer-69e7aa8d46f4c\" data-id=\"69e7aa8d46f4c\" data-height=\"\" data-height-mobile=\"50\" data-height-tab=\"50\" data-height-tab-portrait=\"50\" data-height-mobile-landscape=\"50\" style=\"clear:both;display:block;\"><\/div><style type=\"text\/css\" data-type=\"the7_shortcodes-inline-css\">.shortcode-single-image-wrap.shortcode-single-image-21dd52f56e08ff0e343c369e206ca6ea.enable-bg-rollover .rollover i,\n.shortcode-single-image-wrap.shortcode-single-image-21dd52f56e08ff0e343c369e206ca6ea.enable-bg-rollover .rollover-video i {\n  background: -webkit-linear-gradient();\n  background: linear-gradient();\n}\n.shortcode-single-image-wrap.shortcode-single-image-21dd52f56e08ff0e343c369e206ca6ea .rollover-icon {\n  font-size: 32px;\n  color: #ffffff;\n  min-width: 44px;\n  min-height: 44px;\n  line-height: 44px;\n  border-radius: 100px;\n  border-style: solid;\n  border-width: 0px;\n}\n.dt-icon-bg-on.shortcode-single-image-wrap.shortcode-single-image-21dd52f56e08ff0e343c369e206ca6ea .rollover-icon {\n  background: rgba(255,255,255,0.3);\n  box-shadow: none;\n}<\/style><div class=\"shortcode-single-image-wrap shortcode-single-image-21dd52f56e08ff0e343c369e206ca6ea alignright  enable-bg-rollover dt-icon-bg-off\" style=\"margin-top:0px; margin-bottom:0px; margin-left:0px; margin-right:0px; width:500px;\"><div class=\"shortcode-single-image\"><div class=\"fancy-media-wrap  layzr-bg\" style=\"border-radius:40px;\"><img decoding=\"async\" class=\"preload-me lazy-load aspect\" src=\"data:image\/svg+xml,%3Csvg%20xmlns%3D&#39;http%3A%2F%2Fwww.w3.org%2F2000%2Fsvg&#39;%20viewBox%3D&#39;0%200%20500%20333&#39;%2F%3E\" data-src=\"https:\/\/nordvallsetikett.com\/wp-content\/uploads\/2020\/02\/191128_2113_nordvalls_still_version2_web-scaled-500x333.jpg\" data-srcset=\"https:\/\/nordvallsetikett.com\/wp-content\/uploads\/2020\/02\/191128_2113_nordvalls_still_version2_web-scaled-500x333.jpg 500w, https:\/\/nordvallsetikett.com\/wp-content\/uploads\/2020\/02\/191128_2113_nordvalls_still_version2_web-scaled-1000x666.jpg 1000w\" loading=\"eager\" sizes=\"(max-width: 500px) 100vw, 500px\" width=\"500\" height=\"333\"  data-dt-location=\"https:\/\/nordvallsetikett.com\/de\/nordvalls-etikett\/om-nordvalls\/hallbarhet\/attachment\/vid-fragor-om-bilden-mejla-erika-weilandapeloga-se-19\/\" style=\"--ratio: 500 \/ 333;border-radius:40px;\" alt=\"\" \/><\/div><\/div><\/div>[\/vc_column][\/vc_row][vc_row full_width=&#8220;stretch_row_content_no_spaces&#8220;][vc_column]<div class=\"ult-spacer spacer-69e7aa8d47ded\" data-id=\"69e7aa8d47ded\" data-height=\"10\" data-height-mobile=\"10\" data-height-tab=\"10\" data-height-tab-portrait=\"10\" data-height-mobile-landscape=\"10\" style=\"clear:both;display:block;\"><\/div>[vc_separator color=&#8220;black&#8220; css=&#8220;&#8220;][vc_row_inner equal_height=&#8220;yes&#8220; content_placement=&#8220;middle&#8220;][vc_column_inner width=&#8220;1\/6&#8243;][\/vc_column_inner][vc_column_inner width=&#8220;1\/6&#8243;][vc_single_image image=&#8220;10646&#8243; img_size=&#8220;80&#215;80&#8243; css=&#8220;&#8220; image_hovers=&#8220;false&#8220;][\/vc_column_inner][vc_column_inner width=&#8220;1\/6&#8243;][\/vc_column_inner][vc_column_inner width=&#8220;1\/6&#8243;][\/vc_column_inner][vc_column_inner width=&#8220;1\/6&#8243;][vc_single_image image=&#8220;10651&#8243; img_size=&#8220;medium&#8220; alignment=&#8220;right&#8220; css=&#8220;&#8220; image_hovers=&#8220;false&#8220;][\/vc_column_inner][vc_column_inner width=&#8220;1\/6&#8243;][\/vc_column_inner][\/vc_row_inner][\/vc_column][\/vc_row]<\/p>\n<\/div>","protected":false},"excerpt":{"rendered":"<p>[vc_row][vc_column][vc_row_inner content_placement=&#8220;middle&#8220;][vc_column_inner width=&#8220;1\/2&#8243;][vc_column_text] Was bedeutet Nachhaltigkeit f\u00fcr uns bei Nordvalls? Bei Nordvalls meinen wir, dass \u00f6kologische, \u00f6konomische und soziale Nachhaltigkeit miteinander verbunden sind und sich gegenseitig beeinflussen. Alle Bereiche zu ber\u00fccksichtigen und aktiv mit diesen zu arbeiten, f\u00fchrt zu realer Nachhaltigkeit. Nachhaltigkeit, die dauerhaft und erfolgreich ist. Was verstehen wir unter Nachhaltigkeit bei Nordvalls? Auf&hellip;<\/p>\n","protected":false},"author":1,"featured_media":0,"parent":3974,"menu_order":0,"comment_status":"closed","ping_status":"closed","template":"","meta":{"footnotes":""},"class_list":["post-3976","page","type-page","status-publish","hentry","description-off"],"_links":{"self":[{"href":"https:\/\/nordvallsetikett.com\/de\/wp-json\/wp\/v2\/pages\/3976","targetHints":{"allow":["GET"]}}],"collection":[{"href":"https:\/\/nordvallsetikett.com\/de\/wp-json\/wp\/v2\/pages"}],"about":[{"href":"https:\/\/nordvallsetikett.com\/de\/wp-json\/wp\/v2\/types\/page"}],"author":[{"embeddable":true,"href":"https:\/\/nordvallsetikett.com\/de\/wp-json\/wp\/v2\/users\/1"}],"replies":[{"embeddable":true,"href":"https:\/\/nordvallsetikett.com\/de\/wp-json\/wp\/v2\/comments?post=3976"}],"version-history":[{"count":3,"href":"https:\/\/nordvallsetikett.com\/de\/wp-json\/wp\/v2\/pages\/3976\/revisions"}],"predecessor-version":[{"id":10859,"href":"https:\/\/nordvallsetikett.com\/de\/wp-json\/wp\/v2\/pages\/3976\/revisions\/10859"}],"up":[{"embeddable":true,"href":"https:\/\/nordvallsetikett.com\/de\/wp-json\/wp\/v2\/pages\/3974"}],"wp:attachment":[{"href":"https:\/\/nordvallsetikett.com\/de\/wp-json\/wp\/v2\/media?parent=3976"}],"curies":[{"name":"wp","href":"https:\/\/api.w.org\/{rel}","templated":true}]}}