{"id":3978,"date":"2020-04-22T09:28:10","date_gmt":"2020-04-22T09:28:10","guid":{"rendered":"http:\/\/nordvalls.se\/ueber-nordvalls\/arbeiten-bei-nordvalls\/"},"modified":"2025-10-27T15:03:18","modified_gmt":"2025-10-27T15:03:18","slug":"arbeiten-bei-nordvalls","status":"publish","type":"page","link":"https:\/\/nordvallsetikett.com\/de\/nordvalls-etiketten\/ueber-nordvalls\/arbeiten-bei-nordvalls\/","title":{"rendered":"Arbeiten bei Nordvalls"},"content":{"rendered":"<div class=\"wpb-content-wrapper\"><p>[vc_row content_placement=&#8220;middle&#8220;][vc_column width=&#8220;1\/2&#8243;][vc_column_text css=&#8220;.vc_custom_1580910423200{margin-bottom: 20px !important;}&#8220;]<\/p>\n<h2>Das Allerwichtigste ist der Wille zum lernen<\/h2>\n<p>Bei Nordvalls arbeiten Menschen mit unterschiedlichen Erfahrungen. Bei der Suche nach neuen Mitarbeitern suchen wir immer zielbewusste Personen mit einem Willen zum Lernen. Eine Druckerei ist ein vielseitiges Unternehmen, in dem vorausgesetzt wird, dass viele verschiedene Kompetenzen und F\u00e4higkeiten zusammenarbeiten, um gute Resultate zu erzielen. Daher ist Ihr Wille, sich pers\u00f6nlich weiterzuentwickeln und sich neue und weitere Kenntnisse anzueignen, von gr\u00f6\u00dfter Bedeutung, wenn wir neue Mitarbeiter anstellen.[\/vc_column_text][\/vc_column][vc_column width=&#8220;1\/2&#8243;]<div class=\"ult-spacer spacer-69e7beda7b1d4\" data-id=\"69e7beda7b1d4\" data-height=\"\" data-height-mobile=\"50\" data-height-tab=\"50\" data-height-tab-portrait=\"50\" data-height-mobile-landscape=\"50\" style=\"clear:both;display:block;\"><\/div><style type=\"text\/css\" data-type=\"the7_shortcodes-inline-css\">.shortcode-single-image-wrap.shortcode-single-image-f94393942cd4d3b87f344da0ff1857c2.enable-bg-rollover .rollover i,\n.shortcode-single-image-wrap.shortcode-single-image-f94393942cd4d3b87f344da0ff1857c2.enable-bg-rollover .rollover-video i {\n  background: -webkit-linear-gradient();\n  background: linear-gradient();\n}\n.shortcode-single-image-wrap.shortcode-single-image-f94393942cd4d3b87f344da0ff1857c2 .rollover-icon {\n  font-size: 32px;\n  color: #ffffff;\n  min-width: 44px;\n  min-height: 44px;\n  line-height: 44px;\n  border-radius: 100px;\n  border-style: solid;\n  border-width: 0px;\n}\n.dt-icon-bg-on.shortcode-single-image-wrap.shortcode-single-image-f94393942cd4d3b87f344da0ff1857c2 .rollover-icon {\n  background: rgba(255,255,255,0.3);\n  box-shadow: none;\n}<\/style><div class=\"shortcode-single-image-wrap shortcode-single-image-f94393942cd4d3b87f344da0ff1857c2 alignnone  enable-bg-rollover dt-icon-bg-off\" style=\"margin-top:0px; margin-bottom:0px; margin-left:0px; margin-right:0px; width:500px;\"><div class=\"shortcode-single-image\"><div class=\"fancy-media-wrap  layzr-bg\" style=\"border-radius:40px;\"><img fetchpriority=\"high\" decoding=\"async\" class=\"preload-me lazy-load aspect\" src=\"data:image\/svg+xml,%3Csvg%20xmlns%3D&#39;http%3A%2F%2Fwww.w3.org%2F2000%2Fsvg&#39;%20viewBox%3D&#39;0%200%20500%20333&#39;%2F%3E\" data-src=\"https:\/\/nordvallsetikett.com\/wp-content\/uploads\/2019\/12\/191121_nordvalls2694-500x333.jpg\" data-srcset=\"https:\/\/nordvallsetikett.com\/wp-content\/uploads\/2019\/12\/191121_nordvalls2694-500x333.jpg 500w, https:\/\/nordvallsetikett.com\/wp-content\/uploads\/2019\/12\/191121_nordvalls2694-1000x666.jpg 1000w\" loading=\"eager\" sizes=\"(max-width: 500px) 100vw, 500px\" width=\"500\" height=\"333\"  data-dt-location=\"https:\/\/nordvallsetikett.com\/de\/nyheter\/forst-i-skandinavien-med-hp-v12\/attachment\/vid-fragor-om-bilden-mejla-erika-weilandapeloga-se-9\/\" style=\"--ratio: 500 \/ 333;border-radius:40px;\" alt=\"\" \/><\/div><\/div><\/div>[\/vc_column][\/vc_row][vc_row full_width=&#8220;stretch_row&#8220; css=&#8220;.vc_custom_1580392033108{margin-top: 40px !important;}&#8220;][vc_column]<div class=\"ult-spacer spacer-69e7beda7cbaa\" data-id=\"69e7beda7cbaa\" data-height=\"50\" data-height-mobile=\"30\" data-height-tab=\"\" data-height-tab-portrait=\"\" data-height-mobile-landscape=\"\" style=\"clear:both;display:block;\"><\/div>[\/vc_column][\/vc_row][vc_row content_placement=&#8220;middle&#8220;][vc_column width=&#8220;1\/2&#8243;]<style type=\"text\/css\" data-type=\"the7_shortcodes-inline-css\">.shortcode-single-image-wrap.shortcode-single-image-c5d43fc4ca42dcb3e55634100f58a04a.enable-bg-rollover .rollover i,\n.shortcode-single-image-wrap.shortcode-single-image-c5d43fc4ca42dcb3e55634100f58a04a.enable-bg-rollover .rollover-video i {\n  background: -webkit-linear-gradient();\n  background: linear-gradient();\n}\n.shortcode-single-image-wrap.shortcode-single-image-c5d43fc4ca42dcb3e55634100f58a04a .rollover-icon {\n  font-size: 32px;\n  color: #ffffff;\n  min-width: 44px;\n  min-height: 44px;\n  line-height: 44px;\n  border-radius: 100px;\n  border-style: solid;\n  border-width: 0px;\n}\n.dt-icon-bg-on.shortcode-single-image-wrap.shortcode-single-image-c5d43fc4ca42dcb3e55634100f58a04a .rollover-icon {\n  background: rgba(255,255,255,0.3);\n  box-shadow: none;\n}<\/style><div class=\"shortcode-single-image-wrap shortcode-single-image-c5d43fc4ca42dcb3e55634100f58a04a alignnone  enable-bg-rollover dt-icon-bg-off\" style=\"margin-top:0px; margin-bottom:0px; margin-left:0px; margin-right:0px; width:500px;\"><div class=\"shortcode-single-image\"><div class=\"fancy-media-wrap  layzr-bg\" style=\"border-radius:40px;\"><img decoding=\"async\" class=\"preload-me lazy-load aspect\" src=\"data:image\/svg+xml,%3Csvg%20xmlns%3D&#39;http%3A%2F%2Fwww.w3.org%2F2000%2Fsvg&#39;%20viewBox%3D&#39;0%200%20500%20333&#39;%2F%3E\" data-src=\"https:\/\/nordvallsetikett.com\/wp-content\/uploads\/2020\/04\/200311_1407_nordvalls-500x333.jpg\" data-srcset=\"https:\/\/nordvallsetikett.com\/wp-content\/uploads\/2020\/04\/200311_1407_nordvalls-500x333.jpg 500w, https:\/\/nordvallsetikett.com\/wp-content\/uploads\/2020\/04\/200311_1407_nordvalls-1000x666.jpg 1000w\" loading=\"eager\" sizes=\"(max-width: 500px) 100vw, 500px\" width=\"500\" height=\"333\"  data-dt-location=\"https:\/\/nordvallsetikett.com\/de\/nordvalls-etikett\/om-nordvalls\/arbeta-nordvalls\/attachment\/vid-fragor-om-bilden-mejla-erika-weilandapeloga-se-23\/\" style=\"--ratio: 500 \/ 333;border-radius:40px;\" alt=\"Arbeta p\u00e5 Nordvalls\" \/><\/div><\/div><\/div><div class=\"ult-spacer spacer-69e7beda7dac0\" data-id=\"69e7beda7dac0\" data-height=\"\" data-height-mobile=\"50\" data-height-tab=\"50\" data-height-tab-portrait=\"50\" data-height-mobile-landscape=\"50\" style=\"clear:both;display:block;\"><\/div>[\/vc_column][vc_column width=&#8220;1\/2&#8243;][vc_column_text css=&#8220;.vc_custom_1586855140346{margin-bottom: 20px !important;}&#8220;]<\/p>\n<h2>Die gew\u00f6hnlichsten Arbeitsrollen sind Drucker\/ Druckerin sowie grafischer Operateur\/grafische Operateurin<\/h2>\n<p>Nordvalls sucht oft Drucker\/Druckerinnen und Grafiker\/Grafikerinnen, die mit verschiedenen Arten von Druckmaschinen umgehen k\u00f6nnen. Von Zeit zu Zeit suchen wir Mitarbeiter und Mitarbeiterinnen f\u00fcr andere Aufgabenbereiche, die ebenfalls Teil unserer Druckerei sind. Sie k\u00f6nnen uns auch eine Initiativbewerbung mit der Bezeichnung \u201eInitiativbewerbung Nordvalls\u201c schicken. Wir melden uns dann bei Ihnen, wenn wir meinen, dass wir Ihnen etwas anbieten k\u00f6nnen.<\/p>\n<p>Auf dieser Seite finden Sie immer aktuelle Stellenangebote.[\/vc_column_text][\/vc_column][\/vc_row][vc_row full_width=&#8220;stretch_row&#8220; css=&#8220;.vc_custom_1580392033108{margin-top: 40px !important;}&#8220;][vc_column]<div class=\"ult-spacer spacer-69e7beda7dafa\" data-id=\"69e7beda7dafa\" data-height=\"50\" data-height-mobile=\"30\" data-height-tab=\"\" data-height-tab-portrait=\"\" data-height-mobile-landscape=\"\" style=\"clear:both;display:block;\"><\/div>[\/vc_column][\/vc_row][vc_row][vc_column width=&#8220;1\/2&#8243;][vc_column_text]Im Moment haben wir keine offenen Stellen.[\/vc_column_text]<div class=\"ult-spacer spacer-69e7beda7db4d\" data-id=\"69e7beda7db4d\" data-height=\"50\" data-height-mobile=\"30\" data-height-tab=\"\" data-height-tab-portrait=\"\" data-height-mobile-landscape=\"\" style=\"clear:both;display:block;\"><\/div>[vc_row_inner disable_element=&#8220;yes&#8220;][vc_column_inner][\/vc_column_inner][\/vc_row_inner][\/vc_column][vc_column width=&#8220;1\/2&#8243;][vc_row_inner][vc_column_inner width=&#8220;1\/2&#8243;][vc_column_text css=&#8220;.vc_custom_1738934265528{margin-bottom: 10px !important;}&#8220;]<\/p>\n<h3>Schicken Sie eine Initiativbewerbung an Nordvalls<\/h3>\n<p>Sie finden keine freie Stelle und m\u00f6chten sich spontan bewerben?<br \/>\nWir pr\u00fcfen laufend eingehende Initiativbewerbungen und melden uns bei Ihnen, wenn wir eine Stelle haben, die Ihren W\u00fcnschen entspricht.<\/p>\n<p>Gerne k\u00f6nnen Sie Ihren Lebenslauf und Ihr Anschreiben an <a href=\"mailto:HR@nordvalls.se\">HR@nordvalls.se<\/a> senden<\/p>\n<p>Bitte schreiben Sie im Betreff \u201eInitiativbewerbung\u201c.[\/vc_column_text][\/vc_column_inner][vc_column_inner width=&#8220;1\/2&#8243;]<style type=\"text\/css\" data-type=\"the7_shortcodes-inline-css\">.shortcode-single-image-wrap.shortcode-single-image-740f89e0c4bee4900784b31bccc84e57.enable-bg-rollover .rollover i,\n.shortcode-single-image-wrap.shortcode-single-image-740f89e0c4bee4900784b31bccc84e57.enable-bg-rollover .rollover-video i {\n  background: -webkit-linear-gradient();\n  background: linear-gradient();\n}\n.shortcode-single-image-wrap.shortcode-single-image-740f89e0c4bee4900784b31bccc84e57 .rollover-icon {\n  font-size: 32px;\n  color: #ffffff;\n  min-width: 44px;\n  min-height: 44px;\n  line-height: 44px;\n  border-radius: 100px;\n  border-style: solid;\n  border-width: 0px;\n}\n.dt-icon-bg-on.shortcode-single-image-wrap.shortcode-single-image-740f89e0c4bee4900784b31bccc84e57 .rollover-icon {\n  background: rgba(255,255,255,0.3);\n  box-shadow: none;\n}<\/style><div class=\"shortcode-single-image-wrap shortcode-single-image-740f89e0c4bee4900784b31bccc84e57 alignnone  vc_custom_1580464126898 enable-bg-rollover dt-icon-bg-off\" ><div class=\"shortcode-single-image\"><div class=\"fancy-media-wrap  layzr-bg\" style=\"border-radius:40px;\"><img decoding=\"async\" class=\"preload-me lazy-load aspect\" src=\"data:image\/svg+xml,%3Csvg%20xmlns%3D&#39;http%3A%2F%2Fwww.w3.org%2F2000%2Fsvg&#39;%20viewBox%3D&#39;0%200%20200%20205&#39;%2F%3E\" data-src=\"https:\/\/nordvallsetikett.com\/wp-content\/uploads\/2020\/01\/191121_0546_nordvalls-200x205.jpg\" data-srcset=\"https:\/\/nordvallsetikett.com\/wp-content\/uploads\/2020\/01\/191121_0546_nordvalls-200x205.jpg 200w, https:\/\/nordvallsetikett.com\/wp-content\/uploads\/2020\/01\/191121_0546_nordvalls-400x410.jpg 400w\" loading=\"eager\" sizes=\"(max-width: 200px) 100vw, 200px\" width=\"200\" height=\"205\"  data-dt-location=\"https:\/\/nordvallsetikett.com\/de\/nordvalls-etikett\/om-nordvalls\/arbeta-nordvalls\/attachment\/vid-fragor-om-bilden-skriv-till-christian-anderssonapeloga-se-12\/\" style=\"--ratio: 200 \/ 205;border-radius:40px;\" alt=\"\" \/><\/div><\/div><\/div>[vc_column_text]<\/p>\n<p style=\"text-align: center;\"><strong>Mia Palm<\/strong><\/p>\n<p style=\"text-align: center;\"><strong>HR-Chefin<br \/>\n<\/strong><\/p>\n<p style=\"text-align: center;\"><a href=\"mailto:mia.palm@nordvalls.se\">mia.palm@nordvalls.se<\/a><br \/>\n<a href=\"tel:0101691701\">010 169 17 01<\/a><\/p>\n<p>[\/vc_column_text][\/vc_column_inner][\/vc_row_inner]<div class=\"ult-spacer spacer-69e7beda7ef38\" data-id=\"69e7beda7ef38\" data-height=\"50\" data-height-mobile=\"30\" data-height-tab=\"\" data-height-tab-portrait=\"\" data-height-mobile-landscape=\"\" style=\"clear:both;display:block;\"><\/div>[\/vc_column][\/vc_row][vc_row full_width=&#8220;stretch_row_content_no_spaces&#8220;][vc_column]<div class=\"ult-spacer spacer-69e7beda7ef6f\" data-id=\"69e7beda7ef6f\" data-height=\"10\" data-height-mobile=\"10\" data-height-tab=\"10\" data-height-tab-portrait=\"10\" data-height-mobile-landscape=\"10\" style=\"clear:both;display:block;\"><\/div>[vc_separator color=&#8220;black&#8220; css=&#8220;&#8220;][vc_row_inner equal_height=&#8220;yes&#8220; content_placement=&#8220;middle&#8220;][vc_column_inner width=&#8220;1\/6&#8243;][\/vc_column_inner][vc_column_inner width=&#8220;1\/6&#8243;][vc_single_image image=&#8220;10646&#8243; img_size=&#8220;80&#215;80&#8243; css=&#8220;&#8220; image_hovers=&#8220;false&#8220;][\/vc_column_inner][vc_column_inner width=&#8220;1\/6&#8243;][\/vc_column_inner][vc_column_inner width=&#8220;1\/6&#8243;][\/vc_column_inner][vc_column_inner width=&#8220;1\/6&#8243;][vc_single_image image=&#8220;10651&#8243; img_size=&#8220;medium&#8220; alignment=&#8220;right&#8220; css=&#8220;&#8220; image_hovers=&#8220;false&#8220;][\/vc_column_inner][vc_column_inner width=&#8220;1\/6&#8243;][\/vc_column_inner][\/vc_row_inner][\/vc_column][\/vc_row]<\/p>\n<\/div>","protected":false},"excerpt":{"rendered":"<p>[vc_row content_placement=&#8220;middle&#8220;][vc_column width=&#8220;1\/2&#8243;][vc_column_text css=&#8220;.vc_custom_1580910423200{margin-bottom: 20px !important;}&#8220;] Das Allerwichtigste ist der Wille zum lernen Bei Nordvalls arbeiten Menschen mit unterschiedlichen Erfahrungen. Bei der Suche nach neuen Mitarbeitern suchen wir immer zielbewusste Personen mit einem Willen zum Lernen. Eine Druckerei ist ein vielseitiges Unternehmen, in dem vorausgesetzt wird, dass viele verschiedene Kompetenzen und F\u00e4higkeiten zusammenarbeiten, um gute&hellip;<\/p>\n","protected":false},"author":1,"featured_media":0,"parent":3974,"menu_order":0,"comment_status":"closed","ping_status":"closed","template":"","meta":{"footnotes":""},"class_list":["post-3978","page","type-page","status-publish","hentry","description-off"],"_links":{"self":[{"href":"https:\/\/nordvallsetikett.com\/de\/wp-json\/wp\/v2\/pages\/3978","targetHints":{"allow":["GET"]}}],"collection":[{"href":"https:\/\/nordvallsetikett.com\/de\/wp-json\/wp\/v2\/pages"}],"about":[{"href":"https:\/\/nordvallsetikett.com\/de\/wp-json\/wp\/v2\/types\/page"}],"author":[{"embeddable":true,"href":"https:\/\/nordvallsetikett.com\/de\/wp-json\/wp\/v2\/users\/1"}],"replies":[{"embeddable":true,"href":"https:\/\/nordvallsetikett.com\/de\/wp-json\/wp\/v2\/comments?post=3978"}],"version-history":[{"count":6,"href":"https:\/\/nordvallsetikett.com\/de\/wp-json\/wp\/v2\/pages\/3978\/revisions"}],"predecessor-version":[{"id":10860,"href":"https:\/\/nordvallsetikett.com\/de\/wp-json\/wp\/v2\/pages\/3978\/revisions\/10860"}],"up":[{"embeddable":true,"href":"https:\/\/nordvallsetikett.com\/de\/wp-json\/wp\/v2\/pages\/3974"}],"wp:attachment":[{"href":"https:\/\/nordvallsetikett.com\/de\/wp-json\/wp\/v2\/media?parent=3978"}],"curies":[{"name":"wp","href":"https:\/\/api.w.org\/{rel}","templated":true}]}}