{"id":3980,"date":"2020-04-22T09:30:02","date_gmt":"2020-04-22T09:30:02","guid":{"rendered":"http:\/\/nordvalls.se\/ueber-nordvalls\/vision-und-geschaeftskonzept\/"},"modified":"2025-10-27T15:04:40","modified_gmt":"2025-10-27T15:04:40","slug":"vision-und-geschaeftskonzept","status":"publish","type":"page","link":"https:\/\/nordvallsetikett.com\/de\/nordvalls-etiketten\/ueber-nordvalls\/vision-und-geschaeftskonzept\/","title":{"rendered":"Vision und Gesch\u00e4ftskonzept"},"content":{"rendered":"<div class=\"wpb-content-wrapper\"><p>[vc_row content_placement=&#8220;middle&#8220;][vc_column width=&#8220;1\/2&#8243;][vc_column_text]<\/p>\n<h2>Nordvalls \u2013 Etiketten f\u00fcr alle<\/h2>\n<p>Nordvalls arbeitet daran, der f\u00fchrende Etikettenlieferant zu werden. Durch eine enge Zusammenarbeit mit unseren Kunden k\u00f6nnen wir Smart-Label-L\u00f6sungen anbieten, von der Idee bis zum fertigen Produkt. Als breites und umfassendes Druckunternehmen wollen wir dabei sein und die heutigen und zuk\u00fcnftigen Etiketten- und Verpackungsl\u00f6sungen entwickeln. Mit engagierten und tatkr\u00e4ftigen Mitarbeitern mit gro\u00dfer Leidenschaft f\u00fcr ihre Arbeit drucken wir Etiketten f\u00fcr alle, heute und in der Zukunft.[\/vc_column_text][\/vc_column][vc_column width=&#8220;1\/2&#8243;]<div class=\"ult-spacer spacer-69e7be8221ac8\" data-id=\"69e7be8221ac8\" data-height=\"\" data-height-mobile=\"50\" data-height-tab=\"50\" data-height-tab-portrait=\"50\" data-height-mobile-landscape=\"50\" style=\"clear:both;display:block;\"><\/div><style type=\"text\/css\" data-type=\"the7_shortcodes-inline-css\">.shortcode-single-image-wrap.shortcode-single-image-cbc7826daf790e677cb94aba8c3e821a.enable-bg-rollover .rollover i,\n.shortcode-single-image-wrap.shortcode-single-image-cbc7826daf790e677cb94aba8c3e821a.enable-bg-rollover .rollover-video i {\n  background: -webkit-linear-gradient();\n  background: linear-gradient();\n}\n.shortcode-single-image-wrap.shortcode-single-image-cbc7826daf790e677cb94aba8c3e821a .rollover-icon {\n  font-size: 32px;\n  color: #ffffff;\n  min-width: 44px;\n  min-height: 44px;\n  line-height: 44px;\n  border-radius: 100px;\n  border-style: solid;\n  border-width: 0px;\n}\n.dt-icon-bg-on.shortcode-single-image-wrap.shortcode-single-image-cbc7826daf790e677cb94aba8c3e821a .rollover-icon {\n  background: rgba(255,255,255,0.3);\n  box-shadow: none;\n}<\/style><div class=\"shortcode-single-image-wrap shortcode-single-image-cbc7826daf790e677cb94aba8c3e821a alignnone  enable-bg-rollover dt-icon-bg-off\" style=\"margin-top:0px; margin-bottom:0px; margin-left:0px; margin-right:0px; width:500px;\"><div class=\"shortcode-single-image\"><div class=\"fancy-media-wrap  layzr-bg\" style=\"border-radius:40px;\"><img fetchpriority=\"high\" decoding=\"async\" class=\"preload-me lazy-load aspect\" src=\"data:image\/svg+xml,%3Csvg%20xmlns%3D&#39;http%3A%2F%2Fwww.w3.org%2F2000%2Fsvg&#39;%20viewBox%3D&#39;0%200%20500%20333&#39;%2F%3E\" data-src=\"https:\/\/nordvallsetikett.com\/wp-content\/uploads\/2020\/04\/200311_0022_nordvalls-500x333.jpg\" data-srcset=\"https:\/\/nordvallsetikett.com\/wp-content\/uploads\/2020\/04\/200311_0022_nordvalls-500x333.jpg 500w, https:\/\/nordvallsetikett.com\/wp-content\/uploads\/2020\/04\/200311_0022_nordvalls-1000x666.jpg 1000w\" loading=\"eager\" sizes=\"(max-width: 500px) 100vw, 500px\" width=\"500\" height=\"333\"  data-dt-location=\"https:\/\/nordvallsetikett.com\/de\/nordvalls-etikett\/om-nordvalls\/vision-och-affarside\/attachment\/vid-fragor-om-bilden-mejla-erika-weilandapeloga-se-25\/\" style=\"--ratio: 500 \/ 333;border-radius:40px;\" alt=\"Nordvalls Etikett\" \/><\/div><\/div><\/div>[\/vc_column][\/vc_row][vc_row][vc_column]<div class=\"ult-spacer spacer-69e7be822306f\" data-id=\"69e7be822306f\" data-height=\"100\" data-height-mobile=\"50\" data-height-tab=\"20\" data-height-tab-portrait=\"20\" data-height-mobile-landscape=\"20\" style=\"clear:both;display:block;\"><\/div>[vc_row_inner content_placement=&#8220;middle&#8220;][vc_column_inner width=&#8220;1\/2&#8243;]<style type=\"text\/css\" data-type=\"the7_shortcodes-inline-css\">.shortcode-single-image-wrap.shortcode-single-image-bc47b4eab2640c28888a8e84fe190d71.enable-bg-rollover .rollover i,\n.shortcode-single-image-wrap.shortcode-single-image-bc47b4eab2640c28888a8e84fe190d71.enable-bg-rollover .rollover-video i {\n  background: -webkit-linear-gradient();\n  background: linear-gradient();\n}\n.shortcode-single-image-wrap.shortcode-single-image-bc47b4eab2640c28888a8e84fe190d71 .rollover-icon {\n  font-size: 32px;\n  color: #ffffff;\n  min-width: 44px;\n  min-height: 44px;\n  line-height: 44px;\n  border-radius: 100px;\n  border-style: solid;\n  border-width: 0px;\n}\n.dt-icon-bg-on.shortcode-single-image-wrap.shortcode-single-image-bc47b4eab2640c28888a8e84fe190d71 .rollover-icon {\n  background: rgba(255,255,255,0.3);\n  box-shadow: none;\n}<\/style><div class=\"shortcode-single-image-wrap shortcode-single-image-bc47b4eab2640c28888a8e84fe190d71 alignnone  enable-bg-rollover dt-icon-bg-off\" style=\"margin-top:0px; margin-bottom:0px; margin-left:0px; margin-right:0px; width:500px;\"><div class=\"shortcode-single-image\"><div class=\"fancy-media-wrap  layzr-bg\" style=\"border-radius:40px;\"><img decoding=\"async\" class=\"preload-me lazy-load aspect\" src=\"data:image\/svg+xml,%3Csvg%20xmlns%3D&#39;http%3A%2F%2Fwww.w3.org%2F2000%2Fsvg&#39;%20viewBox%3D&#39;0%200%20500%20333&#39;%2F%3E\" data-src=\"https:\/\/nordvallsetikett.com\/wp-content\/uploads\/2020\/04\/200311_1159_nordvalls-500x333.jpg\" data-srcset=\"https:\/\/nordvallsetikett.com\/wp-content\/uploads\/2020\/04\/200311_1159_nordvalls-500x333.jpg 500w, https:\/\/nordvallsetikett.com\/wp-content\/uploads\/2020\/04\/200311_1159_nordvalls-1000x666.jpg 1000w\" loading=\"eager\" sizes=\"(max-width: 500px) 100vw, 500px\" width=\"500\" height=\"333\"  data-dt-location=\"https:\/\/nordvallsetikett.com\/de\/nordvalls-etikett\/om-nordvalls\/vision-och-affarside\/attachment\/vid-fragor-om-bilden-mejla-erika-weilandapeloga-se-29\/\" style=\"--ratio: 500 \/ 333;border-radius:40px;\" alt=\"Nordvalls Etikett\" \/><\/div><\/div><\/div><div class=\"ult-spacer spacer-69e7be8223bed\" data-id=\"69e7be8223bed\" data-height=\"\" data-height-mobile=\"50\" data-height-tab=\"50\" data-height-tab-portrait=\"50\" data-height-mobile-landscape=\"50\" style=\"clear:both;display:block;\"><\/div>[\/vc_column_inner][vc_column_inner width=&#8220;1\/2&#8243;][vc_column_text]<\/p>\n<h2>Ebenso wichtig, egal welche Gr\u00f6\u00dfe<\/h2>\n<p>Das Etikett ist h\u00e4ufig ein zentraler und wichtiger Bestandteil einer Verpackung, kann aber auch ein Identit\u00e4tsmarker in einem Produktionsablauf oder eine Erkl\u00e4rung sein, dass ein Siegel unge\u00f6ffnet ist. Das Etikett kann in Gr\u00f6\u00dfe, Format und Anwendungsbereich variieren, aber nur sehr selten in der Bedeutung f\u00fcr den Kunden. Das wissen wir bei Nordvalls. Das ist der Grund, weshalb unsere rund 110 Mitarbeiter zielbewusst arbeiten, damit Sie, die Ihre Etiketten bei uns bestellen, einen zuverl\u00e4ssigen, sachkundigen und flexiblen Etikettenanbieter haben.<\/p>\n<p>Gemeinsam schaffen wir dauerhafte Werte.[\/vc_column_text][\/vc_column_inner][\/vc_row_inner]<div class=\"ult-spacer spacer-69e7be8223c22\" data-id=\"69e7be8223c22\" data-height=\"50\" data-height-mobile=\"20\" data-height-tab=\"\" data-height-tab-portrait=\"\" data-height-mobile-landscape=\"\" style=\"clear:both;display:block;\"><\/div>[\/vc_column][\/vc_row][vc_row full_width=&#8220;stretch_row_content_no_spaces&#8220;][vc_column]<div class=\"ult-spacer spacer-69e7be8223c50\" data-id=\"69e7be8223c50\" data-height=\"10\" data-height-mobile=\"10\" data-height-tab=\"10\" data-height-tab-portrait=\"10\" data-height-mobile-landscape=\"10\" style=\"clear:both;display:block;\"><\/div>[vc_separator color=&#8220;black&#8220; css=&#8220;&#8220;][vc_row_inner equal_height=&#8220;yes&#8220; content_placement=&#8220;middle&#8220;][vc_column_inner width=&#8220;1\/6&#8243;][\/vc_column_inner][vc_column_inner width=&#8220;1\/6&#8243;][vc_single_image image=&#8220;10646&#8243; img_size=&#8220;80&#215;80&#8243; css=&#8220;&#8220; image_hovers=&#8220;false&#8220;][\/vc_column_inner][vc_column_inner width=&#8220;1\/6&#8243;][\/vc_column_inner][vc_column_inner width=&#8220;1\/6&#8243;][\/vc_column_inner][vc_column_inner width=&#8220;1\/6&#8243;][vc_single_image image=&#8220;10651&#8243; img_size=&#8220;medium&#8220; alignment=&#8220;right&#8220; css=&#8220;&#8220; image_hovers=&#8220;false&#8220;][\/vc_column_inner][vc_column_inner width=&#8220;1\/6&#8243;][\/vc_column_inner][\/vc_row_inner][\/vc_column][\/vc_row]<\/p>\n<\/div>","protected":false},"excerpt":{"rendered":"<p>[vc_row content_placement=&#8220;middle&#8220;][vc_column width=&#8220;1\/2&#8243;][vc_column_text] Nordvalls \u2013 Etiketten f\u00fcr alle Nordvalls arbeitet daran, der f\u00fchrende Etikettenlieferant zu werden. Durch eine enge Zusammenarbeit mit unseren Kunden k\u00f6nnen wir Smart-Label-L\u00f6sungen anbieten, von der Idee bis zum fertigen Produkt. Als breites und umfassendes Druckunternehmen wollen wir dabei sein und die heutigen und zuk\u00fcnftigen Etiketten- und Verpackungsl\u00f6sungen entwickeln. Mit engagierten und&hellip;<\/p>\n","protected":false},"author":1,"featured_media":0,"parent":3974,"menu_order":0,"comment_status":"closed","ping_status":"closed","template":"","meta":{"footnotes":""},"class_list":["post-3980","page","type-page","status-publish","hentry","description-off"],"_links":{"self":[{"href":"https:\/\/nordvallsetikett.com\/de\/wp-json\/wp\/v2\/pages\/3980","targetHints":{"allow":["GET"]}}],"collection":[{"href":"https:\/\/nordvallsetikett.com\/de\/wp-json\/wp\/v2\/pages"}],"about":[{"href":"https:\/\/nordvallsetikett.com\/de\/wp-json\/wp\/v2\/types\/page"}],"author":[{"embeddable":true,"href":"https:\/\/nordvallsetikett.com\/de\/wp-json\/wp\/v2\/users\/1"}],"replies":[{"embeddable":true,"href":"https:\/\/nordvallsetikett.com\/de\/wp-json\/wp\/v2\/comments?post=3980"}],"version-history":[{"count":3,"href":"https:\/\/nordvallsetikett.com\/de\/wp-json\/wp\/v2\/pages\/3980\/revisions"}],"predecessor-version":[{"id":10862,"href":"https:\/\/nordvallsetikett.com\/de\/wp-json\/wp\/v2\/pages\/3980\/revisions\/10862"}],"up":[{"embeddable":true,"href":"https:\/\/nordvallsetikett.com\/de\/wp-json\/wp\/v2\/pages\/3974"}],"wp:attachment":[{"href":"https:\/\/nordvallsetikett.com\/de\/wp-json\/wp\/v2\/media?parent=3980"}],"curies":[{"name":"wp","href":"https:\/\/api.w.org\/{rel}","templated":true}]}}