{"id":3982,"date":"2020-04-22T09:31:43","date_gmt":"2020-04-22T09:31:43","guid":{"rendered":"http:\/\/nordvalls.se\/ueber-nordvalls\/werte\/"},"modified":"2025-10-27T15:04:01","modified_gmt":"2025-10-27T15:04:01","slug":"werte","status":"publish","type":"page","link":"https:\/\/nordvallsetikett.com\/de\/nordvalls-etiketten\/ueber-nordvalls\/werte\/","title":{"rendered":"Werte"},"content":{"rendered":"<div class=\"wpb-content-wrapper\"><p>[vc_row][vc_column][vc_row_inner content_placement=&#8220;middle&#8220;][vc_column_inner width=&#8220;1\/2&#8243;][vc_column_text]<\/p>\n<h2>Gemeinschaft, Leidenschaft, Service<\/h2>\n<p>Bei Nordvalls fassen wir unsere Werte in GLS zusammen. Unser GLS ist unser Wegweiser, wie wir uns untereinander verhalten und wie wir unsere Arbeit ausf\u00fchren. GLS leitet uns auch in der Beziehung zu unseren Kunden, Lieferanten und anderen Personen, mit denen wir Kontakte haben. Hier k\u00f6nnen Sie lesen, was wir mit GLS meinen.[\/vc_column_text][\/vc_column_inner][vc_column_inner width=&#8220;1\/2&#8243;]<div class=\"ult-spacer spacer-69e7be823421d\" data-id=\"69e7be823421d\" data-height=\"\" data-height-mobile=\"50\" data-height-tab=\"50\" data-height-tab-portrait=\"50\" data-height-mobile-landscape=\"50\" style=\"clear:both;display:block;\"><\/div><style type=\"text\/css\" data-type=\"the7_shortcodes-inline-css\">.shortcode-single-image-wrap.shortcode-single-image-b72f9595550237ca2a76855d4b974242.enable-bg-rollover .rollover i,\n.shortcode-single-image-wrap.shortcode-single-image-b72f9595550237ca2a76855d4b974242.enable-bg-rollover .rollover-video i {\n  background: -webkit-linear-gradient();\n  background: linear-gradient();\n}\n.shortcode-single-image-wrap.shortcode-single-image-b72f9595550237ca2a76855d4b974242 .rollover-icon {\n  font-size: 32px;\n  color: #ffffff;\n  min-width: 44px;\n  min-height: 44px;\n  line-height: 44px;\n  border-radius: 100px;\n  border-style: solid;\n  border-width: 0px;\n}\n.dt-icon-bg-on.shortcode-single-image-wrap.shortcode-single-image-b72f9595550237ca2a76855d4b974242 .rollover-icon {\n  background: rgba(255,255,255,0.3);\n  box-shadow: none;\n}<\/style><div class=\"shortcode-single-image-wrap shortcode-single-image-b72f9595550237ca2a76855d4b974242 alignnone  enable-bg-rollover dt-icon-bg-off\" style=\"margin-top:0px; margin-bottom:0px; margin-left:0px; margin-right:0px; width:500px;\"><div class=\"shortcode-single-image\"><div class=\"fancy-media-wrap  layzr-bg\" style=\"border-radius:40px;\"><img fetchpriority=\"high\" decoding=\"async\" class=\"preload-me lazy-load aspect\" src=\"data:image\/svg+xml,%3Csvg%20xmlns%3D&#39;http%3A%2F%2Fwww.w3.org%2F2000%2Fsvg&#39;%20viewBox%3D&#39;0%200%20500%20333&#39;%2F%3E\" data-src=\"https:\/\/nordvallsetikett.com\/wp-content\/uploads\/2020\/04\/200311_1016_nordvalls-500x333.jpg\" data-srcset=\"https:\/\/nordvallsetikett.com\/wp-content\/uploads\/2020\/04\/200311_1016_nordvalls-500x333.jpg 500w, https:\/\/nordvallsetikett.com\/wp-content\/uploads\/2020\/04\/200311_1016_nordvalls-1000x666.jpg 1000w\" loading=\"eager\" sizes=\"(max-width: 500px) 100vw, 500px\" width=\"500\" height=\"333\"  data-dt-location=\"https:\/\/nordvallsetikett.com\/de\/nordvalls-etikett\/om-nordvalls\/varderingar\/attachment\/vid-fragor-om-bilden-mejla-erika-weilandapeloga-se-24\/\" style=\"--ratio: 500 \/ 333;border-radius:40px;\" alt=\"Nordvalls etikett\" \/><\/div><\/div><\/div>[\/vc_column_inner][\/vc_row_inner]<div class=\"ult-spacer spacer-69e7be8235781\" data-id=\"69e7be8235781\" data-height=\"100\" data-height-mobile=\"40\" data-height-tab=\"\" data-height-tab-portrait=\"\" data-height-mobile-landscape=\"\" style=\"clear:both;display:block;\"><\/div>[vc_row_inner content_placement=&#8220;middle&#8220;][vc_column_inner width=&#8220;1\/2&#8243;]<style type=\"text\/css\" data-type=\"the7_shortcodes-inline-css\">.shortcode-single-image-wrap.shortcode-single-image-c95e8ecae1da9aa17df53713d33dabcb.enable-bg-rollover .rollover i,\n.shortcode-single-image-wrap.shortcode-single-image-c95e8ecae1da9aa17df53713d33dabcb.enable-bg-rollover .rollover-video i {\n  background: -webkit-linear-gradient();\n  background: linear-gradient();\n}\n.shortcode-single-image-wrap.shortcode-single-image-c95e8ecae1da9aa17df53713d33dabcb .rollover-icon {\n  font-size: 32px;\n  color: #ffffff;\n  min-width: 44px;\n  min-height: 44px;\n  line-height: 44px;\n  border-radius: 100px;\n  border-style: solid;\n  border-width: 0px;\n}\n.dt-icon-bg-on.shortcode-single-image-wrap.shortcode-single-image-c95e8ecae1da9aa17df53713d33dabcb .rollover-icon {\n  background: rgba(255,255,255,0.3);\n  box-shadow: none;\n}<\/style><div class=\"shortcode-single-image-wrap shortcode-single-image-c95e8ecae1da9aa17df53713d33dabcb alignnone  enable-bg-rollover dt-icon-bg-off\" style=\"margin-top:0px; margin-bottom:0px; margin-left:0px; margin-right:0px; width:500px;\"><div class=\"shortcode-single-image\"><div class=\"fancy-media-wrap  layzr-bg\" style=\"border-radius:40px;\"><img decoding=\"async\" class=\"preload-me lazy-load aspect\" src=\"data:image\/svg+xml,%3Csvg%20xmlns%3D&#39;http%3A%2F%2Fwww.w3.org%2F2000%2Fsvg&#39;%20viewBox%3D&#39;0%200%20500%20333&#39;%2F%3E\" data-src=\"https:\/\/nordvallsetikett.com\/wp-content\/uploads\/2020\/04\/200311_1407_nordvalls-500x333.jpg\" data-srcset=\"https:\/\/nordvallsetikett.com\/wp-content\/uploads\/2020\/04\/200311_1407_nordvalls-500x333.jpg 500w, https:\/\/nordvallsetikett.com\/wp-content\/uploads\/2020\/04\/200311_1407_nordvalls-1000x666.jpg 1000w\" loading=\"eager\" sizes=\"(max-width: 500px) 100vw, 500px\" width=\"500\" height=\"333\"  data-dt-location=\"https:\/\/nordvallsetikett.com\/de\/nordvalls-etikett\/om-nordvalls\/arbeta-nordvalls\/attachment\/vid-fragor-om-bilden-mejla-erika-weilandapeloga-se-23\/\" style=\"--ratio: 500 \/ 333;border-radius:40px;\" alt=\"Arbeta p\u00e5 Nordvalls\" \/><\/div><\/div><\/div><div class=\"ult-spacer spacer-69e7be823657b\" data-id=\"69e7be823657b\" data-height=\"\" data-height-mobile=\"50\" data-height-tab=\"50\" data-height-tab-portrait=\"50\" data-height-mobile-landscape=\"50\" style=\"clear:both;display:block;\"><\/div>[\/vc_column_inner][vc_column_inner width=&#8220;1\/2&#8243;][vc_column_text]<\/p>\n<h3>Gemeinschaft<\/h3>\n<p>Bei Nordvalls zeigen wir Respekt und Verst\u00e4ndnis f\u00fcr die Arbeit der Kollegen und Kolleginnen. Wir vertrauen darauf, dass unsere Kollegen und Kolleginnen sachkundig und kompetent sind und ihr Bestes tun. Wir wissen, dass jeder zu unseren gemeinsamen Ergebnissen beitr\u00e4gt, und wir unterst\u00fctzen und helfen uns gegenseitig, um die Arbeit einfacher und reibungsloser zu gestalten. Davon profitieren sowohl wir als auch unsere Kunden, Lieferanten und andere. Wir glauben, dass Zusammenarbeit und offene Kommunikation bedeutet, dass wir gemeinsame Ziele erreichen. Gemeinsam k\u00f6nnen wir die meisten Dinge l\u00f6sen, solange wir zusammenarbeiten und die Verantwortung f\u00fcr unsere Arbeit \u00fcbernehmen. Dank der Gemeinschaft bei Nordvalls ist unsere Arbeit einfacher und macht mehr Spa\u00df. Wir helfen uns gegenseitig. F\u00fcr uns selbst und zum Wohl aller anderen.[\/vc_column_text][\/vc_column_inner][\/vc_row_inner]<div class=\"ult-spacer spacer-69e7be82365b2\" data-id=\"69e7be82365b2\" data-height=\"50\" data-height-mobile=\"40\" data-height-tab=\"\" data-height-tab-portrait=\"\" data-height-mobile-landscape=\"\" style=\"clear:both;display:block;\"><\/div>[vc_row_inner content_placement=&#8220;middle&#8220;][vc_column_inner width=&#8220;1\/2&#8243;][vc_column_text]<\/p>\n<h3>Leidenschaft<\/h3>\n<p>Unserer Meinung nach tr\u00e4gt das Empfinden von Leidenschaft und Freude \u00fcber unsere Arbeit dazu bei, dass wir besser arbeiten. Das tr\u00e4gt zu einem besseren Arbeitsklima bei und hilft uns, zusammenzuarbeiten. Wir, die wir bei Nordvalls arbeiten, sind stolz auf unsere Arbeit und unsere Kollegen. Damit wir, die hier arbeiten, unsere Arbeit weiterentwickeln und qualitativ hochwertige Produkte und Dienstleistungen liefern k\u00f6nnen, halten wir es f\u00fcr wichtig, es zu wagen, in neuen Bahnen zu denken. Wir sind st\u00e4ndig bem\u00fcht, neue und effektive L\u00f6sungen f\u00fcr die Bed\u00fcrfnisse und Herausforderungen unserer Kunden zu finden. Die Leidenschaft, die wir f\u00fcr unsere Arbeit empfinden, macht uns engagiert und motiviert. Wir unterst\u00fctzen unsere Kollegen und loben uns gegenseitig, sowohl in besseren als auch in schlechten Zeiten.[\/vc_column_text][\/vc_column_inner][vc_column_inner width=&#8220;1\/2&#8243;]<div class=\"ult-spacer spacer-69e7be82365e1\" data-id=\"69e7be82365e1\" data-height=\"\" data-height-mobile=\"50\" data-height-tab=\"50\" data-height-tab-portrait=\"50\" data-height-mobile-landscape=\"50\" style=\"clear:both;display:block;\"><\/div><style type=\"text\/css\" data-type=\"the7_shortcodes-inline-css\">.shortcode-single-image-wrap.shortcode-single-image-3c82c6073f254d30467d69acd0d80bfd.enable-bg-rollover .rollover i,\n.shortcode-single-image-wrap.shortcode-single-image-3c82c6073f254d30467d69acd0d80bfd.enable-bg-rollover .rollover-video i {\n  background: -webkit-linear-gradient();\n  background: linear-gradient();\n}\n.shortcode-single-image-wrap.shortcode-single-image-3c82c6073f254d30467d69acd0d80bfd .rollover-icon {\n  font-size: 32px;\n  color: #ffffff;\n  min-width: 44px;\n  min-height: 44px;\n  line-height: 44px;\n  border-radius: 100px;\n  border-style: solid;\n  border-width: 0px;\n}\n.dt-icon-bg-on.shortcode-single-image-wrap.shortcode-single-image-3c82c6073f254d30467d69acd0d80bfd .rollover-icon {\n  background: rgba(255,255,255,0.3);\n  box-shadow: none;\n}<\/style><div class=\"shortcode-single-image-wrap shortcode-single-image-3c82c6073f254d30467d69acd0d80bfd alignnone  enable-bg-rollover dt-icon-bg-off\" style=\"margin-top:0px; margin-bottom:0px; margin-left:0px; margin-right:0px; width:500px;\"><div class=\"shortcode-single-image\"><div class=\"fancy-media-wrap  layzr-bg\" style=\"border-radius:40px;\"><img decoding=\"async\" class=\"preload-me lazy-load aspect\" src=\"data:image\/svg+xml,%3Csvg%20xmlns%3D&#39;http%3A%2F%2Fwww.w3.org%2F2000%2Fsvg&#39;%20viewBox%3D&#39;0%200%20500%20333&#39;%2F%3E\" data-src=\"https:\/\/nordvallsetikett.com\/wp-content\/uploads\/2019\/12\/191121_0272_nordvalls-500x333.jpg\" data-srcset=\"https:\/\/nordvallsetikett.com\/wp-content\/uploads\/2019\/12\/191121_0272_nordvalls-500x333.jpg 500w, https:\/\/nordvallsetikett.com\/wp-content\/uploads\/2019\/12\/191121_0272_nordvalls-1000x666.jpg 1000w\" loading=\"eager\" sizes=\"(max-width: 500px) 100vw, 500px\" width=\"500\" height=\"333\"  data-dt-location=\"https:\/\/nordvallsetikett.com\/de\/nyheter\/forst-i-skandinavien-med-hp-v12\/attachment\/vid-fragor-om-bilden-skriv-till-christian-anderssonapeloga-se-4\/\" style=\"--ratio: 500 \/ 333;border-radius:40px;\" alt=\"Camilla G\u00f6land, Nordvalls Etikett\" \/><\/div><\/div><\/div>[\/vc_column_inner][\/vc_row_inner]<div class=\"ult-spacer spacer-69e7be8238577\" data-id=\"69e7be8238577\" data-height=\"50\" data-height-mobile=\"40\" data-height-tab=\"\" data-height-tab-portrait=\"\" data-height-mobile-landscape=\"\" style=\"clear:both;display:block;\"><\/div>[vc_row_inner content_placement=&#8220;middle&#8220;][vc_column_inner width=&#8220;1\/2&#8243;]<style type=\"text\/css\" data-type=\"the7_shortcodes-inline-css\">.shortcode-single-image-wrap.shortcode-single-image-4f36362985e588d2fcd6a313110dd118.enable-bg-rollover .rollover i,\n.shortcode-single-image-wrap.shortcode-single-image-4f36362985e588d2fcd6a313110dd118.enable-bg-rollover .rollover-video i {\n  background: -webkit-linear-gradient();\n  background: linear-gradient();\n}\n.shortcode-single-image-wrap.shortcode-single-image-4f36362985e588d2fcd6a313110dd118 .rollover-icon {\n  font-size: 32px;\n  color: #ffffff;\n  min-width: 44px;\n  min-height: 44px;\n  line-height: 44px;\n  border-radius: 100px;\n  border-style: solid;\n  border-width: 0px;\n}\n.dt-icon-bg-on.shortcode-single-image-wrap.shortcode-single-image-4f36362985e588d2fcd6a313110dd118 .rollover-icon {\n  background: rgba(255,255,255,0.3);\n  box-shadow: none;\n}<\/style><div class=\"shortcode-single-image-wrap shortcode-single-image-4f36362985e588d2fcd6a313110dd118 alignnone  enable-bg-rollover dt-icon-bg-off\" style=\"margin-top:0px; margin-bottom:0px; margin-left:0px; margin-right:0px; width:500px;\"><div class=\"shortcode-single-image\"><div class=\"fancy-media-wrap  layzr-bg\" style=\"border-radius:40px;\"><img decoding=\"async\" class=\"preload-me lazy-load aspect\" src=\"data:image\/svg+xml,%3Csvg%20xmlns%3D&#39;http%3A%2F%2Fwww.w3.org%2F2000%2Fsvg&#39;%20viewBox%3D&#39;0%200%20500%20333&#39;%2F%3E\" data-src=\"https:\/\/nordvallsetikett.com\/wp-content\/uploads\/2020\/04\/200311_2915_nordvalls-1-scaled-500x333.jpg\" data-srcset=\"https:\/\/nordvallsetikett.com\/wp-content\/uploads\/2020\/04\/200311_2915_nordvalls-1-scaled-500x333.jpg 500w, https:\/\/nordvallsetikett.com\/wp-content\/uploads\/2020\/04\/200311_2915_nordvalls-1-scaled-1000x666.jpg 1000w\" loading=\"eager\" sizes=\"(max-width: 500px) 100vw, 500px\" width=\"500\" height=\"333\"  data-dt-location=\"https:\/\/nordvallsetikett.com\/de\/nordvalls-etikett\/om-nordvalls\/attachment\/vid-fragor-om-bilden-skriv-till-christian-anderssonapeloga-se-21\/\" style=\"--ratio: 500 \/ 333;border-radius:40px;\" alt=\"Nordvalls Etikett-v\u00e4rderingar\" \/><\/div><\/div><\/div><div class=\"ult-spacer spacer-69e7be82394fd\" data-id=\"69e7be82394fd\" data-height=\"\" data-height-mobile=\"50\" data-height-tab=\"50\" data-height-tab-portrait=\"50\" data-height-mobile-landscape=\"50\" style=\"clear:both;display:block;\"><\/div>[\/vc_column_inner][vc_column_inner width=&#8220;1\/2&#8243;][vc_column_text]<\/p>\n<h3>Service<\/h3>\n<p>Hochwertige Etiketten in Kombination mit langfristigen Beziehungen zu zufriedenen Kunden sind f\u00fcr uns bei Nordvalls ein Erfolgsfaktor. Dies erfordert, dass wir, die wir bei Nordvalls arbeiten, vorsichtig sind und auf die Bed\u00fcrfnisse und Herausforderungen unserer Kunden eingehen. Wir k\u00fcmmern uns um die Ergebnisse unserer Kunden und m\u00f6chten, dass sie mit den Produkten und Dienstleistungen, die sie bei uns kaufen, zufrieden sind. Wir m\u00f6chten auch, dass unsere Kunden uns als zuverl\u00e4ssig, positiv und kompetent erleben. Service bedeutet f\u00fcr uns, die Situation und die Bedingungen der Kunden zu verstehen. Wir sehen das Ganze. Wir verbinden solide Kenntnisse der Druckproduktion mit einem Verst\u00e4ndnis f\u00fcr die einzigartigen Bedingungen des Etiketts und des Kunden. Das ist f\u00fcr uns Service.[\/vc_column_text][\/vc_column_inner][\/vc_row_inner]<div class=\"ult-spacer spacer-69e7be823953b\" data-id=\"69e7be823953b\" data-height=\"50\" data-height-mobile=\"40\" data-height-tab=\"\" data-height-tab-portrait=\"\" data-height-mobile-landscape=\"\" style=\"clear:both;display:block;\"><\/div>[\/vc_column][\/vc_row][vc_row full_width=&#8220;stretch_row_content_no_spaces&#8220;][vc_column]<div class=\"ult-spacer spacer-69e7be823959b\" data-id=\"69e7be823959b\" data-height=\"10\" data-height-mobile=\"10\" data-height-tab=\"10\" data-height-tab-portrait=\"10\" data-height-mobile-landscape=\"10\" style=\"clear:both;display:block;\"><\/div>[vc_separator color=&#8220;black&#8220; css=&#8220;&#8220;][vc_row_inner equal_height=&#8220;yes&#8220; content_placement=&#8220;middle&#8220;][vc_column_inner width=&#8220;1\/6&#8243;][\/vc_column_inner][vc_column_inner width=&#8220;1\/6&#8243;][vc_single_image image=&#8220;10646&#8243; img_size=&#8220;80&#215;80&#8243; css=&#8220;&#8220; image_hovers=&#8220;false&#8220;][\/vc_column_inner][vc_column_inner width=&#8220;1\/6&#8243;][\/vc_column_inner][vc_column_inner width=&#8220;1\/6&#8243;][\/vc_column_inner][vc_column_inner width=&#8220;1\/6&#8243;][vc_single_image image=&#8220;10651&#8243; img_size=&#8220;medium&#8220; alignment=&#8220;right&#8220; css=&#8220;&#8220; image_hovers=&#8220;false&#8220;][\/vc_column_inner][vc_column_inner width=&#8220;1\/6&#8243;][\/vc_column_inner][\/vc_row_inner][\/vc_column][\/vc_row]<\/p>\n<\/div>","protected":false},"excerpt":{"rendered":"<p>[vc_row][vc_column][vc_row_inner content_placement=&#8220;middle&#8220;][vc_column_inner width=&#8220;1\/2&#8243;][vc_column_text] Gemeinschaft, Leidenschaft, Service Bei Nordvalls fassen wir unsere Werte in GLS zusammen. Unser GLS ist unser Wegweiser, wie wir uns untereinander verhalten und wie wir unsere Arbeit ausf\u00fchren. GLS leitet uns auch in der Beziehung zu unseren Kunden, Lieferanten und anderen Personen, mit denen wir Kontakte haben. Hier k\u00f6nnen Sie lesen, was&hellip;<\/p>\n","protected":false},"author":1,"featured_media":0,"parent":3974,"menu_order":0,"comment_status":"closed","ping_status":"closed","template":"","meta":{"footnotes":""},"class_list":["post-3982","page","type-page","status-publish","hentry","description-off"],"_links":{"self":[{"href":"https:\/\/nordvallsetikett.com\/de\/wp-json\/wp\/v2\/pages\/3982","targetHints":{"allow":["GET"]}}],"collection":[{"href":"https:\/\/nordvallsetikett.com\/de\/wp-json\/wp\/v2\/pages"}],"about":[{"href":"https:\/\/nordvallsetikett.com\/de\/wp-json\/wp\/v2\/types\/page"}],"author":[{"embeddable":true,"href":"https:\/\/nordvallsetikett.com\/de\/wp-json\/wp\/v2\/users\/1"}],"replies":[{"embeddable":true,"href":"https:\/\/nordvallsetikett.com\/de\/wp-json\/wp\/v2\/comments?post=3982"}],"version-history":[{"count":3,"href":"https:\/\/nordvallsetikett.com\/de\/wp-json\/wp\/v2\/pages\/3982\/revisions"}],"predecessor-version":[{"id":10861,"href":"https:\/\/nordvallsetikett.com\/de\/wp-json\/wp\/v2\/pages\/3982\/revisions\/10861"}],"up":[{"embeddable":true,"href":"https:\/\/nordvallsetikett.com\/de\/wp-json\/wp\/v2\/pages\/3974"}],"wp:attachment":[{"href":"https:\/\/nordvallsetikett.com\/de\/wp-json\/wp\/v2\/media?parent=3982"}],"curies":[{"name":"wp","href":"https:\/\/api.w.org\/{rel}","templated":true}]}}