{"id":3984,"date":"2020-04-22T09:33:29","date_gmt":"2020-04-22T09:33:29","guid":{"rendered":"http:\/\/nordvalls.se\/ueber-nordvalls\/organisation\/"},"modified":"2025-10-27T15:02:04","modified_gmt":"2025-10-27T15:02:04","slug":"organisation","status":"publish","type":"page","link":"https:\/\/nordvallsetikett.com\/de\/nordvalls-etiketten\/ueber-nordvalls\/organisation\/","title":{"rendered":"Organisation"},"content":{"rendered":"<div class=\"wpb-content-wrapper\"><p>[vc_row][vc_column][vc_row_inner content_placement=&#8220;middle&#8220;][vc_column_inner width=&#8220;1\/2&#8243;][vc_column_text]<\/p>\n<h2>Ein Nordvalls, zwei Anlagen<\/h2>\n<p>Nordvalls Etikett hat seinen Hauptsitz in Sj\u00f6bo, Schonen. In Sj\u00f6bo drucken wir haupts\u00e4chlich Etiketten f\u00fcr die Lebensmittelindustrie, die Pharmaindustrie, Kosmetik und Sch\u00f6nheit. In unserem Werk in Sj\u00f6bo produzieren wir alle Druckmedien selbst, und wir haben Zugang zu einer Vielzahl von Druckmaschinen. Wir drucken mit Flexodruckmaschinen, Siebdruckmaschinen, digitalen Druckmaschinen und Buchdruck. Die Kundenbed\u00fcrfnisse stehen im Mittelpunkt, und dank unseres gro\u00dfen Maschinenparks k\u00f6nnen wir die meisten Etikettentypen drucken.[\/vc_column_text][\/vc_column_inner][vc_column_inner width=&#8220;1\/2&#8243;]<div class=\"ult-spacer spacer-69e1a3c5c5929\" data-id=\"69e1a3c5c5929\" data-height=\"\" data-height-mobile=\"50\" data-height-tab=\"50\" data-height-tab-portrait=\"50\" data-height-mobile-landscape=\"50\" style=\"clear:both;display:block;\"><\/div><style type=\"text\/css\" data-type=\"the7_shortcodes-inline-css\">.shortcode-single-image-wrap.shortcode-single-image-69500656c29baae77db2bc0ef84461d5.enable-bg-rollover .rollover i,\n.shortcode-single-image-wrap.shortcode-single-image-69500656c29baae77db2bc0ef84461d5.enable-bg-rollover .rollover-video i {\n  background: -webkit-linear-gradient();\n  background: linear-gradient();\n}\n.shortcode-single-image-wrap.shortcode-single-image-69500656c29baae77db2bc0ef84461d5 .rollover-icon {\n  font-size: 32px;\n  color: #ffffff;\n  min-width: 44px;\n  min-height: 44px;\n  line-height: 44px;\n  border-radius: 100px;\n  border-style: solid;\n  border-width: 0px;\n}\n.dt-icon-bg-on.shortcode-single-image-wrap.shortcode-single-image-69500656c29baae77db2bc0ef84461d5 .rollover-icon {\n  background: rgba(255,255,255,0.3);\n  box-shadow: none;\n}<\/style><div class=\"shortcode-single-image-wrap shortcode-single-image-69500656c29baae77db2bc0ef84461d5 alignnone  enable-bg-rollover dt-icon-bg-off\" style=\"margin-top:0px; margin-bottom:0px; margin-left:0px; margin-right:0px; width:500px;\"><div class=\"shortcode-single-image\"><div class=\"fancy-media-wrap  layzr-bg\" style=\"border-radius:40px;\"><img fetchpriority=\"high\" decoding=\"async\" class=\"preload-me lazy-load aspect\" src=\"data:image\/svg+xml,%3Csvg%20xmlns%3D&#39;http%3A%2F%2Fwww.w3.org%2F2000%2Fsvg&#39;%20viewBox%3D&#39;0%200%20500%20277&#39;%2F%3E\" data-src=\"https:\/\/nordvallsetikett.com\/wp-content\/uploads\/2020\/02\/nordvalls-etiketter-500x277.jpg\" data-srcset=\"https:\/\/nordvallsetikett.com\/wp-content\/uploads\/2020\/02\/nordvalls-etiketter-500x277.jpg 500w, https:\/\/nordvallsetikett.com\/wp-content\/uploads\/2020\/02\/nordvalls-etiketter.jpg 1000w\" loading=\"eager\" sizes=\"(max-width: 500px) 100vw, 500px\" width=\"500\" height=\"277\"  data-dt-location=\"https:\/\/nordvallsetikett.com\/de\/nordvalls-etikett\/om-nordvalls\/organisation\/attachment\/vid-fragor-om-bilden-mejla-erika-weilandapeloga-se-18\/\" style=\"--ratio: 500 \/ 277;border-radius:40px;\" alt=\"\" \/><\/div><\/div><\/div>[\/vc_column_inner][\/vc_row_inner]<div class=\"ult-spacer spacer-69e1a3c5c7286\" data-id=\"69e1a3c5c7286\" data-height=\"100\" data-height-mobile=\"50\" data-height-tab=\"\" data-height-tab-portrait=\"\" data-height-mobile-landscape=\"\" style=\"clear:both;display:block;\"><\/div>[vc_row_inner content_placement=&#8220;middle&#8220;][vc_column_inner width=&#8220;1\/2&#8243;]<style type=\"text\/css\" data-type=\"the7_shortcodes-inline-css\">.shortcode-single-image-wrap.shortcode-single-image-9151ce18404f8ee8669d37f25aa46f08.enable-bg-rollover .rollover i,\n.shortcode-single-image-wrap.shortcode-single-image-9151ce18404f8ee8669d37f25aa46f08.enable-bg-rollover .rollover-video i {\n  background: -webkit-linear-gradient();\n  background: linear-gradient();\n}\n.shortcode-single-image-wrap.shortcode-single-image-9151ce18404f8ee8669d37f25aa46f08 .rollover-icon {\n  font-size: 32px;\n  color: #ffffff;\n  min-width: 44px;\n  min-height: 44px;\n  line-height: 44px;\n  border-radius: 100px;\n  border-style: solid;\n  border-width: 0px;\n}\n.dt-icon-bg-on.shortcode-single-image-wrap.shortcode-single-image-9151ce18404f8ee8669d37f25aa46f08 .rollover-icon {\n  background: rgba(255,255,255,0.3);\n  box-shadow: none;\n}<\/style><div class=\"shortcode-single-image-wrap shortcode-single-image-9151ce18404f8ee8669d37f25aa46f08 alignnone  enable-bg-rollover dt-icon-bg-off\" style=\"margin-top:0px; margin-bottom:0px; margin-left:0px; margin-right:0px; width:500px;\"><div class=\"shortcode-single-image\"><div class=\"fancy-media-wrap  layzr-bg\" style=\"border-radius:40px;\"><img decoding=\"async\" class=\"preload-me lazy-load aspect\" src=\"data:image\/svg+xml,%3Csvg%20xmlns%3D&#39;http%3A%2F%2Fwww.w3.org%2F2000%2Fsvg&#39;%20viewBox%3D&#39;0%200%20500%20333&#39;%2F%3E\" data-src=\"https:\/\/nordvallsetikett.com\/wp-content\/uploads\/2019\/12\/191121_0013_nordvalls-500x333.jpg\" data-srcset=\"https:\/\/nordvallsetikett.com\/wp-content\/uploads\/2019\/12\/191121_0013_nordvalls-500x333.jpg 500w, https:\/\/nordvallsetikett.com\/wp-content\/uploads\/2019\/12\/191121_0013_nordvalls-1000x666.jpg 1000w\" loading=\"eager\" sizes=\"(max-width: 500px) 100vw, 500px\" width=\"500\" height=\"333\"  data-dt-location=\"https:\/\/nordvallsetikett.com\/de\/nyheter\/forst-i-skandinavien-med-hp-v12\/attachment\/vid-fragor-om-bilden-skriv-till-christian-anderssonapeloga-se\/\" style=\"--ratio: 500 \/ 333;border-radius:40px;\" alt=\"\" \/><\/div><\/div><\/div><div class=\"ult-spacer spacer-69e1a3c5c8af7\" data-id=\"69e1a3c5c8af7\" data-height=\"\" data-height-mobile=\"50\" data-height-tab=\"50\" data-height-tab-portrait=\"50\" data-height-mobile-landscape=\"50\" style=\"clear:both;display:block;\"><\/div>[\/vc_column_inner][vc_column_inner width=&#8220;1\/2&#8243;][vc_column_text]<\/p>\n<h3>Gro\u00dfe Reichweite mit drei Anlagen<\/h3>\n<p>Unsere zweite Druckerei befindet sich in Bjuv, in der N\u00e4he von Helsingborg. Hier stellt Nordvalls Etiketten f\u00fcr Unternehmen her, die haupts\u00e4chlich in den Bereichen Logistik und E-Commerce, Fertigung und Produktion t\u00e4tig sind.\u00a0 Genau wie in unserer Druckerei\u00a0 in Sj\u00f6bo verf\u00fcgt auch unsere Druckerei in Bjuv \u00fcber eine eigene Prepress-Abteilung, die die Dateien des Kunden f\u00fcr den Druck in einer unserer Druckmaschinen vorbereitet.<\/p>\n<p>In unserer dritten Druckerei in N\u00e4ssj\u00f6, ein St\u00fcck weiter n\u00f6rdlich, produzieren wir auch selbstklebende Etiketten mit Fokus auf Verpackungen f\u00fcr Getr\u00e4nke- und Lebensmittelindustrie sowie Wraparound und In-Mould-Etiketten als auch Tickets und Tags.\u00a0 In allen drei Werken produzieren wir Ihre Etiketten in modernen Anlagen mit hochwertigen Druckmaschinen. Unser Kundenservice hat Mitarbeiter sowohl in Sj\u00f6bo als auch in Bjuv und N\u00e4ssj\u00f6.[\/vc_column_text][\/vc_column_inner][\/vc_row_inner]<div class=\"ult-spacer spacer-69e1a3c5c8b33\" data-id=\"69e1a3c5c8b33\" data-height=\"100\" data-height-mobile=\"50\" data-height-tab=\"\" data-height-tab-portrait=\"\" data-height-mobile-landscape=\"\" style=\"clear:both;display:block;\"><\/div>[vc_row_inner][vc_column_inner width=&#8220;1\/4&#8243;][\/vc_column_inner][vc_column_inner width=&#8220;1\/2&#8243;][vc_column_text css=&#8220;.vc_custom_1645630337758{border-left-width: 5px !important;padding-left: 20px !important;border-left-color: #1e73be !important;border-left-style: solid !important;}&#8220;]<\/p>\n<h4>Genau wie in unserem Werk in Sj\u00f6bo verf\u00fcgt auch unsere Druckerei in Bjuv \u00fcber eine eigene Prepress-Abteilung, die die Dateien des Kunden f\u00fcr den Druck in einer unserer Druckmaschinen vorbereitet.<\/h4>\n<p>[\/vc_column_text][\/vc_column_inner][vc_column_inner width=&#8220;1\/4&#8243;][\/vc_column_inner][\/vc_row_inner]<div class=\"ult-spacer spacer-69e1a3c5c8b63\" data-id=\"69e1a3c5c8b63\" data-height=\"100\" data-height-mobile=\"50\" data-height-tab=\"\" data-height-tab-portrait=\"\" data-height-mobile-landscape=\"\" style=\"clear:both;display:block;\"><\/div>[vc_row_inner content_placement=&#8220;middle&#8220;][vc_column_inner width=&#8220;1\/2&#8243;][vc_column_text]<br \/>\nSind Sie neugierig auf unsere Gesch\u00e4ftst\u00e4tigkeiten und m\u00f6chten uns besuchen? Wir organisieren regelm\u00e4\u00dfig sogenannte Etikettenschulen f\u00fcr vorhandene Kunden und Partner, wo wir unsere Produktion pr\u00e4sentieren und mehr \u00fcber Etiketten und deren Herstellung berichten.<\/p>\n<p>M\u00f6chten Sie mit einem speziellen Mitarbeiter in Kontakt treten? Unter Kontakt finden Sie die Kontaktangaben f\u00fcr mehrere Nordvalls-Mitarbeiter.<br \/>\nHaben Sie eine allgemeine Frage? Bitte benutzen Sie unser Kontaktformular.[\/vc_column_text][\/vc_column_inner][vc_column_inner width=&#8220;1\/2&#8243;]<div class=\"ult-spacer spacer-69e1a3c5c8b92\" data-id=\"69e1a3c5c8b92\" data-height=\"\" data-height-mobile=\"50\" data-height-tab=\"50\" data-height-tab-portrait=\"50\" data-height-mobile-landscape=\"50\" style=\"clear:both;display:block;\"><\/div><style type=\"text\/css\" data-type=\"the7_shortcodes-inline-css\">.shortcode-single-image-wrap.shortcode-single-image-b415d0a7f6d0e8681effd9611fb6db93.enable-bg-rollover .rollover i,\n.shortcode-single-image-wrap.shortcode-single-image-b415d0a7f6d0e8681effd9611fb6db93.enable-bg-rollover .rollover-video i {\n  background: -webkit-linear-gradient();\n  background: linear-gradient();\n}\n.shortcode-single-image-wrap.shortcode-single-image-b415d0a7f6d0e8681effd9611fb6db93 .rollover-icon {\n  font-size: 32px;\n  color: #ffffff;\n  min-width: 44px;\n  min-height: 44px;\n  line-height: 44px;\n  border-radius: 100px;\n  border-style: solid;\n  border-width: 0px;\n}\n.dt-icon-bg-on.shortcode-single-image-wrap.shortcode-single-image-b415d0a7f6d0e8681effd9611fb6db93 .rollover-icon {\n  background: rgba(255,255,255,0.3);\n  box-shadow: none;\n}<\/style><div class=\"shortcode-single-image-wrap shortcode-single-image-b415d0a7f6d0e8681effd9611fb6db93 alignnone  enable-bg-rollover dt-icon-bg-off\" style=\"margin-top:0px; margin-bottom:0px; margin-left:0px; margin-right:0px; width:500px;\"><div class=\"shortcode-single-image\"><div class=\"fancy-media-wrap  layzr-bg\" style=\"border-radius:40px;\"><img decoding=\"async\" class=\"preload-me lazy-load aspect\" src=\"data:image\/svg+xml,%3Csvg%20xmlns%3D&#39;http%3A%2F%2Fwww.w3.org%2F2000%2Fsvg&#39;%20viewBox%3D&#39;0%200%20500%20333&#39;%2F%3E\" data-src=\"https:\/\/nordvallsetikett.com\/wp-content\/uploads\/2020\/04\/200311_2651_nordvalls-1-500x333.jpg\" data-srcset=\"https:\/\/nordvallsetikett.com\/wp-content\/uploads\/2020\/04\/200311_2651_nordvalls-1-500x333.jpg 500w, https:\/\/nordvallsetikett.com\/wp-content\/uploads\/2020\/04\/200311_2651_nordvalls-1-1000x666.jpg 1000w\" loading=\"eager\" sizes=\"(max-width: 500px) 100vw, 500px\" width=\"500\" height=\"333\"  data-dt-location=\"https:\/\/nordvallsetikett.com\/de\/etiketter\/biljetter-och-taggar\/attachment\/vid-fragor-om-bilden-skriv-till-christian-anderssonapeloga-se-19\/\" style=\"--ratio: 500 \/ 333;border-radius:40px;\" alt=\"Nordvalls Etikett-otryckta etiketter\" \/><\/div><\/div><\/div>[\/vc_column_inner][\/vc_row_inner][\/vc_column][\/vc_row][vc_row full_width=&#8220;stretch_row_content_no_spaces&#8220;][vc_column]<div class=\"ult-spacer spacer-69e1a3c5c9d50\" data-id=\"69e1a3c5c9d50\" data-height=\"10\" data-height-mobile=\"10\" data-height-tab=\"10\" data-height-tab-portrait=\"10\" data-height-mobile-landscape=\"10\" style=\"clear:both;display:block;\"><\/div>[vc_separator color=&#8220;black&#8220; css=&#8220;&#8220;][vc_row_inner equal_height=&#8220;yes&#8220; content_placement=&#8220;middle&#8220;][vc_column_inner width=&#8220;1\/6&#8243;][\/vc_column_inner][vc_column_inner width=&#8220;1\/6&#8243;][vc_single_image image=&#8220;10646&#8243; img_size=&#8220;80&#215;80&#8243; css=&#8220;&#8220; image_hovers=&#8220;false&#8220;][\/vc_column_inner][vc_column_inner width=&#8220;1\/6&#8243;][\/vc_column_inner][vc_column_inner width=&#8220;1\/6&#8243;][\/vc_column_inner][vc_column_inner width=&#8220;1\/6&#8243;][vc_single_image image=&#8220;10651&#8243; img_size=&#8220;medium&#8220; alignment=&#8220;right&#8220; css=&#8220;&#8220; image_hovers=&#8220;false&#8220;][\/vc_column_inner][vc_column_inner width=&#8220;1\/6&#8243;][\/vc_column_inner][\/vc_row_inner][\/vc_column][\/vc_row]<\/p>\n<\/div>","protected":false},"excerpt":{"rendered":"<p>[vc_row][vc_column][vc_row_inner content_placement=&#8220;middle&#8220;][vc_column_inner width=&#8220;1\/2&#8243;][vc_column_text] Ein Nordvalls, zwei Anlagen Nordvalls Etikett hat seinen Hauptsitz in Sj\u00f6bo, Schonen. In Sj\u00f6bo drucken wir haupts\u00e4chlich Etiketten f\u00fcr die Lebensmittelindustrie, die Pharmaindustrie, Kosmetik und Sch\u00f6nheit. In unserem Werk in Sj\u00f6bo produzieren wir alle Druckmedien selbst, und wir haben Zugang zu einer Vielzahl von Druckmaschinen. Wir drucken mit Flexodruckmaschinen, Siebdruckmaschinen, digitalen Druckmaschinen&hellip;<\/p>\n","protected":false},"author":1,"featured_media":0,"parent":3974,"menu_order":0,"comment_status":"closed","ping_status":"closed","template":"","meta":{"footnotes":""},"class_list":["post-3984","page","type-page","status-publish","hentry","description-off"],"_links":{"self":[{"href":"https:\/\/nordvallsetikett.com\/de\/wp-json\/wp\/v2\/pages\/3984","targetHints":{"allow":["GET"]}}],"collection":[{"href":"https:\/\/nordvallsetikett.com\/de\/wp-json\/wp\/v2\/pages"}],"about":[{"href":"https:\/\/nordvallsetikett.com\/de\/wp-json\/wp\/v2\/types\/page"}],"author":[{"embeddable":true,"href":"https:\/\/nordvallsetikett.com\/de\/wp-json\/wp\/v2\/users\/1"}],"replies":[{"embeddable":true,"href":"https:\/\/nordvallsetikett.com\/de\/wp-json\/wp\/v2\/comments?post=3984"}],"version-history":[{"count":6,"href":"https:\/\/nordvallsetikett.com\/de\/wp-json\/wp\/v2\/pages\/3984\/revisions"}],"predecessor-version":[{"id":10855,"href":"https:\/\/nordvallsetikett.com\/de\/wp-json\/wp\/v2\/pages\/3984\/revisions\/10855"}],"up":[{"embeddable":true,"href":"https:\/\/nordvallsetikett.com\/de\/wp-json\/wp\/v2\/pages\/3974"}],"wp:attachment":[{"href":"https:\/\/nordvallsetikett.com\/de\/wp-json\/wp\/v2\/media?parent=3984"}],"curies":[{"name":"wp","href":"https:\/\/api.w.org\/{rel}","templated":true}]}}