{"id":4168,"date":"2020-06-29T18:34:50","date_gmt":"2020-06-29T18:34:50","guid":{"rendered":"http:\/\/nordvalls.se\/etiketten\/etiketten-fuer-speisen-getraenke-und-lebensmittel\/"},"modified":"2025-10-27T15:05:21","modified_gmt":"2025-10-27T15:05:21","slug":"etiketten-fuer-speisen-getraenke-und-lebensmittel","status":"publish","type":"page","link":"https:\/\/nordvallsetikett.com\/de\/etiketten\/etiketten-fuer-speisen-getraenke-und-lebensmittel\/","title":{"rendered":"Etiketten f\u00fcr Flaschen, Speisen und Lebensmittel"},"content":{"rendered":"<div class=\"wpb-content-wrapper\"><p>[vc_row][vc_column width=&#8220;1\/2&#8243;][vc_row_inner][vc_column_inner][vc_column_text css=&#8220;&#8220;]<\/p>\n<h2><strong>Flaschenetiketten, Bieretiketten und Weinetiketten<\/strong><\/h2>\n<p>Das Etikett ist ein wichtiger Bestandteil der gesamten Verpackung eines Getr\u00e4nks. Beim Einkaufen sehen wir oft viele verschiedene Arten von Weinetiketten, Bieretiketten sowie Etiketten f\u00fcr Wasserflaschen, Limonade und Saft. Es gibt gute Gr\u00fcnde, mit Ihrem Etikett herauszustechen, um Ihm Produkt im Regal hervorzuheben \u2013 das kann unter anderem durch Farbe, Form oder Haptik erreicht werden.<em><br \/>\n<\/em><br \/>\nSelbstverst\u00e4ndlich stehen wir Ihnen bei all Ihren Fragen zur Seite \u2013 ganz egal, ob es um Bieretiketten, Weinetiketten oder andere Flaschenetiketten geht.[\/vc_column_text]<div class=\"ult-spacer spacer-69e7bee44056a\" data-id=\"69e7bee44056a\" data-height=\"160\" data-height-mobile=\"160\" data-height-tab=\"160\" data-height-tab-portrait=\"\" data-height-mobile-landscape=\"\" style=\"clear:both;display:block;\"><\/div>[\/vc_column_inner][\/vc_row_inner]<style type=\"text\/css\" data-type=\"the7_shortcodes-inline-css\">.shortcode-single-image-wrap.shortcode-single-image-69208a5dc39b9de0771f6f9d66c08ef6.enable-bg-rollover .rollover i,\n.shortcode-single-image-wrap.shortcode-single-image-69208a5dc39b9de0771f6f9d66c08ef6.enable-bg-rollover .rollover-video i {\n  background: -webkit-linear-gradient();\n  background: linear-gradient();\n}\n.shortcode-single-image-wrap.shortcode-single-image-69208a5dc39b9de0771f6f9d66c08ef6 .rollover-icon {\n  font-size: 32px;\n  color: #ffffff;\n  min-width: 44px;\n  min-height: 44px;\n  line-height: 44px;\n  border-radius: 100px;\n  border-style: solid;\n  border-width: 0px;\n}\n.dt-icon-bg-on.shortcode-single-image-wrap.shortcode-single-image-69208a5dc39b9de0771f6f9d66c08ef6 .rollover-icon {\n  background: rgba(255,255,255,0.3);\n  box-shadow: none;\n}<\/style><div class=\"shortcode-single-image-wrap shortcode-single-image-69208a5dc39b9de0771f6f9d66c08ef6 alignnone  enable-bg-rollover dt-icon-bg-off\" style=\"margin-top:0px; margin-bottom:0px; margin-left:0px; margin-right:0px; width:500px;\"><div class=\"shortcode-single-image\"><div class=\"fancy-media-wrap  layzr-bg\" style=\"border-radius:40px;\"><img fetchpriority=\"high\" decoding=\"async\" class=\"preload-me lazy-load aspect\" src=\"data:image\/svg+xml,%3Csvg%20xmlns%3D&#39;http%3A%2F%2Fwww.w3.org%2F2000%2Fsvg&#39;%20viewBox%3D&#39;0%200%20500%20400&#39;%2F%3E\" data-src=\"https:\/\/nordvallsetikett.com\/wp-content\/uploads\/2025\/04\/191128_2113_nordvalls_still_web-scaled-500x400.jpg\" data-srcset=\"https:\/\/nordvallsetikett.com\/wp-content\/uploads\/2025\/04\/191128_2113_nordvalls_still_web-scaled-500x400.jpg 500w, https:\/\/nordvallsetikett.com\/wp-content\/uploads\/2025\/04\/191128_2113_nordvalls_still_web-scaled-1000x800.jpg 1000w\" loading=\"eager\" sizes=\"(max-width: 500px) 100vw, 500px\" width=\"500\" height=\"400\"  data-dt-location=\"https:\/\/nordvallsetikett.com\/de\/etiketter\/etiketter-mat-dryck-livsmedel\/attachment\/vid-fragor-om-bilden-mejla-erika-weilandapeloga-se-60\/\" style=\"--ratio: 500 \/ 400;border-radius:40px;\" alt=\"\" \/><\/div><\/div><\/div><div class=\"ult-spacer spacer-69e7bee4415c4\" data-id=\"69e7bee4415c4\" data-height=\"100\" data-height-mobile=\"50\" data-height-tab=\"\" data-height-tab-portrait=\"\" data-height-mobile-landscape=\"\" style=\"clear:both;display:block;\"><\/div>[vc_column_text css=&#8220;&#8220;]<\/p>\n<div class=\"wpb_text_column wpb_content_element \">\n<div class=\"wpb_wrapper\">\n<h2><strong>Nordvalls ist FSSC 22000-zertifiziert<\/strong><\/h2>\n<p>Wir sind stolz darauf, dass unsere Standorte in Sj\u00f6bo und M\u00f6lnlycke nach FSSC 22000 zertifiziert sind \u2013 einer der weltweit anerkanntesten Standards f\u00fcr Lebensmittelsicherheit. Die Zertifizierung zeigt, dass wir strukturiert und langfristig mit Qualit\u00e4t und Sicherheit in allen Bereichen arbeiten.<\/p>\n<p>FSSC 22000 ist von der GFSI (Global Food Safety Initiative) anerkannt und stellt hohe Anforderungen an unter anderem Risikomanagement, Verfahren und kontinuierlichen Verbesserungen. F\u00fcr unsere Kunden bedeutet dies eine zus\u00e4tzliche Sicherheit \u2013 ein Beweis daf\u00fcr, dass wir ein zuverl\u00e4ssiger Partner in der Etikettierung f\u00fcr die Lebensmittelindustrie sind.<\/p>\n<p><strong>Laden Sie unser FSSC 22000-Zertifikat herunter:<\/strong><\/p>\n<ul data-start=\"832\" data-end=\"905\">\n<li class=\"\" data-start=\"832\" data-end=\"867\">\n<p class=\"\" data-start=\"834\" data-end=\"867\"><a class=\"\" href=\"https:\/\/nordvallsetikett.com\/wp-content\/uploads\/2025\/02\/FSSC22000-cert-Sjobo-14718-01en.pdf\" rel=\"noopener\" data-start=\"834\" data-end=\"865\">FSSC22000 Zertifikat Sj\u00f6bo<\/a><\/p>\n<\/li>\n<li class=\"\" data-start=\"868\" data-end=\"905\">\n<p class=\"\" data-start=\"870\" data-end=\"905\"><a class=\"\" href=\"https:\/\/nordvallsetikett.com\/wp-content\/uploads\/2025\/02\/FSSC22000-certificateMolnlycke14717-01en.pdf\" rel=\"noopener\" data-start=\"870\" data-end=\"905\">FSSC22000 Zertifikat M\u00f6lnlycke<\/a><\/p>\n<\/li>\n<\/ul>\n<\/div>\n<\/div>\n<div class=\"wpb_text_column wpb_content_element \">\n<div class=\"wpb_wrapper\"><\/div>\n<\/div>\n<p>[\/vc_column_text]<div class=\"ult-spacer spacer-69e7bee441600\" data-id=\"69e7bee441600\" data-height=\"100\" data-height-mobile=\"50\" data-height-tab=\"\" data-height-tab-portrait=\"\" data-height-mobile-landscape=\"\" style=\"clear:both;display:block;\"><\/div>[\/vc_column][vc_column width=&#8220;1\/2&#8243;]<style type=\"text\/css\" data-type=\"the7_shortcodes-inline-css\">.shortcode-single-image-wrap.shortcode-single-image-444f505a4f562c35ed946aaf7c6f35f9.enable-bg-rollover .rollover i,\n.shortcode-single-image-wrap.shortcode-single-image-444f505a4f562c35ed946aaf7c6f35f9.enable-bg-rollover .rollover-video i {\n  background: -webkit-linear-gradient();\n  background: linear-gradient();\n}\n.shortcode-single-image-wrap.shortcode-single-image-444f505a4f562c35ed946aaf7c6f35f9 .rollover-icon {\n  font-size: 32px;\n  color: #ffffff;\n  min-width: 44px;\n  min-height: 44px;\n  line-height: 44px;\n  border-radius: 100px;\n  border-style: solid;\n  border-width: 0px;\n}\n.dt-icon-bg-on.shortcode-single-image-wrap.shortcode-single-image-444f505a4f562c35ed946aaf7c6f35f9 .rollover-icon {\n  background: rgba(255,255,255,0.3);\n  box-shadow: none;\n}<\/style><div class=\"shortcode-single-image-wrap shortcode-single-image-444f505a4f562c35ed946aaf7c6f35f9 alignnone  vc_custom_1580842502403 enable-bg-rollover dt-icon-bg-off\" ><div class=\"shortcode-single-image\"><div class=\"fancy-media-wrap  layzr-bg\" style=\"border-radius:40px;\"><img decoding=\"async\" class=\"preload-me lazy-load aspect\" src=\"data:image\/svg+xml,%3Csvg%20xmlns%3D&#39;http%3A%2F%2Fwww.w3.org%2F2000%2Fsvg&#39;%20viewBox%3D&#39;0%200%20400%20400&#39;%2F%3E\" data-src=\"https:\/\/nordvallsetikett.com\/wp-content\/uploads\/2018\/06\/Brutal_Brewing-1-400x400.jpg\" data-srcset=\"https:\/\/nordvallsetikett.com\/wp-content\/uploads\/2018\/06\/Brutal_Brewing-1-400x400.jpg 400w, https:\/\/nordvallsetikett.com\/wp-content\/uploads\/2018\/06\/Brutal_Brewing-1-800x800.jpg 800w\" loading=\"eager\" sizes=\"(max-width: 400px) 100vw, 400px\" width=\"400\" height=\"400\"  data-dt-location=\"https:\/\/nordvallsetikett.com\/de\/nyheter\/forst-i-skandinavien-med-hp-v12\/attachment\/brutal_brewing-2-2\/\" style=\"--ratio: 400 \/ 400;border-radius:40px;\" alt=\"Flasketiketter Nordvalls\" \/><\/div><\/div><\/div><div class=\"ult-spacer spacer-69e7bee442d1e\" data-id=\"69e7bee442d1e\" data-height=\"70\" data-height-mobile=\"70\" data-height-tab=\"70\" data-height-tab-portrait=\"\" data-height-mobile-landscape=\"\" style=\"clear:both;display:block;\"><\/div>[vc_column_text css=&#8220;&#8220;]<\/p>\n<h2><strong>Etiketten f\u00fcr Lebensmittel und Getr\u00e4nke<\/strong><\/h2>\n<p>Die Aufgabe eines Etiketts auf einer Flasche oder einem Lebensmittel ist alles andere als einfach. Neben der Information \u00fcber den Inhalt des Produkts soll das Etikett auch die Markenidentit\u00e4t kommunizieren und die einzigartigen Vorteile des Produkts vermitteln.<br \/>\nGeben Sie Ihrem Produkt die richtigen Voraussetzungen f\u00fcr den Markterfolg und w\u00e4hlen Sie Ihr Lebensmitteletikett mit Sorgfalt.<br \/>\nDie Vielzahl an Materialien, Farben und Formen \u2013 kombiniert mit dem Know-how und der Drucktechnik von Nordvalls \u2013 macht die M\u00f6glichkeiten nahezu unbegrenzt.[\/vc_column_text]<div class=\"ult-spacer spacer-69e7bee442d57\" data-id=\"69e7bee442d57\" data-height=\"220\" data-height-mobile=\"220\" data-height-tab=\"220\" data-height-tab-portrait=\"\" data-height-mobile-landscape=\"\" style=\"clear:both;display:block;\"><\/div><style type=\"text\/css\" data-type=\"the7_shortcodes-inline-css\">.shortcode-single-image-wrap.shortcode-single-image-4e1a147359b87c7904d86575b806c050.enable-bg-rollover .rollover i,\n.shortcode-single-image-wrap.shortcode-single-image-4e1a147359b87c7904d86575b806c050.enable-bg-rollover .rollover-video i {\n  background: -webkit-linear-gradient();\n  background: linear-gradient();\n}\n.shortcode-single-image-wrap.shortcode-single-image-4e1a147359b87c7904d86575b806c050 .rollover-icon {\n  font-size: 32px;\n  color: #ffffff;\n  min-width: 44px;\n  min-height: 44px;\n  line-height: 44px;\n  border-radius: 100px;\n  border-style: solid;\n  border-width: 0px;\n}\n.dt-icon-bg-on.shortcode-single-image-wrap.shortcode-single-image-4e1a147359b87c7904d86575b806c050 .rollover-icon {\n  background: rgba(255,255,255,0.3);\n  box-shadow: none;\n}<\/style><div class=\"shortcode-single-image-wrap shortcode-single-image-4e1a147359b87c7904d86575b806c050 alignnone  enable-bg-rollover dt-icon-bg-off\" style=\"margin-top:0px; margin-bottom:0px; margin-left:0px; margin-right:0px; width:500px;\"><div class=\"shortcode-single-image\"><div class=\"fancy-media-wrap  layzr-bg\" style=\"border-radius:40px;\"><img decoding=\"async\" class=\"preload-me lazy-load aspect\" src=\"data:image\/svg+xml,%3Csvg%20xmlns%3D&#39;http%3A%2F%2Fwww.w3.org%2F2000%2Fsvg&#39;%20viewBox%3D&#39;0%200%20500%20500&#39;%2F%3E\" data-src=\"https:\/\/nordvallsetikett.com\/wp-content\/uploads\/2025\/04\/FSSC-Certifieringar-500x500.png\" data-srcset=\"https:\/\/nordvallsetikett.com\/wp-content\/uploads\/2025\/04\/FSSC-Certifieringar-500x500.png 500w, https:\/\/nordvallsetikett.com\/wp-content\/uploads\/2025\/04\/FSSC-Certifieringar-1000x1000.png 1000w\" loading=\"eager\" sizes=\"(max-width: 500px) 100vw, 500px\" width=\"500\" height=\"500\"  data-dt-location=\"https:\/\/nordvallsetikett.com\/de\/etiketter\/etiketter-mat-dryck-livsmedel\/attachment\/fssc-certifieringar\/\" style=\"--ratio: 500 \/ 500;border-radius:40px;\" alt=\"\" \/><\/div><\/div><\/div><div class=\"ult-spacer spacer-69e7bee4438ff\" data-id=\"69e7bee4438ff\" data-height=\"80\" data-height-mobile=\"80\" data-height-tab=\"80\" data-height-tab-portrait=\"\" data-height-mobile-landscape=\"\" style=\"clear:both;display:block;\"><\/div>[\/vc_column][\/vc_row][vc_row][vc_column]<div class=\"ult-spacer spacer-69e7bee443939\" data-id=\"69e7bee443939\" data-height=\"20\" data-height-mobile=\"50\" data-height-tab=\"\" data-height-tab-portrait=\"\" data-height-mobile-landscape=\"\" style=\"clear:both;display:block;\"><\/div>[vc_row_inner][vc_column_inner width=&#8220;1\/6&#8243;][\/vc_column_inner][vc_column_inner width=&#8220;2\/3&#8243;][vc_column_text css=&#8220;.vc_custom_1744627792465{border-left-width: 5px !important;padding-left: 20px !important;border-left-style: solid !important;border-color: #1e73be !important;}&#8220;]<strong>Die Erstellung eines Flaschenetiketts, Lebensmitteletiketts oder eines anderen Produktetiketts kann eine der spannendsten, aber vielleicht auch anspruchsvollsten Aufgaben in der Produktentwicklung sein. Wir sind f\u00fcr Sie da.<\/strong>[\/vc_column_text][\/vc_column_inner][vc_column_inner width=&#8220;1\/6&#8243;][\/vc_column_inner][\/vc_row_inner]<div class=\"ult-spacer spacer-69e7bee443981\" data-id=\"69e7bee443981\" data-height=\"100\" data-height-mobile=\"50\" data-height-tab=\"\" data-height-tab-portrait=\"\" data-height-mobile-landscape=\"\" style=\"clear:both;display:block;\"><\/div>[\/vc_column][\/vc_row][vc_row content_placement=&#8220;middle&#8220;][vc_column width=&#8220;1\/2&#8243;]<div class=\"ult-spacer spacer-69e7bee4439b2\" data-id=\"69e7bee4439b2\" data-height=\"80\" data-height-mobile=\"80\" data-height-tab=\"80\" data-height-tab-portrait=\"\" data-height-mobile-landscape=\"\" style=\"clear:both;display:block;\"><\/div><style type=\"text\/css\" data-type=\"the7_shortcodes-inline-css\">.shortcode-single-image-wrap.shortcode-single-image-f504c3335b67bbf238199954075031ff.enable-bg-rollover .rollover i,\n.shortcode-single-image-wrap.shortcode-single-image-f504c3335b67bbf238199954075031ff.enable-bg-rollover .rollover-video i {\n  background: -webkit-linear-gradient();\n  background: linear-gradient();\n}\n.shortcode-single-image-wrap.shortcode-single-image-f504c3335b67bbf238199954075031ff .rollover-icon {\n  font-size: 32px;\n  color: #ffffff;\n  min-width: 44px;\n  min-height: 44px;\n  line-height: 44px;\n  border-radius: 100px;\n  border-style: solid;\n  border-width: 0px;\n}\n.dt-icon-bg-on.shortcode-single-image-wrap.shortcode-single-image-f504c3335b67bbf238199954075031ff .rollover-icon {\n  background: rgba(255,255,255,0.3);\n  box-shadow: none;\n}<\/style><div class=\"shortcode-single-image-wrap shortcode-single-image-f504c3335b67bbf238199954075031ff alignnone  vc_custom_1744267601426 enable-bg-rollover dt-icon-bg-off\" ><div class=\"shortcode-single-image\"><div class=\"fancy-media-wrap  layzr-bg\" style=\"border-radius:40px;\"><img decoding=\"async\" class=\"preload-me lazy-load aspect\" src=\"data:image\/svg+xml,%3Csvg%20xmlns%3D&#39;http%3A%2F%2Fwww.w3.org%2F2000%2Fsvg&#39;%20viewBox%3D&#39;0%200%20500%20333&#39;%2F%3E\" data-src=\"https:\/\/nordvallsetikett.com\/wp-content\/uploads\/2022\/04\/220328_0249_nordvalls-scaled-500x333.jpg\" data-srcset=\"https:\/\/nordvallsetikett.com\/wp-content\/uploads\/2022\/04\/220328_0249_nordvalls-scaled-500x333.jpg 500w, https:\/\/nordvallsetikett.com\/wp-content\/uploads\/2022\/04\/220328_0249_nordvalls-scaled-1000x666.jpg 1000w\" loading=\"eager\" sizes=\"(max-width: 500px) 100vw, 500px\" width=\"500\" height=\"333\"  data-dt-location=\"https:\/\/nordvallsetikett.com\/de\/certifieringar\/attachment\/220328_0249_nordvalls\/\" style=\"--ratio: 500 \/ 333;border-radius:40px;\" alt=\"Bild tagen av: Christian Andersson, Apel\u00f6ga Malm\u00f6\" \/><\/div><\/div><\/div>[\/vc_column][vc_column width=&#8220;1\/2&#8243;]<div class=\"ult-spacer spacer-69e7bee4446a8\" data-id=\"69e7bee4446a8\" data-height=\"50\" data-height-mobile=\"50\" data-height-tab=\"50\" data-height-tab-portrait=\"\" data-height-mobile-landscape=\"\" style=\"clear:both;display:block;\"><\/div>[vc_column_text css=&#8220;&#8220;]<\/p>\n<h2><strong>Welches Etikett ist das richtige f\u00fcr Ihr Produkt?<\/strong><\/h2>\n<p>Soll das Etikett auf einer Flasche, Dose oder Lebensmittelverpackung angebracht werden? Soll es matt oder gl\u00e4nzend, glatt oder rau sein? Die Wahl des richtigen Etiketts ist sowohl spannend als auch herausfordernd \u2013 egal ob es sich um Bier, Wein oder fertig verpackte Lebensmittel handelt. Das Design, das Material und die Oberfl\u00e4che des Etiketts beeinflussen sowohl den Gesamteindruck als auch die Widerstandsf\u00e4higkeit unter verschiedenen Bedingungen wie z.B. Gefrieren und Auftauen. Bei Lebensmitteln ist zudem bestimmte Information verpflichtend, wie Inhaltsstoffe, Allergene und Mengennachweise, die deutlich angegeben werden m\u00fcssen. Bei Nordvalls helfen wir Ihnen, das richtige Etikett f\u00fcr Ihr Produkt zu finden \u2013 mit einem Fokus auf Funktion und Gef\u00fchl.[\/vc_column_text][\/vc_column][\/vc_row][vc_row][vc_column]<div class=\"ult-spacer spacer-69e7bee4446e0\" data-id=\"69e7bee4446e0\" data-height=\"40\" data-height-mobile=\"40\" data-height-tab=\"40\" data-height-tab-portrait=\"\" data-height-mobile-landscape=\"\" style=\"clear:both;display:block;\"><\/div><style type=\"text\/css\" data-type=\"the7_shortcodes-inline-css\">#default-btn-fd97cecaeb5e5dbb3d88be10f4719b8b.ico-right-side > i {\n  margin-right: 0px;\n  margin-left: 8px;\n}\n#default-btn-fd97cecaeb5e5dbb3d88be10f4719b8b > i {\n  margin-right: 8px;\n}<\/style><div class=\"btn-align-center\"><a href=\"https:\/\/nordvallsetikett.com\/sv\/forfragan\/\" class=\"default-btn-shortcode dt-btn dt-btn-l link-hover-off \" id=\"default-btn-fd97cecaeb5e5dbb3d88be10f4719b8b\" title=\"F\u00f6rfr\u00e5gan\"><span>Fordern Sie gerne ein Angebot an.<\/span><\/a><\/div><div class=\"ult-spacer spacer-69e7bee4447d8\" data-id=\"69e7bee4447d8\" data-height=\"50\" data-height-mobile=\"50\" data-height-tab=\"50\" data-height-tab-portrait=\"\" data-height-mobile-landscape=\"\" style=\"clear:both;display:block;\"><\/div><div class=\"hr-thin style-line\" style=\"width: 100%;border-top-width: 1px;\"><\/div><div class=\"ult-spacer spacer-69e7bee444855\" data-id=\"69e7bee444855\" data-height=\"40\" data-height-mobile=\"40\" data-height-tab=\"40\" data-height-tab-portrait=\"\" data-height-mobile-landscape=\"\" style=\"clear:both;display:block;\"><\/div>[\/vc_column][\/vc_row][vc_column][\/vc_column][vc_column][\/vc_column][vc_row full_width=&#8220;stretch_row_content_no_spaces&#8220;][vc_column]<div class=\"ult-spacer spacer-69e7bee444887\" data-id=\"69e7bee444887\" data-height=\"10\" data-height-mobile=\"10\" data-height-tab=\"10\" data-height-tab-portrait=\"10\" data-height-mobile-landscape=\"10\" style=\"clear:both;display:block;\"><\/div>[vc_separator color=&#8220;black&#8220; css=&#8220;&#8220;][vc_row_inner equal_height=&#8220;yes&#8220; content_placement=&#8220;middle&#8220;][vc_column_inner width=&#8220;1\/6&#8243;][\/vc_column_inner][vc_column_inner width=&#8220;1\/6&#8243;][vc_single_image image=&#8220;10646&#8243; img_size=&#8220;80&#215;80&#8243; css=&#8220;&#8220; image_hovers=&#8220;false&#8220;][\/vc_column_inner][vc_column_inner width=&#8220;1\/6&#8243;][\/vc_column_inner][vc_column_inner width=&#8220;1\/6&#8243;][\/vc_column_inner][vc_column_inner width=&#8220;1\/6&#8243;][vc_single_image image=&#8220;10651&#8243; img_size=&#8220;medium&#8220; alignment=&#8220;right&#8220; css=&#8220;&#8220; image_hovers=&#8220;false&#8220;][\/vc_column_inner][vc_column_inner width=&#8220;1\/6&#8243;][\/vc_column_inner][\/vc_row_inner][\/vc_column][\/vc_row]<\/p>\n<\/div>","protected":false},"excerpt":{"rendered":"<p>[vc_row][vc_column width=&#8220;1\/2&#8243;][vc_row_inner][vc_column_inner][vc_column_text css=&#8220;&#8220;] Flaschenetiketten, Bieretiketten und Weinetiketten Das Etikett ist ein wichtiger Bestandteil der gesamten Verpackung eines Getr\u00e4nks. Beim Einkaufen sehen wir oft viele verschiedene Arten von Weinetiketten, Bieretiketten sowie Etiketten f\u00fcr Wasserflaschen, Limonade und Saft. Es gibt gute Gr\u00fcnde, mit Ihrem Etikett herauszustechen, um Ihm Produkt im Regal hervorzuheben \u2013 das kann unter anderem&hellip;<\/p>\n","protected":false},"author":1,"featured_media":0,"parent":3947,"menu_order":0,"comment_status":"closed","ping_status":"closed","template":"","meta":{"footnotes":""},"class_list":["post-4168","page","type-page","status-publish","hentry","description-off"],"_links":{"self":[{"href":"https:\/\/nordvallsetikett.com\/de\/wp-json\/wp\/v2\/pages\/4168","targetHints":{"allow":["GET"]}}],"collection":[{"href":"https:\/\/nordvallsetikett.com\/de\/wp-json\/wp\/v2\/pages"}],"about":[{"href":"https:\/\/nordvallsetikett.com\/de\/wp-json\/wp\/v2\/types\/page"}],"author":[{"embeddable":true,"href":"https:\/\/nordvallsetikett.com\/de\/wp-json\/wp\/v2\/users\/1"}],"replies":[{"embeddable":true,"href":"https:\/\/nordvallsetikett.com\/de\/wp-json\/wp\/v2\/comments?post=4168"}],"version-history":[{"count":12,"href":"https:\/\/nordvallsetikett.com\/de\/wp-json\/wp\/v2\/pages\/4168\/revisions"}],"predecessor-version":[{"id":10863,"href":"https:\/\/nordvallsetikett.com\/de\/wp-json\/wp\/v2\/pages\/4168\/revisions\/10863"}],"up":[{"embeddable":true,"href":"https:\/\/nordvallsetikett.com\/de\/wp-json\/wp\/v2\/pages\/3947"}],"wp:attachment":[{"href":"https:\/\/nordvallsetikett.com\/de\/wp-json\/wp\/v2\/media?parent=4168"}],"curies":[{"name":"wp","href":"https:\/\/api.w.org\/{rel}","templated":true}]}}