{"id":4176,"date":"2020-06-29T18:40:38","date_gmt":"2020-06-29T18:40:38","guid":{"rendered":"http:\/\/nordvalls.se\/etiketten\/etiketten-fuer-e-commerce-logistik\/"},"modified":"2025-10-27T14:48:48","modified_gmt":"2025-10-27T14:48:48","slug":"etiketten-fuer-e-commerce-logistik","status":"publish","type":"page","link":"https:\/\/nordvallsetikett.com\/de\/etiketten\/etiketten-fuer-e-commerce-logistik\/","title":{"rendered":"Etiketten f\u00fcr E-Commerce &#038; Logistik"},"content":{"rendered":"<div class=\"wpb-content-wrapper\"><p>[vc_row][vc_column width=&#8220;1\/2&#8243;][vc_column_text]<\/p>\n<h2>Barcode-Etiketten, standardisierte Transportetiketten, Frachtetiketten<\/h2>\n<p>E-Commerce und Logistik sind Bereiche, die in den letzten Jahren gro\u00dfe Ver\u00e4nderungen und ein schnelles Wachstum erfahren haben. Als Anbieter von Etiketten haben wir bei Nordvalls eine zunehmende Nachfrage nach Transportetiketten, Lageretiketten und Etiketten zur Kennzeichnung von Regalen sowie zur Identifizierung von Produkten und Sendungen usw. festgestellt.<\/p>\n<h3>Nordvalls Etikett \u2013 ein Partner, auf den man sich verlassen kann<\/h3>\n<p>Das Arbeitstempo in den Bereichen E-Commerce und Logistik ist hoch, und in Bezug auf Lieferzeiten und Liefersicherheit macht man nicht gern Kompromisse. Mit langj\u00e4hriger Erfahrung als Zulieferer f\u00fcr Unternehmen in den Bereichen E-Commerce und Logistik wissen wir, wie man zur richtigen Zeit und mit der richtigen Qualit\u00e4t liefert. In einer schnelllebigen Branche mit einem hohen Tempo ist ein sicherer Partner eine kluge Wahl.[\/vc_column_text][\/vc_column][vc_column width=&#8220;1\/2&#8243;]<style type=\"text\/css\" data-type=\"the7_shortcodes-inline-css\">.shortcode-single-image-wrap.shortcode-single-image-099427ba213f46f9c29aa9eda110e571.enable-bg-rollover .rollover i,\n.shortcode-single-image-wrap.shortcode-single-image-099427ba213f46f9c29aa9eda110e571.enable-bg-rollover .rollover-video i {\n  background: -webkit-linear-gradient();\n  background: linear-gradient();\n}\n.shortcode-single-image-wrap.shortcode-single-image-099427ba213f46f9c29aa9eda110e571 .rollover-icon {\n  font-size: 32px;\n  color: #ffffff;\n  min-width: 44px;\n  min-height: 44px;\n  line-height: 44px;\n  border-radius: 100px;\n  border-style: solid;\n  border-width: 0px;\n}\n.dt-icon-bg-on.shortcode-single-image-wrap.shortcode-single-image-099427ba213f46f9c29aa9eda110e571 .rollover-icon {\n  background: rgba(255,255,255,0.3);\n  box-shadow: none;\n}<\/style><div class=\"shortcode-single-image-wrap shortcode-single-image-099427ba213f46f9c29aa9eda110e571 alignnone  vc_custom_1586855952683 enable-bg-rollover dt-icon-bg-off\" ><div class=\"shortcode-single-image\"><div class=\"fancy-media-wrap  layzr-bg\" style=\"border-radius:40px;\"><img fetchpriority=\"high\" decoding=\"async\" class=\"preload-me lazy-load aspect\" src=\"data:image\/svg+xml,%3Csvg%20xmlns%3D&#39;http%3A%2F%2Fwww.w3.org%2F2000%2Fsvg&#39;%20viewBox%3D&#39;0%200%20500%20333&#39;%2F%3E\" data-src=\"https:\/\/nordvallsetikett.com\/wp-content\/uploads\/2020\/04\/200311_2026_nordvalls-1-1-500x333.jpg\" data-srcset=\"https:\/\/nordvallsetikett.com\/wp-content\/uploads\/2020\/04\/200311_2026_nordvalls-1-1-500x333.jpg 500w, https:\/\/nordvallsetikett.com\/wp-content\/uploads\/2020\/04\/200311_2026_nordvalls-1-1-1000x666.jpg 1000w\" loading=\"eager\" sizes=\"(max-width: 500px) 100vw, 500px\" width=\"500\" height=\"333\"  data-dt-location=\"https:\/\/nordvallsetikett.com\/de\/nordvalls-etikett\/om-nordvalls\/vision-och-affarside\/attachment\/vid-fragor-om-bilden-skriv-till-christian-anderssonapeloga-se-25\/\" style=\"--ratio: 500 \/ 333;border-radius:40px;\" alt=\"Best\u00e4lla etikett\" \/><\/div><\/div><\/div>[\/vc_column][\/vc_row][vc_row][vc_column]<div class=\"ult-spacer spacer-69e7bedb7d7f7\" data-id=\"69e7bedb7d7f7\" data-height=\"100\" data-height-mobile=\"50\" data-height-tab=\"\" data-height-tab-portrait=\"\" data-height-mobile-landscape=\"\" style=\"clear:both;display:block;\"><\/div>[vc_row_inner][vc_column_inner width=&#8220;1\/4&#8243;][\/vc_column_inner][vc_column_inner width=&#8220;1\/2&#8243;][vc_column_text css=&#8220;.vc_custom_1580391682891{border-left-width: 5px !important;padding-left: 20px !important;border-left-color: #1e73be !important;border-left-style: solid !important;}&#8220;]<\/p>\n<h4>Wir wollen der langfristige Lieferant unserer Kunden sein und bieten daher konkurrenzf\u00e4hige Etikettenl\u00f6sungen f\u00fcr schnelllebige und wachsende E-Commerce- und Logistikunternehmen.<\/h4>\n<p>[\/vc_column_text][\/vc_column_inner][vc_column_inner width=&#8220;1\/4&#8243;][\/vc_column_inner][\/vc_row_inner]<div class=\"ult-spacer spacer-69e7bedb7d833\" data-id=\"69e7bedb7d833\" data-height=\"100\" data-height-mobile=\"50\" data-height-tab=\"\" data-height-tab-portrait=\"\" data-height-mobile-landscape=\"\" style=\"clear:both;display:block;\"><\/div>[vc_row_inner][vc_column_inner width=&#8220;1\/2&#8243;]<style type=\"text\/css\" data-type=\"the7_shortcodes-inline-css\">.shortcode-single-image-wrap.shortcode-single-image-a3d2506c231bd56a51343c4228e3df70.enable-bg-rollover .rollover i,\n.shortcode-single-image-wrap.shortcode-single-image-a3d2506c231bd56a51343c4228e3df70.enable-bg-rollover .rollover-video i {\n  background: -webkit-linear-gradient();\n  background: linear-gradient();\n}\n.shortcode-single-image-wrap.shortcode-single-image-a3d2506c231bd56a51343c4228e3df70 .rollover-icon {\n  font-size: 32px;\n  color: #ffffff;\n  min-width: 44px;\n  min-height: 44px;\n  line-height: 44px;\n  border-radius: 100px;\n  border-style: solid;\n  border-width: 0px;\n}\n.dt-icon-bg-on.shortcode-single-image-wrap.shortcode-single-image-a3d2506c231bd56a51343c4228e3df70 .rollover-icon {\n  background: rgba(255,255,255,0.3);\n  box-shadow: none;\n}<\/style><div class=\"shortcode-single-image-wrap shortcode-single-image-a3d2506c231bd56a51343c4228e3df70 alignnone  vc_custom_1586855972852 enable-bg-rollover dt-icon-bg-off\" ><div class=\"shortcode-single-image\"><div class=\"fancy-media-wrap  layzr-bg\" style=\"border-radius:40px;\"><img decoding=\"async\" class=\"preload-me lazy-load aspect\" src=\"data:image\/svg+xml,%3Csvg%20xmlns%3D&#39;http%3A%2F%2Fwww.w3.org%2F2000%2Fsvg&#39;%20viewBox%3D&#39;0%200%20500%20333&#39;%2F%3E\" data-src=\"https:\/\/nordvallsetikett.com\/wp-content\/uploads\/2020\/04\/200311_1554_nordvalls-500x333.jpg\" data-srcset=\"https:\/\/nordvallsetikett.com\/wp-content\/uploads\/2020\/04\/200311_1554_nordvalls-500x333.jpg 500w, https:\/\/nordvallsetikett.com\/wp-content\/uploads\/2020\/04\/200311_1554_nordvalls-1000x666.jpg 1000w\" loading=\"eager\" sizes=\"(max-width: 500px) 100vw, 500px\" width=\"500\" height=\"333\"  data-dt-location=\"https:\/\/nordvallsetikett.com\/de\/nordvalls-etikett\/om-nordvalls\/vision-och-affarside\/attachment\/vid-fragor-om-bilden-mejla-erika-weilandapeloga-se-28\/\" style=\"--ratio: 500 \/ 333;border-radius:40px;\" alt=\"Nordvalls Etikett\" \/><\/div><\/div><\/div>[\/vc_column_inner][vc_column_inner width=&#8220;1\/2&#8243;][vc_column_text]<\/p>\n<h3>Die richtige Qualit\u00e4t mit Nordvalls Etiketten<\/h3>\n<p>Bei Nordvalls finden Sie ein breites Sortiment an Materialien, Klebstoffen und Formaten. Als erfahrener Anbieter von Etiketten f\u00fcr E-Commerce- und Logistikunternehmen wissen wir, welche Materialien f\u00fcr unterschiedliche Zwecke geeignet sind, und wir bem\u00fchen uns aktiv, mit der Entwicklung neuer und intelligenter Verpackungsmaterialien Schritt zu halten.<\/p>\n<p>Wir wollen der langfristige Lieferant unserer Kunden sein und bieten daher konkurrenzf\u00e4hige Etikettenl\u00f6sungen f\u00fcr schnelllebige und wachsende E-Commerce- und Logistikunternehmen an.<\/p>\n<p>Wissen Sie schon, was Sie haben m\u00f6chten und wollen sofort bestellen? Dann schauen Sie gern in unseren Online-Shop <a href=\"http:\/\/fraktetiketter.se\" target=\"_blank\" rel=\"noopener\">fraktetiketter.se<\/a>.[\/vc_column_text][\/vc_column_inner][\/vc_row_inner][\/vc_column][\/vc_row][vc_row][vc_column]<div class=\"ult-spacer spacer-69e7bedb7e546\" data-id=\"69e7bedb7e546\" data-height=\"50\" data-height-mobile=\"50\" data-height-tab=\"50\" data-height-tab-portrait=\"\" data-height-mobile-landscape=\"\" style=\"clear:both;display:block;\"><\/div><style type=\"text\/css\" data-type=\"the7_shortcodes-inline-css\">#default-btn-299478678d7de45cd596366a62c87c42.ico-right-side > i {\n  margin-right: 0px;\n  margin-left: 8px;\n}\n#default-btn-299478678d7de45cd596366a62c87c42 > i {\n  margin-right: 8px;\n}<\/style><div class=\"btn-align-center\"><a href=\"http\" class=\"default-btn-shortcode dt-btn dt-btn-l link-hover-off \" id=\"default-btn-299478678d7de45cd596366a62c87c42\"><span>Machen Sie eine Anfrage<\/span><\/a><\/div><div class=\"ult-spacer spacer-69e7bedb7e628\" data-id=\"69e7bedb7e628\" data-height=\"50\" data-height-mobile=\"50\" data-height-tab=\"50\" data-height-tab-portrait=\"\" data-height-mobile-landscape=\"\" style=\"clear:both;display:block;\"><\/div><div class=\"hr-thin style-line\" style=\"width: 100%;border-top-width: 1px;\"><\/div>[\/vc_column][\/vc_row][vc_row][vc_column][vc_row_inner css=&#8220;.vc_custom_1574108696418{padding-top: 60px !important;padding-bottom: 60px !important;}&#8220;][vc_column_inner]<div id=\"ultimate-heading-874669e7bedb7e6db\" class=\"uvc-heading ult-adjust-bottom-margin ultimate-heading-874669e7bedb7e6db uvc-6487  uvc-heading-default-font-sizes\" data-hspacer=\"no_spacer\"  data-halign=\"center\" style=\"text-align:center\"><div class=\"uvc-heading-spacer no_spacer\" style=\"top\"><\/div><div class=\"uvc-main-heading ult-responsive\"  data-ultimate-target='.uvc-heading.ultimate-heading-874669e7bedb7e6db h2'  data-responsive-json-new='{\"font-size\":\"\",\"line-height\":\"\"}' ><h2 style=\"--font-weight:theme;\">Was sagen andere Kunden in derselben Branche?<\/h2><\/div><\/div>[\/vc_column_inner][\/vc_row_inner][vc_row_inner][vc_column_inner width=&#8220;1\/2&#8243;][vc_column_text css=&#8220;.vc_custom_1579893923875{margin-bottom: 60px !important;border-left-width: 5px !important;padding-left: 20px !important;border-left-color: #007cbf !important;border-left-style: solid !important;}&#8220;]<\/p>\n<h5>Ohne Etiketten k\u00f6nnen wir noch nicht einmal die Paletten hereinfahren, die bei uns ankommen.<\/h5>\n<p class=\"author\">Haus- und Wartungsmanager bei Staples in V\u00e4xj\u00f6 und Verantwortlicher f\u00fcr den Einkauf von Etiketten und Verpackungen.<\/p>\n<p>[\/vc_column_text][\/vc_column_inner][vc_column_inner width=&#8220;1\/2&#8243;][vc_column_text css=&#8220;.vc_custom_1579893992280{margin-bottom: 60px !important;border-left-width: 5px !important;padding-left: 20px !important;border-left-color: #007cbf !important;border-left-style: solid !important;}&#8220;]<\/p>\n<h5>Nordvalls l\u00f6st Probleme schnell und reibungslos und liefert Etiketten, die unseren Anforderungen entsprechen.<\/h5>\n<p class=\"author\">Eink\u00e4ufer bei Svenska F\u00f6nster<\/p>\n<p>[\/vc_column_text][\/vc_column_inner][\/vc_row_inner][\/vc_column][\/vc_row][vc_row full_width=&#8220;stretch_row_content_no_spaces&#8220;][vc_column]<div class=\"ult-spacer spacer-69e7bedb7e750\" data-id=\"69e7bedb7e750\" data-height=\"10\" data-height-mobile=\"10\" data-height-tab=\"10\" data-height-tab-portrait=\"10\" data-height-mobile-landscape=\"10\" style=\"clear:both;display:block;\"><\/div>[vc_separator color=&#8220;black&#8220; css=&#8220;&#8220;][vc_row_inner equal_height=&#8220;yes&#8220; content_placement=&#8220;middle&#8220;][vc_column_inner width=&#8220;1\/6&#8243;][\/vc_column_inner][vc_column_inner width=&#8220;1\/6&#8243;][vc_single_image image=&#8220;10646&#8243; img_size=&#8220;80&#215;80&#8243; css=&#8220;&#8220; image_hovers=&#8220;false&#8220;][\/vc_column_inner][vc_column_inner width=&#8220;1\/6&#8243;][\/vc_column_inner][vc_column_inner width=&#8220;1\/6&#8243;][\/vc_column_inner][vc_column_inner width=&#8220;1\/6&#8243;][vc_single_image image=&#8220;10651&#8243; img_size=&#8220;medium&#8220; alignment=&#8220;right&#8220; css=&#8220;&#8220; image_hovers=&#8220;false&#8220;][\/vc_column_inner][vc_column_inner width=&#8220;1\/6&#8243;][\/vc_column_inner][\/vc_row_inner][\/vc_column][\/vc_row]<\/p>\n<\/div>","protected":false},"excerpt":{"rendered":"<p>[vc_row][vc_column width=&#8220;1\/2&#8243;][vc_column_text] Barcode-Etiketten, standardisierte Transportetiketten, Frachtetiketten E-Commerce und Logistik sind Bereiche, die in den letzten Jahren gro\u00dfe Ver\u00e4nderungen und ein schnelles Wachstum erfahren haben. Als Anbieter von Etiketten haben wir bei Nordvalls eine zunehmende Nachfrage nach Transportetiketten, Lageretiketten und Etiketten zur Kennzeichnung von Regalen sowie zur Identifizierung von Produkten und Sendungen usw. festgestellt. Nordvalls Etikett&hellip;<\/p>\n","protected":false},"author":1,"featured_media":0,"parent":3947,"menu_order":0,"comment_status":"closed","ping_status":"closed","template":"","meta":{"footnotes":""},"class_list":["post-4176","page","type-page","status-publish","hentry","description-off"],"_links":{"self":[{"href":"https:\/\/nordvallsetikett.com\/de\/wp-json\/wp\/v2\/pages\/4176","targetHints":{"allow":["GET"]}}],"collection":[{"href":"https:\/\/nordvallsetikett.com\/de\/wp-json\/wp\/v2\/pages"}],"about":[{"href":"https:\/\/nordvallsetikett.com\/de\/wp-json\/wp\/v2\/types\/page"}],"author":[{"embeddable":true,"href":"https:\/\/nordvallsetikett.com\/de\/wp-json\/wp\/v2\/users\/1"}],"replies":[{"embeddable":true,"href":"https:\/\/nordvallsetikett.com\/de\/wp-json\/wp\/v2\/comments?post=4176"}],"version-history":[{"count":4,"href":"https:\/\/nordvallsetikett.com\/de\/wp-json\/wp\/v2\/pages\/4176\/revisions"}],"predecessor-version":[{"id":10827,"href":"https:\/\/nordvallsetikett.com\/de\/wp-json\/wp\/v2\/pages\/4176\/revisions\/10827"}],"up":[{"embeddable":true,"href":"https:\/\/nordvallsetikett.com\/de\/wp-json\/wp\/v2\/pages\/3947"}],"wp:attachment":[{"href":"https:\/\/nordvallsetikett.com\/de\/wp-json\/wp\/v2\/media?parent=4176"}],"curies":[{"name":"wp","href":"https:\/\/api.w.org\/{rel}","templated":true}]}}