{"id":4183,"date":"2020-06-29T18:44:20","date_gmt":"2020-06-29T18:44:20","guid":{"rendered":"http:\/\/nordvalls.se\/etiketten\/mehrfarbenetiketten\/"},"modified":"2025-10-27T15:10:05","modified_gmt":"2025-10-27T15:10:05","slug":"mehrfarbenetiketten","status":"publish","type":"page","link":"https:\/\/nordvallsetikett.com\/de\/etiketten\/mehrfarbenetiketten\/","title":{"rendered":"Mehrfarbenetiketten"},"content":{"rendered":"<div class=\"wpb-content-wrapper\"><p>[vc_row][vc_column][vc_row_inner content_placement=&#8220;middle&#8220;][vc_column_inner width=&#8220;1\/2&#8243;][vc_column_text]<\/p>\n<h2>Etiketten in mehreren Farben<\/h2>\n<p>Etiketten in mehreren Farben sind f\u00fcr uns bei Nordvalls eine h\u00e4ufige Aufgabe. Mit unserer Erfahrung in verschiedenen Drucktechniken wissen wir, was erforderlich ist, um das gew\u00fcnschte Endergebnis zu erzielen. Farbe ist ein wichtiger Bestandteil eines professionell bedruckten Etiketts, und unsere Druckmaschinen verarbeiten viele Farben und Lacke. Digitaldruck, Flexo- oder Siebdruck. Es gibt viele Kombinationen und M\u00f6glichkeiten.<\/p>\n<p>Die Effekte und Ergebnisse, die Sie mit Ihrem Etikett erzielen m\u00f6chten, beeinflussen oft die richtige Wahl der Druckmethode.[\/vc_column_text][\/vc_column_inner][vc_column_inner width=&#8220;1\/2&#8243;]<style type=\"text\/css\" data-type=\"the7_shortcodes-inline-css\">.shortcode-single-image-wrap.shortcode-single-image-c9df5d8733ba4e9cb7d2be70a0f3c34f.enable-bg-rollover .rollover i,\n.shortcode-single-image-wrap.shortcode-single-image-c9df5d8733ba4e9cb7d2be70a0f3c34f.enable-bg-rollover .rollover-video i {\n  background: -webkit-linear-gradient();\n  background: linear-gradient();\n}\n.shortcode-single-image-wrap.shortcode-single-image-c9df5d8733ba4e9cb7d2be70a0f3c34f .rollover-icon {\n  font-size: 32px;\n  color: #ffffff;\n  min-width: 44px;\n  min-height: 44px;\n  line-height: 44px;\n  border-radius: 100px;\n  border-style: solid;\n  border-width: 0px;\n}\n.dt-icon-bg-on.shortcode-single-image-wrap.shortcode-single-image-c9df5d8733ba4e9cb7d2be70a0f3c34f .rollover-icon {\n  background: rgba(255,255,255,0.3);\n  box-shadow: none;\n}<\/style><div class=\"shortcode-single-image-wrap shortcode-single-image-c9df5d8733ba4e9cb7d2be70a0f3c34f alignnone  vc_custom_1580844754166 enable-bg-rollover dt-icon-bg-off\" ><div class=\"shortcode-single-image\"><div class=\"fancy-media-wrap  layzr-bg\" style=\"border-radius:40px;\"><img fetchpriority=\"high\" decoding=\"async\" class=\"preload-me lazy-load aspect\" src=\"data:image\/svg+xml,%3Csvg%20xmlns%3D&#39;http%3A%2F%2Fwww.w3.org%2F2000%2Fsvg&#39;%20viewBox%3D&#39;0%200%20500%20333&#39;%2F%3E\" data-src=\"https:\/\/nordvallsetikett.com\/wp-content\/uploads\/2020\/01\/nordvallsetiketter_bla-500x333.jpg\" data-srcset=\"https:\/\/nordvallsetikett.com\/wp-content\/uploads\/2020\/01\/nordvallsetiketter_bla-500x333.jpg 500w, https:\/\/nordvallsetikett.com\/wp-content\/uploads\/2020\/01\/nordvallsetiketter_bla.jpg 1000w\" loading=\"eager\" sizes=\"(max-width: 500px) 100vw, 500px\" width=\"500\" height=\"333\"  data-dt-location=\"https:\/\/nordvallsetikett.com\/de\/etiketter\/flerfargsetiketter\/attachment\/vid-fragor-om-bilden-mejla-erika-weilandapeloga-se-17\/\" style=\"--ratio: 500 \/ 333;border-radius:40px;\" alt=\"\" \/><\/div><\/div><\/div>[\/vc_column_inner][\/vc_row_inner]<div class=\"ult-spacer spacer-69e7e5eab28b0\" data-id=\"69e7e5eab28b0\" data-height=\"50\" data-height-mobile=\"50\" data-height-tab=\"\" data-height-tab-portrait=\"\" data-height-mobile-landscape=\"\" style=\"clear:both;display:block;\"><\/div>[vc_row_inner content_placement=&#8220;middle&#8220;][vc_column_inner width=&#8220;1\/2&#8243;]<style type=\"text\/css\" data-type=\"the7_shortcodes-inline-css\">.shortcode-single-image-wrap.shortcode-single-image-4220389291662e2ba63dfe8c0c62eccc.enable-bg-rollover .rollover i,\n.shortcode-single-image-wrap.shortcode-single-image-4220389291662e2ba63dfe8c0c62eccc.enable-bg-rollover .rollover-video i {\n  background: -webkit-linear-gradient();\n  background: linear-gradient();\n}\n.shortcode-single-image-wrap.shortcode-single-image-4220389291662e2ba63dfe8c0c62eccc .rollover-icon {\n  font-size: 32px;\n  color: #ffffff;\n  min-width: 44px;\n  min-height: 44px;\n  line-height: 44px;\n  border-radius: 100px;\n  border-style: solid;\n  border-width: 0px;\n}\n.dt-icon-bg-on.shortcode-single-image-wrap.shortcode-single-image-4220389291662e2ba63dfe8c0c62eccc .rollover-icon {\n  background: rgba(255,255,255,0.3);\n  box-shadow: none;\n}<\/style><div class=\"shortcode-single-image-wrap shortcode-single-image-4220389291662e2ba63dfe8c0c62eccc alignnone  vc_custom_1586856145835 enable-bg-rollover dt-icon-bg-off\" ><div class=\"shortcode-single-image\"><div class=\"fancy-media-wrap  layzr-bg\" style=\"border-radius:40px;\"><img decoding=\"async\" class=\"preload-me lazy-load aspect\" src=\"data:image\/svg+xml,%3Csvg%20xmlns%3D&#39;http%3A%2F%2Fwww.w3.org%2F2000%2Fsvg&#39;%20viewBox%3D&#39;0%200%20500%20333&#39;%2F%3E\" data-src=\"https:\/\/nordvallsetikett.com\/wp-content\/uploads\/2020\/04\/Flerfa\u0308rgsetikett-Nordvalls-scaled-500x333.jpg\" data-srcset=\"https:\/\/nordvallsetikett.com\/wp-content\/uploads\/2020\/04\/Flerfa\u0308rgsetikett-Nordvalls-scaled-500x333.jpg 500w, https:\/\/nordvallsetikett.com\/wp-content\/uploads\/2020\/04\/Flerfa\u0308rgsetikett-Nordvalls-scaled-1000x666.jpg 1000w\" loading=\"eager\" sizes=\"(max-width: 500px) 100vw, 500px\" width=\"500\" height=\"333\"  data-dt-location=\"https:\/\/nordvallsetikett.com\/de\/etiketter\/flerfargsetiketter\/attachment\/flerfa%cc%88rgsetikett-nordvalls\/\" style=\"--ratio: 500 \/ 333;border-radius:40px;\" alt=\"Flerfa\u0308rgsetikett-Nordvalls\" \/><\/div><\/div><\/div>[\/vc_column_inner][vc_column_inner width=&#8220;1\/2&#8243;][vc_column_text]<\/p>\n<h3>Maximieren Sie Ihr Etikett mit Folien, Pr\u00e4gungen und Lacken<\/h3>\n<p>Ein Etikett kann vieles sagen. Es sagt etwas \u00fcber die Marke aus, \u00fcber den Anwendungsbereich des Produkts och hoffentlich auch, weshalb der Empf\u00e4nger das Produkt, auf dem es sich befindet, kaufen sollte. \u00dcberlassen Sie nicht das Aussehen des Etiketts dem Zufall! Wir haben Farbe als eine wichtige Komponente f\u00fcr die Kommunikationsf\u00e4higkeit des Etiketts genannt, aber warum sollte man sich darauf beschr\u00e4nken?<\/p>\n<p>Bei Nordvalls haben wir viel Erfahrung in der Arbeit mit verschiedenen Typen von Effekten, damit das gedruckte Etikett mehr Effekte und ein einzigartiges Gepr\u00e4ge bekommt. Mit Hilfe von Folien, verschiedenen Pr\u00e4gungen und Lacken geben wir Ihrem Etikett gerne mehrere Dimensionen. Sprechen Sie mit unserem Verkaufsteam, das Ihnen gerne weiterhilft.[\/vc_column_text][\/vc_column_inner][\/vc_row_inner]<div class=\"ult-spacer spacer-69e7e5eab3409\" data-id=\"69e7e5eab3409\" data-height=\"50\" data-height-mobile=\"50\" data-height-tab=\"50\" data-height-tab-portrait=\"\" data-height-mobile-landscape=\"\" style=\"clear:both;display:block;\"><\/div>[\/vc_column][\/vc_row][vc_row][vc_column width=&#8220;1\/4&#8243;][\/vc_column][vc_column width=&#8220;1\/2&#8243;]<style type=\"text\/css\" data-type=\"the7_shortcodes-inline-css\">#default-btn-e7f5dc98618e068a5a6153f32c958c2e.ico-right-side > i {\n  margin-right: 0px;\n  margin-left: 8px;\n}\n#default-btn-e7f5dc98618e068a5a6153f32c958c2e > i {\n  margin-right: 8px;\n}<\/style><div class=\"btn-align-center\"><a href=\"https:\/\/nordvallsetikett.com\/forfragan\/\" class=\"default-btn-shortcode dt-btn dt-btn-l link-hover-off \" id=\"default-btn-e7f5dc98618e068a5a6153f32c958c2e\" title=\"F\u00f6rfr\u00e5gan\"><span>Kontaktieren Sie uns f\u00fcr weitere Informationen<\/span><\/a><\/div><div class=\"ult-spacer spacer-69e7e5eab351c\" data-id=\"69e7e5eab351c\" data-height=\"50\" data-height-mobile=\"50\" data-height-tab=\"50\" data-height-tab-portrait=\"\" data-height-mobile-landscape=\"\" style=\"clear:both;display:block;\"><\/div>[\/vc_column][vc_column width=&#8220;1\/4&#8243;][\/vc_column][\/vc_row][vc_row bg_type=&#8220;image&#8220; parallax_style=&#8220;vcpb-vz-jquery&#8220; bg_image_new=&#8220;id^2887|url^http:\/\/nordvalls.se\/wp-content\/uploads\/2019\/12\/191121_nordvalls2839.jpg|caption^Vid fr\u00e5gor om bilden, mejla: erika.weiland@apeloga.se|alt^null|title^Vid fr\u00e5gor om bilden, mejla: erika.weiland@apeloga.se|description^null&#8220; bg_image_repeat=&#8220;no-repeat&#8220; bg_override=&#8220;full&#8220; disable_on_mobile_img_parallax=&#8220;disable_on_mobile_img_parallax_value&#8220; fadeout_row=&#8220;fadeout_row_value&#8220; fadeout_start_effect=&#8220;30&#8243; enable_overlay=&#8220;enable_overlay_value&#8220; overlay_color=&#8220;rgba(38,45,55,0.5)&#8220;][vc_column css=&#8220;.vc_custom_1560418610056{padding-top: 150px !important;padding-bottom: 150px !important;}&#8220; offset=&#8220;vc_col-lg-offset-2 vc_col-lg-8&#8243;]<div id=\"ultimate-heading-870369e7e5eab358c\" class=\"uvc-heading ult-adjust-bottom-margin ultimate-heading-870369e7e5eab358c uvc-8488 \" data-hspacer=\"no_spacer\"  data-halign=\"center\" style=\"text-align:center\"><div class=\"uvc-heading-spacer no_spacer\" style=\"top\"><\/div><div class=\"uvc-main-heading ult-responsive\"  data-ultimate-target='.uvc-heading.ultimate-heading-870369e7e5eab358c h3'  data-responsive-json-new='{\"font-size\":\"desktop:25px;\",\"line-height\":\"\"}' ><h3 style=\"font-weight:bold;color:#ffffff;margin-bottom:15px;\">Finden Sie nicht, was Sie suchen?<\/h3><\/div><div class=\"uvc-sub-heading ult-responsive\"  data-ultimate-target='.uvc-heading.ultimate-heading-870369e7e5eab358c .uvc-sub-heading '  data-responsive-json-new='{\"font-size\":\"desktop:20px;\",\"line-height\":\"desktop:34px;\"}'  style=\"font-weight:bold;color:#ffffff;margin-bottom:20px;\"><span style=\"font-weight: 400;\">Dann kontaktieren Sie bitte unseren Kundensupport. Dort hilft man Ihnen gern, das richtige Etikett zu finden.<\/span><\/div><\/div><style type=\"text\/css\" data-type=\"the7_shortcodes-inline-css\">#default-btn-41245c852cecbc7f5889d037458f9e27.ico-right-side > i {\n  margin-right: 0px;\n  margin-left: 8px;\n}\n#default-btn-41245c852cecbc7f5889d037458f9e27 > i {\n  margin-right: 8px;\n}<\/style><div class=\"btn-align-center\"><a href=\"https:\/\/nordvallsetikett.com\/de\/kontakt\/\" class=\"default-btn-shortcode dt-btn dt-btn-l link-hover-off \" id=\"default-btn-41245c852cecbc7f5889d037458f9e27\" style=\"width:400px;\" title=\"F\u00f6rfr\u00e5gan\"><span>Kontaktieren Sie uns f\u00fcr weitere Informationen<\/span><\/a><\/div>[\/vc_column][\/vc_row][vc_row full_width=&#8220;stretch_row_content_no_spaces&#8220;][vc_column]<div class=\"ult-spacer spacer-69e7e5eab36a5\" data-id=\"69e7e5eab36a5\" data-height=\"10\" data-height-mobile=\"10\" data-height-tab=\"10\" data-height-tab-portrait=\"10\" data-height-mobile-landscape=\"10\" style=\"clear:both;display:block;\"><\/div>[vc_separator color=&#8220;black&#8220; css=&#8220;&#8220;][vc_row_inner equal_height=&#8220;yes&#8220; content_placement=&#8220;middle&#8220;][vc_column_inner width=&#8220;1\/6&#8243;][\/vc_column_inner][vc_column_inner width=&#8220;1\/6&#8243;][vc_single_image image=&#8220;10646&#8243; img_size=&#8220;80&#215;80&#8243; css=&#8220;&#8220; image_hovers=&#8220;false&#8220;][\/vc_column_inner][vc_column_inner width=&#8220;1\/6&#8243;][\/vc_column_inner][vc_column_inner width=&#8220;1\/6&#8243;][\/vc_column_inner][vc_column_inner width=&#8220;1\/6&#8243;][vc_single_image image=&#8220;10651&#8243; img_size=&#8220;medium&#8220; alignment=&#8220;right&#8220; css=&#8220;&#8220; image_hovers=&#8220;false&#8220;][\/vc_column_inner][vc_column_inner width=&#8220;1\/6&#8243;][\/vc_column_inner][\/vc_row_inner][\/vc_column][\/vc_row]<\/p>\n<\/div>","protected":false},"excerpt":{"rendered":"<p>[vc_row][vc_column][vc_row_inner content_placement=&#8220;middle&#8220;][vc_column_inner width=&#8220;1\/2&#8243;][vc_column_text] Etiketten in mehreren Farben Etiketten in mehreren Farben sind f\u00fcr uns bei Nordvalls eine h\u00e4ufige Aufgabe. Mit unserer Erfahrung in verschiedenen Drucktechniken wissen wir, was erforderlich ist, um das gew\u00fcnschte Endergebnis zu erzielen. Farbe ist ein wichtiger Bestandteil eines professionell bedruckten Etiketts, und unsere Druckmaschinen verarbeiten viele Farben und Lacke. Digitaldruck, Flexo-&hellip;<\/p>\n","protected":false},"author":1,"featured_media":0,"parent":3947,"menu_order":0,"comment_status":"closed","ping_status":"closed","template":"","meta":{"footnotes":""},"class_list":["post-4183","page","type-page","status-publish","hentry","description-off"],"_links":{"self":[{"href":"https:\/\/nordvallsetikett.com\/de\/wp-json\/wp\/v2\/pages\/4183","targetHints":{"allow":["GET"]}}],"collection":[{"href":"https:\/\/nordvallsetikett.com\/de\/wp-json\/wp\/v2\/pages"}],"about":[{"href":"https:\/\/nordvallsetikett.com\/de\/wp-json\/wp\/v2\/types\/page"}],"author":[{"embeddable":true,"href":"https:\/\/nordvallsetikett.com\/de\/wp-json\/wp\/v2\/users\/1"}],"replies":[{"embeddable":true,"href":"https:\/\/nordvallsetikett.com\/de\/wp-json\/wp\/v2\/comments?post=4183"}],"version-history":[{"count":5,"href":"https:\/\/nordvallsetikett.com\/de\/wp-json\/wp\/v2\/pages\/4183\/revisions"}],"predecessor-version":[{"id":10867,"href":"https:\/\/nordvallsetikett.com\/de\/wp-json\/wp\/v2\/pages\/4183\/revisions\/10867"}],"up":[{"embeddable":true,"href":"https:\/\/nordvallsetikett.com\/de\/wp-json\/wp\/v2\/pages\/3947"}],"wp:attachment":[{"href":"https:\/\/nordvallsetikett.com\/de\/wp-json\/wp\/v2\/media?parent=4183"}],"curies":[{"name":"wp","href":"https:\/\/api.w.org\/{rel}","templated":true}]}}