{"id":8641,"date":"2024-05-30T07:40:39","date_gmt":"2024-05-30T07:40:39","guid":{"rendered":"https:\/\/nordvallsetikett.com\/nordvalls-etikett\/om-nordvalls\/sertifiseringer\/"},"modified":"2026-01-14T08:54:10","modified_gmt":"2026-01-14T08:54:10","slug":"sertifiseringer","status":"publish","type":"page","link":"https:\/\/nordvallsetikett.com\/de\/nordvalls-etiketten\/ueber-nordvalls\/sertifiseringer\/","title":{"rendered":"Sertifiseringer"},"content":{"rendered":"<div class=\"wpb-content-wrapper\"><p>[vc_row gap=&#8220;10&#8243; css=&#8220;.vc_custom_1593434995823{margin-bottom: 40px !important;}&#8220;][vc_column][vc_row_inner content_placement=&#8220;middle&#8220;][vc_column_inner width=&#8220;1\/2&#8243;][vc_column_text]<\/p>\n<h2>Nordvalls og ISO 9001<\/h2>\n<p>[\/vc_column_text][vc_column_text]Nordvalls har i lang tid v\u00e6rt sertifisert i henhold til ISO 9001. ISO 9001 er en systemstandard for kvalitetsstyring av forretningsprosessene til et selskap eller en organisasjon.<\/p>\n<p>Standarden hjelper organisasjoner med \u00e5 sikre at kunder og interessenter f\u00e5r enhetlige produkter og tjenester av h\u00f8y kvalitet.<\/p>\n<p>Sertifiseringen inneb\u00e6rer at organisasjonen har et kvalitetsarbeid som lever opp til en godkjent standard. Som kunde av et ISO 9001-sertifisert selskap vet du at du gj\u00f8r forretninger med et selskap som arbeider strukturert med kundefokus, lederskap, forbedringer, faktabaserte beslutninger og mer.[\/vc_column_text][\/vc_column_inner][vc_column_inner width=&#8220;1\/2&#8243;]<style type=\"text\/css\" data-type=\"the7_shortcodes-inline-css\">.shortcode-single-image-wrap.shortcode-single-image-9c129403c65eab94790bc375363d554a.enable-bg-rollover .rollover i,\n.shortcode-single-image-wrap.shortcode-single-image-9c129403c65eab94790bc375363d554a.enable-bg-rollover .rollover-video i {\n  background: -webkit-linear-gradient();\n  background: linear-gradient();\n}\n.shortcode-single-image-wrap.shortcode-single-image-9c129403c65eab94790bc375363d554a .rollover-icon {\n  font-size: 32px;\n  color: #ffffff;\n  min-width: 44px;\n  min-height: 44px;\n  line-height: 44px;\n  border-radius: 100px;\n  border-style: solid;\n  border-width: 0px;\n}\n.dt-icon-bg-on.shortcode-single-image-wrap.shortcode-single-image-9c129403c65eab94790bc375363d554a .rollover-icon {\n  background: rgba(255,255,255,0.3);\n  box-shadow: none;\n}<\/style><div class=\"shortcode-single-image-wrap shortcode-single-image-9c129403c65eab94790bc375363d554a alignnone  enable-bg-rollover dt-icon-bg-off\" style=\"margin-top:0px; margin-bottom:0px; margin-left:0px; margin-right:0px; width:500px;\"><div class=\"shortcode-single-image\"><div class=\"fancy-media-wrap  layzr-bg\" style=\"border-radius:40px;\"><img fetchpriority=\"high\" decoding=\"async\" class=\"preload-me lazy-load aspect\" src=\"data:image\/svg+xml,%3Csvg%20xmlns%3D&#39;http%3A%2F%2Fwww.w3.org%2F2000%2Fsvg&#39;%20viewBox%3D&#39;0%200%20500%20333&#39;%2F%3E\" data-src=\"https:\/\/nordvallsetikett.com\/wp-content\/uploads\/2022\/04\/220125_0443_Nordvalls-1-scaled-500x333.jpg\" data-srcset=\"https:\/\/nordvallsetikett.com\/wp-content\/uploads\/2022\/04\/220125_0443_Nordvalls-1-scaled-500x333.jpg 500w, https:\/\/nordvallsetikett.com\/wp-content\/uploads\/2022\/04\/220125_0443_Nordvalls-1-scaled-1000x666.jpg 1000w\" loading=\"eager\" sizes=\"(max-width: 500px) 100vw, 500px\" width=\"500\" height=\"333\"  data-dt-location=\"https:\/\/nordvallsetikett.com\/de\/certifieringar\/attachment\/220125_0443_nordvalls-1\/\" style=\"--ratio: 500 \/ 333;border-radius:40px;\" alt=\"\" \/><\/div><\/div><\/div>[\/vc_column_inner][\/vc_row_inner]<div class=\"ult-spacer spacer-69e7bf11e7719\" data-id=\"69e7bf11e7719\" data-height=\"50\" data-height-mobile=\"30\" data-height-tab=\"\" data-height-tab-portrait=\"\" data-height-mobile-landscape=\"30\" style=\"clear:both;display:block;\"><\/div>[vc_row_inner content_placement=&#8220;middle&#8220;][vc_column_inner width=&#8220;1\/2&#8243;]<style type=\"text\/css\" data-type=\"the7_shortcodes-inline-css\">.shortcode-single-image-wrap.shortcode-single-image-7c7b8e4c5bad1ca25332d0405c9b7d02.enable-bg-rollover .rollover i,\n.shortcode-single-image-wrap.shortcode-single-image-7c7b8e4c5bad1ca25332d0405c9b7d02.enable-bg-rollover .rollover-video i {\n  background: -webkit-linear-gradient();\n  background: linear-gradient();\n}\n.shortcode-single-image-wrap.shortcode-single-image-7c7b8e4c5bad1ca25332d0405c9b7d02 .rollover-icon {\n  font-size: 32px;\n  color: #ffffff;\n  min-width: 44px;\n  min-height: 44px;\n  line-height: 44px;\n  border-radius: 100px;\n  border-style: solid;\n  border-width: 0px;\n}\n.dt-icon-bg-on.shortcode-single-image-wrap.shortcode-single-image-7c7b8e4c5bad1ca25332d0405c9b7d02 .rollover-icon {\n  background: rgba(255,255,255,0.3);\n  box-shadow: none;\n}<\/style><div class=\"shortcode-single-image-wrap shortcode-single-image-7c7b8e4c5bad1ca25332d0405c9b7d02 alignnone  enable-bg-rollover dt-icon-bg-off\" style=\"margin-top:0px; margin-bottom:0px; margin-left:0px; margin-right:0px; width:500px;\"><div class=\"shortcode-single-image\"><div class=\"fancy-media-wrap  layzr-bg\" style=\"border-radius:40px;\"><img decoding=\"async\" class=\"preload-me lazy-load aspect\" src=\"data:image\/svg+xml,%3Csvg%20xmlns%3D&#39;http%3A%2F%2Fwww.w3.org%2F2000%2Fsvg&#39;%20viewBox%3D&#39;0%200%20500%20333&#39;%2F%3E\" data-src=\"https:\/\/nordvallsetikett.com\/wp-content\/uploads\/2020\/06\/ISO-certifiering_nordvalls-500x333.jpg\" data-srcset=\"https:\/\/nordvallsetikett.com\/wp-content\/uploads\/2020\/06\/ISO-certifiering_nordvalls-500x333.jpg 500w, https:\/\/nordvallsetikett.com\/wp-content\/uploads\/2020\/06\/ISO-certifiering_nordvalls-1000x666.jpg 1000w\" loading=\"eager\" sizes=\"(max-width: 500px) 100vw, 500px\" width=\"500\" height=\"333\"  data-dt-location=\"https:\/\/nordvallsetikett.com\/de\/certifieringar\/attachment\/vid-fragor-om-bilden-mejla-erika-weilandapeloga-se-30\/\" style=\"--ratio: 500 \/ 333;border-radius:40px;\" alt=\"ISO certifiering Nordvalls\" \/><\/div><\/div><\/div>[\/vc_column_inner][vc_column_inner width=&#8220;1\/2&#8243;][vc_column_text]<\/p>\n<h2>Nordvalls og ISO 14001<\/h2>\n<p>[\/vc_column_text][vc_column_text css=&#8220;&#8220;]<\/p>\n<p class=\"introduction\">ISO 14000 er samlenavnet for standarder som handler om milj\u00f8styring. Som kunde hos et selskap som er sertifisert i henhold til 14001, kan du stole p\u00e5 at organisasjonen har et kvalitetsstyringssystem som oppfyller kravene i standarden som skal brukes. Systemet er en naturlig del av den daglige virksomheten til organisasjonen. Systemet er beskrevet, og b\u00e5de systemet og beskrivelsen av det vedlikeholdes fortl\u00f8pende.<\/p>\n<p>Du kan ogs\u00e5 v\u00e6re trygg p\u00e5 at virksomheten din blir revidert i henhold til kravene i ISO 14001:2015, av et akkreditert sertifiseringsorgan. Nordvalls er sertifisert i henhold til ISO 14001:2015.<\/p>\n<h3>Last ned v\u00e5re ISO-sertifikat<\/h3>\n<p><a href=\"https:\/\/nordvallsetikett.com\/wp-content\/uploads\/2025\/03\/ISO900114001-eng.pdf\">ISO certifikat ENG<\/a>[\/vc_column_text][\/vc_column_inner][\/vc_row_inner]<div class=\"ult-spacer spacer-69e7bf11e82d4\" data-id=\"69e7bf11e82d4\" data-height=\"50\" data-height-mobile=\"30\" data-height-tab=\"\" data-height-tab-portrait=\"\" data-height-mobile-landscape=\"30\" style=\"clear:both;display:block;\"><\/div>[vc_row_inner content_placement=&#8220;middle&#8220;][vc_column_inner width=&#8220;1\/2&#8243;][vc_column_text]<\/p>\n<h2>Nordvalls er et FSC\u00ae-sertifisert trykkeri<\/h2>\n<p>[\/vc_column_text][vc_column_text css=&#8220;&#8220;]De tre produksjonsenhetene i Nordvalls Etikett er sertifisert i henhold til FSC\u00ae-reglene. FSC\u00ae st\u00e5r for Forest Stewardship Council\u00ae og er en uavhengig, internasjonal medlemsorganisasjon som arbeider for en milj\u00f8tilpasset, sosialt ansvarlig og \u00f8konomisk levedyktig utnyttelse av verdens skoger, ved hjelp av sertifiseringssystemet FSC\u00ae.<\/p>\n<p>Sertifiserte selskaper overholder FSC\u00ae-reglene (standarder) for skogbruk og sporbarhet. De som f\u00f8lger reglene kan merke produktene sine med FSC\u00ae-varemerket. FSC\u00ae-merket gj\u00f8r det mulig for forbrukere og bedrifter \u00e5 velge treprodukter som kommer fra et ansvarlig skogbruk, det vil si et skogbruk som tar hensyn til mennesker og milj\u00f8. <a href=\"https:\/\/se.fsc.org\/se-se\" target=\"_blank\" rel=\"noopener noreferrer\">Her kan du lese mer<\/a> om FSC\u00ae.<\/p>\n<h3>Last ned v\u00e5rt FSC\u00ae-sertifikat<\/h3>\n<p><a href=\"https:\/\/nordvallsetikett.com\/wp-content\/uploads\/2025\/02\/FSC-certificate-DNV-COC-001982-20250217-20300217-1.pdf\">FSC Certifikat<\/a> (FSC\u00ae -C155319)[\/vc_column_text][\/vc_column_inner][vc_column_inner width=&#8220;1\/2&#8243;]<style type=\"text\/css\" data-type=\"the7_shortcodes-inline-css\">.shortcode-single-image-wrap.shortcode-single-image-fcc027e66173a0fdd3f628a0e5cf0951.enable-bg-rollover .rollover i,\n.shortcode-single-image-wrap.shortcode-single-image-fcc027e66173a0fdd3f628a0e5cf0951.enable-bg-rollover .rollover-video i {\n  background: -webkit-linear-gradient();\n  background: linear-gradient();\n}\n.shortcode-single-image-wrap.shortcode-single-image-fcc027e66173a0fdd3f628a0e5cf0951 .rollover-icon {\n  font-size: 32px;\n  color: #ffffff;\n  min-width: 44px;\n  min-height: 44px;\n  line-height: 44px;\n  border-radius: 100px;\n  border-style: solid;\n  border-width: 0px;\n}\n.dt-icon-bg-on.shortcode-single-image-wrap.shortcode-single-image-fcc027e66173a0fdd3f628a0e5cf0951 .rollover-icon {\n  background: rgba(255,255,255,0.3);\n  box-shadow: none;\n}<\/style><div class=\"shortcode-single-image-wrap shortcode-single-image-fcc027e66173a0fdd3f628a0e5cf0951 alignnone  enable-bg-rollover dt-icon-bg-off\" style=\"margin-top:0px; margin-bottom:0px; margin-left:0px; margin-right:0px; width:500px;\"><div class=\"shortcode-single-image\"><div class=\"fancy-media-wrap  layzr-bg\" style=\"border-radius:40px;\"><img decoding=\"async\" class=\"preload-me lazy-load aspect\" src=\"data:image\/svg+xml,%3Csvg%20xmlns%3D&#39;http%3A%2F%2Fwww.w3.org%2F2000%2Fsvg&#39;%20viewBox%3D&#39;0%200%20500%20333&#39;%2F%3E\" data-src=\"https:\/\/nordvallsetikett.com\/wp-content\/uploads\/2019\/12\/191121_nordvalls2708-500x333.jpg\" data-srcset=\"https:\/\/nordvallsetikett.com\/wp-content\/uploads\/2019\/12\/191121_nordvalls2708-500x333.jpg 500w, https:\/\/nordvallsetikett.com\/wp-content\/uploads\/2019\/12\/191121_nordvalls2708-1000x666.jpg 1000w\" loading=\"eager\" sizes=\"(max-width: 500px) 100vw, 500px\" width=\"500\" height=\"333\"  data-dt-location=\"https:\/\/nordvallsetikett.com\/de\/nyheter\/forst-i-skandinavien-med-hp-v12\/attachment\/vid-fragor-om-bilden-mejla-erika-weilandapeloga-se-10\/\" style=\"--ratio: 500 \/ 333;border-radius:40px;\" alt=\"FSC certifierat Nordvalls\" \/><\/div><\/div><\/div>[\/vc_column_inner][\/vc_row_inner]<div class=\"ult-spacer spacer-69e7bf11e9a2c\" data-id=\"69e7bf11e9a2c\" data-height=\"50\" data-height-mobile=\"30\" data-height-tab=\"\" data-height-tab-portrait=\"\" data-height-mobile-landscape=\"30\" style=\"clear:both;display:block;\"><\/div>[\/vc_column][\/vc_row][vc_row][vc_column width=&#8220;1\/2&#8243;]<style type=\"text\/css\" data-type=\"the7_shortcodes-inline-css\">.shortcode-single-image-wrap.shortcode-single-image-f1489f86a0df514454c5db51d8ad01d4.enable-bg-rollover .rollover i,\n.shortcode-single-image-wrap.shortcode-single-image-f1489f86a0df514454c5db51d8ad01d4.enable-bg-rollover .rollover-video i {\n  background: -webkit-linear-gradient();\n  background: linear-gradient();\n}\n.shortcode-single-image-wrap.shortcode-single-image-f1489f86a0df514454c5db51d8ad01d4 .rollover-icon {\n  font-size: 32px;\n  color: #ffffff;\n  min-width: 44px;\n  min-height: 44px;\n  line-height: 44px;\n  border-radius: 100px;\n  border-style: solid;\n  border-width: 0px;\n}\n.dt-icon-bg-on.shortcode-single-image-wrap.shortcode-single-image-f1489f86a0df514454c5db51d8ad01d4 .rollover-icon {\n  background: rgba(255,255,255,0.3);\n  box-shadow: none;\n}<\/style><div class=\"shortcode-single-image-wrap shortcode-single-image-f1489f86a0df514454c5db51d8ad01d4 alignnone  enable-bg-rollover dt-icon-bg-off\" style=\"margin-top:0px; margin-bottom:0px; margin-left:0px; margin-right:0px; width:500px;\"><div class=\"shortcode-single-image\"><div class=\"fancy-media-wrap  layzr-bg\" style=\"border-radius:40px;\"><img decoding=\"async\" class=\"preload-me lazy-load aspect\" src=\"data:image\/svg+xml,%3Csvg%20xmlns%3D&#39;http%3A%2F%2Fwww.w3.org%2F2000%2Fsvg&#39;%20viewBox%3D&#39;0%200%20500%20333&#39;%2F%3E\" data-src=\"https:\/\/nordvallsetikett.com\/wp-content\/uploads\/2022\/04\/220328_0240_nordvalls-scaled-500x333.jpg\" data-srcset=\"https:\/\/nordvallsetikett.com\/wp-content\/uploads\/2022\/04\/220328_0240_nordvalls-scaled-500x333.jpg 500w, https:\/\/nordvallsetikett.com\/wp-content\/uploads\/2022\/04\/220328_0240_nordvalls-scaled-1000x666.jpg 1000w\" loading=\"eager\" sizes=\"(max-width: 500px) 100vw, 500px\" width=\"500\" height=\"333\"  data-dt-location=\"https:\/\/nordvallsetikett.com\/de\/certifieringar\/attachment\/220328_0240_nordvalls\/\" style=\"--ratio: 500 \/ 333;border-radius:40px;\" alt=\"\" \/><\/div><\/div><\/div>[\/vc_column][vc_column width=&#8220;1\/2&#8243;][vc_column_text css=&#8220;&#8220;]<\/p>\n<h2>Nordvalls er ISCC Plus-sertifisert<\/h2>\n<p><span data-contrast=\"none\">En ISCC PLUS-sertifisering <\/span> <span data-contrast=\"none\"> (International Sustainability &amp; Carbon Certification)<\/span><span data-contrast=\"none\"> betyr at Nordvalls har mulighet til \u00e5 tilby etikettmaterialer i plast som er b\u00e6rekraftige, fornybare og sporbare tilbake til opprinnelsen, med m\u00e5l om \u00e5 fase ut fossile kilder til fordel for fornybare. En <\/span><span data-contrast=\"none\">ISCC-sertifisering sikrer at alle akt\u00f8rer som h\u00e5ndterer materialet, fra den opprinnelige kilden til deg som kunde, oppfyller kriteriene for b\u00e6rekraft og sporbarhet.<\/span><\/p>\n<p><span data-contrast=\"none\">\u201dDet er flott \u00e5 kunne tilby kundene v\u00e5re klimavennlige alternativer. Vi supplerer n\u00e5 utvalget v\u00e5rt av milj\u00f8vennlige materialer ved \u00e5 tilby kundene v\u00e5re sertifiserte etiketter ogs\u00e5 i plast\u201d<\/span><\/p>\n<p><span data-contrast=\"none\">Carl-Magnus Bergenstierna, milj\u00f8- og kvalitetssjef<\/span><span data-ccp-props=\"{&quot;201341983&quot;:0,&quot;335559739&quot;:160,&quot;335559740&quot;:259}\"> i Nordvalls<\/span><\/p>\n<h3>Last ned v\u00e5rt ISCC-sertifikat:<\/h3>\n<p><a href=\"https:\/\/nordvallsetikett.com\/wp-content\/uploads\/2024\/11\/ISCC-PLUS-Cert-SE205-00001051.pdf\">ISCC PLUS Certifikat<\/a>[\/vc_column_text][\/vc_column][vc_column]<div class=\"ult-spacer spacer-69e7bf11ea5a3\" data-id=\"69e7bf11ea5a3\" data-height=\"50\" data-height-mobile=\"30\" data-height-tab=\"\" data-height-tab-portrait=\"\" data-height-mobile-landscape=\"30\" style=\"clear:both;display:block;\"><\/div>[vc_row_inner content_placement=&#8220;middle&#8220;][vc_column_inner width=&#8220;1\/2&#8243;][vc_column_text css=&#8220;&#8220;]<\/p>\n<h2>Nordvalls og FSSC 22000<\/h2>\n<p>[\/vc_column_text][vc_column_text css=&#8220;&#8220;]FSSC 22000 er en internasjonal styringssystemstandard for n\u00e6ringsmiddeltrygghet. Den kan brukes av alle selskaper som h\u00e5ndterer n\u00e6ringsmidler eller leverer innsatsvarer til n\u00e6ringsmiddelprodusenter. Standarden hjelper bedrifter med \u00e5 identifisere, forebygge og redusere n\u00e6ringsmiddelrelaterte farer gjennom hele n\u00e6ringsmiddelkjeden.<\/p>\n<h3>Last ned v\u00e5rt FSSC 22000-sertifikat:<\/h3>\n<p><a href=\"https:\/\/nordvallsetikett.com\/wp-content\/uploads\/2025\/09\/14718-02en.pdf\">FSSC certifikat Sj\u00f6bo<\/a><\/p>\n<p><a href=\"https:\/\/nordvallsetikett.com\/wp-content\/uploads\/2025\/09\/14717-02en.pdf\">FSSC certifikat M\u00f6lnlycke<\/a>[\/vc_column_text][\/vc_column_inner][vc_column_inner width=&#8220;1\/2&#8243;]<style type=\"text\/css\" data-type=\"the7_shortcodes-inline-css\">.shortcode-single-image-wrap.shortcode-single-image-e650f0fdccd0d27d992a68f433af40e6.enable-bg-rollover .rollover i,\n.shortcode-single-image-wrap.shortcode-single-image-e650f0fdccd0d27d992a68f433af40e6.enable-bg-rollover .rollover-video i {\n  background: -webkit-linear-gradient();\n  background: linear-gradient();\n}\n.shortcode-single-image-wrap.shortcode-single-image-e650f0fdccd0d27d992a68f433af40e6 .rollover-icon {\n  font-size: 32px;\n  color: #ffffff;\n  min-width: 44px;\n  min-height: 44px;\n  line-height: 44px;\n  border-radius: 100px;\n  border-style: solid;\n  border-width: 0px;\n}\n.dt-icon-bg-on.shortcode-single-image-wrap.shortcode-single-image-e650f0fdccd0d27d992a68f433af40e6 .rollover-icon {\n  background: rgba(255,255,255,0.3);\n  box-shadow: none;\n}<\/style><div class=\"shortcode-single-image-wrap shortcode-single-image-e650f0fdccd0d27d992a68f433af40e6 alignnone  enable-bg-rollover dt-icon-bg-off\" style=\"margin-top:0px; margin-bottom:0px; margin-left:0px; margin-right:0px; width:150px;\"><div class=\"shortcode-single-image\"><div class=\"fancy-media-wrap  layzr-bg\" style=\"\"><img decoding=\"async\" class=\"preload-me lazy-load aspect\" src=\"data:image\/svg+xml,%3Csvg%20xmlns%3D&#39;http%3A%2F%2Fwww.w3.org%2F2000%2Fsvg&#39;%20viewBox%3D&#39;0%200%20150%20168&#39;%2F%3E\" data-src=\"https:\/\/nordvallsetikett.com\/wp-content\/uploads\/2025\/09\/Kiwa-FI-FSSC22000-1-150x168.png\" data-srcset=\"https:\/\/nordvallsetikett.com\/wp-content\/uploads\/2025\/09\/Kiwa-FI-FSSC22000-1-150x168.png 150w, https:\/\/nordvallsetikett.com\/wp-content\/uploads\/2025\/09\/Kiwa-FI-FSSC22000-1-300x336.png 300w\" loading=\"eager\" sizes=\"(max-width: 150px) 100vw, 150px\" width=\"150\" height=\"168\"  data-dt-location=\"https:\/\/nordvallsetikett.com\/de\/nordvalls-etiketten\/ueber-nordvalls\/sertifiseringer\/attachment\/kiwa-fi-fssc22000-3-2\/\" style=\"--ratio: 150 \/ 168;\" alt=\"\" \/><\/div><\/div><\/div>[\/vc_column_inner][\/vc_row_inner]<div class=\"ult-spacer spacer-69e7bf11eb11c\" data-id=\"69e7bf11eb11c\" data-height=\"50\" data-height-mobile=\"30\" data-height-tab=\"30\" data-height-tab-portrait=\"30\" data-height-mobile-landscape=\"30\" style=\"clear:both;display:block;\"><\/div>[\/vc_column][\/vc_row][vc_row bg_type=&#8220;image&#8220; parallax_style=&#8220;vcpb-vz-jquery&#8220; bg_image_new=&#8220;id^2887|url^http:\/\/nordvalls.se\/wp-content\/uploads\/2019\/12\/191121_nordvalls2839.jpg|caption^Vid fr\u00e5gor om bilden, mejla: erika.weiland@apeloga.se|alt^null|title^Vid fr\u00e5gor om bilden, mejla: erika.weiland@apeloga.se|description^null&#8220; bg_image_repeat=&#8220;no-repeat&#8220; bg_override=&#8220;full&#8220; disable_on_mobile_img_parallax=&#8220;disable_on_mobile_img_parallax_value&#8220; fadeout_row=&#8220;fadeout_row_value&#8220; fadeout_start_effect=&#8220;30&#8243; enable_overlay=&#8220;enable_overlay_value&#8220; overlay_color=&#8220;rgba(38,45,55,0.5)&#8220;][vc_column width=&#8220;1\/2&#8243; css=&#8220;.vc_custom_1560418610056{padding-top: 150px !important;padding-bottom: 150px !important;}&#8220; offset=&#8220;vc_col-lg-offset-2 vc_col-lg-8&#8243;]<div id=\"ultimate-heading-308969e7bf11eb1aa\" class=\"uvc-heading ult-adjust-bottom-margin ultimate-heading-308969e7bf11eb1aa uvc-8107 \" data-hspacer=\"no_spacer\"  data-halign=\"center\" style=\"text-align:center\"><div class=\"uvc-heading-spacer no_spacer\" style=\"top\"><\/div><div class=\"uvc-main-heading ult-responsive\"  data-ultimate-target='.uvc-heading.ultimate-heading-308969e7bf11eb1aa h3'  data-responsive-json-new='{\"font-size\":\"desktop:25px;\",\"line-height\":\"\"}' ><h3 style=\"font-weight:bold;color:#ffffff;margin-bottom:15px;\">Finner du ikke det du leter etter?<\/h3><\/div><div class=\"uvc-sub-heading ult-responsive\"  data-ultimate-target='.uvc-heading.ultimate-heading-308969e7bf11eb1aa .uvc-sub-heading '  data-responsive-json-new='{\"font-size\":\"desktop:20px;\",\"line-height\":\"desktop:34px;\"}'  style=\"font-weight:bold;color:#ffffff;margin-bottom:20px;\"><span style=\"font-weight: 400;\">\u00a0Ta gjerne kontakt med v\u00e5r kundest\u00f8tte. De hjelper deg med \u00e5 finne riktig etikett.<\/span><\/div><\/div><style type=\"text\/css\" data-type=\"the7_shortcodes-inline-css\">#default-btn-19290666cb59604b939053c631179701.ico-right-side > i {\n  margin-right: 0px;\n  margin-left: 8px;\n}\n#default-btn-19290666cb59604b939053c631179701 > i {\n  margin-right: 8px;\n}<\/style><div class=\"btn-align-center\"><a href=\"https:\/\/nordvallsetikett.com\/no\/foresporsel\/\" class=\"default-btn-shortcode dt-btn dt-btn-l link-hover-off \" id=\"default-btn-19290666cb59604b939053c631179701\" style=\"width:400px;\"><span>Kontakt Nordvalls kundest\u00f8tte<\/span><\/a><\/div>[\/vc_column][\/vc_row][vc_row full_width=&#8220;stretch_row_content&#8220; content_placement=&#8220;middle&#8220;][vc_column offset=&#8220;vc_hidden-sm vc_col-xs-12 vc_hidden-xs&#8220;][vc_separator color=&#8220;black&#8220; css=&#8220;&#8220;][vc_row_inner equal_height=&#8220;yes&#8220; content_placement=&#8220;middle&#8220;][vc_column_inner width=&#8220;1\/5&#8243;][vc_single_image image=&#8220;10646&#8243; img_size=&#8220;80&#215;80&#8243; alignment=&#8220;center&#8220; css=&#8220;&#8220; image_hovers=&#8220;false&#8220;][\/vc_column_inner][vc_column_inner width=&#8220;1\/5&#8243; offset=&#8220;vc_hidden-sm vc_hidden-xs&#8220;][\/vc_column_inner][vc_column_inner width=&#8220;1\/5&#8243; offset=&#8220;vc_hidden-sm vc_hidden-xs&#8220;][\/vc_column_inner][vc_column_inner width=&#8220;1\/5&#8243; offset=&#8220;vc_hidden-sm vc_hidden-xs&#8220;][\/vc_column_inner][vc_column_inner width=&#8220;1\/5&#8243;][vc_single_image image=&#8220;10651&#8243; img_size=&#8220;medium&#8220; alignment=&#8220;center&#8220; css=&#8220;&#8220; image_hovers=&#8220;false&#8220;][\/vc_column_inner][\/vc_row_inner]<div class=\"ult-spacer spacer-69e7bf11eb2f1\" data-id=\"69e7bf11eb2f1\" data-height=\"\" data-height-mobile=\"10\" data-height-tab=\"\" data-height-tab-portrait=\"\" data-height-mobile-landscape=\"10\" style=\"clear:both;display:block;\"><\/div>[\/vc_column][\/vc_row][vc_row full_width=&#8220;stretch_row_content&#8220; content_placement=&#8220;middle&#8220;][vc_column offset=&#8220;vc_hidden-lg vc_hidden-md vc_col-xs-12&#8243;][vc_separator color=&#8220;black&#8220; css=&#8220;&#8220;][vc_row_inner equal_height=&#8220;yes&#8220; content_placement=&#8220;middle&#8220;][vc_column_inner][vc_single_image image=&#8220;10919&#8243; img_size=&#8220;340&#215;80&#8243; alignment=&#8220;center&#8220; css=&#8220;&#8220; image_hovers=&#8220;false&#8220;][\/vc_column_inner][\/vc_row_inner][\/vc_column][\/vc_row]<\/p>\n<\/div>","protected":false},"excerpt":{"rendered":"<p>[vc_row gap=&#8220;10&#8243; css=&#8220;.vc_custom_1593434995823{margin-bottom: 40px !important;}&#8220;][vc_column][vc_row_inner content_placement=&#8220;middle&#8220;][vc_column_inner width=&#8220;1\/2&#8243;][vc_column_text] Nordvalls og ISO 9001 [\/vc_column_text][vc_column_text]Nordvalls har i lang tid v\u00e6rt sertifisert i henhold til ISO 9001. ISO 9001 er en systemstandard for kvalitetsstyring av forretningsprosessene til et selskap eller en organisasjon. Standarden hjelper organisasjoner med \u00e5 sikre at kunder og interessenter f\u00e5r enhetlige produkter og tjenester av h\u00f8y&hellip;<\/p>\n","protected":false},"author":1,"featured_media":11461,"parent":3974,"menu_order":3,"comment_status":"closed","ping_status":"closed","template":"","meta":{"footnotes":""},"class_list":["post-8641","page","type-page","status-publish","has-post-thumbnail","hentry","description-off"],"_links":{"self":[{"href":"https:\/\/nordvallsetikett.com\/de\/wp-json\/wp\/v2\/pages\/8641","targetHints":{"allow":["GET"]}}],"collection":[{"href":"https:\/\/nordvallsetikett.com\/de\/wp-json\/wp\/v2\/pages"}],"about":[{"href":"https:\/\/nordvallsetikett.com\/de\/wp-json\/wp\/v2\/types\/page"}],"author":[{"embeddable":true,"href":"https:\/\/nordvallsetikett.com\/de\/wp-json\/wp\/v2\/users\/1"}],"replies":[{"embeddable":true,"href":"https:\/\/nordvallsetikett.com\/de\/wp-json\/wp\/v2\/comments?post=8641"}],"version-history":[{"count":23,"href":"https:\/\/nordvallsetikett.com\/de\/wp-json\/wp\/v2\/pages\/8641\/revisions"}],"predecessor-version":[{"id":11460,"href":"https:\/\/nordvallsetikett.com\/de\/wp-json\/wp\/v2\/pages\/8641\/revisions\/11460"}],"up":[{"embeddable":true,"href":"https:\/\/nordvallsetikett.com\/de\/wp-json\/wp\/v2\/pages\/3974"}],"wp:featuredmedia":[{"embeddable":true,"href":"https:\/\/nordvallsetikett.com\/de\/wp-json\/wp\/v2\/media\/11461"}],"wp:attachment":[{"href":"https:\/\/nordvallsetikett.com\/de\/wp-json\/wp\/v2\/media?parent=8641"}],"curies":[{"name":"wp","href":"https:\/\/api.w.org\/{rel}","templated":true}]}}