{"id":4137,"date":"2020-06-29T12:44:05","date_gmt":"2020-06-29T12:44:05","guid":{"rendered":"http:\/\/nordvalls.se\/?page_id=4137"},"modified":"2026-02-02T08:25:19","modified_gmt":"2026-02-02T08:25:19","slug":"certifieringar","status":"publish","type":"page","link":"https:\/\/nordvallsetikett.com\/no\/certifieringar\/","title":{"rendered":"Certifieringar"},"content":{"rendered":"<div class=\"wpb-content-wrapper\"><p>[vc_row gap=&raquo;10&#8243; css=&raquo;.vc_custom_1593434995823{margin-bottom: 40px !important;}&raquo;][vc_column][vc_row_inner content_placement=&raquo;middle&raquo;][vc_column_inner width=&raquo;1\/2&#8243;][vc_column_text]<\/p>\n<h2>Nordvalls och ISO 9001<\/h2>\n<p>[\/vc_column_text][vc_column_text]Nordvalls \u00e4r sedan l\u00e4nge certifierade enligt ISO 9001. ISO 9001 \u00e4r en systemstandard f\u00f6r kvalitetsledning f\u00f6r verksamhetsprocesserna i ett f\u00f6retag eller en organisation.<\/p>\n<p>Standarden hj\u00e4lper organisationer att s\u00e4kerst\u00e4lla att kunder och intressenter f\u00e5r konsekventa och kvalitativa produkter och tj\u00e4nster.<\/p>\n<p>Certifieringen inneb\u00e4r att organisationen har ett kvalitetsarbete som lever upp till en vedertagen standard. Som kund till ett ISO 9001-certifierat f\u00f6retag vet du att du g\u00f6r aff\u00e4rer med ett f\u00f6retag som har ett strukturerat arbete f\u00f6r kundfokus, ledarskap, f\u00f6rb\u00e4ttringar, faktabaserade beslut, med mera.[\/vc_column_text][\/vc_column_inner][vc_column_inner width=&raquo;1\/2&#8243;]<style type=\"text\/css\" data-type=\"the7_shortcodes-inline-css\">.shortcode-single-image-wrap.shortcode-single-image-9c129403c65eab94790bc375363d554a.enable-bg-rollover .rollover i,\n.shortcode-single-image-wrap.shortcode-single-image-9c129403c65eab94790bc375363d554a.enable-bg-rollover .rollover-video i {\n  background: -webkit-linear-gradient();\n  background: linear-gradient();\n}\n.shortcode-single-image-wrap.shortcode-single-image-9c129403c65eab94790bc375363d554a .rollover-icon {\n  font-size: 32px;\n  color: #ffffff;\n  min-width: 44px;\n  min-height: 44px;\n  line-height: 44px;\n  border-radius: 100px;\n  border-style: solid;\n  border-width: 0px;\n}\n.dt-icon-bg-on.shortcode-single-image-wrap.shortcode-single-image-9c129403c65eab94790bc375363d554a .rollover-icon {\n  background: rgba(255,255,255,0.3);\n  box-shadow: none;\n}<\/style><div class=\"shortcode-single-image-wrap shortcode-single-image-9c129403c65eab94790bc375363d554a alignnone  enable-bg-rollover dt-icon-bg-off\" style=\"margin-top:0px; margin-bottom:0px; margin-left:0px; margin-right:0px; width:500px;\"><div class=\"shortcode-single-image\"><div class=\"fancy-media-wrap  layzr-bg\" style=\"border-radius:40px;\"><img fetchpriority=\"high\" decoding=\"async\" class=\"preload-me lazy-load aspect\" src=\"data:image\/svg+xml,%3Csvg%20xmlns%3D&#39;http%3A%2F%2Fwww.w3.org%2F2000%2Fsvg&#39;%20viewBox%3D&#39;0%200%20500%20333&#39;%2F%3E\" data-src=\"https:\/\/nordvallsetikett.com\/wp-content\/uploads\/2022\/04\/220125_0443_Nordvalls-1-scaled-500x333.jpg\" data-srcset=\"https:\/\/nordvallsetikett.com\/wp-content\/uploads\/2022\/04\/220125_0443_Nordvalls-1-scaled-500x333.jpg 500w, https:\/\/nordvallsetikett.com\/wp-content\/uploads\/2022\/04\/220125_0443_Nordvalls-1-scaled-1000x666.jpg 1000w\" loading=\"eager\" sizes=\"(max-width: 500px) 100vw, 500px\" width=\"500\" height=\"333\"  data-dt-location=\"https:\/\/nordvallsetikett.com\/no\/certifieringar\/attachment\/220125_0443_nordvalls-1\/\" style=\"--ratio: 500 \/ 333;border-radius:40px;\" alt=\"\" \/><\/div><\/div><\/div>[\/vc_column_inner][\/vc_row_inner]<div class=\"ult-spacer spacer-69e7aa8c6d903\" data-id=\"69e7aa8c6d903\" data-height=\"50\" data-height-mobile=\"30\" data-height-tab=\"\" data-height-tab-portrait=\"\" data-height-mobile-landscape=\"30\" style=\"clear:both;display:block;\"><\/div>[vc_row_inner content_placement=&raquo;middle&raquo;][vc_column_inner width=&raquo;1\/2&#8243;]<style type=\"text\/css\" data-type=\"the7_shortcodes-inline-css\">.shortcode-single-image-wrap.shortcode-single-image-7c7b8e4c5bad1ca25332d0405c9b7d02.enable-bg-rollover .rollover i,\n.shortcode-single-image-wrap.shortcode-single-image-7c7b8e4c5bad1ca25332d0405c9b7d02.enable-bg-rollover .rollover-video i {\n  background: -webkit-linear-gradient();\n  background: linear-gradient();\n}\n.shortcode-single-image-wrap.shortcode-single-image-7c7b8e4c5bad1ca25332d0405c9b7d02 .rollover-icon {\n  font-size: 32px;\n  color: #ffffff;\n  min-width: 44px;\n  min-height: 44px;\n  line-height: 44px;\n  border-radius: 100px;\n  border-style: solid;\n  border-width: 0px;\n}\n.dt-icon-bg-on.shortcode-single-image-wrap.shortcode-single-image-7c7b8e4c5bad1ca25332d0405c9b7d02 .rollover-icon {\n  background: rgba(255,255,255,0.3);\n  box-shadow: none;\n}<\/style><div class=\"shortcode-single-image-wrap shortcode-single-image-7c7b8e4c5bad1ca25332d0405c9b7d02 alignnone  enable-bg-rollover dt-icon-bg-off\" style=\"margin-top:0px; margin-bottom:0px; margin-left:0px; margin-right:0px; width:500px;\"><div class=\"shortcode-single-image\"><div class=\"fancy-media-wrap  layzr-bg\" style=\"border-radius:40px;\"><img decoding=\"async\" class=\"preload-me lazy-load aspect\" src=\"data:image\/svg+xml,%3Csvg%20xmlns%3D&#39;http%3A%2F%2Fwww.w3.org%2F2000%2Fsvg&#39;%20viewBox%3D&#39;0%200%20500%20333&#39;%2F%3E\" data-src=\"https:\/\/nordvallsetikett.com\/wp-content\/uploads\/2020\/06\/ISO-certifiering_nordvalls-500x333.jpg\" data-srcset=\"https:\/\/nordvallsetikett.com\/wp-content\/uploads\/2020\/06\/ISO-certifiering_nordvalls-500x333.jpg 500w, https:\/\/nordvallsetikett.com\/wp-content\/uploads\/2020\/06\/ISO-certifiering_nordvalls-1000x666.jpg 1000w\" loading=\"eager\" sizes=\"(max-width: 500px) 100vw, 500px\" width=\"500\" height=\"333\"  data-dt-location=\"https:\/\/nordvallsetikett.com\/no\/certifieringar\/attachment\/vid-fragor-om-bilden-mejla-erika-weilandapeloga-se-30\/\" style=\"--ratio: 500 \/ 333;border-radius:40px;\" alt=\"ISO certifiering Nordvalls\" \/><\/div><\/div><\/div>[\/vc_column_inner][vc_column_inner width=&raquo;1\/2&#8243;][vc_column_text]<\/p>\n<h2>Nordvalls och ISO 14001<\/h2>\n<p>[\/vc_column_text][vc_column_text css=&raquo;&raquo;]<\/p>\n<p class=\"introduction\">ISO 14000 \u00e4r samlingsnamnet f\u00f6r de standarder som handlar om milj\u00f6ledning. Som kund till ett f\u00f6retag certifierat enligt 14001 kan du lita p\u00e5 att organisationen har ett kvalitetsledningssystem som uppfyller kraven i den standard som ska till\u00e4mpas.\u00a0Systemet \u00e4r en naturlig del av organisationens dagliga verksamhet. Systemet \u00e4r beskrivet och s\u00e5v\u00e4l systemet som dess beskrivning underh\u00e5lls l\u00f6pande.<\/p>\n<p>Du kan ocks\u00e5 k\u00e4nna dig trygg med att verksamheten blir granskat mot kraven i ISO 14001:2015 av ett ackrediterat certifieringsorgan. Nordvalls \u00e4r certifierat enligt ISO 14001:2015.<\/p>\n<h3>Ladda ner v\u00e5ra ISO-certifikat<\/h3>\n<p><a href=\"https:\/\/nordvallsetikett.com\/wp-content\/uploads\/2025\/03\/ISO900114001-sv.pdf\">ISO certifikat SVE<\/a><\/p>\n<p><a href=\"https:\/\/nordvallsetikett.com\/wp-content\/uploads\/2025\/03\/ISO900114001-eng.pdf\">ISO certifikat ENG<\/a>[\/vc_column_text][\/vc_column_inner][\/vc_row_inner]<div class=\"ult-spacer spacer-69e7aa8c6e650\" data-id=\"69e7aa8c6e650\" data-height=\"50\" data-height-mobile=\"30\" data-height-tab=\"\" data-height-tab-portrait=\"\" data-height-mobile-landscape=\"30\" style=\"clear:both;display:block;\"><\/div>[vc_row_inner content_placement=&raquo;middle&raquo;][vc_column_inner width=&raquo;1\/2&#8243;][vc_column_text]<\/p>\n<h2>Nordvalls \u00e4r ett FSC\u00ae-certifierat tryckeri<\/h2>\n<p>[\/vc_column_text][vc_column_text css=&raquo;&raquo;]Nordvalls Etiketts tre produktionsenheter \u00e4r certifierade enligt FSC\u00ae :s regler. FSC\u00ae st\u00e5r f\u00f6r Forest Stewardship Council\u00ae och \u00e4r en oberoende, internationell medlemsorganisation som arbetar f\u00f6r ett milj\u00f6anpassat, socialt ansvarstagande och ekonomiskt livskraftigt bruk av v\u00e4rldens skogar, genom certifieringssystemet FSC\u00ae.<\/p>\n<p>Certifierade f\u00f6retag f\u00f6ljer FSC\u00ae :s regler (standarder) f\u00f6r skogsbruk och sp\u00e5rbarhet. De som f\u00f6ljer reglerna f\u00e5r m\u00e4rka sina produkter med FSC\u00ae :s varum\u00e4rke. FSC\u00ae -m\u00e4rket g\u00f6r att konsumenter och f\u00f6retag kan v\u00e4lja varor av tr\u00e4 som kommer fr\u00e5n ett ansvarsfullt skogsbruk, det vill s\u00e4ga ett skogsbruk som tar h\u00e4nsyn till m\u00e4nniskor och milj\u00f6. <a href=\"https:\/\/se.fsc.org\/se-se\" target=\"_blank\" rel=\"noopener noreferrer\">H\u00e4r kan du l\u00e4sa mer<\/a> om FSC\u00ae.<\/p>\n<h3>Ladda ner v\u00e5rt FSC\u00ae-certifikat<\/h3>\n<p><a href=\"https:\/\/nordvallsetikett.com\/wp-content\/uploads\/2025\/02\/FSC-certificate-DNV-COC-001982-20250217-20300217.pdf\">FSC Certifikat<\/a><\/p>\n<p>(FSC\u00ae-C155319)[\/vc_column_text][\/vc_column_inner][vc_column_inner width=&raquo;1\/2&#8243;]<style type=\"text\/css\" data-type=\"the7_shortcodes-inline-css\">.shortcode-single-image-wrap.shortcode-single-image-fcc027e66173a0fdd3f628a0e5cf0951.enable-bg-rollover .rollover i,\n.shortcode-single-image-wrap.shortcode-single-image-fcc027e66173a0fdd3f628a0e5cf0951.enable-bg-rollover .rollover-video i {\n  background: -webkit-linear-gradient();\n  background: linear-gradient();\n}\n.shortcode-single-image-wrap.shortcode-single-image-fcc027e66173a0fdd3f628a0e5cf0951 .rollover-icon {\n  font-size: 32px;\n  color: #ffffff;\n  min-width: 44px;\n  min-height: 44px;\n  line-height: 44px;\n  border-radius: 100px;\n  border-style: solid;\n  border-width: 0px;\n}\n.dt-icon-bg-on.shortcode-single-image-wrap.shortcode-single-image-fcc027e66173a0fdd3f628a0e5cf0951 .rollover-icon {\n  background: rgba(255,255,255,0.3);\n  box-shadow: none;\n}<\/style><div class=\"shortcode-single-image-wrap shortcode-single-image-fcc027e66173a0fdd3f628a0e5cf0951 alignnone  enable-bg-rollover dt-icon-bg-off\" style=\"margin-top:0px; margin-bottom:0px; margin-left:0px; margin-right:0px; width:500px;\"><div class=\"shortcode-single-image\"><div class=\"fancy-media-wrap  layzr-bg\" style=\"border-radius:40px;\"><img decoding=\"async\" class=\"preload-me lazy-load aspect\" src=\"data:image\/svg+xml,%3Csvg%20xmlns%3D&#39;http%3A%2F%2Fwww.w3.org%2F2000%2Fsvg&#39;%20viewBox%3D&#39;0%200%20500%20333&#39;%2F%3E\" data-src=\"https:\/\/nordvallsetikett.com\/wp-content\/uploads\/2019\/12\/191121_nordvalls2708-500x333.jpg\" data-srcset=\"https:\/\/nordvallsetikett.com\/wp-content\/uploads\/2019\/12\/191121_nordvalls2708-500x333.jpg 500w, https:\/\/nordvallsetikett.com\/wp-content\/uploads\/2019\/12\/191121_nordvalls2708-1000x666.jpg 1000w\" loading=\"eager\" sizes=\"(max-width: 500px) 100vw, 500px\" width=\"500\" height=\"333\"  data-dt-location=\"https:\/\/nordvallsetikett.com\/no\/nyheter\/forst-i-skandinavien-med-hp-v12\/attachment\/vid-fragor-om-bilden-mejla-erika-weilandapeloga-se-10\/\" style=\"--ratio: 500 \/ 333;border-radius:40px;\" alt=\"FSC certifierat Nordvalls\" \/><\/div><\/div><\/div>[\/vc_column_inner][\/vc_row_inner]<div class=\"ult-spacer spacer-69e7aa8c7066a\" data-id=\"69e7aa8c7066a\" data-height=\"50\" data-height-mobile=\"30\" data-height-tab=\"\" data-height-tab-portrait=\"\" data-height-mobile-landscape=\"30\" style=\"clear:both;display:block;\"><\/div>[\/vc_column][\/vc_row][vc_row][vc_column width=&raquo;1\/2&#8243;][\/vc_column][vc_column]<div class=\"ult-spacer spacer-69e7aa8c706a7\" data-id=\"69e7aa8c706a7\" data-height=\"40\" data-height-mobile=\"30\" data-height-tab=\"\" data-height-tab-portrait=\"\" data-height-mobile-landscape=\"30\" style=\"clear:both;display:block;\"><\/div>[vc_row_inner content_placement=&raquo;middle&raquo;][vc_column_inner width=&raquo;1\/2&#8243;]<style type=\"text\/css\" data-type=\"the7_shortcodes-inline-css\">.shortcode-single-image-wrap.shortcode-single-image-e05a3fbcf00c0778b11b06ac4febb9d3.enable-bg-rollover .rollover i,\n.shortcode-single-image-wrap.shortcode-single-image-e05a3fbcf00c0778b11b06ac4febb9d3.enable-bg-rollover .rollover-video i {\n  background: -webkit-linear-gradient();\n  background: linear-gradient();\n}\n.shortcode-single-image-wrap.shortcode-single-image-e05a3fbcf00c0778b11b06ac4febb9d3 .rollover-icon {\n  font-size: 32px;\n  color: #ffffff;\n  min-width: 44px;\n  min-height: 44px;\n  line-height: 44px;\n  border-radius: 100px;\n  border-style: solid;\n  border-width: 0px;\n}\n.dt-icon-bg-on.shortcode-single-image-wrap.shortcode-single-image-e05a3fbcf00c0778b11b06ac4febb9d3 .rollover-icon {\n  background: rgba(255,255,255,0.3);\n  box-shadow: none;\n}<\/style><div class=\"shortcode-single-image-wrap shortcode-single-image-e05a3fbcf00c0778b11b06ac4febb9d3 alignnone  enable-bg-rollover dt-icon-bg-off\" style=\"margin-top:0px; margin-bottom:0px; margin-left:0px; margin-right:0px; width:150px;\"><div class=\"shortcode-single-image\"><div class=\"fancy-media-wrap  layzr-bg\" style=\"\"><img decoding=\"async\" class=\"preload-me lazy-load aspect\" src=\"data:image\/svg+xml,%3Csvg%20xmlns%3D&#39;http%3A%2F%2Fwww.w3.org%2F2000%2Fsvg&#39;%20viewBox%3D&#39;0%200%20150%20168&#39;%2F%3E\" data-src=\"https:\/\/nordvallsetikett.com\/wp-content\/uploads\/2025\/09\/Kiwa-FI-FSSC22000-1-150x168.png\" data-srcset=\"https:\/\/nordvallsetikett.com\/wp-content\/uploads\/2025\/09\/Kiwa-FI-FSSC22000-1-150x168.png 150w, https:\/\/nordvallsetikett.com\/wp-content\/uploads\/2025\/09\/Kiwa-FI-FSSC22000-1-300x336.png 300w\" loading=\"eager\" sizes=\"(max-width: 150px) 100vw, 150px\" width=\"150\" height=\"168\"  data-dt-location=\"https:\/\/nordvallsetikett.com\/no\/certifieringar\/attachment\/kiwa-fi-fssc22000-3\/\" style=\"--ratio: 150 \/ 168;\" alt=\"\" \/><\/div><\/div><\/div>[\/vc_column_inner][vc_column_inner width=&raquo;1\/2&#8243;][vc_column_text css=&raquo;&raquo;]<\/p>\n<h2>Nordvalls och FSSC 22000<\/h2>\n<p>[\/vc_column_text][vc_column_text css=&raquo;&raquo;]FSSC 22000 \u00e4r en internationell ledningssystemstandard f\u00f6r livsmedelss\u00e4kerhet. Den kan anv\u00e4ndas av alla f\u00f6retag som hanterar livsmedel eller levererar insatsvaror till livsmedelsproducenter. Standarden hj\u00e4lper f\u00f6retag att identifiera, f\u00f6rebygga och minska livsmedelsburna faror genom hela livsmedels- och foderkedjorna.<\/p>\n<h3>Ladda ner v\u00e5rt FSSC 22000-certifikat:<\/h3>\n<p><a href=\"https:\/\/nordvallsetikett.com\/wp-content\/uploads\/2026\/02\/FSSC-22000-Cerfiticate-Sjobo-14718-03.pdf\">FSSC22000 certifikat Sj\u00f6bo<\/a><\/p>\n<p><a href=\"https:\/\/nordvallsetikett.com\/wp-content\/uploads\/2026\/01\/FSSC22000-certificateMolnlycke-14717-03en.pdf\">FSSC22000 certifikat M\u00f6lnlycke<\/a>[\/vc_column_text][\/vc_column_inner][\/vc_row_inner]<div class=\"ult-spacer spacer-69e7aa8c716f1\" data-id=\"69e7aa8c716f1\" data-height=\"40\" data-height-mobile=\"30\" data-height-tab=\"30\" data-height-tab-portrait=\"30\" data-height-mobile-landscape=\"30\" style=\"clear:both;display:block;\"><\/div>[\/vc_column][\/vc_row][vc_row bg_type=&raquo;image&raquo; parallax_style=&raquo;vcpb-vz-jquery&raquo; bg_image_new=&raquo;id^2887|url^http:\/\/nordvalls.se\/wp-content\/uploads\/2019\/12\/191121_nordvalls2839.jpg|caption^Vid fr\u00e5gor om bilden, mejla: erika.weiland@apeloga.se|alt^null|title^Vid fr\u00e5gor om bilden, mejla: erika.weiland@apeloga.se|description^null&raquo; bg_image_repeat=&raquo;no-repeat&raquo; bg_override=&raquo;full&raquo; disable_on_mobile_img_parallax=&raquo;disable_on_mobile_img_parallax_value&raquo; fadeout_row=&raquo;fadeout_row_value&raquo; fadeout_start_effect=&raquo;30&#8243; enable_overlay=&raquo;enable_overlay_value&raquo; overlay_color=&raquo;rgba(38,45,55,0.5)&raquo;][vc_column width=&raquo;1\/2&#8243; css=&raquo;.vc_custom_1560418610056{padding-top: 150px !important;padding-bottom: 150px !important;}&raquo; offset=&raquo;vc_col-lg-offset-2 vc_col-lg-8&#8243;]<div id=\"ultimate-heading-280269e7aa8c71789\" class=\"uvc-heading ult-adjust-bottom-margin ultimate-heading-280269e7aa8c71789 uvc-1778 \" data-hspacer=\"no_spacer\"  data-halign=\"center\" style=\"text-align:center\"><div class=\"uvc-heading-spacer no_spacer\" style=\"top\"><\/div><div class=\"uvc-main-heading ult-responsive\"  data-ultimate-target='.uvc-heading.ultimate-heading-280269e7aa8c71789 h3'  data-responsive-json-new='{\"font-size\":\"desktop:25px;\",\"line-height\":\"\"}' ><h3 style=\"font-weight:bold;color:#ffffff;margin-bottom:15px;\">Hittar du inte vad du s\u00f6ker?<\/h3><\/div><div class=\"uvc-sub-heading ult-responsive\"  data-ultimate-target='.uvc-heading.ultimate-heading-280269e7aa8c71789 .uvc-sub-heading '  data-responsive-json-new='{\"font-size\":\"desktop:20px;\",\"line-height\":\"desktop:34px;\"}'  style=\"font-weight:bold;color:#ffffff;margin-bottom:20px;\"><span style=\"font-weight: 400;\">\u00a0Tveka inte att kontakta v\u00e5r kundsupport. De hj\u00e4lper dig g\u00e4rna hitta r\u00e4tt etikett.<\/span><\/div><\/div><style type=\"text\/css\" data-type=\"the7_shortcodes-inline-css\">#default-btn-4c4b552b7bcb9d921221e8770e53199b.ico-right-side > i {\n  margin-right: 0px;\n  margin-left: 8px;\n}\n#default-btn-4c4b552b7bcb9d921221e8770e53199b > i {\n  margin-right: 8px;\n}<\/style><div class=\"btn-align-center\"><a href=\"https:\/\/nordvallsetikett.com\/sv\/forfragan\/\" class=\"default-btn-shortcode dt-btn dt-btn-l link-hover-off \" id=\"default-btn-4c4b552b7bcb9d921221e8770e53199b\" style=\"width:400px;\"><span>Kontakta Nordvalls kundsupport<\/span><\/a><\/div>[\/vc_column][\/vc_row][vc_row full_width=&raquo;stretch_row_content&raquo; content_placement=&raquo;middle&raquo;][vc_column offset=&raquo;vc_hidden-sm vc_col-xs-12 vc_hidden-xs&raquo;][vc_separator color=&raquo;black&raquo; css=&raquo;&raquo;][vc_row_inner equal_height=&raquo;yes&raquo; content_placement=&raquo;middle&raquo;][vc_column_inner width=&raquo;1\/5&#8243;][vc_single_image image=&raquo;10645&#8243; img_size=&raquo;80&#215;80&#8243; alignment=&raquo;center&raquo; css=&raquo;&raquo; image_hovers=&raquo;false&raquo;][\/vc_column_inner][vc_column_inner width=&raquo;1\/5&#8243; offset=&raquo;vc_hidden-sm vc_hidden-xs&raquo;][\/vc_column_inner][vc_column_inner width=&raquo;1\/5&#8243; offset=&raquo;vc_hidden-sm vc_hidden-xs&raquo;][\/vc_column_inner][vc_column_inner width=&raquo;1\/5&#8243; offset=&raquo;vc_hidden-sm vc_hidden-xs&raquo;][\/vc_column_inner][vc_column_inner width=&raquo;1\/5&#8243;][vc_single_image image=&raquo;10650&#8243; img_size=&raquo;medium&raquo; alignment=&raquo;center&raquo; css=&raquo;&raquo; image_hovers=&raquo;false&raquo;][\/vc_column_inner][\/vc_row_inner]<div class=\"ult-spacer spacer-69e7aa8c719b5\" data-id=\"69e7aa8c719b5\" data-height=\"\" data-height-mobile=\"10\" data-height-tab=\"\" data-height-tab-portrait=\"\" data-height-mobile-landscape=\"10\" style=\"clear:both;display:block;\"><\/div>[\/vc_column][\/vc_row][vc_row full_width=&raquo;stretch_row_content&raquo; content_placement=&raquo;middle&raquo;][vc_column offset=&raquo;vc_hidden-lg vc_hidden-md vc_col-xs-12&#8243;][vc_separator color=&raquo;black&raquo; css=&raquo;&raquo;][vc_row_inner equal_height=&raquo;yes&raquo; content_placement=&raquo;middle&raquo;][vc_column_inner][vc_single_image image=&raquo;10918&#8243; img_size=&raquo;340&#215;80&#8243; alignment=&raquo;center&raquo; css=&raquo;&raquo; image_hovers=&raquo;false&raquo;][\/vc_column_inner][\/vc_row_inner][\/vc_column][\/vc_row]<\/p>\n<\/div>","protected":false},"excerpt":{"rendered":"<p>[vc_row gap=&raquo;10&#8243; css=&raquo;.vc_custom_1593434995823{margin-bottom: 40px !important;}&raquo;][vc_column][vc_row_inner content_placement=&raquo;middle&raquo;][vc_column_inner width=&raquo;1\/2&#8243;][vc_column_text] Nordvalls och ISO 9001 [\/vc_column_text][vc_column_text]Nordvalls \u00e4r sedan l\u00e4nge certifierade enligt ISO 9001. ISO 9001 \u00e4r en systemstandard f\u00f6r kvalitetsledning f\u00f6r verksamhetsprocesserna i ett f\u00f6retag eller en organisation. Standarden hj\u00e4lper organisationer att s\u00e4kerst\u00e4lla att kunder och intressenter f\u00e5r konsekventa och kvalitativa produkter och tj\u00e4nster. Certifieringen inneb\u00e4r att organisationen har&hellip;<\/p>\n","protected":false},"author":1,"featured_media":3314,"parent":0,"menu_order":3,"comment_status":"closed","ping_status":"closed","template":"","meta":{"footnotes":""},"class_list":["post-4137","page","type-page","status-publish","has-post-thumbnail","hentry","description-off"],"_links":{"self":[{"href":"https:\/\/nordvallsetikett.com\/no\/wp-json\/wp\/v2\/pages\/4137","targetHints":{"allow":["GET"]}}],"collection":[{"href":"https:\/\/nordvallsetikett.com\/no\/wp-json\/wp\/v2\/pages"}],"about":[{"href":"https:\/\/nordvallsetikett.com\/no\/wp-json\/wp\/v2\/types\/page"}],"author":[{"embeddable":true,"href":"https:\/\/nordvallsetikett.com\/no\/wp-json\/wp\/v2\/users\/1"}],"replies":[{"embeddable":true,"href":"https:\/\/nordvallsetikett.com\/no\/wp-json\/wp\/v2\/comments?post=4137"}],"version-history":[{"count":67,"href":"https:\/\/nordvallsetikett.com\/no\/wp-json\/wp\/v2\/pages\/4137\/revisions"}],"predecessor-version":[{"id":11302,"href":"https:\/\/nordvallsetikett.com\/no\/wp-json\/wp\/v2\/pages\/4137\/revisions\/11302"}],"wp:featuredmedia":[{"embeddable":true,"href":"https:\/\/nordvallsetikett.com\/no\/wp-json\/wp\/v2\/media\/3314"}],"wp:attachment":[{"href":"https:\/\/nordvallsetikett.com\/no\/wp-json\/wp\/v2\/media?parent=4137"}],"curies":[{"name":"wp","href":"https:\/\/api.w.org\/{rel}","templated":true}]}}