{"id":8529,"date":"2024-05-30T07:39:29","date_gmt":"2024-05-30T07:39:29","guid":{"rendered":"https:\/\/nordvallsetikett.com\/foresporsel\/"},"modified":"2025-10-31T14:22:30","modified_gmt":"2025-10-31T14:22:30","slug":"foresporsel","status":"publish","type":"page","link":"https:\/\/nordvallsetikett.com\/no\/foresporsel\/","title":{"rendered":"Foresp\u00f8rsel"},"content":{"rendered":"<div class=\"wpb-content-wrapper\"><p>[vc_row][vc_column][vc_row_inner][vc_column_inner width=&raquo;1\/2&#8243;][vc_column_text css=&raquo;.vc_custom_1580911937519{margin-bottom: 20px !important;}&raquo;]<\/p>\n<h2>\u00d8nsker du \u00e5 vite hva vi i Nordvalls kan gj\u00f8re for deg?<\/h2>\n<p>Vi gir gjerne et tilbud p\u00e5 en etikettl\u00f8sning for behovene i virksomheten din. For \u00e5 kunne gi deg et best mulig tilbud trenger vi visse opplysninger fra deg, for eksempel st\u00f8rrelsen p\u00e5 opplaget, bruksomr\u00e5det til etiketten, hvordan etiketten skal p\u00e5f\u00f8res produktene dine, og s\u00e5 videre. Hvis du trenger hjelp med noen av disse detaljene, er du alltid velkommen til \u00e5 ringe oss, sende oss en e-post eller bruke kontaktskjemaet du finner her. Vi er her for \u00e5 hjelpe deg.[\/vc_column_text][vc_column_text]<\/p>\n<p class=\"p1\"><span class=\"s1\">Vet du n\u00f8yaktig eller omtrent hva du er ute etter? Da anbefaler vi at du sender en <b><a href=\"#1580289862291-50a7dd49-6d7e\">tilbudsforesp\u00f8rsel<\/a>.<\/b><\/span><\/p>\n<p class=\"p1\"><span class=\"s1\">\u00d8nsker du \u00e5 sende en generell foresp\u00f8rsel om etiketter eller om Nordvalls som leverand\u00f8r? Bruk gjerne v\u00e5rt <b><a href=\"#1580289862307-3826c588-3289\">kontaktskjema<\/a>.<\/b><\/span><\/p>\n<p>[\/vc_column_text][\/vc_column_inner][vc_column_inner width=&raquo;1\/2&#8243;]<style type=\"text\/css\" data-type=\"the7_shortcodes-inline-css\">.shortcode-single-image-wrap.shortcode-single-image-6af4b281a6659162bff688889c850971.enable-bg-rollover .rollover i,\n.shortcode-single-image-wrap.shortcode-single-image-6af4b281a6659162bff688889c850971.enable-bg-rollover .rollover-video i {\n  background: -webkit-linear-gradient();\n  background: linear-gradient();\n}\n.shortcode-single-image-wrap.shortcode-single-image-6af4b281a6659162bff688889c850971 .rollover-icon {\n  font-size: 32px;\n  color: #ffffff;\n  min-width: 44px;\n  min-height: 44px;\n  line-height: 44px;\n  border-radius: 100px;\n  border-style: solid;\n  border-width: 0px;\n}\n.dt-icon-bg-on.shortcode-single-image-wrap.shortcode-single-image-6af4b281a6659162bff688889c850971 .rollover-icon {\n  background: rgba(255,255,255,0.3);\n  box-shadow: none;\n}<\/style><div class=\"shortcode-single-image-wrap shortcode-single-image-6af4b281a6659162bff688889c850971 alignnone  enable-bg-rollover dt-icon-bg-off\" style=\"margin-top:0px; margin-bottom:0px; margin-left:0px; margin-right:0px; width:500px;\"><div class=\"shortcode-single-image\"><div class=\"fancy-media-wrap  layzr-bg\" style=\"border-radius:40px;\"><img fetchpriority=\"high\" decoding=\"async\" class=\"preload-me lazy-load aspect\" src=\"data:image\/svg+xml,%3Csvg%20xmlns%3D&#39;http%3A%2F%2Fwww.w3.org%2F2000%2Fsvg&#39;%20viewBox%3D&#39;0%200%20500%20375&#39;%2F%3E\" data-src=\"https:\/\/nordvallsetikett.com\/wp-content\/uploads\/2023\/10\/Etiketten-i-fokus_Nr3_OmslagHallbarhet-scaled-500x375.jpg\" data-srcset=\"https:\/\/nordvallsetikett.com\/wp-content\/uploads\/2023\/10\/Etiketten-i-fokus_Nr3_OmslagHallbarhet-scaled-500x375.jpg 500w, https:\/\/nordvallsetikett.com\/wp-content\/uploads\/2023\/10\/Etiketten-i-fokus_Nr3_OmslagHallbarhet-scaled-1000x750.jpg 1000w\" loading=\"eager\" sizes=\"(max-width: 500px) 100vw, 500px\" width=\"500\" height=\"375\"  data-dt-location=\"https:\/\/nordvallsetikett.com\/no\/nordvalls-etikett\/om-nordvalls\/etiketten-i-fokus\/attachment\/mockups-design-5\/\" style=\"--ratio: 500 \/ 375;border-radius:40px;\" alt=\"\" \/><\/div><\/div><\/div><div class=\"ult-spacer spacer-69e7bee3904e5\" data-id=\"69e7bee3904e5\" data-height=\"10\" data-height-mobile=\"10\" data-height-tab=\"10\" data-height-tab-portrait=\"10\" data-height-mobile-landscape=\"10\" style=\"clear:both;display:block;\"><\/div>[vc_column_text]Les v\u00e5rt kundemagasin Etiketten i fokus for nyheter, inspirasjon, intervjuer og tips om etiketter og etikettproduksjon![\/vc_column_text]<div class=\"ult-spacer spacer-69e7bee390526\" data-id=\"69e7bee390526\" data-height=\"10\" data-height-mobile=\"10\" data-height-tab=\"10\" data-height-tab-portrait=\"10\" data-height-mobile-landscape=\"10\" style=\"clear:both;display:block;\"><\/div><style type=\"text\/css\" data-type=\"the7_shortcodes-inline-css\">#default-btn-3fb5bade53eb3582b323521be51bbf61.ico-right-side > i {\n  margin-right: 0px;\n  margin-left: 8px;\n}\n#default-btn-3fb5bade53eb3582b323521be51bbf61 > i {\n  margin-right: 8px;\n}<\/style><a href=\"https:\/\/nordvallsetikett.com\/nordvalls-etikett\/om-nordvalls\/etiketten-i-fokus\/\" class=\"default-btn-shortcode dt-btn dt-btn-m link-hover-off btn-inline-left \" id=\"default-btn-3fb5bade53eb3582b323521be51bbf61\"><span>Les Etiketten i Fokus!<\/span><\/a>[\/vc_column_inner][\/vc_row_inner][vc_row_inner][vc_column_inner]<div class=\"ult-spacer spacer-69e7bee390623\" data-id=\"69e7bee390623\" data-height=\"50\" data-height-mobile=\"20\" data-height-tab=\"\" data-height-tab-portrait=\"\" data-height-mobile-landscape=\"\" style=\"clear:both;display:block;\"><\/div>[\/vc_column_inner][\/vc_row_inner][vc_tta_tabs style=&raquo;modern&raquo; spacing=&raquo;4&#8243; alignment=&raquo;center&raquo; active_section=&raquo;&raquo; css=&raquo;.vc_custom_1580322205242{padding-top: 30px !important;padding-right: 30px !important;padding-bottom: 30px !important;padding-left: 30px !important;}&raquo;][vc_tta_section title=&raquo;Tilbudsforesp\u00f8rsel&raquo; tab_id=&raquo;1580289862291-50a7dd49-6d7e&raquo;]\n<div class=\"wpcf7 no-js\" id=\"wpcf7-f9335-o1\" lang=\"sv-SE\" dir=\"ltr\" data-wpcf7-id=\"9335\">\n<div class=\"screen-reader-response\"><p role=\"status\" aria-live=\"polite\" aria-atomic=\"true\"><\/p> <ul><\/ul><\/div>\n<form action=\"\/no\/wp-json\/wp\/v2\/pages\/8529#wpcf7-f9335-o1\" method=\"post\" class=\"wpcf7-form init\" aria-label=\"Kontaktformul\u00e4r\" novalidate=\"novalidate\" data-status=\"init\">\n<fieldset class=\"hidden-fields-container\"><input type=\"hidden\" name=\"_wpcf7\" value=\"9335\" \/><input type=\"hidden\" name=\"_wpcf7_version\" value=\"6.1.5\" \/><input type=\"hidden\" name=\"_wpcf7_locale\" value=\"sv_SE\" \/><input type=\"hidden\" name=\"_wpcf7_unit_tag\" value=\"wpcf7-f9335-o1\" \/><input type=\"hidden\" name=\"_wpcf7_container_post\" value=\"0\" \/><input type=\"hidden\" name=\"_wpcf7_posted_data_hash\" value=\"\" \/><input type=\"hidden\" name=\"_wpcf7_recaptcha_response\" value=\"\" \/>\n<\/fieldset>\n<p>Jeg er interessert i:<br \/>\n<span class=\"wpcf7-form-control-wrap\" data-name=\"checkbox-156\"><span class=\"wpcf7-form-control wpcf7-checkbox\"><span class=\"wpcf7-list-item first\"><input type=\"checkbox\" name=\"checkbox-156[]\" value=\"Flerfargede etiketter\" \/><span class=\"wpcf7-list-item-label\">Flerfargede etiketter<\/span><\/span><span class=\"wpcf7-list-item\"><input type=\"checkbox\" name=\"checkbox-156[]\" value=\"InMouldLabels\" \/><span class=\"wpcf7-list-item-label\">InMouldLabels<\/span><\/span><span class=\"wpcf7-list-item\"><input type=\"checkbox\" name=\"checkbox-156[]\" value=\"Flersidige etiketter\" \/><span class=\"wpcf7-list-item-label\">Flersidige etiketter<\/span><\/span><span class=\"wpcf7-list-item\"><input type=\"checkbox\" name=\"checkbox-156[]\" value=\"Folderetiketter\" \/><span class=\"wpcf7-list-item-label\">Folderetiketter<\/span><\/span><span class=\"wpcf7-list-item\"><input type=\"checkbox\" name=\"checkbox-156[]\" value=\"Utrykte etiketter\" \/><span class=\"wpcf7-list-item-label\">Utrykte etiketter<\/span><\/span><span class=\"wpcf7-list-item\"><input type=\"checkbox\" name=\"checkbox-156[]\" value=\"Forseglingsetiketter\" \/><span class=\"wpcf7-list-item-label\">Forseglingsetiketter<\/span><\/span><span class=\"wpcf7-list-item\"><input type=\"checkbox\" name=\"checkbox-156[]\" value=\"Alarmetiketter\" \/><span class=\"wpcf7-list-item-label\">Alarmetiketter<\/span><\/span><span class=\"wpcf7-list-item\"><input type=\"checkbox\" name=\"checkbox-156[]\" value=\"Legemiddeletiketter\" \/><span class=\"wpcf7-list-item-label\">Legemiddeletiketter<\/span><\/span><span class=\"wpcf7-list-item\"><input type=\"checkbox\" name=\"checkbox-156[]\" value=\"Billetter \/ Tags\" \/><span class=\"wpcf7-list-item-label\">Billetter \/ Tags<\/span><\/span><span class=\"wpcf7-list-item\"><input type=\"checkbox\" name=\"checkbox-156[]\" value=\"Termotransferb\u00e5nd\" \/><span class=\"wpcf7-list-item-label\">Termotransferb\u00e5nd<\/span><\/span><span class=\"wpcf7-list-item last\"><input type=\"checkbox\" name=\"checkbox-156[]\" value=\"Anett\" \/><span class=\"wpcf7-list-item-label\">Anett<\/span><\/span><\/span><\/span>\n<\/p>\n<p>Opplag:<br \/>\n<span class=\"wpcf7-form-control-wrap\" data-name=\"number-57\"><input class=\"wpcf7-form-control wpcf7-number wpcf7-validates-as-number\" aria-invalid=\"false\" value=\"\" type=\"number\" name=\"number-57\" \/><\/span>\n<\/p>\n<p>Format p\u00e5 etikett\/etiketter:<br \/>\n<span class=\"wpcf7-form-control-wrap\" data-name=\"text-123\"><input size=\"40\" maxlength=\"400\" class=\"wpcf7-form-control wpcf7-text\" aria-invalid=\"false\" value=\"\" type=\"text\" name=\"text-123\" \/><\/span>\n<\/p>\n<p>\u00d8nsket materiale:<br \/>\n<span class=\"wpcf7-form-control-wrap\" data-name=\"text-material\"><input size=\"40\" maxlength=\"400\" class=\"wpcf7-form-control wpcf7-text\" aria-invalid=\"false\" value=\"\" type=\"text\" name=\"text-material\" \/><\/span>\n<\/p>\n<p>Lim\/Heft:<br \/>\n<span class=\"wpcf7-form-control-wrap\" data-name=\"Lim\"><select class=\"wpcf7-form-control wpcf7-select\" aria-invalid=\"false\" name=\"Lim\"><option value=\"\">Ja<\/option><option value=\"Nej\">Nej<\/option><\/select><\/span>\n<\/p>\n<p>Kjerne:<br \/>\n<span class=\"wpcf7-form-control-wrap\" data-name=\"text-bobin\"><input size=\"40\" maxlength=\"400\" class=\"wpcf7-form-control wpcf7-text\" aria-invalid=\"false\" value=\"\" type=\"text\" name=\"text-bobin\" \/><\/span>\n<\/p>\n<p>\u00d8nsket antall pr rull\/bunt:<br \/>\n<span class=\"wpcf7-form-control-wrap\" data-name=\"number-antal\"><input class=\"wpcf7-form-control wpcf7-number wpcf7-validates-as-number\" aria-invalid=\"false\" value=\"\" type=\"number\" name=\"number-antal\" \/><\/span>\n<\/p>\n<p>Applisering:<br \/>\n<span class=\"wpcf7-form-control-wrap\" data-name=\"Applisering\"><select class=\"wpcf7-form-control wpcf7-select\" aria-invalid=\"false\" name=\"Applisering\"><option value=\"\">Manuell<\/option><option value=\"Inline\">Inline<\/option><\/select><\/span>\n<\/p>\n<p>Hva skal etiketten festes p\u00e5?<br \/>\n<span class=\"wpcf7-form-control-wrap\" data-name=\"fastning-123\"><input size=\"40\" maxlength=\"400\" class=\"wpcf7-form-control wpcf7-text\" aria-invalid=\"false\" value=\"\" type=\"text\" name=\"fastning-123\" \/><\/span>\n<\/p>\n<p>I hvilket milj\u00f8 skal etiketten festes?<br \/>\n<span class=\"wpcf7-form-control-wrap\" data-name=\"miljo-123\"><input size=\"40\" maxlength=\"400\" class=\"wpcf7-form-control wpcf7-text\" aria-invalid=\"false\" value=\"\" type=\"text\" name=\"miljo-123\" \/><\/span>\n<\/p>\n<p><label> Ditt navn (obligatorisk)<br \/>\n<span class=\"wpcf7-form-control-wrap\" data-name=\"your-name\"><input size=\"40\" maxlength=\"400\" class=\"wpcf7-form-control wpcf7-text wpcf7-validates-as-required\" aria-required=\"true\" aria-invalid=\"false\" value=\"\" type=\"text\" name=\"your-name\" \/><\/span> <\/label>\n<\/p>\n<p><label> Din e-post (obligatorisk)<br \/>\n<span class=\"wpcf7-form-control-wrap\" data-name=\"your-email\"><input size=\"40\" maxlength=\"400\" class=\"wpcf7-form-control wpcf7-email wpcf7-validates-as-required wpcf7-text wpcf7-validates-as-email\" aria-required=\"true\" aria-invalid=\"false\" value=\"\" type=\"email\" name=\"your-email\" \/><\/span> <\/label>\n<\/p>\n<p><label> Firma (obligatorisk)<br \/>\n<span class=\"wpcf7-form-control-wrap\" data-name=\"foretag\"><input size=\"40\" maxlength=\"400\" class=\"wpcf7-form-control wpcf7-text wpcf7-validates-as-required\" aria-required=\"true\" aria-invalid=\"false\" value=\"\" type=\"text\" name=\"foretag\" \/><\/span><\/label>\n<\/p>\n<p><label> Telefon<br \/>\n<span class=\"wpcf7-form-control-wrap\" data-name=\"tel-157\"><input size=\"40\" maxlength=\"400\" class=\"wpcf7-form-control wpcf7-tel wpcf7-text wpcf7-validates-as-tel\" aria-invalid=\"false\" value=\"\" type=\"tel\" name=\"tel-157\" \/><\/span><\/label>\n<\/p>\n<p><input class=\"wpcf7-form-control wpcf7-submit has-spinner\" type=\"submit\" value=\"Send\" \/>\n<\/p>\n<p>Denne siden er beskyttet av reCAPTCHA og Googles <a href=\"https:\/\/policies.google.com\/privacy\" target=\"_blank\" rel=\"noopener\">personvernerkl\u00e6ring<\/a> och <a href=\"https:\/\/policies.google.com\/terms\" target=\"_blank\" rel=\"noopener\">vilk\u00e5r for bruk<\/a> gjelder.\n<\/p><div class=\"wpcf7-response-output\" aria-hidden=\"true\"><\/div>\n<\/form>\n<\/div>\n[\/vc_tta_section][vc_tta_section title=&raquo;Kontakt oss&raquo; tab_id=&raquo;1580289862307-3826c588-3289&#8243;]\n<div class=\"wpcf7 no-js\" id=\"wpcf7-f9324-o2\" lang=\"sv-SE\" dir=\"ltr\" data-wpcf7-id=\"9324\">\n<div class=\"screen-reader-response\"><p role=\"status\" aria-live=\"polite\" aria-atomic=\"true\"><\/p> <ul><\/ul><\/div>\n<form action=\"\/no\/wp-json\/wp\/v2\/pages\/8529#wpcf7-f9324-o2\" method=\"post\" class=\"wpcf7-form init\" aria-label=\"Kontaktformul\u00e4r\" novalidate=\"novalidate\" data-status=\"init\">\n<fieldset class=\"hidden-fields-container\"><input type=\"hidden\" name=\"_wpcf7\" value=\"9324\" \/><input type=\"hidden\" name=\"_wpcf7_version\" value=\"6.1.5\" \/><input type=\"hidden\" name=\"_wpcf7_locale\" value=\"sv_SE\" \/><input type=\"hidden\" name=\"_wpcf7_unit_tag\" value=\"wpcf7-f9324-o2\" \/><input type=\"hidden\" name=\"_wpcf7_container_post\" value=\"0\" \/><input type=\"hidden\" name=\"_wpcf7_posted_data_hash\" value=\"\" \/><input type=\"hidden\" name=\"_wpcf7_recaptcha_response\" value=\"\" \/>\n<\/fieldset>\n<p><label> \u00c6rende<br \/>\n<span class=\"wpcf7-form-control-wrap\" data-name=\"textarea-6889\"><textarea cols=\"40\" rows=\"10\" maxlength=\"2000\" class=\"wpcf7-form-control wpcf7-textarea\" aria-invalid=\"false\" name=\"textarea-6889\"><\/textarea><\/span> <\/label>\n<\/p>\n<p><label> Navn (p\u00e5budt)<br \/>\n<span class=\"wpcf7-form-control-wrap\" data-name=\"your-name\"><input size=\"40\" maxlength=\"400\" class=\"wpcf7-form-control wpcf7-text wpcf7-validates-as-required\" aria-required=\"true\" aria-invalid=\"false\" value=\"\" type=\"text\" name=\"your-name\" \/><\/span> <\/label>\n<\/p>\n<p><label> E-post (p\u00e5budt)<br \/>\n<span class=\"wpcf7-form-control-wrap\" data-name=\"your-email\"><input size=\"40\" maxlength=\"400\" class=\"wpcf7-form-control wpcf7-email wpcf7-validates-as-required wpcf7-text wpcf7-validates-as-email\" aria-required=\"true\" aria-invalid=\"false\" value=\"\" type=\"email\" name=\"your-email\" \/><\/span> <\/label>\n<\/p>\n<p><label> Virksomhet<br \/>\n<span class=\"wpcf7-form-control-wrap\" data-name=\"foretag-856\"><input size=\"40\" maxlength=\"400\" class=\"wpcf7-form-control wpcf7-text\" aria-invalid=\"false\" value=\"\" type=\"text\" name=\"foretag-856\" \/><\/span><\/label>\n<\/p>\n<p><label> Telefon<br \/>\n<span class=\"wpcf7-form-control-wrap\" data-name=\"tel-246\"><input size=\"40\" maxlength=\"400\" class=\"wpcf7-form-control wpcf7-tel wpcf7-text wpcf7-validates-as-tel\" aria-invalid=\"false\" value=\"\" type=\"tel\" name=\"tel-246\" \/><\/span> <\/label>\n<\/p>\n<p><input class=\"wpcf7-form-control wpcf7-submit has-spinner\" type=\"submit\" value=\"Send\" \/>\n<\/p>\n<p>Denne siden er beskyttet av reCAPTCHA og Googles <a href=\"https:\/\/policies.google.com\/privacy\" target=\"_blank\" rel=\"noopener\">personvernerkl\u00e6ring<\/a> och <a href=\"https:\/\/policies.google.com\/terms\" target=\"_blank\" rel=\"noopener\">vilk\u00e5r for bruk<\/a> gjelder.\n<\/p><div class=\"wpcf7-response-output\" aria-hidden=\"true\"><\/div>\n<\/form>\n<\/div>\n[\/vc_tta_section][vc_tta_section title=&raquo;Ofte stilte sp\u00f8rsm\u00e5l&raquo; tab_id=&raquo;1666781697476-163afb27-55bb&raquo;][vc_column_text]<\/p>\n<h2>Ofte stilte sp\u00f8rsm\u00e5l<\/h2>\n<p>[\/vc_column_text][vc_empty_space][vc_column_text]<\/p>\n<h3>Produkt<\/h3>\n<p>[\/vc_column_text][vc_toggle title=&raquo;Kan jeg f\u00e5 tilsendt materialpr\u00f8ver?&raquo; size=&raquo;lg&raquo; css=&raquo;&raquo;]Svar: Ja, selvf\u00f8lgelig kan du det! Send en e-post til kontakt@nordvalls.no og oppgi spesifikt materiale eller \u00f8nske om materialpr\u00f8ve samt navnet og adressen din.[\/vc_toggle][vc_toggle title=&raquo;Jeg \u00f8nsker \u00e5 bestille samme type etikett som jeg har bestilt f\u00f8r, hvordan gj\u00f8r jeg det?&raquo; size=&raquo;lg&raquo; css=&raquo;&raquo;]Svar: Det er flott! Ta kontakt med v\u00e5r interne salgsavdeling, s\u00e5 hjelper de deg, p\u00e5 order@nordvalls.no eller +47 75 43 68 70.[\/vc_toggle][vc_empty_space][vc_column_text]<\/p>\n<h3>Kj\u00f8p<\/h3>\n<p>[\/vc_column_text][vc_toggle title=&raquo;Jeg har mottatt en faktura som ikke er korrekt, hva skal jeg gj\u00f8re?&raquo; size=&raquo;lg&raquo; css=&raquo;&raquo;]Svar: Send en e-post til kundreskontra@nordvalls.no. Beskriv saken din og henvis til den aktuelle fakturaen, s\u00e5 hjelper vi deg s\u00e5 snart som mulig.[\/vc_toggle][vc_toggle title=&raquo;Kan jeg kj\u00f8pe etiketter fra dere som privatperson?&raquo; size=&raquo;lg&raquo;]Svar: Nei, vi er bare rettet mot B2B.[\/vc_toggle][vc_empty_space][vc_column_text]<\/p>\n<h3>Frakt og levering<\/h3>\n<p>[\/vc_column_text][vc_toggle title=&raquo;Jeg \u00f8nsker \u00e5 vite status for bestillingen min, hvordan gj\u00f8r jeg det?&raquo; size=&raquo;lg&raquo; css=&raquo;&raquo;]Svar: Ta kontakt med v\u00e5r interne salgsavdeling, s\u00e5 hjelper de deg, p\u00e5 order@nordvalls.no eller +47 75 43 68 70.[\/vc_toggle][vc_empty_space][vc_column_text]<\/p>\n<h3>Reklamasjoner og returer<\/h3>\n<p>[\/vc_column_text][vc_toggle title=&raquo;Hva gj\u00f8r jeg hvis jeg trenger \u00e5 reklamere p\u00e5 en levering?&raquo; size=&raquo;lg&raquo; css=&raquo;&raquo;]Svar: Ta kontakt med din n\u00e6rmeste kontaktperson eller v\u00e5r interne salgsavdeling ang\u00e5ende reklamasjonen din, p\u00e5 order@nordvalls.no eller +47 75 43 68 70. Ikke kast etikettene du reklamerer p\u00e5, vi \u00f8nsker \u00e5 ha dem i retur.[\/vc_toggle][vc_toggle title=&raquo;Varene mine var skadet ved levering. Hva gj\u00f8r jeg?&raquo; size=&raquo;lg&raquo; css=&raquo;&raquo;]Svar: Vi ber deg om \u00e5 utf\u00f8re en ankomstkontroll ved levering. Meld fra til sj\u00e5f\u00f8ren direkte p\u00e5 stedet om eventuelle skader eller manglende produkter, og kontakt deretter v\u00e5r interne salgsavdeling for \u00e5 f\u00e5 rettet opp feilen, p\u00e5 order@nordvalls.no eller +47 75 43 68 70.[\/vc_toggle][vc_empty_space][vc_column_text]<\/p>\n<h3>Materialer<\/h3>\n<p>[\/vc_column_text][vc_toggle title=&raquo;Hvilke etikettmaterialer tilbyr dere?&raquo; size=&raquo;lg&raquo;]Svar: Vi har mange forskjellige materialer og bindemidler \u00e5 velge mellom. <a href=\"https:\/\/nordvallsetikett.com\/prata-med-etikettexperten\/\">Bestill r\u00e5dgivning<\/a> med en av selgerne v\u00e5re for \u00e5 finne ut mer om hvilke materialer og bindemidler som passer for ditt produkt og bruksomr\u00e5de.[\/vc_toggle][vc_toggle title=&raquo;Finnes det milj\u00f8vennlige etikettmaterialer?&raquo; size=&raquo;lg&raquo;]Svar: I dag finnes det mange <a href=\"https:\/\/nordvallsetikett.com\/etiketter\/miljovanliga-etiketter\/\" target=\"_blank\" rel=\"noopener\">milj\u00f8vennlige etikettmaterialer<\/a> \u00e5 velge mellom. Bestill r\u00e5dgivning med en av selgerne v\u00e5re her for \u00e5 finne ut mer![\/vc_toggle][vc_empty_space][vc_column_text]<\/p>\n<h3>Utforming<\/h3>\n<p>[\/vc_column_text][vc_toggle title=&raquo;Tilbyr dere trykkteknisk r\u00e5dgivning?&raquo; size=&raquo;lg&raquo; css=&raquo;&raquo;]Svar: Ja, det gj\u00f8r vi! \u00d8nsker du r\u00e5dgivning f\u00f8r etiketten din g\u00e5r i trykken? Kontakt oss p\u00e5 order@nordvalls.no[\/vc_toggle][vc_toggle title=&raquo;Hvilken fargekode skal jeg bruke n\u00e5r jeg spesifiserer farge? (f.eks. CMYK, RGB, PMS)&raquo; size=&raquo;lg&raquo;]Svar: CMYK[\/vc_toggle][vc_toggle title=&raquo;I hvilket verkt\u00f8y skal jeg lage mitt eget artwork?&raquo; size=&raquo;lg&raquo;]Svar: Adobe Illustrator CC 2019, Adobe Photoshop CC 2019, Adobe InDesign CC 2019, Adobe Acrobat Pro DC 2019 eller Esko PackEdge 18. Her kan du ogs\u00e5 lese mer om <a href=\"https:\/\/nordvallsetikett.com\/blogg\/egendesignade-etiketter-tank-pa-det-har-innan-du-skickar-in-ert-artwork\/\" target=\"_blank\" rel=\"noopener\">hva du b\u00f8r tenke p\u00e5 f\u00f8r du sender inn ditt eget artwork.\u00a0<\/a>[\/vc_toggle][vc_empty_space][vc_column_text]<\/p>\n<h3>Produksjon<\/h3>\n<p>[\/vc_column_text][vc_toggle title=&raquo;Kan jeg f\u00e5 et pr\u00f8vetrykk f\u00f8r jeg bestiller et st\u00f8rre antall?&raquo; size=&raquo;lg&raquo; css=&raquo;&raquo;]Svar: Ja, vi tilbyr pr\u00f8vetrykk. Kontakt oss p\u00e5 order@nordvalls.no[\/vc_toggle][vc_toggle title=&raquo;Hvilke ulike trykketeknikker tilbyr dere?&raquo; size=&raquo;lg&raquo;]Svar: Vi tilbyr digital- og fleksotrykk, i tillegg til silketrykk og boktrykk.[\/vc_toggle][vc_toggle title=&raquo;Hva er forskjellen mellom ulike trykketeknikker?&raquo; size=&raquo;lg&raquo;]Svar: Les mer om <a href=\"https:\/\/nordvallsetikett.com\/blogg\/digitaltryck-eller-flexotryck-vilken-tryckteknik-ska-jag-valja\/\" target=\"_blank\" rel=\"noopener\">forskjellen mellom digitaltrykk og fleksotrykk her.<\/a>[\/vc_toggle][\/vc_tta_section][\/vc_tta_tabs][\/vc_column][\/vc_row][vc_row full_width=&raquo;stretch_row_content&raquo; content_placement=&raquo;middle&raquo;][vc_column offset=&raquo;vc_hidden-sm vc_col-xs-12 vc_hidden-xs&raquo;][vc_separator color=&raquo;black&raquo; css=&raquo;&raquo;][vc_row_inner equal_height=&raquo;yes&raquo; content_placement=&raquo;middle&raquo;][vc_column_inner width=&raquo;1\/5&#8243;][vc_single_image image=&raquo;10647&#8243; img_size=&raquo;80&#215;80&#8243; alignment=&raquo;center&raquo; css=&raquo;&raquo; image_hovers=&raquo;false&raquo;][\/vc_column_inner][vc_column_inner width=&raquo;1\/5&#8243; offset=&raquo;vc_hidden-sm vc_hidden-xs&raquo;][\/vc_column_inner][vc_column_inner width=&raquo;1\/5&#8243; offset=&raquo;vc_hidden-sm vc_hidden-xs&raquo;][\/vc_column_inner][vc_column_inner width=&raquo;1\/5&#8243; offset=&raquo;vc_hidden-sm vc_hidden-xs&raquo;][\/vc_column_inner][vc_column_inner width=&raquo;1\/5&#8243;][vc_single_image image=&raquo;10652&#8243; img_size=&raquo;medium&raquo; alignment=&raquo;center&raquo; css=&raquo;&raquo; image_hovers=&raquo;false&raquo;][\/vc_column_inner][\/vc_row_inner]<div class=\"ult-spacer spacer-69e7bee395dbd\" data-id=\"69e7bee395dbd\" data-height=\"\" data-height-mobile=\"10\" data-height-tab=\"\" data-height-tab-portrait=\"\" data-height-mobile-landscape=\"10\" style=\"clear:both;display:block;\"><\/div>[\/vc_column][\/vc_row][vc_row full_width=&raquo;stretch_row_content&raquo; content_placement=&raquo;middle&raquo;][vc_column offset=&raquo;vc_hidden-lg vc_hidden-md vc_col-xs-12&#8243;][vc_separator color=&raquo;black&raquo; css=&raquo;&raquo;][vc_row_inner equal_height=&raquo;yes&raquo; content_placement=&raquo;middle&raquo;][vc_column_inner][vc_single_image image=&raquo;10920&#8243; img_size=&raquo;340&#215;80&#8243; alignment=&raquo;center&raquo; css=&raquo;&raquo; image_hovers=&raquo;false&raquo;][\/vc_column_inner][\/vc_row_inner][\/vc_column][\/vc_row]<\/p>\n<\/div>","protected":false},"excerpt":{"rendered":"<p>[vc_row][vc_column][vc_row_inner][vc_column_inner width=&raquo;1\/2&#8243;][vc_column_text css=&raquo;.vc_custom_1580911937519{margin-bottom: 20px !important;}&raquo;] \u00d8nsker du \u00e5 vite hva vi i Nordvalls kan gj\u00f8re for deg? Vi gir gjerne et tilbud p\u00e5 en etikettl\u00f8sning for behovene i virksomheten din. For \u00e5 kunne gi deg et best mulig tilbud trenger vi visse opplysninger fra deg, for eksempel st\u00f8rrelsen p\u00e5 opplaget, bruksomr\u00e5det til etiketten, hvordan etiketten&hellip;<\/p>\n","protected":false},"author":1,"featured_media":0,"parent":0,"menu_order":0,"comment_status":"closed","ping_status":"closed","template":"","meta":{"footnotes":""},"class_list":["post-8529","page","type-page","status-publish","hentry","description-off"],"_links":{"self":[{"href":"https:\/\/nordvallsetikett.com\/no\/wp-json\/wp\/v2\/pages\/8529","targetHints":{"allow":["GET"]}}],"collection":[{"href":"https:\/\/nordvallsetikett.com\/no\/wp-json\/wp\/v2\/pages"}],"about":[{"href":"https:\/\/nordvallsetikett.com\/no\/wp-json\/wp\/v2\/types\/page"}],"author":[{"embeddable":true,"href":"https:\/\/nordvallsetikett.com\/no\/wp-json\/wp\/v2\/users\/1"}],"replies":[{"embeddable":true,"href":"https:\/\/nordvallsetikett.com\/no\/wp-json\/wp\/v2\/comments?post=8529"}],"version-history":[{"count":10,"href":"https:\/\/nordvallsetikett.com\/no\/wp-json\/wp\/v2\/pages\/8529\/revisions"}],"predecessor-version":[{"id":11044,"href":"https:\/\/nordvallsetikett.com\/no\/wp-json\/wp\/v2\/pages\/8529\/revisions\/11044"}],"wp:attachment":[{"href":"https:\/\/nordvallsetikett.com\/no\/wp-json\/wp\/v2\/media?parent=8529"}],"curies":[{"name":"wp","href":"https:\/\/api.w.org\/{rel}","templated":true}]}}