{"id":8533,"date":"2024-05-30T07:39:31","date_gmt":"2024-05-30T07:39:31","guid":{"rendered":"https:\/\/nordvallsetikett.com\/etiketter\/etiketter-i-flere-farger\/"},"modified":"2025-10-31T14:04:10","modified_gmt":"2025-10-31T14:04:10","slug":"etiketter-i-flere-farger","status":"publish","type":"page","link":"https:\/\/nordvallsetikett.com\/no\/etiketter\/etiketter-i-flere-farger\/","title":{"rendered":"Etiketter i flere farger"},"content":{"rendered":"<div class=\"wpb-content-wrapper\"><p>[vc_row][vc_column][vc_row_inner content_placement=&raquo;middle&raquo;][vc_column_inner width=&raquo;1\/2&#8243;][vc_column_text css=&raquo;&raquo;]<\/p>\n<h2>Fargeetiketter og etiketter i flere farger<\/h2>\n<p>Flerfargede etiketter er et vanlig oppdrag for oss i Nordvalls. Med ekspertise innen flere forskjellige trykketeknikker vet vi hva som kreves for \u00e5 oppn\u00e5 \u00f8nsket sluttresultat. Farge er en viktig komponent i en profesjonelt trykt etikett, og trykkpressene v\u00e5re h\u00e5ndterer mange forskjellige farger og lakktyper. Digitaltrykk, flekso- eller silketrykk. Kombinasjonene og mulighetene er mange for de flerfargede etikettene.<\/p>\n<p>Effekten og resultatet du \u00f8nsker \u00e5 oppn\u00e5 med fargeetiketten din, er ofte med p\u00e5 \u00e5 bestemme hvilken trykkemetode som skal brukes.[\/vc_column_text][\/vc_column_inner][vc_column_inner width=&raquo;1\/2&#8243;]<style type=\"text\/css\" data-type=\"the7_shortcodes-inline-css\">.shortcode-single-image-wrap.shortcode-single-image-c9df5d8733ba4e9cb7d2be70a0f3c34f.enable-bg-rollover .rollover i,\n.shortcode-single-image-wrap.shortcode-single-image-c9df5d8733ba4e9cb7d2be70a0f3c34f.enable-bg-rollover .rollover-video i {\n  background: -webkit-linear-gradient();\n  background: linear-gradient();\n}\n.shortcode-single-image-wrap.shortcode-single-image-c9df5d8733ba4e9cb7d2be70a0f3c34f .rollover-icon {\n  font-size: 32px;\n  color: #ffffff;\n  min-width: 44px;\n  min-height: 44px;\n  line-height: 44px;\n  border-radius: 100px;\n  border-style: solid;\n  border-width: 0px;\n}\n.dt-icon-bg-on.shortcode-single-image-wrap.shortcode-single-image-c9df5d8733ba4e9cb7d2be70a0f3c34f .rollover-icon {\n  background: rgba(255,255,255,0.3);\n  box-shadow: none;\n}<\/style><div class=\"shortcode-single-image-wrap shortcode-single-image-c9df5d8733ba4e9cb7d2be70a0f3c34f alignnone  vc_custom_1580844754166 enable-bg-rollover dt-icon-bg-off\" ><div class=\"shortcode-single-image\"><div class=\"fancy-media-wrap  layzr-bg\" style=\"border-radius:40px;\"><img fetchpriority=\"high\" decoding=\"async\" class=\"preload-me lazy-load aspect\" src=\"data:image\/svg+xml,%3Csvg%20xmlns%3D&#39;http%3A%2F%2Fwww.w3.org%2F2000%2Fsvg&#39;%20viewBox%3D&#39;0%200%20500%20333&#39;%2F%3E\" data-src=\"https:\/\/nordvallsetikett.com\/wp-content\/uploads\/2020\/01\/nordvallsetiketter_bla-500x333.jpg\" data-srcset=\"https:\/\/nordvallsetikett.com\/wp-content\/uploads\/2020\/01\/nordvallsetiketter_bla-500x333.jpg 500w, https:\/\/nordvallsetikett.com\/wp-content\/uploads\/2020\/01\/nordvallsetiketter_bla.jpg 1000w\" loading=\"eager\" sizes=\"(max-width: 500px) 100vw, 500px\" width=\"500\" height=\"333\"  data-dt-location=\"https:\/\/nordvallsetikett.com\/no\/etiketter\/flerfargsetiketter\/attachment\/vid-fragor-om-bilden-mejla-erika-weilandapeloga-se-17\/\" style=\"--ratio: 500 \/ 333;border-radius:40px;\" alt=\"\" \/><\/div><\/div><\/div>[\/vc_column_inner][\/vc_row_inner]<div class=\"ult-spacer spacer-69e7adfdb9c33\" data-id=\"69e7adfdb9c33\" data-height=\"50\" data-height-mobile=\"50\" data-height-tab=\"\" data-height-tab-portrait=\"\" data-height-mobile-landscape=\"\" style=\"clear:both;display:block;\"><\/div>[vc_row_inner content_placement=&raquo;middle&raquo;][vc_column_inner width=&raquo;1\/2&#8243;]<style type=\"text\/css\" data-type=\"the7_shortcodes-inline-css\">.shortcode-single-image-wrap.shortcode-single-image-4220389291662e2ba63dfe8c0c62eccc.enable-bg-rollover .rollover i,\n.shortcode-single-image-wrap.shortcode-single-image-4220389291662e2ba63dfe8c0c62eccc.enable-bg-rollover .rollover-video i {\n  background: -webkit-linear-gradient();\n  background: linear-gradient();\n}\n.shortcode-single-image-wrap.shortcode-single-image-4220389291662e2ba63dfe8c0c62eccc .rollover-icon {\n  font-size: 32px;\n  color: #ffffff;\n  min-width: 44px;\n  min-height: 44px;\n  line-height: 44px;\n  border-radius: 100px;\n  border-style: solid;\n  border-width: 0px;\n}\n.dt-icon-bg-on.shortcode-single-image-wrap.shortcode-single-image-4220389291662e2ba63dfe8c0c62eccc .rollover-icon {\n  background: rgba(255,255,255,0.3);\n  box-shadow: none;\n}<\/style><div class=\"shortcode-single-image-wrap shortcode-single-image-4220389291662e2ba63dfe8c0c62eccc alignnone  vc_custom_1586856145835 enable-bg-rollover dt-icon-bg-off\" ><div class=\"shortcode-single-image\"><div class=\"fancy-media-wrap  layzr-bg\" style=\"border-radius:40px;\"><img decoding=\"async\" class=\"preload-me lazy-load aspect\" src=\"data:image\/svg+xml,%3Csvg%20xmlns%3D&#39;http%3A%2F%2Fwww.w3.org%2F2000%2Fsvg&#39;%20viewBox%3D&#39;0%200%20500%20333&#39;%2F%3E\" data-src=\"https:\/\/nordvallsetikett.com\/wp-content\/uploads\/2020\/04\/Flerfa\u0308rgsetikett-Nordvalls-scaled-500x333.jpg\" data-srcset=\"https:\/\/nordvallsetikett.com\/wp-content\/uploads\/2020\/04\/Flerfa\u0308rgsetikett-Nordvalls-scaled-500x333.jpg 500w, https:\/\/nordvallsetikett.com\/wp-content\/uploads\/2020\/04\/Flerfa\u0308rgsetikett-Nordvalls-scaled-1000x666.jpg 1000w\" loading=\"eager\" sizes=\"(max-width: 500px) 100vw, 500px\" width=\"500\" height=\"333\"  data-dt-location=\"https:\/\/nordvallsetikett.com\/no\/etiketter\/flerfargsetiketter\/attachment\/flerfa%cc%88rgsetikett-nordvalls\/\" style=\"--ratio: 500 \/ 333;border-radius:40px;\" alt=\"Flerfa\u0308rgsetikett-Nordvalls\" \/><\/div><\/div><\/div>[\/vc_column_inner][vc_column_inner width=&raquo;1\/2&#8243;][vc_column_text css=&raquo;&raquo;]<\/p>\n<h3>F\u00e5 en optimal etikett med foliering, reliefftrykk og lakk<\/h3>\n<p>En etikett kan si mye, blant annet om varemerket og om bruksomr\u00e5det til produktet, og den sier forh\u00e5pentligvis noe om hvorfor mottakeren skal kj\u00f8pe produktet den er festet p\u00e5. Ikke overlat etikettutseendet til tilfeldighetene! Vi har nevnt farge som en viktig komponent i etikettens evne til \u00e5 kommunisere, men hvorfor stoppe der?<\/p>\n<p>Hos Nordvalls tilbyr vi alle muligheter internt, og i tillegg til fargeetiketter har vi lang erfaring i \u00e5 jobbe med ulike typer virkemidler for \u00e5 gi den trykte etiketten stadig flere effekter og et unikt s\u00e6rpreg. Ved hjelp av foliering, reliefftrykk og lakk gir vi gjerne etiketten din flere dimensjoner.\u00a0Snakk med en av de kunnskapsrike selgerne v\u00e5re, s\u00e5 hjelper de deg gjerne videre.<\/p>\n<p>&nbsp;<\/p>\n<p>Spesialeffekter vi tilbyr:<\/p>\n<ul>\n<li>Lakk \u2013 matt og blank<\/li>\n<li>Foliering \u2013 kald foliering og varm foliering<\/li>\n<li>Reliefftrykk<\/li>\n<\/ul>\n<p>[\/vc_column_text][\/vc_column_inner][\/vc_row_inner]<div class=\"ult-spacer spacer-69e7adfdba772\" data-id=\"69e7adfdba772\" data-height=\"50\" data-height-mobile=\"50\" data-height-tab=\"50\" data-height-tab-portrait=\"\" data-height-mobile-landscape=\"\" style=\"clear:both;display:block;\"><\/div>[\/vc_column][\/vc_row][vc_row][vc_column width=&raquo;1\/4&#8243;][\/vc_column][vc_column width=&raquo;1\/2&#8243;]<style type=\"text\/css\" data-type=\"the7_shortcodes-inline-css\">#default-btn-f1d97badc48e159b1a8a5480651b616e.ico-right-side > i {\n  margin-right: 0px;\n  margin-left: 8px;\n}\n#default-btn-f1d97badc48e159b1a8a5480651b616e > i {\n  margin-right: 8px;\n}<\/style><div class=\"btn-align-center\"><a href=\"https:\/\/nordvallsetikett.com\/no\/foresporsel\/\" class=\"default-btn-shortcode dt-btn dt-btn-l link-hover-off \" id=\"default-btn-f1d97badc48e159b1a8a5480651b616e\"><span>Kontakt oss for mer informasjon<\/span><\/a><\/div><div class=\"ult-spacer spacer-69e7adfdba8aa\" data-id=\"69e7adfdba8aa\" data-height=\"50\" data-height-mobile=\"50\" data-height-tab=\"50\" data-height-tab-portrait=\"\" data-height-mobile-landscape=\"\" style=\"clear:both;display:block;\"><\/div>[\/vc_column][vc_column width=&raquo;1\/4&#8243;][\/vc_column][\/vc_row][vc_row][vc_column]<div class=\"hr-thin style-line\" style=\"width: 100%;border-top-width: 1px;\"><\/div>[\/vc_column][\/vc_row][vc_row][vc_column]<div class=\"ult-spacer spacer-69e7adfdba92d\" data-id=\"69e7adfdba92d\" data-height=\"40\" data-height-mobile=\"40\" data-height-tab=\"40\" data-height-tab-portrait=\"\" data-height-mobile-landscape=\"\" style=\"clear:both;display:block;\"><\/div><div id=\"ult-carousel-332162493169e7adfdbaaec\" class=\"ult-carousel-wrapper   ult_horizontal\" data-gutter=\"15\" data-rtl=\"false\" ><div class=\"ult-carousel-367592006769e7adfdba9c8 \" ><div class=\"ult-item-wrap\" data-animation=\"animated no-animation\">\n<div tabindex=\"0\" id=\"interactive-banner-1-wrap-2196\" class=\"ult-banner-block ult-adjust-bottom-margin ult-bb-box ult-banner-block-custom-height banner-style01 \"   style=\"height:250px;\">\n\t<img decoding=\"async\" src=\"https:\/\/nordvallsetikett.com\/wp-content\/uploads\/2021\/11\/210413_nordvalls_stilleben_0033-2-scaled.jpg\" alt=\"null\">\n\t<h3  data-ultimate-target='#interactive-banner-1-wrap-2196 .bb-top-title '  data-responsive-json-new='{\"font-size\":\"\",\"line-height\":\"\"}'  class=\"title-center bb-top-title ult-responsive\" style=\"font-weight:normal;background:#1e73be;color:#ffffff;\">Flaskan med snyggast etikett<\/h3>\n\t<div class=\"mask opaque-background\" style=\"background:;\">\n\t\t<div  data-ultimate-target='#interactive-banner-1-wrap-2196 .bb-description'  data-responsive-json-new='{\"font-size\":\"\",\"line-height\":\"\"}'  class=\"bb-description ult-responsive\" style=\"font-weight:normal;color:#ffffff;\">N\u00e4r du har hittat tre eller fyra produktalternativ som uppfyller dina krav \u00e4r det ofta det slutgiltiga valet faller p\u00e5 den flasketikett som tilltalar dig mest.<\/div>\n\t<\/div><a class=\"bb-link\" href=\"https:\/\/nordvallsetikett.com\/sv\/blogg\/darfor-valjer-vi-flaskan-med-snyggast-etikett\/\" title=\"D\u00e4rf\u00f6r v\u00e4ljer vi flaskan med snyggast etikett\" ><\/a>\n<\/div><\/div><div class=\"ult-item-wrap\" data-animation=\"animated no-animation\">\n<div tabindex=\"0\" id=\"interactive-banner-1-wrap-1241\" class=\"ult-banner-block ult-adjust-bottom-margin ult-bb-box ult-banner-block-custom-height banner-style01 \"   style=\"height:250px;\">\n\t<img decoding=\"async\" src=\"https:\/\/nordvallsetikett.com\/wp-content\/uploads\/2021\/12\/191121_nordvalls2708-scaled.jpg\" alt=\"Personal p\u00e5 Nordvalls\">\n\t<h3  data-ultimate-target='#interactive-banner-1-wrap-1241 .bb-top-title '  data-responsive-json-new='{\"font-size\":\"\",\"line-height\":\"\"}'  class=\"title-center bb-top-title ult-responsive\" style=\"font-weight:normal;background:#1e73be;color:#ffffff;\">Skapa etikett som sticker ut<\/h3>\n\t<div class=\"mask opaque-background\" style=\"background:;\">\n\t\t<div  data-ultimate-target='#interactive-banner-1-wrap-1241 .bb-description'  data-responsive-json-new='{\"font-size\":\"\",\"line-height\":\"\"}'  class=\"bb-description ult-responsive\" style=\"font-weight:normal;color:#ffffff;\">Tre anst\u00e4llda fr\u00e5n tre olika avdelningar ger sina \u00e5sikter p\u00e5 hur man skapar en etikett som sticker ut. Ska den vara 'wild and crazy'? Eller ska man satsa p\u00e5 'less is more'?<\/div>\n\t<\/div><a class=\"bb-link\" href=\"https:\/\/nordvallsetikett.com\/sv\/blogg\/tre-tips-for-att-skapa-en-etikett-som-sticker-ut\/\" title=\"Tre tips f\u00f6r att skapa en etikett som sticker ut\" ><\/a>\n<\/div><\/div><div class=\"ult-item-wrap\" data-animation=\"animated no-animation\">\n<div tabindex=\"0\" id=\"interactive-banner-1-wrap-4906\" class=\"ult-banner-block ult-adjust-bottom-margin ult-bb-box ult-banner-block-custom-height banner-style01 \"   style=\"height:250px;\">\n\t<img decoding=\"async\" src=\"https:\/\/nordvallsetikett.com\/wp-content\/uploads\/2022\/02\/210413_nordvalls_stilleben_0030-2-scaled.jpg\" alt=\"egendesignade etiketter\">\n\t<h3  data-ultimate-target='#interactive-banner-1-wrap-4906 .bb-top-title '  data-responsive-json-new='{\"font-size\":\"\",\"line-height\":\"\"}'  class=\"title-center bb-top-title ult-responsive\" style=\"font-weight:normal;background:#1e73be;color:#ffffff;\">Artwork<\/h3>\n\t<div class=\"mask opaque-background\" style=\"background:;\">\n\t\t<div  data-ultimate-target='#interactive-banner-1-wrap-4906 .bb-description'  data-responsive-json-new='{\"font-size\":\"\",\"line-height\":\"\"}'  class=\"bb-description ult-responsive\" style=\"font-weight:normal;color:#ffffff;\">Nordvalls noggranna kontroller f\u00f6r att underlaget ska mynna ut i en h\u00f6gkvalitativ etikett. Men h\u00e4r \u00e4r n\u00e5gra saker som \u00e4r bra att komma ih\u00e5g innan materialet skickas in.<\/div>\n\t<\/div><a class=\"bb-link\" href=\"https:\/\/nordvallsetikett.com\/sv\/blogg\/egendesignade-etiketter-tank-pa-det-har-innan-du-skickar-in-ert-artwork\/\" title=\"Egendesignade etiketter\" ><\/a>\n<\/div><\/div><\/div><\/div>\t\t\t<script type=\"text\/javascript\">\n\t\t\t\tjQuery(document).ready(function ($) {\n\t\t\t\t\tif( typeof jQuery('.ult-carousel-367592006769e7adfdba9c8').slick == \"function\"){\n\t\t\t\t\t\t$('.ult-carousel-367592006769e7adfdba9c8').slick({dots: true,autoplay: true,autoplaySpeed: \"5000\",speed: \"300\",infinite: true,arrows: true,nextArrow: '<button type=\"button\" role=\"button\" aria-label=\"Next\" style=\"color:#333333; font-size:20px;\" class=\"slick-next default\"><i class=\"ultsl-arrow-right4\"><\/i><\/button>',prevArrow: '<button type=\"button\" role=\"button\" aria-label=\"Previous\" style=\"color:#333333; font-size:20px;\" class=\"slick-prev default\"><i class=\"ultsl-arrow-left4\"><\/i><\/button>',slidesToScroll:3,slidesToShow:3,swipe: true,draggable: true,touchMove: true,pauseOnHover: true,pauseOnFocus: false,centerMode: true,responsive: [\n\t\t\t\t\t\t\t{\n\t\t\t\t\t\t\t  breakpoint: 1026,\n\t\t\t\t\t\t\t  settings: {\n\t\t\t\t\t\t\t\tslidesToShow: 3,\n\t\t\t\t\t\t\t\tslidesToScroll: 3,  \n\t\t\t\t\t\t\t  }\n\t\t\t\t\t\t\t},\n\t\t\t\t\t\t\t{\n\t\t\t\t\t\t\t  breakpoint: 1025,\n\t\t\t\t\t\t\t  settings: {\n\t\t\t\t\t\t\t\tslidesToShow: 3,\n\t\t\t\t\t\t\t\tslidesToScroll: 3\n\t\t\t\t\t\t\t  }\n\t\t\t\t\t\t\t},\n\t\t\t\t\t\t\t{\n\t\t\t\t\t\t\t  breakpoint: 760,\n\t\t\t\t\t\t\t  settings: {\n\t\t\t\t\t\t\t\tslidesToShow: 1,\n\t\t\t\t\t\t\t\tslidesToScroll: 1\n\t\t\t\t\t\t\t  }\n\t\t\t\t\t\t\t}\n\t\t\t\t\t\t],pauseOnDotsHover: true,customPaging: function(slider, i) {\n                   return '<i type=\"button\" style= \"color:#333333;\" class=\"ultsl-record\" data-role=\"none\"><\/i>';\n                },});\n\t\t\t\t\t}\n\t\t\t\t});\n\t\t\t<\/script>\n\t\t\t<div class=\"ult-spacer spacer-69e7adfdbb475\" data-id=\"69e7adfdbb475\" data-height=\"40\" data-height-mobile=\"40\" data-height-tab=\"40\" data-height-tab-portrait=\"\" data-height-mobile-landscape=\"\" style=\"clear:both;display:block;\"><\/div>[\/vc_column][\/vc_row][vc_row bg_type=&raquo;image&raquo; parallax_style=&raquo;vcpb-vz-jquery&raquo; bg_image_new=&raquo;id^2887|url^http:\/\/nordvalls.se\/wp-content\/uploads\/2019\/12\/191121_nordvalls2839.jpg|caption^Vid fr\u00e5gor om bilden, mejla: erika.weiland@apeloga.se|alt^null|title^Vid fr\u00e5gor om bilden, mejla: erika.weiland@apeloga.se|description^null&raquo; bg_image_repeat=&raquo;no-repeat&raquo; bg_override=&raquo;full&raquo; disable_on_mobile_img_parallax=&raquo;disable_on_mobile_img_parallax_value&raquo; fadeout_row=&raquo;fadeout_row_value&raquo; fadeout_start_effect=&raquo;30&#8243; enable_overlay=&raquo;enable_overlay_value&raquo; overlay_color=&raquo;rgba(38,45,55,0.5)&raquo;][vc_column css=&raquo;.vc_custom_1560418610056{padding-top: 150px !important;padding-bottom: 150px !important;}&raquo; offset=&raquo;vc_col-lg-offset-2 vc_col-lg-8&#8243;]<div id=\"ultimate-heading-122169e7adfdbb4e7\" class=\"uvc-heading ult-adjust-bottom-margin ultimate-heading-122169e7adfdbb4e7 uvc-1643 \" data-hspacer=\"no_spacer\"  data-halign=\"center\" style=\"text-align:center\"><div class=\"uvc-heading-spacer no_spacer\" style=\"top\"><\/div><div class=\"uvc-main-heading ult-responsive\"  data-ultimate-target='.uvc-heading.ultimate-heading-122169e7adfdbb4e7 h3'  data-responsive-json-new='{\"font-size\":\"desktop:25px;\",\"line-height\":\"\"}' ><h3 style=\"font-weight:bold;color:#ffffff;margin-bottom:15px;\">Finner du ikke det du leter etter?<\/h3><\/div><div class=\"uvc-sub-heading ult-responsive\"  data-ultimate-target='.uvc-heading.ultimate-heading-122169e7adfdbb4e7 .uvc-sub-heading '  data-responsive-json-new='{\"font-size\":\"desktop:20px;\",\"line-height\":\"desktop:34px;\"}'  style=\"font-weight:bold;color:#ffffff;margin-bottom:20px;\"><span style=\"font-weight: 400;\">\u00a0Ta gjerne kontakt med v\u00e5r kundest\u00f8tte. De hjelper deg med \u00e5 finne riktig etikett.<\/span><\/div><\/div><style type=\"text\/css\" data-type=\"the7_shortcodes-inline-css\">#default-btn-19290666cb59604b939053c631179701.ico-right-side > i {\n  margin-right: 0px;\n  margin-left: 8px;\n}\n#default-btn-19290666cb59604b939053c631179701 > i {\n  margin-right: 8px;\n}<\/style><div class=\"btn-align-center\"><a href=\"https:\/\/nordvallsetikett.com\/no\/foresporsel\/\" class=\"default-btn-shortcode dt-btn dt-btn-l link-hover-off \" id=\"default-btn-19290666cb59604b939053c631179701\" style=\"width:400px;\"><span>Kontakt Nordvalls kundest\u00f8tte<\/span><\/a><\/div>[\/vc_column][\/vc_row][vc_column][\/vc_column][vc_column][\/vc_column]<\/p>\n<p>[vc_row full_width=&raquo;stretch_row_content&raquo; content_placement=&raquo;middle&raquo;][vc_column offset=&raquo;vc_hidden-sm vc_col-xs-12 vc_hidden-xs&raquo;][vc_separator color=&raquo;black&raquo; css=&raquo;&raquo;][vc_row_inner equal_height=&raquo;yes&raquo; content_placement=&raquo;middle&raquo;][vc_column_inner width=&raquo;1\/5&#8243;][vc_single_image image=&raquo;10647&#8243; img_size=&raquo;80&#215;80&#8243; alignment=&raquo;center&raquo; css=&raquo;&raquo; image_hovers=&raquo;false&raquo;][\/vc_column_inner][vc_column_inner width=&raquo;1\/5&#8243; offset=&raquo;vc_hidden-sm vc_hidden-xs&raquo;][\/vc_column_inner][vc_column_inner width=&raquo;1\/5&#8243; offset=&raquo;vc_hidden-sm vc_hidden-xs&raquo;][\/vc_column_inner][vc_column_inner width=&raquo;1\/5&#8243; offset=&raquo;vc_hidden-sm vc_hidden-xs&raquo;][\/vc_column_inner][vc_column_inner width=&raquo;1\/5&#8243;][vc_single_image image=&raquo;10652&#8243; img_size=&raquo;medium&raquo; alignment=&raquo;center&raquo; css=&raquo;&raquo; image_hovers=&raquo;false&raquo;][\/vc_column_inner][\/vc_row_inner]<div class=\"ult-spacer spacer-69e7adfdbb5f7\" data-id=\"69e7adfdbb5f7\" data-height=\"\" data-height-mobile=\"10\" data-height-tab=\"\" data-height-tab-portrait=\"\" data-height-mobile-landscape=\"10\" style=\"clear:both;display:block;\"><\/div>[\/vc_column][\/vc_row][vc_row full_width=&raquo;stretch_row_content&raquo; content_placement=&raquo;middle&raquo;][vc_column offset=&raquo;vc_hidden-lg vc_hidden-md vc_col-xs-12&#8243;][vc_separator color=&raquo;black&raquo; css=&raquo;&raquo;][vc_row_inner equal_height=&raquo;yes&raquo; content_placement=&raquo;middle&raquo;][vc_column_inner][vc_single_image image=&raquo;10920&#8243; img_size=&raquo;340&#215;80&#8243; alignment=&raquo;center&raquo; css=&raquo;&raquo; image_hovers=&raquo;false&raquo;][\/vc_column_inner][\/vc_row_inner][\/vc_column][\/vc_row]<\/p>\n<\/div>","protected":false},"excerpt":{"rendered":"<p>[vc_row][vc_column][vc_row_inner content_placement=&raquo;middle&raquo;][vc_column_inner width=&raquo;1\/2&#8243;][vc_column_text css=&raquo;&raquo;] Fargeetiketter og etiketter i flere farger Flerfargede etiketter er et vanlig oppdrag for oss i Nordvalls. Med ekspertise innen flere forskjellige trykketeknikker vet vi hva som kreves for \u00e5 oppn\u00e5 \u00f8nsket sluttresultat. Farge er en viktig komponent i en profesjonelt trykt etikett, og trykkpressene v\u00e5re h\u00e5ndterer mange forskjellige farger og lakktyper.&hellip;<\/p>\n","protected":false},"author":1,"featured_media":0,"parent":8519,"menu_order":0,"comment_status":"closed","ping_status":"closed","template":"","meta":{"footnotes":""},"class_list":["post-8533","page","type-page","status-publish","hentry","description-off"],"_links":{"self":[{"href":"https:\/\/nordvallsetikett.com\/no\/wp-json\/wp\/v2\/pages\/8533","targetHints":{"allow":["GET"]}}],"collection":[{"href":"https:\/\/nordvallsetikett.com\/no\/wp-json\/wp\/v2\/pages"}],"about":[{"href":"https:\/\/nordvallsetikett.com\/no\/wp-json\/wp\/v2\/types\/page"}],"author":[{"embeddable":true,"href":"https:\/\/nordvallsetikett.com\/no\/wp-json\/wp\/v2\/users\/1"}],"replies":[{"embeddable":true,"href":"https:\/\/nordvallsetikett.com\/no\/wp-json\/wp\/v2\/comments?post=8533"}],"version-history":[{"count":10,"href":"https:\/\/nordvallsetikett.com\/no\/wp-json\/wp\/v2\/pages\/8533\/revisions"}],"predecessor-version":[{"id":11021,"href":"https:\/\/nordvallsetikett.com\/no\/wp-json\/wp\/v2\/pages\/8533\/revisions\/11021"}],"up":[{"embeddable":true,"href":"https:\/\/nordvallsetikett.com\/no\/wp-json\/wp\/v2\/pages\/8519"}],"wp:attachment":[{"href":"https:\/\/nordvallsetikett.com\/no\/wp-json\/wp\/v2\/media?parent=8533"}],"curies":[{"name":"wp","href":"https:\/\/api.w.org\/{rel}","templated":true}]}}