{"id":8557,"date":"2024-05-30T07:39:36","date_gmt":"2024-05-30T07:39:36","guid":{"rendered":"https:\/\/nordvallsetikett.com\/nordvalls-etikett\/om-nordvalls\/jobbe-hos-nordvalls\/"},"modified":"2026-04-20T12:27:16","modified_gmt":"2026-04-20T12:27:16","slug":"jobbe-hos-nordvalls","status":"publish","type":"page","link":"https:\/\/nordvallsetikett.com\/no\/nordvalls-etikett\/om-nordvalls\/jobbe-hos-nordvalls\/","title":{"rendered":"Jobbe hos Nordvalls"},"content":{"rendered":"<div class=\"wpb-content-wrapper\"><p>[vc_row content_placement=&raquo;middle&raquo;][vc_column width=&raquo;1\/2&#8243;][vc_column_text css=&raquo;.vc_custom_1696587898787{margin-bottom: 20px !important;}&raquo;]<\/p>\n<h3 class=\"p1\"><span class=\"s1\">Din vilje til utvikling betyr mest <\/span><\/h3>\n<p>Nordvalls har over 200 medarbeidere med ulik bakgrunn og erfaring. N\u00e5r vi s\u00f8ker etter nye medarbeidere, ser vi alltid f\u00f8rst og fremst etter fremoverlente og l\u00e6revillige mennesker. Et trykkeri er en allsidig virksomhet som forutsetter at mennesker med ulike typer kompetanse og ekspertise samarbeider for \u00e5 oppn\u00e5 et vellykket resultat. Derfor er din vilje til \u00e5 utvikle deg, \u00e5 l\u00e6re noe nytt og \u00e5 l\u00e6re mer, av st\u00f8rste betydning for oss n\u00e5r vi rekrutterer.[\/vc_column_text][\/vc_column][vc_column width=&raquo;1\/2&#8243;]<div class=\"ult-spacer spacer-6a034be1e1884\" data-id=\"6a034be1e1884\" data-height=\"\" data-height-mobile=\"50\" data-height-tab=\"50\" data-height-tab-portrait=\"50\" data-height-mobile-landscape=\"50\" style=\"clear:both;display:block;\"><\/div><style type=\"text\/css\" data-type=\"the7_shortcodes-inline-css\">.shortcode-single-image-wrap.shortcode-single-image-f94393942cd4d3b87f344da0ff1857c2.enable-bg-rollover .rollover i,\n.shortcode-single-image-wrap.shortcode-single-image-f94393942cd4d3b87f344da0ff1857c2.enable-bg-rollover .rollover-video i {\n  background: -webkit-linear-gradient();\n  background: linear-gradient();\n}\n.shortcode-single-image-wrap.shortcode-single-image-f94393942cd4d3b87f344da0ff1857c2 .rollover-icon {\n  font-size: 32px;\n  color: #ffffff;\n  min-width: 44px;\n  min-height: 44px;\n  line-height: 44px;\n  border-radius: 100px;\n  border-style: solid;\n  border-width: 0px;\n}\n.dt-icon-bg-on.shortcode-single-image-wrap.shortcode-single-image-f94393942cd4d3b87f344da0ff1857c2 .rollover-icon {\n  background: rgba(255,255,255,0.3);\n  box-shadow: none;\n}<\/style><div class=\"shortcode-single-image-wrap shortcode-single-image-f94393942cd4d3b87f344da0ff1857c2 alignnone  enable-bg-rollover dt-icon-bg-off\" style=\"margin-top:0px; margin-bottom:0px; margin-left:0px; margin-right:0px; width:500px;\"><div class=\"shortcode-single-image\"><div class=\"fancy-media-wrap  layzr-bg\" style=\"border-radius:40px;\"><img fetchpriority=\"high\" decoding=\"async\" class=\"preload-me lazy-load aspect\" src=\"data:image\/svg+xml,%3Csvg%20xmlns%3D&#39;http%3A%2F%2Fwww.w3.org%2F2000%2Fsvg&#39;%20viewBox%3D&#39;0%200%20500%20333&#39;%2F%3E\" data-src=\"https:\/\/nordvallsetikett.com\/wp-content\/uploads\/2019\/12\/191121_nordvalls2694-500x333.jpg\" data-srcset=\"https:\/\/nordvallsetikett.com\/wp-content\/uploads\/2019\/12\/191121_nordvalls2694-500x333.jpg 500w, https:\/\/nordvallsetikett.com\/wp-content\/uploads\/2019\/12\/191121_nordvalls2694-1000x666.jpg 1000w\" loading=\"eager\" sizes=\"(max-width: 500px) 100vw, 500px\" width=\"500\" height=\"333\"  data-dt-location=\"https:\/\/nordvallsetikett.com\/no\/nyheter\/forst-i-skandinavien-med-hp-v12\/attachment\/vid-fragor-om-bilden-mejla-erika-weilandapeloga-se-9\/\" style=\"--ratio: 500 \/ 333;border-radius:40px;\" alt=\"\" \/><\/div><\/div><\/div>[\/vc_column][\/vc_row][vc_row full_width=&raquo;stretch_row&raquo; css=&raquo;.vc_custom_1580392033108{margin-top: 40px !important;}&raquo;][vc_column]<div class=\"ult-spacer spacer-6a034be1e3304\" data-id=\"6a034be1e3304\" data-height=\"50\" data-height-mobile=\"30\" data-height-tab=\"\" data-height-tab-portrait=\"\" data-height-mobile-landscape=\"\" style=\"clear:both;display:block;\"><\/div>[\/vc_column][\/vc_row][vc_row][vc_column width=&raquo;1\/2&#8243;][vc_column_text]<\/p>\n<h3>Ledige stillinger<\/h3>\n<p>[\/vc_column_text]<div class=\"ult-spacer spacer-6a034be1e333e\" data-id=\"6a034be1e333e\" data-height=\"50\" data-height-mobile=\"30\" data-height-tab=\"\" data-height-tab-portrait=\"\" data-height-mobile-landscape=\"\" style=\"clear:both;display:block;\"><\/div>[vc_column_text css=&raquo;&raquo;]Trykker til Trondheim \u2013 send s\u00f8knad til <a href=\"mailto:jostein.saeter@nordvalls.no\">Jostein S\u00e6ter<\/a>.[\/vc_column_text]<div class=\"ult-spacer spacer-6a034be1e336e\" data-id=\"6a034be1e336e\" data-height=\"50\" data-height-mobile=\"30\" data-height-tab=\"\" data-height-tab-portrait=\"\" data-height-mobile-landscape=\"\" style=\"clear:both;display:block;\"><\/div>[\/vc_column][vc_column width=&raquo;1\/2&#8243;][vc_row_inner][vc_column_inner width=&raquo;1\/2&#8243;][vc_column_text css=&raquo;.vc_custom_1776688020530{margin-bottom: 10px !important;}&raquo;]<\/p>\n<h3>Send en \u00e5pen s\u00f8knad til Nordvalls<\/h3>\n<p>Finner du ikke en ledig stilling og \u00f8nsker \u00e5 s\u00f8ke spontant?<br \/>\nVi g\u00e5r fortl\u00f8pende gjennom innkomne spontane s\u00f8knader og kommer tilbake til deg dersom vi har en stilling som matcher dine \u00f8nsker.<\/p>\n<p>Send gjerne CV og f\u00f8lgebrev til <a href=\"mailto:jostein.saeter@nordvalls.no\" data-type=\"link\" data-id=\"jostein.saeter@lexitlabels.no\">jostein.saeter@nordvalls.no<\/a><\/p>\n<p>Vennligst skriv &laquo;spontans\u00f8knad&raquo; i emnefeltet.[\/vc_column_text][\/vc_column_inner][vc_column_inner width=&raquo;1\/2&#8243;]<style type=\"text\/css\" data-type=\"the7_shortcodes-inline-css\">.shortcode-single-image-wrap.shortcode-single-image-33acb99a2bdd589c5e141752fcbe144d.enable-bg-rollover .rollover i,\n.shortcode-single-image-wrap.shortcode-single-image-33acb99a2bdd589c5e141752fcbe144d.enable-bg-rollover .rollover-video i {\n  background: -webkit-linear-gradient();\n  background: linear-gradient();\n}\n.shortcode-single-image-wrap.shortcode-single-image-33acb99a2bdd589c5e141752fcbe144d .rollover-icon {\n  font-size: 32px;\n  color: #ffffff;\n  min-width: 44px;\n  min-height: 44px;\n  line-height: 44px;\n  border-radius: 100px;\n  border-style: solid;\n  border-width: 0px;\n}\n.dt-icon-bg-on.shortcode-single-image-wrap.shortcode-single-image-33acb99a2bdd589c5e141752fcbe144d .rollover-icon {\n  background: rgba(255,255,255,0.3);\n  box-shadow: none;\n}<\/style><div class=\"shortcode-single-image-wrap shortcode-single-image-33acb99a2bdd589c5e141752fcbe144d alignnone  vc_custom_1763047017658 enable-bg-rollover dt-icon-bg-off\" ><div class=\"shortcode-single-image\"><div class=\"fancy-media-wrap  layzr-bg\" style=\"border-radius:40px;\"><img decoding=\"async\" class=\"preload-me lazy-load aspect\" src=\"data:image\/svg+xml,%3Csvg%20xmlns%3D&#39;http%3A%2F%2Fwww.w3.org%2F2000%2Fsvg&#39;%20viewBox%3D&#39;0%200%20200%20200&#39;%2F%3E\" data-src=\"https:\/\/nordvallsetikett.com\/wp-content\/uploads\/2024\/01\/JOSTEIN-web-200x200.jpg\" data-srcset=\"https:\/\/nordvallsetikett.com\/wp-content\/uploads\/2024\/01\/JOSTEIN-web-200x200.jpg 200w, https:\/\/nordvallsetikett.com\/wp-content\/uploads\/2024\/01\/JOSTEIN-web-400x400.jpg 400w\" loading=\"eager\" sizes=\"(max-width: 200px) 100vw, 200px\" width=\"200\" height=\"200\"  data-dt-location=\"https:\/\/nordvallsetikett.com\/no\/dt_team\/jostein-saeter\/attachment\/jostein-web\/\" style=\"--ratio: 200 \/ 200;border-radius:40px;\" alt=\"\" \/><\/div><\/div><\/div>[vc_column_text css=&raquo;&raquo;]<\/p>\n<p style=\"text-align: center;\"><strong>Jostein S\u00e6ter<\/strong><\/p>\n<p style=\"text-align: center;\"><strong>Salgssjef<\/strong><\/p>\n<p style=\"text-align: center;\"><a href=\"mailto:jostein.saeter@nordvalls.no\" data-type=\"link\" data-id=\"jostein.saeter@lexitlabels.no\">jostein.saeter@nordvalls.no<\/a><\/p>\n<p style=\"text-align: center;\"><a href=\"tel: +47 902 06 948\">+47 902 06 948<\/a><\/p>\n<p>[\/vc_column_text][\/vc_column_inner][\/vc_row_inner]<div class=\"ult-spacer spacer-6a034be1e42c4\" data-id=\"6a034be1e42c4\" data-height=\"50\" data-height-mobile=\"30\" data-height-tab=\"\" data-height-tab-portrait=\"\" data-height-mobile-landscape=\"\" style=\"clear:both;display:block;\"><\/div>[\/vc_column][\/vc_row][vc_row full_width=&raquo;stretch_row&raquo; css=&raquo;.vc_custom_1580392033108{margin-top: 40px !important;}&raquo;][vc_column]<div class=\"ult-spacer spacer-6a034be1e42f9\" data-id=\"6a034be1e42f9\" data-height=\"50\" data-height-mobile=\"30\" data-height-tab=\"\" data-height-tab-portrait=\"\" data-height-mobile-landscape=\"\" style=\"clear:both;display:block;\"><\/div>[\/vc_column][\/vc_row][vc_row content_placement=&raquo;middle&raquo;][vc_column width=&raquo;1\/2&#8243;]<style type=\"text\/css\" data-type=\"the7_shortcodes-inline-css\">.shortcode-single-image-wrap.shortcode-single-image-e3ccb67a2ff12aa8c82ef30a27120d62.enable-bg-rollover .rollover i,\n.shortcode-single-image-wrap.shortcode-single-image-e3ccb67a2ff12aa8c82ef30a27120d62.enable-bg-rollover .rollover-video i {\n  background: -webkit-linear-gradient();\n  background: linear-gradient();\n}\n.shortcode-single-image-wrap.shortcode-single-image-e3ccb67a2ff12aa8c82ef30a27120d62 .rollover-icon {\n  font-size: 32px;\n  color: #ffffff;\n  min-width: 44px;\n  min-height: 44px;\n  line-height: 44px;\n  border-radius: 100px;\n  border-style: solid;\n  border-width: 0px;\n}\n.dt-icon-bg-on.shortcode-single-image-wrap.shortcode-single-image-e3ccb67a2ff12aa8c82ef30a27120d62 .rollover-icon {\n  background: rgba(255,255,255,0.3);\n  box-shadow: none;\n}<\/style><div class=\"shortcode-single-image-wrap shortcode-single-image-e3ccb67a2ff12aa8c82ef30a27120d62 alignnone  enable-bg-rollover dt-icon-bg-off\" style=\"margin-top:0px; margin-bottom:0px; margin-left:0px; margin-right:0px; width:500px;\"><div class=\"shortcode-single-image\"><div class=\"fancy-media-wrap  layzr-bg\" style=\"border-radius:40px;\"><img decoding=\"async\" class=\"preload-me lazy-load aspect\" src=\"data:image\/svg+xml,%3Csvg%20xmlns%3D&#39;http%3A%2F%2Fwww.w3.org%2F2000%2Fsvg&#39;%20viewBox%3D&#39;0%200%20500%20333&#39;%2F%3E\" data-src=\"https:\/\/nordvallsetikett.com\/wp-content\/uploads\/2021\/04\/Digitaltryck-eller-flexotryck-vilken-tryckteknik-ska-jag-va\u0308lja_-500x333.jpg\" data-srcset=\"https:\/\/nordvallsetikett.com\/wp-content\/uploads\/2021\/04\/Digitaltryck-eller-flexotryck-vilken-tryckteknik-ska-jag-va\u0308lja_-500x333.jpg 500w, https:\/\/nordvallsetikett.com\/wp-content\/uploads\/2021\/04\/Digitaltryck-eller-flexotryck-vilken-tryckteknik-ska-jag-va\u0308lja_-1000x666.jpg 1000w\" loading=\"eager\" sizes=\"(max-width: 500px) 100vw, 500px\" width=\"500\" height=\"333\"  data-dt-location=\"https:\/\/nordvallsetikett.com\/no\/blogg\/digitaltryck-eller-flexotryck-vilken-tryckteknik-ska-jag-valja\/attachment\/vid-fragor-om-bilden-skriv-till-christian-anderssonapeloga-se-62\/\" style=\"--ratio: 500 \/ 333;border-radius:40px;\" alt=\"Nordvalls Etikett\" \/><\/div><\/div><\/div><div class=\"ult-spacer spacer-6a034be1e5a0b\" data-id=\"6a034be1e5a0b\" data-height=\"\" data-height-mobile=\"50\" data-height-tab=\"50\" data-height-tab-portrait=\"50\" data-height-mobile-landscape=\"50\" style=\"clear:both;display:block;\"><\/div>[\/vc_column][vc_column width=&raquo;1\/2&#8243;][vc_column_text css=&raquo;.vc_custom_1622640324716{margin-bottom: 20px !important;}&raquo;]<\/p>\n<h3>Ikke bare trykkere hos Nordvalls<\/h3>\n<p>Hos Nordvalls s\u00f8ker vi vanligvis etter grafiske operat\u00f8rer, trykkere, som kan h\u00e5ndtere ulike typer trykkpresser. Det hender ogs\u00e5 at vi er ute etter medarbeidere innen trykkerist\u00f8tte, som kan bist\u00e5 og hjelpe grafiske operat\u00f8rer i arbeidet med og rundt trykkpressen. Fra tid til annen s\u00f8ker vi etter medarbeidere til andre funksjoner som ogs\u00e5 inng\u00e5r i trykkerivirksomheten v\u00e5r. Du kan sende oss en \u00e5pen s\u00f8knad merket \u201d\u00c5pen s\u00f8knad Nordvalls\u201d, s\u00e5 tar vi kontakt hvis vi tror vi har noe \u00e5 tilby.<\/p>\n<p>Aktuelle ledige stillinger finner du alltid p\u00e5 denne siden.[\/vc_column_text][\/vc_column][\/vc_row][vc_row full_width=&raquo;stretch_row_content&raquo; content_placement=&raquo;middle&raquo;][vc_column offset=&raquo;vc_hidden-sm vc_col-xs-12 vc_hidden-xs&raquo;]<div class=\"ult-spacer spacer-6a034be1e5a44\" data-id=\"6a034be1e5a44\" data-height=\"50\" data-height-mobile=\"30\" data-height-tab=\"\" data-height-tab-portrait=\"\" data-height-mobile-landscape=\"\" style=\"clear:both;display:block;\"><\/div>[vc_separator color=&raquo;black&raquo; css=&raquo;&raquo;][vc_row_inner equal_height=&raquo;yes&raquo; content_placement=&raquo;middle&raquo;][vc_column_inner width=&raquo;1\/5&#8243;][vc_single_image image=&raquo;10647&#8243; img_size=&raquo;80&#215;80&#8243; alignment=&raquo;center&raquo; css=&raquo;&raquo; image_hovers=&raquo;false&raquo;][\/vc_column_inner][vc_column_inner width=&raquo;1\/5&#8243; offset=&raquo;vc_hidden-sm vc_hidden-xs&raquo;][\/vc_column_inner][vc_column_inner width=&raquo;1\/5&#8243; offset=&raquo;vc_hidden-sm vc_hidden-xs&raquo;][\/vc_column_inner][vc_column_inner width=&raquo;1\/5&#8243; offset=&raquo;vc_hidden-sm vc_hidden-xs&raquo;][\/vc_column_inner][vc_column_inner width=&raquo;1\/5&#8243;][vc_single_image image=&raquo;10652&#8243; img_size=&raquo;medium&raquo; alignment=&raquo;center&raquo; css=&raquo;&raquo; image_hovers=&raquo;false&raquo;][\/vc_column_inner][\/vc_row_inner]<div class=\"ult-spacer spacer-6a034be1e5a74\" data-id=\"6a034be1e5a74\" data-height=\"\" data-height-mobile=\"10\" data-height-tab=\"\" data-height-tab-portrait=\"\" data-height-mobile-landscape=\"10\" style=\"clear:both;display:block;\"><\/div>[\/vc_column][\/vc_row][vc_row full_width=&raquo;stretch_row_content&raquo; content_placement=&raquo;middle&raquo;][vc_column offset=&raquo;vc_hidden-lg vc_hidden-md vc_col-xs-12&#8243;][vc_separator color=&raquo;black&raquo; css=&raquo;&raquo;][vc_row_inner equal_height=&raquo;yes&raquo; content_placement=&raquo;middle&raquo;][vc_column_inner][vc_single_image image=&raquo;10920&#8243; img_size=&raquo;340&#215;80&#8243; alignment=&raquo;center&raquo; css=&raquo;&raquo; image_hovers=&raquo;false&raquo;][\/vc_column_inner][\/vc_row_inner][\/vc_column][\/vc_row]<\/p>\n<\/div>","protected":false},"excerpt":{"rendered":"<p>[vc_row content_placement=&raquo;middle&raquo;][vc_column width=&raquo;1\/2&#8243;][vc_column_text css=&raquo;.vc_custom_1696587898787{margin-bottom: 20px !important;}&raquo;] Din vilje til utvikling betyr mest Nordvalls har over 200 medarbeidere med ulik bakgrunn og erfaring. N\u00e5r vi s\u00f8ker etter nye medarbeidere, ser vi alltid f\u00f8rst og fremst etter fremoverlente og l\u00e6revillige mennesker. Et trykkeri er en allsidig virksomhet som forutsetter at mennesker med ulike typer kompetanse og ekspertise&hellip;<\/p>\n","protected":false},"author":1,"featured_media":0,"parent":8537,"menu_order":0,"comment_status":"closed","ping_status":"closed","template":"","meta":{"footnotes":""},"class_list":["post-8557","page","type-page","status-publish","hentry","description-off"],"_links":{"self":[{"href":"https:\/\/nordvallsetikett.com\/no\/wp-json\/wp\/v2\/pages\/8557","targetHints":{"allow":["GET"]}}],"collection":[{"href":"https:\/\/nordvallsetikett.com\/no\/wp-json\/wp\/v2\/pages"}],"about":[{"href":"https:\/\/nordvallsetikett.com\/no\/wp-json\/wp\/v2\/types\/page"}],"author":[{"embeddable":true,"href":"https:\/\/nordvallsetikett.com\/no\/wp-json\/wp\/v2\/users\/1"}],"replies":[{"embeddable":true,"href":"https:\/\/nordvallsetikett.com\/no\/wp-json\/wp\/v2\/comments?post=8557"}],"version-history":[{"count":13,"href":"https:\/\/nordvallsetikett.com\/no\/wp-json\/wp\/v2\/pages\/8557\/revisions"}],"predecessor-version":[{"id":11857,"href":"https:\/\/nordvallsetikett.com\/no\/wp-json\/wp\/v2\/pages\/8557\/revisions\/11857"}],"up":[{"embeddable":true,"href":"https:\/\/nordvallsetikett.com\/no\/wp-json\/wp\/v2\/pages\/8537"}],"wp:attachment":[{"href":"https:\/\/nordvallsetikett.com\/no\/wp-json\/wp\/v2\/media?parent=8557"}],"curies":[{"name":"wp","href":"https:\/\/api.w.org\/{rel}","templated":true}]}}