{"id":8561,"date":"2024-05-30T07:39:38","date_gmt":"2024-05-30T07:39:38","guid":{"rendered":"https:\/\/nordvallsetikett.com\/nordvalls-etikett\/om-nordvalls\/visjon-og-forretningside\/"},"modified":"2025-10-31T14:46:28","modified_gmt":"2025-10-31T14:46:28","slug":"visjon-og-forretningside","status":"publish","type":"page","link":"https:\/\/nordvallsetikett.com\/no\/nordvalls-etikett\/om-nordvalls\/visjon-og-forretningside\/","title":{"rendered":"Visjon og forretningsid\u00e9"},"content":{"rendered":"<div class=\"wpb-content-wrapper\"><p>[vc_row content_placement=&raquo;middle&raquo;][vc_column width=&raquo;1\/2&#8243;][vc_column_text]<\/p>\n<h2>Nordvalls \u2013 etiketter for alle<\/h2>\n<p>Nordvalls har som m\u00e5l \u00e5 v\u00e6re den ledende etikettleverand\u00f8ren. Gjennom et tett samarbeid med kundene v\u00e5re tilbyr vi smarte etikettl\u00f8sninger, fra id\u00e9 til ferdig produkt. Som det brede og heldekkende trykkeriet vi er, \u00f8nsker vi \u00e5 v\u00e6re med p\u00e5 \u00e5 forme dagens og morgendagens etikett- og emballasjel\u00f8sninger. Med engasjerte medarbeidere som tenker fremover og brenner for arbeidet sitt, trykker vi etiketter for alle, i dag og i fremtiden.[\/vc_column_text][\/vc_column][vc_column width=&raquo;1\/2&#8243;]<div class=\"ult-spacer spacer-6a035c6065043\" data-id=\"6a035c6065043\" data-height=\"\" data-height-mobile=\"50\" data-height-tab=\"50\" data-height-tab-portrait=\"50\" data-height-mobile-landscape=\"50\" style=\"clear:both;display:block;\"><\/div><style type=\"text\/css\" data-type=\"the7_shortcodes-inline-css\">.shortcode-single-image-wrap.shortcode-single-image-0255e2f716767bd94933308e08b2f995.enable-bg-rollover .rollover i,\n.shortcode-single-image-wrap.shortcode-single-image-0255e2f716767bd94933308e08b2f995.enable-bg-rollover .rollover-video i {\n  background: -webkit-linear-gradient();\n  background: linear-gradient();\n}\n.shortcode-single-image-wrap.shortcode-single-image-0255e2f716767bd94933308e08b2f995 .rollover-icon {\n  font-size: 32px;\n  color: #ffffff;\n  min-width: 44px;\n  min-height: 44px;\n  line-height: 44px;\n  border-radius: 100px;\n  border-style: solid;\n  border-width: 0px;\n}\n.dt-icon-bg-on.shortcode-single-image-wrap.shortcode-single-image-0255e2f716767bd94933308e08b2f995 .rollover-icon {\n  background: rgba(255,255,255,0.3);\n  box-shadow: none;\n}<\/style><div class=\"shortcode-single-image-wrap shortcode-single-image-0255e2f716767bd94933308e08b2f995 alignnone  enable-bg-rollover dt-icon-bg-off\" style=\"margin-top:0px; margin-bottom:0px; margin-left:0px; margin-right:0px; width:500px;\"><div class=\"shortcode-single-image\"><div class=\"fancy-media-wrap  layzr-bg\" style=\"border-radius:40px;\"><img fetchpriority=\"high\" decoding=\"async\" class=\"preload-me lazy-load aspect\" src=\"data:image\/svg+xml,%3Csvg%20xmlns%3D&#39;http%3A%2F%2Fwww.w3.org%2F2000%2Fsvg&#39;%20viewBox%3D&#39;0%200%20500%20333&#39;%2F%3E\" data-src=\"https:\/\/nordvallsetikett.com\/wp-content\/uploads\/2021\/06\/210308_nordvalls_2465-scaled-500x333.jpg\" data-srcset=\"https:\/\/nordvallsetikett.com\/wp-content\/uploads\/2021\/06\/210308_nordvalls_2465-scaled-500x333.jpg 500w, https:\/\/nordvallsetikett.com\/wp-content\/uploads\/2021\/06\/210308_nordvalls_2465-scaled-1000x666.jpg 1000w\" loading=\"eager\" sizes=\"(max-width: 500px) 100vw, 500px\" width=\"500\" height=\"333\"  data-dt-location=\"https:\/\/nordvallsetikett.com\/no\/?attachment_id=5027\" style=\"--ratio: 500 \/ 333;border-radius:40px;\" alt=\"Nordvalls Etikett Aff\u00e4rside\" \/><\/div><\/div><\/div>[\/vc_column][\/vc_row][vc_row][vc_column]<div class=\"ult-spacer spacer-6a035c6066061\" data-id=\"6a035c6066061\" data-height=\"100\" data-height-mobile=\"50\" data-height-tab=\"20\" data-height-tab-portrait=\"20\" data-height-mobile-landscape=\"20\" style=\"clear:both;display:block;\"><\/div>[vc_row_inner content_placement=&raquo;middle&raquo;][vc_column_inner width=&raquo;1\/2&#8243;]<style type=\"text\/css\" data-type=\"the7_shortcodes-inline-css\">.shortcode-single-image-wrap.shortcode-single-image-bc47b4eab2640c28888a8e84fe190d71.enable-bg-rollover .rollover i,\n.shortcode-single-image-wrap.shortcode-single-image-bc47b4eab2640c28888a8e84fe190d71.enable-bg-rollover .rollover-video i {\n  background: -webkit-linear-gradient();\n  background: linear-gradient();\n}\n.shortcode-single-image-wrap.shortcode-single-image-bc47b4eab2640c28888a8e84fe190d71 .rollover-icon {\n  font-size: 32px;\n  color: #ffffff;\n  min-width: 44px;\n  min-height: 44px;\n  line-height: 44px;\n  border-radius: 100px;\n  border-style: solid;\n  border-width: 0px;\n}\n.dt-icon-bg-on.shortcode-single-image-wrap.shortcode-single-image-bc47b4eab2640c28888a8e84fe190d71 .rollover-icon {\n  background: rgba(255,255,255,0.3);\n  box-shadow: none;\n}<\/style><div class=\"shortcode-single-image-wrap shortcode-single-image-bc47b4eab2640c28888a8e84fe190d71 alignnone  enable-bg-rollover dt-icon-bg-off\" style=\"margin-top:0px; margin-bottom:0px; margin-left:0px; margin-right:0px; width:500px;\"><div class=\"shortcode-single-image\"><div class=\"fancy-media-wrap  layzr-bg\" style=\"border-radius:40px;\"><img decoding=\"async\" class=\"preload-me lazy-load aspect\" src=\"data:image\/svg+xml,%3Csvg%20xmlns%3D&#39;http%3A%2F%2Fwww.w3.org%2F2000%2Fsvg&#39;%20viewBox%3D&#39;0%200%20500%20333&#39;%2F%3E\" data-src=\"https:\/\/nordvallsetikett.com\/wp-content\/uploads\/2020\/04\/200311_1159_nordvalls-500x333.jpg\" data-srcset=\"https:\/\/nordvallsetikett.com\/wp-content\/uploads\/2020\/04\/200311_1159_nordvalls-500x333.jpg 500w, https:\/\/nordvallsetikett.com\/wp-content\/uploads\/2020\/04\/200311_1159_nordvalls-1000x666.jpg 1000w\" loading=\"eager\" sizes=\"(max-width: 500px) 100vw, 500px\" width=\"500\" height=\"333\"  data-dt-location=\"https:\/\/nordvallsetikett.com\/no\/nordvalls-etikett\/om-nordvalls\/vision-och-affarside\/attachment\/vid-fragor-om-bilden-mejla-erika-weilandapeloga-se-29\/\" style=\"--ratio: 500 \/ 333;border-radius:40px;\" alt=\"Nordvalls Etikett\" \/><\/div><\/div><\/div><div class=\"ult-spacer spacer-6a035c60675dc\" data-id=\"6a035c60675dc\" data-height=\"\" data-height-mobile=\"50\" data-height-tab=\"50\" data-height-tab-portrait=\"50\" data-height-mobile-landscape=\"50\" style=\"clear:both;display:block;\"><\/div>[\/vc_column_inner][vc_column_inner width=&raquo;1\/2&#8243;][vc_column_text]<\/p>\n<h2>Lika viktig oavsett storlek<\/h2>\n<p>Etiketten \u00e4r ofta en central och viktig del av en f\u00f6rpackning, men den kan ocks\u00e5 utg\u00f6ra en identitetsmark\u00f6r i ett produktionsfl\u00f6de eller en f\u00f6rs\u00e4kran om att en f\u00f6rsegling \u00e4r o\u00f6ppnad. Etiketten kan variera i storlek, format och anv\u00e4ndningsomr\u00e5de, men v\u00e4ldigt s\u00e4llan i betydelse f\u00f6r sin kund. Det h\u00e4r vet vi p\u00e5 Nordvalls. Det \u00e4r d\u00e4rf\u00f6r v\u00e5ra ca 200 medarbetare jobbar m\u00e5lmedvetet f\u00f6r att du som v\u00e4ljer att best\u00e4lla dina etiketter av oss ska ha en p\u00e5litlig, kunnig och flexibel etikettleverant\u00f6r.<\/p>\n<p>Tillsammans skapar vi v\u00e4rde som varar.[\/vc_column_text][\/vc_column_inner][\/vc_row_inner]<div class=\"ult-spacer spacer-6a035c6067640\" data-id=\"6a035c6067640\" data-height=\"50\" data-height-mobile=\"20\" data-height-tab=\"\" data-height-tab-portrait=\"\" data-height-mobile-landscape=\"\" style=\"clear:both;display:block;\"><\/div>[\/vc_column][\/vc_row][vc_row full_width=&raquo;stretch_row_content&raquo; content_placement=&raquo;middle&raquo;][vc_column offset=&raquo;vc_hidden-sm vc_col-xs-12 vc_hidden-xs&raquo;]<div class=\"ult-spacer spacer-6a035c606769a\" data-id=\"6a035c606769a\" data-height=\"50\" data-height-mobile=\"30\" data-height-tab=\"\" data-height-tab-portrait=\"\" data-height-mobile-landscape=\"\" style=\"clear:both;display:block;\"><\/div>[vc_separator color=&raquo;black&raquo; css=&raquo;&raquo;][vc_row_inner equal_height=&raquo;yes&raquo; content_placement=&raquo;middle&raquo;][vc_column_inner width=&raquo;1\/5&#8243;][vc_single_image image=&raquo;10647&#8243; img_size=&raquo;80&#215;80&#8243; alignment=&raquo;center&raquo; css=&raquo;&raquo; image_hovers=&raquo;false&raquo;][\/vc_column_inner][vc_column_inner width=&raquo;1\/5&#8243; offset=&raquo;vc_hidden-sm vc_hidden-xs&raquo;][\/vc_column_inner][vc_column_inner width=&raquo;1\/5&#8243; offset=&raquo;vc_hidden-sm vc_hidden-xs&raquo;][\/vc_column_inner][vc_column_inner width=&raquo;1\/5&#8243; offset=&raquo;vc_hidden-sm vc_hidden-xs&raquo;][\/vc_column_inner][vc_column_inner width=&raquo;1\/5&#8243;][vc_single_image image=&raquo;10652&#8243; img_size=&raquo;medium&raquo; alignment=&raquo;center&raquo; css=&raquo;&raquo; image_hovers=&raquo;false&raquo;][\/vc_column_inner][\/vc_row_inner]<div class=\"ult-spacer spacer-6a035c60676ec\" data-id=\"6a035c60676ec\" data-height=\"\" data-height-mobile=\"10\" data-height-tab=\"\" data-height-tab-portrait=\"\" data-height-mobile-landscape=\"10\" style=\"clear:both;display:block;\"><\/div>[\/vc_column][\/vc_row][vc_row full_width=&raquo;stretch_row_content&raquo; content_placement=&raquo;middle&raquo;][vc_column offset=&raquo;vc_hidden-lg vc_hidden-md vc_col-xs-12&#8243;][vc_separator color=&raquo;black&raquo; css=&raquo;&raquo;][vc_row_inner equal_height=&raquo;yes&raquo; content_placement=&raquo;middle&raquo;][vc_column_inner][vc_single_image image=&raquo;10920&#8243; img_size=&raquo;340&#215;80&#8243; alignment=&raquo;center&raquo; css=&raquo;&raquo; image_hovers=&raquo;false&raquo;][\/vc_column_inner][\/vc_row_inner][\/vc_column][\/vc_row]<\/p>\n<\/div>","protected":false},"excerpt":{"rendered":"<p>[vc_row content_placement=&raquo;middle&raquo;][vc_column width=&raquo;1\/2&#8243;][vc_column_text] Nordvalls \u2013 etiketter for alle Nordvalls har som m\u00e5l \u00e5 v\u00e6re den ledende etikettleverand\u00f8ren. Gjennom et tett samarbeid med kundene v\u00e5re tilbyr vi smarte etikettl\u00f8sninger, fra id\u00e9 til ferdig produkt. Som det brede og heldekkende trykkeriet vi er, \u00f8nsker vi \u00e5 v\u00e6re med p\u00e5 \u00e5 forme dagens og morgendagens etikett- og emballasjel\u00f8sninger.&hellip;<\/p>\n","protected":false},"author":1,"featured_media":0,"parent":8537,"menu_order":0,"comment_status":"closed","ping_status":"closed","template":"","meta":{"footnotes":""},"class_list":["post-8561","page","type-page","status-publish","hentry","description-off"],"_links":{"self":[{"href":"https:\/\/nordvallsetikett.com\/no\/wp-json\/wp\/v2\/pages\/8561","targetHints":{"allow":["GET"]}}],"collection":[{"href":"https:\/\/nordvallsetikett.com\/no\/wp-json\/wp\/v2\/pages"}],"about":[{"href":"https:\/\/nordvallsetikett.com\/no\/wp-json\/wp\/v2\/types\/page"}],"author":[{"embeddable":true,"href":"https:\/\/nordvallsetikett.com\/no\/wp-json\/wp\/v2\/users\/1"}],"replies":[{"embeddable":true,"href":"https:\/\/nordvallsetikett.com\/no\/wp-json\/wp\/v2\/comments?post=8561"}],"version-history":[{"count":4,"href":"https:\/\/nordvallsetikett.com\/no\/wp-json\/wp\/v2\/pages\/8561\/revisions"}],"predecessor-version":[{"id":11068,"href":"https:\/\/nordvallsetikett.com\/no\/wp-json\/wp\/v2\/pages\/8561\/revisions\/11068"}],"up":[{"embeddable":true,"href":"https:\/\/nordvallsetikett.com\/no\/wp-json\/wp\/v2\/pages\/8537"}],"wp:attachment":[{"href":"https:\/\/nordvallsetikett.com\/no\/wp-json\/wp\/v2\/media?parent=8561"}],"curies":[{"name":"wp","href":"https:\/\/api.w.org\/{rel}","templated":true}]}}