{"id":8565,"date":"2024-05-30T07:39:40","date_gmt":"2024-05-30T07:39:40","guid":{"rendered":"https:\/\/nordvallsetikett.com\/nordvalls-etikett\/om-nordvalls\/verdier\/"},"modified":"2025-10-31T14:45:30","modified_gmt":"2025-10-31T14:45:30","slug":"verdier","status":"publish","type":"page","link":"https:\/\/nordvallsetikett.com\/no\/nordvalls-etikett\/om-nordvalls\/verdier\/","title":{"rendered":"Verdier"},"content":{"rendered":"<div class=\"wpb-content-wrapper\"><p>[vc_row][vc_column][vc_row_inner content_placement=&raquo;middle&raquo;][vc_column_inner width=&raquo;1\/2&#8243;][vc_column_text]<\/p>\n<h3>Fellesskap, lidenskap, service<\/h3>\n<p>Hos Nordvalls oppsummerer vi verdiene v\u00e5re i disse tre ordene. Vi lar verdiene v\u00e5re v\u00e6re f\u00f8rende for hvordan vi behandler hverandre, og hvordan vi utf\u00f8rer arbeidet v\u00e5rt. Verdiene v\u00e5re veileder oss ogs\u00e5 i m\u00e5ten vi arbeider og m\u00f8ter kunder og leverand\u00f8rer p\u00e5 \u2013 og alle andre vi kommer i kontakt med. Her kan du lese hva som ligger i verdiene v\u00e5re.[\/vc_column_text][\/vc_column_inner][vc_column_inner width=&raquo;1\/2&#8243;]<div class=\"ult-spacer spacer-69e7bee38ba72\" data-id=\"69e7bee38ba72\" data-height=\"\" data-height-mobile=\"50\" data-height-tab=\"50\" data-height-tab-portrait=\"50\" data-height-mobile-landscape=\"50\" style=\"clear:both;display:block;\"><\/div><style type=\"text\/css\" data-type=\"the7_shortcodes-inline-css\">.shortcode-single-image-wrap.shortcode-single-image-a810bb4d2d3477486fd3ceb8edc466d2.enable-bg-rollover .rollover i,\n.shortcode-single-image-wrap.shortcode-single-image-a810bb4d2d3477486fd3ceb8edc466d2.enable-bg-rollover .rollover-video i {\n  background: -webkit-linear-gradient();\n  background: linear-gradient();\n}\n.shortcode-single-image-wrap.shortcode-single-image-a810bb4d2d3477486fd3ceb8edc466d2 .rollover-icon {\n  font-size: 32px;\n  color: #ffffff;\n  min-width: 44px;\n  min-height: 44px;\n  line-height: 44px;\n  border-radius: 100px;\n  border-style: solid;\n  border-width: 0px;\n}\n.dt-icon-bg-on.shortcode-single-image-wrap.shortcode-single-image-a810bb4d2d3477486fd3ceb8edc466d2 .rollover-icon {\n  background: rgba(255,255,255,0.3);\n  box-shadow: none;\n}<\/style><div class=\"shortcode-single-image-wrap shortcode-single-image-a810bb4d2d3477486fd3ceb8edc466d2 alignnone  enable-bg-rollover dt-icon-bg-off\" style=\"margin-top:0px; margin-bottom:0px; margin-left:0px; margin-right:0px; width:500px;\"><div class=\"shortcode-single-image\"><div class=\"fancy-media-wrap  layzr-bg\" style=\"border-radius:40px;\"><img fetchpriority=\"high\" decoding=\"async\" class=\"preload-me lazy-load aspect\" src=\"data:image\/svg+xml,%3Csvg%20xmlns%3D&#39;http%3A%2F%2Fwww.w3.org%2F2000%2Fsvg&#39;%20viewBox%3D&#39;0%200%20500%20333&#39;%2F%3E\" data-src=\"https:\/\/nordvallsetikett.com\/wp-content\/uploads\/2020\/07\/Arbetsmiljo\u0308-Nordvalls-500x333.jpg\" data-srcset=\"https:\/\/nordvallsetikett.com\/wp-content\/uploads\/2020\/07\/Arbetsmiljo\u0308-Nordvalls-500x333.jpg 500w, https:\/\/nordvallsetikett.com\/wp-content\/uploads\/2020\/07\/Arbetsmiljo\u0308-Nordvalls-1000x666.jpg 1000w\" loading=\"eager\" sizes=\"(max-width: 500px) 100vw, 500px\" width=\"500\" height=\"333\"  data-dt-location=\"https:\/\/nordvallsetikett.com\/no\/?attachment_id=4285\" style=\"--ratio: 500 \/ 333;border-radius:40px;\" alt=\"Nordvalls Etikett V\u00e4rderingar\" \/><\/div><\/div><\/div>[\/vc_column_inner][\/vc_row_inner]<div class=\"ult-spacer spacer-69e7bee38c8fe\" data-id=\"69e7bee38c8fe\" data-height=\"100\" data-height-mobile=\"40\" data-height-tab=\"\" data-height-tab-portrait=\"\" data-height-mobile-landscape=\"\" style=\"clear:both;display:block;\"><\/div>[vc_row_inner content_placement=&raquo;middle&raquo;][vc_column_inner width=&raquo;1\/2&#8243;]<style type=\"text\/css\" data-type=\"the7_shortcodes-inline-css\">.shortcode-single-image-wrap.shortcode-single-image-0dee16f7679836e7c6deb227c4324d6b.enable-bg-rollover .rollover i,\n.shortcode-single-image-wrap.shortcode-single-image-0dee16f7679836e7c6deb227c4324d6b.enable-bg-rollover .rollover-video i {\n  background: -webkit-linear-gradient();\n  background: linear-gradient();\n}\n.shortcode-single-image-wrap.shortcode-single-image-0dee16f7679836e7c6deb227c4324d6b .rollover-icon {\n  font-size: 32px;\n  color: #ffffff;\n  min-width: 44px;\n  min-height: 44px;\n  line-height: 44px;\n  border-radius: 100px;\n  border-style: solid;\n  border-width: 0px;\n}\n.dt-icon-bg-on.shortcode-single-image-wrap.shortcode-single-image-0dee16f7679836e7c6deb227c4324d6b .rollover-icon {\n  background: rgba(255,255,255,0.3);\n  box-shadow: none;\n}<\/style><div class=\"shortcode-single-image-wrap shortcode-single-image-0dee16f7679836e7c6deb227c4324d6b alignnone  enable-bg-rollover dt-icon-bg-off\" style=\"margin-top:0px; margin-bottom:0px; margin-left:0px; margin-right:0px; width:500px;\"><div class=\"shortcode-single-image\"><div class=\"fancy-media-wrap  layzr-bg\" style=\"border-radius:40px;\"><img decoding=\"async\" class=\"preload-me lazy-load aspect\" src=\"data:image\/svg+xml,%3Csvg%20xmlns%3D&#39;http%3A%2F%2Fwww.w3.org%2F2000%2Fsvg&#39;%20viewBox%3D&#39;0%200%20500%20333&#39;%2F%3E\" data-src=\"https:\/\/nordvallsetikett.com\/wp-content\/uploads\/2022\/04\/220328_0240_nordvalls-scaled-500x333.jpg\" data-srcset=\"https:\/\/nordvallsetikett.com\/wp-content\/uploads\/2022\/04\/220328_0240_nordvalls-scaled-500x333.jpg 500w, https:\/\/nordvallsetikett.com\/wp-content\/uploads\/2022\/04\/220328_0240_nordvalls-scaled-1000x666.jpg 1000w\" loading=\"eager\" sizes=\"(max-width: 500px) 100vw, 500px\" width=\"500\" height=\"333\"  data-dt-location=\"https:\/\/nordvallsetikett.com\/no\/certifieringar\/attachment\/220328_0240_nordvalls\/\" style=\"--ratio: 500 \/ 333;border-radius:40px;\" alt=\"\" \/><\/div><\/div><\/div><div class=\"ult-spacer spacer-69e7bee38d5c3\" data-id=\"69e7bee38d5c3\" data-height=\"\" data-height-mobile=\"50\" data-height-tab=\"50\" data-height-tab-portrait=\"50\" data-height-mobile-landscape=\"50\" style=\"clear:both;display:block;\"><\/div>[\/vc_column_inner][vc_column_inner width=&raquo;1\/2&#8243;][vc_column_text]<\/p>\n<h3>Fellesskap<\/h3>\n<p>Hos Nordvalls viser vi respekt og forst\u00e5else for hverandres arbeid. Vi stoler p\u00e5 at kollegaene v\u00e5re er kunnskapsrike, kompetente og gj\u00f8r sitt beste. Vi vet at alle bidrar til de felles resultatene v\u00e5re, og vi st\u00f8tter og hjelper hverandre for \u00e5 gj\u00f8re arbeidet enklere og smidigere. Dette kommer b\u00e5de oss, kundene v\u00e5re, leverand\u00f8rene og andre til gode. Vi tror p\u00e5 at samarbeid og \u00e5pen kommunikasjon hjelper oss med \u00e5 n\u00e5 de felles m\u00e5lene v\u00e5re. Sammen kan vi l\u00f8se det meste, s\u00e5 lenge vi samarbeider og tar ansvar for arbeidet v\u00e5rt. Fellesskapet hos Nordvalls gj\u00f8r arbeidet v\u00e5rt enklere og morsommere. Vi hjelper hverandre. For v\u00e5rt eget og alle andres beste.[\/vc_column_text][\/vc_column_inner][\/vc_row_inner]<div class=\"ult-spacer spacer-69e7bee38d5fd\" data-id=\"69e7bee38d5fd\" data-height=\"50\" data-height-mobile=\"40\" data-height-tab=\"\" data-height-tab-portrait=\"\" data-height-mobile-landscape=\"\" style=\"clear:both;display:block;\"><\/div>[vc_row_inner content_placement=&raquo;middle&raquo;][vc_column_inner width=&raquo;1\/2&#8243;][vc_column_text]<\/p>\n<h3>Lidenskap<\/h3>\n<p>Vi tror at det \u00e5 v\u00e6re lidenskapelig opptatt av og glad i arbeidet hjelper oss med \u00e5 gj\u00f8re en bedre jobb. Det bidrar til et bedre arbeidsmilj\u00f8, og det hjelper oss til \u00e5 samarbeide. Vi som jobber i Nordvalls er stolte av arbeidet v\u00e5rt og kollegaene v\u00e5re. For \u00e5 sikre at vi som arbeider her skal utvikle oss i arbeidet v\u00e5rt og levere produkter og tjenester av h\u00f8y kvalitet, tror vi det er viktig \u00e5 t\u00f8rre \u00e5 tenke nytt. Vi utvikler oss ved stadig \u00e5 pr\u00f8ve \u00e5 finne nye og effektive l\u00f8sninger p\u00e5 behovene og utfordringene til kundene v\u00e5re. Lidenskapen vi f\u00f8ler for arbeidet v\u00e5rt, gj\u00f8r oss engasjerte og motiverte. Vi st\u00f8tter kollegaene v\u00e5re og roser hverandre i medgang og motgang.[\/vc_column_text][\/vc_column_inner][vc_column_inner width=&raquo;1\/2&#8243;]<div class=\"ult-spacer spacer-69e7bee38d62e\" data-id=\"69e7bee38d62e\" data-height=\"\" data-height-mobile=\"50\" data-height-tab=\"50\" data-height-tab-portrait=\"50\" data-height-mobile-landscape=\"50\" style=\"clear:both;display:block;\"><\/div><style type=\"text\/css\" data-type=\"the7_shortcodes-inline-css\">.shortcode-single-image-wrap.shortcode-single-image-3c82c6073f254d30467d69acd0d80bfd.enable-bg-rollover .rollover i,\n.shortcode-single-image-wrap.shortcode-single-image-3c82c6073f254d30467d69acd0d80bfd.enable-bg-rollover .rollover-video i {\n  background: -webkit-linear-gradient();\n  background: linear-gradient();\n}\n.shortcode-single-image-wrap.shortcode-single-image-3c82c6073f254d30467d69acd0d80bfd .rollover-icon {\n  font-size: 32px;\n  color: #ffffff;\n  min-width: 44px;\n  min-height: 44px;\n  line-height: 44px;\n  border-radius: 100px;\n  border-style: solid;\n  border-width: 0px;\n}\n.dt-icon-bg-on.shortcode-single-image-wrap.shortcode-single-image-3c82c6073f254d30467d69acd0d80bfd .rollover-icon {\n  background: rgba(255,255,255,0.3);\n  box-shadow: none;\n}<\/style><div class=\"shortcode-single-image-wrap shortcode-single-image-3c82c6073f254d30467d69acd0d80bfd alignnone  enable-bg-rollover dt-icon-bg-off\" style=\"margin-top:0px; margin-bottom:0px; margin-left:0px; margin-right:0px; width:500px;\"><div class=\"shortcode-single-image\"><div class=\"fancy-media-wrap  layzr-bg\" style=\"border-radius:40px;\"><img decoding=\"async\" class=\"preload-me lazy-load aspect\" src=\"data:image\/svg+xml,%3Csvg%20xmlns%3D&#39;http%3A%2F%2Fwww.w3.org%2F2000%2Fsvg&#39;%20viewBox%3D&#39;0%200%20500%20333&#39;%2F%3E\" data-src=\"https:\/\/nordvallsetikett.com\/wp-content\/uploads\/2019\/12\/191121_0272_nordvalls-500x333.jpg\" data-srcset=\"https:\/\/nordvallsetikett.com\/wp-content\/uploads\/2019\/12\/191121_0272_nordvalls-500x333.jpg 500w, https:\/\/nordvallsetikett.com\/wp-content\/uploads\/2019\/12\/191121_0272_nordvalls-1000x666.jpg 1000w\" loading=\"eager\" sizes=\"(max-width: 500px) 100vw, 500px\" width=\"500\" height=\"333\"  data-dt-location=\"https:\/\/nordvallsetikett.com\/no\/nyheter\/forst-i-skandinavien-med-hp-v12\/attachment\/vid-fragor-om-bilden-skriv-till-christian-anderssonapeloga-se-4\/\" style=\"--ratio: 500 \/ 333;border-radius:40px;\" alt=\"Camilla G\u00f6land, Nordvalls Etikett\" \/><\/div><\/div><\/div>[\/vc_column_inner][\/vc_row_inner]<div class=\"ult-spacer spacer-69e7bee38eccc\" data-id=\"69e7bee38eccc\" data-height=\"50\" data-height-mobile=\"40\" data-height-tab=\"\" data-height-tab-portrait=\"\" data-height-mobile-landscape=\"\" style=\"clear:both;display:block;\"><\/div>[vc_row_inner content_placement=&raquo;middle&raquo;][vc_column_inner width=&raquo;1\/2&#8243;]<style type=\"text\/css\" data-type=\"the7_shortcodes-inline-css\">.shortcode-single-image-wrap.shortcode-single-image-b422c1560c420547b8417739b42e0067.enable-bg-rollover .rollover i,\n.shortcode-single-image-wrap.shortcode-single-image-b422c1560c420547b8417739b42e0067.enable-bg-rollover .rollover-video i {\n  background: -webkit-linear-gradient();\n  background: linear-gradient();\n}\n.shortcode-single-image-wrap.shortcode-single-image-b422c1560c420547b8417739b42e0067 .rollover-icon {\n  font-size: 32px;\n  color: #ffffff;\n  min-width: 44px;\n  min-height: 44px;\n  line-height: 44px;\n  border-radius: 100px;\n  border-style: solid;\n  border-width: 0px;\n}\n.dt-icon-bg-on.shortcode-single-image-wrap.shortcode-single-image-b422c1560c420547b8417739b42e0067 .rollover-icon {\n  background: rgba(255,255,255,0.3);\n  box-shadow: none;\n}<\/style><div class=\"shortcode-single-image-wrap shortcode-single-image-b422c1560c420547b8417739b42e0067 alignnone  enable-bg-rollover dt-icon-bg-off\" style=\"margin-top:0px; margin-bottom:0px; margin-left:0px; margin-right:0px; width:500px;\"><div class=\"shortcode-single-image\"><div class=\"fancy-media-wrap  layzr-bg\" style=\"border-radius:40px;\"><img decoding=\"async\" class=\"preload-me lazy-load aspect\" src=\"data:image\/svg+xml,%3Csvg%20xmlns%3D&#39;http%3A%2F%2Fwww.w3.org%2F2000%2Fsvg&#39;%20viewBox%3D&#39;0%200%20500%20333&#39;%2F%3E\" data-src=\"https:\/\/nordvallsetikett.com\/wp-content\/uploads\/2020\/10\/Tryckare-Nordvalls_Larry-Sjo\u0308beck-scaled-500x333.jpg\" data-srcset=\"https:\/\/nordvallsetikett.com\/wp-content\/uploads\/2020\/10\/Tryckare-Nordvalls_Larry-Sjo\u0308beck-scaled-500x333.jpg 500w, https:\/\/nordvallsetikett.com\/wp-content\/uploads\/2020\/10\/Tryckare-Nordvalls_Larry-Sjo\u0308beck-scaled-1000x666.jpg 1000w\" loading=\"eager\" sizes=\"(max-width: 500px) 100vw, 500px\" width=\"500\" height=\"333\"  data-dt-location=\"https:\/\/nordvallsetikett.com\/no\/blogg\/han-vill-inte-do-nyfiken-mot-larry-sjobeck-nordvalls\/attachment\/vid-fragor-om-bilden-mejla-erika-weilandapeloga-se-32\/\" style=\"--ratio: 500 \/ 333;border-radius:40px;\" alt=\"Tryckare-Nordvalls_Larry-Sjo\u0308beck\" \/><\/div><\/div><\/div><div class=\"ult-spacer spacer-69e7bee390193\" data-id=\"69e7bee390193\" data-height=\"\" data-height-mobile=\"50\" data-height-tab=\"50\" data-height-tab-portrait=\"50\" data-height-mobile-landscape=\"50\" style=\"clear:both;display:block;\"><\/div>[\/vc_column_inner][vc_column_inner width=&raquo;1\/2&#8243;][vc_column_text]<\/p>\n<h3>Service<\/h3>\n<p>Etiketter av h\u00f8y kvalitet kombinert med langsiktige relasjoner med forn\u00f8yde kunder er en suksessfaktor for oss i Nordvalls. Det forutsetter at vi som jobber hos Nordvalls er grundige og lydh\u00f8re overfor behovene og utfordringene til kundene v\u00e5re. Vi bryr oss om kundenes resultater, og vi vil at de skal v\u00e6re forn\u00f8yde med produktene og tjenestene de kj\u00f8per av oss. Vi \u00f8nsker ogs\u00e5 at kundene v\u00e5re skal oppfatte oss som p\u00e5litelige, positive og kunnskapsrike. For oss betyr service at vi forst\u00e5r kundenes situasjon og forutsetninger. Vi ser det store bildet. Vi kombinerer solid kunnskap om trykkproduksjon med forst\u00e5else for etikettens og kundens unike forutsetninger. Det er service for oss.[\/vc_column_text][\/vc_column_inner][\/vc_row_inner]<div class=\"ult-spacer spacer-69e7bee3901ca\" data-id=\"69e7bee3901ca\" data-height=\"50\" data-height-mobile=\"40\" data-height-tab=\"\" data-height-tab-portrait=\"\" data-height-mobile-landscape=\"\" style=\"clear:both;display:block;\"><\/div>[\/vc_column][\/vc_row][vc_row full_width=&raquo;stretch_row_content&raquo; content_placement=&raquo;middle&raquo;][vc_column offset=&raquo;vc_hidden-sm vc_col-xs-12 vc_hidden-xs&raquo;]<div class=\"ult-spacer spacer-69e7bee3901f8\" data-id=\"69e7bee3901f8\" data-height=\"50\" data-height-mobile=\"30\" data-height-tab=\"\" data-height-tab-portrait=\"\" data-height-mobile-landscape=\"\" style=\"clear:both;display:block;\"><\/div>[vc_separator color=&raquo;black&raquo; css=&raquo;&raquo;][vc_row_inner equal_height=&raquo;yes&raquo; content_placement=&raquo;middle&raquo;][vc_column_inner width=&raquo;1\/5&#8243;][vc_single_image image=&raquo;10647&#8243; img_size=&raquo;80&#215;80&#8243; alignment=&raquo;center&raquo; css=&raquo;&raquo; image_hovers=&raquo;false&raquo;][\/vc_column_inner][vc_column_inner width=&raquo;1\/5&#8243; offset=&raquo;vc_hidden-sm vc_hidden-xs&raquo;][\/vc_column_inner][vc_column_inner width=&raquo;1\/5&#8243; offset=&raquo;vc_hidden-sm vc_hidden-xs&raquo;][\/vc_column_inner][vc_column_inner width=&raquo;1\/5&#8243; offset=&raquo;vc_hidden-sm vc_hidden-xs&raquo;][\/vc_column_inner][vc_column_inner width=&raquo;1\/5&#8243;][vc_single_image image=&raquo;10652&#8243; img_size=&raquo;medium&raquo; alignment=&raquo;center&raquo; css=&raquo;&raquo; image_hovers=&raquo;false&raquo;][\/vc_column_inner][\/vc_row_inner]<div class=\"ult-spacer spacer-69e7bee390223\" data-id=\"69e7bee390223\" data-height=\"\" data-height-mobile=\"10\" data-height-tab=\"\" data-height-tab-portrait=\"\" data-height-mobile-landscape=\"10\" style=\"clear:both;display:block;\"><\/div>[\/vc_column][\/vc_row][vc_row full_width=&raquo;stretch_row_content&raquo; content_placement=&raquo;middle&raquo;][vc_column offset=&raquo;vc_hidden-lg vc_hidden-md vc_col-xs-12&#8243;][vc_separator color=&raquo;black&raquo; css=&raquo;&raquo;][vc_row_inner equal_height=&raquo;yes&raquo; content_placement=&raquo;middle&raquo;][vc_column_inner][vc_single_image image=&raquo;10920&#8243; img_size=&raquo;340&#215;80&#8243; alignment=&raquo;center&raquo; css=&raquo;&raquo; image_hovers=&raquo;false&raquo;][\/vc_column_inner][\/vc_row_inner][\/vc_column][\/vc_row]<\/p>\n<\/div>","protected":false},"excerpt":{"rendered":"<p>[vc_row][vc_column][vc_row_inner content_placement=&raquo;middle&raquo;][vc_column_inner width=&raquo;1\/2&#8243;][vc_column_text] Fellesskap, lidenskap, service Hos Nordvalls oppsummerer vi verdiene v\u00e5re i disse tre ordene. Vi lar verdiene v\u00e5re v\u00e6re f\u00f8rende for hvordan vi behandler hverandre, og hvordan vi utf\u00f8rer arbeidet v\u00e5rt. Verdiene v\u00e5re veileder oss ogs\u00e5 i m\u00e5ten vi arbeider og m\u00f8ter kunder og leverand\u00f8rer p\u00e5 \u2013 og alle andre vi kommer i&hellip;<\/p>\n","protected":false},"author":1,"featured_media":0,"parent":8537,"menu_order":0,"comment_status":"closed","ping_status":"closed","template":"","meta":{"footnotes":""},"class_list":["post-8565","page","type-page","status-publish","hentry","description-off"],"_links":{"self":[{"href":"https:\/\/nordvallsetikett.com\/no\/wp-json\/wp\/v2\/pages\/8565","targetHints":{"allow":["GET"]}}],"collection":[{"href":"https:\/\/nordvallsetikett.com\/no\/wp-json\/wp\/v2\/pages"}],"about":[{"href":"https:\/\/nordvallsetikett.com\/no\/wp-json\/wp\/v2\/types\/page"}],"author":[{"embeddable":true,"href":"https:\/\/nordvallsetikett.com\/no\/wp-json\/wp\/v2\/users\/1"}],"replies":[{"embeddable":true,"href":"https:\/\/nordvallsetikett.com\/no\/wp-json\/wp\/v2\/comments?post=8565"}],"version-history":[{"count":4,"href":"https:\/\/nordvallsetikett.com\/no\/wp-json\/wp\/v2\/pages\/8565\/revisions"}],"predecessor-version":[{"id":11067,"href":"https:\/\/nordvallsetikett.com\/no\/wp-json\/wp\/v2\/pages\/8565\/revisions\/11067"}],"up":[{"embeddable":true,"href":"https:\/\/nordvallsetikett.com\/no\/wp-json\/wp\/v2\/pages\/8537"}],"wp:attachment":[{"href":"https:\/\/nordvallsetikett.com\/no\/wp-json\/wp\/v2\/media?parent=8565"}],"curies":[{"name":"wp","href":"https:\/\/api.w.org\/{rel}","templated":true}]}}