{"id":8569,"date":"2024-05-30T07:39:42","date_gmt":"2024-05-30T07:39:42","guid":{"rendered":"https:\/\/nordvallsetikett.com\/nordvalls-etikett\/om-nordvalls\/organisasjon\/"},"modified":"2025-10-31T14:42:24","modified_gmt":"2025-10-31T14:42:24","slug":"organisasjon","status":"publish","type":"page","link":"https:\/\/nordvallsetikett.com\/no\/nordvalls-etikett\/om-nordvalls\/organisasjon\/","title":{"rendered":"Organisasjon"},"content":{"rendered":"<div class=\"wpb-content-wrapper\"><p>[vc_row][vc_column][vc_row_inner content_placement=&raquo;middle&raquo;][vc_column_inner width=&raquo;1\/2&#8243;][vc_column_text css=&raquo;&raquo;]<\/p>\n<h3>Ett Nordvalls, tre anlegg<\/h3>\n<p>Nordvalls Etikett har hovedkontor i Sj\u00f6bo i Sk\u00e5ne. I Sj\u00f6bo trykker vi hovedsakelig etiketter til n\u00e6ringsmiddelbransjen, legemiddelbransjen, kosmetikk og skj\u00f8nnhet. P\u00e5 anlegget v\u00e5rt i Sj\u00f6bo produserer vi alle trykte medier selv, og vi har tilgang til et bredt utvalg av trykkpresser. Vi trykker med fleksotrykkpresser, silketrykkpresser, digitale trykkpresser og boktrykk. Kundens behov st\u00e5r i sentrum, og den brede maskinparken gj\u00f8r at vi kan trykke de aller fleste typer etiketter.[\/vc_column_text][\/vc_column_inner][vc_column_inner width=&raquo;1\/2&#8243;]<div class=\"ult-spacer spacer-6a035c2fa59b0\" data-id=\"6a035c2fa59b0\" data-height=\"\" data-height-mobile=\"50\" data-height-tab=\"50\" data-height-tab-portrait=\"50\" data-height-mobile-landscape=\"50\" style=\"clear:both;display:block;\"><\/div><style type=\"text\/css\" data-type=\"the7_shortcodes-inline-css\">.shortcode-single-image-wrap.shortcode-single-image-69500656c29baae77db2bc0ef84461d5.enable-bg-rollover .rollover i,\n.shortcode-single-image-wrap.shortcode-single-image-69500656c29baae77db2bc0ef84461d5.enable-bg-rollover .rollover-video i {\n  background: -webkit-linear-gradient();\n  background: linear-gradient();\n}\n.shortcode-single-image-wrap.shortcode-single-image-69500656c29baae77db2bc0ef84461d5 .rollover-icon {\n  font-size: 32px;\n  color: #ffffff;\n  min-width: 44px;\n  min-height: 44px;\n  line-height: 44px;\n  border-radius: 100px;\n  border-style: solid;\n  border-width: 0px;\n}\n.dt-icon-bg-on.shortcode-single-image-wrap.shortcode-single-image-69500656c29baae77db2bc0ef84461d5 .rollover-icon {\n  background: rgba(255,255,255,0.3);\n  box-shadow: none;\n}<\/style><div class=\"shortcode-single-image-wrap shortcode-single-image-69500656c29baae77db2bc0ef84461d5 alignnone  enable-bg-rollover dt-icon-bg-off\" style=\"margin-top:0px; margin-bottom:0px; margin-left:0px; margin-right:0px; width:500px;\"><div class=\"shortcode-single-image\"><div class=\"fancy-media-wrap  layzr-bg\" style=\"border-radius:40px;\"><img fetchpriority=\"high\" decoding=\"async\" class=\"preload-me lazy-load aspect\" src=\"data:image\/svg+xml,%3Csvg%20xmlns%3D&#39;http%3A%2F%2Fwww.w3.org%2F2000%2Fsvg&#39;%20viewBox%3D&#39;0%200%20500%20277&#39;%2F%3E\" data-src=\"https:\/\/nordvallsetikett.com\/wp-content\/uploads\/2020\/02\/nordvalls-etiketter-500x277.jpg\" data-srcset=\"https:\/\/nordvallsetikett.com\/wp-content\/uploads\/2020\/02\/nordvalls-etiketter-500x277.jpg 500w, https:\/\/nordvallsetikett.com\/wp-content\/uploads\/2020\/02\/nordvalls-etiketter.jpg 1000w\" loading=\"eager\" sizes=\"(max-width: 500px) 100vw, 500px\" width=\"500\" height=\"277\"  data-dt-location=\"https:\/\/nordvallsetikett.com\/no\/nordvalls-etikett\/om-nordvalls\/organisation\/attachment\/vid-fragor-om-bilden-mejla-erika-weilandapeloga-se-18\/\" style=\"--ratio: 500 \/ 277;border-radius:40px;\" alt=\"\" \/><\/div><\/div><\/div>[\/vc_column_inner][\/vc_row_inner]<div class=\"ult-spacer spacer-6a035c2fa6a48\" data-id=\"6a035c2fa6a48\" data-height=\"100\" data-height-mobile=\"50\" data-height-tab=\"\" data-height-tab-portrait=\"\" data-height-mobile-landscape=\"\" style=\"clear:both;display:block;\"><\/div>[vc_row_inner content_placement=&raquo;middle&raquo;][vc_column_inner width=&raquo;1\/2&#8243;]<style type=\"text\/css\" data-type=\"the7_shortcodes-inline-css\">.shortcode-single-image-wrap.shortcode-single-image-9151ce18404f8ee8669d37f25aa46f08.enable-bg-rollover .rollover i,\n.shortcode-single-image-wrap.shortcode-single-image-9151ce18404f8ee8669d37f25aa46f08.enable-bg-rollover .rollover-video i {\n  background: -webkit-linear-gradient();\n  background: linear-gradient();\n}\n.shortcode-single-image-wrap.shortcode-single-image-9151ce18404f8ee8669d37f25aa46f08 .rollover-icon {\n  font-size: 32px;\n  color: #ffffff;\n  min-width: 44px;\n  min-height: 44px;\n  line-height: 44px;\n  border-radius: 100px;\n  border-style: solid;\n  border-width: 0px;\n}\n.dt-icon-bg-on.shortcode-single-image-wrap.shortcode-single-image-9151ce18404f8ee8669d37f25aa46f08 .rollover-icon {\n  background: rgba(255,255,255,0.3);\n  box-shadow: none;\n}<\/style><div class=\"shortcode-single-image-wrap shortcode-single-image-9151ce18404f8ee8669d37f25aa46f08 alignnone  enable-bg-rollover dt-icon-bg-off\" style=\"margin-top:0px; margin-bottom:0px; margin-left:0px; margin-right:0px; width:500px;\"><div class=\"shortcode-single-image\"><div class=\"fancy-media-wrap  layzr-bg\" style=\"border-radius:40px;\"><img decoding=\"async\" class=\"preload-me lazy-load aspect\" src=\"data:image\/svg+xml,%3Csvg%20xmlns%3D&#39;http%3A%2F%2Fwww.w3.org%2F2000%2Fsvg&#39;%20viewBox%3D&#39;0%200%20500%20333&#39;%2F%3E\" data-src=\"https:\/\/nordvallsetikett.com\/wp-content\/uploads\/2019\/12\/191121_0013_nordvalls-500x333.jpg\" data-srcset=\"https:\/\/nordvallsetikett.com\/wp-content\/uploads\/2019\/12\/191121_0013_nordvalls-500x333.jpg 500w, https:\/\/nordvallsetikett.com\/wp-content\/uploads\/2019\/12\/191121_0013_nordvalls-1000x666.jpg 1000w\" loading=\"eager\" sizes=\"(max-width: 500px) 100vw, 500px\" width=\"500\" height=\"333\"  data-dt-location=\"https:\/\/nordvallsetikett.com\/no\/nyheter\/forst-i-skandinavien-med-hp-v12\/attachment\/vid-fragor-om-bilden-skriv-till-christian-anderssonapeloga-se\/\" style=\"--ratio: 500 \/ 333;border-radius:40px;\" alt=\"\" \/><\/div><\/div><\/div><div class=\"ult-spacer spacer-6a035c2fa81ce\" data-id=\"6a035c2fa81ce\" data-height=\"\" data-height-mobile=\"50\" data-height-tab=\"50\" data-height-tab-portrait=\"50\" data-height-mobile-landscape=\"50\" style=\"clear:both;display:block;\"><\/div>[\/vc_column_inner][vc_column_inner width=&raquo;1\/2&#8243;][vc_column_text css=&raquo;&raquo;]<\/p>\n<h3>Stor rekkevidde med tre anlegg<\/h3>\n<p><span data-contrast=\"auto\">Det andre trykkeriet v\u00e5rt ligger i Bjuv i Sk\u00e5ne, like \u00f8st for Helsingborg. Her produserer Nordvalls etiketter for bedrifter innen hovedsakelig logistikk, e-handel og produksjon. A<\/span><span data-contrast=\"auto\">kkurat som ved anlegget v\u00e5rt i Sj\u00f6bo har trykkeriet i Bjuv en egen prepress-avdeling som forbereder kundens filer for trykking i en av trykkpressene v\u00e5re. <\/span><\/p>\n<p><span data-contrast=\"auto\">Det tredje anlegget v\u00e5rt ligger i M\u00f6lnlycke, like utenfor G\u00f6teborg. Her har vi en stor produksjon og et trykkeri som blant annet lager s\u00e5kalte linerless-etiketter, etiketter som best\u00e5r av en lang, fortl\u00f8pende bane som g\u00e5r som et belte rundt hele produktet. <\/span><\/p>\n<p>P\u00e5 samtlige enheter produseres etikettene v\u00e5re i moderne anlegg med trykkpresser av h\u00f8y kvalitet.[\/vc_column_text][\/vc_column_inner][\/vc_row_inner]<div class=\"ult-spacer spacer-6a035c2fa8207\" data-id=\"6a035c2fa8207\" data-height=\"100\" data-height-mobile=\"50\" data-height-tab=\"\" data-height-tab-portrait=\"\" data-height-mobile-landscape=\"\" style=\"clear:both;display:block;\"><\/div>[vc_row_inner][vc_column_inner width=&raquo;1\/4&#8243;][\/vc_column_inner][vc_column_inner width=&raquo;1\/2&#8243;][vc_column_text css=&raquo;.vc_custom_1747226397128{border-left-width: 5px !important;padding-left: 20px !important;border-left-style: solid !important;border-color: #1e73be !important;}&raquo;]<strong>V\u00e5r kundeservice har medarbeidere plassert b\u00e5de i Sj\u00f6bo og Bjuv.<\/strong>[\/vc_column_text][\/vc_column_inner][vc_column_inner width=&raquo;1\/4&#8243;][\/vc_column_inner][\/vc_row_inner]<div class=\"ult-spacer spacer-6a035c2fa8238\" data-id=\"6a035c2fa8238\" data-height=\"100\" data-height-mobile=\"50\" data-height-tab=\"\" data-height-tab-portrait=\"\" data-height-mobile-landscape=\"\" style=\"clear:both;display:block;\"><\/div>[vc_row_inner content_placement=&raquo;middle&raquo;][vc_column_inner width=&raquo;1\/2&#8243;][vc_column_text]<\/p>\n<h3>En del av Possehl Identification Solutions<\/h3>\n<p>Siden 2017 har Nordvalls v\u00e6rt en del av Possehl Identification Solutions, forkortet PID. <a href=\"https:\/\/www.possehl-identification.com\/\" target=\"_blank\" rel=\"noopener\">PID <\/a>er et forretningsomr\u00e5de innen Possehl-konsernet med hovedkontor i L\u00fcbeck i Tyskland. PID fokuserer p\u00e5 selskaper som er aktive innen print &amp; apply, og Nordvalls har s\u00f8sterselskaper som <a href=\"https:\/\/logopak.de\/\" target=\"_blank\" rel=\"noopener\">Logopak<\/a> og <a href=\"https:\/\/www.novexx.com\/\" target=\"_blank\" rel=\"noopener\">Novexx Solutions<\/a>.[\/vc_column_text][\/vc_column_inner][vc_column_inner width=&raquo;1\/2&#8243;]<div class=\"ult-spacer spacer-6a035c2fa8265\" data-id=\"6a035c2fa8265\" data-height=\"\" data-height-mobile=\"50\" data-height-tab=\"50\" data-height-tab-portrait=\"50\" data-height-mobile-landscape=\"50\" style=\"clear:both;display:block;\"><\/div><style type=\"text\/css\" data-type=\"the7_shortcodes-inline-css\">.shortcode-single-image-wrap.shortcode-single-image-1f38208da031a2e030f8a250d60ffb1d.enable-bg-rollover .rollover i,\n.shortcode-single-image-wrap.shortcode-single-image-1f38208da031a2e030f8a250d60ffb1d.enable-bg-rollover .rollover-video i {\n  background: -webkit-linear-gradient();\n  background: linear-gradient();\n}\n.shortcode-single-image-wrap.shortcode-single-image-1f38208da031a2e030f8a250d60ffb1d .rollover-icon {\n  font-size: 32px;\n  color: #ffffff;\n  min-width: 44px;\n  min-height: 44px;\n  line-height: 44px;\n  border-radius: 100px;\n  border-style: solid;\n  border-width: 0px;\n}\n.dt-icon-bg-on.shortcode-single-image-wrap.shortcode-single-image-1f38208da031a2e030f8a250d60ffb1d .rollover-icon {\n  background: rgba(255,255,255,0.3);\n  box-shadow: none;\n}<\/style><div class=\"shortcode-single-image-wrap shortcode-single-image-1f38208da031a2e030f8a250d60ffb1d alignnone  enable-bg-rollover dt-icon-bg-off\" style=\"margin-top:0px; margin-bottom:0px; margin-left:0px; margin-right:0px; width:500px;\"><div class=\"shortcode-single-image\"><div class=\"fancy-media-wrap  layzr-bg\" style=\"border-radius:40px;\"><img decoding=\"async\" class=\"preload-me lazy-load aspect\" src=\"data:image\/svg+xml,%3Csvg%20xmlns%3D&#39;http%3A%2F%2Fwww.w3.org%2F2000%2Fsvg&#39;%20viewBox%3D&#39;0%200%20500%20333&#39;%2F%3E\" data-src=\"https:\/\/nordvallsetikett.com\/wp-content\/uploads\/2021\/06\/210308_nordvalls_1756-scaled-500x333.jpg\" data-srcset=\"https:\/\/nordvallsetikett.com\/wp-content\/uploads\/2021\/06\/210308_nordvalls_1756-scaled-500x333.jpg 500w, https:\/\/nordvallsetikett.com\/wp-content\/uploads\/2021\/06\/210308_nordvalls_1756-scaled-1000x666.jpg 1000w\" loading=\"eager\" sizes=\"(max-width: 500px) 100vw, 500px\" width=\"500\" height=\"333\"  data-dt-location=\"https:\/\/nordvallsetikett.com\/no\/?attachment_id=5054\" style=\"--ratio: 500 \/ 333;border-radius:40px;\" alt=\"Arbeta p\u00e5 Nordvalls\" \/><\/div><\/div><\/div>[\/vc_column_inner][\/vc_row_inner][\/vc_column][\/vc_row][vc_row full_width=&raquo;stretch_row_content&raquo; content_placement=&raquo;middle&raquo;][vc_column offset=&raquo;vc_hidden-sm vc_col-xs-12 vc_hidden-xs&raquo;]<div class=\"ult-spacer spacer-6a035c2fa954d\" data-id=\"6a035c2fa954d\" data-height=\"50\" data-height-mobile=\"30\" data-height-tab=\"\" data-height-tab-portrait=\"\" data-height-mobile-landscape=\"\" style=\"clear:both;display:block;\"><\/div>[vc_separator color=&raquo;black&raquo; css=&raquo;&raquo;][vc_row_inner equal_height=&raquo;yes&raquo; content_placement=&raquo;middle&raquo;][vc_column_inner width=&raquo;1\/5&#8243;][vc_single_image image=&raquo;10647&#8243; img_size=&raquo;80&#215;80&#8243; alignment=&raquo;center&raquo; css=&raquo;&raquo; image_hovers=&raquo;false&raquo;][\/vc_column_inner][vc_column_inner width=&raquo;1\/5&#8243; offset=&raquo;vc_hidden-sm vc_hidden-xs&raquo;][\/vc_column_inner][vc_column_inner width=&raquo;1\/5&#8243; offset=&raquo;vc_hidden-sm vc_hidden-xs&raquo;][\/vc_column_inner][vc_column_inner width=&raquo;1\/5&#8243; offset=&raquo;vc_hidden-sm vc_hidden-xs&raquo;][\/vc_column_inner][vc_column_inner width=&raquo;1\/5&#8243;][vc_single_image image=&raquo;10652&#8243; img_size=&raquo;medium&raquo; alignment=&raquo;center&raquo; css=&raquo;&raquo; image_hovers=&raquo;false&raquo;][\/vc_column_inner][\/vc_row_inner]<div class=\"ult-spacer spacer-6a035c2fa9584\" data-id=\"6a035c2fa9584\" data-height=\"\" data-height-mobile=\"10\" data-height-tab=\"\" data-height-tab-portrait=\"\" data-height-mobile-landscape=\"10\" style=\"clear:both;display:block;\"><\/div>[\/vc_column][\/vc_row][vc_row full_width=&raquo;stretch_row_content&raquo; content_placement=&raquo;middle&raquo;][vc_column offset=&raquo;vc_hidden-lg vc_hidden-md vc_col-xs-12&#8243;][vc_separator color=&raquo;black&raquo; css=&raquo;&raquo;][vc_row_inner equal_height=&raquo;yes&raquo; content_placement=&raquo;middle&raquo;][vc_column_inner][vc_single_image image=&raquo;10920&#8243; img_size=&raquo;340&#215;80&#8243; alignment=&raquo;center&raquo; css=&raquo;&raquo; image_hovers=&raquo;false&raquo;][\/vc_column_inner][\/vc_row_inner][\/vc_column][\/vc_row]<\/p>\n<\/div>","protected":false},"excerpt":{"rendered":"<p>[vc_row][vc_column][vc_row_inner content_placement=&raquo;middle&raquo;][vc_column_inner width=&raquo;1\/2&#8243;][vc_column_text css=&raquo;&raquo;] Ett Nordvalls, tre anlegg Nordvalls Etikett har hovedkontor i Sj\u00f6bo i Sk\u00e5ne. I Sj\u00f6bo trykker vi hovedsakelig etiketter til n\u00e6ringsmiddelbransjen, legemiddelbransjen, kosmetikk og skj\u00f8nnhet. P\u00e5 anlegget v\u00e5rt i Sj\u00f6bo produserer vi alle trykte medier selv, og vi har tilgang til et bredt utvalg av trykkpresser. Vi trykker med fleksotrykkpresser, silketrykkpresser, digitale&hellip;<\/p>\n","protected":false},"author":1,"featured_media":0,"parent":8537,"menu_order":0,"comment_status":"closed","ping_status":"closed","template":"","meta":{"footnotes":""},"class_list":["post-8569","page","type-page","status-publish","hentry","description-off"],"_links":{"self":[{"href":"https:\/\/nordvallsetikett.com\/no\/wp-json\/wp\/v2\/pages\/8569","targetHints":{"allow":["GET"]}}],"collection":[{"href":"https:\/\/nordvallsetikett.com\/no\/wp-json\/wp\/v2\/pages"}],"about":[{"href":"https:\/\/nordvallsetikett.com\/no\/wp-json\/wp\/v2\/types\/page"}],"author":[{"embeddable":true,"href":"https:\/\/nordvallsetikett.com\/no\/wp-json\/wp\/v2\/users\/1"}],"replies":[{"embeddable":true,"href":"https:\/\/nordvallsetikett.com\/no\/wp-json\/wp\/v2\/comments?post=8569"}],"version-history":[{"count":8,"href":"https:\/\/nordvallsetikett.com\/no\/wp-json\/wp\/v2\/pages\/8569\/revisions"}],"predecessor-version":[{"id":11065,"href":"https:\/\/nordvallsetikett.com\/no\/wp-json\/wp\/v2\/pages\/8569\/revisions\/11065"}],"up":[{"embeddable":true,"href":"https:\/\/nordvallsetikett.com\/no\/wp-json\/wp\/v2\/pages\/8537"}],"wp:attachment":[{"href":"https:\/\/nordvallsetikett.com\/no\/wp-json\/wp\/v2\/media?parent=8569"}],"curies":[{"name":"wp","href":"https:\/\/api.w.org\/{rel}","templated":true}]}}