{"id":8581,"date":"2024-05-30T07:39:49","date_gmt":"2024-05-30T07:39:49","guid":{"rendered":"https:\/\/nordvallsetikett.com\/etiketter\/utrykte-etiketter\/"},"modified":"2025-10-31T14:19:38","modified_gmt":"2025-10-31T14:19:38","slug":"utrykte-etiketter","status":"publish","type":"page","link":"https:\/\/nordvallsetikett.com\/no\/etiketter\/utrykte-etiketter\/","title":{"rendered":"Utrykte etiketter"},"content":{"rendered":"<div class=\"wpb-content-wrapper\"><p>[vc_row][vc_column][vc_row_inner content_placement=&raquo;middle&raquo;][vc_column_inner width=&raquo;1\/2&#8243;][vc_column_text]<\/p>\n<h2>Etiketter for eget trykk<\/h2>\n<p>Hos oss i Nordvalls finner du et bredt utvalg av utrykte etiketter. Utrykte etiketter er etiketter du kan lage trykk p\u00e5 selv ved hjelp av en termooverf\u00f8ringsskriver.<\/p>\n<p>Utrykte etiketter passer for deg som bruker etiketten til \u00e5 styre et produkt eller en enhet gjennom en produksjonsprosess. Mange velger utrykte etiketter for \u00e5 kunne trykke informasjon i form av for eksempel tekst og strekkoder p\u00e5 dem.[\/vc_column_text][\/vc_column_inner][vc_column_inner width=&raquo;1\/2&#8243;]<style type=\"text\/css\" data-type=\"the7_shortcodes-inline-css\">.shortcode-single-image-wrap.shortcode-single-image-908aee29ad027c821b1828df98bde377.enable-bg-rollover .rollover i,\n.shortcode-single-image-wrap.shortcode-single-image-908aee29ad027c821b1828df98bde377.enable-bg-rollover .rollover-video i {\n  background: -webkit-linear-gradient();\n  background: linear-gradient();\n}\n.shortcode-single-image-wrap.shortcode-single-image-908aee29ad027c821b1828df98bde377 .rollover-icon {\n  font-size: 32px;\n  color: #ffffff;\n  min-width: 44px;\n  min-height: 44px;\n  line-height: 44px;\n  border-radius: 100px;\n  border-style: solid;\n  border-width: 0px;\n}\n.dt-icon-bg-on.shortcode-single-image-wrap.shortcode-single-image-908aee29ad027c821b1828df98bde377 .rollover-icon {\n  background: rgba(255,255,255,0.3);\n  box-shadow: none;\n}<\/style><div class=\"shortcode-single-image-wrap shortcode-single-image-908aee29ad027c821b1828df98bde377 alignnone  vc_custom_1580845113181 enable-bg-rollover dt-icon-bg-off\" ><div class=\"shortcode-single-image\"><div class=\"fancy-media-wrap  layzr-bg\" style=\"border-radius:40px;\"><img fetchpriority=\"high\" decoding=\"async\" class=\"preload-me lazy-load aspect\" src=\"data:image\/svg+xml,%3Csvg%20xmlns%3D&#39;http%3A%2F%2Fwww.w3.org%2F2000%2Fsvg&#39;%20viewBox%3D&#39;0%200%20500%20333&#39;%2F%3E\" data-src=\"https:\/\/nordvallsetikett.com\/wp-content\/uploads\/2019\/12\/191121_0023_nordvalls-500x333.jpg\" data-srcset=\"https:\/\/nordvallsetikett.com\/wp-content\/uploads\/2019\/12\/191121_0023_nordvalls-500x333.jpg 500w, https:\/\/nordvallsetikett.com\/wp-content\/uploads\/2019\/12\/191121_0023_nordvalls-1000x666.jpg 1000w\" loading=\"eager\" sizes=\"(max-width: 500px) 100vw, 500px\" width=\"500\" height=\"333\"  data-dt-location=\"https:\/\/nordvallsetikett.com\/no\/nyheter\/forst-i-skandinavien-med-hp-v12\/attachment\/vid-fragor-om-bilden-skriv-till-christian-anderssonapeloga-se-2\/\" style=\"--ratio: 500 \/ 333;border-radius:40px;\" alt=\"\" \/><\/div><\/div><\/div>[\/vc_column_inner][\/vc_row_inner]<div class=\"ult-spacer spacer-69e7b1c53ebe5\" data-id=\"69e7b1c53ebe5\" data-height=\"100\" data-height-mobile=\"50\" data-height-tab=\"\" data-height-tab-portrait=\"\" data-height-mobile-landscape=\"\" style=\"clear:both;display:block;\"><\/div>[vc_row_inner content_placement=&raquo;middle&raquo;][vc_column_inner width=&raquo;1\/2&#8243;]<style type=\"text\/css\" data-type=\"the7_shortcodes-inline-css\">.shortcode-single-image-wrap.shortcode-single-image-c4939d06d079ef418ead8abf998de1bd.enable-bg-rollover .rollover i,\n.shortcode-single-image-wrap.shortcode-single-image-c4939d06d079ef418ead8abf998de1bd.enable-bg-rollover .rollover-video i {\n  background: -webkit-linear-gradient();\n  background: linear-gradient();\n}\n.shortcode-single-image-wrap.shortcode-single-image-c4939d06d079ef418ead8abf998de1bd .rollover-icon {\n  font-size: 32px;\n  color: #ffffff;\n  min-width: 44px;\n  min-height: 44px;\n  line-height: 44px;\n  border-radius: 100px;\n  border-style: solid;\n  border-width: 0px;\n}\n.dt-icon-bg-on.shortcode-single-image-wrap.shortcode-single-image-c4939d06d079ef418ead8abf998de1bd .rollover-icon {\n  background: rgba(255,255,255,0.3);\n  box-shadow: none;\n}<\/style><div class=\"shortcode-single-image-wrap shortcode-single-image-c4939d06d079ef418ead8abf998de1bd alignnone  vc_custom_1586856349106 enable-bg-rollover dt-icon-bg-off\" ><div class=\"shortcode-single-image\"><div class=\"fancy-media-wrap  layzr-bg\" style=\"border-radius:40px;\"><img decoding=\"async\" class=\"preload-me lazy-load aspect\" src=\"data:image\/svg+xml,%3Csvg%20xmlns%3D&#39;http%3A%2F%2Fwww.w3.org%2F2000%2Fsvg&#39;%20viewBox%3D&#39;0%200%20500%20333&#39;%2F%3E\" data-src=\"https:\/\/nordvallsetikett.com\/wp-content\/uploads\/2020\/04\/200311_2002_nordvalls-1-500x333.jpg\" data-srcset=\"https:\/\/nordvallsetikett.com\/wp-content\/uploads\/2020\/04\/200311_2002_nordvalls-1-500x333.jpg 500w, https:\/\/nordvallsetikett.com\/wp-content\/uploads\/2020\/04\/200311_2002_nordvalls-1-1000x666.jpg 1000w\" loading=\"eager\" sizes=\"(max-width: 500px) 100vw, 500px\" width=\"500\" height=\"333\"  data-dt-location=\"https:\/\/nordvallsetikett.com\/no\/nordvalls-etikett\/om-nordvalls\/attachment\/vid-fragor-om-bilden-skriv-till-christian-anderssonapeloga-se-24\/\" style=\"--ratio: 500 \/ 333;border-radius:40px;\" alt=\"Nordvalls Etikett\" \/><\/div><\/div><\/div>[\/vc_column_inner][vc_column_inner width=&raquo;1\/2&#8243;][vc_column_text]<\/p>\n<h3>Etiketter for strekkoder og informasjon<\/h3>\n<p>Etiketten har ofte en viktig funksjon som identitetsmark\u00f8r og informasjonsb\u00e6rer n\u00e5r den er festet til ulike produkter, enheter og komponenter i en produksjonsflyt.<\/p>\n<p>Den utrykte etiketten skal beholde kvaliteten under alle forhold, og vanligvis er det ogs\u00e5 viktig at den ikke lager merker i overflaten den st\u00e5r p\u00e5. Hos oss i Nordvalls kan du kj\u00f8pe etiketter som leveres i den st\u00f8rrelsen og formen som passer best for din virksomhet og ditt p\u00e5f\u00f8ringsutstyr. Sp\u00f8r oss gjerne hvis du er usikker p\u00e5 hvilken etikett som passer for dine behov.<\/p>\n<p>Hos oss i Nordvalls finner du et bredt utvalg av utrykte etiketter. Send en <a href=\"https:\/\/nordvallsetikett.com\/no\/foresporsel\/#1580289862291-50a7dd49-6d7e\">tilbudsforesp\u00f8rsel<\/a>, eller kontakt en av selgerne v\u00e5re for \u00e5 f\u00e5 informasjon om hva vi kan gj\u00f8re for deg.[\/vc_column_text][\/vc_column_inner][\/vc_row_inner]<div class=\"ult-spacer spacer-69e7b1c53fc60\" data-id=\"69e7b1c53fc60\" data-height=\"100\" data-height-mobile=\"50\" data-height-tab=\"\" data-height-tab-portrait=\"\" data-height-mobile-landscape=\"\" style=\"clear:both;display:block;\"><\/div>[vc_row_inner content_placement=&raquo;middle&raquo;][vc_column_inner width=&raquo;1\/2&#8243;][vc_column_text css=&raquo;&raquo;]<\/p>\n<h3>Etiketter med h\u00f8y lesbarhet<\/h3>\n<p>Materialet p\u00e5 etiketten p\u00e5virker hvor lett utstyret til bedriften din klarer \u00e5 lese den. Informasjonen p\u00e5 etiketten skal v\u00e6re tydelig og enkel \u00e5 lese, uansett om du velger et syntetisk materiale eller papir.<\/p>\n<p>Utrykte etiketter, eller etiketter for eget trykk, er vanlig \u00e5 bruke b\u00e5de i forbindelse med <a href=\"https:\/\/nordvallsetikett.com\/no\/etiketter\/etiketter-til-flasker-mat-og-naeringsmidler\/\">n\u00e6ringsmidler,<\/a> f.eks. i delikatessedisken, og til <a href=\"https:\/\/nordvallsetikett.com\/no\/etiketter\/etiketter-for-legemidler\/\">legemidler<\/a>, der legen trenger \u00e5 vite instruksjoner og pasientinformasjon.<\/p>\n<p>Sp\u00f8r gjerne en av de dyktige selgerne v\u00e5re om hjelp n\u00e5r du skal bestille utrykte etiketter. De er her for deg.[\/vc_column_text][\/vc_column_inner][vc_column_inner width=&raquo;1\/2&#8243;]<style type=\"text\/css\" data-type=\"the7_shortcodes-inline-css\">.shortcode-single-image-wrap.shortcode-single-image-f641aa2d08d495dfac20c0a930aa32ee.enable-bg-rollover .rollover i,\n.shortcode-single-image-wrap.shortcode-single-image-f641aa2d08d495dfac20c0a930aa32ee.enable-bg-rollover .rollover-video i {\n  background: -webkit-linear-gradient();\n  background: linear-gradient();\n}\n.shortcode-single-image-wrap.shortcode-single-image-f641aa2d08d495dfac20c0a930aa32ee .rollover-icon {\n  font-size: 32px;\n  color: #ffffff;\n  min-width: 44px;\n  min-height: 44px;\n  line-height: 44px;\n  border-radius: 100px;\n  border-style: solid;\n  border-width: 0px;\n}\n.dt-icon-bg-on.shortcode-single-image-wrap.shortcode-single-image-f641aa2d08d495dfac20c0a930aa32ee .rollover-icon {\n  background: rgba(255,255,255,0.3);\n  box-shadow: none;\n}<\/style><div class=\"shortcode-single-image-wrap shortcode-single-image-f641aa2d08d495dfac20c0a930aa32ee alignnone  vc_custom_1580845137484 enable-bg-rollover dt-icon-bg-off\" ><div class=\"shortcode-single-image\"><div class=\"fancy-media-wrap  layzr-bg\" style=\"border-radius:40px;\"><img decoding=\"async\" class=\"preload-me lazy-load aspect\" src=\"data:image\/svg+xml,%3Csvg%20xmlns%3D&#39;http%3A%2F%2Fwww.w3.org%2F2000%2Fsvg&#39;%20viewBox%3D&#39;0%200%20500%20333&#39;%2F%3E\" data-src=\"https:\/\/nordvallsetikett.com\/wp-content\/uploads\/2019\/12\/191121_0386_nordvalls-500x333.jpg\" data-srcset=\"https:\/\/nordvallsetikett.com\/wp-content\/uploads\/2019\/12\/191121_0386_nordvalls-500x333.jpg 500w, https:\/\/nordvallsetikett.com\/wp-content\/uploads\/2019\/12\/191121_0386_nordvalls-1000x666.jpg 1000w\" loading=\"eager\" sizes=\"(max-width: 500px) 100vw, 500px\" width=\"500\" height=\"333\"  data-dt-location=\"https:\/\/nordvallsetikett.com\/no\/nyheter\/forst-i-skandinavien-med-hp-v12\/attachment\/vid-fragor-om-bilden-skriv-till-christian-anderssonapeloga-se-7\/\" style=\"--ratio: 500 \/ 333;border-radius:40px;\" alt=\"Marie Olofsson_Nordvalls\" \/><\/div><\/div><\/div>[\/vc_column_inner][\/vc_row_inner]<div class=\"ult-spacer spacer-69e7b1c540ab7\" data-id=\"69e7b1c540ab7\" data-height=\"50\" data-height-mobile=\"50\" data-height-tab=\"\" data-height-tab-portrait=\"\" data-height-mobile-landscape=\"\" style=\"clear:both;display:block;\"><\/div>[vc_row_inner][vc_column_inner width=&raquo;1\/4&#8243;][\/vc_column_inner][vc_column_inner width=&raquo;1\/2&#8243;]<style type=\"text\/css\" data-type=\"the7_shortcodes-inline-css\">#default-btn-f1d97badc48e159b1a8a5480651b616e.ico-right-side > i {\n  margin-right: 0px;\n  margin-left: 8px;\n}\n#default-btn-f1d97badc48e159b1a8a5480651b616e > i {\n  margin-right: 8px;\n}<\/style><div class=\"btn-align-center\"><a href=\"https:\/\/nordvallsetikett.com\/no\/foresporsel\/\" class=\"default-btn-shortcode dt-btn dt-btn-l link-hover-off \" id=\"default-btn-f1d97badc48e159b1a8a5480651b616e\"><span>Kontakt selger<\/span><\/a><\/div>[\/vc_column_inner][vc_column_inner width=&raquo;1\/4&#8243;][\/vc_column_inner][\/vc_row_inner]<div class=\"ult-spacer spacer-69e7b1c540bd9\" data-id=\"69e7b1c540bd9\" data-height=\"50\" data-height-mobile=\"50\" data-height-tab=\"50\" data-height-tab-portrait=\"\" data-height-mobile-landscape=\"\" style=\"clear:both;display:block;\"><\/div>[\/vc_column][\/vc_row][vc_row][vc_column]<div class=\"hr-thin style-line\" style=\"width: 100%;border-top-width: 1px;\"><\/div>[\/vc_column][\/vc_row][vc_row][vc_column]<div class=\"ult-spacer spacer-69e7b1c540c61\" data-id=\"69e7b1c540c61\" data-height=\"40\" data-height-mobile=\"40\" data-height-tab=\"40\" data-height-tab-portrait=\"\" data-height-mobile-landscape=\"\" style=\"clear:both;display:block;\"><\/div><div id=\"ult-carousel-212578658269e7b1c540e93\" class=\"ult-carousel-wrapper   ult_horizontal\" data-gutter=\"15\" data-rtl=\"false\" ><div class=\"ult-carousel-119233374169e7b1c540d13 \" ><div class=\"ult-item-wrap\" data-animation=\"animated no-animation\">\n<div tabindex=\"0\" id=\"interactive-banner-1-wrap-5251\" class=\"ult-banner-block ult-adjust-bottom-margin ult-bb-box ult-banner-block-custom-height banner-style01 \"   style=\"height:250px;\">\n\t<img decoding=\"async\" src=\"https:\/\/nordvallsetikett.com\/wp-content\/uploads\/2019\/02\/Pharma_600px.jpg\" alt=\"null\">\n\t<h3  data-ultimate-target='#interactive-banner-1-wrap-5251 .bb-top-title '  data-responsive-json-new='{\"font-size\":\"\",\"line-height\":\"\"}'  class=\"title-center bb-top-title ult-responsive\" style=\"font-weight:normal;background:#1e73be;color:#ffffff;\">Etiketter for legemidler<\/h3>\n\t<div class=\"mask opaque-background\" style=\"background:;\">\n\t\t<div  data-ultimate-target='#interactive-banner-1-wrap-5251 .bb-description'  data-responsive-json-new='{\"font-size\":\"\",\"line-height\":\"\"}'  class=\"bb-description ult-responsive\" style=\"font-weight:normal;color:#ffffff;\">Nordvalls har v\u00e6rt leverand\u00f8r av etiketter til kunder i legemiddelbransjen i mange \u00e5r. Vi er godt kjent med regelverket for hygiene, kvalitet og sikkerhet.<\/div>\n\t<\/div><a class=\"bb-link\" href=\"https:\/\/nordvallsetikett.com\/no\/etiketter\/etiketter-for-legemidler\/\" title=\"Etiketter for legemidler\" ><\/a>\n<\/div><\/div><div class=\"ult-item-wrap\" data-animation=\"animated no-animation\">\n<div tabindex=\"0\" id=\"interactive-banner-1-wrap-6468\" class=\"ult-banner-block ult-adjust-bottom-margin ult-bb-box ult-banner-block-custom-height banner-style01 \"   style=\"height:250px;\">\n\t<img decoding=\"async\" src=\"https:\/\/nordvallsetikett.com\/wp-content\/uploads\/2019\/12\/191121_0691_nordvalls.jpg\" alt=\"Etiketter f\u00f6r m\u00e4rkning Nordvalls\">\n\t<h3  data-ultimate-target='#interactive-banner-1-wrap-6468 .bb-top-title '  data-responsive-json-new='{\"font-size\":\"\",\"line-height\":\"\"}'  class=\"title-center bb-top-title ult-responsive\" style=\"font-weight:normal;background:#1e73be;color:#ffffff;\">Etiketter for produksjon<\/h3>\n\t<div class=\"mask opaque-background\" style=\"background:;\">\n\t\t<div  data-ultimate-target='#interactive-banner-1-wrap-6468 .bb-description'  data-responsive-json-new='{\"font-size\":\"\",\"line-height\":\"\"}'  class=\"bb-description ult-responsive\" style=\"font-weight:normal;color:#ffffff;\">Strekkodeetiketter og etiketter for produksjon. Mange av etikettene Nordvalls leverer spiller en viktig rolle i en produksjonsflyt.<\/div>\n\t<\/div><a class=\"bb-link\" href=\"https:\/\/nordvallsetikett.com\/no\/etiketter\/etiketter-for-produksjon\/\" title=\"Etiketter for produksjon\" ><\/a>\n<\/div><\/div><div class=\"ult-item-wrap\" data-animation=\"animated no-animation\">\n<div tabindex=\"0\" id=\"interactive-banner-1-wrap-7602\" class=\"ult-banner-block ult-adjust-bottom-margin ult-bb-box ult-banner-block-custom-height banner-style01 \"   style=\"height:250px;\">\n\t<img decoding=\"async\" src=\"https:\/\/nordvallsetikett.com\/wp-content\/uploads\/2020\/02\/maskin-etikettryckeri.jpg\" alt=\"null\">\n\t<h3  data-ultimate-target='#interactive-banner-1-wrap-7602 .bb-top-title '  data-responsive-json-new='{\"font-size\":\"\",\"line-height\":\"\"}'  class=\"title-center bb-top-title ult-responsive\" style=\"font-weight:normal;background:#1e73be;color:#ffffff;\">Spr\u00f8yteetiketter<\/h3>\n\t<div class=\"mask opaque-background\" style=\"background:;\">\n\t\t<div  data-ultimate-target='#interactive-banner-1-wrap-7602 .bb-description'  data-responsive-json-new='{\"font-size\":\"\",\"line-height\":\"\"}'  class=\"bb-description ult-responsive\" style=\"font-weight:normal;color:#ffffff;\">Etiketter som brukes til \u00e5 merke medisinsk utstyr innen helsevesenet. Spr\u00f8yteetiketten er en vanlig etikett med en viktig funksjon. Les mer her!<\/div>\n\t<\/div><a class=\"bb-link\" href=\"https:\/\/nordvallsetikett.com\/no\/etiketter\/sproyteetiketter\/\" title=\"Spr\u00f8yteetiketter\" ><\/a>\n<\/div><\/div><\/div><\/div>\t\t\t<script type=\"text\/javascript\">\n\t\t\t\tjQuery(document).ready(function ($) {\n\t\t\t\t\tif( typeof jQuery('.ult-carousel-119233374169e7b1c540d13').slick == \"function\"){\n\t\t\t\t\t\t$('.ult-carousel-119233374169e7b1c540d13').slick({dots: true,autoplay: true,autoplaySpeed: \"5000\",speed: \"300\",infinite: true,arrows: true,nextArrow: '<button type=\"button\" role=\"button\" aria-label=\"Next\" style=\"color:#333333; font-size:20px;\" class=\"slick-next default\"><i class=\"ultsl-arrow-right4\"><\/i><\/button>',prevArrow: '<button type=\"button\" role=\"button\" aria-label=\"Previous\" style=\"color:#333333; font-size:20px;\" class=\"slick-prev default\"><i class=\"ultsl-arrow-left4\"><\/i><\/button>',slidesToScroll:3,slidesToShow:3,swipe: true,draggable: true,touchMove: true,pauseOnHover: true,pauseOnFocus: false,centerMode: true,responsive: [\n\t\t\t\t\t\t\t{\n\t\t\t\t\t\t\t  breakpoint: 1026,\n\t\t\t\t\t\t\t  settings: {\n\t\t\t\t\t\t\t\tslidesToShow: 3,\n\t\t\t\t\t\t\t\tslidesToScroll: 3,  \n\t\t\t\t\t\t\t  }\n\t\t\t\t\t\t\t},\n\t\t\t\t\t\t\t{\n\t\t\t\t\t\t\t  breakpoint: 1025,\n\t\t\t\t\t\t\t  settings: {\n\t\t\t\t\t\t\t\tslidesToShow: 3,\n\t\t\t\t\t\t\t\tslidesToScroll: 3\n\t\t\t\t\t\t\t  }\n\t\t\t\t\t\t\t},\n\t\t\t\t\t\t\t{\n\t\t\t\t\t\t\t  breakpoint: 760,\n\t\t\t\t\t\t\t  settings: {\n\t\t\t\t\t\t\t\tslidesToShow: 1,\n\t\t\t\t\t\t\t\tslidesToScroll: 1\n\t\t\t\t\t\t\t  }\n\t\t\t\t\t\t\t}\n\t\t\t\t\t\t],pauseOnDotsHover: true,customPaging: function(slider, i) {\n                   return '<i type=\"button\" style= \"color:#333333;\" class=\"ultsl-record\" data-role=\"none\"><\/i>';\n                },});\n\t\t\t\t\t}\n\t\t\t\t});\n\t\t\t<\/script>\n\t\t\t<div class=\"ult-spacer spacer-69e7b1c5419eb\" data-id=\"69e7b1c5419eb\" data-height=\"40\" data-height-mobile=\"40\" data-height-tab=\"40\" data-height-tab-portrait=\"\" data-height-mobile-landscape=\"\" style=\"clear:both;display:block;\"><\/div>[\/vc_column][\/vc_row][vc_row bg_type=&raquo;image&raquo; parallax_style=&raquo;vcpb-vz-jquery&raquo; bg_image_new=&raquo;id^2887|url^http:\/\/nordvalls.se\/wp-content\/uploads\/2019\/12\/191121_nordvalls2839.jpg|caption^Vid fr\u00e5gor om bilden, mejla: erika.weiland@apeloga.se|alt^null|title^Vid fr\u00e5gor om bilden, mejla: erika.weiland@apeloga.se|description^null&raquo; bg_image_repeat=&raquo;no-repeat&raquo; bg_override=&raquo;full&raquo; disable_on_mobile_img_parallax=&raquo;disable_on_mobile_img_parallax_value&raquo; fadeout_row=&raquo;fadeout_row_value&raquo; fadeout_start_effect=&raquo;30&#8243; enable_overlay=&raquo;enable_overlay_value&raquo; overlay_color=&raquo;rgba(38,45,55,0.5)&raquo;][vc_column css=&raquo;.vc_custom_1560418610056{padding-top: 150px !important;padding-bottom: 150px !important;}&raquo; offset=&raquo;vc_col-lg-offset-2 vc_col-lg-8&#8243;]<div id=\"ultimate-heading-677469e7b1c541a79\" class=\"uvc-heading ult-adjust-bottom-margin ultimate-heading-677469e7b1c541a79 uvc-1961 \" data-hspacer=\"no_spacer\"  data-halign=\"center\" style=\"text-align:center\"><div class=\"uvc-heading-spacer no_spacer\" style=\"top\"><\/div><div class=\"uvc-main-heading ult-responsive\"  data-ultimate-target='.uvc-heading.ultimate-heading-677469e7b1c541a79 h3'  data-responsive-json-new='{\"font-size\":\"desktop:25px;\",\"line-height\":\"\"}' ><h3 style=\"font-weight:bold;color:#ffffff;margin-bottom:15px;\">Finner du ikke det du leter etter?<\/h3><\/div><div class=\"uvc-sub-heading ult-responsive\"  data-ultimate-target='.uvc-heading.ultimate-heading-677469e7b1c541a79 .uvc-sub-heading '  data-responsive-json-new='{\"font-size\":\"desktop:20px;\",\"line-height\":\"desktop:34px;\"}'  style=\"font-weight:bold;color:#ffffff;margin-bottom:20px;\"><span style=\"font-weight: 400;\">\u00a0Ta gjerne kontakt med v\u00e5r kundest\u00f8tte. De hjelper deg med \u00e5 finne riktig etikett.<\/span><\/div><\/div><style type=\"text\/css\" data-type=\"the7_shortcodes-inline-css\">#default-btn-19290666cb59604b939053c631179701.ico-right-side > i {\n  margin-right: 0px;\n  margin-left: 8px;\n}\n#default-btn-19290666cb59604b939053c631179701 > i {\n  margin-right: 8px;\n}<\/style><div class=\"btn-align-center\"><a href=\"https:\/\/nordvallsetikett.com\/no\/foresporsel\/\" class=\"default-btn-shortcode dt-btn dt-btn-l link-hover-off \" id=\"default-btn-19290666cb59604b939053c631179701\" style=\"width:400px;\"><span>Kontakt Nordvalls kundest\u00f8tte<\/span><\/a><\/div>[\/vc_column][\/vc_row][vc_column][\/vc_column][vc_column][\/vc_column]<\/p>\n<p>[vc_row full_width=&raquo;stretch_row_content&raquo; content_placement=&raquo;middle&raquo;][vc_column offset=&raquo;vc_hidden-sm vc_col-xs-12 vc_hidden-xs&raquo;][vc_separator color=&raquo;black&raquo; css=&raquo;&raquo;][vc_row_inner equal_height=&raquo;yes&raquo; content_placement=&raquo;middle&raquo;][vc_column_inner width=&raquo;1\/5&#8243;][vc_single_image image=&raquo;10647&#8243; img_size=&raquo;80&#215;80&#8243; alignment=&raquo;center&raquo; css=&raquo;&raquo; image_hovers=&raquo;false&raquo;][\/vc_column_inner][vc_column_inner width=&raquo;1\/5&#8243; offset=&raquo;vc_hidden-sm vc_hidden-xs&raquo;][\/vc_column_inner][vc_column_inner width=&raquo;1\/5&#8243; offset=&raquo;vc_hidden-sm vc_hidden-xs&raquo;][\/vc_column_inner][vc_column_inner width=&raquo;1\/5&#8243; offset=&raquo;vc_hidden-sm vc_hidden-xs&raquo;][\/vc_column_inner][vc_column_inner width=&raquo;1\/5&#8243;][vc_single_image image=&raquo;10652&#8243; img_size=&raquo;medium&raquo; alignment=&raquo;center&raquo; css=&raquo;&raquo; image_hovers=&raquo;false&raquo;][\/vc_column_inner][\/vc_row_inner]<div class=\"ult-spacer spacer-69e7b1c541b8c\" data-id=\"69e7b1c541b8c\" data-height=\"\" data-height-mobile=\"10\" data-height-tab=\"\" data-height-tab-portrait=\"\" data-height-mobile-landscape=\"10\" style=\"clear:both;display:block;\"><\/div>[\/vc_column][\/vc_row][vc_row full_width=&raquo;stretch_row_content&raquo; content_placement=&raquo;middle&raquo;][vc_column offset=&raquo;vc_hidden-lg vc_hidden-md vc_col-xs-12&#8243;][vc_separator color=&raquo;black&raquo; css=&raquo;&raquo;][vc_row_inner equal_height=&raquo;yes&raquo; content_placement=&raquo;middle&raquo;][vc_column_inner][vc_single_image image=&raquo;10920&#8243; img_size=&raquo;340&#215;80&#8243; alignment=&raquo;center&raquo; css=&raquo;&raquo; image_hovers=&raquo;false&raquo;][\/vc_column_inner][\/vc_row_inner][\/vc_column][\/vc_row]<\/p>\n<\/div>","protected":false},"excerpt":{"rendered":"<p>[vc_row][vc_column][vc_row_inner content_placement=&raquo;middle&raquo;][vc_column_inner width=&raquo;1\/2&#8243;][vc_column_text] Etiketter for eget trykk Hos oss i Nordvalls finner du et bredt utvalg av utrykte etiketter. Utrykte etiketter er etiketter du kan lage trykk p\u00e5 selv ved hjelp av en termooverf\u00f8ringsskriver. Utrykte etiketter passer for deg som bruker etiketten til \u00e5 styre et produkt eller en enhet gjennom en produksjonsprosess. Mange velger&hellip;<\/p>\n","protected":false},"author":1,"featured_media":0,"parent":8519,"menu_order":0,"comment_status":"closed","ping_status":"closed","template":"","meta":{"footnotes":""},"class_list":["post-8581","page","type-page","status-publish","hentry","description-off"],"_links":{"self":[{"href":"https:\/\/nordvallsetikett.com\/no\/wp-json\/wp\/v2\/pages\/8581","targetHints":{"allow":["GET"]}}],"collection":[{"href":"https:\/\/nordvallsetikett.com\/no\/wp-json\/wp\/v2\/pages"}],"about":[{"href":"https:\/\/nordvallsetikett.com\/no\/wp-json\/wp\/v2\/types\/page"}],"author":[{"embeddable":true,"href":"https:\/\/nordvallsetikett.com\/no\/wp-json\/wp\/v2\/users\/1"}],"replies":[{"embeddable":true,"href":"https:\/\/nordvallsetikett.com\/no\/wp-json\/wp\/v2\/comments?post=8581"}],"version-history":[{"count":9,"href":"https:\/\/nordvallsetikett.com\/no\/wp-json\/wp\/v2\/pages\/8581\/revisions"}],"predecessor-version":[{"id":11041,"href":"https:\/\/nordvallsetikett.com\/no\/wp-json\/wp\/v2\/pages\/8581\/revisions\/11041"}],"up":[{"embeddable":true,"href":"https:\/\/nordvallsetikett.com\/no\/wp-json\/wp\/v2\/pages\/8519"}],"wp:attachment":[{"href":"https:\/\/nordvallsetikett.com\/no\/wp-json\/wp\/v2\/media?parent=8581"}],"curies":[{"name":"wp","href":"https:\/\/api.w.org\/{rel}","templated":true}]}}