{"id":8609,"date":"2024-05-30T07:40:10","date_gmt":"2024-05-30T07:40:10","guid":{"rendered":"https:\/\/nordvallsetikett.com\/etiketter\/etiketter-for-e-handel-og-logistikk\/"},"modified":"2025-10-31T13:55:01","modified_gmt":"2025-10-31T13:55:01","slug":"etiketter-for-e-handel-og-logistikk","status":"publish","type":"page","link":"https:\/\/nordvallsetikett.com\/no\/etiketter\/etiketter-for-e-handel-og-logistikk\/","title":{"rendered":"Etiketter for e-handel og logistikk"},"content":{"rendered":"<div class=\"wpb-content-wrapper\"><p>[vc_row][vc_column width=&raquo;1\/2&#8243;][vc_column_text css=&raquo;&raquo;]<\/p>\n<h2>Strekkodeetiketter, STE-etiketter, fraktetiketter<\/h2>\n<p>Det er en stadig ettersp\u00f8rsel etter etiketter til e-handel og logistikk, f.eks. STE-etiketter, <a href=\"https:\/\/nordvallsetikett.com\/no\/etiketter\/fraktetiketter\/\">fraktetiketter<\/a>, plukketiketter og etiketter som brukes til merking av hyller og identifisering av produkter og forsendelser med mer.<\/p>\n<h3>Nordvalls Etikett \u2013 en samarbeidspartner du kan stole p\u00e5<\/h3>\n<p>Arbeidstempoet innen e-handel og logistikk er h\u00f8yt, og leveringstider og leveringssikkerhet er ikke noe du \u00f8nsker \u00e5 g\u00e5 p\u00e5 akkord med. Med mange \u00e5rs erfaring som leverand\u00f8r for bedrifter innen e-handel og logistikk vet vi i Nordvalls hvordan vi skal levere i tide og med riktig kvalitet. I en bransje med h\u00f8yt tempo er en p\u00e5litelig partner et smart valg.[\/vc_column_text][\/vc_column][vc_column width=&raquo;1\/2&#8243;]<style type=\"text\/css\" data-type=\"the7_shortcodes-inline-css\">.shortcode-single-image-wrap.shortcode-single-image-c54b64197ff82517854a632c01a3073c.enable-bg-rollover .rollover i,\n.shortcode-single-image-wrap.shortcode-single-image-c54b64197ff82517854a632c01a3073c.enable-bg-rollover .rollover-video i {\n  background: -webkit-linear-gradient();\n  background: linear-gradient();\n}\n.shortcode-single-image-wrap.shortcode-single-image-c54b64197ff82517854a632c01a3073c .rollover-icon {\n  font-size: 32px;\n  color: #ffffff;\n  min-width: 44px;\n  min-height: 44px;\n  line-height: 44px;\n  border-radius: 100px;\n  border-style: solid;\n  border-width: 0px;\n}\n.dt-icon-bg-on.shortcode-single-image-wrap.shortcode-single-image-c54b64197ff82517854a632c01a3073c .rollover-icon {\n  background: rgba(255,255,255,0.3);\n  box-shadow: none;\n}<\/style><div class=\"shortcode-single-image-wrap shortcode-single-image-c54b64197ff82517854a632c01a3073c alignnone  enable-bg-rollover dt-icon-bg-off\" style=\"margin-top:0px; margin-bottom:0px; margin-left:0px; margin-right:0px; width:500px;\"><div class=\"shortcode-single-image\"><div class=\"fancy-media-wrap  layzr-bg\" style=\"border-radius:40px;\"><img fetchpriority=\"high\" decoding=\"async\" class=\"preload-me lazy-load aspect\" src=\"data:image\/svg+xml,%3Csvg%20xmlns%3D&#39;http%3A%2F%2Fwww.w3.org%2F2000%2Fsvg&#39;%20viewBox%3D&#39;0%200%20500%20333&#39;%2F%3E\" data-src=\"https:\/\/nordvallsetikett.com\/wp-content\/uploads\/2022\/04\/220125_0364_Nordvalls-1-scaled-500x333.jpg\" data-srcset=\"https:\/\/nordvallsetikett.com\/wp-content\/uploads\/2022\/04\/220125_0364_Nordvalls-1-scaled-500x333.jpg 500w, https:\/\/nordvallsetikett.com\/wp-content\/uploads\/2022\/04\/220125_0364_Nordvalls-1-scaled-1000x666.jpg 1000w\" loading=\"eager\" sizes=\"(max-width: 500px) 100vw, 500px\" width=\"500\" height=\"333\"  data-dt-location=\"https:\/\/nordvallsetikett.com\/no\/certifieringar\/attachment\/220125_0364_nordvalls-1\/\" style=\"--ratio: 500 \/ 333;border-radius:40px;\" alt=\"Bild tagen av: Christian Andersson, Apel\u00f6ga Malm\u00f6\" \/><\/div><\/div><\/div>[\/vc_column][\/vc_row][vc_row][vc_column]<div class=\"ult-spacer spacer-69e1a6510470a\" data-id=\"69e1a6510470a\" data-height=\"100\" data-height-mobile=\"50\" data-height-tab=\"\" data-height-tab-portrait=\"\" data-height-mobile-landscape=\"\" style=\"clear:both;display:block;\"><\/div>[vc_row_inner][vc_column_inner width=&raquo;1\/4&#8243;][\/vc_column_inner][vc_column_inner width=&raquo;1\/2&#8243;][vc_column_text css=&raquo;.vc_custom_1580391682891{border-left-width: 5px !important;padding-left: 20px !important;border-left-color: #1e73be !important;border-left-style: solid !important;}&raquo;]<\/p>\n<h4>Vi \u00f8nsker \u00e5 v\u00e6re en langsiktig leverand\u00f8r for kundene v\u00e5re og tilbyr derfor konkurransedyktige etikettl\u00f8sninger for e-handels- og logistikkbedrifter i rask vekst.<\/h4>\n<p>[\/vc_column_text][\/vc_column_inner][vc_column_inner width=&raquo;1\/4&#8243;][\/vc_column_inner][\/vc_row_inner]<div class=\"ult-spacer spacer-69e1a65104745\" data-id=\"69e1a65104745\" data-height=\"100\" data-height-mobile=\"50\" data-height-tab=\"\" data-height-tab-portrait=\"\" data-height-mobile-landscape=\"\" style=\"clear:both;display:block;\"><\/div>[vc_row_inner][vc_column_inner width=&raquo;1\/2&#8243;]<style type=\"text\/css\" data-type=\"the7_shortcodes-inline-css\">.shortcode-single-image-wrap.shortcode-single-image-099427ba213f46f9c29aa9eda110e571.enable-bg-rollover .rollover i,\n.shortcode-single-image-wrap.shortcode-single-image-099427ba213f46f9c29aa9eda110e571.enable-bg-rollover .rollover-video i {\n  background: -webkit-linear-gradient();\n  background: linear-gradient();\n}\n.shortcode-single-image-wrap.shortcode-single-image-099427ba213f46f9c29aa9eda110e571 .rollover-icon {\n  font-size: 32px;\n  color: #ffffff;\n  min-width: 44px;\n  min-height: 44px;\n  line-height: 44px;\n  border-radius: 100px;\n  border-style: solid;\n  border-width: 0px;\n}\n.dt-icon-bg-on.shortcode-single-image-wrap.shortcode-single-image-099427ba213f46f9c29aa9eda110e571 .rollover-icon {\n  background: rgba(255,255,255,0.3);\n  box-shadow: none;\n}<\/style><div class=\"shortcode-single-image-wrap shortcode-single-image-099427ba213f46f9c29aa9eda110e571 alignnone  vc_custom_1586855952683 enable-bg-rollover dt-icon-bg-off\" ><div class=\"shortcode-single-image\"><div class=\"fancy-media-wrap  layzr-bg\" style=\"border-radius:40px;\"><img decoding=\"async\" class=\"preload-me lazy-load aspect\" src=\"data:image\/svg+xml,%3Csvg%20xmlns%3D&#39;http%3A%2F%2Fwww.w3.org%2F2000%2Fsvg&#39;%20viewBox%3D&#39;0%200%20500%20333&#39;%2F%3E\" data-src=\"https:\/\/nordvallsetikett.com\/wp-content\/uploads\/2020\/04\/200311_2026_nordvalls-1-1-500x333.jpg\" data-srcset=\"https:\/\/nordvallsetikett.com\/wp-content\/uploads\/2020\/04\/200311_2026_nordvalls-1-1-500x333.jpg 500w, https:\/\/nordvallsetikett.com\/wp-content\/uploads\/2020\/04\/200311_2026_nordvalls-1-1-1000x666.jpg 1000w\" loading=\"eager\" sizes=\"(max-width: 500px) 100vw, 500px\" width=\"500\" height=\"333\"  data-dt-location=\"https:\/\/nordvallsetikett.com\/no\/nordvalls-etikett\/om-nordvalls\/vision-och-affarside\/attachment\/vid-fragor-om-bilden-skriv-till-christian-anderssonapeloga-se-25\/\" style=\"--ratio: 500 \/ 333;border-radius:40px;\" alt=\"Best\u00e4lla etikett\" \/><\/div><\/div><\/div>[\/vc_column_inner][vc_column_inner width=&raquo;1\/2&#8243;][vc_column_text]<\/p>\n<h3>Riktig kvalitet med Nordvalls etiketter for e-handel og logistikk<\/h3>\n<p>Hos Nordvalls finner du et bredt utvalg av materialer, bindemidler og formater. Som erfaren leverand\u00f8r av etiketter til e-handels- og logistikkbedrifter vet vi hvilke materialer som fungerer til ulike form\u00e5l, og vi jobber aktivt for \u00e5 holde tritt med utviklingen av ny og smart emballasje.<\/p>\n<p>Vi \u00f8nsker \u00e5 v\u00e6re en langsiktig leverand\u00f8r for kundene v\u00e5re og tilbyr derfor konkurransedyktige etikettl\u00f8sninger for e-handels- og logistikkbedrifter i rask vekst.<\/p>\n<p>Vet du allerede hva du vil ha og \u00f8nsker \u00e5 bestille med en gang? Ta gjerne en titt i v\u00e5r <a href=\"https:\/\/fraktetiketter.nordvalls.se\/\" target=\"_blank\" rel=\"noopener\">nettbutikk for fraktetiketter<\/a>.[\/vc_column_text][\/vc_column_inner][\/vc_row_inner][\/vc_column][\/vc_row][vc_row][vc_column]<div class=\"ult-spacer spacer-69e1a65105752\" data-id=\"69e1a65105752\" data-height=\"50\" data-height-mobile=\"50\" data-height-tab=\"50\" data-height-tab-portrait=\"\" data-height-mobile-landscape=\"\" style=\"clear:both;display:block;\"><\/div><style type=\"text\/css\" data-type=\"the7_shortcodes-inline-css\">#default-btn-fd97cecaeb5e5dbb3d88be10f4719b8b.ico-right-side > i {\n  margin-right: 0px;\n  margin-left: 8px;\n}\n#default-btn-fd97cecaeb5e5dbb3d88be10f4719b8b > i {\n  margin-right: 8px;\n}<\/style><div class=\"btn-align-center\"><a href=\"https:\/\/nordvallsetikett.com\/sv\/forfragan\/\" class=\"default-btn-shortcode dt-btn dt-btn-l link-hover-off \" id=\"default-btn-fd97cecaeb5e5dbb3d88be10f4719b8b\" title=\"F\u00f6rfr\u00e5gan\"><span>Be om tilbud<\/span><\/a><\/div><div class=\"ult-spacer spacer-69e1a65105877\" data-id=\"69e1a65105877\" data-height=\"50\" data-height-mobile=\"50\" data-height-tab=\"50\" data-height-tab-portrait=\"\" data-height-mobile-landscape=\"\" style=\"clear:both;display:block;\"><\/div><div class=\"hr-thin style-line\" style=\"width: 100%;border-top-width: 1px;\"><\/div>[\/vc_column][\/vc_row][vc_row][vc_column]<div class=\"ult-spacer spacer-69e1a65105902\" data-id=\"69e1a65105902\" data-height=\"40\" data-height-mobile=\"40\" data-height-tab=\"40\" data-height-tab-portrait=\"\" data-height-mobile-landscape=\"\" style=\"clear:both;display:block;\"><\/div><div id=\"ult-carousel-112377333569e1a65105adf\" class=\"ult-carousel-wrapper   ult_horizontal\" data-gutter=\"15\" data-rtl=\"false\" ><div class=\"ult-carousel-315006997869e1a651059a4 \" ><div class=\"ult-item-wrap\" data-animation=\"animated no-animation\">\n<div tabindex=\"0\" id=\"interactive-banner-1-wrap-1599\" class=\"ult-banner-block ult-adjust-bottom-margin ult-bb-box ult-banner-block-custom-height banner-style01 \"   style=\"height:250px;\">\n\t<img decoding=\"async\" src=\"https:\/\/nordvallsetikett.com\/wp-content\/uploads\/2019\/12\/191121_nordvalls2761.jpg\" alt=\"null\">\n\t<h3  data-ultimate-target='#interactive-banner-1-wrap-1599 .bb-top-title '  data-responsive-json-new='{\"font-size\":\"\",\"line-height\":\"\"}'  class=\"title-center bb-top-title ult-responsive\" style=\"font-weight:normal;background:#1e73be;color:#ffffff;\">RFID-etiketter<\/h3>\n\t<div class=\"mask opaque-background\" style=\"background:;\">\n\t\t<div  data-ultimate-target='#interactive-banner-1-wrap-1599 .bb-description'  data-responsive-json-new='{\"font-size\":\"\",\"line-height\":\"\"}'  class=\"bb-description ult-responsive\" style=\"font-weight:normal;color:#ffffff;\">RFID-teknologi brukes for \u00e5 sikre sporbarhet og kvalitetskontroll og har i dag mange bruksomr\u00e5der innen alle bransjer.<\/div>\n\t<\/div><a class=\"bb-link\" href=\"https:\/\/nordvallsetikett.com\/no\/etiketter\/rfid-etiketter\/\" title=\"RFID etiketter\"><\/a>\n<\/div><\/div><div class=\"ult-item-wrap\" data-animation=\"animated no-animation\">\n<div tabindex=\"0\" id=\"interactive-banner-1-wrap-3351\" class=\"ult-banner-block ult-adjust-bottom-margin ult-bb-box ult-banner-block-custom-height banner-style01 \"   style=\"height:250px;\">\n\t<img decoding=\"async\" src=\"https:\/\/nordvallsetikett.com\/wp-content\/uploads\/2024\/02\/Heavy-etikett.pdf.png\" alt=\"null\">\n\t<h3  data-ultimate-target='#interactive-banner-1-wrap-3351 .bb-top-title '  data-responsive-json-new='{\"font-size\":\"\",\"line-height\":\"\"}'  class=\"title-center bb-top-title ult-responsive\" style=\"font-weight:normal;background:#1e73be;color:#ffffff;\">Nye krav til \u201dHEAVY\u201d-etiketter<\/h3>\n\t<div class=\"mask opaque-background\" style=\"background:;\">\n\t\t<div  data-ultimate-target='#interactive-banner-1-wrap-3351 .bb-description'  data-responsive-json-new='{\"font-size\":\"\",\"line-height\":\"\"}'  class=\"bb-description ult-responsive\" style=\"font-weight:normal;color:#ffffff;\">Fra 1. januar 2024 innf\u00f8rte PostNord Sverige nye krav til merking av tunge kolli som veier 20\u201335 kg \u2013 og du kan bestille \u201dHEAVY\u201d-etikettene dine direkte fra oss i Nordvalls.<\/div>\n\t<\/div><a class=\"bb-link\" href=\"https:\/\/nordvallsetikett.com\/sv\/blogg\/nya-krav-pa-heavy-etiketter\/\" title=\"HEAVY etikett\"><\/a>\n<\/div><\/div><div class=\"ult-item-wrap\" data-animation=\"animated no-animation\">\n<div tabindex=\"0\" id=\"interactive-banner-1-wrap-4847\" class=\"ult-banner-block ult-adjust-bottom-margin ult-bb-box ult-banner-block-custom-height banner-style01 \"   style=\"height:250px;\">\n\t<img decoding=\"async\" src=\"https:\/\/nordvallsetikett.com\/wp-content\/uploads\/2019\/12\/191121_0023_nordvalls.jpg\" alt=\"null\">\n\t<h3  data-ultimate-target='#interactive-banner-1-wrap-4847 .bb-top-title '  data-responsive-json-new='{\"font-size\":\"\",\"line-height\":\"\"}'  class=\"title-center bb-top-title ult-responsive\" style=\"font-weight:normal;background:#1e73be;color:#ffffff;\">Utrykte etiketter<\/h3>\n\t<div class=\"mask opaque-background\" style=\"background:;\">\n\t\t<div  data-ultimate-target='#interactive-banner-1-wrap-4847 .bb-description'  data-responsive-json-new='{\"font-size\":\"\",\"line-height\":\"\"}'  class=\"bb-description ult-responsive\" style=\"font-weight:normal;color:#ffffff;\">Utrykte etiketter egner seg for dem som bruker etiketten til \u00e5 styre et produkt eller en enhet gjennom en produksjonsprosess.<\/div>\n\t<\/div><a class=\"bb-link\" href=\"https:\/\/nordvallsetikett.com\/no\/etiketter\/utrykte-etiketter\/\" title=\"Utrykte etiketter\"><\/a>\n<\/div><\/div><\/div><\/div>\t\t\t<script type=\"text\/javascript\">\n\t\t\t\tjQuery(document).ready(function ($) {\n\t\t\t\t\tif( typeof jQuery('.ult-carousel-315006997869e1a651059a4').slick == \"function\"){\n\t\t\t\t\t\t$('.ult-carousel-315006997869e1a651059a4').slick({dots: true,autoplay: true,autoplaySpeed: \"5000\",speed: \"300\",infinite: true,arrows: true,nextArrow: '<button type=\"button\" role=\"button\" aria-label=\"Next\" style=\"color:#333333; font-size:20px;\" class=\"slick-next default\"><i class=\"ultsl-arrow-right4\"><\/i><\/button>',prevArrow: '<button type=\"button\" role=\"button\" aria-label=\"Previous\" style=\"color:#333333; font-size:20px;\" class=\"slick-prev default\"><i class=\"ultsl-arrow-left4\"><\/i><\/button>',slidesToScroll:3,slidesToShow:3,swipe: true,draggable: true,touchMove: true,pauseOnHover: true,pauseOnFocus: false,centerMode: true,responsive: [\n\t\t\t\t\t\t\t{\n\t\t\t\t\t\t\t  breakpoint: 1026,\n\t\t\t\t\t\t\t  settings: {\n\t\t\t\t\t\t\t\tslidesToShow: 3,\n\t\t\t\t\t\t\t\tslidesToScroll: 3,  \n\t\t\t\t\t\t\t  }\n\t\t\t\t\t\t\t},\n\t\t\t\t\t\t\t{\n\t\t\t\t\t\t\t  breakpoint: 1025,\n\t\t\t\t\t\t\t  settings: {\n\t\t\t\t\t\t\t\tslidesToShow: 3,\n\t\t\t\t\t\t\t\tslidesToScroll: 3\n\t\t\t\t\t\t\t  }\n\t\t\t\t\t\t\t},\n\t\t\t\t\t\t\t{\n\t\t\t\t\t\t\t  breakpoint: 760,\n\t\t\t\t\t\t\t  settings: {\n\t\t\t\t\t\t\t\tslidesToShow: 1,\n\t\t\t\t\t\t\t\tslidesToScroll: 1\n\t\t\t\t\t\t\t  }\n\t\t\t\t\t\t\t}\n\t\t\t\t\t\t],pauseOnDotsHover: true,customPaging: function(slider, i) {\n                   return '<i type=\"button\" style= \"color:#333333;\" class=\"ultsl-record\" data-role=\"none\"><\/i>';\n                },});\n\t\t\t\t\t}\n\t\t\t\t});\n\t\t\t<\/script>\n\t\t\t[vc_column_inner width=&raquo;1\/2&#8243;][\/vc_column_inner][\/vc_column][\/vc_row][vc_row full_width=&raquo;stretch_row_content&raquo; content_placement=&raquo;middle&raquo;][vc_column offset=&raquo;vc_hidden-sm vc_col-xs-12 vc_hidden-xs&raquo;][vc_separator color=&raquo;black&raquo; css=&raquo;&raquo;][vc_row_inner equal_height=&raquo;yes&raquo; content_placement=&raquo;middle&raquo;][vc_column_inner width=&raquo;1\/5&#8243;][vc_single_image image=&raquo;10647&#8243; img_size=&raquo;80&#215;80&#8243; alignment=&raquo;center&raquo; css=&raquo;&raquo; image_hovers=&raquo;false&raquo;][\/vc_column_inner][vc_column_inner width=&raquo;1\/5&#8243; offset=&raquo;vc_hidden-sm vc_hidden-xs&raquo;][\/vc_column_inner][vc_column_inner width=&raquo;1\/5&#8243; offset=&raquo;vc_hidden-sm vc_hidden-xs&raquo;][\/vc_column_inner][vc_column_inner width=&raquo;1\/5&#8243; offset=&raquo;vc_hidden-sm vc_hidden-xs&raquo;][\/vc_column_inner][vc_column_inner width=&raquo;1\/5&#8243;][vc_single_image image=&raquo;10652&#8243; img_size=&raquo;medium&raquo; alignment=&raquo;center&raquo; css=&raquo;&raquo; image_hovers=&raquo;false&raquo;][\/vc_column_inner][\/vc_row_inner]<div class=\"ult-spacer spacer-69e1a651064d5\" data-id=\"69e1a651064d5\" data-height=\"\" data-height-mobile=\"10\" data-height-tab=\"\" data-height-tab-portrait=\"\" data-height-mobile-landscape=\"10\" style=\"clear:both;display:block;\"><\/div>[\/vc_column][\/vc_row][vc_row full_width=&raquo;stretch_row_content&raquo; content_placement=&raquo;middle&raquo;][vc_column offset=&raquo;vc_hidden-lg vc_hidden-md vc_col-xs-12&#8243;][vc_separator color=&raquo;black&raquo; css=&raquo;&raquo;][vc_row_inner equal_height=&raquo;yes&raquo; content_placement=&raquo;middle&raquo;][vc_column_inner][vc_single_image image=&raquo;10920&#8243; img_size=&raquo;340&#215;80&#8243; alignment=&raquo;center&raquo; css=&raquo;&raquo; image_hovers=&raquo;false&raquo;][\/vc_column_inner][\/vc_row_inner][\/vc_column][\/vc_row]<\/p>\n<\/div>","protected":false},"excerpt":{"rendered":"<p>[vc_row][vc_column width=&raquo;1\/2&#8243;][vc_column_text css=&raquo;&raquo;] Strekkodeetiketter, STE-etiketter, fraktetiketter Det er en stadig ettersp\u00f8rsel etter etiketter til e-handel og logistikk, f.eks. STE-etiketter, fraktetiketter, plukketiketter og etiketter som brukes til merking av hyller og identifisering av produkter og forsendelser med mer. Nordvalls Etikett \u2013 en samarbeidspartner du kan stole p\u00e5 Arbeidstempoet innen e-handel og logistikk er h\u00f8yt, og leveringstider&hellip;<\/p>\n","protected":false},"author":1,"featured_media":0,"parent":8519,"menu_order":0,"comment_status":"closed","ping_status":"closed","template":"","meta":{"footnotes":""},"class_list":["post-8609","page","type-page","status-publish","hentry","description-off"],"_links":{"self":[{"href":"https:\/\/nordvallsetikett.com\/no\/wp-json\/wp\/v2\/pages\/8609","targetHints":{"allow":["GET"]}}],"collection":[{"href":"https:\/\/nordvallsetikett.com\/no\/wp-json\/wp\/v2\/pages"}],"about":[{"href":"https:\/\/nordvallsetikett.com\/no\/wp-json\/wp\/v2\/types\/page"}],"author":[{"embeddable":true,"href":"https:\/\/nordvallsetikett.com\/no\/wp-json\/wp\/v2\/users\/1"}],"replies":[{"embeddable":true,"href":"https:\/\/nordvallsetikett.com\/no\/wp-json\/wp\/v2\/comments?post=8609"}],"version-history":[{"count":8,"href":"https:\/\/nordvallsetikett.com\/no\/wp-json\/wp\/v2\/pages\/8609\/revisions"}],"predecessor-version":[{"id":11008,"href":"https:\/\/nordvallsetikett.com\/no\/wp-json\/wp\/v2\/pages\/8609\/revisions\/11008"}],"up":[{"embeddable":true,"href":"https:\/\/nordvallsetikett.com\/no\/wp-json\/wp\/v2\/pages\/8519"}],"wp:attachment":[{"href":"https:\/\/nordvallsetikett.com\/no\/wp-json\/wp\/v2\/media?parent=8609"}],"curies":[{"name":"wp","href":"https:\/\/api.w.org\/{rel}","templated":true}]}}