{"id":8637,"date":"2024-05-30T07:40:35","date_gmt":"2024-05-30T07:40:35","guid":{"rendered":"https:\/\/nordvallsetikett.com\/personvernerklaering\/"},"modified":"2024-05-30T07:41:23","modified_gmt":"2024-05-30T07:41:23","slug":"personvernerklaering","status":"publish","type":"page","link":"https:\/\/nordvallsetikett.com\/no\/personvernerklaering\/","title":{"rendered":"Personvernerkl\u00e6ring"},"content":{"rendered":"&#13;\n<h2 class=\"wp-block-heading\">Hvem er vi<\/h2>&#13;\n&#13;\n<p>Adressen til nettstedet v\u00e5rt er: http:\/\/nordvallsetikett.com.<\/p>&#13;\n&#13;\n<h2 class=\"wp-block-heading\">Hvilke personopplysninger vi samler inn, og hvorfor vi samler dem inn<\/h2>&#13;\n&#13;\n<h3 class=\"wp-block-heading\">Kommentarer<\/h3>&#13;\n&#13;\n<p>N\u00e5r bes\u00f8kende legger igjen kommentarer p\u00e5 nettstedet, samler vi inn informasjonen som vises i kommentarskjemaet, sammen med den bes\u00f8kendes IP-adresse og brukeragentstreng, som en hjelp til \u00e5 detektere s\u00f8ppelpost.<\/p>&#13;\n&#13;\n<p>En anonymisert streng opprettet ut fra e-postadressen din (ogs\u00e5 kalt hash-verdi), kan bli sendt til Gravatar-tjenesten for \u00e5 finne ut om du er registrert der. Personvernerkl\u00e6ringen til Gravatar-tjenesten er tilgjengelig p\u00e5 https:\/\/automattic.com\/privacy\/. N\u00e5r kommentaren din er godkjent, vises profilbildet ditt offentlig sammen med kommentaren din.<\/p>&#13;\n&#13;\n<h3 class=\"wp-block-heading\">Media<\/h3>&#13;\n&#13;\n<p>Hvis du laster opp bilder til nettstedet, b\u00f8r du unng\u00e5 \u00e5 laste opp bilder der EXIF-dataene inneholder data fra GPS-lokalisering. Bes\u00f8kende p\u00e5 nettstedet kan laste ned og hente alle stedsdata fra bilder p\u00e5 nettstedet.<\/p>&#13;\n&#13;\n<h3 class=\"wp-block-heading\">Kontaktskjema<\/h3>&#13;\n&#13;\n<h3 class=\"wp-block-heading\">Informasjonskapsler<\/h3>&#13;\n\n<p><script id=\"CookieDeclaration\" src=\"https:\/\/consent.cookiebot.com\/07e1d606-242e-468b-a63d-0a1840aa3e01\/cd.js\" type=\"text\/javascript\" async=\"\"><\/script><\/p>\n&#13;\n<h3 class=\"wp-block-heading\">Innebygd innhold fra andre nettsteder<\/h3>&#13;\n&#13;\n<p>Artikler p\u00e5 dette nettstedet kan inneholde innebygd innhold (f.eks. videoer, bilder, artikler osv.). Innebygd innhold fra andre nettsteder oppf\u00f8rer seg p\u00e5 n\u00f8yaktig samme m\u00e5te som om den bes\u00f8kende har bes\u00f8kt det andre nettstedet.<\/p>&#13;\n&#13;\n<p>Disse nettstedene kan samle inn data om deg, bruke informasjonskapsler, legge inn ytterligere sporing fra tredjepart og overv\u00e5ke din interaksjon med det innebygde innholdet, inkludert sporing av din interaksjon med dette innebygde innholdet hvis du har en konto og er logget inn p\u00e5 det aktuelle nettstedet.<\/p>&#13;\n&#13;\n<h2 class=\"wp-block-heading\">Hvor lenge vi oppbevarer opplysningene dine<\/h2>&#13;\n&#13;\n<p>Hvis du legger inn en kommentar, blir kommentaren og metadataene lagret p\u00e5 ubestemt tid. Grunnen til dette er at vi trenger \u00e5 kunne finne og godkjenne oppf\u00f8lgende kommentarer automatisk, og ikke legge dem i k\u00f8 for gjennomgang.<\/p>&#13;\n&#13;\n<p>For brukere som registrerer seg p\u00e5 nettstedet v\u00e5rt, lagrer vi ogs\u00e5 personopplysningene de oppgir i brukerprofilen sin. Alle brukere kan n\u00e5r som helst se, redigere eller slette personopplysningene sine (bortsett fra at de ikke kan endre brukernavnet sitt). Administratoren for nettstedet kan se og redigere denne informasjonen.<\/p>&#13;\n&#13;\n<h2 class=\"wp-block-heading\">Hvilke rettigheter du har i forbindelse med dataene dine<\/h2>&#13;\n&#13;\n<p>Hvis du har en konto eller har skrevet kommentarer p\u00e5 dette nettstedet, kan du be om en eksportfil med personopplysningene vi har om deg, inkludert alle opplysninger du har gitt oss. Du kan ogs\u00e5 be om at vi sletter alle personopplysninger vi har om deg. Dette omfatter ikke eventuelle opplysninger som vi er forpliktet til \u00e5 lagre av administrative, juridiske eller sikkerhetsmessige \u00e5rsaker.<\/p>&#13;\n&#13;\n<h2 class=\"wp-block-heading\">Hvor vi sender opplysningene dine<\/h2>&#13;\n&#13;\n<p>Kommentarer fra bes\u00f8kende kan bli kontrollert via en automatisert tjeneste for detektering av s\u00f8ppelpost.<\/p>&#13;\n","protected":false},"excerpt":{"rendered":"<p>&#13; Hvem er vi &#13; &#13; Adressen til nettstedet v\u00e5rt er: http:\/\/nordvallsetikett.com. &#13; &#13; Hvilke personopplysninger vi samler inn, og hvorfor vi samler dem inn &#13; &#13; Kommentarer &#13; &#13; N\u00e5r bes\u00f8kende legger igjen kommentarer p\u00e5 nettstedet, samler vi inn informasjonen som vises i kommentarskjemaet, sammen med den bes\u00f8kendes IP-adresse og brukeragentstreng, som en hjelp&hellip;<\/p>\n","protected":false},"author":2,"featured_media":0,"parent":0,"menu_order":0,"comment_status":"closed","ping_status":"closed","template":"","meta":{"footnotes":""},"class_list":["post-8637","page","type-page","status-publish","hentry","description-off"],"_links":{"self":[{"href":"https:\/\/nordvallsetikett.com\/no\/wp-json\/wp\/v2\/pages\/8637","targetHints":{"allow":["GET"]}}],"collection":[{"href":"https:\/\/nordvallsetikett.com\/no\/wp-json\/wp\/v2\/pages"}],"about":[{"href":"https:\/\/nordvallsetikett.com\/no\/wp-json\/wp\/v2\/types\/page"}],"author":[{"embeddable":true,"href":"https:\/\/nordvallsetikett.com\/no\/wp-json\/wp\/v2\/users\/2"}],"replies":[{"embeddable":true,"href":"https:\/\/nordvallsetikett.com\/no\/wp-json\/wp\/v2\/comments?post=8637"}],"version-history":[{"count":1,"href":"https:\/\/nordvallsetikett.com\/no\/wp-json\/wp\/v2\/pages\/8637\/revisions"}],"predecessor-version":[{"id":8639,"href":"https:\/\/nordvallsetikett.com\/no\/wp-json\/wp\/v2\/pages\/8637\/revisions\/8639"}],"wp:attachment":[{"href":"https:\/\/nordvallsetikett.com\/no\/wp-json\/wp\/v2\/media?parent=8637"}],"curies":[{"name":"wp","href":"https:\/\/api.w.org\/{rel}","templated":true}]}}