{"id":8692,"date":"2024-05-30T07:41:00","date_gmt":"2024-05-30T07:41:00","guid":{"rendered":"https:\/\/nordvallsetikett.com\/nordvalls-etikett\/om-nordvalls\/etiske-retningslinjer\/"},"modified":"2025-10-31T14:37:15","modified_gmt":"2025-10-31T14:37:15","slug":"etiske-retningslinjer","status":"publish","type":"page","link":"https:\/\/nordvallsetikett.com\/no\/nordvalls-etikett\/om-nordvalls\/etiske-retningslinjer\/","title":{"rendered":"Etiske retningslinjer"},"content":{"rendered":"<div class=\"wpb-content-wrapper\"><p>[vc_row][vc_column width=&raquo;1\/2&#8243;][vc_column_text]<\/p>\n<h3>Nordvalls etiske retningslinjer<\/h3>\n<p>B\u00e6rekraftig produksjon er en del av den daglige driften i Nordvalls, og det er viktig at vi handler ansvarlig, b\u00e5de milj\u00f8messig, etisk og sosialt. Med disse etiske retningslinjene \u00f8nsker Nordvalls \u00e5 skape merverdi for kunder, medarbeidere og leverand\u00f8rer og samtidig bidra til en b\u00e6rekraftig fremtid.<br \/>\nNordvalls etiske retningslinjer inneholder, i oppdatert versjon (2023), grunnleggende prinsipper og forventninger til hvordan organisasjonen v\u00e5r driver virksomhet, og hvordan vi samhandler med kollegaene, leverand\u00f8rene, kundene og partnerne v\u00e5re. De etiske retningslinjene gjelder for alle, fra ledelsen til den enkelte medarbeider. Det er v\u00e5rt personlige ansvar \u00e5 forst\u00e5 de etiske retningslinjene, og innholdet m\u00e5 respekteres og f\u00f8lges.[\/vc_column_text][\/vc_column][vc_column width=&raquo;1\/2&#8243;]<div class=\"ult-spacer spacer-6a035c2e33034\" data-id=\"6a035c2e33034\" data-height=\"50\" data-height-mobile=\"50\" data-height-tab=\"50\" data-height-tab-portrait=\"50\" data-height-mobile-landscape=\"50\" style=\"clear:both;display:block;\"><\/div><style type=\"text\/css\" data-type=\"the7_shortcodes-inline-css\">.shortcode-single-image-wrap.shortcode-single-image-978d668edf13347c215eaa07cbbd8ab2.enable-bg-rollover .rollover i,\n.shortcode-single-image-wrap.shortcode-single-image-978d668edf13347c215eaa07cbbd8ab2.enable-bg-rollover .rollover-video i {\n  background: -webkit-linear-gradient();\n  background: linear-gradient();\n}\n.shortcode-single-image-wrap.shortcode-single-image-978d668edf13347c215eaa07cbbd8ab2 .rollover-icon {\n  font-size: 32px;\n  color: #ffffff;\n  min-width: 44px;\n  min-height: 44px;\n  line-height: 44px;\n  border-radius: 100px;\n  border-style: solid;\n  border-width: 0px;\n}\n.dt-icon-bg-on.shortcode-single-image-wrap.shortcode-single-image-978d668edf13347c215eaa07cbbd8ab2 .rollover-icon {\n  background: rgba(255,255,255,0.3);\n  box-shadow: none;\n}<\/style><div class=\"shortcode-single-image-wrap shortcode-single-image-978d668edf13347c215eaa07cbbd8ab2 alignnone  enable-bg-rollover dt-icon-bg-off\" style=\"margin-top:0px; margin-bottom:0px; margin-left:0px; margin-right:0px; width:500px;\"><div class=\"shortcode-single-image\"><div class=\"fancy-media-wrap  layzr-bg\" style=\"border-radius:40px;\"><img fetchpriority=\"high\" decoding=\"async\" class=\"preload-me lazy-load aspect\" src=\"data:image\/svg+xml,%3Csvg%20xmlns%3D&#39;http%3A%2F%2Fwww.w3.org%2F2000%2Fsvg&#39;%20viewBox%3D&#39;0%200%20500%20333&#39;%2F%3E\" data-src=\"https:\/\/nordvallsetikett.com\/wp-content\/uploads\/2021\/12\/191121_nordvalls2708-scaled-500x333.jpg\" data-srcset=\"https:\/\/nordvallsetikett.com\/wp-content\/uploads\/2021\/12\/191121_nordvalls2708-scaled-500x333.jpg 500w, https:\/\/nordvallsetikett.com\/wp-content\/uploads\/2021\/12\/191121_nordvalls2708-scaled-1000x666.jpg 1000w\" loading=\"eager\" sizes=\"(max-width: 500px) 100vw, 500px\" width=\"500\" height=\"333\"  data-dt-location=\"https:\/\/nordvallsetikett.com\/no\/blogg\/tre-tips-for-att-skapa-en-etikett-som-sticker-ut\/attachment\/vid-fragor-om-bilden-mejla-erika-weilandapeloga-se-48\/\" style=\"--ratio: 500 \/ 333;border-radius:40px;\" alt=\"Personal p\u00e5 Nordvalls\" \/><\/div><\/div><\/div>[\/vc_column][\/vc_row][vc_row][vc_column]<div class=\"ult-spacer spacer-6a035c2e35398\" data-id=\"6a035c2e35398\" data-height=\"50\" data-height-mobile=\"50\" data-height-tab=\"50\" data-height-tab-portrait=\"50\" data-height-mobile-landscape=\"50\" style=\"clear:both;display:block;\"><\/div>[\/vc_column][\/vc_row][vc_row][vc_column width=&raquo;1\/2&#8243;]<style type=\"text\/css\" data-type=\"the7_shortcodes-inline-css\">.shortcode-single-image-wrap.shortcode-single-image-208f94fdc1a029845249a256ae8008ac.enable-bg-rollover .rollover i,\n.shortcode-single-image-wrap.shortcode-single-image-208f94fdc1a029845249a256ae8008ac.enable-bg-rollover .rollover-video i {\n  background: -webkit-linear-gradient();\n  background: linear-gradient();\n}\n.shortcode-single-image-wrap.shortcode-single-image-208f94fdc1a029845249a256ae8008ac .rollover-icon {\n  font-size: 32px;\n  color: #ffffff;\n  min-width: 44px;\n  min-height: 44px;\n  line-height: 44px;\n  border-radius: 100px;\n  border-style: solid;\n  border-width: 0px;\n}\n.dt-icon-bg-on.shortcode-single-image-wrap.shortcode-single-image-208f94fdc1a029845249a256ae8008ac .rollover-icon {\n  background: rgba(255,255,255,0.3);\n  box-shadow: none;\n}<\/style><div class=\"shortcode-single-image-wrap shortcode-single-image-208f94fdc1a029845249a256ae8008ac alignnone  enable-bg-rollover dt-icon-bg-off\" style=\"margin-top:0px; margin-bottom:0px; margin-left:0px; margin-right:0px; width:500px;\"><div class=\"shortcode-single-image\"><div class=\"fancy-media-wrap  layzr-bg\" style=\"border-radius:40px;\"><img decoding=\"async\" class=\"preload-me lazy-load aspect\" src=\"data:image\/svg+xml,%3Csvg%20xmlns%3D&#39;http%3A%2F%2Fwww.w3.org%2F2000%2Fsvg&#39;%20viewBox%3D&#39;0%200%20500%20375&#39;%2F%3E\" data-src=\"https:\/\/nordvallsetikett.com\/wp-content\/uploads\/2023\/03\/DJI_0122-Redigera-scaled-500x375.jpg\" data-srcset=\"https:\/\/nordvallsetikett.com\/wp-content\/uploads\/2023\/03\/DJI_0122-Redigera-scaled-500x375.jpg 500w, https:\/\/nordvallsetikett.com\/wp-content\/uploads\/2023\/03\/DJI_0122-Redigera-scaled-1000x750.jpg 1000w\" loading=\"eager\" sizes=\"(max-width: 500px) 100vw, 500px\" width=\"500\" height=\"375\"  data-dt-location=\"https:\/\/nordvallsetikett.com\/no\/nordvalls-etikett\/om-nordvalls\/code-of-conduct\/attachment\/dcim100mediadji_0122-jpg\/\" style=\"--ratio: 500 \/ 375;border-radius:40px;\" alt=\"\" \/><\/div><\/div><\/div>[\/vc_column][vc_column width=&raquo;1\/2&#8243;][vc_column_text]Her finner du de etiske retningslinjene v\u00e5re p\u00e5 svensk, engelsk og tysk.<\/p>\n<p><a href=\"https:\/\/nordvallsetikett.com\/wp-content\/uploads\/2023\/03\/Uppforandekod-Nordvalls-Etikett-AB_swedish.pdf\">Uppfo\u0308randekod Nordvalls Etikett AB_swedish<\/a><\/p>\n<p><a href=\"https:\/\/nordvallsetikett.com\/wp-content\/uploads\/2023\/03\/Code-of-Conduct-Nordvalls-Etikett-AB_english.pdf\">Code of Conduct Nordvalls Etikett AB_english<\/a><\/p>\n<p><a href=\"https:\/\/nordvallsetikett.com\/wp-content\/uploads\/2023\/03\/Verhaltenskodex-Nordvalls-Etikett-AB_german.pdf\">Verhaltenskodex Nordvalls Etikett AB_german<\/a><\/p>\n<p>For \u00e5 lese konsernets etiske retningslinjer:<\/p>\n<p><a href=\"https:\/\/nordvallsetikett.com\/wp-content\/uploads\/2024\/01\/Possehl_Code_of_Conduct_EN_2022.pdf\">Possehl Group Code of Conduct<\/a>[\/vc_column_text][\/vc_column][\/vc_row][vc_row][vc_column]<div class=\"ult-spacer spacer-6a035c2e36849\" data-id=\"6a035c2e36849\" data-height=\"50\" data-height-mobile=\"50\" data-height-tab=\"50\" data-height-tab-portrait=\"50\" data-height-mobile-landscape=\"50\" style=\"clear:both;display:block;\"><\/div>[vc_column_text css=&raquo;&raquo;]Har du sp\u00f8rsm\u00e5l om v\u00e5re etiske retningslinjer?<\/p>\n<p><a href=\"https:\/\/nordvallsetikett.com\/sv\/kontakt\/\">Kontakt<\/a> v\u00e5r milj\u00f8- og b\u00e6rekraftsjef, Carl-Magnus Bergenstierna[\/vc_column_text]<div class=\"ult-spacer spacer-6a035c2e368a8\" data-id=\"6a035c2e368a8\" data-height=\"50\" data-height-mobile=\"50\" data-height-tab=\"50\" data-height-tab-portrait=\"50\" data-height-mobile-landscape=\"50\" style=\"clear:both;display:block;\"><\/div>[\/vc_column][\/vc_row][vc_row full_width=&raquo;stretch_row_content&raquo; content_placement=&raquo;middle&raquo;][vc_column offset=&raquo;vc_hidden-sm vc_col-xs-12 vc_hidden-xs&raquo;][vc_separator color=&raquo;black&raquo; css=&raquo;&raquo;][vc_row_inner equal_height=&raquo;yes&raquo; content_placement=&raquo;middle&raquo;][vc_column_inner width=&raquo;1\/5&#8243;][vc_single_image image=&raquo;10647&#8243; img_size=&raquo;80&#215;80&#8243; alignment=&raquo;center&raquo; css=&raquo;&raquo; image_hovers=&raquo;false&raquo;][\/vc_column_inner][vc_column_inner width=&raquo;1\/5&#8243; offset=&raquo;vc_hidden-sm vc_hidden-xs&raquo;][\/vc_column_inner][vc_column_inner width=&raquo;1\/5&#8243; offset=&raquo;vc_hidden-sm vc_hidden-xs&raquo;][\/vc_column_inner][vc_column_inner width=&raquo;1\/5&#8243; offset=&raquo;vc_hidden-sm vc_hidden-xs&raquo;][\/vc_column_inner][vc_column_inner width=&raquo;1\/5&#8243;][vc_single_image image=&raquo;10652&#8243; img_size=&raquo;medium&raquo; alignment=&raquo;center&raquo; css=&raquo;&raquo; image_hovers=&raquo;false&raquo;][\/vc_column_inner][\/vc_row_inner]<div class=\"ult-spacer spacer-6a035c2e3690a\" data-id=\"6a035c2e3690a\" data-height=\"\" data-height-mobile=\"10\" data-height-tab=\"\" data-height-tab-portrait=\"\" data-height-mobile-landscape=\"10\" style=\"clear:both;display:block;\"><\/div>[\/vc_column][\/vc_row][vc_row full_width=&raquo;stretch_row_content&raquo; content_placement=&raquo;middle&raquo;][vc_column offset=&raquo;vc_hidden-lg vc_hidden-md vc_col-xs-12&#8243;][vc_separator color=&raquo;black&raquo; css=&raquo;&raquo;][vc_row_inner equal_height=&raquo;yes&raquo; content_placement=&raquo;middle&raquo;][vc_column_inner][vc_single_image image=&raquo;10920&#8243; img_size=&raquo;340&#215;80&#8243; alignment=&raquo;center&raquo; css=&raquo;&raquo; image_hovers=&raquo;false&raquo;][\/vc_column_inner][\/vc_row_inner][\/vc_column][\/vc_row]<\/p>\n<\/div>","protected":false},"excerpt":{"rendered":"<p>[vc_row][vc_column width=&raquo;1\/2&#8243;][vc_column_text] Nordvalls etiske retningslinjer B\u00e6rekraftig produksjon er en del av den daglige driften i Nordvalls, og det er viktig at vi handler ansvarlig, b\u00e5de milj\u00f8messig, etisk og sosialt. Med disse etiske retningslinjene \u00f8nsker Nordvalls \u00e5 skape merverdi for kunder, medarbeidere og leverand\u00f8rer og samtidig bidra til en b\u00e6rekraftig fremtid. Nordvalls etiske retningslinjer inneholder, i&hellip;<\/p>\n","protected":false},"author":1,"featured_media":0,"parent":8537,"menu_order":0,"comment_status":"closed","ping_status":"closed","template":"","meta":{"footnotes":""},"class_list":["post-8692","page","type-page","status-publish","hentry","description-off"],"_links":{"self":[{"href":"https:\/\/nordvallsetikett.com\/no\/wp-json\/wp\/v2\/pages\/8692","targetHints":{"allow":["GET"]}}],"collection":[{"href":"https:\/\/nordvallsetikett.com\/no\/wp-json\/wp\/v2\/pages"}],"about":[{"href":"https:\/\/nordvallsetikett.com\/no\/wp-json\/wp\/v2\/types\/page"}],"author":[{"embeddable":true,"href":"https:\/\/nordvallsetikett.com\/no\/wp-json\/wp\/v2\/users\/1"}],"replies":[{"embeddable":true,"href":"https:\/\/nordvallsetikett.com\/no\/wp-json\/wp\/v2\/comments?post=8692"}],"version-history":[{"count":6,"href":"https:\/\/nordvallsetikett.com\/no\/wp-json\/wp\/v2\/pages\/8692\/revisions"}],"predecessor-version":[{"id":11060,"href":"https:\/\/nordvallsetikett.com\/no\/wp-json\/wp\/v2\/pages\/8692\/revisions\/11060"}],"up":[{"embeddable":true,"href":"https:\/\/nordvallsetikett.com\/no\/wp-json\/wp\/v2\/pages\/8537"}],"wp:attachment":[{"href":"https:\/\/nordvallsetikett.com\/no\/wp-json\/wp\/v2\/media?parent=8692"}],"curies":[{"name":"wp","href":"https:\/\/api.w.org\/{rel}","templated":true}]}}