{"id":8724,"date":"2024-05-30T07:41:16","date_gmt":"2024-05-30T07:41:16","guid":{"rendered":"https:\/\/nordvallsetikett.com\/nordvalls-etikett\/om-nordvalls\/etiketten-i-fokus\/"},"modified":"2025-10-31T14:34:44","modified_gmt":"2025-10-31T14:34:44","slug":"etiketten-i-fokus","status":"publish","type":"page","link":"https:\/\/nordvallsetikett.com\/no\/nordvalls-etikett\/om-nordvalls\/etiketten-i-fokus\/","title":{"rendered":"Etiketten i fokus"},"content":{"rendered":"<div class=\"wpb-content-wrapper\"><p>[vc_row][vc_column][vc_column_text]Nordvalls gir hvert \u00e5r ut en ny utgave av magasinet Etiketten i fokus.<\/p>\n<p>Det er et magasin fullt av inspirasjon og nyheter om etiketter og etikettproduksjon. Les mer om etikettene til kundene v\u00e5re fra ulike bransjer, les intervjuer med medarbeidere om hvordan det er \u00e5 jobbe i Nordvalls, eller hold deg oppdatert om nytt regelverk, ny bransjeterminologi eller trender.[\/vc_column_text]<div class=\"ult-spacer spacer-69e18b67c40bf\" data-id=\"69e18b67c40bf\" data-height=\"70\" data-height-mobile=\"50\" data-height-tab=\"50\" data-height-tab-portrait=\"50\" data-height-mobile-landscape=\"50\" style=\"clear:both;display:block;\"><\/div>[\/vc_column][\/vc_row][vc_row][vc_column width=&raquo;1\/2&#8243;]<style type=\"text\/css\" data-type=\"the7_shortcodes-inline-css\">.shortcode-single-image-wrap.shortcode-single-image-c4fb55b9f68f8de1a40d55a1b4f43157.enable-bg-rollover .rollover i,\n.shortcode-single-image-wrap.shortcode-single-image-c4fb55b9f68f8de1a40d55a1b4f43157.enable-bg-rollover .rollover-video i {\n  background: -webkit-linear-gradient();\n  background: linear-gradient();\n}\n.shortcode-single-image-wrap.shortcode-single-image-c4fb55b9f68f8de1a40d55a1b4f43157 .rollover-icon {\n  font-size: 32px;\n  color: #ffffff;\n  min-width: 44px;\n  min-height: 44px;\n  line-height: 44px;\n  border-radius: 100px;\n  border-style: solid;\n  border-width: 0px;\n}\n.dt-icon-bg-on.shortcode-single-image-wrap.shortcode-single-image-c4fb55b9f68f8de1a40d55a1b4f43157 .rollover-icon {\n  background: rgba(255,255,255,0.3);\n  box-shadow: none;\n}<\/style><div class=\"shortcode-single-image-wrap shortcode-single-image-c4fb55b9f68f8de1a40d55a1b4f43157 alignnone  enable-bg-rollover dt-icon-bg-off\" style=\"margin-top:0px; margin-bottom:0px; margin-left:0px; margin-right:0px; width:500px;\"><div class=\"shortcode-single-image\"><div class=\"fancy-media-wrap  layzr-bg\" style=\"border-radius:40px;\"><img fetchpriority=\"high\" decoding=\"async\" class=\"preload-me lazy-load aspect\" src=\"data:image\/svg+xml,%3Csvg%20xmlns%3D&#39;http%3A%2F%2Fwww.w3.org%2F2000%2Fsvg&#39;%20viewBox%3D&#39;0%200%20500%20375&#39;%2F%3E\" data-src=\"https:\/\/nordvallsetikett.com\/wp-content\/uploads\/2024\/11\/Etiketten-i-fokus_Nr5_OmslagEtikettskolan-scaled-500x375.jpg\" data-srcset=\"https:\/\/nordvallsetikett.com\/wp-content\/uploads\/2024\/11\/Etiketten-i-fokus_Nr5_OmslagEtikettskolan-scaled-500x375.jpg 500w, https:\/\/nordvallsetikett.com\/wp-content\/uploads\/2024\/11\/Etiketten-i-fokus_Nr5_OmslagEtikettskolan-scaled-1000x750.jpg 1000w\" loading=\"eager\" sizes=\"(max-width: 500px) 100vw, 500px\" width=\"500\" height=\"375\"  data-dt-location=\"https:\/\/nordvallsetikett.com\/no\/nordvalls-etikett\/om-nordvalls\/etiketten-i-fokus\/attachment\/etiketten-i-fokus_nr5_omslagetikettskolan-2\/\" style=\"--ratio: 500 \/ 375;border-radius:40px;\" alt=\"\" \/><\/div><\/div><\/div><div class=\"ult-spacer spacer-69e18b67c5448\" data-id=\"69e18b67c5448\" data-height=\"50\" data-height-mobile=\"40\" data-height-tab=\"40\" data-height-tab-portrait=\"40\" data-height-mobile-landscape=\"40\" style=\"clear:both;display:block;\"><\/div>[\/vc_column][vc_column width=&raquo;1\/2&#8243;][vc_column_text css=&raquo;&raquo;]<\/p>\n<h4>Etiketten i fokus nr. 5 (2024)<\/h4>\n<p>Les om hva vi i Nordvalls har gjort i 2024! Her kan du lese om v\u00e5re nye trykkpresser, om matsertifiseringen i M\u00f6lnlycke og Sj\u00f6bo, to av v\u00e5re kunder snakker om virksomheten deres og krav til etiketter, om linerless-l\u00f8sninger og v\u00e5r Sustainability Day og mye, mye mer. God lesning![\/vc_column_text]<div class=\"ult-spacer spacer-69e18b67c5485\" data-id=\"69e18b67c5485\" data-height=\"10\" data-height-mobile=\"10\" data-height-tab=\"10\" data-height-tab-portrait=\"10\" data-height-mobile-landscape=\"10\" style=\"clear:both;display:block;\"><\/div><style type=\"text\/css\" data-type=\"the7_shortcodes-inline-css\">#default-btn-125e23adf38783d95da6ced9d509af77.ico-right-side > i {\n  margin-right: 0px;\n  margin-left: 8px;\n}\n#default-btn-125e23adf38783d95da6ced9d509af77 > i {\n  margin-right: 8px;\n}<\/style><a href=\"https:\/\/www.yumpu.com\/en\/document\/view\/69059138\/labels-in-focus-no-1\" class=\"default-btn-shortcode dt-btn dt-btn-m link-hover-off btn-inline-left \" id=\"default-btn-125e23adf38783d95da6ced9d509af77\" target=\"_blank\" rel=\"noopener\"><span>Les her!<\/span><\/a><div class=\"ult-spacer spacer-69e18b67c55c5\" data-id=\"69e18b67c55c5\" data-height=\"50\" data-height-mobile=\"40\" data-height-tab=\"40\" data-height-tab-portrait=\"40\" data-height-mobile-landscape=\"40\" style=\"clear:both;display:block;\"><\/div>[\/vc_column][\/vc_row][vc_row][vc_column width=&raquo;1\/2&#8243;]<style type=\"text\/css\" data-type=\"the7_shortcodes-inline-css\">.shortcode-single-image-wrap.shortcode-single-image-a4e8107c10e9f988c5ff7a99479d4fc2.enable-bg-rollover .rollover i,\n.shortcode-single-image-wrap.shortcode-single-image-a4e8107c10e9f988c5ff7a99479d4fc2.enable-bg-rollover .rollover-video i {\n  background: -webkit-linear-gradient();\n  background: linear-gradient();\n}\n.shortcode-single-image-wrap.shortcode-single-image-a4e8107c10e9f988c5ff7a99479d4fc2 .rollover-icon {\n  font-size: 32px;\n  color: #ffffff;\n  min-width: 44px;\n  min-height: 44px;\n  line-height: 44px;\n  border-radius: 100px;\n  border-style: solid;\n  border-width: 0px;\n}\n.dt-icon-bg-on.shortcode-single-image-wrap.shortcode-single-image-a4e8107c10e9f988c5ff7a99479d4fc2 .rollover-icon {\n  background: rgba(255,255,255,0.3);\n  box-shadow: none;\n}<\/style><div class=\"shortcode-single-image-wrap shortcode-single-image-a4e8107c10e9f988c5ff7a99479d4fc2 alignnone  enable-bg-rollover dt-icon-bg-off\" style=\"margin-top:0px; margin-bottom:0px; margin-left:0px; margin-right:0px; width:500px;\"><div class=\"shortcode-single-image\"><div class=\"fancy-media-wrap  layzr-bg\" style=\"border-radius:40px;\"><img decoding=\"async\" class=\"preload-me lazy-load aspect\" src=\"data:image\/svg+xml,%3Csvg%20xmlns%3D&#39;http%3A%2F%2Fwww.w3.org%2F2000%2Fsvg&#39;%20viewBox%3D&#39;0%200%20500%20375&#39;%2F%3E\" data-src=\"https:\/\/nordvallsetikett.com\/wp-content\/uploads\/2023\/10\/Etiketten-i-fokus_Nr4_OmslagLabelGroup-scaled-500x375.jpg\" data-srcset=\"https:\/\/nordvallsetikett.com\/wp-content\/uploads\/2023\/10\/Etiketten-i-fokus_Nr4_OmslagLabelGroup-scaled-500x375.jpg 500w, https:\/\/nordvallsetikett.com\/wp-content\/uploads\/2023\/10\/Etiketten-i-fokus_Nr4_OmslagLabelGroup-scaled-1000x750.jpg 1000w\" loading=\"eager\" sizes=\"(max-width: 500px) 100vw, 500px\" width=\"500\" height=\"375\"  data-dt-location=\"https:\/\/nordvallsetikett.com\/no\/nordvalls-etikett\/om-nordvalls\/etiketten-i-fokus\/attachment\/mockups-design-4\/\" style=\"--ratio: 500 \/ 375;border-radius:40px;\" alt=\"\" \/><\/div><\/div><\/div><div class=\"ult-spacer spacer-69e18b67c670a\" data-id=\"69e18b67c670a\" data-height=\"50\" data-height-mobile=\"40\" data-height-tab=\"40\" data-height-tab-portrait=\"40\" data-height-mobile-landscape=\"40\" style=\"clear:both;display:block;\"><\/div>[\/vc_column][vc_column width=&raquo;1\/2&#8243;][vc_column_text]<\/p>\n<h4>Etiketten i fokus nr. 4 (2023)<\/h4>\n<p>I 2023 kj\u00f8pte Nordvalls hele to selskaper, deltok p\u00e5 Empack-messen p\u00e5 hjemmeplan og p\u00e5 Interpack i Tyskland <span class=\"TextRun SCXW23102017 BCX0\" lang=\"SV\" xml:lang=\"SV\" data-contrast=\"none\"><span class=\"NormalTextRun SCXW23102017 BCX0\">, fikk mange nye medarbeidere, arrangerte en popul\u00e6r etikettskoleturn\u00e9, utvidet den grafiske profilen v\u00e5r, fikk en st\u00f8rre maskinpark og produserte massevis av etiketter. 2023 var \u00e5ret da Nordvalls ble Skandinavias ledende etikettleverand\u00f8r!<\/span><\/span><span class=\"EOP SCXW23102017 BCX0\" data-ccp-props=\"{&quot;134233117&quot;:false,&quot;134233118&quot;:false,&quot;201341983&quot;:1,&quot;335551550&quot;:1,&quot;335551620&quot;:1,&quot;335559738&quot;:0,&quot;335559739&quot;:0,&quot;335559740&quot;:255}\">\u00a0<\/span><\/p>\n<p>[\/vc_column_text]<div class=\"ult-spacer spacer-69e18b67c6748\" data-id=\"69e18b67c6748\" data-height=\"10\" data-height-mobile=\"10\" data-height-tab=\"10\" data-height-tab-portrait=\"10\" data-height-mobile-landscape=\"10\" style=\"clear:both;display:block;\"><\/div><style type=\"text\/css\" data-type=\"the7_shortcodes-inline-css\">#default-btn-a2c8db26383990ced82a82f82226dff6.ico-right-side > i {\n  margin-right: 0px;\n  margin-left: 8px;\n}\n#default-btn-a2c8db26383990ced82a82f82226dff6 > i {\n  margin-right: 8px;\n}<\/style><a href=\"https:\/\/www.yumpu.com\/sv\/document\/view\/68438420\/etiketten-i-fokus-nr4\" class=\"default-btn-shortcode dt-btn dt-btn-m link-hover-off btn-inline-left \" id=\"default-btn-a2c8db26383990ced82a82f82226dff6\" target=\"_blank\" rel=\"noopener\"><span>Les her!<\/span><\/a><div class=\"ult-spacer spacer-69e18b67c6824\" data-id=\"69e18b67c6824\" data-height=\"50\" data-height-mobile=\"40\" data-height-tab=\"40\" data-height-tab-portrait=\"40\" data-height-mobile-landscape=\"40\" style=\"clear:both;display:block;\"><\/div>[\/vc_column][\/vc_row][vc_row][vc_column width=&raquo;1\/2&#8243;]<style type=\"text\/css\" data-type=\"the7_shortcodes-inline-css\">.shortcode-single-image-wrap.shortcode-single-image-0048059b665e780b8ccc88f2c790b57c.enable-bg-rollover .rollover i,\n.shortcode-single-image-wrap.shortcode-single-image-0048059b665e780b8ccc88f2c790b57c.enable-bg-rollover .rollover-video i {\n  background: -webkit-linear-gradient();\n  background: linear-gradient();\n}\n.shortcode-single-image-wrap.shortcode-single-image-0048059b665e780b8ccc88f2c790b57c .rollover-icon {\n  font-size: 32px;\n  color: #ffffff;\n  min-width: 44px;\n  min-height: 44px;\n  line-height: 44px;\n  border-radius: 100px;\n  border-style: solid;\n  border-width: 0px;\n}\n.dt-icon-bg-on.shortcode-single-image-wrap.shortcode-single-image-0048059b665e780b8ccc88f2c790b57c .rollover-icon {\n  background: rgba(255,255,255,0.3);\n  box-shadow: none;\n}<\/style><div class=\"shortcode-single-image-wrap shortcode-single-image-0048059b665e780b8ccc88f2c790b57c alignnone  enable-bg-rollover dt-icon-bg-off\" style=\"margin-top:0px; margin-bottom:0px; margin-left:0px; margin-right:0px; width:500px;\"><div class=\"shortcode-single-image\"><div class=\"fancy-media-wrap  layzr-bg\" style=\"border-radius:40px;\"><img decoding=\"async\" class=\"preload-me lazy-load aspect\" src=\"data:image\/svg+xml,%3Csvg%20xmlns%3D&#39;http%3A%2F%2Fwww.w3.org%2F2000%2Fsvg&#39;%20viewBox%3D&#39;0%200%20500%20375&#39;%2F%3E\" data-src=\"https:\/\/nordvallsetikett.com\/wp-content\/uploads\/2023\/10\/Etiketten-i-fokus_Nr3_OmslagHallbarhet-scaled-500x375.jpg\" data-srcset=\"https:\/\/nordvallsetikett.com\/wp-content\/uploads\/2023\/10\/Etiketten-i-fokus_Nr3_OmslagHallbarhet-scaled-500x375.jpg 500w, https:\/\/nordvallsetikett.com\/wp-content\/uploads\/2023\/10\/Etiketten-i-fokus_Nr3_OmslagHallbarhet-scaled-1000x750.jpg 1000w\" loading=\"eager\" sizes=\"(max-width: 500px) 100vw, 500px\" width=\"500\" height=\"375\"  data-dt-location=\"https:\/\/nordvallsetikett.com\/no\/nordvalls-etikett\/om-nordvalls\/etiketten-i-fokus\/attachment\/mockups-design-5\/\" style=\"--ratio: 500 \/ 375;border-radius:40px;\" alt=\"\" \/><\/div><\/div><\/div><div class=\"ult-spacer spacer-69e18b67c747c\" data-id=\"69e18b67c747c\" data-height=\"50\" data-height-mobile=\"40\" data-height-tab=\"40\" data-height-tab-portrait=\"40\" data-height-mobile-landscape=\"40\" style=\"clear:both;display:block;\"><\/div>[\/vc_column][vc_column width=&raquo;1\/2&#8243;][vc_column_text]<\/p>\n<h4>Etiketten i fokus nr. 3 (2022)<\/h4>\n<p><span class=\"TextRun BCX0 SCXP2451561\" lang=\"SV-SE\" xml:lang=\"SV-SE\" data-usefontface=\"true\" data-contrast=\"none\"><span class=\"NormalTextRun BCX0 SCXP2451561\">V\u00e5ren 2022 fikk vi en p\u00e5minnelse om den viktige rollen til etiketten i samfunnet. En langvarig streik hos en papirprodusent i Finland reiste sp\u00f8rsm\u00e5let<\/span><\/span><span class=\"TextRun BCX0 SCXP2451561\" lang=\"SV-SE\" xml:lang=\"SV-SE\" data-usefontface=\"true\" data-contrast=\"none\"><span class=\"NormalTextRun BCX0 SCXP2451561\">: Hvordan ville verden sett ut uten etiketter? (Streiken ble avbl\u00e5st den 22. april 2022.) Vi intervjuer Jenette Ericsson \u2013 Key Account Manager med ansvar for Pharma, vi hilser p\u00e5 kunden v\u00e5r Agitator Whisky og forteller om hvordan vi jobber med b\u00e6rekraft.<\/span><\/span>[\/vc_column_text]<div class=\"ult-spacer spacer-69e18b67c74d2\" data-id=\"69e18b67c74d2\" data-height=\"10\" data-height-mobile=\"10\" data-height-tab=\"10\" data-height-tab-portrait=\"10\" data-height-mobile-landscape=\"10\" style=\"clear:both;display:block;\"><\/div><style type=\"text\/css\" data-type=\"the7_shortcodes-inline-css\">#default-btn-8fbea8ed778e8a1d31a23c3f3b5f809f.ico-right-side > i {\n  margin-right: 0px;\n  margin-left: 8px;\n}\n#default-btn-8fbea8ed778e8a1d31a23c3f3b5f809f > i {\n  margin-right: 8px;\n}<\/style><a href=\"https:\/\/www.yumpu.com\/sv\/document\/view\/68438470\/etiketten-i-fokus-nr3\" class=\"default-btn-shortcode dt-btn dt-btn-m link-hover-off btn-inline-left \" id=\"default-btn-8fbea8ed778e8a1d31a23c3f3b5f809f\" target=\"_blank\" rel=\"noopener\"><span>Les her!<\/span><\/a><div class=\"ult-spacer spacer-69e18b67c75af\" data-id=\"69e18b67c75af\" data-height=\"50\" data-height-mobile=\"40\" data-height-tab=\"40\" data-height-tab-portrait=\"40\" data-height-mobile-landscape=\"40\" style=\"clear:both;display:block;\"><\/div>[\/vc_column][\/vc_row][vc_row][vc_column width=&raquo;1\/2&#8243;]<style type=\"text\/css\" data-type=\"the7_shortcodes-inline-css\">.shortcode-single-image-wrap.shortcode-single-image-b894d7f7161fe5f53fb3dfe5fadcbfb2.enable-bg-rollover .rollover i,\n.shortcode-single-image-wrap.shortcode-single-image-b894d7f7161fe5f53fb3dfe5fadcbfb2.enable-bg-rollover .rollover-video i {\n  background: -webkit-linear-gradient();\n  background: linear-gradient();\n}\n.shortcode-single-image-wrap.shortcode-single-image-b894d7f7161fe5f53fb3dfe5fadcbfb2 .rollover-icon {\n  font-size: 32px;\n  color: #ffffff;\n  min-width: 44px;\n  min-height: 44px;\n  line-height: 44px;\n  border-radius: 100px;\n  border-style: solid;\n  border-width: 0px;\n}\n.dt-icon-bg-on.shortcode-single-image-wrap.shortcode-single-image-b894d7f7161fe5f53fb3dfe5fadcbfb2 .rollover-icon {\n  background: rgba(255,255,255,0.3);\n  box-shadow: none;\n}<\/style><div class=\"shortcode-single-image-wrap shortcode-single-image-b894d7f7161fe5f53fb3dfe5fadcbfb2 alignnone  enable-bg-rollover dt-icon-bg-off\" style=\"margin-top:0px; margin-bottom:0px; margin-left:0px; margin-right:0px; width:500px;\"><div class=\"shortcode-single-image\"><div class=\"fancy-media-wrap  layzr-bg\" style=\"border-radius:40px;\"><img decoding=\"async\" class=\"preload-me lazy-load aspect\" src=\"data:image\/svg+xml,%3Csvg%20xmlns%3D&#39;http%3A%2F%2Fwww.w3.org%2F2000%2Fsvg&#39;%20viewBox%3D&#39;0%200%20500%20375&#39;%2F%3E\" data-src=\"https:\/\/nordvallsetikett.com\/wp-content\/uploads\/2023\/10\/Etiketten-i-fokus_Nr2_OmslagTryckteknik-scaled-500x375.jpg\" data-srcset=\"https:\/\/nordvallsetikett.com\/wp-content\/uploads\/2023\/10\/Etiketten-i-fokus_Nr2_OmslagTryckteknik-scaled-500x375.jpg 500w, https:\/\/nordvallsetikett.com\/wp-content\/uploads\/2023\/10\/Etiketten-i-fokus_Nr2_OmslagTryckteknik-scaled-1000x750.jpg 1000w\" loading=\"eager\" sizes=\"(max-width: 500px) 100vw, 500px\" width=\"500\" height=\"375\"  data-dt-location=\"https:\/\/nordvallsetikett.com\/no\/nordvalls-etikett\/om-nordvalls\/etiketten-i-fokus\/attachment\/mockups-design-3\/\" style=\"--ratio: 500 \/ 375;border-radius:40px;\" alt=\"\" \/><\/div><\/div><\/div><div class=\"ult-spacer spacer-69e18b67c81a4\" data-id=\"69e18b67c81a4\" data-height=\"50\" data-height-mobile=\"40\" data-height-tab=\"40\" data-height-tab-portrait=\"40\" data-height-mobile-landscape=\"40\" style=\"clear:both;display:block;\"><\/div>[\/vc_column][vc_column width=&raquo;1\/2&#8243;][vc_column_text]<\/p>\n<h4>Etiketten i fokus nr. 2 (2021)<\/h4>\n<p>Les om oppkj\u00f8pet av sk\u00e5nske LariTryck, som ble gjennomf\u00f8rt v\u00e5ren 2021. I dette nummeret kan du ogs\u00e5 lese om hvordan du enklest finner ut hvilken trykkemetode som egner seg best, og du kan lese en kundecase med v\u00e5r lojale kunde Leksands Kn\u00e4ckebr\u00f6d og medarbeiderintervjuer med nye ansatte og medarbeidere som feirer 40 \u00e5r i Nordvalls.<\/p>\n<p>[\/vc_column_text]<div class=\"ult-spacer spacer-69e18b67c81ec\" data-id=\"69e18b67c81ec\" data-height=\"10\" data-height-mobile=\"10\" data-height-tab=\"10\" data-height-tab-portrait=\"10\" data-height-mobile-landscape=\"10\" style=\"clear:both;display:block;\"><\/div><style type=\"text\/css\" data-type=\"the7_shortcodes-inline-css\">#default-btn-e18af09f6bc79cdd27ac2a2065647260.ico-right-side > i {\n  margin-right: 0px;\n  margin-left: 8px;\n}\n#default-btn-e18af09f6bc79cdd27ac2a2065647260 > i {\n  margin-right: 8px;\n}<\/style><a href=\"https:\/\/www.yumpu.com\/sv\/document\/view\/68438407\/etiketten-i-fokus-nr-2\" class=\"default-btn-shortcode dt-btn dt-btn-m link-hover-off btn-inline-left \" id=\"default-btn-e18af09f6bc79cdd27ac2a2065647260\" target=\"_blank\" rel=\"noopener\"><span>Les her!<\/span><\/a><div class=\"ult-spacer spacer-69e18b67c82c9\" data-id=\"69e18b67c82c9\" data-height=\"50\" data-height-mobile=\"40\" data-height-tab=\"40\" data-height-tab-portrait=\"40\" data-height-mobile-landscape=\"40\" style=\"clear:both;display:block;\"><\/div>[\/vc_column][\/vc_row][vc_row][vc_column width=&raquo;1\/2&#8243;]<style type=\"text\/css\" data-type=\"the7_shortcodes-inline-css\">.shortcode-single-image-wrap.shortcode-single-image-b894d7f7161fe5f53fb3dfe5fadcbfb2.enable-bg-rollover .rollover i,\n.shortcode-single-image-wrap.shortcode-single-image-b894d7f7161fe5f53fb3dfe5fadcbfb2.enable-bg-rollover .rollover-video i {\n  background: -webkit-linear-gradient();\n  background: linear-gradient();\n}\n.shortcode-single-image-wrap.shortcode-single-image-b894d7f7161fe5f53fb3dfe5fadcbfb2 .rollover-icon {\n  font-size: 32px;\n  color: #ffffff;\n  min-width: 44px;\n  min-height: 44px;\n  line-height: 44px;\n  border-radius: 100px;\n  border-style: solid;\n  border-width: 0px;\n}\n.dt-icon-bg-on.shortcode-single-image-wrap.shortcode-single-image-b894d7f7161fe5f53fb3dfe5fadcbfb2 .rollover-icon {\n  background: rgba(255,255,255,0.3);\n  box-shadow: none;\n}<\/style><div class=\"shortcode-single-image-wrap shortcode-single-image-b894d7f7161fe5f53fb3dfe5fadcbfb2 alignnone  enable-bg-rollover dt-icon-bg-off\" style=\"margin-top:0px; margin-bottom:0px; margin-left:0px; margin-right:0px; width:500px;\"><div class=\"shortcode-single-image\"><div class=\"fancy-media-wrap  layzr-bg\" style=\"border-radius:40px;\"><img decoding=\"async\" class=\"preload-me lazy-load aspect\" src=\"data:image\/svg+xml,%3Csvg%20xmlns%3D&#39;http%3A%2F%2Fwww.w3.org%2F2000%2Fsvg&#39;%20viewBox%3D&#39;0%200%20500%20375&#39;%2F%3E\" data-src=\"https:\/\/nordvallsetikett.com\/wp-content\/uploads\/2023\/10\/Etiketten-i-fokus_Nr2_OmslagTryckteknik-scaled-500x375.jpg\" data-srcset=\"https:\/\/nordvallsetikett.com\/wp-content\/uploads\/2023\/10\/Etiketten-i-fokus_Nr2_OmslagTryckteknik-scaled-500x375.jpg 500w, https:\/\/nordvallsetikett.com\/wp-content\/uploads\/2023\/10\/Etiketten-i-fokus_Nr2_OmslagTryckteknik-scaled-1000x750.jpg 1000w\" loading=\"eager\" sizes=\"(max-width: 500px) 100vw, 500px\" width=\"500\" height=\"375\"  data-dt-location=\"https:\/\/nordvallsetikett.com\/no\/nordvalls-etikett\/om-nordvalls\/etiketten-i-fokus\/attachment\/mockups-design-3\/\" style=\"--ratio: 500 \/ 375;border-radius:40px;\" alt=\"\" \/><\/div><\/div><\/div><div class=\"ult-spacer spacer-69e18b67c8a6a\" data-id=\"69e18b67c8a6a\" data-height=\"50\" data-height-mobile=\"40\" data-height-tab=\"40\" data-height-tab-portrait=\"40\" data-height-mobile-landscape=\"40\" style=\"clear:both;display:block;\"><\/div>[\/vc_column][vc_column width=&raquo;1\/2&#8243;][vc_column_text]<\/p>\n<h4>Etiketten i fokus nr. 1 (2020)<\/h4>\n<p>Aller f\u00f8rste utgave av Etiketten i fokus! F\u00e5 et innblikk i Nordvalls Etikett og bli kjent med ulike medarbeidere fra organisasjonen, les intervjuer med kunder og f\u00e5 tips om hvordan du lager etiketter, l\u00e6r mer om trykkemetoder og bli inspirert!<\/p>\n<p>[\/vc_column_text]<div class=\"ult-spacer spacer-69e18b67c8aa1\" data-id=\"69e18b67c8aa1\" data-height=\"10\" data-height-mobile=\"10\" data-height-tab=\"10\" data-height-tab-portrait=\"10\" data-height-mobile-landscape=\"10\" style=\"clear:both;display:block;\"><\/div><style type=\"text\/css\" data-type=\"the7_shortcodes-inline-css\">#default-btn-ef3e7955cd3240e5b1bd37526bf5a6e9.ico-right-side > i {\n  margin-right: 0px;\n  margin-left: 8px;\n}\n#default-btn-ef3e7955cd3240e5b1bd37526bf5a6e9 > i {\n  margin-right: 8px;\n}<\/style><a href=\"https:\/\/www.yumpu.com\/sv\/document\/view\/68475277\/etiketten-i-fokus-nr1\" class=\"default-btn-shortcode dt-btn dt-btn-m link-hover-off btn-inline-left \" target=\"_blank\" id=\"default-btn-ef3e7955cd3240e5b1bd37526bf5a6e9\" rel=\"noopener\"><span>Les her!<\/span><\/a><div class=\"ult-spacer spacer-69e18b67c8b6a\" data-id=\"69e18b67c8b6a\" data-height=\"50\" data-height-mobile=\"40\" data-height-tab=\"40\" data-height-tab-portrait=\"40\" data-height-mobile-landscape=\"40\" style=\"clear:both;display:block;\"><\/div>[\/vc_column][\/vc_row][vc_row full_width=&raquo;stretch_row_content&raquo; content_placement=&raquo;middle&raquo;][vc_column offset=&raquo;vc_hidden-sm vc_col-xs-12 vc_hidden-xs&raquo;][vc_separator color=&raquo;black&raquo; css=&raquo;&raquo;][vc_row_inner equal_height=&raquo;yes&raquo; content_placement=&raquo;middle&raquo;][vc_column_inner width=&raquo;1\/5&#8243;][vc_single_image image=&raquo;10647&#8243; img_size=&raquo;80&#215;80&#8243; alignment=&raquo;center&raquo; css=&raquo;&raquo; image_hovers=&raquo;false&raquo;][\/vc_column_inner][vc_column_inner width=&raquo;1\/5&#8243; offset=&raquo;vc_hidden-sm vc_hidden-xs&raquo;][\/vc_column_inner][vc_column_inner width=&raquo;1\/5&#8243; offset=&raquo;vc_hidden-sm vc_hidden-xs&raquo;][\/vc_column_inner][vc_column_inner width=&raquo;1\/5&#8243; offset=&raquo;vc_hidden-sm vc_hidden-xs&raquo;][\/vc_column_inner][vc_column_inner width=&raquo;1\/5&#8243;][vc_single_image image=&raquo;10652&#8243; img_size=&raquo;medium&raquo; alignment=&raquo;center&raquo; css=&raquo;&raquo; image_hovers=&raquo;false&raquo;][\/vc_column_inner][\/vc_row_inner]<div class=\"ult-spacer spacer-69e18b67c8b9c\" data-id=\"69e18b67c8b9c\" data-height=\"\" data-height-mobile=\"10\" data-height-tab=\"\" data-height-tab-portrait=\"\" data-height-mobile-landscape=\"10\" style=\"clear:both;display:block;\"><\/div>[\/vc_column][\/vc_row][vc_row full_width=&raquo;stretch_row_content&raquo; content_placement=&raquo;middle&raquo;][vc_column offset=&raquo;vc_hidden-lg vc_hidden-md vc_col-xs-12&#8243;][vc_separator color=&raquo;black&raquo; css=&raquo;&raquo;][vc_row_inner equal_height=&raquo;yes&raquo; content_placement=&raquo;middle&raquo;][vc_column_inner][vc_single_image image=&raquo;10920&#8243; img_size=&raquo;340&#215;80&#8243; alignment=&raquo;center&raquo; css=&raquo;&raquo; image_hovers=&raquo;false&raquo;][\/vc_column_inner][\/vc_row_inner][\/vc_column][\/vc_row]<\/p>\n<\/div>","protected":false},"excerpt":{"rendered":"<p>[vc_row][vc_column][vc_column_text]Nordvalls gir hvert \u00e5r ut en ny utgave av magasinet Etiketten i fokus. Det er et magasin fullt av inspirasjon og nyheter om etiketter og etikettproduksjon. Les mer om etikettene til kundene v\u00e5re fra ulike bransjer, les intervjuer med medarbeidere om hvordan det er \u00e5 jobbe i Nordvalls, eller hold deg oppdatert om nytt regelverk,&hellip;<\/p>\n","protected":false},"author":1,"featured_media":8726,"parent":8537,"menu_order":0,"comment_status":"closed","ping_status":"closed","template":"","meta":{"footnotes":""},"class_list":["post-8724","page","type-page","status-publish","has-post-thumbnail","hentry","description-off"],"_links":{"self":[{"href":"https:\/\/nordvallsetikett.com\/no\/wp-json\/wp\/v2\/pages\/8724","targetHints":{"allow":["GET"]}}],"collection":[{"href":"https:\/\/nordvallsetikett.com\/no\/wp-json\/wp\/v2\/pages"}],"about":[{"href":"https:\/\/nordvallsetikett.com\/no\/wp-json\/wp\/v2\/types\/page"}],"author":[{"embeddable":true,"href":"https:\/\/nordvallsetikett.com\/no\/wp-json\/wp\/v2\/users\/1"}],"replies":[{"embeddable":true,"href":"https:\/\/nordvallsetikett.com\/no\/wp-json\/wp\/v2\/comments?post=8724"}],"version-history":[{"count":9,"href":"https:\/\/nordvallsetikett.com\/no\/wp-json\/wp\/v2\/pages\/8724\/revisions"}],"predecessor-version":[{"id":11058,"href":"https:\/\/nordvallsetikett.com\/no\/wp-json\/wp\/v2\/pages\/8724\/revisions\/11058"}],"up":[{"embeddable":true,"href":"https:\/\/nordvallsetikett.com\/no\/wp-json\/wp\/v2\/pages\/8537"}],"wp:featuredmedia":[{"embeddable":true,"href":"https:\/\/nordvallsetikett.com\/no\/wp-json\/wp\/v2\/media\/8726"}],"wp:attachment":[{"href":"https:\/\/nordvallsetikett.com\/no\/wp-json\/wp\/v2\/media?parent=8724"}],"curies":[{"name":"wp","href":"https:\/\/api.w.org\/{rel}","templated":true}]}}