{"id":9493,"date":"2025-01-20T12:41:33","date_gmt":"2025-01-20T12:41:33","guid":{"rendered":"https:\/\/nordvallsetikett.com\/nordvalls-etikett\/om-nordvalls\/baerekraft\/ansvar-og-baerekraft\/"},"modified":"2025-01-20T12:41:34","modified_gmt":"2025-01-20T12:41:34","slug":"ansvar-og-baerekraft","status":"publish","type":"page","link":"https:\/\/nordvallsetikett.com\/no\/nordvalls-etikett\/om-nordvalls\/baerekraft\/ansvar-og-baerekraft\/","title":{"rendered":"Ansvar og b\u00e6rekraft"},"content":{"rendered":"<div class=\"wpb-content-wrapper\"><p>[vc_row][vc_column width=&raquo;1\/2&#8243;][vc_column_text]<\/p>\n<p style=\"font-weight: 400;\"><strong>Ansvar og b\u00e6rekraft \u2013 <\/strong><\/p>\n<p style=\"font-weight: 400;\">I over et \u00e5rhundre har Nordvalls hatt en sterk lokal forankring, og vi er stolte over \u00e5 ha v\u00e6rt en arbeidsgiver \u00e5 regne med for mange mennesker, i mange \u00e5r. Hos Nordvalls handler b\u00e6rekraft om \u00e5 forvalte v\u00e5r lange historie som trykkeri p\u00e5 best mulig m\u00e5te.<\/p>\n<p style=\"font-weight: 400;\">V\u00e5rt arbeid er preget av \u00e5penhet og entrepren\u00f8rskap fra f\u00f8rste kontakt. Vi opptrer samarbeidende og l\u00f8sningsorientert og p\u00e5 en respektfull og \u00e5pen m\u00e5te overfor hverandre.<\/p>\n<p>[\/vc_column_text]<div class=\"ult-spacer spacer-69f41dc6c9776\" data-id=\"69f41dc6c9776\" data-height=\"50\" data-height-mobile=\"50\" data-height-tab=\"50\" data-height-tab-portrait=\"50\" data-height-mobile-landscape=\"50\" style=\"clear:both;display:block;\"><\/div>[\/vc_column][vc_column width=&raquo;1\/2&#8243;]<div class=\"ult-spacer spacer-69f41dc6c97d6\" data-id=\"69f41dc6c97d6\" data-height=\"20\" data-height-mobile=\"20\" data-height-tab=\"20\" data-height-tab-portrait=\"20\" data-height-mobile-landscape=\"20\" style=\"clear:both;display:block;\"><\/div><style type=\"text\/css\" data-type=\"the7_shortcodes-inline-css\">.shortcode-single-image-wrap.shortcode-single-image-be3e6d0b39f5d7267750dd1ed8aefd21.enable-bg-rollover .rollover i,\n.shortcode-single-image-wrap.shortcode-single-image-be3e6d0b39f5d7267750dd1ed8aefd21.enable-bg-rollover .rollover-video i {\n  background: -webkit-linear-gradient();\n  background: linear-gradient();\n}\n.shortcode-single-image-wrap.shortcode-single-image-be3e6d0b39f5d7267750dd1ed8aefd21 .rollover-icon {\n  font-size: 32px;\n  color: #ffffff;\n  min-width: 44px;\n  min-height: 44px;\n  line-height: 44px;\n  border-radius: 100px;\n  border-style: solid;\n  border-width: 0px;\n}\n.dt-icon-bg-on.shortcode-single-image-wrap.shortcode-single-image-be3e6d0b39f5d7267750dd1ed8aefd21 .rollover-icon {\n  background: rgba(255,255,255,0.3);\n  box-shadow: none;\n}<\/style><div class=\"shortcode-single-image-wrap shortcode-single-image-be3e6d0b39f5d7267750dd1ed8aefd21 alignright  enable-bg-rollover dt-icon-bg-off\" style=\"margin-top:0px; margin-bottom:0px; margin-left:0px; margin-right:0px; width:500px;\"><div class=\"shortcode-single-image\"><div class=\"fancy-media-wrap  layzr-bg\" style=\"border-radius:40px;\"><img fetchpriority=\"high\" decoding=\"async\" class=\"preload-me lazy-load aspect\" src=\"data:image\/svg+xml,%3Csvg%20xmlns%3D&#39;http%3A%2F%2Fwww.w3.org%2F2000%2Fsvg&#39;%20viewBox%3D&#39;0%200%20500%20333&#39;%2F%3E\" data-src=\"https:\/\/nordvallsetikett.com\/wp-content\/uploads\/2022\/01\/191121_0546_nordvalls-scaled-500x333.jpg\" data-srcset=\"https:\/\/nordvallsetikett.com\/wp-content\/uploads\/2022\/01\/191121_0546_nordvalls-scaled-500x333.jpg 500w, https:\/\/nordvallsetikett.com\/wp-content\/uploads\/2022\/01\/191121_0546_nordvalls-scaled-1000x666.jpg 1000w\" loading=\"eager\" sizes=\"(max-width: 500px) 100vw, 500px\" width=\"500\" height=\"333\"  data-dt-location=\"https:\/\/nordvallsetikett.com\/no\/?attachment_id=5411\" style=\"--ratio: 500 \/ 333;border-radius:40px;\" alt=\"\" \/><\/div><\/div><\/div><div class=\"ult-spacer spacer-69f41dc6ca73b\" data-id=\"69f41dc6ca73b\" data-height=\"50\" data-height-mobile=\"50\" data-height-tab=\"50\" data-height-tab-portrait=\"50\" data-height-mobile-landscape=\"50\" style=\"clear:both;display:block;\"><\/div>[\/vc_column][\/vc_row][vc_row][vc_column][vc_column_text]<\/p>\n<p style=\"font-weight: 400;\">Alle ansatte i Nordvalls Etikett \u00a0er forpliktet til \u00e5 overholde gjeldende lover og interne firmaforskrifter. For \u00e5 sikre riktig oppf\u00f8rsel har vi etablert konsernomfattende minimumskrav til PID* samt passende forebyggings- og kontrolltiltak.<\/p>\n<p style=\"font-weight: 400;\">\n<p style=\"font-weight: 400;\">* Nordvalls Etikett AB er medlem av POSSEHL Identification Solutions (PID), en del av POSSEHL Group.<\/p>\n<p>[\/vc_column_text]<div class=\"ult-spacer spacer-69f41dc6ca773\" data-id=\"69f41dc6ca773\" data-height=\"100\" data-height-mobile=\"50\" data-height-tab=\"50\" data-height-tab-portrait=\"50\" data-height-mobile-landscape=\"50\" style=\"clear:both;display:block;\"><\/div>[\/vc_column][\/vc_row][vc_row][vc_column width=&raquo;1\/2&#8243;]<style type=\"text\/css\" data-type=\"the7_shortcodes-inline-css\">.shortcode-single-image-wrap.shortcode-single-image-f7ac2467628c8f18303c5a5422e3fe7c.enable-bg-rollover .rollover i,\n.shortcode-single-image-wrap.shortcode-single-image-f7ac2467628c8f18303c5a5422e3fe7c.enable-bg-rollover .rollover-video i {\n  background: -webkit-linear-gradient();\n  background: linear-gradient();\n}\n.shortcode-single-image-wrap.shortcode-single-image-f7ac2467628c8f18303c5a5422e3fe7c .rollover-icon {\n  font-size: 32px;\n  color: #ffffff;\n  min-width: 44px;\n  min-height: 44px;\n  line-height: 44px;\n  border-radius: 100px;\n  border-style: solid;\n  border-width: 0px;\n}\n.dt-icon-bg-on.shortcode-single-image-wrap.shortcode-single-image-f7ac2467628c8f18303c5a5422e3fe7c .rollover-icon {\n  background: rgba(255,255,255,0.3);\n  box-shadow: none;\n}<\/style><div class=\"shortcode-single-image-wrap shortcode-single-image-f7ac2467628c8f18303c5a5422e3fe7c alignleft  enable-bg-rollover dt-icon-bg-off\" style=\"margin-top:0px; margin-bottom:0px; margin-left:0px; margin-right:0px; width:500px;\"><div class=\"shortcode-single-image\"><div class=\"fancy-media-wrap  layzr-bg\" style=\"border-radius:40px;\"><img decoding=\"async\" class=\"preload-me lazy-load aspect\" src=\"data:image\/svg+xml,%3Csvg%20xmlns%3D&#39;http%3A%2F%2Fwww.w3.org%2F2000%2Fsvg&#39;%20viewBox%3D&#39;0%200%20500%20333&#39;%2F%3E\" data-src=\"https:\/\/nordvallsetikett.com\/wp-content\/uploads\/2020\/07\/Arbetsmiljo\u0308-Nordvalls-500x333.jpg\" data-srcset=\"https:\/\/nordvallsetikett.com\/wp-content\/uploads\/2020\/07\/Arbetsmiljo\u0308-Nordvalls-500x333.jpg 500w, https:\/\/nordvallsetikett.com\/wp-content\/uploads\/2020\/07\/Arbetsmiljo\u0308-Nordvalls-1000x666.jpg 1000w\" loading=\"eager\" sizes=\"(max-width: 500px) 100vw, 500px\" width=\"500\" height=\"333\"  data-dt-location=\"https:\/\/nordvallsetikett.com\/no\/?attachment_id=4285\" style=\"--ratio: 500 \/ 333;border-radius:40px;\" alt=\"Nordvalls Etikett V\u00e4rderingar\" \/><\/div><\/div><\/div>[\/vc_column][vc_column width=&raquo;1\/2&#8243;][vc_column_text]<\/p>\n<h3 style=\"font-weight: 400;\"><strong>Lov om vern av varslere<\/strong><\/h3>\n<p style=\"font-weight: 400;\">Med implementeringen av<strong> Whistleblower Protection Act<\/strong> tilbyr vi leverand\u00f8rer, kunder, samarbeidspartnere og ansatte muligheten til \u00e5 rapportere hendelser anonymt. Dokument for varslingssystemet: <a href=\"https:\/\/nordvallsetikett.com\/wp-content\/uploads\/2023\/09\/External_Whistleblower_General_Introduction_English-3.pdf\">Forretningsorden<\/a><\/p>\n<p style=\"font-weight: 400;\">For informasjon i henhold til den tyske forsyningskjedeloven, kan du finne mer informasjon om prosedyren <a href=\"https:\/\/nordvallsetikett.com\/wp-content\/uploads\/2023\/09\/Nordvalls_Code_of_Procedure_-EN_012023.pdf\">her<\/a>.<\/p>\n<p>[\/vc_column_text][\/vc_column][\/vc_row]<\/p>\n<\/div>","protected":false},"excerpt":{"rendered":"<p>[vc_row][vc_column width=&raquo;1\/2&#8243;][vc_column_text] Ansvar og b\u00e6rekraft \u2013 I over et \u00e5rhundre har Nordvalls hatt en sterk lokal forankring, og vi er stolte over \u00e5 ha v\u00e6rt en arbeidsgiver \u00e5 regne med for mange mennesker, i mange \u00e5r. Hos Nordvalls handler b\u00e6rekraft om \u00e5 forvalte v\u00e5r lange historie som trykkeri p\u00e5 best mulig m\u00e5te. V\u00e5rt arbeid er&hellip;<\/p>\n","protected":false},"author":1,"featured_media":0,"parent":8541,"menu_order":0,"comment_status":"closed","ping_status":"closed","template":"","meta":{"footnotes":""},"class_list":["post-9493","page","type-page","status-publish","hentry","description-off"],"_links":{"self":[{"href":"https:\/\/nordvallsetikett.com\/no\/wp-json\/wp\/v2\/pages\/9493","targetHints":{"allow":["GET"]}}],"collection":[{"href":"https:\/\/nordvallsetikett.com\/no\/wp-json\/wp\/v2\/pages"}],"about":[{"href":"https:\/\/nordvallsetikett.com\/no\/wp-json\/wp\/v2\/types\/page"}],"author":[{"embeddable":true,"href":"https:\/\/nordvallsetikett.com\/no\/wp-json\/wp\/v2\/users\/1"}],"replies":[{"embeddable":true,"href":"https:\/\/nordvallsetikett.com\/no\/wp-json\/wp\/v2\/comments?post=9493"}],"version-history":[{"count":2,"href":"https:\/\/nordvallsetikett.com\/no\/wp-json\/wp\/v2\/pages\/9493\/revisions"}],"predecessor-version":[{"id":9495,"href":"https:\/\/nordvallsetikett.com\/no\/wp-json\/wp\/v2\/pages\/9493\/revisions\/9495"}],"up":[{"embeddable":true,"href":"https:\/\/nordvallsetikett.com\/no\/wp-json\/wp\/v2\/pages\/8541"}],"wp:attachment":[{"href":"https:\/\/nordvallsetikett.com\/no\/wp-json\/wp\/v2\/media?parent=9493"}],"curies":[{"name":"wp","href":"https:\/\/api.w.org\/{rel}","templated":true}]}}