{"id":9496,"date":"2025-01-20T12:46:23","date_gmt":"2025-01-20T12:46:23","guid":{"rendered":"https:\/\/nordvallsetikett.com\/nordvalls-etikett\/om-nordvalls\/baerekraft\/miljopolicy\/"},"modified":"2025-01-20T12:46:23","modified_gmt":"2025-01-20T12:46:23","slug":"miljopolicy","status":"publish","type":"page","link":"https:\/\/nordvallsetikett.com\/no\/nordvalls-etikett\/om-nordvalls\/baerekraft\/miljopolicy\/","title":{"rendered":"Milj\u00f8policy"},"content":{"rendered":"<div class=\"wpb-content-wrapper\"><p>[vc_row][vc_column][vc_row_inner content_placement=&raquo;middle&raquo;][vc_column_inner width=&raquo;1\/2&#8243;][vc_column_text]Som produsent av etiketter og spesialtrykk skal NORDVALLS ETIKETT drive kontinuerlig milj\u00f8arbeid basert p\u00e5 milj\u00f8bevissthet i hele organisasjonen.<\/p>\n<p style=\"font-weight: 400;\">Gjennom informasjon og tydelig styring skal ansatte se sin rolle i \u00e5 redusere bedriftens ytre milj\u00f8p\u00e5virkning. Milj\u00f8hensyn m\u00e5 tas i betraktning i alle beslutninger og p\u00e5 alle niv\u00e5er i organisasjonen.<\/p>\n<p style=\"font-weight: 400;\">\n<p style=\"font-weight: 400;\">Vi skal velge fornybare r\u00e5varer s\u00e5 langt det er mulig, spare begrensede ressurser, bruke effektive produksjonsmetoder og ellers s\u00f8rge for at produksjon og produkter har minst mulig milj\u00f8p\u00e5virkning.<\/p>\n<p style=\"font-weight: 400;\">Avfallet som genereres iunder produksjon sorteres og leveres inn til gjenvinning eller destruksjon.<\/p>\n<p style=\"font-weight: 400;\">Vi streber etter \u00e5 velge og bytte til kjemikalier med minst mulig p\u00e5virkning p\u00e5 milj\u00f8, helse og brann.<\/p>\n<p style=\"font-weight: 400;\">Virksomheten skal drives p\u00e5 en slik m\u00e5te at vi overholder b\u00e5de lover og forskrifter i milj\u00f8lovgivningen og andre krav som stilles til virksomheten og produktene.<\/p>\n<p style=\"font-weight: 400;\">\n<p style=\"font-weight: 400;\">For \u00e5 minimere negativ milj\u00f8p\u00e5virkning etableres relevante og m\u00e5lbare m\u00e5l som settes basert p\u00e5 v\u00e5re vesentlige milj\u00f8aspekter.<\/p>\n<p style=\"font-weight: 400;\">Vi jobber med kontinuerlig forbedring ved \u00e5 evaluere v\u00e5re prestasjoner p\u00e5 milj\u00f8omr\u00e5det, f\u00f8lge opp m\u00e5lene og gjennomf\u00f8re regelmessige revisjoner.<\/p>\n<p>[\/vc_column_text][\/vc_column_inner][vc_column_inner width=&raquo;1\/2&#8243;]<style type=\"text\/css\" data-type=\"the7_shortcodes-inline-css\">.shortcode-single-image-wrap.shortcode-single-image-f5da2751d2ceb1a74475c96397a3dc81.enable-bg-rollover .rollover i,\n.shortcode-single-image-wrap.shortcode-single-image-f5da2751d2ceb1a74475c96397a3dc81.enable-bg-rollover .rollover-video i {\n  background: -webkit-linear-gradient();\n  background: linear-gradient();\n}\n.shortcode-single-image-wrap.shortcode-single-image-f5da2751d2ceb1a74475c96397a3dc81 .rollover-icon {\n  font-size: 32px;\n  color: #ffffff;\n  min-width: 44px;\n  min-height: 44px;\n  line-height: 44px;\n  border-radius: 100px;\n  border-style: solid;\n  border-width: 0px;\n}\n.dt-icon-bg-on.shortcode-single-image-wrap.shortcode-single-image-f5da2751d2ceb1a74475c96397a3dc81 .rollover-icon {\n  background: rgba(255,255,255,0.3);\n  box-shadow: none;\n}<\/style><div class=\"shortcode-single-image-wrap shortcode-single-image-f5da2751d2ceb1a74475c96397a3dc81 alignnone  enable-bg-rollover dt-icon-bg-off\" style=\"margin-top:0px; margin-bottom:0px; margin-left:0px; margin-right:0px; width:500px;\"><div class=\"shortcode-single-image\"><div class=\"fancy-media-wrap  layzr-bg\" style=\"border-radius:40px;\"><img fetchpriority=\"high\" decoding=\"async\" class=\"preload-me lazy-load aspect\" src=\"data:image\/svg+xml,%3Csvg%20xmlns%3D&#39;http%3A%2F%2Fwww.w3.org%2F2000%2Fsvg&#39;%20viewBox%3D&#39;0%200%20500%20284&#39;%2F%3E\" data-src=\"https:\/\/nordvallsetikett.com\/wp-content\/uploads\/2022\/03\/Miljo\u0308-500x284.png\" data-srcset=\"https:\/\/nordvallsetikett.com\/wp-content\/uploads\/2022\/03\/Miljo\u0308-500x284.png 500w, https:\/\/nordvallsetikett.com\/wp-content\/uploads\/2022\/03\/Miljo\u0308-1000x568.png 1000w\" loading=\"eager\" sizes=\"(max-width: 500px) 100vw, 500px\" width=\"500\" height=\"284\"  data-dt-location=\"https:\/\/nordvallsetikett.com\/no\/etiketter\/miljovanliga-etiketter\/attachment\/miljo%cc%88\/\" style=\"--ratio: 500 \/ 284;border-radius:40px;\" alt=\"Skog\" \/><\/div><\/div><\/div>[\/vc_column_inner][\/vc_row_inner][\/vc_column][\/vc_row]<\/p>\n<\/div>","protected":false},"excerpt":{"rendered":"<p>[vc_row][vc_column][vc_row_inner content_placement=&raquo;middle&raquo;][vc_column_inner width=&raquo;1\/2&#8243;][vc_column_text]Som produsent av etiketter og spesialtrykk skal NORDVALLS ETIKETT drive kontinuerlig milj\u00f8arbeid basert p\u00e5 milj\u00f8bevissthet i hele organisasjonen. Gjennom informasjon og tydelig styring skal ansatte se sin rolle i \u00e5 redusere bedriftens ytre milj\u00f8p\u00e5virkning. Milj\u00f8hensyn m\u00e5 tas i betraktning i alle beslutninger og p\u00e5 alle niv\u00e5er i organisasjonen. Vi skal velge fornybare r\u00e5varer&hellip;<\/p>\n","protected":false},"author":1,"featured_media":0,"parent":8541,"menu_order":0,"comment_status":"closed","ping_status":"closed","template":"","meta":{"footnotes":""},"class_list":["post-9496","page","type-page","status-publish","hentry","description-off"],"_links":{"self":[{"href":"https:\/\/nordvallsetikett.com\/no\/wp-json\/wp\/v2\/pages\/9496","targetHints":{"allow":["GET"]}}],"collection":[{"href":"https:\/\/nordvallsetikett.com\/no\/wp-json\/wp\/v2\/pages"}],"about":[{"href":"https:\/\/nordvallsetikett.com\/no\/wp-json\/wp\/v2\/types\/page"}],"author":[{"embeddable":true,"href":"https:\/\/nordvallsetikett.com\/no\/wp-json\/wp\/v2\/users\/1"}],"replies":[{"embeddable":true,"href":"https:\/\/nordvallsetikett.com\/no\/wp-json\/wp\/v2\/comments?post=9496"}],"version-history":[{"count":2,"href":"https:\/\/nordvallsetikett.com\/no\/wp-json\/wp\/v2\/pages\/9496\/revisions"}],"predecessor-version":[{"id":9498,"href":"https:\/\/nordvallsetikett.com\/no\/wp-json\/wp\/v2\/pages\/9496\/revisions\/9498"}],"up":[{"embeddable":true,"href":"https:\/\/nordvallsetikett.com\/no\/wp-json\/wp\/v2\/pages\/8541"}],"wp:attachment":[{"href":"https:\/\/nordvallsetikett.com\/no\/wp-json\/wp\/v2\/media?parent=9496"}],"curies":[{"name":"wp","href":"https:\/\/api.w.org\/{rel}","templated":true}]}}