{"id":9499,"date":"2025-01-20T12:59:13","date_gmt":"2025-01-20T12:59:13","guid":{"rendered":"https:\/\/nordvallsetikett.com\/nordvalls-etikett\/om-nordvalls\/baerekraft\/kvalitetspolicy\/"},"modified":"2025-01-20T12:59:52","modified_gmt":"2025-01-20T12:59:52","slug":"kvalitetspolicy","status":"publish","type":"page","link":"https:\/\/nordvallsetikett.com\/no\/nordvalls-etikett\/om-nordvalls\/baerekraft\/kvalitetspolicy\/","title":{"rendered":"Kvalitetspolicy"},"content":{"rendered":"<div class=\"wpb-content-wrapper\"><p>[vc_row][vc_column][vc_row_inner content_placement=&raquo;middle&raquo;][vc_column_inner width=&raquo;1\/2&#8243;][vc_column_text css=&raquo;&raquo;]<\/p>\n<p style=\"font-weight: 400;\">NORDVALLS ETIKETT \u00a0setter alltid kunden i fokus, v\u00e5r service, produktkvalitet og leveringssikkerhet skal alltid v\u00e6re s\u00e5 god at den fortjener og vinner kundenes tillit til oss som produsent av etiketter og spesialtrykk.<\/p>\n<p style=\"font-weight: 400;\">For \u00e5 styrke v\u00e5r posisjon i markedet, bygger vi tilliten til v\u00e5re kunder gjennom v\u00e5r kompetanse og vilje til \u00e5 m\u00f8te deres krav.<\/p>\n<p style=\"font-weight: 400;\">Dette oppn\u00e5r vi gjennom profesjonalitet og engasjement fra v\u00e5re ansatte, kontinuerlig oppl\u00e6ring, et godt utformet forretningssystem og kontinuerlig forbedringsarbeid.<\/p>\n<p style=\"font-weight: 400;\">V\u00e5re prestasjoner p\u00e5 kvalitetsomr\u00e5det skal evalueres fortl\u00f8pende gjennom m\u00e5linger opp mot fastsatte m\u00e5l for virksomheten, registrering av avvik og gjennomf\u00f8ring av internrevisjoner.<\/p>\n<p style=\"font-weight: 400;\">Vi stiller like h\u00f8ye krav til v\u00e5re leverand\u00f8rer som vi gj\u00f8r til oss selv, og derfor kontrolleres og f\u00f8lges opp kvaliteten p\u00e5 v\u00e5re leverand\u00f8rer.<\/p>\n<p>V\u00e5r virksomhet drives med utgangspunkt i gjeldende lover og forskrifter, og vi forankrer samfunnsansvar og forretningsetikk i v\u00e5r forretningspraksis.[\/vc_column_text][\/vc_column_inner][vc_column_inner width=&raquo;1\/2&#8243;]<style type=\"text\/css\" data-type=\"the7_shortcodes-inline-css\">.shortcode-single-image-wrap.shortcode-single-image-452052cba969ba1b68f34f122fda1ff9.enable-bg-rollover .rollover i,\n.shortcode-single-image-wrap.shortcode-single-image-452052cba969ba1b68f34f122fda1ff9.enable-bg-rollover .rollover-video i {\n  background: -webkit-linear-gradient();\n  background: linear-gradient();\n}\n.shortcode-single-image-wrap.shortcode-single-image-452052cba969ba1b68f34f122fda1ff9 .rollover-icon {\n  font-size: 32px;\n  color: #ffffff;\n  min-width: 44px;\n  min-height: 44px;\n  line-height: 44px;\n  border-radius: 100px;\n  border-style: solid;\n  border-width: 0px;\n}\n.dt-icon-bg-on.shortcode-single-image-wrap.shortcode-single-image-452052cba969ba1b68f34f122fda1ff9 .rollover-icon {\n  background: rgba(255,255,255,0.3);\n  box-shadow: none;\n}<\/style><div class=\"shortcode-single-image-wrap shortcode-single-image-452052cba969ba1b68f34f122fda1ff9 alignnone  enable-bg-rollover dt-icon-bg-off\" style=\"margin-top:0px; margin-bottom:0px; margin-left:0px; margin-right:0px; width:500px;\"><div class=\"shortcode-single-image\"><div class=\"fancy-media-wrap  layzr-bg\" style=\"border-radius:40px;\"><img fetchpriority=\"high\" decoding=\"async\" class=\"preload-me lazy-load aspect\" src=\"data:image\/svg+xml,%3Csvg%20xmlns%3D&#39;http%3A%2F%2Fwww.w3.org%2F2000%2Fsvg&#39;%20viewBox%3D&#39;0%200%20500%20318&#39;%2F%3E\" data-src=\"https:\/\/nordvallsetikett.com\/wp-content\/uploads\/2022\/06\/220519_0072_Nordvalls-scaled-e1656678121355-500x318.jpg\" data-srcset=\"https:\/\/nordvallsetikett.com\/wp-content\/uploads\/2022\/06\/220519_0072_Nordvalls-scaled-e1656678121355-500x318.jpg 500w, https:\/\/nordvallsetikett.com\/wp-content\/uploads\/2022\/06\/220519_0072_Nordvalls-scaled-e1656678121355-1000x636.jpg 1000w\" loading=\"eager\" sizes=\"(max-width: 500px) 100vw, 500px\" width=\"500\" height=\"318\"  data-dt-location=\"https:\/\/nordvallsetikett.com\/no\/blogg\/sommarbrev-fran-patrik-jenemark-vd-nordvalls-etikett\/attachment\/220519_0072_nordvalls\/\" style=\"--ratio: 500 \/ 318;border-radius:40px;\" alt=\"\" \/><\/div><\/div><\/div>[\/vc_column_inner][\/vc_row_inner][\/vc_column][\/vc_row]<\/p>\n<\/div>","protected":false},"excerpt":{"rendered":"<p>[vc_row][vc_column][vc_row_inner content_placement=&raquo;middle&raquo;][vc_column_inner width=&raquo;1\/2&#8243;][vc_column_text css=&raquo;&raquo;] NORDVALLS ETIKETT \u00a0setter alltid kunden i fokus, v\u00e5r service, produktkvalitet og leveringssikkerhet skal alltid v\u00e6re s\u00e5 god at den fortjener og vinner kundenes tillit til oss som produsent av etiketter og spesialtrykk. For \u00e5 styrke v\u00e5r posisjon i markedet, bygger vi tilliten til v\u00e5re kunder gjennom v\u00e5r kompetanse og vilje til&hellip;<\/p>\n","protected":false},"author":1,"featured_media":0,"parent":8541,"menu_order":0,"comment_status":"closed","ping_status":"closed","template":"","meta":{"footnotes":""},"class_list":["post-9499","page","type-page","status-publish","hentry","description-off"],"_links":{"self":[{"href":"https:\/\/nordvallsetikett.com\/no\/wp-json\/wp\/v2\/pages\/9499","targetHints":{"allow":["GET"]}}],"collection":[{"href":"https:\/\/nordvallsetikett.com\/no\/wp-json\/wp\/v2\/pages"}],"about":[{"href":"https:\/\/nordvallsetikett.com\/no\/wp-json\/wp\/v2\/types\/page"}],"author":[{"embeddable":true,"href":"https:\/\/nordvallsetikett.com\/no\/wp-json\/wp\/v2\/users\/1"}],"replies":[{"embeddable":true,"href":"https:\/\/nordvallsetikett.com\/no\/wp-json\/wp\/v2\/comments?post=9499"}],"version-history":[{"count":3,"href":"https:\/\/nordvallsetikett.com\/no\/wp-json\/wp\/v2\/pages\/9499\/revisions"}],"predecessor-version":[{"id":9502,"href":"https:\/\/nordvallsetikett.com\/no\/wp-json\/wp\/v2\/pages\/9499\/revisions\/9502"}],"up":[{"embeddable":true,"href":"https:\/\/nordvallsetikett.com\/no\/wp-json\/wp\/v2\/pages\/8541"}],"wp:attachment":[{"href":"https:\/\/nordvallsetikett.com\/no\/wp-json\/wp\/v2\/media?parent=9499"}],"curies":[{"name":"wp","href":"https:\/\/api.w.org\/{rel}","templated":true}]}}