{"id":9504,"date":"2025-01-20T14:02:45","date_gmt":"2025-01-20T14:02:45","guid":{"rendered":"https:\/\/nordvallsetikett.com\/nordvalls-etikett\/om-nordvalls\/baerekraft\/retningslinjer-for-mattrygghet\/"},"modified":"2025-01-20T14:02:45","modified_gmt":"2025-01-20T14:02:45","slug":"retningslinjer-for-mattrygghet","status":"publish","type":"page","link":"https:\/\/nordvallsetikett.com\/no\/nordvalls-etikett\/om-nordvalls\/baerekraft\/retningslinjer-for-mattrygghet\/","title":{"rendered":"Retningslinjer for mattrygghet"},"content":{"rendered":"<div class=\"wpb-content-wrapper\"><p>[vc_row][vc_column width=&raquo;1\/2&#8243;][vc_column_text css=&raquo;&raquo;]<\/p>\n<p style=\"font-weight: 400;\"><strong>NORDVALLS ETIKETT,<\/strong> enhet i Sj\u00f6bo og M\u00f6lnlycke vil kjennetegnes av et bevisst og organisert kvalitetsarbeid som vil gjennomsyre hele varestr\u00f8mmen.<\/p>\n<p style=\"font-weight: 400;\">Vi skal utvikle, produsere og distribuere produkter p\u00e5 et kvalitets- og sikkerhetsniv\u00e5 som oppfyller kundens behov og forventninger.<\/p>\n<p style=\"font-weight: 400;\">Alle ansatte er ansvarlige for kvaliteten p\u00e5 arbeidet de gj\u00f8r, slik at v\u00e5re kunder trygt kan bruke produktene v\u00e5re.<\/p>\n<p style=\"font-weight: 400;\">Vi vil derfor arbeide for \u00e5:<\/p>\n<ul style=\"font-weight: 400;\">\n<li>holde v\u00e5rt styringssystem for kvalitet og matsikkerhet oppdatert og levende<\/li>\n<li>Kontinuerlig forbedring m\u00e5 v\u00e6re en naturlig del av arbeidet<\/li>\n<li>sette klare kvalitets- og mattrygghetsm\u00e5l med oppf\u00f8lging<\/li>\n<li>leve opp til kravene som stilles av lover og myndigheter, samt forpliktelsene vi har overfor v\u00e5re kunder<\/li>\n<li>ha \u00e5pen og effektiv kommunikasjon innad i virksomheten og med kunder, samarbeidspartnere og andre akt\u00f8rer<\/li>\n<\/ul>\n<p style=\"font-weight: 400;\">For oss er kvalitet og mattrygghet ikke bare m\u00e5lbart, men like mye et sp\u00f8rsm\u00e5l om engasjement og bedriftskultur, samt kompetanse og bevissthet om mattrygghetssp\u00f8rsm\u00e5l blant ansatte.<\/p>\n<p>[\/vc_column_text][\/vc_column][vc_column width=&raquo;1\/2&#8243;]<style type=\"text\/css\" data-type=\"the7_shortcodes-inline-css\">.dt-team-shortcode.team-masonry-shortcode-id-bdb2620020fafaacfb9b41b1df26fa59 .team-desc {\n  padding: 20px 20px 20px 20px;\n}\n.dt-team-shortcode.team-masonry-shortcode-id-bdb2620020fafaacfb9b41b1df26fa59 .team-author-name,\n.dt-team-shortcode.team-masonry-shortcode-id-bdb2620020fafaacfb9b41b1df26fa59 .team-author-name a {\n  margin-bottom: 0px;\n  font-weight: bold;\n}\n.dt-team-shortcode.team-masonry-shortcode-id-bdb2620020fafaacfb9b41b1df26fa59 .team-author p {\n  margin-bottom: 10px;\n  font-weight: bold;\n}\n.dt-team-shortcode.team-masonry-shortcode-id-bdb2620020fafaacfb9b41b1df26fa59  .team-media {\n  padding: 20px 20px 20px 20px;\n}\n.dt-team-shortcode.team-masonry-shortcode-id-bdb2620020fafaacfb9b41b1df26fa59 .dt-css-grid .team-media img {\n  max-width: 100%;\n}\n.dt-team-shortcode.team-masonry-shortcode-id-bdb2620020fafaacfb9b41b1df26fa59 .team-content {\n  margin-bottom: 5px;\n}\n.dt-team-shortcode.team-masonry-shortcode-id-bdb2620020fafaacfb9b41b1df26fa59  .team-media,\n.dt-team-shortcode.team-masonry-shortcode-id-bdb2620020fafaacfb9b41b1df26fa59  .team-media a.rollover,\n.dt-team-shortcode.team-masonry-shortcode-id-bdb2620020fafaacfb9b41b1df26fa59  .team-media a.rollover *,\n.dt-team-shortcode.team-masonry-shortcode-id-bdb2620020fafaacfb9b41b1df26fa59  .team-media img {\n  border-radius: 40px;\n}\n.dt-team-shortcode.team-masonry-shortcode-id-bdb2620020fafaacfb9b41b1df26fa59 .soc-ico {\n  margin-bottom: 15px;\n}\n.dt-team-shortcode.team-masonry-shortcode-id-bdb2620020fafaacfb9b41b1df26fa59 .soc-ico a {\n  min-width: 26px;\n  min-height: 26px;\n  font-size: 16px;\n  border-radius: 100px;\n}\n.dt-team-shortcode.team-masonry-shortcode-id-bdb2620020fafaacfb9b41b1df26fa59 .soc-ico a:not(:last-child) {\n  margin-right: 4px;\n}\n.dt-team-shortcode.team-masonry-shortcode-id-bdb2620020fafaacfb9b41b1df26fa59 .soc-ico a:before,\n.dt-team-shortcode.team-masonry-shortcode-id-bdb2620020fafaacfb9b41b1df26fa59 .soc-ico a:after {\n  min-width: 26px;\n  min-height: 26px;\n  padding: inherit;\n}\n.dt-icon-border-on.dt-team-shortcode.team-masonry-shortcode-id-bdb2620020fafaacfb9b41b1df26fa59 .soc-ico a:before {\n  border: 0px solid transparent;\n}\n.dt-team-shortcode.team-masonry-shortcode-id-bdb2620020fafaacfb9b41b1df26fa59 .soc-ico a:hover {\n  font-size: 16px;\n}\n#page .dt-team-shortcode.team-masonry-shortcode-id-bdb2620020fafaacfb9b41b1df26fa59 .soc-ico a:hover .soc-font-icon {\n  color: rgba(255,255,255,0.75);\n  background: none;\n}\n.dt-icon-border-hover-on.dt-team-shortcode.team-masonry-shortcode-id-bdb2620020fafaacfb9b41b1df26fa59 .soc-ico a:after {\n  border: 0px solid transparent;\n}\n#page .dt-team-shortcode.team-masonry-shortcode-id-bdb2620020fafaacfb9b41b1df26fa59 .soc-ico a:not(:hover) .soc-font-icon {\n  color: #ffffff;\n  background: none;\n}\n.dt-team-shortcode.team-masonry-shortcode-id-bdb2620020fafaacfb9b41b1df26fa59 .soc-ico a .soc-font-icon {\n  font-size: 16px;\n}\n.dt-team-shortcode.team-masonry-shortcode-id-bdb2620020fafaacfb9b41b1df26fa59 .filter-bg-decoration .filter-categories a.act {\n  color: #fff;\n}\n.dt-team-shortcode.team-masonry-shortcode-id-bdb2620020fafaacfb9b41b1df26fa59:not(.resize-by-browser-width) .dt-css-grid {\n  grid-row-gap: 30px;\n  grid-column-gap: 30px;\n  grid-template-columns: repeat(auto-fill,minmax(,1fr));\n}\n.cssgridlegacy.no-cssgrid .dt-team-shortcode.team-masonry-shortcode-id-bdb2620020fafaacfb9b41b1df26fa59:not(.resize-by-browser-width) .dt-css-grid,\n.no-cssgridlegacy.no-cssgrid .dt-team-shortcode.team-masonry-shortcode-id-bdb2620020fafaacfb9b41b1df26fa59:not(.resize-by-browser-width) .dt-css-grid {\n  display: flex;\n  flex-flow: row wrap;\n  margin: -15px;\n}\n.cssgridlegacy.no-cssgrid .dt-team-shortcode.team-masonry-shortcode-id-bdb2620020fafaacfb9b41b1df26fa59:not(.resize-by-browser-width) .dt-css-grid .wf-cell,\n.no-cssgridlegacy.no-cssgrid .dt-team-shortcode.team-masonry-shortcode-id-bdb2620020fafaacfb9b41b1df26fa59:not(.resize-by-browser-width) .dt-css-grid .wf-cell {\n  flex: 1 0 ;\n  max-width: 100%;\n  padding: 15px;\n  box-sizing: border-box;\n}\n.dt-team-shortcode.team-masonry-shortcode-id-bdb2620020fafaacfb9b41b1df26fa59.resize-by-browser-width .dt-css-grid {\n  grid-template-columns: repeat(1,1fr);\n  grid-template-rows: auto;\n  grid-column-gap: 30px;\n  grid-row-gap: 30px;\n}\n.cssgridlegacy.no-cssgrid .dt-team-shortcode.team-masonry-shortcode-id-bdb2620020fafaacfb9b41b1df26fa59.resize-by-browser-width .dt-css-grid,\n.no-cssgridlegacy.no-cssgrid .dt-team-shortcode.team-masonry-shortcode-id-bdb2620020fafaacfb9b41b1df26fa59.resize-by-browser-width .dt-css-grid {\n  margin: -15px;\n}\n.cssgridlegacy.no-cssgrid .dt-team-shortcode.team-masonry-shortcode-id-bdb2620020fafaacfb9b41b1df26fa59.resize-by-browser-width .dt-css-grid .wf-cell,\n.no-cssgridlegacy.no-cssgrid .dt-team-shortcode.team-masonry-shortcode-id-bdb2620020fafaacfb9b41b1df26fa59.resize-by-browser-width .dt-css-grid .wf-cell {\n  width: 100%;\n  padding: 15px;\n}\n@media screen and (max-width: 1199px) {\n  .dt-team-shortcode.team-masonry-shortcode-id-bdb2620020fafaacfb9b41b1df26fa59.resize-by-browser-width .dt-css-grid {\n    grid-template-columns: repeat(1,1fr);\n  }\n  .cssgridlegacy.no-cssgrid .dt-team-shortcode.team-masonry-shortcode-id-bdb2620020fafaacfb9b41b1df26fa59.resize-by-browser-width .dt-css-grid .wf-cell,\n  .no-cssgridlegacy.no-cssgrid .dt-team-shortcode.team-masonry-shortcode-id-bdb2620020fafaacfb9b41b1df26fa59.resize-by-browser-width .dt-css-grid .wf-cell {\n    width: 100%;\n  }\n}\n@media screen and (max-width: 991px) {\n  .dt-team-shortcode.team-masonry-shortcode-id-bdb2620020fafaacfb9b41b1df26fa59.resize-by-browser-width .dt-css-grid {\n    grid-template-columns: repeat(1,1fr);\n  }\n  .cssgridlegacy.no-cssgrid .dt-team-shortcode.team-masonry-shortcode-id-bdb2620020fafaacfb9b41b1df26fa59.resize-by-browser-width .dt-css-grid .wf-cell,\n  .no-cssgridlegacy.no-cssgrid .dt-team-shortcode.team-masonry-shortcode-id-bdb2620020fafaacfb9b41b1df26fa59.resize-by-browser-width .dt-css-grid .wf-cell {\n    width: 100%;\n  }\n}\n@media screen and (max-width: 767px) {\n  .dt-team-shortcode.team-masonry-shortcode-id-bdb2620020fafaacfb9b41b1df26fa59.resize-by-browser-width .dt-css-grid {\n    grid-template-columns: repeat(1,1fr);\n  }\n  .cssgridlegacy.no-cssgrid .dt-team-shortcode.team-masonry-shortcode-id-bdb2620020fafaacfb9b41b1df26fa59.resize-by-browser-width .dt-css-grid .wf-cell,\n  .no-cssgridlegacy.no-cssgrid .dt-team-shortcode.team-masonry-shortcode-id-bdb2620020fafaacfb9b41b1df26fa59.resize-by-browser-width .dt-css-grid .wf-cell {\n    width: 100%;\n  }\n}<\/style><div class=\"dt-team-masonry-shortcode dt-team-shortcode team-masonry-shortcode-id-bdb2620020fafaacfb9b41b1df26fa59 loading-effect-none mode-grid jquery-filter content-align-left dt-css-grid-wrap scale-img dt-css-grid-wrap dt-icon-bg-on dt-icon-border-on dt-icon-hover-bg-on dt-icon-border-hover-on move-icons-under-position resize-by-browser-width  \" data-padding=\"15px\" data-cur-page=\"1\" data-post-limit=\"-1\" data-pagination-mode=\"none\" data-desktop-columns-num=\"1\" data-v-tablet-columns-num=\"1\" data-h-tablet-columns-num=\"1\" data-phone-columns-num=\"1\" data-width=\"0px\" data-columns=\"0\"><div class=\"dt-css-grid\" ><\/div><!-- iso-container|iso-grid --><\/div>[\/vc_column][\/vc_row]<\/p>\n<\/div>","protected":false},"excerpt":{"rendered":"<p>[vc_row][vc_column width=&raquo;1\/2&#8243;][vc_column_text css=&raquo;&raquo;] NORDVALLS ETIKETT, enhet i Sj\u00f6bo og M\u00f6lnlycke vil kjennetegnes av et bevisst og organisert kvalitetsarbeid som vil gjennomsyre hele varestr\u00f8mmen. Vi skal utvikle, produsere og distribuere produkter p\u00e5 et kvalitets- og sikkerhetsniv\u00e5 som oppfyller kundens behov og forventninger. Alle ansatte er ansvarlige for kvaliteten p\u00e5 arbeidet de gj\u00f8r, slik at v\u00e5re kunder&hellip;<\/p>\n","protected":false},"author":1,"featured_media":0,"parent":8541,"menu_order":0,"comment_status":"closed","ping_status":"closed","template":"","meta":{"footnotes":""},"class_list":["post-9504","page","type-page","status-publish","hentry","description-off"],"_links":{"self":[{"href":"https:\/\/nordvallsetikett.com\/no\/wp-json\/wp\/v2\/pages\/9504","targetHints":{"allow":["GET"]}}],"collection":[{"href":"https:\/\/nordvallsetikett.com\/no\/wp-json\/wp\/v2\/pages"}],"about":[{"href":"https:\/\/nordvallsetikett.com\/no\/wp-json\/wp\/v2\/types\/page"}],"author":[{"embeddable":true,"href":"https:\/\/nordvallsetikett.com\/no\/wp-json\/wp\/v2\/users\/1"}],"replies":[{"embeddable":true,"href":"https:\/\/nordvallsetikett.com\/no\/wp-json\/wp\/v2\/comments?post=9504"}],"version-history":[{"count":2,"href":"https:\/\/nordvallsetikett.com\/no\/wp-json\/wp\/v2\/pages\/9504\/revisions"}],"predecessor-version":[{"id":9506,"href":"https:\/\/nordvallsetikett.com\/no\/wp-json\/wp\/v2\/pages\/9504\/revisions\/9506"}],"up":[{"embeddable":true,"href":"https:\/\/nordvallsetikett.com\/no\/wp-json\/wp\/v2\/pages\/8541"}],"wp:attachment":[{"href":"https:\/\/nordvallsetikett.com\/no\/wp-json\/wp\/v2\/media?parent=9504"}],"curies":[{"name":"wp","href":"https:\/\/api.w.org\/{rel}","templated":true}]}}