{"id":2636,"date":"2019-10-07T13:48:41","date_gmt":"2019-10-07T13:48:41","guid":{"rendered":"https:\/\/beta.nordvalls.se\/?page_id=2636"},"modified":"2025-10-31T13:15:34","modified_gmt":"2025-10-31T13:15:34","slug":"forfragan","status":"publish","type":"page","link":"https:\/\/nordvallsetikett.com\/sv\/forfragan\/","title":{"rendered":"F\u00f6rfr\u00e5gan"},"content":{"rendered":"<div class=\"wpb-content-wrapper\"><p>[vc_row][vc_column][vc_row_inner][vc_column_inner width=&#8221;1\/2&#8243;][vc_column_text css=&#8221;.vc_custom_1580911937519{margin-bottom: 20px !important;}&#8221;]<\/p>\n<h2>Vill du veta vad vi p\u00e5 Nordvalls kan g\u00f6ra f\u00f6r dig?<\/h2>\n<p>Vi offererar g\u00e4rna p\u00e5 en etikettl\u00f6sning f\u00f6r din verksamhets behov. F\u00f6r att ge dig en bra bild av vad vi kan erbjuda beh\u00f6ver vi vissa uppgifter fr\u00e5n dig. Vi beh\u00f6ver till exempel veta hur stor upplaga du t\u00e4nker dig, etikettens anv\u00e4ndningsomr\u00e5de, hur etiketten ska appliceras p\u00e5 dina produkter, och s\u00e5 vidare. Vill du ha hj\u00e4lp med n\u00e5gon av dessa uppgifter \u00e4r du alltid v\u00e4lkommen att ringa oss, maila oss eller anv\u00e4nda kontaktformul\u00e4ret du hittar h\u00e4r. Vi finns h\u00e4r f\u00f6r att hj\u00e4lpa dig.[\/vc_column_text][vc_column_text]<\/p>\n<p class=\"p1\"><span class=\"s1\">Vet du exakt vad du s\u00f6ker eller p\u00e5 ett ungef\u00e4r? D\u00e5 rekommenderar vi att du g\u00f6r en <b><a href=\"#1580289862291-50a7dd49-6d7e\">offertf\u00f6rfr\u00e5gan<\/a>.<\/b><\/span><\/p>\n<p class=\"p1\"><span class=\"s1\">Vill du g\u00f6ra en allm\u00e4n f\u00f6rfr\u00e5gan om etiketter eller om Nordvalls som leverant\u00f6r? Anv\u00e4nd g\u00e4rna v\u00e5rt <b><a href=\"#1580289862307-3826c588-3289\">kontaktformul\u00e4r<\/a>.<\/b><\/span><\/p>\n<p>[\/vc_column_text][\/vc_column_inner][vc_column_inner width=&#8221;1\/2&#8243;]<style type=\"text\/css\" data-type=\"the7_shortcodes-inline-css\">.shortcode-single-image-wrap.shortcode-single-image-6af4b281a6659162bff688889c850971.enable-bg-rollover .rollover i,\n.shortcode-single-image-wrap.shortcode-single-image-6af4b281a6659162bff688889c850971.enable-bg-rollover .rollover-video i {\n  background: -webkit-linear-gradient();\n  background: linear-gradient();\n}\n.shortcode-single-image-wrap.shortcode-single-image-6af4b281a6659162bff688889c850971 .rollover-icon {\n  font-size: 32px;\n  color: #ffffff;\n  min-width: 44px;\n  min-height: 44px;\n  line-height: 44px;\n  border-radius: 100px;\n  border-style: solid;\n  border-width: 0px;\n}\n.dt-icon-bg-on.shortcode-single-image-wrap.shortcode-single-image-6af4b281a6659162bff688889c850971 .rollover-icon {\n  background: rgba(255,255,255,0.3);\n  box-shadow: none;\n}<\/style><div class=\"shortcode-single-image-wrap shortcode-single-image-6af4b281a6659162bff688889c850971 alignnone  enable-bg-rollover dt-icon-bg-off\" style=\"margin-top:0px; margin-bottom:0px; margin-left:0px; margin-right:0px; width:500px;\"><div class=\"shortcode-single-image\"><div class=\"fancy-media-wrap  layzr-bg\" style=\"border-radius:40px;\"><img fetchpriority=\"high\" decoding=\"async\" class=\"preload-me lazy-load aspect\" src=\"data:image\/svg+xml,%3Csvg%20xmlns%3D&#39;http%3A%2F%2Fwww.w3.org%2F2000%2Fsvg&#39;%20viewBox%3D&#39;0%200%20500%20375&#39;%2F%3E\" data-src=\"https:\/\/nordvallsetikett.com\/wp-content\/uploads\/2023\/10\/Etiketten-i-fokus_Nr3_OmslagHallbarhet-scaled-500x375.jpg\" data-srcset=\"https:\/\/nordvallsetikett.com\/wp-content\/uploads\/2023\/10\/Etiketten-i-fokus_Nr3_OmslagHallbarhet-scaled-500x375.jpg 500w, https:\/\/nordvallsetikett.com\/wp-content\/uploads\/2023\/10\/Etiketten-i-fokus_Nr3_OmslagHallbarhet-scaled-1000x750.jpg 1000w\" loading=\"eager\" sizes=\"(max-width: 500px) 100vw, 500px\" width=\"500\" height=\"375\"  data-dt-location=\"https:\/\/nordvallsetikett.com\/sv\/nordvalls-etikett\/om-nordvalls\/etiketten-i-fokus\/attachment\/mockups-design-5\/\" style=\"--ratio: 500 \/ 375;border-radius:40px;\" alt=\"\" \/><\/div><\/div><\/div><div class=\"ult-spacer spacer-69dff8b1b0f07\" data-id=\"69dff8b1b0f07\" data-height=\"10\" data-height-mobile=\"10\" data-height-tab=\"10\" data-height-tab-portrait=\"10\" data-height-mobile-landscape=\"10\" style=\"clear:both;display:block;\"><\/div>[vc_column_text]L\u00e4s v\u00e5rt kundmagasin Etiketten i Fokus f\u00f6r att ta del av nyheter, inspiration, intervjuer och tips om etiketter och etikettproduktion![\/vc_column_text]<style type=\"text\/css\" data-type=\"the7_shortcodes-inline-css\">#default-btn-3fb5bade53eb3582b323521be51bbf61.ico-right-side > i {\n  margin-right: 0px;\n  margin-left: 8px;\n}\n#default-btn-3fb5bade53eb3582b323521be51bbf61 > i {\n  margin-right: 8px;\n}<\/style><a href=\"https:\/\/nordvallsetikett.com\/nordvalls-etikett\/om-nordvalls\/etiketten-i-fokus\/\" class=\"default-btn-shortcode dt-btn dt-btn-m link-hover-off btn-inline-left \" id=\"default-btn-3fb5bade53eb3582b323521be51bbf61\"><span>L\u00e4s Etiketten i Fokus!<\/span><\/a>[\/vc_column_inner][\/vc_row_inner][vc_row_inner][vc_column_inner]<div class=\"ult-spacer spacer-69dff8b1b1020\" data-id=\"69dff8b1b1020\" data-height=\"50\" data-height-mobile=\"20\" data-height-tab=\"\" data-height-tab-portrait=\"\" data-height-mobile-landscape=\"\" style=\"clear:both;display:block;\"><\/div>[\/vc_column_inner][\/vc_row_inner][vc_tta_tabs style=&#8221;modern&#8221; spacing=&#8221;4&#8243; alignment=&#8221;center&#8221; active_section=&#8221;&#8221; css=&#8221;.vc_custom_1580322205242{padding-top: 30px !important;padding-right: 30px !important;padding-bottom: 30px !important;padding-left: 30px !important;}&#8221;][vc_tta_section title=&#8221;Offertf\u00f6rfr\u00e5gan&#8221; tab_id=&#8221;1580289862291-50a7dd49-6d7e&#8221;]\n<div class=\"wpcf7 no-js\" id=\"wpcf7-f2713-o1\" lang=\"sv-SE\" dir=\"ltr\" data-wpcf7-id=\"2713\">\n<div class=\"screen-reader-response\"><p role=\"status\" aria-live=\"polite\" aria-atomic=\"true\"><\/p> <ul><\/ul><\/div>\n<form action=\"\/sv\/wp-json\/wp\/v2\/pages\/2636#wpcf7-f2713-o1\" method=\"post\" class=\"wpcf7-form init\" aria-label=\"Kontaktformul\u00e4r\" novalidate=\"novalidate\" data-status=\"init\">\n<fieldset class=\"hidden-fields-container\"><input type=\"hidden\" name=\"_wpcf7\" value=\"2713\" \/><input type=\"hidden\" name=\"_wpcf7_version\" value=\"6.1.5\" \/><input type=\"hidden\" name=\"_wpcf7_locale\" value=\"sv_SE\" \/><input type=\"hidden\" name=\"_wpcf7_unit_tag\" value=\"wpcf7-f2713-o1\" \/><input type=\"hidden\" name=\"_wpcf7_container_post\" value=\"0\" \/><input type=\"hidden\" name=\"_wpcf7_posted_data_hash\" value=\"\" \/><input type=\"hidden\" name=\"_wpcf7_recaptcha_response\" value=\"\" \/>\n<\/fieldset>\n<p>Jag \u00e4r intresserad av:<br \/>\n<span class=\"wpcf7-form-control-wrap\" data-name=\"checkbox-156\"><span class=\"wpcf7-form-control wpcf7-checkbox\"><span class=\"wpcf7-list-item first\"><input type=\"checkbox\" name=\"checkbox-156[]\" value=\"Flerf\u00e4rgsetiketter\" \/><span class=\"wpcf7-list-item-label\">Flerf\u00e4rgsetiketter<\/span><\/span><span class=\"wpcf7-list-item\"><input type=\"checkbox\" name=\"checkbox-156[]\" value=\"In Mould Labels\" \/><span class=\"wpcf7-list-item-label\">In Mould Labels<\/span><\/span><span class=\"wpcf7-list-item\"><input type=\"checkbox\" name=\"checkbox-156[]\" value=\"Flerbladsetiketter\" \/><span class=\"wpcf7-list-item-label\">Flerbladsetiketter<\/span><\/span><span class=\"wpcf7-list-item\"><input type=\"checkbox\" name=\"checkbox-156[]\" value=\"Folderetiketter\" \/><span class=\"wpcf7-list-item-label\">Folderetiketter<\/span><\/span><span class=\"wpcf7-list-item\"><input type=\"checkbox\" name=\"checkbox-156[]\" value=\"Otryckta etiketter\" \/><span class=\"wpcf7-list-item-label\">Otryckta etiketter<\/span><\/span><span class=\"wpcf7-list-item\"><input type=\"checkbox\" name=\"checkbox-156[]\" value=\"Fraktetiketter\" \/><span class=\"wpcf7-list-item-label\">Fraktetiketter<\/span><\/span><span class=\"wpcf7-list-item\"><input type=\"checkbox\" name=\"checkbox-156[]\" value=\"S\u00e4kerhetsetiketter\" \/><span class=\"wpcf7-list-item-label\">S\u00e4kerhetsetiketter<\/span><\/span><span class=\"wpcf7-list-item\"><input type=\"checkbox\" name=\"checkbox-156[]\" value=\"Larmetiketter\" \/><span class=\"wpcf7-list-item-label\">Larmetiketter<\/span><\/span><span class=\"wpcf7-list-item\"><input type=\"checkbox\" name=\"checkbox-156[]\" value=\"Sprutetiketter\" \/><span class=\"wpcf7-list-item-label\">Sprutetiketter<\/span><\/span><span class=\"wpcf7-list-item\"><input type=\"checkbox\" name=\"checkbox-156[]\" value=\"Biljetter \/ Taggar\" \/><span class=\"wpcf7-list-item-label\">Biljetter \/ Taggar<\/span><\/span><span class=\"wpcf7-list-item\"><input type=\"checkbox\" name=\"checkbox-156[]\" value=\"Termotransferband\" \/><span class=\"wpcf7-list-item-label\">Termotransferband<\/span><\/span><span class=\"wpcf7-list-item last\"><input type=\"checkbox\" name=\"checkbox-156[]\" value=\"Annat\" \/><span class=\"wpcf7-list-item-label\">Annat<\/span><\/span><\/span><\/span>\n<\/p>\n<p>Storlek p\u00e5 upplaga:<br \/>\n<span class=\"wpcf7-form-control-wrap\" data-name=\"number-57\"><input class=\"wpcf7-form-control wpcf7-number wpcf7-validates-as-number\" aria-invalid=\"false\" value=\"\" type=\"number\" name=\"number-57\" \/><\/span>\n<\/p>\n<p>Format p\u00e5 etikett\/etiketter:<br \/>\n<span class=\"wpcf7-form-control-wrap\" data-name=\"text-123\"><input size=\"40\" maxlength=\"400\" class=\"wpcf7-form-control wpcf7-text\" aria-invalid=\"false\" value=\"\" type=\"text\" name=\"text-123\" \/><\/span>\n<\/p>\n<p>\u00d6nskat material:<br \/>\n<span class=\"wpcf7-form-control-wrap\" data-name=\"text-material\"><input size=\"40\" maxlength=\"400\" class=\"wpcf7-form-control wpcf7-text\" aria-invalid=\"false\" value=\"\" type=\"text\" name=\"text-material\" \/><\/span>\n<\/p>\n<p>Adhesiv:<br \/>\n<span class=\"wpcf7-form-control-wrap\" data-name=\"menu-800\"><select class=\"wpcf7-form-control wpcf7-select\" aria-invalid=\"false\" name=\"menu-800\"><option value=\"Ja\">Ja<\/option><option value=\"Nej\">Nej<\/option><\/select><\/span>\n<\/p>\n<p>Bobin:<br \/>\n<span class=\"wpcf7-form-control-wrap\" data-name=\"text-bobin\"><input size=\"40\" maxlength=\"400\" class=\"wpcf7-form-control wpcf7-text\" aria-invalid=\"false\" value=\"\" type=\"text\" name=\"text-bobin\" \/><\/span>\n<\/p>\n<p>\u00d6nskat antal etiketter per rulle eller bunt:<br \/>\n<span class=\"wpcf7-form-control-wrap\" data-name=\"number-antal\"><input class=\"wpcf7-form-control wpcf7-number wpcf7-validates-as-number\" aria-invalid=\"false\" value=\"\" type=\"number\" name=\"number-antal\" \/><\/span>\n<\/p>\n<p>Applicering:<br \/>\n<span class=\"wpcf7-form-control-wrap\" data-name=\"applicering-800\"><select class=\"wpcf7-form-control wpcf7-select\" aria-invalid=\"false\" name=\"applicering-800\"><option value=\"\">\u2013 V\u00e4lj ett alternativ \u2013<\/option><option value=\"Manuellt\">Manuellt<\/option><option value=\"Inline\">Inline<\/option><\/select><\/span>\n<\/p>\n<p>Vad ska etiketten f\u00e4sta p\u00e5?<br \/>\n<span class=\"wpcf7-form-control-wrap\" data-name=\"fastning-123\"><input size=\"40\" maxlength=\"400\" class=\"wpcf7-form-control wpcf7-text\" aria-invalid=\"false\" value=\"\" type=\"text\" name=\"fastning-123\" \/><\/span>\n<\/p>\n<p>Vilken milj\u00f6 ska etiketten vistas i?<br \/>\n<span class=\"wpcf7-form-control-wrap\" data-name=\"miljo-123\"><input size=\"40\" maxlength=\"400\" class=\"wpcf7-form-control wpcf7-text\" aria-invalid=\"false\" value=\"\" type=\"text\" name=\"miljo-123\" \/><\/span>\n<\/p>\n<p><label> Ditt namn (obligatorisk)<br \/>\n<span class=\"wpcf7-form-control-wrap\" data-name=\"your-name\"><input size=\"40\" maxlength=\"400\" class=\"wpcf7-form-control wpcf7-text wpcf7-validates-as-required\" aria-required=\"true\" aria-invalid=\"false\" value=\"\" type=\"text\" name=\"your-name\" \/><\/span> <\/label>\n<\/p>\n<p><label> Din e-post (obligatorisk)<br \/>\n<span class=\"wpcf7-form-control-wrap\" data-name=\"your-email\"><input size=\"40\" maxlength=\"400\" class=\"wpcf7-form-control wpcf7-email wpcf7-validates-as-required wpcf7-text wpcf7-validates-as-email\" aria-required=\"true\" aria-invalid=\"false\" value=\"\" type=\"email\" name=\"your-email\" \/><\/span> <\/label>\n<\/p>\n<p><label> F\u00f6retag (obligatorisk)<br \/>\n<span class=\"wpcf7-form-control-wrap\" data-name=\"foretag\"><input size=\"40\" maxlength=\"400\" class=\"wpcf7-form-control wpcf7-text wpcf7-validates-as-required\" aria-required=\"true\" aria-invalid=\"false\" value=\"\" type=\"text\" name=\"foretag\" \/><\/span><\/label>\n<\/p>\n<p><label> Telefon<br \/>\n<span class=\"wpcf7-form-control-wrap\" data-name=\"tel-157\"><input size=\"40\" maxlength=\"400\" class=\"wpcf7-form-control wpcf7-tel wpcf7-text wpcf7-validates-as-tel\" aria-invalid=\"false\" value=\"\" type=\"tel\" name=\"tel-157\" \/><\/span><\/label>\n<\/p>\n<p><input class=\"wpcf7-form-control wpcf7-submit has-spinner\" type=\"submit\" value=\"Skicka offertf\u00f6rfr\u00e5gan\" \/>\n<\/p>\n<p>Denna sidan \u00e4r skyddad av reCAPTCHA och Google\u00b4s <a href=\"https:\/\/policies.google.com\/privacy\" target=\"_blank\" rel=\"noopener\">integritetspolicy<\/a> och <a href=\"https:\/\/policies.google.com\/terms\" target=\"_blank\" rel=\"noopener\">anv\u00e4ndarvillkor<\/a> till\u00e4mpas.\n<\/p><div class=\"wpcf7-response-output\" aria-hidden=\"true\"><\/div>\n<\/form>\n<\/div>\n[\/vc_tta_section][vc_tta_section title=&#8221;Kontakta oss&#8221; tab_id=&#8221;1580289862307-3826c588-3289&#8243;]\n<div class=\"wpcf7 no-js\" id=\"wpcf7-f2076-o2\" lang=\"sv-SE\" dir=\"ltr\" data-wpcf7-id=\"2076\">\n<div class=\"screen-reader-response\"><p role=\"status\" aria-live=\"polite\" aria-atomic=\"true\"><\/p> <ul><\/ul><\/div>\n<form action=\"\/sv\/wp-json\/wp\/v2\/pages\/2636#wpcf7-f2076-o2\" method=\"post\" class=\"wpcf7-form init\" aria-label=\"Kontaktformul\u00e4r\" novalidate=\"novalidate\" data-status=\"init\">\n<fieldset class=\"hidden-fields-container\"><input type=\"hidden\" name=\"_wpcf7\" value=\"2076\" \/><input type=\"hidden\" name=\"_wpcf7_version\" value=\"6.1.5\" \/><input type=\"hidden\" name=\"_wpcf7_locale\" value=\"sv_SE\" \/><input type=\"hidden\" name=\"_wpcf7_unit_tag\" value=\"wpcf7-f2076-o2\" \/><input type=\"hidden\" name=\"_wpcf7_container_post\" value=\"0\" \/><input type=\"hidden\" name=\"_wpcf7_posted_data_hash\" value=\"\" \/><input type=\"hidden\" name=\"_wpcf7_recaptcha_response\" value=\"\" \/>\n<\/fieldset>\n<p><label> \u00c4rende<br \/>\n<span class=\"wpcf7-form-control-wrap\" data-name=\"textarea-6889\"><textarea cols=\"40\" rows=\"10\" maxlength=\"2000\" class=\"wpcf7-form-control wpcf7-textarea\" aria-invalid=\"false\" name=\"textarea-6889\"><\/textarea><\/span> <\/label>\n<\/p>\n<p><label> Namn (obligatorisk)<br \/>\n<span class=\"wpcf7-form-control-wrap\" data-name=\"your-name\"><input size=\"40\" maxlength=\"400\" class=\"wpcf7-form-control wpcf7-text wpcf7-validates-as-required\" aria-required=\"true\" aria-invalid=\"false\" value=\"\" type=\"text\" name=\"your-name\" \/><\/span> <\/label>\n<\/p>\n<p><label> E-post (obligatorisk)<br \/>\n<span class=\"wpcf7-form-control-wrap\" data-name=\"your-email\"><input size=\"40\" maxlength=\"400\" class=\"wpcf7-form-control wpcf7-email wpcf7-validates-as-required wpcf7-text wpcf7-validates-as-email\" aria-required=\"true\" aria-invalid=\"false\" value=\"\" type=\"email\" name=\"your-email\" \/><\/span> <\/label>\n<\/p>\n<p><label> F\u00f6retag<br \/>\n<span class=\"wpcf7-form-control-wrap\" data-name=\"foretag-856\"><input size=\"40\" maxlength=\"400\" class=\"wpcf7-form-control wpcf7-text\" aria-invalid=\"false\" value=\"\" type=\"text\" name=\"foretag-856\" \/><\/span><\/label>\n<\/p>\n<p><label> Telefon<br \/>\n<span class=\"wpcf7-form-control-wrap\" data-name=\"tel-246\"><input size=\"40\" maxlength=\"400\" class=\"wpcf7-form-control wpcf7-tel wpcf7-text wpcf7-validates-as-tel\" aria-invalid=\"false\" value=\"\" type=\"tel\" name=\"tel-246\" \/><\/span> <\/label>\n<\/p>\n<p><input class=\"wpcf7-form-control wpcf7-submit has-spinner\" type=\"submit\" value=\"Skicka\" \/>\n<\/p>\n<p>Denna sidan \u00e4r skyddad av reCAPTCHA och Google\u00b4s <a href=\"https:\/\/policies.google.com\/privacy\" target=\"_blank\" rel=\"noopener\">integritetspolicy<\/a> och <a href=\"https:\/\/policies.google.com\/terms\" target=\"_blank\" rel=\"noopener\">anv\u00e4ndarvillkor<\/a> till\u00e4mpas.\n<\/p><div class=\"wpcf7-response-output\" aria-hidden=\"true\"><\/div>\n<\/form>\n<\/div>\n[\/vc_tta_section][vc_tta_section title=&#8221;FAQ&#8221; tab_id=&#8221;1666781697476-163afb27-55bb&#8221;][vc_column_text]<\/p>\n<h2>FAQ<\/h2>\n<p>[\/vc_column_text][vc_empty_space][vc_column_text]<\/p>\n<h3>Produkt<\/h3>\n<p>[\/vc_column_text][vc_toggle title=&#8221;Kan jag f\u00e5 materialprov skickat till mig?&#8221; size=&#8221;lg&#8221;]Svar: Ja, givetvis kan du det! Skicka ett mail till kontakt@nordvalls.se och ange specifikt material eller \u00f6nskem\u00e5l om materialprov samt ditt namn och din adress.[\/vc_toggle][vc_toggle title=&#8221;Jag vill best\u00e4lla samma typ av etikett som jag tidigare gjort, hur g\u00f6r jag det?&#8221; size=&#8221;lg&#8221;]Svar: Vad roligt! Ta kontakt med v\u00e5r innes\u00e4ljavdelning s\u00e5 hj\u00e4lper dom dig, p\u00e5 order@nordvalls.se eller 010 169 17 00.[\/vc_toggle][vc_empty_space][vc_column_text]<\/p>\n<h3>K\u00f6p<\/h3>\n<p>[\/vc_column_text][vc_toggle title=&#8221;Jag har f\u00e5tt en faktura som inte \u00e4r r\u00e4tt, vad g\u00f6r jag d\u00e5?&#8221; size=&#8221;lg&#8221;]Svar: Skicka ett mail till kundreskontra@nordvalls.se. Beskriv ditt \u00e4rende och h\u00e4nvisa till fakturan det g\u00e4ller s\u00e5 hj\u00e4lper vi dig s\u00e5 snart som m\u00f6jligt.[\/vc_toggle][vc_toggle title=&#8221;Kan jag k\u00f6pa etiketter av er som privatperson?&#8221; size=&#8221;lg&#8221;]Svar: Nej, vi riktar oss enbart mot B2B.[\/vc_toggle][vc_empty_space][vc_column_text]<\/p>\n<h3>Frakt &amp; Leverans<\/h3>\n<p>[\/vc_column_text][vc_toggle title=&#8221;Jag vill veta status p\u00e5 min order, hur g\u00f6r jag?&#8221; size=&#8221;lg&#8221;]Svar: Ta kontakt med v\u00e5r innes\u00e4ljavdelning s\u00e5 hj\u00e4lper dom dig, p\u00e5 order@nordvalls.se eller 010 169 17 00.[\/vc_toggle][vc_empty_space][vc_column_text]<\/p>\n<h3>Reklamation &amp; Retur<\/h3>\n<p>[\/vc_column_text][vc_toggle title=&#8221;Hur g\u00f6r jag om jag beh\u00f6ver reklamera en leverans?&#8221; size=&#8221;lg&#8221;]Svar: H\u00f6r av dig till din n\u00e4rmaste s\u00e4ljkontakt eller v\u00e5r innes\u00e4ljavdelning f\u00f6r att anm\u00e4la din reklamation, order@nordvalls.se eller 010 169 17 00. Kassera inte reklamationen, vi \u00f6nskar ha etiketterna i retur.[\/vc_toggle][vc_toggle title=&#8221;Mitt gods var skadat vid leverans. Hur g\u00f6r jag?&#8221; size=&#8221;lg&#8221;]Svar: Vi ber er att g\u00f6ra en ankomstkontroll vid leverans. Meddela chauff\u00f6ren direkt p\u00e5 plats vid eventuell skada eller saknade produkter och tag sedan kontakt med v\u00e5r innes\u00e4ljavdelning f\u00f6r korrigering av felet, order@nordvalls.se eller 010 169 17 00.[\/vc_toggle][vc_empty_space][vc_column_text]<\/p>\n<h3>Material<\/h3>\n<p>[\/vc_column_text][vc_toggle title=&#8221;Vilka etikettmaterial erbjuder ni?&#8221; size=&#8221;lg&#8221;]Svar: Vi har m\u00e5nga olika material och adhesiv att v\u00e4lja mellan. <a href=\"https:\/\/nordvallsetikett.com\/prata-med-etikettexperten\/\">Boka en r\u00e5dgivning<\/a> med en av v\u00e5ra s\u00e4ljare f\u00f6r att ta reda p\u00e5 mer vilket material och adhesiv som passar din produkt och anv\u00e4ndningsomr\u00e5de.[\/vc_toggle][vc_toggle title=&#8221;Finns det milj\u00f6v\u00e4nliga etikettmaterial?&#8221; size=&#8221;lg&#8221;]Svar: Idag finns det m\u00e5nga <a href=\"https:\/\/nordvallsetikett.com\/etiketter\/miljovanliga-etiketter\/\" target=\"_blank\" rel=\"noopener\">milj\u00f6v\u00e4nliga etikettmaterial<\/a> att v\u00e4lja mellan. Boka en r\u00e5dgivning med en av v\u00e5ra s\u00e4ljare h\u00e4r f\u00f6r att f\u00e5 veta mer![\/vc_toggle][vc_empty_space][vc_column_text]<\/p>\n<h3>Utformning<\/h3>\n<p>[\/vc_column_text][vc_toggle title=&#8221;Erbjuder ni tryckteknisk r\u00e5dgivning?&#8221; size=&#8221;lg&#8221;]Svar: Ja det g\u00f6r vi! \u00d6nskar du r\u00e5dgivning innan din etikett g\u00e5r till tryck? H\u00f6r av dig till order@nordvalls.se[\/vc_toggle][vc_toggle title=&#8221;Vilken f\u00e4rgkod ska jag anv\u00e4nda n\u00e4r jag specificerar f\u00e4rg? (t.ex. CMYK, RGB, PMS)&#8221; size=&#8221;lg&#8221;]Svar: CMYK[\/vc_toggle][vc_toggle title=&#8221;I vilket verktyg ska jag g\u00f6ra mitt artwork?&#8221; size=&#8221;lg&#8221;]Svar: Adobe Illustrator CC 2019, Adobe Photoshop CC 2019, Adobe InDesign CC 2019, Adobe Acrobat Pro DC 2019 eller Esko PackEdge 18. Du kan \u00e4ven l\u00e4sa mer om <a href=\"https:\/\/nordvallsetikett.com\/blogg\/egendesignade-etiketter-tank-pa-det-har-innan-du-skickar-in-ert-artwork\/\" target=\"_blank\" rel=\"noopener\">vad du ska t\u00e4nka p\u00e5 innan du skickar in ditt artwork h\u00e4r.\u00a0<\/a>[\/vc_toggle][vc_empty_space][vc_column_text]<\/p>\n<h3>Tillverkning<\/h3>\n<p>[\/vc_column_text][vc_toggle title=&#8221;Kan jag f\u00e5 ett provtryck innan jag best\u00e4ller en st\u00f6rre kvantitet?&#8221; size=&#8221;lg&#8221;]Svar: Ja, vi erbjuder provtryck. H\u00f6r av dig till order@nordvalls.se[\/vc_toggle][vc_toggle title=&#8221;Vilka olika trycktekniker erbjuder ni?&#8221; size=&#8221;lg&#8221;]Svar: Vi erbjuder digital- och, flexotryck, men ocks\u00e5 screentryck och boktryck.[\/vc_toggle][vc_toggle title=&#8221;Vad \u00e4r det f\u00f6r skillnad p\u00e5 olika trycktekniker?&#8221; size=&#8221;lg&#8221;]Svar: L\u00e4s mer om <a href=\"https:\/\/nordvallsetikett.com\/blogg\/digitaltryck-eller-flexotryck-vilken-tryckteknik-ska-jag-valja\/\" target=\"_blank\" rel=\"noopener\">skillnaden mellan digitaltryck och flexotryck, h\u00e4r.<\/a>[\/vc_toggle][\/vc_tta_section][\/vc_tta_tabs][\/vc_column][\/vc_row][vc_row full_width=&#8221;stretch_row_content&#8221; content_placement=&#8221;middle&#8221;][vc_column offset=&#8221;vc_hidden-sm vc_col-xs-12 vc_hidden-xs&#8221;][vc_separator color=&#8221;black&#8221; css=&#8221;&#8221;][vc_row_inner equal_height=&#8221;yes&#8221; content_placement=&#8221;middle&#8221;][vc_column_inner width=&#8221;1\/5&#8243;][vc_single_image image=&#8221;10645&#8243; img_size=&#8221;80&#215;80&#8243; alignment=&#8221;center&#8221; css=&#8221;&#8221; image_hovers=&#8221;false&#8221;][\/vc_column_inner][vc_column_inner width=&#8221;1\/5&#8243; offset=&#8221;vc_hidden-sm vc_hidden-xs&#8221;][\/vc_column_inner][vc_column_inner width=&#8221;1\/5&#8243; offset=&#8221;vc_hidden-sm vc_hidden-xs&#8221;][\/vc_column_inner][vc_column_inner width=&#8221;1\/5&#8243; offset=&#8221;vc_hidden-sm vc_hidden-xs&#8221;][\/vc_column_inner][vc_column_inner width=&#8221;1\/5&#8243;][vc_single_image image=&#8221;10650&#8243; img_size=&#8221;medium&#8221; alignment=&#8221;center&#8221; css=&#8221;&#8221; image_hovers=&#8221;false&#8221;][\/vc_column_inner][\/vc_row_inner]<div class=\"ult-spacer spacer-69dff8b1b28a2\" data-id=\"69dff8b1b28a2\" data-height=\"\" data-height-mobile=\"10\" data-height-tab=\"\" data-height-tab-portrait=\"\" data-height-mobile-landscape=\"10\" style=\"clear:both;display:block;\"><\/div>[\/vc_column][\/vc_row][vc_row full_width=&#8221;stretch_row_content&#8221; content_placement=&#8221;middle&#8221;][vc_column offset=&#8221;vc_hidden-lg vc_hidden-md vc_col-xs-12&#8243;][vc_separator color=&#8221;black&#8221; css=&#8221;&#8221;][vc_row_inner equal_height=&#8221;yes&#8221; content_placement=&#8221;middle&#8221;][vc_column_inner][vc_single_image image=&#8221;10918&#8243; img_size=&#8221;340&#215;80&#8243; alignment=&#8221;center&#8221; css=&#8221;&#8221; image_hovers=&#8221;false&#8221;][\/vc_column_inner][\/vc_row_inner][\/vc_column][\/vc_row]<\/p>\n<\/div>","protected":false},"excerpt":{"rendered":"<p>[vc_row][vc_column][vc_row_inner][vc_column_inner width=&#8221;1\/2&#8243;][vc_column_text css=&#8221;.vc_custom_1580911937519{margin-bottom: 20px !important;}&#8221;] Vill du veta vad vi p\u00e5 Nordvalls kan g\u00f6ra f\u00f6r dig? Vi offererar g\u00e4rna p\u00e5 en etikettl\u00f6sning f\u00f6r din verksamhets behov. F\u00f6r att ge dig en bra bild av vad vi kan erbjuda beh\u00f6ver vi vissa uppgifter fr\u00e5n dig. Vi beh\u00f6ver till exempel veta hur stor upplaga du t\u00e4nker dig,&hellip;<\/p>\n","protected":false},"author":1,"featured_media":0,"parent":0,"menu_order":0,"comment_status":"closed","ping_status":"closed","template":"","meta":{"footnotes":""},"class_list":["post-2636","page","type-page","status-publish","hentry","description-off"],"_links":{"self":[{"href":"https:\/\/nordvallsetikett.com\/sv\/wp-json\/wp\/v2\/pages\/2636","targetHints":{"allow":["GET"]}}],"collection":[{"href":"https:\/\/nordvallsetikett.com\/sv\/wp-json\/wp\/v2\/pages"}],"about":[{"href":"https:\/\/nordvallsetikett.com\/sv\/wp-json\/wp\/v2\/types\/page"}],"author":[{"embeddable":true,"href":"https:\/\/nordvallsetikett.com\/sv\/wp-json\/wp\/v2\/users\/1"}],"replies":[{"embeddable":true,"href":"https:\/\/nordvallsetikett.com\/sv\/wp-json\/wp\/v2\/comments?post=2636"}],"version-history":[{"count":29,"href":"https:\/\/nordvallsetikett.com\/sv\/wp-json\/wp\/v2\/pages\/2636\/revisions"}],"predecessor-version":[{"id":10982,"href":"https:\/\/nordvallsetikett.com\/sv\/wp-json\/wp\/v2\/pages\/2636\/revisions\/10982"}],"wp:attachment":[{"href":"https:\/\/nordvallsetikett.com\/sv\/wp-json\/wp\/v2\/media?parent=2636"}],"curies":[{"name":"wp","href":"https:\/\/api.w.org\/{rel}","templated":true}]}}