{"id":2646,"date":"2019-10-07T13:52:02","date_gmt":"2019-10-07T13:52:02","guid":{"rendered":"https:\/\/beta.nordvalls.se\/?page_id=2646"},"modified":"2026-03-30T14:17:03","modified_gmt":"2026-03-30T14:17:03","slug":"arbeta-nordvalls","status":"publish","type":"page","link":"https:\/\/nordvallsetikett.com\/sv\/nordvalls-etikett\/om-nordvalls\/arbeta-nordvalls\/","title":{"rendered":"Arbeta p\u00e5 Nordvalls"},"content":{"rendered":"<div class=\"wpb-content-wrapper\"><p>[vc_row content_placement=&#8221;middle&#8221;][vc_column width=&#8221;1\/2&#8243;][vc_column_text css=&#8221;.vc_custom_1696587898787{margin-bottom: 20px !important;}&#8221;]<\/p>\n<h3 class=\"p1\"><span class=\"s1\">Din vilja att utvecklas betyder mest<\/span><\/h3>\n<p>P\u00e5 Nordvalls arbetar fler \u00e4n 200 medarbetare med olika bakgrunder och erfarenheter. N\u00e4r vi s\u00f6ker nya medarbetare letar vi alltid fr\u00e4mst efter personer med fram\u00e5tanda och en vilja att l\u00e4ra. Ett tryckeri \u00e4r en m\u00e5ngsidig verksamhet som f\u00f6ruts\u00e4tter att flera olika kompetenser och expertiser samarbetar f\u00f6r ett lyckat resultat. D\u00e4rf\u00f6r \u00e4r din vilja att utvecklas, att l\u00e4ra nytt och att l\u00e4ra mer, av st\u00f6rsta vikt f\u00f6r oss n\u00e4r vi rekryterar.[\/vc_column_text][\/vc_column][vc_column width=&#8221;1\/2&#8243;]<div class=\"ult-spacer spacer-69e1a65107385\" data-id=\"69e1a65107385\" data-height=\"\" data-height-mobile=\"50\" data-height-tab=\"50\" data-height-tab-portrait=\"50\" data-height-mobile-landscape=\"50\" style=\"clear:both;display:block;\"><\/div><style type=\"text\/css\" data-type=\"the7_shortcodes-inline-css\">.shortcode-single-image-wrap.shortcode-single-image-f94393942cd4d3b87f344da0ff1857c2.enable-bg-rollover .rollover i,\n.shortcode-single-image-wrap.shortcode-single-image-f94393942cd4d3b87f344da0ff1857c2.enable-bg-rollover .rollover-video i {\n  background: -webkit-linear-gradient();\n  background: linear-gradient();\n}\n.shortcode-single-image-wrap.shortcode-single-image-f94393942cd4d3b87f344da0ff1857c2 .rollover-icon {\n  font-size: 32px;\n  color: #ffffff;\n  min-width: 44px;\n  min-height: 44px;\n  line-height: 44px;\n  border-radius: 100px;\n  border-style: solid;\n  border-width: 0px;\n}\n.dt-icon-bg-on.shortcode-single-image-wrap.shortcode-single-image-f94393942cd4d3b87f344da0ff1857c2 .rollover-icon {\n  background: rgba(255,255,255,0.3);\n  box-shadow: none;\n}<\/style><div class=\"shortcode-single-image-wrap shortcode-single-image-f94393942cd4d3b87f344da0ff1857c2 alignnone  enable-bg-rollover dt-icon-bg-off\" style=\"margin-top:0px; margin-bottom:0px; margin-left:0px; margin-right:0px; width:500px;\"><div class=\"shortcode-single-image\"><div class=\"fancy-media-wrap  layzr-bg\" style=\"border-radius:40px;\"><img fetchpriority=\"high\" decoding=\"async\" class=\"preload-me lazy-load aspect\" src=\"data:image\/svg+xml,%3Csvg%20xmlns%3D&#39;http%3A%2F%2Fwww.w3.org%2F2000%2Fsvg&#39;%20viewBox%3D&#39;0%200%20500%20333&#39;%2F%3E\" data-src=\"https:\/\/nordvallsetikett.com\/wp-content\/uploads\/2019\/12\/191121_nordvalls2694-500x333.jpg\" data-srcset=\"https:\/\/nordvallsetikett.com\/wp-content\/uploads\/2019\/12\/191121_nordvalls2694-500x333.jpg 500w, https:\/\/nordvallsetikett.com\/wp-content\/uploads\/2019\/12\/191121_nordvalls2694-1000x666.jpg 1000w\" loading=\"eager\" sizes=\"(max-width: 500px) 100vw, 500px\" width=\"500\" height=\"333\"  data-dt-location=\"https:\/\/nordvallsetikett.com\/sv\/nyheter\/forst-i-skandinavien-med-hp-v12\/attachment\/vid-fragor-om-bilden-mejla-erika-weilandapeloga-se-9\/\" style=\"--ratio: 500 \/ 333;border-radius:40px;\" alt=\"\" \/><\/div><\/div><\/div>[\/vc_column][\/vc_row][vc_row full_width=&#8221;stretch_row&#8221; css=&#8221;.vc_custom_1580392033108{margin-top: 40px !important;}&#8221;][vc_column]<div class=\"ult-spacer spacer-69e1a65109607\" data-id=\"69e1a65109607\" data-height=\"50\" data-height-mobile=\"30\" data-height-tab=\"\" data-height-tab-portrait=\"\" data-height-mobile-landscape=\"\" style=\"clear:both;display:block;\"><\/div>[\/vc_column][\/vc_row][vc_row][vc_column width=&#8221;1\/2&#8243;][vc_column_text css=&#8221;&#8221;]<\/p>\n<h3>Lediga tj\u00e4nster<\/h3>\n<p>Produktionschef i M\u00f6lnlycke. L\u00e4s mer om tj\u00e4nsten p\u00e5 <a href=\"https:\/\/www.linkedin.com\/feed\/update\/urn:li:activity:7444385597730934784\" target=\"_blank\" rel=\"noopener\">Nordvalls LinkedIn<\/a>.[\/vc_column_text]<div class=\"ult-spacer spacer-69e1a65109646\" data-id=\"69e1a65109646\" data-height=\"50\" data-height-mobile=\"30\" data-height-tab=\"\" data-height-tab-portrait=\"\" data-height-mobile-landscape=\"\" style=\"clear:both;display:block;\"><\/div>[vc_column_text css=&#8221;&#8221;][\/vc_column_text]<div class=\"ult-spacer spacer-69e1a65109679\" data-id=\"69e1a65109679\" data-height=\"50\" data-height-mobile=\"30\" data-height-tab=\"\" data-height-tab-portrait=\"\" data-height-mobile-landscape=\"\" style=\"clear:both;display:block;\"><\/div>[\/vc_column][vc_column width=&#8221;1\/2&#8243;][vc_row_inner][vc_column_inner width=&#8221;1\/2&#8243;][vc_column_text css=&#8221;.vc_custom_1738934146087{margin-bottom: 10px !important;}&#8221;]<\/p>\n<h3>Skicka en spontanans\u00f6kan till Nordvalls<\/h3>\n<p style=\"font-weight: 400;\">Hittar du ingen ledig tj\u00e4nst och vill g\u00f6ra en spontanans\u00f6kan?<br \/>\nVi g\u00e5r l\u00f6pande igenom inkomna spontanans\u00f6kningar och \u00e5terkommer till dig om vi har en tj\u00e4nst som matchar dina \u00f6nskem\u00e5l.<\/p>\n<p style=\"font-weight: 400;\">V\u00e4lkommen att skicka CV och personligt brev till <a href=\"mailto:HR@nordvalls.se\" data-outlook-id=\"4120b1c4-6685-4521-8ee2-97eb6296980d\">HR@nordvalls.se<\/a><\/p>\n<p style=\"font-weight: 400;\">Skriv g\u00e4rna \u201cspontanans\u00f6kan\u201d i \u00e4mnesraden.<\/p>\n<p>[\/vc_column_text][\/vc_column_inner][vc_column_inner width=&#8221;1\/2&#8243;]<style type=\"text\/css\" data-type=\"the7_shortcodes-inline-css\">.shortcode-single-image-wrap.shortcode-single-image-740f89e0c4bee4900784b31bccc84e57.enable-bg-rollover .rollover i,\n.shortcode-single-image-wrap.shortcode-single-image-740f89e0c4bee4900784b31bccc84e57.enable-bg-rollover .rollover-video i {\n  background: -webkit-linear-gradient();\n  background: linear-gradient();\n}\n.shortcode-single-image-wrap.shortcode-single-image-740f89e0c4bee4900784b31bccc84e57 .rollover-icon {\n  font-size: 32px;\n  color: #ffffff;\n  min-width: 44px;\n  min-height: 44px;\n  line-height: 44px;\n  border-radius: 100px;\n  border-style: solid;\n  border-width: 0px;\n}\n.dt-icon-bg-on.shortcode-single-image-wrap.shortcode-single-image-740f89e0c4bee4900784b31bccc84e57 .rollover-icon {\n  background: rgba(255,255,255,0.3);\n  box-shadow: none;\n}<\/style><div class=\"shortcode-single-image-wrap shortcode-single-image-740f89e0c4bee4900784b31bccc84e57 alignnone  vc_custom_1580464126898 enable-bg-rollover dt-icon-bg-off\" ><div class=\"shortcode-single-image\"><div class=\"fancy-media-wrap  layzr-bg\" style=\"border-radius:40px;\"><img decoding=\"async\" class=\"preload-me lazy-load aspect\" src=\"data:image\/svg+xml,%3Csvg%20xmlns%3D&#39;http%3A%2F%2Fwww.w3.org%2F2000%2Fsvg&#39;%20viewBox%3D&#39;0%200%20200%20205&#39;%2F%3E\" data-src=\"https:\/\/nordvallsetikett.com\/wp-content\/uploads\/2020\/01\/191121_0546_nordvalls-200x205.jpg\" data-srcset=\"https:\/\/nordvallsetikett.com\/wp-content\/uploads\/2020\/01\/191121_0546_nordvalls-200x205.jpg 200w, https:\/\/nordvallsetikett.com\/wp-content\/uploads\/2020\/01\/191121_0546_nordvalls-400x410.jpg 400w\" loading=\"eager\" sizes=\"(max-width: 200px) 100vw, 200px\" width=\"200\" height=\"205\"  data-dt-location=\"https:\/\/nordvallsetikett.com\/sv\/nordvalls-etikett\/om-nordvalls\/arbeta-nordvalls\/attachment\/vid-fragor-om-bilden-skriv-till-christian-anderssonapeloga-se-12\/\" style=\"--ratio: 200 \/ 205;border-radius:40px;\" alt=\"\" \/><\/div><\/div><\/div>[vc_column_text]<\/p>\n<p style=\"text-align: center;\"><strong>Mia Palm<\/strong><\/p>\n<p style=\"text-align: center;\"><strong>HR-chef<\/strong><\/p>\n<p style=\"text-align: center;\"><a href=\"mailto:mia.palm@nordvalls.se\">mia.palm@nordvalls.se<\/a><br \/>\n<a href=\"tel:0101691701\">010 169 17 01<\/a><\/p>\n<p>[\/vc_column_text][\/vc_column_inner][\/vc_row_inner]<div class=\"ult-spacer spacer-69e1a6510af37\" data-id=\"69e1a6510af37\" data-height=\"50\" data-height-mobile=\"30\" data-height-tab=\"\" data-height-tab-portrait=\"\" data-height-mobile-landscape=\"\" style=\"clear:both;display:block;\"><\/div>[\/vc_column][\/vc_row][vc_row full_width=&#8221;stretch_row&#8221; css=&#8221;.vc_custom_1580392033108{margin-top: 40px !important;}&#8221;][vc_column]<div class=\"ult-spacer spacer-69e1a6510af76\" data-id=\"69e1a6510af76\" data-height=\"50\" data-height-mobile=\"30\" data-height-tab=\"\" data-height-tab-portrait=\"\" data-height-mobile-landscape=\"\" style=\"clear:both;display:block;\"><\/div>[\/vc_column][\/vc_row][vc_row content_placement=&#8221;middle&#8221;][vc_column width=&#8221;1\/2&#8243;]<style type=\"text\/css\" data-type=\"the7_shortcodes-inline-css\">.shortcode-single-image-wrap.shortcode-single-image-e3ccb67a2ff12aa8c82ef30a27120d62.enable-bg-rollover .rollover i,\n.shortcode-single-image-wrap.shortcode-single-image-e3ccb67a2ff12aa8c82ef30a27120d62.enable-bg-rollover .rollover-video i {\n  background: -webkit-linear-gradient();\n  background: linear-gradient();\n}\n.shortcode-single-image-wrap.shortcode-single-image-e3ccb67a2ff12aa8c82ef30a27120d62 .rollover-icon {\n  font-size: 32px;\n  color: #ffffff;\n  min-width: 44px;\n  min-height: 44px;\n  line-height: 44px;\n  border-radius: 100px;\n  border-style: solid;\n  border-width: 0px;\n}\n.dt-icon-bg-on.shortcode-single-image-wrap.shortcode-single-image-e3ccb67a2ff12aa8c82ef30a27120d62 .rollover-icon {\n  background: rgba(255,255,255,0.3);\n  box-shadow: none;\n}<\/style><div class=\"shortcode-single-image-wrap shortcode-single-image-e3ccb67a2ff12aa8c82ef30a27120d62 alignnone  enable-bg-rollover dt-icon-bg-off\" style=\"margin-top:0px; margin-bottom:0px; margin-left:0px; margin-right:0px; width:500px;\"><div class=\"shortcode-single-image\"><div class=\"fancy-media-wrap  layzr-bg\" style=\"border-radius:40px;\"><img decoding=\"async\" class=\"preload-me lazy-load aspect\" src=\"data:image\/svg+xml,%3Csvg%20xmlns%3D&#39;http%3A%2F%2Fwww.w3.org%2F2000%2Fsvg&#39;%20viewBox%3D&#39;0%200%20500%20333&#39;%2F%3E\" data-src=\"https:\/\/nordvallsetikett.com\/wp-content\/uploads\/2021\/04\/Digitaltryck-eller-flexotryck-vilken-tryckteknik-ska-jag-va\u0308lja_-500x333.jpg\" data-srcset=\"https:\/\/nordvallsetikett.com\/wp-content\/uploads\/2021\/04\/Digitaltryck-eller-flexotryck-vilken-tryckteknik-ska-jag-va\u0308lja_-500x333.jpg 500w, https:\/\/nordvallsetikett.com\/wp-content\/uploads\/2021\/04\/Digitaltryck-eller-flexotryck-vilken-tryckteknik-ska-jag-va\u0308lja_-1000x666.jpg 1000w\" loading=\"eager\" sizes=\"(max-width: 500px) 100vw, 500px\" width=\"500\" height=\"333\"  data-dt-location=\"https:\/\/nordvallsetikett.com\/sv\/blogg\/digitaltryck-eller-flexotryck-vilken-tryckteknik-ska-jag-valja\/attachment\/vid-fragor-om-bilden-skriv-till-christian-anderssonapeloga-se-62\/\" style=\"--ratio: 500 \/ 333;border-radius:40px;\" alt=\"Nordvalls Etikett\" \/><\/div><\/div><\/div><div class=\"ult-spacer spacer-69e1a6510c8dc\" data-id=\"69e1a6510c8dc\" data-height=\"\" data-height-mobile=\"50\" data-height-tab=\"50\" data-height-tab-portrait=\"50\" data-height-mobile-landscape=\"50\" style=\"clear:both;display:block;\"><\/div>[\/vc_column][vc_column width=&#8221;1\/2&#8243;][vc_column_text css=&#8221;.vc_custom_1622640324716{margin-bottom: 20px !important;}&#8221;]<\/p>\n<h3>Inte bara tryckare p\u00e5 Nordvalls<\/h3>\n<p>P\u00e5 Nordvalls s\u00f6ker vi oftast efter grafiska operat\u00f6rer, tryckare, som kan hantera olika typer av tryckpressar. Det h\u00e4nder ocks\u00e5 att vi s\u00f6ker medarbetare inom tryckerisupport, som kan bist\u00e5 och hj\u00e4lpa grafiska operat\u00f6rer i arbetet med och runtomkring tryckpressen. D\u00e5 och d\u00e5 s\u00f6ker vi medarbetare till andra funktioner som ocks\u00e5 utg\u00f6r delar av v\u00e5rt tryckeri. Det g\u00e5r bra att skicka en spontanans\u00f6kan till oss m\u00e4rkt \u201cSpontanans\u00f6kan Nordvalls\u201d s\u00e5 h\u00f6r vi av oss om vi tror att vi har n\u00e5got att erbjuda.<\/p>\n<p>Aktuella lediga tj\u00e4nster hittar du alltid p\u00e5 den h\u00e4r sidan.[\/vc_column_text][\/vc_column][\/vc_row][vc_row full_width=&#8221;stretch_row&#8221; css=&#8221;.vc_custom_1580392033108{margin-top: 40px !important;}&#8221;][vc_column]<div class=\"ult-spacer spacer-69e1a6510c925\" data-id=\"69e1a6510c925\" data-height=\"40\" data-height-mobile=\"30\" data-height-tab=\"\" data-height-tab-portrait=\"\" data-height-mobile-landscape=\"\" style=\"clear:both;display:block;\"><\/div>[\/vc_column][\/vc_row][vc_row full_width=&#8221;stretch_row_content&#8221; content_placement=&#8221;middle&#8221;][vc_column offset=&#8221;vc_hidden-sm vc_col-xs-12 vc_hidden-xs&#8221;][vc_separator color=&#8221;black&#8221; css=&#8221;&#8221;][vc_row_inner equal_height=&#8221;yes&#8221; content_placement=&#8221;middle&#8221;][vc_column_inner width=&#8221;1\/5&#8243;][vc_single_image image=&#8221;10645&#8243; img_size=&#8221;80&#215;80&#8243; alignment=&#8221;center&#8221; css=&#8221;&#8221; image_hovers=&#8221;false&#8221;][\/vc_column_inner][vc_column_inner width=&#8221;1\/5&#8243; offset=&#8221;vc_hidden-sm vc_hidden-xs&#8221;][\/vc_column_inner][vc_column_inner width=&#8221;1\/5&#8243; offset=&#8221;vc_hidden-sm vc_hidden-xs&#8221;][\/vc_column_inner][vc_column_inner width=&#8221;1\/5&#8243; offset=&#8221;vc_hidden-sm vc_hidden-xs&#8221;][\/vc_column_inner][vc_column_inner width=&#8221;1\/5&#8243;][vc_single_image image=&#8221;10650&#8243; img_size=&#8221;medium&#8221; alignment=&#8221;center&#8221; css=&#8221;&#8221; image_hovers=&#8221;false&#8221;][\/vc_column_inner][\/vc_row_inner]<div class=\"ult-spacer spacer-69e1a6510c963\" data-id=\"69e1a6510c963\" data-height=\"\" data-height-mobile=\"10\" data-height-tab=\"\" data-height-tab-portrait=\"\" data-height-mobile-landscape=\"10\" style=\"clear:both;display:block;\"><\/div>[\/vc_column][\/vc_row][vc_row full_width=&#8221;stretch_row_content&#8221; content_placement=&#8221;middle&#8221;][vc_column offset=&#8221;vc_hidden-lg vc_hidden-md vc_col-xs-12&#8243;][vc_separator color=&#8221;black&#8221; css=&#8221;&#8221;][vc_row_inner equal_height=&#8221;yes&#8221; content_placement=&#8221;middle&#8221;][vc_column_inner][vc_single_image image=&#8221;10918&#8243; img_size=&#8221;340&#215;80&#8243; alignment=&#8221;center&#8221; css=&#8221;&#8221; image_hovers=&#8221;false&#8221;][\/vc_column_inner][\/vc_row_inner][\/vc_column][\/vc_row]<\/p>\n<\/div>","protected":false},"excerpt":{"rendered":"<p>[vc_row content_placement=&#8221;middle&#8221;][vc_column width=&#8221;1\/2&#8243;][vc_column_text css=&#8221;.vc_custom_1696587898787{margin-bottom: 20px !important;}&#8221;] Din vilja att utvecklas betyder mest P\u00e5 Nordvalls arbetar fler \u00e4n 200 medarbetare med olika bakgrunder och erfarenheter. N\u00e4r vi s\u00f6ker nya medarbetare letar vi alltid fr\u00e4mst efter personer med fram\u00e5tanda och en vilja att l\u00e4ra. Ett tryckeri \u00e4r en m\u00e5ngsidig verksamhet som f\u00f6ruts\u00e4tter att flera olika kompetenser och&hellip;<\/p>\n","protected":false},"author":1,"featured_media":6391,"parent":2642,"menu_order":0,"comment_status":"closed","ping_status":"closed","template":"","meta":{"footnotes":""},"class_list":["post-2646","page","type-page","status-publish","has-post-thumbnail","hentry","description-off"],"_links":{"self":[{"href":"https:\/\/nordvallsetikett.com\/sv\/wp-json\/wp\/v2\/pages\/2646","targetHints":{"allow":["GET"]}}],"collection":[{"href":"https:\/\/nordvallsetikett.com\/sv\/wp-json\/wp\/v2\/pages"}],"about":[{"href":"https:\/\/nordvallsetikett.com\/sv\/wp-json\/wp\/v2\/types\/page"}],"author":[{"embeddable":true,"href":"https:\/\/nordvallsetikett.com\/sv\/wp-json\/wp\/v2\/users\/1"}],"replies":[{"embeddable":true,"href":"https:\/\/nordvallsetikett.com\/sv\/wp-json\/wp\/v2\/comments?post=2646"}],"version-history":[{"count":133,"href":"https:\/\/nordvallsetikett.com\/sv\/wp-json\/wp\/v2\/pages\/2646\/revisions"}],"predecessor-version":[{"id":11749,"href":"https:\/\/nordvallsetikett.com\/sv\/wp-json\/wp\/v2\/pages\/2646\/revisions\/11749"}],"up":[{"embeddable":true,"href":"https:\/\/nordvallsetikett.com\/sv\/wp-json\/wp\/v2\/pages\/2642"}],"wp:featuredmedia":[{"embeddable":true,"href":"https:\/\/nordvallsetikett.com\/sv\/wp-json\/wp\/v2\/media\/6391"}],"wp:attachment":[{"href":"https:\/\/nordvallsetikett.com\/sv\/wp-json\/wp\/v2\/media?parent=2646"}],"curies":[{"name":"wp","href":"https:\/\/api.w.org\/{rel}","templated":true}]}}