{"id":2648,"date":"2019-10-07T13:52:29","date_gmt":"2019-10-07T13:52:29","guid":{"rendered":"https:\/\/beta.nordvalls.se\/?page_id=2648"},"modified":"2025-10-31T13:26:08","modified_gmt":"2025-10-31T13:26:08","slug":"vision-och-affarside","status":"publish","type":"page","link":"https:\/\/nordvallsetikett.com\/sv\/nordvalls-etikett\/om-nordvalls\/vision-och-affarside\/","title":{"rendered":"Vision och aff\u00e4rsid\u00e9"},"content":{"rendered":"<div class=\"wpb-content-wrapper\"><p>[vc_row content_placement=&#8221;middle&#8221;][vc_column width=&#8221;1\/2&#8243;][vc_column_text]<\/p>\n<h2>Nordvalls &#8211; etiketter f\u00f6r alla<\/h2>\n<p>Nordvalls arbetar f\u00f6r att vara den ledande etikettleverant\u00f6ren. Genom n\u00e4ra samarbete med v\u00e5ra kunder erbjuder vi smarta etikettl\u00f6sningar, fr\u00e5n id\u00e9 till f\u00e4rdig produkt. Som ett brett och helt\u00e4ckande tryckeri vill vi vara med och forma dagens och morgondagens etikett- och f\u00f6rpackningsl\u00f6sningar. Med engagerade medarbetare med fram\u00e5tanda och stor passion f\u00f6r sitt arbete trycker vi etiketter f\u00f6r alla, idag och i framtiden.[\/vc_column_text][\/vc_column][vc_column width=&#8221;1\/2&#8243;]<div class=\"ult-spacer spacer-6a035c820c2ec\" data-id=\"6a035c820c2ec\" data-height=\"\" data-height-mobile=\"50\" data-height-tab=\"50\" data-height-tab-portrait=\"50\" data-height-mobile-landscape=\"50\" style=\"clear:both;display:block;\"><\/div><style type=\"text\/css\" data-type=\"the7_shortcodes-inline-css\">.shortcode-single-image-wrap.shortcode-single-image-0255e2f716767bd94933308e08b2f995.enable-bg-rollover .rollover i,\n.shortcode-single-image-wrap.shortcode-single-image-0255e2f716767bd94933308e08b2f995.enable-bg-rollover .rollover-video i {\n  background: -webkit-linear-gradient();\n  background: linear-gradient();\n}\n.shortcode-single-image-wrap.shortcode-single-image-0255e2f716767bd94933308e08b2f995 .rollover-icon {\n  font-size: 32px;\n  color: #ffffff;\n  min-width: 44px;\n  min-height: 44px;\n  line-height: 44px;\n  border-radius: 100px;\n  border-style: solid;\n  border-width: 0px;\n}\n.dt-icon-bg-on.shortcode-single-image-wrap.shortcode-single-image-0255e2f716767bd94933308e08b2f995 .rollover-icon {\n  background: rgba(255,255,255,0.3);\n  box-shadow: none;\n}<\/style><div class=\"shortcode-single-image-wrap shortcode-single-image-0255e2f716767bd94933308e08b2f995 alignnone  enable-bg-rollover dt-icon-bg-off\" style=\"margin-top:0px; margin-bottom:0px; margin-left:0px; margin-right:0px; width:500px;\"><div class=\"shortcode-single-image\"><div class=\"fancy-media-wrap  layzr-bg\" style=\"border-radius:40px;\"><img fetchpriority=\"high\" decoding=\"async\" class=\"preload-me lazy-load aspect\" src=\"data:image\/svg+xml,%3Csvg%20xmlns%3D&#39;http%3A%2F%2Fwww.w3.org%2F2000%2Fsvg&#39;%20viewBox%3D&#39;0%200%20500%20333&#39;%2F%3E\" data-src=\"https:\/\/nordvallsetikett.com\/wp-content\/uploads\/2021\/06\/210308_nordvalls_2465-scaled-500x333.jpg\" data-srcset=\"https:\/\/nordvallsetikett.com\/wp-content\/uploads\/2021\/06\/210308_nordvalls_2465-scaled-500x333.jpg 500w, https:\/\/nordvallsetikett.com\/wp-content\/uploads\/2021\/06\/210308_nordvalls_2465-scaled-1000x666.jpg 1000w\" loading=\"eager\" sizes=\"(max-width: 500px) 100vw, 500px\" width=\"500\" height=\"333\"  data-dt-location=\"https:\/\/nordvallsetikett.com\/sv\/?attachment_id=5027\" style=\"--ratio: 500 \/ 333;border-radius:40px;\" alt=\"Nordvalls Etikett Aff\u00e4rside\" \/><\/div><\/div><\/div>[\/vc_column][\/vc_row][vc_row][vc_column]<div class=\"ult-spacer spacer-6a035c820d4f1\" data-id=\"6a035c820d4f1\" data-height=\"100\" data-height-mobile=\"50\" data-height-tab=\"20\" data-height-tab-portrait=\"20\" data-height-mobile-landscape=\"20\" style=\"clear:both;display:block;\"><\/div>[vc_row_inner content_placement=&#8221;middle&#8221;][vc_column_inner width=&#8221;1\/2&#8243;]<style type=\"text\/css\" data-type=\"the7_shortcodes-inline-css\">.shortcode-single-image-wrap.shortcode-single-image-bc47b4eab2640c28888a8e84fe190d71.enable-bg-rollover .rollover i,\n.shortcode-single-image-wrap.shortcode-single-image-bc47b4eab2640c28888a8e84fe190d71.enable-bg-rollover .rollover-video i {\n  background: -webkit-linear-gradient();\n  background: linear-gradient();\n}\n.shortcode-single-image-wrap.shortcode-single-image-bc47b4eab2640c28888a8e84fe190d71 .rollover-icon {\n  font-size: 32px;\n  color: #ffffff;\n  min-width: 44px;\n  min-height: 44px;\n  line-height: 44px;\n  border-radius: 100px;\n  border-style: solid;\n  border-width: 0px;\n}\n.dt-icon-bg-on.shortcode-single-image-wrap.shortcode-single-image-bc47b4eab2640c28888a8e84fe190d71 .rollover-icon {\n  background: rgba(255,255,255,0.3);\n  box-shadow: none;\n}<\/style><div class=\"shortcode-single-image-wrap shortcode-single-image-bc47b4eab2640c28888a8e84fe190d71 alignnone  enable-bg-rollover dt-icon-bg-off\" style=\"margin-top:0px; margin-bottom:0px; margin-left:0px; margin-right:0px; width:500px;\"><div class=\"shortcode-single-image\"><div class=\"fancy-media-wrap  layzr-bg\" style=\"border-radius:40px;\"><img decoding=\"async\" class=\"preload-me lazy-load aspect\" src=\"data:image\/svg+xml,%3Csvg%20xmlns%3D&#39;http%3A%2F%2Fwww.w3.org%2F2000%2Fsvg&#39;%20viewBox%3D&#39;0%200%20500%20333&#39;%2F%3E\" data-src=\"https:\/\/nordvallsetikett.com\/wp-content\/uploads\/2020\/04\/200311_1159_nordvalls-500x333.jpg\" data-srcset=\"https:\/\/nordvallsetikett.com\/wp-content\/uploads\/2020\/04\/200311_1159_nordvalls-500x333.jpg 500w, https:\/\/nordvallsetikett.com\/wp-content\/uploads\/2020\/04\/200311_1159_nordvalls-1000x666.jpg 1000w\" loading=\"eager\" sizes=\"(max-width: 500px) 100vw, 500px\" width=\"500\" height=\"333\"  data-dt-location=\"https:\/\/nordvallsetikett.com\/sv\/nordvalls-etikett\/om-nordvalls\/vision-och-affarside\/attachment\/vid-fragor-om-bilden-mejla-erika-weilandapeloga-se-29\/\" style=\"--ratio: 500 \/ 333;border-radius:40px;\" alt=\"Nordvalls Etikett\" \/><\/div><\/div><\/div><div class=\"ult-spacer spacer-6a035c820e2ec\" data-id=\"6a035c820e2ec\" data-height=\"\" data-height-mobile=\"50\" data-height-tab=\"50\" data-height-tab-portrait=\"50\" data-height-mobile-landscape=\"50\" style=\"clear:both;display:block;\"><\/div>[\/vc_column_inner][vc_column_inner width=&#8221;1\/2&#8243;][vc_column_text]<\/p>\n<h2>Lika viktig oavsett storlek<\/h2>\n<p>Etiketten \u00e4r ofta en central och viktig del av en f\u00f6rpackning, men den kan ocks\u00e5 utg\u00f6ra en identitetsmark\u00f6r i ett produktionsfl\u00f6de eller en f\u00f6rs\u00e4kran om att en f\u00f6rsegling \u00e4r o\u00f6ppnad. Etiketten kan variera i storlek, format och anv\u00e4ndningsomr\u00e5de, men v\u00e4ldigt s\u00e4llan i betydelse f\u00f6r sin kund. Det h\u00e4r vet vi p\u00e5 Nordvalls. Det \u00e4r d\u00e4rf\u00f6r v\u00e5ra ca 200 medarbetare jobbar m\u00e5lmedvetet f\u00f6r att du som v\u00e4ljer att best\u00e4lla dina etiketter av oss ska ha en p\u00e5litlig, kunnig och flexibel etikettleverant\u00f6r.<\/p>\n<p>Tillsammans skapar vi v\u00e4rde som varar.[\/vc_column_text][\/vc_column_inner][\/vc_row_inner]<div class=\"ult-spacer spacer-6a035c820e325\" data-id=\"6a035c820e325\" data-height=\"50\" data-height-mobile=\"20\" data-height-tab=\"\" data-height-tab-portrait=\"\" data-height-mobile-landscape=\"\" style=\"clear:both;display:block;\"><\/div>[\/vc_column][\/vc_row][vc_row full_width=&#8221;stretch_row_content&#8221; content_placement=&#8221;middle&#8221;][vc_column offset=&#8221;vc_hidden-sm vc_col-xs-12 vc_hidden-xs&#8221;][vc_separator color=&#8221;black&#8221; css=&#8221;&#8221;][vc_row_inner equal_height=&#8221;yes&#8221; content_placement=&#8221;middle&#8221;][vc_column_inner width=&#8221;1\/5&#8243;][vc_single_image image=&#8221;10645&#8243; img_size=&#8221;80&#215;80&#8243; alignment=&#8221;center&#8221; css=&#8221;&#8221; image_hovers=&#8221;false&#8221;][\/vc_column_inner][vc_column_inner width=&#8221;1\/5&#8243; offset=&#8221;vc_hidden-sm vc_hidden-xs&#8221;][\/vc_column_inner][vc_column_inner width=&#8221;1\/5&#8243; offset=&#8221;vc_hidden-sm vc_hidden-xs&#8221;][\/vc_column_inner][vc_column_inner width=&#8221;1\/5&#8243; offset=&#8221;vc_hidden-sm vc_hidden-xs&#8221;][\/vc_column_inner][vc_column_inner width=&#8221;1\/5&#8243;][vc_single_image image=&#8221;10650&#8243; img_size=&#8221;medium&#8221; alignment=&#8221;center&#8221; css=&#8221;&#8221; image_hovers=&#8221;false&#8221;][\/vc_column_inner][\/vc_row_inner]<div class=\"ult-spacer spacer-6a035c820e358\" data-id=\"6a035c820e358\" data-height=\"\" data-height-mobile=\"10\" data-height-tab=\"\" data-height-tab-portrait=\"\" data-height-mobile-landscape=\"10\" style=\"clear:both;display:block;\"><\/div>[\/vc_column][\/vc_row][vc_row full_width=&#8221;stretch_row_content&#8221; content_placement=&#8221;middle&#8221;][vc_column offset=&#8221;vc_hidden-lg vc_hidden-md vc_col-xs-12&#8243;][vc_separator color=&#8221;black&#8221; css=&#8221;&#8221;][vc_row_inner equal_height=&#8221;yes&#8221; content_placement=&#8221;middle&#8221;][vc_column_inner][vc_single_image image=&#8221;10918&#8243; img_size=&#8221;340&#215;80&#8243; alignment=&#8221;center&#8221; css=&#8221;&#8221; image_hovers=&#8221;false&#8221;][\/vc_column_inner][\/vc_row_inner][\/vc_column][\/vc_row]<\/p>\n<\/div>","protected":false},"excerpt":{"rendered":"<p>[vc_row content_placement=&#8221;middle&#8221;][vc_column width=&#8221;1\/2&#8243;][vc_column_text] Nordvalls &#8211; etiketter f\u00f6r alla Nordvalls arbetar f\u00f6r att vara den ledande etikettleverant\u00f6ren. Genom n\u00e4ra samarbete med v\u00e5ra kunder erbjuder vi smarta etikettl\u00f6sningar, fr\u00e5n id\u00e9 till f\u00e4rdig produkt. Som ett brett och helt\u00e4ckande tryckeri vill vi vara med och forma dagens och morgondagens etikett- och f\u00f6rpackningsl\u00f6sningar. Med engagerade medarbetare med fram\u00e5tanda och&hellip;<\/p>\n","protected":false},"author":1,"featured_media":0,"parent":2642,"menu_order":0,"comment_status":"closed","ping_status":"closed","template":"","meta":{"footnotes":""},"class_list":["post-2648","page","type-page","status-publish","hentry","description-off"],"_links":{"self":[{"href":"https:\/\/nordvallsetikett.com\/sv\/wp-json\/wp\/v2\/pages\/2648","targetHints":{"allow":["GET"]}}],"collection":[{"href":"https:\/\/nordvallsetikett.com\/sv\/wp-json\/wp\/v2\/pages"}],"about":[{"href":"https:\/\/nordvallsetikett.com\/sv\/wp-json\/wp\/v2\/types\/page"}],"author":[{"embeddable":true,"href":"https:\/\/nordvallsetikett.com\/sv\/wp-json\/wp\/v2\/users\/1"}],"replies":[{"embeddable":true,"href":"https:\/\/nordvallsetikett.com\/sv\/wp-json\/wp\/v2\/comments?post=2648"}],"version-history":[{"count":23,"href":"https:\/\/nordvallsetikett.com\/sv\/wp-json\/wp\/v2\/pages\/2648\/revisions"}],"predecessor-version":[{"id":10992,"href":"https:\/\/nordvallsetikett.com\/sv\/wp-json\/wp\/v2\/pages\/2648\/revisions\/10992"}],"up":[{"embeddable":true,"href":"https:\/\/nordvallsetikett.com\/sv\/wp-json\/wp\/v2\/pages\/2642"}],"wp:attachment":[{"href":"https:\/\/nordvallsetikett.com\/sv\/wp-json\/wp\/v2\/media?parent=2648"}],"curies":[{"name":"wp","href":"https:\/\/api.w.org\/{rel}","templated":true}]}}