{"id":2733,"date":"2019-11-18T19:29:01","date_gmt":"2019-11-18T19:29:01","guid":{"rendered":"https:\/\/beta.nordvalls.se\/?page_id=2733"},"modified":"2025-10-31T12:10:41","modified_gmt":"2025-10-31T12:10:41","slug":"otryckta-etiketter","status":"publish","type":"page","link":"https:\/\/nordvallsetikett.com\/sv\/etiketter\/otryckta-etiketter\/","title":{"rendered":"Otryckta etiketter"},"content":{"rendered":"<div class=\"wpb-content-wrapper\"><p>[vc_row][vc_column][vc_row_inner content_placement=&#8221;middle&#8221;][vc_column_inner width=&#8221;1\/2&#8243;][vc_column_text]<\/p>\n<h2>Etiketter f\u00f6r eget tryck<\/h2>\n<p>Hos oss p\u00e5 Nordvalls hittar du ett brett utbud av otryckta etiketter. Otryckta etiketter \u00e4r etiketter p\u00e5 vilka du sj\u00e4lv kan g\u00f6ra tilltryck med hj\u00e4lp av termotransferskrivare.<\/p>\n<p>Otryckta etiketter passar dig som anv\u00e4nder etiketten f\u00f6r att styra en produkts eller enhets v\u00e4g genom en tillverkningsprocess. M\u00e5nga v\u00e4ljer otryckta etiketter f\u00f6r att kunna trycka information i form av exempelvis text och streckkoder p\u00e5 den.[\/vc_column_text][\/vc_column_inner][vc_column_inner width=&#8221;1\/2&#8243;]<style type=\"text\/css\" data-type=\"the7_shortcodes-inline-css\">.shortcode-single-image-wrap.shortcode-single-image-908aee29ad027c821b1828df98bde377.enable-bg-rollover .rollover i,\n.shortcode-single-image-wrap.shortcode-single-image-908aee29ad027c821b1828df98bde377.enable-bg-rollover .rollover-video i {\n  background: -webkit-linear-gradient();\n  background: linear-gradient();\n}\n.shortcode-single-image-wrap.shortcode-single-image-908aee29ad027c821b1828df98bde377 .rollover-icon {\n  font-size: 32px;\n  color: #ffffff;\n  min-width: 44px;\n  min-height: 44px;\n  line-height: 44px;\n  border-radius: 100px;\n  border-style: solid;\n  border-width: 0px;\n}\n.dt-icon-bg-on.shortcode-single-image-wrap.shortcode-single-image-908aee29ad027c821b1828df98bde377 .rollover-icon {\n  background: rgba(255,255,255,0.3);\n  box-shadow: none;\n}<\/style><div class=\"shortcode-single-image-wrap shortcode-single-image-908aee29ad027c821b1828df98bde377 alignnone  vc_custom_1580845113181 enable-bg-rollover dt-icon-bg-off\" ><div class=\"shortcode-single-image\"><div class=\"fancy-media-wrap  layzr-bg\" style=\"border-radius:40px;\"><img fetchpriority=\"high\" decoding=\"async\" class=\"preload-me lazy-load aspect\" src=\"data:image\/svg+xml,%3Csvg%20xmlns%3D&#39;http%3A%2F%2Fwww.w3.org%2F2000%2Fsvg&#39;%20viewBox%3D&#39;0%200%20500%20333&#39;%2F%3E\" data-src=\"https:\/\/nordvallsetikett.com\/wp-content\/uploads\/2019\/12\/191121_0023_nordvalls-500x333.jpg\" data-srcset=\"https:\/\/nordvallsetikett.com\/wp-content\/uploads\/2019\/12\/191121_0023_nordvalls-500x333.jpg 500w, https:\/\/nordvallsetikett.com\/wp-content\/uploads\/2019\/12\/191121_0023_nordvalls-1000x666.jpg 1000w\" loading=\"eager\" sizes=\"(max-width: 500px) 100vw, 500px\" width=\"500\" height=\"333\"  data-dt-location=\"https:\/\/nordvallsetikett.com\/sv\/nyheter\/forst-i-skandinavien-med-hp-v12\/attachment\/vid-fragor-om-bilden-skriv-till-christian-anderssonapeloga-se-2\/\" style=\"--ratio: 500 \/ 333;border-radius:40px;\" alt=\"\" \/><\/div><\/div><\/div>[\/vc_column_inner][\/vc_row_inner]<div class=\"ult-spacer spacer-69e79a2d3789c\" data-id=\"69e79a2d3789c\" data-height=\"100\" data-height-mobile=\"50\" data-height-tab=\"\" data-height-tab-portrait=\"\" data-height-mobile-landscape=\"\" style=\"clear:both;display:block;\"><\/div>[vc_row_inner content_placement=&#8221;middle&#8221;][vc_column_inner width=&#8221;1\/2&#8243;]<style type=\"text\/css\" data-type=\"the7_shortcodes-inline-css\">.shortcode-single-image-wrap.shortcode-single-image-c4939d06d079ef418ead8abf998de1bd.enable-bg-rollover .rollover i,\n.shortcode-single-image-wrap.shortcode-single-image-c4939d06d079ef418ead8abf998de1bd.enable-bg-rollover .rollover-video i {\n  background: -webkit-linear-gradient();\n  background: linear-gradient();\n}\n.shortcode-single-image-wrap.shortcode-single-image-c4939d06d079ef418ead8abf998de1bd .rollover-icon {\n  font-size: 32px;\n  color: #ffffff;\n  min-width: 44px;\n  min-height: 44px;\n  line-height: 44px;\n  border-radius: 100px;\n  border-style: solid;\n  border-width: 0px;\n}\n.dt-icon-bg-on.shortcode-single-image-wrap.shortcode-single-image-c4939d06d079ef418ead8abf998de1bd .rollover-icon {\n  background: rgba(255,255,255,0.3);\n  box-shadow: none;\n}<\/style><div class=\"shortcode-single-image-wrap shortcode-single-image-c4939d06d079ef418ead8abf998de1bd alignnone  vc_custom_1586856349106 enable-bg-rollover dt-icon-bg-off\" ><div class=\"shortcode-single-image\"><div class=\"fancy-media-wrap  layzr-bg\" style=\"border-radius:40px;\"><img decoding=\"async\" class=\"preload-me lazy-load aspect\" src=\"data:image\/svg+xml,%3Csvg%20xmlns%3D&#39;http%3A%2F%2Fwww.w3.org%2F2000%2Fsvg&#39;%20viewBox%3D&#39;0%200%20500%20333&#39;%2F%3E\" data-src=\"https:\/\/nordvallsetikett.com\/wp-content\/uploads\/2020\/04\/200311_2002_nordvalls-1-500x333.jpg\" data-srcset=\"https:\/\/nordvallsetikett.com\/wp-content\/uploads\/2020\/04\/200311_2002_nordvalls-1-500x333.jpg 500w, https:\/\/nordvallsetikett.com\/wp-content\/uploads\/2020\/04\/200311_2002_nordvalls-1-1000x666.jpg 1000w\" loading=\"eager\" sizes=\"(max-width: 500px) 100vw, 500px\" width=\"500\" height=\"333\"  data-dt-location=\"https:\/\/nordvallsetikett.com\/sv\/nordvalls-etikett\/om-nordvalls\/attachment\/vid-fragor-om-bilden-skriv-till-christian-anderssonapeloga-se-24\/\" style=\"--ratio: 500 \/ 333;border-radius:40px;\" alt=\"Nordvalls Etikett\" \/><\/div><\/div><\/div>[\/vc_column_inner][vc_column_inner width=&#8221;1\/2&#8243;][vc_column_text]<\/p>\n<h3>Etiketter f\u00f6r streckkoder och information<\/h3>\n<p>Etiketten har ofta en viktig funktion som identitetsmark\u00f6r och informationsb\u00e4rare d\u00e4r den sitter f\u00e4st p\u00e5 olika produkter, enheter och komponenter i ett produktionsfl\u00f6de.<\/p>\n<p>Den otryckta etiketten ska beh\u00e5lla sin kvalitet under alla f\u00f6rh\u00e5llanden och det \u00e4r oftast ocks\u00e5 viktigt att den inte l\u00e4mnar avtryck p\u00e5 ytan den sitter p\u00e5. Hos oss p\u00e5 Nordvalls kan du k\u00f6pa etiketter som levereras i den storlek och form som passar din verksamhet och applikationsutrustning b\u00e4st. Tveka inte att fr\u00e5ga oss om du \u00e4r os\u00e4ker p\u00e5 vilken etikett som passar dina behov.<\/p>\n<p>Hos oss p\u00e5 Nordvalls hittar du ett brett utbud av otryckta etiketter. G\u00f6r en <a href=\"https:\/\/nordvallsetikett.com\/sv\/forfragan\/#1580289862291-50a7dd49-6d7e\">offertf\u00f6rfr\u00e5gan<\/a> eller kontakta n\u00e5gon av v\u00e5ra s\u00e4ljare f\u00f6r information om vad vi kan g\u00f6ra f\u00f6r just dig.[\/vc_column_text][\/vc_column_inner][\/vc_row_inner]<div class=\"ult-spacer spacer-69e79a2d386c5\" data-id=\"69e79a2d386c5\" data-height=\"100\" data-height-mobile=\"50\" data-height-tab=\"\" data-height-tab-portrait=\"\" data-height-mobile-landscape=\"\" style=\"clear:both;display:block;\"><\/div>[vc_row_inner content_placement=&#8221;middle&#8221;][vc_column_inner width=&#8221;1\/2&#8243;][vc_column_text]<\/p>\n<h3>Etiketter med h\u00f6g l\u00e4sbarhet<\/h3>\n<p>Etikettens material p\u00e5verkar hur l\u00e4tt den \u00e4r att l\u00e4sa av f\u00f6r den utrustning din verksamhet anv\u00e4nder. Oavsett om du v\u00e4ljer ett material i syntet eller papper ska etikettens information kunna l\u00e4sas tydligt och enkelt.<\/p>\n<p>Otryckta etiketter, eller etiketter f\u00f6r eget tryck \u00e4r vanlig inom <a href=\"https:\/\/nordvallsetikett.com\/sv\/etiketter\/etiketter-mat-dryck-livsmedel\/\">etiketter f\u00f6r livsmedel<\/a> i t.ex. delikatessdisken men \u00e4ven inom <a href=\"https:\/\/nordvallsetikett.com\/sv\/etiketter\/etiketter-for-lakemedel\/\">etiketter f\u00f6r l\u00e4kemedel<\/a> d\u00e4r l\u00e4karen beh\u00f6ver kunna anvisningar och patientinformation.<\/p>\n<p>Ta g\u00e4rna hj\u00e4lp av n\u00e5gon av v\u00e5ra duktiga s\u00e4ljare n\u00e4r du ska best\u00e4lla otryckta etiketter. De finns h\u00e4r f\u00f6r dig.[\/vc_column_text][\/vc_column_inner][vc_column_inner width=&#8221;1\/2&#8243;]<style type=\"text\/css\" data-type=\"the7_shortcodes-inline-css\">.shortcode-single-image-wrap.shortcode-single-image-f641aa2d08d495dfac20c0a930aa32ee.enable-bg-rollover .rollover i,\n.shortcode-single-image-wrap.shortcode-single-image-f641aa2d08d495dfac20c0a930aa32ee.enable-bg-rollover .rollover-video i {\n  background: -webkit-linear-gradient();\n  background: linear-gradient();\n}\n.shortcode-single-image-wrap.shortcode-single-image-f641aa2d08d495dfac20c0a930aa32ee .rollover-icon {\n  font-size: 32px;\n  color: #ffffff;\n  min-width: 44px;\n  min-height: 44px;\n  line-height: 44px;\n  border-radius: 100px;\n  border-style: solid;\n  border-width: 0px;\n}\n.dt-icon-bg-on.shortcode-single-image-wrap.shortcode-single-image-f641aa2d08d495dfac20c0a930aa32ee .rollover-icon {\n  background: rgba(255,255,255,0.3);\n  box-shadow: none;\n}<\/style><div class=\"shortcode-single-image-wrap shortcode-single-image-f641aa2d08d495dfac20c0a930aa32ee alignnone  vc_custom_1580845137484 enable-bg-rollover dt-icon-bg-off\" ><div class=\"shortcode-single-image\"><div class=\"fancy-media-wrap  layzr-bg\" style=\"border-radius:40px;\"><img decoding=\"async\" class=\"preload-me lazy-load aspect\" src=\"data:image\/svg+xml,%3Csvg%20xmlns%3D&#39;http%3A%2F%2Fwww.w3.org%2F2000%2Fsvg&#39;%20viewBox%3D&#39;0%200%20500%20333&#39;%2F%3E\" data-src=\"https:\/\/nordvallsetikett.com\/wp-content\/uploads\/2019\/12\/191121_0386_nordvalls-500x333.jpg\" data-srcset=\"https:\/\/nordvallsetikett.com\/wp-content\/uploads\/2019\/12\/191121_0386_nordvalls-500x333.jpg 500w, https:\/\/nordvallsetikett.com\/wp-content\/uploads\/2019\/12\/191121_0386_nordvalls-1000x666.jpg 1000w\" loading=\"eager\" sizes=\"(max-width: 500px) 100vw, 500px\" width=\"500\" height=\"333\"  data-dt-location=\"https:\/\/nordvallsetikett.com\/sv\/nyheter\/forst-i-skandinavien-med-hp-v12\/attachment\/vid-fragor-om-bilden-skriv-till-christian-anderssonapeloga-se-7\/\" style=\"--ratio: 500 \/ 333;border-radius:40px;\" alt=\"Marie Olofsson_Nordvalls\" \/><\/div><\/div><\/div>[\/vc_column_inner][\/vc_row_inner]<div class=\"ult-spacer spacer-69e79a2d3936e\" data-id=\"69e79a2d3936e\" data-height=\"50\" data-height-mobile=\"50\" data-height-tab=\"\" data-height-tab-portrait=\"\" data-height-mobile-landscape=\"\" style=\"clear:both;display:block;\"><\/div>[vc_row_inner][vc_column_inner width=&#8221;1\/4&#8243;][\/vc_column_inner][vc_column_inner width=&#8221;1\/2&#8243;]<style type=\"text\/css\" data-type=\"the7_shortcodes-inline-css\">#default-btn-fd97cecaeb5e5dbb3d88be10f4719b8b.ico-right-side > i {\n  margin-right: 0px;\n  margin-left: 8px;\n}\n#default-btn-fd97cecaeb5e5dbb3d88be10f4719b8b > i {\n  margin-right: 8px;\n}<\/style><div class=\"btn-align-center\"><a href=\"https:\/\/nordvallsetikett.com\/sv\/forfragan\/\" class=\"default-btn-shortcode dt-btn dt-btn-l link-hover-off \" id=\"default-btn-fd97cecaeb5e5dbb3d88be10f4719b8b\" title=\"F\u00f6rfr\u00e5gan\"><span>Kontakta s\u00e4ljare<\/span><\/a><\/div>[\/vc_column_inner][vc_column_inner width=&#8221;1\/4&#8243;][\/vc_column_inner][\/vc_row_inner]<div class=\"ult-spacer spacer-69e79a2d3948f\" data-id=\"69e79a2d3948f\" data-height=\"50\" data-height-mobile=\"50\" data-height-tab=\"50\" data-height-tab-portrait=\"\" data-height-mobile-landscape=\"\" style=\"clear:both;display:block;\"><\/div>[\/vc_column][\/vc_row][vc_row][vc_column]<div class=\"hr-thin style-line\" style=\"width: 100%;border-top-width: 1px;\"><\/div>[\/vc_column][\/vc_row][vc_row][vc_column]<div class=\"ult-spacer spacer-69e79a2d39516\" data-id=\"69e79a2d39516\" data-height=\"40\" data-height-mobile=\"40\" data-height-tab=\"40\" data-height-tab-portrait=\"\" data-height-mobile-landscape=\"\" style=\"clear:both;display:block;\"><\/div><div id=\"ult-carousel-222472920569e79a2d39713\" class=\"ult-carousel-wrapper   ult_horizontal\" data-gutter=\"15\" data-rtl=\"false\" ><div class=\"ult-carousel-428660731669e79a2d395e5 \" ><div class=\"ult-item-wrap\" data-animation=\"animated no-animation\">\n<div tabindex=\"0\" id=\"interactive-banner-1-wrap-7606\" class=\"ult-banner-block ult-adjust-bottom-margin ult-bb-box ult-banner-block-custom-height banner-style01 \"   style=\"height:250px;\">\n\t<img decoding=\"async\" src=\"https:\/\/nordvallsetikett.com\/wp-content\/uploads\/2019\/02\/Pharma_600px.jpg\" alt=\"null\">\n\t<h3  data-ultimate-target='#interactive-banner-1-wrap-7606 .bb-top-title '  data-responsive-json-new='{\"font-size\":\"\",\"line-height\":\"\"}'  class=\"title-center bb-top-title ult-responsive\" style=\"font-weight:normal;background:#1e73be;color:#ffffff;\">Etiketter f\u00f6r l\u00e4kemedel<\/h3>\n\t<div class=\"mask opaque-background\" style=\"background:;\">\n\t\t<div  data-ultimate-target='#interactive-banner-1-wrap-7606 .bb-description'  data-responsive-json-new='{\"font-size\":\"\",\"line-height\":\"\"}'  class=\"bb-description ult-responsive\" style=\"font-weight:normal;color:#ffffff;\">Nordvalls har varit etikettleverant\u00f6r till kunder inom l\u00e4kemedelsindustrin i m\u00e5nga \u00e5r. Vi \u00e4r v\u00e4l f\u00f6rtrogna med regelverk kring hygien, kvalitet &amp; s\u00e4kerhet.<\/div>\n\t<\/div><a class=\"bb-link\" href=\"https:\/\/nordvallsetikett.com\/sv\/etiketter\/etiketter-for-lakemedel\/\" title=\"Etiketter f\u00f6r l\u00e4kemedel\" ><\/a>\n<\/div><\/div><div class=\"ult-item-wrap\" data-animation=\"animated no-animation\">\n<div tabindex=\"0\" id=\"interactive-banner-1-wrap-8057\" class=\"ult-banner-block ult-adjust-bottom-margin ult-bb-box ult-banner-block-custom-height banner-style01 \"   style=\"height:250px;\">\n\t<img decoding=\"async\" src=\"https:\/\/nordvallsetikett.com\/wp-content\/uploads\/2019\/12\/191121_0691_nordvalls.jpg\" alt=\"Etiketter f\u00f6r m\u00e4rkning Nordvalls\">\n\t<h3  data-ultimate-target='#interactive-banner-1-wrap-8057 .bb-top-title '  data-responsive-json-new='{\"font-size\":\"\",\"line-height\":\"\"}'  class=\"title-center bb-top-title ult-responsive\" style=\"font-weight:normal;background:#1e73be;color:#ffffff;\">Etiketter f\u00f6r tillverkning<\/h3>\n\t<div class=\"mask opaque-background\" style=\"background:;\">\n\t\t<div  data-ultimate-target='#interactive-banner-1-wrap-8057 .bb-description'  data-responsive-json-new='{\"font-size\":\"\",\"line-height\":\"\"}'  class=\"bb-description ult-responsive\" style=\"font-weight:normal;color:#ffffff;\">Streckkodsetiketter och etiketter f\u00f6r produktion. M\u00e5nga av etiketterna vi p\u00e5 Nordvalls levererar spelar en viktig roll i ett produktionsfl\u00f6de.<\/div>\n\t<\/div><a class=\"bb-link\" href=\"https:\/\/nordvallsetikett.com\/sv\/etiketter\/etiketter-tillverkning-produktion\/\" title=\"Etiketter f\u00f6r tillverkning och produktion\" ><\/a>\n<\/div><\/div><div class=\"ult-item-wrap\" data-animation=\"animated no-animation\">\n<div tabindex=\"0\" id=\"interactive-banner-1-wrap-1046\" class=\"ult-banner-block ult-adjust-bottom-margin ult-bb-box ult-banner-block-custom-height banner-style01 \"   style=\"height:250px;\">\n\t<img decoding=\"async\" src=\"https:\/\/nordvallsetikett.com\/wp-content\/uploads\/2020\/02\/maskin-etikettryckeri.jpg\" alt=\"null\">\n\t<h3  data-ultimate-target='#interactive-banner-1-wrap-1046 .bb-top-title '  data-responsive-json-new='{\"font-size\":\"\",\"line-height\":\"\"}'  class=\"title-center bb-top-title ult-responsive\" style=\"font-weight:normal;background:#1e73be;color:#ffffff;\">Sprutetiketter<\/h3>\n\t<div class=\"mask opaque-background\" style=\"background:;\">\n\t\t<div  data-ultimate-target='#interactive-banner-1-wrap-1046 .bb-description'  data-responsive-json-new='{\"font-size\":\"\",\"line-height\":\"\"}'  class=\"bb-description ult-responsive\" style=\"font-weight:normal;color:#ffffff;\">Sprutetiketter \u00e4r en vanlig etikett med en viktig funktion. Vi har sprutetiketter som \u00e4r vita, delvis vita, delvis f\u00e4rgade eller helt f\u00e4rgade.<\/div>\n\t<\/div><a class=\"bb-link\" href=\"https:\/\/nordvallsetikett.com\/sv\/etiketter\/sprutetiketter\/\" title=\"Sprutetiketter\" ><\/a>\n<\/div><\/div><\/div><\/div>\t\t\t<script type=\"text\/javascript\">\n\t\t\t\tjQuery(document).ready(function ($) {\n\t\t\t\t\tif( typeof jQuery('.ult-carousel-428660731669e79a2d395e5').slick == \"function\"){\n\t\t\t\t\t\t$('.ult-carousel-428660731669e79a2d395e5').slick({dots: true,autoplay: true,autoplaySpeed: \"5000\",speed: \"300\",infinite: true,arrows: true,nextArrow: '<button type=\"button\" role=\"button\" aria-label=\"Next\" style=\"color:#333333; font-size:20px;\" class=\"slick-next default\"><i class=\"ultsl-arrow-right4\"><\/i><\/button>',prevArrow: '<button type=\"button\" role=\"button\" aria-label=\"Previous\" style=\"color:#333333; font-size:20px;\" class=\"slick-prev default\"><i class=\"ultsl-arrow-left4\"><\/i><\/button>',slidesToScroll:3,slidesToShow:3,swipe: true,draggable: true,touchMove: true,pauseOnHover: true,pauseOnFocus: false,centerMode: true,responsive: [\n\t\t\t\t\t\t\t{\n\t\t\t\t\t\t\t  breakpoint: 1026,\n\t\t\t\t\t\t\t  settings: {\n\t\t\t\t\t\t\t\tslidesToShow: 3,\n\t\t\t\t\t\t\t\tslidesToScroll: 3,  \n\t\t\t\t\t\t\t  }\n\t\t\t\t\t\t\t},\n\t\t\t\t\t\t\t{\n\t\t\t\t\t\t\t  breakpoint: 1025,\n\t\t\t\t\t\t\t  settings: {\n\t\t\t\t\t\t\t\tslidesToShow: 3,\n\t\t\t\t\t\t\t\tslidesToScroll: 3\n\t\t\t\t\t\t\t  }\n\t\t\t\t\t\t\t},\n\t\t\t\t\t\t\t{\n\t\t\t\t\t\t\t  breakpoint: 760,\n\t\t\t\t\t\t\t  settings: {\n\t\t\t\t\t\t\t\tslidesToShow: 1,\n\t\t\t\t\t\t\t\tslidesToScroll: 1\n\t\t\t\t\t\t\t  }\n\t\t\t\t\t\t\t}\n\t\t\t\t\t\t],pauseOnDotsHover: true,customPaging: function(slider, i) {\n                   return '<i type=\"button\" style= \"color:#333333;\" class=\"ultsl-record\" data-role=\"none\"><\/i>';\n                },});\n\t\t\t\t\t}\n\t\t\t\t});\n\t\t\t<\/script>\n\t\t\t<div class=\"ult-spacer spacer-69e79a2d3a0e8\" data-id=\"69e79a2d3a0e8\" data-height=\"40\" data-height-mobile=\"40\" data-height-tab=\"40\" data-height-tab-portrait=\"\" data-height-mobile-landscape=\"\" style=\"clear:both;display:block;\"><\/div>[\/vc_column][\/vc_row][vc_row bg_type=&#8221;image&#8221; parallax_style=&#8221;vcpb-vz-jquery&#8221; bg_image_new=&#8221;id^2887|url^http:\/\/nordvalls.se\/wp-content\/uploads\/2019\/12\/191121_nordvalls2839.jpg|caption^Vid fr\u00e5gor om bilden, mejla: erika.weiland@apeloga.se|alt^null|title^Vid fr\u00e5gor om bilden, mejla: erika.weiland@apeloga.se|description^null&#8221; bg_image_repeat=&#8221;no-repeat&#8221; bg_override=&#8221;full&#8221; disable_on_mobile_img_parallax=&#8221;disable_on_mobile_img_parallax_value&#8221; fadeout_row=&#8221;fadeout_row_value&#8221; fadeout_start_effect=&#8221;30&#8243; enable_overlay=&#8221;enable_overlay_value&#8221; overlay_color=&#8221;rgba(38,45,55,0.5)&#8221;][vc_column css=&#8221;.vc_custom_1560418610056{padding-top: 150px !important;padding-bottom: 150px !important;}&#8221; offset=&#8221;vc_col-lg-offset-2 vc_col-lg-8&#8243;]<div id=\"ultimate-heading-248569e79a2d3a176\" class=\"uvc-heading ult-adjust-bottom-margin ultimate-heading-248569e79a2d3a176 uvc-3147 \" data-hspacer=\"no_spacer\"  data-halign=\"center\" style=\"text-align:center\"><div class=\"uvc-heading-spacer no_spacer\" style=\"top\"><\/div><div class=\"uvc-main-heading ult-responsive\"  data-ultimate-target='.uvc-heading.ultimate-heading-248569e79a2d3a176 h3'  data-responsive-json-new='{\"font-size\":\"desktop:25px;\",\"line-height\":\"\"}' ><h3 style=\"font-weight:bold;color:#ffffff;margin-bottom:15px;\">Hittar du inte vad du s\u00f6ker?<\/h3><\/div><div class=\"uvc-sub-heading ult-responsive\"  data-ultimate-target='.uvc-heading.ultimate-heading-248569e79a2d3a176 .uvc-sub-heading '  data-responsive-json-new='{\"font-size\":\"desktop:20px;\",\"line-height\":\"desktop:34px;\"}'  style=\"font-weight:bold;color:#ffffff;margin-bottom:20px;\"><span style=\"font-weight: 400;\">\u00a0Tveka inte att kontakta v\u00e5r kundsupport. De hj\u00e4lper dig g\u00e4rna hitta r\u00e4tt etikett.<\/span><\/div><\/div><style type=\"text\/css\" data-type=\"the7_shortcodes-inline-css\">#default-btn-9340997c6df06b5e75a9323e876b9ef0.ico-right-side > i {\n  margin-right: 0px;\n  margin-left: 8px;\n}\n#default-btn-9340997c6df06b5e75a9323e876b9ef0 > i {\n  margin-right: 8px;\n}<\/style><div class=\"btn-align-center\"><a href=\"https:\/\/nordvallsetikett.com\/sv\/forfragan\/\" class=\"default-btn-shortcode dt-btn dt-btn-l link-hover-off \" id=\"default-btn-9340997c6df06b5e75a9323e876b9ef0\" style=\"width:400px;\" title=\"F\u00f6rfr\u00e5gan\"><span>Kontakta Nordvalls kundsupport<\/span><\/a><\/div>[\/vc_column][\/vc_row][vc_column][\/vc_column][vc_column][\/vc_column]<\/p>\n<p>[vc_row full_width=&#8221;stretch_row_content&#8221; content_placement=&#8221;middle&#8221;][vc_column offset=&#8221;vc_hidden-sm vc_col-xs-12 vc_hidden-xs&#8221;][vc_separator color=&#8221;black&#8221; css=&#8221;&#8221;][vc_row_inner equal_height=&#8221;yes&#8221; content_placement=&#8221;middle&#8221;][vc_column_inner width=&#8221;1\/5&#8243;][vc_single_image image=&#8221;10645&#8243; img_size=&#8221;80&#215;80&#8243; alignment=&#8221;center&#8221; css=&#8221;&#8221; image_hovers=&#8221;false&#8221;][\/vc_column_inner][vc_column_inner width=&#8221;1\/5&#8243; offset=&#8221;vc_hidden-sm vc_hidden-xs&#8221;][\/vc_column_inner][vc_column_inner width=&#8221;1\/5&#8243; offset=&#8221;vc_hidden-sm vc_hidden-xs&#8221;][\/vc_column_inner][vc_column_inner width=&#8221;1\/5&#8243; offset=&#8221;vc_hidden-sm vc_hidden-xs&#8221;][\/vc_column_inner][vc_column_inner width=&#8221;1\/5&#8243;][vc_single_image image=&#8221;10650&#8243; img_size=&#8221;medium&#8221; alignment=&#8221;center&#8221; css=&#8221;&#8221; image_hovers=&#8221;false&#8221;][\/vc_column_inner][\/vc_row_inner]<div class=\"ult-spacer spacer-69e79a2d3a28d\" data-id=\"69e79a2d3a28d\" data-height=\"\" data-height-mobile=\"10\" data-height-tab=\"\" data-height-tab-portrait=\"\" data-height-mobile-landscape=\"10\" style=\"clear:both;display:block;\"><\/div>[\/vc_column][\/vc_row][vc_row full_width=&#8221;stretch_row_content&#8221; content_placement=&#8221;middle&#8221;][vc_column offset=&#8221;vc_hidden-lg vc_hidden-md vc_col-xs-12&#8243;][vc_separator color=&#8221;black&#8221; css=&#8221;&#8221;][vc_row_inner equal_height=&#8221;yes&#8221; content_placement=&#8221;middle&#8221;][vc_column_inner][vc_single_image image=&#8221;10918&#8243; img_size=&#8221;340&#215;80&#8243; alignment=&#8221;center&#8221; css=&#8221;&#8221; image_hovers=&#8221;false&#8221;][\/vc_column_inner][\/vc_row_inner][\/vc_column][\/vc_row]<\/p>\n<\/div>","protected":false},"excerpt":{"rendered":"<p>[vc_row][vc_column][vc_row_inner content_placement=&#8221;middle&#8221;][vc_column_inner width=&#8221;1\/2&#8243;][vc_column_text] Etiketter f\u00f6r eget tryck Hos oss p\u00e5 Nordvalls hittar du ett brett utbud av otryckta etiketter. Otryckta etiketter \u00e4r etiketter p\u00e5 vilka du sj\u00e4lv kan g\u00f6ra tilltryck med hj\u00e4lp av termotransferskrivare. Otryckta etiketter passar dig som anv\u00e4nder etiketten f\u00f6r att styra en produkts eller enhets v\u00e4g genom en tillverkningsprocess. M\u00e5nga v\u00e4ljer otryckta&hellip;<\/p>\n","protected":false},"author":1,"featured_media":0,"parent":2632,"menu_order":0,"comment_status":"closed","ping_status":"closed","template":"","meta":{"footnotes":""},"class_list":["post-2733","page","type-page","status-publish","hentry","description-off"],"_links":{"self":[{"href":"https:\/\/nordvallsetikett.com\/sv\/wp-json\/wp\/v2\/pages\/2733","targetHints":{"allow":["GET"]}}],"collection":[{"href":"https:\/\/nordvallsetikett.com\/sv\/wp-json\/wp\/v2\/pages"}],"about":[{"href":"https:\/\/nordvallsetikett.com\/sv\/wp-json\/wp\/v2\/types\/page"}],"author":[{"embeddable":true,"href":"https:\/\/nordvallsetikett.com\/sv\/wp-json\/wp\/v2\/users\/1"}],"replies":[{"embeddable":true,"href":"https:\/\/nordvallsetikett.com\/sv\/wp-json\/wp\/v2\/comments?post=2733"}],"version-history":[{"count":22,"href":"https:\/\/nordvallsetikett.com\/sv\/wp-json\/wp\/v2\/pages\/2733\/revisions"}],"predecessor-version":[{"id":10969,"href":"https:\/\/nordvallsetikett.com\/sv\/wp-json\/wp\/v2\/pages\/2733\/revisions\/10969"}],"up":[{"embeddable":true,"href":"https:\/\/nordvallsetikett.com\/sv\/wp-json\/wp\/v2\/pages\/2632"}],"wp:attachment":[{"href":"https:\/\/nordvallsetikett.com\/sv\/wp-json\/wp\/v2\/media?parent=2733"}],"curies":[{"name":"wp","href":"https:\/\/api.w.org\/{rel}","templated":true}]}}