{"id":2737,"date":"2019-11-18T19:30:08","date_gmt":"2019-11-18T19:30:08","guid":{"rendered":"https:\/\/beta.nordvalls.se\/?page_id=2737"},"modified":"2024-05-08T09:42:09","modified_gmt":"2024-05-08T09:42:09","slug":"in-mould-labels","status":"publish","type":"page","link":"https:\/\/nordvallsetikett.com\/sv\/etiketter\/in-mould-labels\/","title":{"rendered":"In Mould Labels"},"content":{"rendered":"<div class=\"wpb-content-wrapper\"><p>[vc_row][vc_column width=&#8221;1\/2&#8243;][vc_column_text]<\/p>\n<h2>Mer etikett med In Mould Labels<\/h2>\n<p>In Mould Labels \u00e4r etiketter som, ist\u00e4llet f\u00f6r att appliceras med adhesiv, gjuts fast med v\u00e4rme p\u00e5 en f\u00f6rpackning eller produkt.<\/p>\n<p>Med In Mould Labels f\u00e5r du en st\u00f6rre yta att arbeta med n\u00e4r det kommer till f\u00f6rpackningsdesignen eftersom tekniken g\u00f6r att en stor del av f\u00f6rpackningen t\u00e4cks. Etiketter med In Mould Labels-tekniken skiljer sig ocks\u00e5 fr\u00e5n vanliga etiketter d\u00e5 dessa saknar adhesiv.<\/p>\n<p>Nyfiken p\u00e5 In Mould Labels?<\/p>\n<p>V\u00e5ra s\u00e4ljare ber\u00e4ttar g\u00e4rna hur du kan anv\u00e4nda dig av tekniken.<br \/>\n[\/vc_column_text][\/vc_column][vc_column width=&#8221;1\/2&#8243;]<style type=\"text\/css\" data-type=\"the7_shortcodes-inline-css\">.shortcode-single-image-wrap.shortcode-single-image-c941d890454095d10cbc8c7dcf26cafe.enable-bg-rollover .rollover i,\n.shortcode-single-image-wrap.shortcode-single-image-c941d890454095d10cbc8c7dcf26cafe.enable-bg-rollover .rollover-video i {\n  background: -webkit-linear-gradient();\n  background: linear-gradient();\n}\n.shortcode-single-image-wrap.shortcode-single-image-c941d890454095d10cbc8c7dcf26cafe .rollover-icon {\n  font-size: 32px;\n  color: #ffffff;\n  min-width: 44px;\n  min-height: 44px;\n  line-height: 44px;\n  border-radius: 100px;\n  border-style: solid;\n  border-width: 0px;\n}\n.dt-icon-bg-on.shortcode-single-image-wrap.shortcode-single-image-c941d890454095d10cbc8c7dcf26cafe .rollover-icon {\n  background: rgba(255,255,255,0.3);\n  box-shadow: none;\n}<\/style><div class=\"shortcode-single-image-wrap shortcode-single-image-c941d890454095d10cbc8c7dcf26cafe alignnone  vc_custom_1580845662755 enable-bg-rollover dt-icon-bg-off\" ><div class=\"shortcode-single-image\"><div class=\"fancy-media-wrap  layzr-bg\" style=\"border-radius:40px;\"><img fetchpriority=\"high\" decoding=\"async\" class=\"preload-me lazy-load aspect\" src=\"data:image\/svg+xml,%3Csvg%20xmlns%3D&#39;http%3A%2F%2Fwww.w3.org%2F2000%2Fsvg&#39;%20viewBox%3D&#39;0%200%20500%20333&#39;%2F%3E\" data-src=\"https:\/\/nordvallsetikett.com\/wp-content\/uploads\/2019\/12\/191121_0296_nordvalls-500x333.jpg\" data-srcset=\"https:\/\/nordvallsetikett.com\/wp-content\/uploads\/2019\/12\/191121_0296_nordvalls-500x333.jpg 500w, https:\/\/nordvallsetikett.com\/wp-content\/uploads\/2019\/12\/191121_0296_nordvalls-1000x666.jpg 1000w\" loading=\"eager\" sizes=\"(max-width: 500px) 100vw, 500px\" width=\"500\" height=\"333\"  data-dt-location=\"https:\/\/nordvallsetikett.com\/sv\/nyheter\/forst-i-skandinavien-med-hp-v12\/attachment\/vid-fragor-om-bilden-skriv-till-christian-anderssonapeloga-se-6\/\" style=\"--ratio: 500 \/ 333;border-radius:40px;\" alt=\"Etiketter sk\u00f6nhet kosmetik Nordvalls\" \/><\/div><\/div><\/div>[\/vc_column][\/vc_row][vc_row][vc_column]<div class=\"ult-spacer spacer-69f3a49698b7e\" data-id=\"69f3a49698b7e\" data-height=\"50\" data-height-mobile=\"50\" data-height-tab=\"50\" data-height-tab-portrait=\"\" data-height-mobile-landscape=\"\" style=\"clear:both;display:block;\"><\/div>[\/vc_column][\/vc_row][vc_row][vc_column]<div class=\"hr-thin style-line\" style=\"width: 100%;border-top-width: 1px;\"><\/div>[\/vc_column][\/vc_row][vc_row][vc_column]<div class=\"ult-spacer spacer-69f3a49698c08\" data-id=\"69f3a49698c08\" data-height=\"40\" data-height-mobile=\"40\" data-height-tab=\"40\" data-height-tab-portrait=\"\" data-height-mobile-landscape=\"\" style=\"clear:both;display:block;\"><\/div><div id=\"ult-carousel-9985336569f3a49698dcd\" class=\"ult-carousel-wrapper   ult_horizontal\" data-gutter=\"15\" data-rtl=\"false\" ><div class=\"ult-carousel-292590037769f3a49698ca6 \" ><div class=\"ult-item-wrap\" data-animation=\"animated no-animation\">\n<div tabindex=\"0\" id=\"interactive-banner-1-wrap-9716\" class=\"ult-banner-block ult-adjust-bottom-margin ult-bb-box ult-banner-block-custom-height banner-style01 \"   style=\"height:250px;\">\n\t<img decoding=\"async\" src=\"https:\/\/nordvallsetikett.com\/wp-content\/uploads\/2021\/10\/191121_0296_nordvalls-scaled.jpg\" alt=\"null\">\n\t<h3  data-ultimate-target='#interactive-banner-1-wrap-9716 .bb-top-title '  data-responsive-json-new='{\"font-size\":\"\",\"line-height\":\"\"}'  class=\"title-center bb-top-title ult-responsive\" style=\"font-weight:normal;background:#1e73be;color:#ffffff;\">Etiketter f\u00f6r kosmetik och sk\u00f6nhet<\/h3>\n\t<div class=\"mask opaque-background\" style=\"background:;\">\n\t\t<div  data-ultimate-target='#interactive-banner-1-wrap-9716 .bb-description'  data-responsive-json-new='{\"font-size\":\"\",\"line-height\":\"\"}'  class=\"bb-description ult-responsive\" style=\"font-weight:normal;color:#ffffff;\">Nordvalls erbjuder etiketter till produkter inom sk\u00f6nhet, hygienartiklar och kosmetik. Etiketter som t\u00e5l att hanteras mycket och vistas i olika milj\u00f6er.<\/div>\n\t<\/div><a class=\"bb-link\" href=\"https:\/\/nordvallsetikett.com\/sv\/etiketter\/etiketter-for-kosmetik-och-skonhet\/\" title=\"Etiketter f\u00f6r kosmetik och sk\u00f6nhet\" ><\/a>\n<\/div><\/div><div class=\"ult-item-wrap\" data-animation=\"animated no-animation\">\n<div tabindex=\"0\" id=\"interactive-banner-1-wrap-4424\" class=\"ult-banner-block ult-adjust-bottom-margin ult-bb-box ult-banner-block-custom-height banner-style01 \"   style=\"height:250px;\">\n\t<img decoding=\"async\" src=\"https:\/\/nordvallsetikett.com\/wp-content\/uploads\/2021\/10\/Nordvalls-041-3.jpg\" alt=\"null\">\n\t<h3  data-ultimate-target='#interactive-banner-1-wrap-4424 .bb-top-title '  data-responsive-json-new='{\"font-size\":\"\",\"line-height\":\"\"}'  class=\"title-center bb-top-title ult-responsive\" style=\"font-weight:normal;background:#1e73be;color:#ffffff;\">Etikett med r\u00e4tt k\u00e4nsla<\/h3>\n\t<div class=\"mask opaque-background\" style=\"background:;\">\n\t\t<div  data-ultimate-target='#interactive-banner-1-wrap-4424 .bb-description'  data-responsive-json-new='{\"font-size\":\"\",\"line-height\":\"\"}'  class=\"bb-description ult-responsive\" style=\"font-weight:normal;color:#ffffff;\">Hur skapar man en etikettdesign som sticker ut? H\u00e4r f\u00e5r du tips p\u00e5 specialeffekter som framh\u00e4ver din etikettdesign genom olika material eller trycktekniker.<\/div>\n\t<\/div><a class=\"bb-link\" href=\"https:\/\/nordvallsetikett.com\/sv\/blogg\/etikett-med-ratt-kansla\/\" title=\"Etikett med r\u00e4tt k\u00e4nsla\" ><\/a>\n<\/div><\/div><div class=\"ult-item-wrap\" data-animation=\"animated no-animation\">\n<div tabindex=\"0\" id=\"interactive-banner-1-wrap-6882\" class=\"ult-banner-block ult-adjust-bottom-margin ult-bb-box ult-banner-block-custom-height banner-style01 \"   style=\"height:250px;\">\n\t<img decoding=\"async\" src=\"https:\/\/nordvallsetikett.com\/wp-content\/uploads\/2018\/06\/Brutal_Brewing-1.jpg\" alt=\"Flasketiketter Nordvalls\">\n\t<h3  data-ultimate-target='#interactive-banner-1-wrap-6882 .bb-top-title '  data-responsive-json-new='{\"font-size\":\"\",\"line-height\":\"\"}'  class=\"title-center bb-top-title ult-responsive\" style=\"font-weight:normal;background:#1e73be;color:#ffffff;\">Etiketter till flaskor, mat och livsmedel<\/h3>\n\t<div class=\"mask opaque-background\" style=\"background:;\">\n\t\t<div  data-ultimate-target='#interactive-banner-1-wrap-6882 .bb-description'  data-responsive-json-new='{\"font-size\":\"\",\"line-height\":\"\"}'  class=\"bb-description ult-responsive\" style=\"font-weight:normal;color:#ffffff;\">Nordvalls erbjuder etiketter f\u00f6r produkter inom livsmedel. Flasketiketter och matetiketter. Etiketter till olika f\u00f6rpackningar och flaskor i olika material.<\/div>\n\t<\/div><a class=\"bb-link\" href=\"https:\/\/nordvallsetikett.com\/sv\/etiketter\/etiketter-mat-dryck-livsmedel\/\" title=\"Etiketter till flaskor, mat och livsmedel\" ><\/a>\n<\/div><\/div><\/div><\/div>\t\t\t<script type=\"text\/javascript\">\n\t\t\t\tjQuery(document).ready(function ($) {\n\t\t\t\t\tif( typeof jQuery('.ult-carousel-292590037769f3a49698ca6').slick == \"function\"){\n\t\t\t\t\t\t$('.ult-carousel-292590037769f3a49698ca6').slick({dots: true,autoplay: true,autoplaySpeed: \"5000\",speed: \"300\",infinite: true,arrows: true,nextArrow: '<button type=\"button\" role=\"button\" aria-label=\"Next\" style=\"color:#333333; font-size:20px;\" class=\"slick-next default\"><i class=\"ultsl-arrow-right4\"><\/i><\/button>',prevArrow: '<button type=\"button\" role=\"button\" aria-label=\"Previous\" style=\"color:#333333; font-size:20px;\" class=\"slick-prev default\"><i class=\"ultsl-arrow-left4\"><\/i><\/button>',slidesToScroll:3,slidesToShow:3,swipe: true,draggable: true,touchMove: true,pauseOnHover: true,pauseOnFocus: false,centerMode: true,responsive: [\n\t\t\t\t\t\t\t{\n\t\t\t\t\t\t\t  breakpoint: 1026,\n\t\t\t\t\t\t\t  settings: {\n\t\t\t\t\t\t\t\tslidesToShow: 3,\n\t\t\t\t\t\t\t\tslidesToScroll: 3,  \n\t\t\t\t\t\t\t  }\n\t\t\t\t\t\t\t},\n\t\t\t\t\t\t\t{\n\t\t\t\t\t\t\t  breakpoint: 1025,\n\t\t\t\t\t\t\t  settings: {\n\t\t\t\t\t\t\t\tslidesToShow: 3,\n\t\t\t\t\t\t\t\tslidesToScroll: 3\n\t\t\t\t\t\t\t  }\n\t\t\t\t\t\t\t},\n\t\t\t\t\t\t\t{\n\t\t\t\t\t\t\t  breakpoint: 760,\n\t\t\t\t\t\t\t  settings: {\n\t\t\t\t\t\t\t\tslidesToShow: 1,\n\t\t\t\t\t\t\t\tslidesToScroll: 1\n\t\t\t\t\t\t\t  }\n\t\t\t\t\t\t\t}\n\t\t\t\t\t\t],pauseOnDotsHover: true,customPaging: function(slider, i) {\n                   return '<i type=\"button\" style= \"color:#333333;\" class=\"ultsl-record\" data-role=\"none\"><\/i>';\n                },});\n\t\t\t\t\t}\n\t\t\t\t});\n\t\t\t<\/script>\n\t\t\t<div class=\"ult-spacer spacer-69f3a4969978a\" data-id=\"69f3a4969978a\" data-height=\"40\" data-height-mobile=\"40\" data-height-tab=\"40\" data-height-tab-portrait=\"\" data-height-mobile-landscape=\"\" style=\"clear:both;display:block;\"><\/div>[\/vc_column][\/vc_row][vc_row bg_type=&#8221;image&#8221; parallax_style=&#8221;vcpb-vz-jquery&#8221; bg_image_new=&#8221;id^2887|url^http:\/\/nordvalls.se\/wp-content\/uploads\/2019\/12\/191121_nordvalls2839.jpg|caption^Vid fr\u00e5gor om bilden, mejla: erika.weiland@apeloga.se|alt^null|title^Vid fr\u00e5gor om bilden, mejla: erika.weiland@apeloga.se|description^null&#8221; bg_image_repeat=&#8221;no-repeat&#8221; bg_override=&#8221;full&#8221; disable_on_mobile_img_parallax=&#8221;disable_on_mobile_img_parallax_value&#8221; fadeout_row=&#8221;fadeout_row_value&#8221; fadeout_start_effect=&#8221;30&#8243; enable_overlay=&#8221;enable_overlay_value&#8221; overlay_color=&#8221;rgba(38,45,55,0.5)&#8221;][vc_column css=&#8221;.vc_custom_1560418610056{padding-top: 150px !important;padding-bottom: 150px !important;}&#8221; offset=&#8221;vc_col-lg-offset-2 vc_col-lg-8&#8243;]<div id=\"ultimate-heading-128469f3a496997fb\" class=\"uvc-heading ult-adjust-bottom-margin ultimate-heading-128469f3a496997fb uvc-4794 \" data-hspacer=\"no_spacer\"  data-halign=\"center\" style=\"text-align:center\"><div class=\"uvc-heading-spacer no_spacer\" style=\"top\"><\/div><div class=\"uvc-main-heading ult-responsive\"  data-ultimate-target='.uvc-heading.ultimate-heading-128469f3a496997fb h3'  data-responsive-json-new='{\"font-size\":\"desktop:25px;\",\"line-height\":\"\"}' ><h3 style=\"font-weight:bold;color:#ffffff;margin-bottom:15px;\">Hittar du inte vad du s\u00f6ker?<\/h3><\/div><div class=\"uvc-sub-heading ult-responsive\"  data-ultimate-target='.uvc-heading.ultimate-heading-128469f3a496997fb .uvc-sub-heading '  data-responsive-json-new='{\"font-size\":\"desktop:20px;\",\"line-height\":\"desktop:34px;\"}'  style=\"font-weight:bold;color:#ffffff;margin-bottom:20px;\"><span style=\"font-weight: 400;\">\u00a0Tveka inte att kontakta v\u00e5r kundsupport. De hj\u00e4lper dig g\u00e4rna hitta r\u00e4tt etikett.<\/span><\/div><\/div><style type=\"text\/css\" data-type=\"the7_shortcodes-inline-css\">#default-btn-4c4b552b7bcb9d921221e8770e53199b.ico-right-side > i {\n  margin-right: 0px;\n  margin-left: 8px;\n}\n#default-btn-4c4b552b7bcb9d921221e8770e53199b > i {\n  margin-right: 8px;\n}<\/style><div class=\"btn-align-center\"><a href=\"https:\/\/nordvallsetikett.com\/sv\/forfragan\/\" class=\"default-btn-shortcode dt-btn dt-btn-l link-hover-off \" id=\"default-btn-4c4b552b7bcb9d921221e8770e53199b\" style=\"width:400px;\"><span>Kontakta Nordvalls kundsupport<\/span><\/a><\/div>[\/vc_column][\/vc_row][vc_row full_width=&#8221;stretch_row_content_no_spaces&#8221; content_placement=&#8221;top&#8221; css=&#8221;.vc_custom_1666618146969{margin-bottom: -10px !important;padding-top: 30px !important;padding-bottom: 30px !important;}&#8221;][vc_column]<div class=\"ult-spacer spacer-69f3a4969993e\" data-id=\"69f3a4969993e\" data-height=\"50\" data-height-mobile=\"50\" data-height-tab=\"50\" data-height-tab-portrait=\"\" data-height-mobile-landscape=\"\" style=\"clear:both;display:block;\"><\/div>[vc_row_inner][vc_column_inner offset=&#8221;vc_hidden-md vc_hidden-sm vc_hidden-xs&#8221;]<style type=\"text\/css\" data-type=\"the7_shortcodes-inline-css\">.shortcode-single-image-wrap.shortcode-single-image-83c89b7f66747fddec6aaac3057c2f34.enable-bg-rollover .rollover i,\n.shortcode-single-image-wrap.shortcode-single-image-83c89b7f66747fddec6aaac3057c2f34.enable-bg-rollover .rollover-video i {\n  background: -webkit-linear-gradient();\n  background: linear-gradient();\n}\n.shortcode-single-image-wrap.shortcode-single-image-83c89b7f66747fddec6aaac3057c2f34 .rollover-icon {\n  font-size: 32px;\n  color: #ffffff;\n  min-width: 44px;\n  min-height: 44px;\n  line-height: 44px;\n  border-radius: 100px;\n  border-style: solid;\n  border-width: 0px;\n}\n.dt-icon-bg-on.shortcode-single-image-wrap.shortcode-single-image-83c89b7f66747fddec6aaac3057c2f34 .rollover-icon {\n  background: rgba(255,255,255,0.3);\n  box-shadow: none;\n}<\/style><div class=\"shortcode-single-image-wrap shortcode-single-image-83c89b7f66747fddec6aaac3057c2f34 alignnone  enable-bg-rollover dt-icon-bg-off\" style=\"margin-top:0px; margin-bottom:0px; margin-left:0px; margin-right:0px;\"><div class=\"shortcode-single-image\"><div class=\"fancy-media-wrap  layzr-bg\" style=\"\"><img decoding=\"async\" class=\"preload-me lazy-load aspect\" src=\"data:image\/svg+xml,%3Csvg%20xmlns%3D&#39;http%3A%2F%2Fwww.w3.org%2F2000%2Fsvg&#39;%20viewBox%3D&#39;0%200%205167%20209&#39;%2F%3E\" data-src=\"https:\/\/nordvallsetikett.com\/wp-content\/uploads\/2022\/10\/PID-webb_1240x50.png\" data-srcset=\"https:\/\/nordvallsetikett.com\/wp-content\/uploads\/2022\/10\/PID-webb_1240x50.png 5167w\" loading=\"eager\" sizes=\"(max-width: 5167px) 100vw, 5167px\" width=\"5167\" height=\"209\"  data-dt-location=\"https:\/\/nordvallsetikett.com\/sv\/nordvalls-etikett\/attachment\/pid-webb_1240x50\/\" style=\"--ratio: 5167 \/ 209;\" alt=\"\" \/><\/div><\/div><\/div>[\/vc_column_inner][\/vc_row_inner][vc_row_inner][vc_column_inner offset=&#8221;vc_hidden-lg vc_hidden-sm vc_hidden-xs&#8221;]<style type=\"text\/css\" data-type=\"the7_shortcodes-inline-css\">.shortcode-single-image-wrap.shortcode-single-image-aeb28617e015042d4ab4209c43ba07c6.enable-bg-rollover .rollover i,\n.shortcode-single-image-wrap.shortcode-single-image-aeb28617e015042d4ab4209c43ba07c6.enable-bg-rollover .rollover-video i {\n  background: -webkit-linear-gradient();\n  background: linear-gradient();\n}\n.shortcode-single-image-wrap.shortcode-single-image-aeb28617e015042d4ab4209c43ba07c6 .rollover-icon {\n  font-size: 32px;\n  color: #ffffff;\n  min-width: 44px;\n  min-height: 44px;\n  line-height: 44px;\n  border-radius: 100px;\n  border-style: solid;\n  border-width: 0px;\n}\n.dt-icon-bg-on.shortcode-single-image-wrap.shortcode-single-image-aeb28617e015042d4ab4209c43ba07c6 .rollover-icon {\n  background: rgba(255,255,255,0.3);\n  box-shadow: none;\n}<\/style><div class=\"shortcode-single-image-wrap shortcode-single-image-aeb28617e015042d4ab4209c43ba07c6 alignnone  enable-bg-rollover dt-icon-bg-off\" style=\"margin-top:0px; margin-bottom:0px; margin-left:0px; margin-right:0px;\"><div class=\"shortcode-single-image\"><div class=\"fancy-media-wrap  layzr-bg\" style=\"\"><img decoding=\"async\" class=\"preload-me lazy-load aspect\" src=\"data:image\/svg+xml,%3Csvg%20xmlns%3D&#39;http%3A%2F%2Fwww.w3.org%2F2000%2Fsvg&#39;%20viewBox%3D&#39;0%200%204267%20209&#39;%2F%3E\" data-src=\"https:\/\/nordvallsetikett.com\/wp-content\/uploads\/2022\/10\/PID-webb_1024x50-3.png\" data-srcset=\"https:\/\/nordvallsetikett.com\/wp-content\/uploads\/2022\/10\/PID-webb_1024x50-3.png 4267w\" loading=\"eager\" sizes=\"(max-width: 4267px) 100vw, 4267px\" width=\"4267\" height=\"209\"  data-dt-location=\"https:\/\/nordvallsetikett.com\/sv\/nordvalls-etikett\/attachment\/pid-webb_1024x50-3\/\" style=\"--ratio: 4267 \/ 209;\" alt=\"\" \/><\/div><\/div><\/div>[\/vc_column_inner][\/vc_row_inner][vc_row_inner][vc_column_inner offset=&#8221;vc_hidden-lg vc_hidden-md&#8221;]<style type=\"text\/css\" data-type=\"the7_shortcodes-inline-css\">.shortcode-single-image-wrap.shortcode-single-image-d514bf09736879d26a77950ae0aca57d.enable-bg-rollover .rollover i,\n.shortcode-single-image-wrap.shortcode-single-image-d514bf09736879d26a77950ae0aca57d.enable-bg-rollover .rollover-video i {\n  background: -webkit-linear-gradient();\n  background: linear-gradient();\n}\n.shortcode-single-image-wrap.shortcode-single-image-d514bf09736879d26a77950ae0aca57d .rollover-icon {\n  font-size: 32px;\n  color: #ffffff;\n  min-width: 44px;\n  min-height: 44px;\n  line-height: 44px;\n  border-radius: 100px;\n  border-style: solid;\n  border-width: 0px;\n}\n.dt-icon-bg-on.shortcode-single-image-wrap.shortcode-single-image-d514bf09736879d26a77950ae0aca57d .rollover-icon {\n  background: rgba(255,255,255,0.3);\n  box-shadow: none;\n}<\/style><div class=\"shortcode-single-image-wrap shortcode-single-image-d514bf09736879d26a77950ae0aca57d alignnone  enable-bg-rollover dt-icon-bg-off\" style=\"margin-top:0px; margin-bottom:0px; margin-left:0px; margin-right:0px;\"><div class=\"shortcode-single-image\"><div class=\"fancy-media-wrap  layzr-bg\" style=\"\"><img decoding=\"async\" class=\"preload-me lazy-load aspect\" src=\"data:image\/svg+xml,%3Csvg%20xmlns%3D&#39;http%3A%2F%2Fwww.w3.org%2F2000%2Fsvg&#39;%20viewBox%3D&#39;0%200%201563%20209&#39;%2F%3E\" data-src=\"https:\/\/nordvallsetikett.com\/wp-content\/uploads\/2022\/10\/PID-webb_375x50.png\" data-srcset=\"https:\/\/nordvallsetikett.com\/wp-content\/uploads\/2022\/10\/PID-webb_375x50.png 1563w\" loading=\"eager\" sizes=\"(max-width: 1563px) 100vw, 1563px\" width=\"1563\" height=\"209\"  data-dt-location=\"https:\/\/nordvallsetikett.com\/sv\/nordvalls-etikett\/attachment\/pid-webb_375x50\/\" style=\"--ratio: 1563 \/ 209;\" alt=\"\" \/><\/div><\/div><\/div>[\/vc_column_inner][\/vc_row_inner][\/vc_column][\/vc_row][vc_column][\/vc_column][vc_column][\/vc_column]<\/p>\n<\/div>","protected":false},"excerpt":{"rendered":"<p>[vc_row][vc_column width=&#8221;1\/2&#8243;][vc_column_text] Mer etikett med In Mould Labels In Mould Labels \u00e4r etiketter som, ist\u00e4llet f\u00f6r att appliceras med adhesiv, gjuts fast med v\u00e4rme p\u00e5 en f\u00f6rpackning eller produkt. Med In Mould Labels f\u00e5r du en st\u00f6rre yta att arbeta med n\u00e4r det kommer till f\u00f6rpackningsdesignen eftersom tekniken g\u00f6r att en stor del av f\u00f6rpackningen&hellip;<\/p>\n","protected":false},"author":1,"featured_media":0,"parent":2632,"menu_order":0,"comment_status":"closed","ping_status":"closed","template":"","meta":{"footnotes":""},"class_list":["post-2737","page","type-page","status-publish","hentry","description-off"],"_links":{"self":[{"href":"https:\/\/nordvallsetikett.com\/sv\/wp-json\/wp\/v2\/pages\/2737","targetHints":{"allow":["GET"]}}],"collection":[{"href":"https:\/\/nordvallsetikett.com\/sv\/wp-json\/wp\/v2\/pages"}],"about":[{"href":"https:\/\/nordvallsetikett.com\/sv\/wp-json\/wp\/v2\/types\/page"}],"author":[{"embeddable":true,"href":"https:\/\/nordvallsetikett.com\/sv\/wp-json\/wp\/v2\/users\/1"}],"replies":[{"embeddable":true,"href":"https:\/\/nordvallsetikett.com\/sv\/wp-json\/wp\/v2\/comments?post=2737"}],"version-history":[{"count":18,"href":"https:\/\/nordvallsetikett.com\/sv\/wp-json\/wp\/v2\/pages\/2737\/revisions"}],"predecessor-version":[{"id":8364,"href":"https:\/\/nordvallsetikett.com\/sv\/wp-json\/wp\/v2\/pages\/2737\/revisions\/8364"}],"up":[{"embeddable":true,"href":"https:\/\/nordvallsetikett.com\/sv\/wp-json\/wp\/v2\/pages\/2632"}],"wp:attachment":[{"href":"https:\/\/nordvallsetikett.com\/sv\/wp-json\/wp\/v2\/media?parent=2737"}],"curies":[{"name":"wp","href":"https:\/\/api.w.org\/{rel}","templated":true}]}}