{"id":2753,"date":"2019-11-18T19:49:07","date_gmt":"2019-11-18T19:49:07","guid":{"rendered":"https:\/\/beta.nordvalls.se\/?page_id=2753"},"modified":"2025-10-31T12:04:06","modified_gmt":"2025-10-31T12:04:06","slug":"etiketter-for-lakemedel","status":"publish","type":"page","link":"https:\/\/nordvallsetikett.com\/sv\/etiketter\/etiketter-for-lakemedel\/","title":{"rendered":"Etiketter f\u00f6r l\u00e4kemedel"},"content":{"rendered":"<div class=\"wpb-content-wrapper\"><p>[vc_row][vc_column width=&#8221;1\/2&#8243;][vc_column_text]<\/p>\n<h2>Vi levererar etiketter \u00e5t l\u00e4kemedelsindustrin<\/h2>\n<p>Nordvalls har varit leverant\u00f6r till kunder inom l\u00e4kemedelsindustrin i m\u00e5nga \u00e5r. Det g\u00f6r att vi \u00e4r v\u00e4l f\u00f6rtrogna med regelverk kring hygien, kvalitet och s\u00e4kerhet. V\u00e5r produktion av l\u00e4kemedelsetiketter h\u00e5lls avskild fr\u00e5n \u00f6vrig etikettproduktion f\u00f6r att s\u00e4kerst\u00e4lla en h\u00f6g hygienisk niv\u00e5 i tillverkningen.<\/p>\n<p>Med Nordvalls som leverant\u00f6r kan du som jobbar f\u00f6r ett l\u00e4kemedelsf\u00f6retag eller \u00e4r leverant\u00f6r till l\u00e4kemedelsindustrin k\u00e4nna dig trygg. V\u00e5r produktion \u00e4r sedan m\u00e5nga \u00e5r tillbaka anpassad f\u00f6r att leva upp till branschens h\u00f6gt st\u00e4llda krav. Som tryckeri arbetar vi enligt god tillverkningssed och \u00e4r mycket noggranna med kvalitet och s\u00e4kerhet i alla led.<\/p>\n<p>Hos oss p\u00e5 Nordvalls hittar du ett brett sortiment och utbud av material och adhesiv utformade f\u00f6r att tillgodose de krav som din verksamhet har att f\u00f6rh\u00e5lla sig till. V\u00e5r Key Account Manager f\u00f6r l\u00e4kemedel och pharma, Jeanette Ericsson, ber\u00e4ttar g\u00e4rna mer om hur vi kan tillgodose din verksamhets specifika behov och utmaningar. Kontakta g\u00e4rna henne f\u00f6r ett samtal om hur vi kan skapa v\u00e4rde f\u00f6r just er.[\/vc_column_text]<div class=\"ult-spacer spacer-69e22c8f72ff7\" data-id=\"69e22c8f72ff7\" data-height=\"50\" data-height-mobile=\"50\" data-height-tab=\"50\" data-height-tab-portrait=\"\" data-height-mobile-landscape=\"\" style=\"clear:both;display:block;\"><\/div>[vc_column_text css=&#8221;.vc_custom_1580390922672{border-left-width: 5px !important;padding-left: 20px !important;border-left-color: #1e73be !important;border-left-style: solid !important;}&#8221;]<\/p>\n<h4>V\u00e5r produktion \u00e4r sedan m\u00e5nga \u00e5r tillbaka anpassad f\u00f6r att leva upp till branschens h\u00f6gt st\u00e4llda krav.<\/h4>\n<p>[\/vc_column_text][\/vc_column][vc_column width=&#8221;1\/2&#8243;]<style type=\"text\/css\" data-type=\"the7_shortcodes-inline-css\">.shortcode-single-image-wrap.shortcode-single-image-6cca8330e4791df2b45343fbfb760329.enable-bg-rollover .rollover i,\n.shortcode-single-image-wrap.shortcode-single-image-6cca8330e4791df2b45343fbfb760329.enable-bg-rollover .rollover-video i {\n  background: -webkit-linear-gradient();\n  background: linear-gradient();\n}\n.shortcode-single-image-wrap.shortcode-single-image-6cca8330e4791df2b45343fbfb760329 .rollover-icon {\n  font-size: 32px;\n  color: #ffffff;\n  min-width: 44px;\n  min-height: 44px;\n  line-height: 44px;\n  border-radius: 100px;\n  border-style: solid;\n  border-width: 0px;\n}\n.dt-icon-bg-on.shortcode-single-image-wrap.shortcode-single-image-6cca8330e4791df2b45343fbfb760329 .rollover-icon {\n  background: rgba(255,255,255,0.3);\n  box-shadow: none;\n}<\/style><div class=\"shortcode-single-image-wrap shortcode-single-image-6cca8330e4791df2b45343fbfb760329 alignnone  vc_custom_1580843823462 enable-bg-rollover dt-icon-bg-off\" ><div class=\"shortcode-single-image\"><div class=\"fancy-media-wrap  layzr-bg\" style=\"border-radius:40px;\"><img fetchpriority=\"high\" decoding=\"async\" class=\"preload-me lazy-load aspect\" src=\"data:image\/svg+xml,%3Csvg%20xmlns%3D&#39;http%3A%2F%2Fwww.w3.org%2F2000%2Fsvg&#39;%20viewBox%3D&#39;0%200%20400%20400&#39;%2F%3E\" data-src=\"https:\/\/nordvallsetikett.com\/wp-content\/uploads\/2019\/02\/Pharma_600px-400x400.jpg\" data-srcset=\"https:\/\/nordvallsetikett.com\/wp-content\/uploads\/2019\/02\/Pharma_600px-400x400.jpg 400w, https:\/\/nordvallsetikett.com\/wp-content\/uploads\/2019\/02\/Pharma_600px.jpg 600w\" loading=\"eager\" sizes=\"(max-width: 400px) 100vw, 400px\" width=\"400\" height=\"400\"  data-dt-location=\"https:\/\/nordvallsetikett.com\/sv\/nyheter\/forst-i-skandinavien-med-hp-v12\/attachment\/pharma_600px\/\" style=\"--ratio: 400 \/ 400;border-radius:40px;\" alt=\"\" \/><\/div><\/div><\/div>[vc_row_inner][vc_column_inner]<div class=\"ult-spacer spacer-69e22c8f74fba\" data-id=\"69e22c8f74fba\" data-height=\"50\" data-height-mobile=\"50\" data-height-tab=\"50\" data-height-tab-portrait=\"\" data-height-mobile-landscape=\"\" style=\"clear:both;display:block;\"><\/div>[\/vc_column_inner][\/vc_row_inner][vc_column_text]<\/p>\n<h3 style=\"text-align: center;\">Vi ber\u00e4ttar g\u00e4rna mer!<\/h3>\n<p>[\/vc_column_text]<style type=\"text\/css\" data-type=\"the7_shortcodes-inline-css\">.dt-team-shortcode.team-masonry-shortcode-id-a6e34d0725fea3f1adbe0844d7fceeba .team-desc {\n  padding: 20px 20px 20px 20px;\n}\n.dt-team-shortcode.team-masonry-shortcode-id-a6e34d0725fea3f1adbe0844d7fceeba .team-author-name,\n.dt-team-shortcode.team-masonry-shortcode-id-a6e34d0725fea3f1adbe0844d7fceeba .team-author-name a {\n  margin-bottom: 0px;\n  font-weight: bold;\n}\n.dt-team-shortcode.team-masonry-shortcode-id-a6e34d0725fea3f1adbe0844d7fceeba .team-author p {\n  margin-bottom: 10px;\n  font-weight: bold;\n}\n.dt-team-shortcode.team-masonry-shortcode-id-a6e34d0725fea3f1adbe0844d7fceeba  .team-media {\n  padding: 20px 20px 20px 20px;\n}\n.dt-team-shortcode.team-masonry-shortcode-id-a6e34d0725fea3f1adbe0844d7fceeba  .team-media a,\n.dt-team-shortcode.team-masonry-shortcode-id-a6e34d0725fea3f1adbe0844d7fceeba  .team-media > span,\n.dt-team-shortcode.team-masonry-shortcode-id-a6e34d0725fea3f1adbe0844d7fceeba  .team-media img {\n  max-width: 200px;\n}\n.dt-team-shortcode.team-masonry-shortcode-id-a6e34d0725fea3f1adbe0844d7fceeba .dt-css-grid .team-media img {\n  width: 200px;\n  max-width: 100%;\n}\n.dt-team-shortcode.team-masonry-shortcode-id-a6e34d0725fea3f1adbe0844d7fceeba .team-content {\n  margin-bottom: 5px;\n}\n.dt-team-shortcode.team-masonry-shortcode-id-a6e34d0725fea3f1adbe0844d7fceeba  .team-media,\n.dt-team-shortcode.team-masonry-shortcode-id-a6e34d0725fea3f1adbe0844d7fceeba  .team-media a.rollover,\n.dt-team-shortcode.team-masonry-shortcode-id-a6e34d0725fea3f1adbe0844d7fceeba  .team-media a.rollover *,\n.dt-team-shortcode.team-masonry-shortcode-id-a6e34d0725fea3f1adbe0844d7fceeba  .team-media img {\n  border-radius: 40px;\n}\n.dt-team-shortcode.team-masonry-shortcode-id-a6e34d0725fea3f1adbe0844d7fceeba .soc-ico {\n  margin-bottom: 15px;\n}\n.dt-team-shortcode.team-masonry-shortcode-id-a6e34d0725fea3f1adbe0844d7fceeba .soc-ico a {\n  min-width: 26px;\n  min-height: 26px;\n  font-size: 16px;\n  border-radius: 100px;\n}\n.dt-team-shortcode.team-masonry-shortcode-id-a6e34d0725fea3f1adbe0844d7fceeba .soc-ico a:not(:last-child) {\n  margin-right: 4px;\n}\n.dt-team-shortcode.team-masonry-shortcode-id-a6e34d0725fea3f1adbe0844d7fceeba .soc-ico a:before,\n.dt-team-shortcode.team-masonry-shortcode-id-a6e34d0725fea3f1adbe0844d7fceeba .soc-ico a:after {\n  min-width: 26px;\n  min-height: 26px;\n  padding: inherit;\n}\n.dt-icon-border-on.dt-team-shortcode.team-masonry-shortcode-id-a6e34d0725fea3f1adbe0844d7fceeba .soc-ico a:before {\n  border: 0px solid transparent;\n}\n.dt-team-shortcode.team-masonry-shortcode-id-a6e34d0725fea3f1adbe0844d7fceeba .soc-ico a:hover {\n  font-size: 16px;\n}\n#page .dt-team-shortcode.team-masonry-shortcode-id-a6e34d0725fea3f1adbe0844d7fceeba .soc-ico a:hover .soc-font-icon {\n  color: rgba(255,255,255,0.75);\n  background: none;\n}\n.dt-icon-border-hover-on.dt-team-shortcode.team-masonry-shortcode-id-a6e34d0725fea3f1adbe0844d7fceeba .soc-ico a:after {\n  border: 0px solid transparent;\n}\n#page .dt-team-shortcode.team-masonry-shortcode-id-a6e34d0725fea3f1adbe0844d7fceeba .soc-ico a:not(:hover) .soc-font-icon {\n  color: #ffffff;\n  background: none;\n}\n.dt-team-shortcode.team-masonry-shortcode-id-a6e34d0725fea3f1adbe0844d7fceeba .soc-ico a .soc-font-icon {\n  font-size: 16px;\n}\n.dt-team-shortcode.team-masonry-shortcode-id-a6e34d0725fea3f1adbe0844d7fceeba .filter-bg-decoration .filter-categories a.act {\n  color: #fff;\n}\n.dt-team-shortcode.team-masonry-shortcode-id-a6e34d0725fea3f1adbe0844d7fceeba:not(.resize-by-browser-width) .dt-css-grid {\n  grid-row-gap: 30px;\n  grid-column-gap: 30px;\n  grid-template-columns: repeat(auto-fill,minmax(,1fr));\n}\n.cssgridlegacy.no-cssgrid .dt-team-shortcode.team-masonry-shortcode-id-a6e34d0725fea3f1adbe0844d7fceeba:not(.resize-by-browser-width) .dt-css-grid,\n.no-cssgridlegacy.no-cssgrid .dt-team-shortcode.team-masonry-shortcode-id-a6e34d0725fea3f1adbe0844d7fceeba:not(.resize-by-browser-width) .dt-css-grid {\n  display: flex;\n  flex-flow: row wrap;\n  margin: -15px;\n}\n.cssgridlegacy.no-cssgrid .dt-team-shortcode.team-masonry-shortcode-id-a6e34d0725fea3f1adbe0844d7fceeba:not(.resize-by-browser-width) .dt-css-grid .wf-cell,\n.no-cssgridlegacy.no-cssgrid .dt-team-shortcode.team-masonry-shortcode-id-a6e34d0725fea3f1adbe0844d7fceeba:not(.resize-by-browser-width) .dt-css-grid .wf-cell {\n  flex: 1 0 ;\n  max-width: 100%;\n  padding: 15px;\n  box-sizing: border-box;\n}\n.dt-team-shortcode.team-masonry-shortcode-id-a6e34d0725fea3f1adbe0844d7fceeba.resize-by-browser-width .dt-css-grid {\n  grid-template-columns: repeat(1,1fr);\n  grid-template-rows: auto;\n  grid-column-gap: 30px;\n  grid-row-gap: 30px;\n}\n.cssgridlegacy.no-cssgrid .dt-team-shortcode.team-masonry-shortcode-id-a6e34d0725fea3f1adbe0844d7fceeba.resize-by-browser-width .dt-css-grid,\n.no-cssgridlegacy.no-cssgrid .dt-team-shortcode.team-masonry-shortcode-id-a6e34d0725fea3f1adbe0844d7fceeba.resize-by-browser-width .dt-css-grid {\n  margin: -15px;\n}\n.cssgridlegacy.no-cssgrid .dt-team-shortcode.team-masonry-shortcode-id-a6e34d0725fea3f1adbe0844d7fceeba.resize-by-browser-width .dt-css-grid .wf-cell,\n.no-cssgridlegacy.no-cssgrid .dt-team-shortcode.team-masonry-shortcode-id-a6e34d0725fea3f1adbe0844d7fceeba.resize-by-browser-width .dt-css-grid .wf-cell {\n  width: 100%;\n  padding: 15px;\n}\n@media screen and (max-width: 1199px) {\n  .dt-team-shortcode.team-masonry-shortcode-id-a6e34d0725fea3f1adbe0844d7fceeba.resize-by-browser-width .dt-css-grid {\n    grid-template-columns: repeat(1,1fr);\n  }\n  .cssgridlegacy.no-cssgrid .dt-team-shortcode.team-masonry-shortcode-id-a6e34d0725fea3f1adbe0844d7fceeba.resize-by-browser-width .dt-css-grid .wf-cell,\n  .no-cssgridlegacy.no-cssgrid .dt-team-shortcode.team-masonry-shortcode-id-a6e34d0725fea3f1adbe0844d7fceeba.resize-by-browser-width .dt-css-grid .wf-cell {\n    width: 100%;\n  }\n}\n@media screen and (max-width: 991px) {\n  .dt-team-shortcode.team-masonry-shortcode-id-a6e34d0725fea3f1adbe0844d7fceeba.resize-by-browser-width .dt-css-grid {\n    grid-template-columns: repeat(1,1fr);\n  }\n  .cssgridlegacy.no-cssgrid .dt-team-shortcode.team-masonry-shortcode-id-a6e34d0725fea3f1adbe0844d7fceeba.resize-by-browser-width .dt-css-grid .wf-cell,\n  .no-cssgridlegacy.no-cssgrid .dt-team-shortcode.team-masonry-shortcode-id-a6e34d0725fea3f1adbe0844d7fceeba.resize-by-browser-width .dt-css-grid .wf-cell {\n    width: 100%;\n  }\n}\n@media screen and (max-width: 767px) {\n  .dt-team-shortcode.team-masonry-shortcode-id-a6e34d0725fea3f1adbe0844d7fceeba.resize-by-browser-width .dt-css-grid {\n    grid-template-columns: repeat(1,1fr);\n  }\n  .cssgridlegacy.no-cssgrid .dt-team-shortcode.team-masonry-shortcode-id-a6e34d0725fea3f1adbe0844d7fceeba.resize-by-browser-width .dt-css-grid .wf-cell,\n  .no-cssgridlegacy.no-cssgrid .dt-team-shortcode.team-masonry-shortcode-id-a6e34d0725fea3f1adbe0844d7fceeba.resize-by-browser-width .dt-css-grid .wf-cell {\n    width: 100%;\n  }\n}<\/style><div class=\"dt-team-masonry-shortcode dt-team-shortcode team-masonry-shortcode-id-a6e34d0725fea3f1adbe0844d7fceeba loading-effect-none mode-grid jquery-filter content-align-center dt-css-grid-wrap dt-css-grid-wrap disable-bg-rollover dt-icon-bg-on dt-icon-border-on dt-icon-hover-bg-on dt-icon-border-hover-on move-icons-under-position resize-by-browser-width  \" data-padding=\"15px\" data-cur-page=\"1\" data-post-limit=\"-1\" data-pagination-mode=\"none\" data-desktop-columns-num=\"1\" data-v-tablet-columns-num=\"1\" data-h-tablet-columns-num=\"1\" data-phone-columns-num=\"1\" data-width=\"0px\" data-columns=\"0\"><div class=\"dt-css-grid\" ><div class=\"visible wf-cell\" data-post-id=\"3199\" data-date=\"2020-01-29T14:50:19+00:00\" data-name=\"Jeanette Ericsson\"><div class=\"team-container visible post post-3199 dt_team type-dt_team status-publish has-post-thumbnail hentry dt_team_category-salj dt_team_category-28\"><div class=\"team-media\"><span><img decoding=\"async\" class=\"preload-me iso-lazy-load aspect\" src=\"data:image\/svg+xml,%3Csvg%20xmlns%3D&#39;http%3A%2F%2Fwww.w3.org%2F2000%2Fsvg&#39;%20viewBox%3D&#39;0%200%201707%201707&#39;%2F%3E\" data-src=\"https:\/\/nordvallsetikett.com\/wp-content\/uploads\/2020\/01\/220125_0016_Nordvalls-1-scaled-1707x1707.jpg\" data-srcset=\"https:\/\/nordvallsetikett.com\/wp-content\/uploads\/2020\/01\/220125_0016_Nordvalls-1-scaled-1707x1707.jpg 1707w\" loading=\"eager\" style=\"--ratio: 1707 \/ 1707\" sizes=\"(max-width: 1707px) 100vw, 1707px\" width=\"1707\" height=\"1707\"  title=\"220125_0016_Nordvalls-1\" alt=\"Nordvalls Jeanette Ericsson\" \/><\/span><\/div><div class=\"team-desc\"><div class=\"team-author\"><div class=\"team-author-name\">Jeanette Ericsson<\/div><p>Key Account Manager Pharma<\/p><\/div><div class=\"team-content\">\n<p><meta charset=\"utf-8\"><a href=\"mailto:jeanette.ericsson@nordvalls.se\">jeanette.ericsson@nordvalls.se<\/a><\/p>\n\n\n\n<p><a href=\"tel:0101691714\">010 169 17 14<\/a><\/p>\n\n\n\n<p><meta charset=\"utf-8\"><\/p>\n\n\n\n<p><\/p>\n\n\n\n<p><\/p>\n<\/div><\/div><\/div><\/div><\/div><!-- iso-container|iso-grid --><\/div><div class=\"ult-spacer spacer-69e22c8f77aee\" data-id=\"69e22c8f77aee\" data-height=\"50\" data-height-mobile=\"50\" data-height-tab=\"50\" data-height-tab-portrait=\"\" data-height-mobile-landscape=\"\" style=\"clear:both;display:block;\"><\/div>[\/vc_column][\/vc_row][vc_row][vc_column]<div class=\"hr-thin style-line\" style=\"width: 100%;border-top-width: 1px;\"><\/div>[\/vc_column][\/vc_row][vc_row][vc_column]<div class=\"ult-spacer spacer-69e22c8f77b94\" data-id=\"69e22c8f77b94\" data-height=\"40\" data-height-mobile=\"40\" data-height-tab=\"40\" data-height-tab-portrait=\"\" data-height-mobile-landscape=\"\" style=\"clear:both;display:block;\"><\/div><div id=\"ult-carousel-20569732569e22c8f77d7f\" class=\"ult-carousel-wrapper   ult_horizontal\" data-gutter=\"15\" data-rtl=\"false\" ><div class=\"ult-carousel-200736711769e22c8f77c36 \" ><div class=\"ult-item-wrap\" data-animation=\"animated no-animation\">\n<div tabindex=\"0\" id=\"interactive-banner-1-wrap-7255\" class=\"ult-banner-block ult-adjust-bottom-margin ult-bb-box ult-banner-block-custom-height banner-style01 \"   style=\"height:250px;\">\n\t<img decoding=\"async\" src=\"https:\/\/nordvallsetikett.com\/wp-content\/uploads\/2020\/04\/Nordvalls-la\u0308kemedelsetikett-scaled.jpg\" alt=\"Nordvalls-la\u0308kemedelsetikett\">\n\t<h3  data-ultimate-target='#interactive-banner-1-wrap-7255 .bb-top-title '  data-responsive-json-new='{\"font-size\":\"\",\"line-height\":\"\"}'  class=\"title-center bb-top-title ult-responsive\" style=\"font-weight:normal;background:#1e73be;color:#ffffff;\">S\u00e4kerhetsetiketter<\/h3>\n\t<div class=\"mask opaque-background\" style=\"background:;\">\n\t\t<div  data-ultimate-target='#interactive-banner-1-wrap-7255 .bb-description'  data-responsive-json-new='{\"font-size\":\"\",\"line-height\":\"\"}'  class=\"bb-description ult-responsive\" style=\"font-weight:normal;color:#ffffff;\">L\u00e4kemedelsindustrin p\u00e5verkas av m\u00e5nga regler och f\u00f6reskrifter f\u00f6r s\u00e4ker hantering. Med s\u00e4kerhetsetiketter \u00e4r du s\u00e4ker p\u00e5 om en produkt har \u00f6ppnats.<\/div>\n\t<\/div><a class=\"bb-link\" href=\"https:\/\/nordvallsetikett.com\/sv\/etiketter\/sakerhetsetiketter\/\" title=\"S\u00e4kerhetsetiketter\" ><\/a>\n<\/div><\/div><div class=\"ult-item-wrap\" data-animation=\"animated no-animation\">\n<div tabindex=\"0\" id=\"interactive-banner-1-wrap-8900\" class=\"ult-banner-block ult-adjust-bottom-margin ult-bb-box ult-banner-block-custom-height banner-style01 \"   style=\"height:250px;\">\n\t<img decoding=\"async\" src=\"https:\/\/nordvallsetikett.com\/wp-content\/uploads\/2020\/01\/220125_0016_Nordvalls-1-scaled.jpg\" alt=\"Nordvalls Jeanette Ericsson\">\n\t<h3  data-ultimate-target='#interactive-banner-1-wrap-8900 .bb-top-title '  data-responsive-json-new='{\"font-size\":\"\",\"line-height\":\"\"}'  class=\"title-center bb-top-title ult-responsive\" style=\"font-weight:normal;background:#1e73be;color:#ffffff;\">Intervju med Jeanette Ericsson<\/h3>\n\t<div class=\"mask opaque-background\" style=\"background:;\">\n\t\t<div  data-ultimate-target='#interactive-banner-1-wrap-8900 .bb-description'  data-responsive-json-new='{\"font-size\":\"\",\"line-height\":\"\"}'  class=\"bb-description ult-responsive\" style=\"font-weight:normal;color:#ffffff;\">Jeanette Ericsson som jobbar som Key Account Manager Pharma p\u00e5 Nordvalls \u00e4r expert p\u00e5 l\u00e4kemedelsetiketter och dess h\u00f6ga krav - l\u00e4s mer h\u00e4r!<\/div>\n\t<\/div><a class=\"bb-link\" href=\"https:\/\/nordvallsetikett.com\/sv\/blogg\/kvalitetssakra-din-lakemedelsetikett-intervju-med-jeanette-ericsson\/\" title=\"Intervju med Jeanette Ericsson\" ><\/a>\n<\/div><\/div><div class=\"ult-item-wrap\" data-animation=\"animated no-animation\">\n<div tabindex=\"0\" id=\"interactive-banner-1-wrap-3786\" class=\"ult-banner-block ult-adjust-bottom-margin ult-bb-box ult-banner-block-custom-height banner-style01 \"   style=\"height:250px;\">\n\t<img decoding=\"async\" src=\"https:\/\/nordvallsetikett.com\/wp-content\/uploads\/2020\/02\/maskin-etikettryckeri.jpg\" alt=\"null\">\n\t<h3  data-ultimate-target='#interactive-banner-1-wrap-3786 .bb-top-title '  data-responsive-json-new='{\"font-size\":\"\",\"line-height\":\"\"}'  class=\"title-center bb-top-title ult-responsive\" style=\"font-weight:normal;background:#1e73be;color:#ffffff;\">Sprutetiketter<\/h3>\n\t<div class=\"mask opaque-background\" style=\"background:;\">\n\t\t<div  data-ultimate-target='#interactive-banner-1-wrap-3786 .bb-description'  data-responsive-json-new='{\"font-size\":\"\",\"line-height\":\"\"}'  class=\"bb-description ult-responsive\" style=\"font-weight:normal;color:#ffffff;\">Sprutetiketter \u00e4r en vanlig etikett med en viktig funktion. Vi har sprutetiketter som \u00e4r vita, delvis vita, delvis f\u00e4rgade eller helt f\u00e4rgade.<\/div>\n\t<\/div><a class=\"bb-link\" href=\"https:\/\/nordvallsetikett.com\/sv\/etiketter\/sprutetiketter\/\" title=\"Sprutetiketter\" ><\/a>\n<\/div><\/div><\/div><\/div>\t\t\t<script type=\"text\/javascript\">\n\t\t\t\tjQuery(document).ready(function ($) {\n\t\t\t\t\tif( typeof jQuery('.ult-carousel-200736711769e22c8f77c36').slick == \"function\"){\n\t\t\t\t\t\t$('.ult-carousel-200736711769e22c8f77c36').slick({dots: true,autoplay: true,autoplaySpeed: \"5000\",speed: \"300\",infinite: true,arrows: true,nextArrow: '<button type=\"button\" role=\"button\" aria-label=\"Next\" style=\"color:#333333; font-size:20px;\" class=\"slick-next default\"><i class=\"ultsl-arrow-right4\"><\/i><\/button>',prevArrow: '<button type=\"button\" role=\"button\" aria-label=\"Previous\" style=\"color:#333333; font-size:20px;\" class=\"slick-prev default\"><i class=\"ultsl-arrow-left4\"><\/i><\/button>',slidesToScroll:3,slidesToShow:3,swipe: true,draggable: true,touchMove: true,pauseOnHover: true,pauseOnFocus: false,centerMode: true,responsive: [\n\t\t\t\t\t\t\t{\n\t\t\t\t\t\t\t  breakpoint: 1026,\n\t\t\t\t\t\t\t  settings: {\n\t\t\t\t\t\t\t\tslidesToShow: 3,\n\t\t\t\t\t\t\t\tslidesToScroll: 3,  \n\t\t\t\t\t\t\t  }\n\t\t\t\t\t\t\t},\n\t\t\t\t\t\t\t{\n\t\t\t\t\t\t\t  breakpoint: 1025,\n\t\t\t\t\t\t\t  settings: {\n\t\t\t\t\t\t\t\tslidesToShow: 3,\n\t\t\t\t\t\t\t\tslidesToScroll: 3\n\t\t\t\t\t\t\t  }\n\t\t\t\t\t\t\t},\n\t\t\t\t\t\t\t{\n\t\t\t\t\t\t\t  breakpoint: 760,\n\t\t\t\t\t\t\t  settings: {\n\t\t\t\t\t\t\t\tslidesToShow: 1,\n\t\t\t\t\t\t\t\tslidesToScroll: 1\n\t\t\t\t\t\t\t  }\n\t\t\t\t\t\t\t}\n\t\t\t\t\t\t],pauseOnDotsHover: true,customPaging: function(slider, i) {\n                   return '<i type=\"button\" style= \"color:#333333;\" class=\"ultsl-record\" data-role=\"none\"><\/i>';\n                },});\n\t\t\t\t\t}\n\t\t\t\t});\n\t\t\t<\/script>\n\t\t\t<div class=\"ult-spacer spacer-69e22c8f78586\" data-id=\"69e22c8f78586\" data-height=\"40\" data-height-mobile=\"40\" data-height-tab=\"40\" data-height-tab-portrait=\"\" data-height-mobile-landscape=\"\" style=\"clear:both;display:block;\"><\/div>[\/vc_column][\/vc_row][vc_column][\/vc_column][vc_column][\/vc_column]<\/p>\n<p>[vc_row full_width=&#8221;stretch_row_content&#8221; content_placement=&#8221;middle&#8221;][vc_column offset=&#8221;vc_hidden-sm vc_col-xs-12 vc_hidden-xs&#8221;][vc_separator color=&#8221;black&#8221; css=&#8221;&#8221;][vc_row_inner equal_height=&#8221;yes&#8221; content_placement=&#8221;middle&#8221;][vc_column_inner width=&#8221;1\/5&#8243;][vc_single_image image=&#8221;10645&#8243; img_size=&#8221;80&#215;80&#8243; alignment=&#8221;center&#8221; css=&#8221;&#8221; image_hovers=&#8221;false&#8221;][\/vc_column_inner][vc_column_inner width=&#8221;1\/5&#8243; offset=&#8221;vc_hidden-sm vc_hidden-xs&#8221;][\/vc_column_inner][vc_column_inner width=&#8221;1\/5&#8243; offset=&#8221;vc_hidden-sm vc_hidden-xs&#8221;][\/vc_column_inner][vc_column_inner width=&#8221;1\/5&#8243; offset=&#8221;vc_hidden-sm vc_hidden-xs&#8221;][\/vc_column_inner][vc_column_inner width=&#8221;1\/5&#8243;][vc_single_image image=&#8221;10650&#8243; img_size=&#8221;medium&#8221; alignment=&#8221;center&#8221; css=&#8221;&#8221; image_hovers=&#8221;false&#8221;][\/vc_column_inner][\/vc_row_inner]<div class=\"ult-spacer spacer-69e22c8f785b9\" data-id=\"69e22c8f785b9\" data-height=\"\" data-height-mobile=\"10\" data-height-tab=\"\" data-height-tab-portrait=\"\" data-height-mobile-landscape=\"10\" style=\"clear:both;display:block;\"><\/div>[\/vc_column][\/vc_row][vc_row full_width=&#8221;stretch_row_content&#8221; content_placement=&#8221;middle&#8221;][vc_column offset=&#8221;vc_hidden-lg vc_hidden-md vc_col-xs-12&#8243;][vc_separator color=&#8221;black&#8221; css=&#8221;&#8221;][vc_row_inner equal_height=&#8221;yes&#8221; content_placement=&#8221;middle&#8221;][vc_column_inner][vc_single_image image=&#8221;10918&#8243; img_size=&#8221;340&#215;80&#8243; alignment=&#8221;center&#8221; css=&#8221;&#8221; image_hovers=&#8221;false&#8221;][\/vc_column_inner][\/vc_row_inner][\/vc_column][\/vc_row]<\/p>\n<\/div>","protected":false},"excerpt":{"rendered":"<p>[vc_row][vc_column width=&#8221;1\/2&#8243;][vc_column_text] Vi levererar etiketter \u00e5t l\u00e4kemedelsindustrin Nordvalls har varit leverant\u00f6r till kunder inom l\u00e4kemedelsindustrin i m\u00e5nga \u00e5r. Det g\u00f6r att vi \u00e4r v\u00e4l f\u00f6rtrogna med regelverk kring hygien, kvalitet och s\u00e4kerhet. V\u00e5r produktion av l\u00e4kemedelsetiketter h\u00e5lls avskild fr\u00e5n \u00f6vrig etikettproduktion f\u00f6r att s\u00e4kerst\u00e4lla en h\u00f6g hygienisk niv\u00e5 i tillverkningen. Med Nordvalls som leverant\u00f6r kan&hellip;<\/p>\n","protected":false},"author":1,"featured_media":0,"parent":2632,"menu_order":0,"comment_status":"closed","ping_status":"closed","template":"","meta":{"footnotes":""},"class_list":["post-2753","page","type-page","status-publish","hentry","description-off"],"_links":{"self":[{"href":"https:\/\/nordvallsetikett.com\/sv\/wp-json\/wp\/v2\/pages\/2753","targetHints":{"allow":["GET"]}}],"collection":[{"href":"https:\/\/nordvallsetikett.com\/sv\/wp-json\/wp\/v2\/pages"}],"about":[{"href":"https:\/\/nordvallsetikett.com\/sv\/wp-json\/wp\/v2\/types\/page"}],"author":[{"embeddable":true,"href":"https:\/\/nordvallsetikett.com\/sv\/wp-json\/wp\/v2\/users\/1"}],"replies":[{"embeddable":true,"href":"https:\/\/nordvallsetikett.com\/sv\/wp-json\/wp\/v2\/comments?post=2753"}],"version-history":[{"count":23,"href":"https:\/\/nordvallsetikett.com\/sv\/wp-json\/wp\/v2\/pages\/2753\/revisions"}],"predecessor-version":[{"id":10960,"href":"https:\/\/nordvallsetikett.com\/sv\/wp-json\/wp\/v2\/pages\/2753\/revisions\/10960"}],"up":[{"embeddable":true,"href":"https:\/\/nordvallsetikett.com\/sv\/wp-json\/wp\/v2\/pages\/2632"}],"wp:attachment":[{"href":"https:\/\/nordvallsetikett.com\/sv\/wp-json\/wp\/v2\/media?parent=2753"}],"curies":[{"name":"wp","href":"https:\/\/api.w.org\/{rel}","templated":true}]}}