{"id":2755,"date":"2019-11-18T19:49:41","date_gmt":"2019-11-18T19:49:41","guid":{"rendered":"https:\/\/beta.nordvalls.se\/?page_id=2755"},"modified":"2025-10-31T12:04:42","modified_gmt":"2025-10-31T12:04:42","slug":"etiketter-for-kosmetik-och-skonhet","status":"publish","type":"page","link":"https:\/\/nordvallsetikett.com\/sv\/etiketter\/etiketter-for-kosmetik-och-skonhet\/","title":{"rendered":"Etiketter f\u00f6r kosmetik och sk\u00f6nhet"},"content":{"rendered":"<div class=\"wpb-content-wrapper\"><p>[vc_row][vc_column width=&#8221;1\/2&#8243;][vc_column_text]<\/p>\n<h2><span style=\"font-weight: 400;\">Etiketten \u00e4r viktig inom kosmetik och sk\u00f6nhet<\/span><\/h2>\n<p><span style=\"font-weight: 400;\">Etiketter f\u00f6r kosmetik och sk\u00f6nhetsprodukter spelar ofta en mycket viktig roll. P\u00e5 etiketten ges information om produktens f\u00f6rdelar och anv\u00e4ndningsomr\u00e5de, men den kommunicerar ocks\u00e5 sj\u00e4lva varum\u00e4rket. Utformningen av etiketten \u00e4r allts\u00e5 v\u00e4ldigt viktig. Det \u00e4r h\u00e4r ett bra etikettryckeri kommer in i bilden.<\/span><\/p>\n<p><span style=\"font-weight: 400;\">F\u00f6r att ge ditt varum\u00e4rke de b\u00e4sta f\u00f6ruts\u00e4ttningarna att f\u00f6rmedla sitt budskap \u00e4r det viktigt att etiketten h\u00e5ller r\u00e4tt kvalitet. Etiketter f\u00f6r kosmetik och sk\u00f6nhetsprodukter m\u00e5ste ofta vara gjorda f\u00f6r att t\u00e5la att hanteras mycket. De b\u00f6r ocks\u00e5 vara anpassade f\u00f6r att t\u00e5la att vistas i olika typer av milj\u00f6er. Vad st\u00e5r ert varum\u00e4rke f\u00f6r? Hur vill ni uppfattas? Se v\u00e5r <a href=\"https:\/\/nordvallsetikett.com\/sv\/blogg\/etiketter-for-hygien-och-hudvard-som-haller-hela-vagen-till-badrumsskapet\/\">artikel och checklista f\u00f6r hygien- och hudv\u00e5rdsetiketter<\/a>, d\u00e4r vi ber\u00e4ttar med om t\u00e5lighet och passande utseende.<\/span>[\/vc_column_text][\/vc_column][vc_column width=&#8221;1\/2&#8243;]<style type=\"text\/css\" data-type=\"the7_shortcodes-inline-css\">.shortcode-single-image-wrap.shortcode-single-image-3d2e40b95a6a6d80ffc3ddc640c2dbc2.enable-bg-rollover .rollover i,\n.shortcode-single-image-wrap.shortcode-single-image-3d2e40b95a6a6d80ffc3ddc640c2dbc2.enable-bg-rollover .rollover-video i {\n  background: -webkit-linear-gradient();\n  background: linear-gradient();\n}\n.shortcode-single-image-wrap.shortcode-single-image-3d2e40b95a6a6d80ffc3ddc640c2dbc2 .rollover-icon {\n  font-size: 32px;\n  color: #ffffff;\n  min-width: 44px;\n  min-height: 44px;\n  line-height: 44px;\n  border-radius: 100px;\n  border-style: solid;\n  border-width: 0px;\n}\n.dt-icon-bg-on.shortcode-single-image-wrap.shortcode-single-image-3d2e40b95a6a6d80ffc3ddc640c2dbc2 .rollover-icon {\n  background: rgba(255,255,255,0.3);\n  box-shadow: none;\n}<\/style><div class=\"shortcode-single-image-wrap shortcode-single-image-3d2e40b95a6a6d80ffc3ddc640c2dbc2 alignnone  vc_custom_1580843771075 enable-bg-rollover dt-icon-bg-off\" ><div class=\"shortcode-single-image\"><div class=\"fancy-media-wrap  layzr-bg\" style=\"border-radius:40px;\"><img fetchpriority=\"high\" decoding=\"async\" class=\"preload-me lazy-load aspect\" src=\"data:image\/svg+xml,%3Csvg%20xmlns%3D&#39;http%3A%2F%2Fwww.w3.org%2F2000%2Fsvg&#39;%20viewBox%3D&#39;0%200%20500%20333&#39;%2F%3E\" data-src=\"https:\/\/nordvallsetikett.com\/wp-content\/uploads\/2019\/12\/191121_0296_nordvalls-500x333.jpg\" data-srcset=\"https:\/\/nordvallsetikett.com\/wp-content\/uploads\/2019\/12\/191121_0296_nordvalls-500x333.jpg 500w, https:\/\/nordvallsetikett.com\/wp-content\/uploads\/2019\/12\/191121_0296_nordvalls-1000x666.jpg 1000w\" loading=\"eager\" sizes=\"(max-width: 500px) 100vw, 500px\" width=\"500\" height=\"333\"  data-dt-location=\"https:\/\/nordvallsetikett.com\/sv\/nyheter\/forst-i-skandinavien-med-hp-v12\/attachment\/vid-fragor-om-bilden-skriv-till-christian-anderssonapeloga-se-6\/\" style=\"--ratio: 500 \/ 333;border-radius:40px;\" alt=\"Etiketter sk\u00f6nhet kosmetik Nordvalls\" \/><\/div><\/div><\/div>[\/vc_column][\/vc_row][vc_row][vc_column]<div class=\"ult-spacer spacer-69e7eef4451d2\" data-id=\"69e7eef4451d2\" data-height=\"100\" data-height-mobile=\"50\" data-height-tab=\"\" data-height-tab-portrait=\"\" data-height-mobile-landscape=\"\" style=\"clear:both;display:block;\"><\/div>[vc_row_inner][vc_column_inner width=&#8221;1\/4&#8243;][\/vc_column_inner][vc_column_inner width=&#8221;1\/2&#8243;][vc_column_text css=&#8221;.vc_custom_1580391007113{border-left-width: 5px !important;padding-left: 20px !important;border-left-color: #1e73be !important;border-left-style: solid !important;}&#8221;]<\/p>\n<h4>F\u00f6r att ge ditt varum\u00e4rke de b\u00e4sta f\u00f6ruts\u00e4ttningarna att f\u00f6rmedla sitt budskap \u00e4r det viktigt att etiketten h\u00e5ller r\u00e4tt kvalitet.<\/h4>\n<p>[\/vc_column_text][\/vc_column_inner][vc_column_inner width=&#8221;1\/4&#8243;][\/vc_column_inner][\/vc_row_inner]<div class=\"ult-spacer spacer-69e7eef44520c\" data-id=\"69e7eef44520c\" data-height=\"100\" data-height-mobile=\"50\" data-height-tab=\"\" data-height-tab-portrait=\"\" data-height-mobile-landscape=\"\" style=\"clear:both;display:block;\"><\/div>[vc_row_inner][vc_column_inner width=&#8221;1\/2&#8243;]<style type=\"text\/css\" data-type=\"the7_shortcodes-inline-css\">.shortcode-single-image-wrap.shortcode-single-image-d4ef1d1d4ea5fc792f0d52b9f7476a47.enable-bg-rollover .rollover i,\n.shortcode-single-image-wrap.shortcode-single-image-d4ef1d1d4ea5fc792f0d52b9f7476a47.enable-bg-rollover .rollover-video i {\n  background: -webkit-linear-gradient();\n  background: linear-gradient();\n}\n.shortcode-single-image-wrap.shortcode-single-image-d4ef1d1d4ea5fc792f0d52b9f7476a47 .rollover-icon {\n  font-size: 32px;\n  color: #ffffff;\n  min-width: 44px;\n  min-height: 44px;\n  line-height: 44px;\n  border-radius: 100px;\n  border-style: solid;\n  border-width: 0px;\n}\n.dt-icon-bg-on.shortcode-single-image-wrap.shortcode-single-image-d4ef1d1d4ea5fc792f0d52b9f7476a47 .rollover-icon {\n  background: rgba(255,255,255,0.3);\n  box-shadow: none;\n}<\/style><div class=\"shortcode-single-image-wrap shortcode-single-image-d4ef1d1d4ea5fc792f0d52b9f7476a47 alignnone  vc_custom_1586858890072 enable-bg-rollover dt-icon-bg-off\" ><div class=\"shortcode-single-image\"><div class=\"fancy-media-wrap  layzr-bg\" style=\"border-radius:40px;\"><img decoding=\"async\" class=\"preload-me lazy-load aspect\" src=\"data:image\/svg+xml,%3Csvg%20xmlns%3D&#39;http%3A%2F%2Fwww.w3.org%2F2000%2Fsvg&#39;%20viewBox%3D&#39;0%200%20500%20333&#39;%2F%3E\" data-src=\"https:\/\/nordvallsetikett.com\/wp-content\/uploads\/2020\/04\/Nordvalls-Etiketter-kosmetik-sko\u0308nhet-scaled-500x333.jpg\" data-srcset=\"https:\/\/nordvallsetikett.com\/wp-content\/uploads\/2020\/04\/Nordvalls-Etiketter-kosmetik-sko\u0308nhet-scaled-500x333.jpg 500w, https:\/\/nordvallsetikett.com\/wp-content\/uploads\/2020\/04\/Nordvalls-Etiketter-kosmetik-sko\u0308nhet-scaled-1000x666.jpg 1000w\" loading=\"eager\" sizes=\"(max-width: 500px) 100vw, 500px\" width=\"500\" height=\"333\"  data-dt-location=\"https:\/\/nordvallsetikett.com\/sv\/etiketter\/etiketter-for-kosmetik-och-skonhet\/attachment\/nordvalls-etiketter-kosmetik-sko%cc%88nhet\/\" style=\"--ratio: 500 \/ 333;border-radius:40px;\" alt=\"Nordvalls Etiketter kosmetik sko\u0308nhet\" \/><\/div><\/div><\/div>[\/vc_column_inner][vc_column_inner width=&#8221;1\/2&#8243;][vc_column_text]<\/p>\n<h2><span style=\"font-weight: 400;\">Etiketter f\u00f6r kosmetik och sk\u00f6nhetsprodukter ska t\u00e5la olika f\u00f6ruts\u00e4ttningar<\/span><\/h2>\n<p>Produkter som f\u00f6rvaras vid h\u00f6g luftfuktighet och som kommer i kontakt med vatten beh\u00f6ver vara utformade med r\u00e4tt material och adhesiv f\u00f6r att t\u00e5la dessa omst\u00e4ndigheter. Men produkterna ska inte bara t\u00e5la omst\u00e4ndigheterna, det \u00e4r viktigt att etiketten beh\u00e5ller sitt utseende och sin form och framf\u00f6r allt g\u00e5r att informationen p\u00e5 etiketten g\u00e5r attt l\u00e4sa. Vilket material du v\u00e4ljer p\u00e5verkar h\u00e5llbarheten, men valet av tryckmetod kan ocks\u00e5 spela in.<\/p>\n<p><span style=\"font-weight: 400;\">V\u00e5ra s\u00e4ljare har bra koll p\u00e5 faktorerna som spelar roll vid tryck av etiketter. Ett r\u00e5dgivande samtal med dem \u00e4r oftast tid v\u00e4l investerad.\u00a0<\/span>[\/vc_column_text][\/vc_column_inner][\/vc_row_inner][\/vc_column][\/vc_row][vc_row][vc_column]<div class=\"ult-spacer spacer-69e7eef445d50\" data-id=\"69e7eef445d50\" data-height=\"100\" data-height-mobile=\"50\" data-height-tab=\"\" data-height-tab-portrait=\"\" data-height-mobile-landscape=\"\" style=\"clear:both;display:block;\"><\/div>[vc_row_inner][vc_column_inner width=&#8221;1\/4&#8243;][\/vc_column_inner][vc_column_inner width=&#8221;1\/2&#8243;][vc_column_text css=&#8221;.vc_custom_1580391058751{border-left-width: 5px !important;padding-left: 20px !important;border-left-color: #1e73be !important;border-left-style: solid !important;}&#8221;]<\/p>\n<h4>V\u00e5ra s\u00e4ljare har bra koll p\u00e5 faktorerna som spelar roll vid tryck av etiketter.<\/h4>\n<p>[\/vc_column_text]<div class=\"ult-spacer spacer-69e7eef445d8f\" data-id=\"69e7eef445d8f\" data-height=\"100\" data-height-mobile=\"50\" data-height-tab=\"\" data-height-tab-portrait=\"\" data-height-mobile-landscape=\"\" style=\"clear:both;display:block;\"><\/div><style type=\"text\/css\" data-type=\"the7_shortcodes-inline-css\">#default-btn-a461027c5b2486954802aef72ac9f958.ico-right-side > i {\n  margin-right: 0px;\n  margin-left: 8px;\n}\n#default-btn-a461027c5b2486954802aef72ac9f958 > i {\n  margin-right: 8px;\n}<\/style><div class=\"btn-align-center\"><a href=\"https:\/\/nordvallsetikett.com\/sv\/kontakt\/\" class=\"default-btn-shortcode dt-btn dt-btn-l link-hover-off \" id=\"default-btn-a461027c5b2486954802aef72ac9f958\"><span>Kontakta din s\u00e4ljare h\u00e4r!<\/span><\/a><\/div><div class=\"ult-spacer spacer-69e7eef445e9d\" data-id=\"69e7eef445e9d\" data-height=\"50\" data-height-mobile=\"50\" data-height-tab=\"\" data-height-tab-portrait=\"\" data-height-mobile-landscape=\"\" style=\"clear:both;display:block;\"><\/div>[\/vc_column_inner][vc_column_inner width=&#8221;1\/4&#8243;][\/vc_column_inner][\/vc_row_inner][vc_column_inner width=&#8221;1\/6&#8243;][\/vc_column_inner][vc_column_inner width=&#8221;2\/3&#8243; css=&#8221;.vc_custom_1580916028854{margin-bottom: 20px !important;}&#8221;][\/vc_column_inner][\/vc_column][\/vc_row][vc_row][vc_column]<div class=\"hr-thin style-line\" style=\"width: 100%;border-top-width: 1px;\"><\/div>[\/vc_column][\/vc_row][vc_row][vc_column]<div class=\"ult-spacer spacer-69e7eef445f18\" data-id=\"69e7eef445f18\" data-height=\"40\" data-height-mobile=\"40\" data-height-tab=\"40\" data-height-tab-portrait=\"\" data-height-mobile-landscape=\"\" style=\"clear:both;display:block;\"><\/div><div id=\"ult-carousel-19396234969e7eef4460fc\" class=\"ult-carousel-wrapper   ult_horizontal\" data-gutter=\"15\" data-rtl=\"false\" ><div class=\"ult-carousel-230205703769e7eef445fb2 \" ><div class=\"ult-item-wrap\" data-animation=\"animated no-animation\">\n<div tabindex=\"0\" id=\"interactive-banner-1-wrap-8460\" class=\"ult-banner-block ult-adjust-bottom-margin ult-bb-box ult-banner-block-custom-height banner-style01 \"   style=\"height:250px;\">\n\t<img decoding=\"async\" src=\"https:\/\/nordvallsetikett.com\/wp-content\/uploads\/2021\/10\/Nordvalls-041-3.jpg\" alt=\"null\">\n\t<h3  data-ultimate-target='#interactive-banner-1-wrap-8460 .bb-top-title '  data-responsive-json-new='{\"font-size\":\"\",\"line-height\":\"\"}'  class=\"title-center bb-top-title ult-responsive\" style=\"font-weight:normal;background:#1e73be;color:#ffffff;\">Etikett med r\u00e4tt k\u00e4nsla<\/h3>\n\t<div class=\"mask opaque-background\" style=\"background:;\">\n\t\t<div  data-ultimate-target='#interactive-banner-1-wrap-8460 .bb-description'  data-responsive-json-new='{\"font-size\":\"\",\"line-height\":\"\"}'  class=\"bb-description ult-responsive\" style=\"font-weight:normal;color:#ffffff;\">Etiketten \u00e4r produktens ansikte ut\u00e5t och b\u00f6r uppfylla praktisk funktion likv\u00e4l som den b\u00f6r sticka ut bland konkurrenterna i butikshyllorna.<\/div>\n\t<\/div><a class=\"bb-link\" href=\"https:\/\/nordvallsetikett.com\/sv\/blogg\/etikett-med-ratt-kansla\/\" title=\"Etikett med r\u00e4tt k\u00e4nsla\" ><\/a>\n<\/div><\/div><div class=\"ult-item-wrap\" data-animation=\"animated no-animation\">\n<div tabindex=\"0\" id=\"interactive-banner-1-wrap-3122\" class=\"ult-banner-block ult-adjust-bottom-margin ult-bb-box ult-banner-block-custom-height banner-style01 \"   style=\"height:250px;\">\n\t<img decoding=\"async\" src=\"https:\/\/nordvallsetikett.com\/wp-content\/uploads\/2021\/10\/191121_0296_nordvalls-scaled.jpg\" alt=\"null\">\n\t<h3  data-ultimate-target='#interactive-banner-1-wrap-3122 .bb-top-title '  data-responsive-json-new='{\"font-size\":\"\",\"line-height\":\"\"}'  class=\"title-center bb-top-title ult-responsive\" style=\"font-weight:normal;background:#1e73be;color:#ffffff;\">In Mould Lables<\/h3>\n\t<div class=\"mask opaque-background\" style=\"background:;\">\n\t\t<div  data-ultimate-target='#interactive-banner-1-wrap-3122 .bb-description'  data-responsive-json-new='{\"font-size\":\"\",\"line-height\":\"\"}'  class=\"bb-description ult-responsive\" style=\"font-weight:normal;color:#ffffff;\">Med In Mould Labels f\u00e5r du en st\u00f6rre yta att arbeta med n\u00e4r det kommer till f\u00f6rpackningsdesignen eftersom tekniken g\u00f6r att en stor del av f\u00f6rpackningen t\u00e4cks.<\/div>\n\t<\/div><a class=\"bb-link\" href=\"https:\/\/nordvallsetikett.com\/sv\/etiketter\/in-mould-labels\/\" title=\"In mould lables\" ><\/a>\n<\/div><\/div><div class=\"ult-item-wrap\" data-animation=\"animated no-animation\">\n<div tabindex=\"0\" id=\"interactive-banner-1-wrap-6359\" class=\"ult-banner-block ult-adjust-bottom-margin ult-bb-box ult-banner-block-custom-height banner-style01 \"   style=\"height:250px;\">\n\t<img decoding=\"async\" src=\"https:\/\/nordvallsetikett.com\/wp-content\/uploads\/2022\/01\/Nordvalls-073-scaled.jpg\" alt=\"Nordvalls etiketter\">\n\t<h3  data-ultimate-target='#interactive-banner-1-wrap-6359 .bb-top-title '  data-responsive-json-new='{\"font-size\":\"\",\"line-height\":\"\"}'  class=\"title-center bb-top-title ult-responsive\" style=\"font-weight:normal;background:#1e73be;color:#ffffff;\">Trivs din etikett i duschen?<\/h3>\n\t<div class=\"mask opaque-background\" style=\"background:;\">\n\t\t<div  data-ultimate-target='#interactive-banner-1-wrap-6359 .bb-description'  data-responsive-json-new='{\"font-size\":\"\",\"line-height\":\"\"}'  class=\"bb-description ult-responsive\" style=\"font-weight:normal;color:#ffffff;\">M\u00e5nga produkter riskerar att bli bl\u00f6ta dagligen. Hur g\u00f6r man d\u00e5 om man har en pappersetikett och samtidigt en produkt som riskerar att bli fuktig eller bl\u00f6t?<\/div>\n\t<\/div><a class=\"bb-link\" href=\"https:\/\/nordvallsetikett.com\/sv\/blogg\/hur-vattenresistent-ar-din-etikett-trivs-din-etikett-i-duschen\/\" title=\"Vattenresistenta etiketter\" ><\/a>\n<\/div><\/div><\/div><\/div>\t\t\t<script type=\"text\/javascript\">\n\t\t\t\tjQuery(document).ready(function ($) {\n\t\t\t\t\tif( typeof jQuery('.ult-carousel-230205703769e7eef445fb2').slick == \"function\"){\n\t\t\t\t\t\t$('.ult-carousel-230205703769e7eef445fb2').slick({dots: true,autoplay: true,autoplaySpeed: \"5000\",speed: \"300\",infinite: true,arrows: true,nextArrow: '<button type=\"button\" role=\"button\" aria-label=\"Next\" style=\"color:#333333; font-size:20px;\" class=\"slick-next default\"><i class=\"ultsl-arrow-right4\"><\/i><\/button>',prevArrow: '<button type=\"button\" role=\"button\" aria-label=\"Previous\" style=\"color:#333333; font-size:20px;\" class=\"slick-prev default\"><i class=\"ultsl-arrow-left4\"><\/i><\/button>',slidesToScroll:3,slidesToShow:3,swipe: true,draggable: true,touchMove: true,pauseOnHover: true,pauseOnFocus: false,centerMode: true,responsive: [\n\t\t\t\t\t\t\t{\n\t\t\t\t\t\t\t  breakpoint: 1026,\n\t\t\t\t\t\t\t  settings: {\n\t\t\t\t\t\t\t\tslidesToShow: 3,\n\t\t\t\t\t\t\t\tslidesToScroll: 3,  \n\t\t\t\t\t\t\t  }\n\t\t\t\t\t\t\t},\n\t\t\t\t\t\t\t{\n\t\t\t\t\t\t\t  breakpoint: 1025,\n\t\t\t\t\t\t\t  settings: {\n\t\t\t\t\t\t\t\tslidesToShow: 3,\n\t\t\t\t\t\t\t\tslidesToScroll: 3\n\t\t\t\t\t\t\t  }\n\t\t\t\t\t\t\t},\n\t\t\t\t\t\t\t{\n\t\t\t\t\t\t\t  breakpoint: 760,\n\t\t\t\t\t\t\t  settings: {\n\t\t\t\t\t\t\t\tslidesToShow: 1,\n\t\t\t\t\t\t\t\tslidesToScroll: 1\n\t\t\t\t\t\t\t  }\n\t\t\t\t\t\t\t}\n\t\t\t\t\t\t],pauseOnDotsHover: true,customPaging: function(slider, i) {\n                   return '<i type=\"button\" style= \"color:#333333;\" class=\"ultsl-record\" data-role=\"none\"><\/i>';\n                },});\n\t\t\t\t\t}\n\t\t\t\t});\n\t\t\t<\/script>\n\t\t\t<div class=\"ult-spacer spacer-69e7eef446abb\" data-id=\"69e7eef446abb\" data-height=\"40\" data-height-mobile=\"40\" data-height-tab=\"40\" data-height-tab-portrait=\"\" data-height-mobile-landscape=\"\" style=\"clear:both;display:block;\"><\/div>[\/vc_column][\/vc_row][vc_column][\/vc_column][vc_column][\/vc_column]<\/p>\n<p>[vc_row full_width=&#8221;stretch_row_content&#8221; content_placement=&#8221;middle&#8221;][vc_column offset=&#8221;vc_hidden-sm vc_col-xs-12 vc_hidden-xs&#8221;][vc_separator color=&#8221;black&#8221; css=&#8221;&#8221;][vc_row_inner equal_height=&#8221;yes&#8221; content_placement=&#8221;middle&#8221;][vc_column_inner width=&#8221;1\/5&#8243;][vc_single_image image=&#8221;10645&#8243; img_size=&#8221;80&#215;80&#8243; alignment=&#8221;center&#8221; css=&#8221;&#8221; image_hovers=&#8221;false&#8221;][\/vc_column_inner][vc_column_inner width=&#8221;1\/5&#8243; offset=&#8221;vc_hidden-sm vc_hidden-xs&#8221;][\/vc_column_inner][vc_column_inner width=&#8221;1\/5&#8243; offset=&#8221;vc_hidden-sm vc_hidden-xs&#8221;][\/vc_column_inner][vc_column_inner width=&#8221;1\/5&#8243; offset=&#8221;vc_hidden-sm vc_hidden-xs&#8221;][\/vc_column_inner][vc_column_inner width=&#8221;1\/5&#8243;][vc_single_image image=&#8221;10650&#8243; img_size=&#8221;medium&#8221; alignment=&#8221;center&#8221; css=&#8221;&#8221; image_hovers=&#8221;false&#8221;][\/vc_column_inner][\/vc_row_inner]<div class=\"ult-spacer spacer-69e7eef446af3\" data-id=\"69e7eef446af3\" data-height=\"\" data-height-mobile=\"10\" data-height-tab=\"\" data-height-tab-portrait=\"\" data-height-mobile-landscape=\"10\" style=\"clear:both;display:block;\"><\/div>[\/vc_column][\/vc_row][vc_row full_width=&#8221;stretch_row_content&#8221; content_placement=&#8221;middle&#8221;][vc_column offset=&#8221;vc_hidden-lg vc_hidden-md vc_col-xs-12&#8243;][vc_separator color=&#8221;black&#8221; css=&#8221;&#8221;][vc_row_inner equal_height=&#8221;yes&#8221; content_placement=&#8221;middle&#8221;][vc_column_inner][vc_single_image image=&#8221;10918&#8243; img_size=&#8221;340&#215;80&#8243; alignment=&#8221;center&#8221; css=&#8221;&#8221; image_hovers=&#8221;false&#8221;][\/vc_column_inner][\/vc_row_inner][\/vc_column][\/vc_row]<\/p>\n<\/div>","protected":false},"excerpt":{"rendered":"<p>[vc_row][vc_column width=&#8221;1\/2&#8243;][vc_column_text] Etiketten \u00e4r viktig inom kosmetik och sk\u00f6nhet Etiketter f\u00f6r kosmetik och sk\u00f6nhetsprodukter spelar ofta en mycket viktig roll. P\u00e5 etiketten ges information om produktens f\u00f6rdelar och anv\u00e4ndningsomr\u00e5de, men den kommunicerar ocks\u00e5 sj\u00e4lva varum\u00e4rket. Utformningen av etiketten \u00e4r allts\u00e5 v\u00e4ldigt viktig. Det \u00e4r h\u00e4r ett bra etikettryckeri kommer in i bilden. F\u00f6r att ge&hellip;<\/p>\n","protected":false},"author":1,"featured_media":0,"parent":2632,"menu_order":0,"comment_status":"closed","ping_status":"closed","template":"","meta":{"footnotes":""},"class_list":["post-2755","page","type-page","status-publish","hentry","description-off"],"_links":{"self":[{"href":"https:\/\/nordvallsetikett.com\/sv\/wp-json\/wp\/v2\/pages\/2755","targetHints":{"allow":["GET"]}}],"collection":[{"href":"https:\/\/nordvallsetikett.com\/sv\/wp-json\/wp\/v2\/pages"}],"about":[{"href":"https:\/\/nordvallsetikett.com\/sv\/wp-json\/wp\/v2\/types\/page"}],"author":[{"embeddable":true,"href":"https:\/\/nordvallsetikett.com\/sv\/wp-json\/wp\/v2\/users\/1"}],"replies":[{"embeddable":true,"href":"https:\/\/nordvallsetikett.com\/sv\/wp-json\/wp\/v2\/comments?post=2755"}],"version-history":[{"count":54,"href":"https:\/\/nordvallsetikett.com\/sv\/wp-json\/wp\/v2\/pages\/2755\/revisions"}],"predecessor-version":[{"id":10961,"href":"https:\/\/nordvallsetikett.com\/sv\/wp-json\/wp\/v2\/pages\/2755\/revisions\/10961"}],"up":[{"embeddable":true,"href":"https:\/\/nordvallsetikett.com\/sv\/wp-json\/wp\/v2\/pages\/2632"}],"wp:attachment":[{"href":"https:\/\/nordvallsetikett.com\/sv\/wp-json\/wp\/v2\/media?parent=2755"}],"curies":[{"name":"wp","href":"https:\/\/api.w.org\/{rel}","templated":true}]}}