{"id":3337,"date":"2020-02-04T18:21:05","date_gmt":"2020-02-04T18:21:05","guid":{"rendered":"https:\/\/beta.nordvalls.se\/?page_id=3337"},"modified":"2023-12-29T11:23:15","modified_gmt":"2023-12-29T11:23:15","slug":"kvalitetspolicy","status":"publish","type":"page","link":"https:\/\/nordvallsetikett.com\/sv\/nordvalls-etikett\/om-nordvalls\/hallbarhet\/kvalitetspolicy\/","title":{"rendered":"Kvalitetspolicy"},"content":{"rendered":"<div class=\"wpb-content-wrapper\"><p>[vc_row][vc_column][vc_row_inner content_placement=&#8221;middle&#8221;][vc_column_inner width=&#8221;1\/2&#8243;][vc_column_text]NORDVALLS ETIKETT AB s\u00e4tter alltid kunden i fokus, v\u00e5r service, produktkvalitet och leveranss\u00e4kerhet ska alltid vara s\u00e5 god att den f\u00f6rtj\u00e4nar och vinner kundernas f\u00f6rtroende f\u00f6r oss som producent av etiketter och specialtryck.<\/p>\n<p>F\u00f6r att st\u00e4rka v\u00e5r st\u00e4llning p\u00e5 marknaden skapar vi f\u00f6rtroende hos v\u00e5ra kunder genom v\u00e5rt kunnande och v\u00e5r vilja att uppfylla deras krav. Detta uppn\u00e5r vi genom medarbetarnas professionalism och engagemang, l\u00f6pande utbildning ett v\u00e4l utformat verksamhetssystem och ett st\u00e4ndigt p\u00e5g\u00e5ende f\u00f6rb\u00e4ttringsarbete.<\/p>\n<p>V\u00e5ra prestationer p\u00e5 kvalitetsomr\u00e5det ska l\u00f6pande utv\u00e4rderas genom m\u00e4tningar mot uppsatta m\u00e5l f\u00f6r verksamheten, registrering av avvikelser och utf\u00f6rande av interna revisioner. Vi st\u00e4ller lika h\u00f6ga krav p\u00e5 v\u00e5ra leverant\u00f6rer som p\u00e5 oss sj\u00e4lva varf\u00f6r leverant\u00f6rernas kvalitet kontrolleras och f\u00f6ljs upp. V\u00e5r verksamhet drivs utifr\u00e5n g\u00e4llande lagar och f\u00f6reskrifter, vi f\u00f6rankrar socialt ansvar och aff\u00e4rsetik i v\u00e5ra aff\u00e4rsmetoder.<\/p>\n<p><em>Patrik Jenemark<\/em><br \/>\n<em>VD<\/em>[\/vc_column_text][\/vc_column_inner][vc_column_inner width=&#8221;1\/2&#8243;]<style type=\"text\/css\" data-type=\"the7_shortcodes-inline-css\">.shortcode-single-image-wrap.shortcode-single-image-452052cba969ba1b68f34f122fda1ff9.enable-bg-rollover .rollover i,\n.shortcode-single-image-wrap.shortcode-single-image-452052cba969ba1b68f34f122fda1ff9.enable-bg-rollover .rollover-video i {\n  background: -webkit-linear-gradient();\n  background: linear-gradient();\n}\n.shortcode-single-image-wrap.shortcode-single-image-452052cba969ba1b68f34f122fda1ff9 .rollover-icon {\n  font-size: 32px;\n  color: #ffffff;\n  min-width: 44px;\n  min-height: 44px;\n  line-height: 44px;\n  border-radius: 100px;\n  border-style: solid;\n  border-width: 0px;\n}\n.dt-icon-bg-on.shortcode-single-image-wrap.shortcode-single-image-452052cba969ba1b68f34f122fda1ff9 .rollover-icon {\n  background: rgba(255,255,255,0.3);\n  box-shadow: none;\n}<\/style><div class=\"shortcode-single-image-wrap shortcode-single-image-452052cba969ba1b68f34f122fda1ff9 alignnone  enable-bg-rollover dt-icon-bg-off\" style=\"margin-top:0px; margin-bottom:0px; margin-left:0px; margin-right:0px; width:500px;\"><div class=\"shortcode-single-image\"><div class=\"fancy-media-wrap  layzr-bg\" style=\"border-radius:40px;\"><img fetchpriority=\"high\" decoding=\"async\" class=\"preload-me lazy-load aspect\" src=\"data:image\/svg+xml,%3Csvg%20xmlns%3D&#39;http%3A%2F%2Fwww.w3.org%2F2000%2Fsvg&#39;%20viewBox%3D&#39;0%200%20500%20318&#39;%2F%3E\" data-src=\"https:\/\/nordvallsetikett.com\/wp-content\/uploads\/2022\/06\/220519_0072_Nordvalls-scaled-e1656678121355-500x318.jpg\" data-srcset=\"https:\/\/nordvallsetikett.com\/wp-content\/uploads\/2022\/06\/220519_0072_Nordvalls-scaled-e1656678121355-500x318.jpg 500w, https:\/\/nordvallsetikett.com\/wp-content\/uploads\/2022\/06\/220519_0072_Nordvalls-scaled-e1656678121355-1000x636.jpg 1000w\" loading=\"eager\" sizes=\"(max-width: 500px) 100vw, 500px\" width=\"500\" height=\"318\"  data-dt-location=\"https:\/\/nordvallsetikett.com\/sv\/blogg\/sommarbrev-fran-patrik-jenemark-vd-nordvalls-etikett\/attachment\/220519_0072_nordvalls\/\" style=\"--ratio: 500 \/ 318;border-radius:40px;\" alt=\"\" \/><\/div><\/div><\/div>[\/vc_column_inner][\/vc_row_inner][\/vc_column][\/vc_row]<\/p>\n<\/div>","protected":false},"excerpt":{"rendered":"<p>[vc_row][vc_column][vc_row_inner content_placement=&#8221;middle&#8221;][vc_column_inner width=&#8221;1\/2&#8243;][vc_column_text]NORDVALLS ETIKETT AB s\u00e4tter alltid kunden i fokus, v\u00e5r service, produktkvalitet och leveranss\u00e4kerhet ska alltid vara s\u00e5 god att den f\u00f6rtj\u00e4nar och vinner kundernas f\u00f6rtroende f\u00f6r oss som producent av etiketter och specialtryck. F\u00f6r att st\u00e4rka v\u00e5r st\u00e4llning p\u00e5 marknaden skapar vi f\u00f6rtroende hos v\u00e5ra kunder genom v\u00e5rt kunnande och v\u00e5r vilja att&hellip;<\/p>\n","protected":false},"author":1,"featured_media":0,"parent":2644,"menu_order":0,"comment_status":"closed","ping_status":"closed","template":"","meta":{"footnotes":""},"class_list":["post-3337","page","type-page","status-publish","hentry","description-off"],"_links":{"self":[{"href":"https:\/\/nordvallsetikett.com\/sv\/wp-json\/wp\/v2\/pages\/3337","targetHints":{"allow":["GET"]}}],"collection":[{"href":"https:\/\/nordvallsetikett.com\/sv\/wp-json\/wp\/v2\/pages"}],"about":[{"href":"https:\/\/nordvallsetikett.com\/sv\/wp-json\/wp\/v2\/types\/page"}],"author":[{"embeddable":true,"href":"https:\/\/nordvallsetikett.com\/sv\/wp-json\/wp\/v2\/users\/1"}],"replies":[{"embeddable":true,"href":"https:\/\/nordvallsetikett.com\/sv\/wp-json\/wp\/v2\/comments?post=3337"}],"version-history":[{"count":2,"href":"https:\/\/nordvallsetikett.com\/sv\/wp-json\/wp\/v2\/pages\/3337\/revisions"}],"predecessor-version":[{"id":7648,"href":"https:\/\/nordvallsetikett.com\/sv\/wp-json\/wp\/v2\/pages\/3337\/revisions\/7648"}],"up":[{"embeddable":true,"href":"https:\/\/nordvallsetikett.com\/sv\/wp-json\/wp\/v2\/pages\/2644"}],"wp:attachment":[{"href":"https:\/\/nordvallsetikett.com\/sv\/wp-json\/wp\/v2\/media?parent=3337"}],"curies":[{"name":"wp","href":"https:\/\/api.w.org\/{rel}","templated":true}]}}