{"id":3339,"date":"2020-02-04T18:22:45","date_gmt":"2020-02-04T18:22:45","guid":{"rendered":"https:\/\/beta.nordvalls.se\/?page_id=3339"},"modified":"2026-03-11T07:53:38","modified_gmt":"2026-03-11T07:53:38","slug":"miljopolicy","status":"publish","type":"page","link":"https:\/\/nordvallsetikett.com\/sv\/nordvalls-etikett\/om-nordvalls\/hallbarhet\/miljopolicy\/","title":{"rendered":"Milj\u00f6- och h\u00e5llbarhetspolicy"},"content":{"rendered":"<div class=\"wpb-content-wrapper\"><p>[vc_row][vc_column][vc_row_inner content_placement=&#8221;middle&#8221;][vc_column_inner]<style type=\"text\/css\" data-type=\"the7_shortcodes-inline-css\">.shortcode-single-image-wrap.shortcode-single-image-df7b0ca00112a104ff15af50bbee65ab.enable-bg-rollover .rollover i,\n.shortcode-single-image-wrap.shortcode-single-image-df7b0ca00112a104ff15af50bbee65ab.enable-bg-rollover .rollover-video i {\n  background: -webkit-linear-gradient();\n  background: linear-gradient();\n}\n.shortcode-single-image-wrap.shortcode-single-image-df7b0ca00112a104ff15af50bbee65ab .rollover-icon {\n  font-size: 32px;\n  color: #ffffff;\n  min-width: 44px;\n  min-height: 44px;\n  line-height: 44px;\n  border-radius: 100px;\n  border-style: solid;\n  border-width: 0px;\n}\n.dt-icon-bg-on.shortcode-single-image-wrap.shortcode-single-image-df7b0ca00112a104ff15af50bbee65ab .rollover-icon {\n  background: rgba(255,255,255,0.3);\n  box-shadow: none;\n}<\/style><div class=\"shortcode-single-image-wrap shortcode-single-image-df7b0ca00112a104ff15af50bbee65ab alignnone  enable-bg-rollover dt-icon-bg-off\" style=\"margin-top:0px; margin-bottom:0px; margin-left:0px; margin-right:0px; width:1200px;\"><div class=\"shortcode-single-image\"><div class=\"fancy-media-wrap  layzr-bg\" style=\"\"><img fetchpriority=\"high\" decoding=\"async\" class=\"preload-me lazy-load aspect\" src=\"data:image\/svg+xml,%3Csvg%20xmlns%3D&#39;http%3A%2F%2Fwww.w3.org%2F2000%2Fsvg&#39;%20viewBox%3D&#39;0%200%201200%20683&#39;%2F%3E\" data-src=\"https:\/\/nordvallsetikett.com\/wp-content\/uploads\/2022\/03\/Miljo\u0308-1200x683.png\" data-srcset=\"https:\/\/nordvallsetikett.com\/wp-content\/uploads\/2022\/03\/Miljo\u0308-1200x683.png 1200w, https:\/\/nordvallsetikett.com\/wp-content\/uploads\/2022\/03\/Miljo\u0308.png 1538w\" loading=\"eager\" sizes=\"(max-width: 1200px) 100vw, 1200px\" width=\"1200\" height=\"683\"  data-dt-location=\"https:\/\/nordvallsetikett.com\/sv\/etiketter\/miljovanliga-etiketter\/attachment\/miljo%cc%88\/\" style=\"--ratio: 1200 \/ 683;\" alt=\"Skog\" \/><\/div><\/div><\/div><div class=\"ult-spacer spacer-69f4049f2e00b\" data-id=\"69f4049f2e00b\" data-height=\"30\" data-height-mobile=\"30\" data-height-tab=\"20\" data-height-tab-portrait=\"20\" data-height-mobile-landscape=\"30\" style=\"clear:both;display:block;\"><\/div>[\/vc_column_inner][\/vc_row_inner][vc_column_text css=&#8221;&#8221;]<\/p>\n<h2 class=\"elementToProof\">Nordvalls Milj\u00f6- och h\u00e5llbarhetspolicy<\/h2>\n<p>Nordvalls Etikett AB \u00e4r engagerat i att minimera v\u00e5r milj\u00f6p\u00e5verkan och bidra till en mer h\u00e5llbar framtid. Vi arbetar aktivt f\u00f6r att f\u00f6rb\u00e4ttra v\u00e5ra processer och produkter med h\u00e4nsyn till milj\u00f6m\u00e4ssiga aspekter och relevanta lagkrav. Genom ett systematiskt och l\u00e5ngsiktigt arbete s\u00e4kerst\u00e4ller vi att v\u00e5ra insatser ger m\u00e4tbara resultat och skapar verklig f\u00f6r\u00e4ndring.<\/p>\n<div class=\"elementToProof\"><b>Principer\u00a0<\/b><\/div>\n<div class=\"elementToProof\">Vi str\u00e4var efter att vara ett f\u00f6red\u00f6me inom h\u00e5llbarhetsarbetet och tar milj\u00f6ansvar i alla delar av verksamheten. Genom kompetensutveckling, st\u00e4ndiga f\u00f6rb\u00e4ttringar och tydliga m\u00e5l minimerar vi v\u00e5r milj\u00f6p\u00e5verkan. H\u00e5llbarhetsaspekter ska vara en central del av beslutsfattandet, d\u00e4r milj\u00f6- och sociala faktorer v\u00e4ger tungt i ink\u00f6p och investeringar. Vi inspirerar och utbildar v\u00e5ra medarbetare och samarbetspartners att agera ansvarsfullt b\u00e5de i och utanf\u00f6r arbetet.<\/div>\n<div class=\"elementToProof\"><\/div>\n<div class=\"elementToProof\"><b>Energi<\/b><\/div>\n<div class=\"elementToProof\">Vi arbetar f\u00f6r att minska v\u00e5r energianv\u00e4ndning och \u00f6ka anv\u00e4ndningen av f\u00f6rnybar energi.<\/div>\n<ul>\n<li>Forts\u00e4tta att enbart k\u00f6pa f\u00f6rnyelsebar el till v\u00e5r verksamhet.<\/li>\n<li>Byta ut 100% av v\u00e5ra f\u00f6retagsbilar till el- eller hybridfordon senast 2030.<\/li>\n<li>\u00d6ka andelen f\u00f6rnybar energi som anv\u00e4nds f\u00f6r v\u00e4rme i v\u00e5ra verksamheter till 100% senast 2030.<\/li>\n<\/ul>\n<div class=\"elementToProof\"><b>V\u00e4xthusgasutsl\u00e4pp<\/b><\/div>\n<div class=\"elementToProof\">Vi minskar v\u00e5ra klimatutsl\u00e4pp genom smarta transportval och samarbete med leverant\u00f6rer.<\/div>\n<ul>\n<li>Minska v\u00e5ra direkta CO2-utsl\u00e4pp (Scope 1 och scope 2) med 50% till 2030.<\/li>\n<li>Samarbeta med leverant\u00f6rer och kunder f\u00f6r att minska utsl\u00e4pp i v\u00e5r v\u00e4rdekedja (Scope 3) med 30% till 2030.<\/li>\n<\/ul>\n<div class=\"elementToProof\"><b>Avfallshantering<\/b><\/div>\n<div class=\"elementToProof\">Vi arbetar f\u00f6r att minimera avfall och \u00f6ka \u00e5tervinningen genom cirkul\u00e4ra l\u00f6sningar.<\/div>\n<ul>\n<li>\u00d6ka andelen avfall som material\u00e5tervinns med 50% till \u00e5r 2027.<\/li>\n<\/ul>\n<div class=\"elementToProof\"><b>Kemikaliehantering\u00a0<\/b><\/div>\n<div class=\"elementToProof\">Vi str\u00e4var efter en giftfri verksamhet genom ansvarsfull kemikalieanv\u00e4ndning.<\/div>\n<ul>\n<li>Tillsammans med v\u00e5ra leverant\u00f6rer, minska m\u00e4ngden farliga (SVHC) kemikalier.<\/li>\n<li>\u00c5rligen genomf\u00f6ra tre substitutionsunders\u00f6kningar av kemikalier till milj\u00f6- och h\u00e4lso- v\u00e4nligare alternativ<\/li>\n<\/ul>\n<div class=\"elementToProof\"><b>Produktens milj\u00f6p\u00e5verkan\u00a0<\/b><\/div>\n<div class=\"elementToProof\">Vi utvecklar h\u00e5llbara produkter med l\u00e5ng livsl\u00e4ngd och minskad resursf\u00f6rbrukning.<\/div>\n<ul>\n<li>Aktivt upps\u00f6ka kunder i syfte att \u00f6ka anv\u00e4ndningen av \u00e5tervunna material 30% till 2030.<\/li>\n<li>Erbjuda v\u00e5ra kunder cirkul\u00e4ra material.<\/li>\n<\/ul>\n<div class=\"elementToProof\"><b>Kundens milj\u00f6p\u00e5verkan\u00a0<\/b><\/div>\n<div class=\"elementToProof\">Vi hj\u00e4lper v\u00e5ra kunder att g\u00f6ra mer h\u00e5llbara val genom v\u00e5ra produkter och utbildning.<\/div>\n<ul>\n<li>Guida v\u00e5ra kunder i materialval f\u00f6r \u00f6kad \u00e5tervinningsgrad vid produktens end of life.<\/li>\n<li>Genom innovativa l\u00f6sningar hj\u00e4lpa kunder att minska sin resursf\u00f6rbrukning avseende etikettens utformning och konstruktion.<\/li>\n<li>\u00d6ka kundmedvetenhet genom \u00e5rliga kundevent och informationsmaterial som en del av offert.<\/li>\n<\/ul>\n<div class=\"elementToProof\"><b>Milj\u00f6tj\u00e4nster och utbildning\u00a0<\/b><\/div>\n<div class=\"elementToProof\">Vi engagerar oss i kunskapsspridning och samarbeten f\u00f6r att driva h\u00e5llbarhetsfr\u00e5gor fram\u00e5t.<\/div>\n<ul>\n<li>\u00c5rliga engagera 20% av v\u00e5ra medarbetare i personalanpassade h\u00e5llbarhetutbildningar.<\/li>\n<li>Delta i branschinitiativ och samarbeten f\u00f6r milj\u00f6f\u00f6rb\u00e4ttringar.<\/li>\n<\/ul>\n<div class=\"elementToProof\">Denna policy ligger till grund f\u00f6r v\u00e5rt dagliga arbete och revideras regelbundet f\u00f6r att s\u00e4kerst\u00e4lla kontinuerlig f\u00f6rb\u00e4ttring, att den f\u00f6rblir relevant, effektiv och i linje med de senaste vetenskapliga r\u00f6nen och b\u00e4sta praxis inom omr\u00e5det h\u00e5llbarhet. Genom att vara flexibla och \u00f6ppna f\u00f6r f\u00f6r\u00e4ndringar kommer vi att forts\u00e4tta att f\u00f6rb\u00e4ttra och st\u00e4rka v\u00e5rt engagemang f\u00f6r en b\u00e4ttre milj\u00f6 och en mer h\u00e5llbar framtid och l\u00e5ngsiktig h\u00e5llbarhet.<\/div>\n<div class=\"elementToProof\">\n<p>Genom att f\u00f6lja denna milj\u00f6policy str\u00e4var vi efter att vara en ledande akt\u00f6r inom h\u00e5llbarhet och att g\u00f6ra en positiv skillnad f\u00f6r v\u00e5r planet och v\u00e5rt samh\u00e4lle.<\/p>\n<\/div>\n<div class=\"elementToProof\"><\/div>\n<div><\/div>\n<div class=\"elementToProof\"><em>Sj\u00f6bo 2025-04-09<\/em><\/div>\n<p><em>Patrik Jenemark<\/em><br \/>\n<em>VD<\/em>[\/vc_column_text][\/vc_column][\/vc_row]<\/p>\n<\/div>","protected":false},"excerpt":{"rendered":"<p>[vc_row][vc_column][vc_row_inner content_placement=&#8221;middle&#8221;][vc_column_inner][\/vc_column_inner][\/vc_row_inner][vc_column_text css=&#8221;&#8221;] Nordvalls Milj\u00f6- och h\u00e5llbarhetspolicy Nordvalls Etikett AB \u00e4r engagerat i att minimera v\u00e5r milj\u00f6p\u00e5verkan och bidra till en mer h\u00e5llbar framtid. Vi arbetar aktivt f\u00f6r att f\u00f6rb\u00e4ttra v\u00e5ra processer och produkter med h\u00e4nsyn till milj\u00f6m\u00e4ssiga aspekter och relevanta lagkrav. Genom ett systematiskt och l\u00e5ngsiktigt arbete s\u00e4kerst\u00e4ller vi att v\u00e5ra insatser ger m\u00e4tbara&hellip;<\/p>\n","protected":false},"author":1,"featured_media":5724,"parent":2644,"menu_order":0,"comment_status":"closed","ping_status":"closed","template":"","meta":{"footnotes":""},"class_list":["post-3339","page","type-page","status-publish","has-post-thumbnail","hentry","description-off"],"_links":{"self":[{"href":"https:\/\/nordvallsetikett.com\/sv\/wp-json\/wp\/v2\/pages\/3339","targetHints":{"allow":["GET"]}}],"collection":[{"href":"https:\/\/nordvallsetikett.com\/sv\/wp-json\/wp\/v2\/pages"}],"about":[{"href":"https:\/\/nordvallsetikett.com\/sv\/wp-json\/wp\/v2\/types\/page"}],"author":[{"embeddable":true,"href":"https:\/\/nordvallsetikett.com\/sv\/wp-json\/wp\/v2\/users\/1"}],"replies":[{"embeddable":true,"href":"https:\/\/nordvallsetikett.com\/sv\/wp-json\/wp\/v2\/comments?post=3339"}],"version-history":[{"count":17,"href":"https:\/\/nordvallsetikett.com\/sv\/wp-json\/wp\/v2\/pages\/3339\/revisions"}],"predecessor-version":[{"id":11695,"href":"https:\/\/nordvallsetikett.com\/sv\/wp-json\/wp\/v2\/pages\/3339\/revisions\/11695"}],"up":[{"embeddable":true,"href":"https:\/\/nordvallsetikett.com\/sv\/wp-json\/wp\/v2\/pages\/2644"}],"wp:featuredmedia":[{"embeddable":true,"href":"https:\/\/nordvallsetikett.com\/sv\/wp-json\/wp\/v2\/media\/5724"}],"wp:attachment":[{"href":"https:\/\/nordvallsetikett.com\/sv\/wp-json\/wp\/v2\/media?parent=3339"}],"curies":[{"name":"wp","href":"https:\/\/api.w.org\/{rel}","templated":true}]}}