{"id":6940,"date":"2023-05-04T13:44:03","date_gmt":"2023-05-04T13:44:03","guid":{"rendered":"https:\/\/nordvalls.se\/?page_id=6940"},"modified":"2025-10-31T12:17:46","modified_gmt":"2025-10-31T12:17:46","slug":"linerless-etiketter","status":"publish","type":"page","link":"https:\/\/nordvallsetikett.com\/sv\/etiketter\/linerless-etiketter\/","title":{"rendered":"Linerless etiketter"},"content":{"rendered":"<div class=\"wpb-content-wrapper\"><p>[vc_row][vc_column][vc_row_inner content_placement=&#8221;middle&#8221;][vc_column_inner width=&#8221;1\/2&#8243;][vc_column_text]<\/p>\n<h2>Vad \u00e4r linerless?<\/h2>\n<p>En linerless-etikett g\u00e5r som ett \u201db\u00e4lte\u201d runt hela produktemballaget med t\u00e4ckning av toppen, botten och b\u00e5da sidorna. Oavsett hyllplacering f\u00e5r produkten en bra frontning i butiken. En linerless-etikett best\u00e5r av en tunn kartong eller syntet med limremsor p\u00e5 baksidan och silikonremsor l\u00e4ngst fram s\u00e5 att etiketten sl\u00e4pper under applicering. Etiketten beh\u00f6ver d\u00e4rf\u00f6r inte ha n\u00e5got underpapper vilket inneb\u00e4r att det n\u00e4st in till inte genereras n\u00e5got restavfall under produktion och applicering.[\/vc_column_text][\/vc_column_inner][vc_column_inner width=&#8221;1\/2&#8243;]<style type=\"text\/css\" data-type=\"the7_shortcodes-inline-css\">.shortcode-single-image-wrap.shortcode-single-image-cbd21e9b35121aae0d1f4e1577e1d5ab.enable-bg-rollover .rollover i,\n.shortcode-single-image-wrap.shortcode-single-image-cbd21e9b35121aae0d1f4e1577e1d5ab.enable-bg-rollover .rollover-video i {\n  background: -webkit-linear-gradient();\n  background: linear-gradient();\n}\n.shortcode-single-image-wrap.shortcode-single-image-cbd21e9b35121aae0d1f4e1577e1d5ab .rollover-icon {\n  font-size: 32px;\n  color: #ffffff;\n  min-width: 44px;\n  min-height: 44px;\n  line-height: 44px;\n  border-radius: 100px;\n  border-style: solid;\n  border-width: 0px;\n}\n.dt-icon-bg-on.shortcode-single-image-wrap.shortcode-single-image-cbd21e9b35121aae0d1f4e1577e1d5ab .rollover-icon {\n  background: rgba(255,255,255,0.3);\n  box-shadow: none;\n}<\/style><div class=\"shortcode-single-image-wrap shortcode-single-image-cbd21e9b35121aae0d1f4e1577e1d5ab alignnone  vc_custom_1706861603351 enable-bg-rollover dt-icon-bg-off\" ><div class=\"shortcode-single-image\"><div class=\"fancy-media-wrap  layzr-bg\" style=\"border-radius:40px;\"><img fetchpriority=\"high\" decoding=\"async\" class=\"preload-me lazy-load aspect\" src=\"data:image\/svg+xml,%3Csvg%20xmlns%3D&#39;http%3A%2F%2Fwww.w3.org%2F2000%2Fsvg&#39;%20viewBox%3D&#39;0%200%20500%20500&#39;%2F%3E\" data-src=\"https:\/\/nordvallsetikett.com\/wp-content\/uploads\/2023\/11\/Linerless_etikett-1-500x500.png\" data-srcset=\"https:\/\/nordvallsetikett.com\/wp-content\/uploads\/2023\/11\/Linerless_etikett-1-500x500.png 500w, https:\/\/nordvallsetikett.com\/wp-content\/uploads\/2023\/11\/Linerless_etikett-1-1000x1000.png 1000w\" loading=\"eager\" sizes=\"(max-width: 500px) 100vw, 500px\" width=\"500\" height=\"500\"  data-dt-location=\"https:\/\/nordvallsetikett.com\/sv\/blogg\/minska-spill-och-oka-effektiviteten-med-linerless\/attachment\/linerless_etikett-1\/\" style=\"--ratio: 500 \/ 500;border-radius:40px;\" alt=\"Linerless etikett - lax f\u00f6rpackning\" \/><\/div><\/div><\/div>[\/vc_column_inner][\/vc_row_inner]<div class=\"ult-spacer spacer-69e1d02b6ade2\" data-id=\"69e1d02b6ade2\" data-height=\"100\" data-height-mobile=\"50\" data-height-tab=\"\" data-height-tab-portrait=\"\" data-height-mobile-landscape=\"\" style=\"clear:both;display:block;\"><\/div>[vc_row_inner content_placement=&#8221;middle&#8221;][vc_column_inner width=&#8221;1\/2&#8243;]<style type=\"text\/css\" data-type=\"the7_shortcodes-inline-css\">.shortcode-single-image-wrap.shortcode-single-image-cb755f9f5f9b22ac415262df27bb2cbe.enable-bg-rollover .rollover i,\n.shortcode-single-image-wrap.shortcode-single-image-cb755f9f5f9b22ac415262df27bb2cbe.enable-bg-rollover .rollover-video i {\n  background: -webkit-linear-gradient();\n  background: linear-gradient();\n}\n.shortcode-single-image-wrap.shortcode-single-image-cb755f9f5f9b22ac415262df27bb2cbe .rollover-icon {\n  font-size: 32px;\n  color: #ffffff;\n  min-width: 44px;\n  min-height: 44px;\n  line-height: 44px;\n  border-radius: 100px;\n  border-style: solid;\n  border-width: 0px;\n}\n.dt-icon-bg-on.shortcode-single-image-wrap.shortcode-single-image-cb755f9f5f9b22ac415262df27bb2cbe .rollover-icon {\n  background: rgba(255,255,255,0.3);\n  box-shadow: none;\n}<\/style><div class=\"shortcode-single-image-wrap shortcode-single-image-cb755f9f5f9b22ac415262df27bb2cbe alignnone  vc_custom_1706861406030 enable-bg-rollover dt-icon-bg-off\" ><div class=\"shortcode-single-image\"><div class=\"fancy-media-wrap  layzr-bg\" style=\"border-radius:40px;\"><img decoding=\"async\" class=\"preload-me lazy-load aspect\" src=\"data:image\/svg+xml,%3Csvg%20xmlns%3D&#39;http%3A%2F%2Fwww.w3.org%2F2000%2Fsvg&#39;%20viewBox%3D&#39;0%200%20500%20333&#39;%2F%3E\" data-src=\"https:\/\/nordvallsetikett.com\/wp-content\/uploads\/2023\/11\/231102_Nordvalls_2231-500x333.jpg\" data-srcset=\"https:\/\/nordvallsetikett.com\/wp-content\/uploads\/2023\/11\/231102_Nordvalls_2231-500x333.jpg 500w, https:\/\/nordvallsetikett.com\/wp-content\/uploads\/2023\/11\/231102_Nordvalls_2231-1000x666.jpg 1000w\" loading=\"eager\" sizes=\"(max-width: 500px) 100vw, 500px\" width=\"500\" height=\"333\"  data-dt-location=\"https:\/\/nordvallsetikett.com\/sv\/blogg\/minska-spill-och-oka-effektiviteten-med-linerless\/attachment\/nordvalls-tryckeri-molnlycke\/\" style=\"--ratio: 500 \/ 333;border-radius:40px;\" alt=\"\" \/><\/div><\/div><\/div>[\/vc_column_inner][vc_column_inner width=&#8221;1\/2&#8243;][vc_column_text]<\/p>\n<h2>F\u00f6rdelar med en linerless etikett:<\/h2>\n<p>&nbsp;<\/p>\n<h3 class=\"header2\">\u2714\u00a0S\u00e4ljfr\u00e4mjande<\/h3>\n<p>L\u00f6sningen har en egenskap som g\u00f6r att etiketten f\u00e4ster optimalt oavsett underlag, \u00e4ven p\u00e5 exempelvis sv\u00e5ra ytor. Med en st\u00f6rre profileringsyta \u00f6kar exponeringsm\u00f6jligheterna f\u00f6r produkter.<\/p>\n<h3>\u2714 Milj\u00f6v\u00e4nlig<\/h3>\n<p>I en linerless etikett anv\u00e4nds inget underpapper vilket g\u00f6r att allt svinn och restavfall elimineras under materialframst\u00e4llning, etikettproduktion samt vid f\u00f6rpackningslinjen hos anv\u00e4ndarna. Detta g\u00f6r det till ett mycket h\u00e5llbart etikettalternativ.<\/p>\n<h3 class=\"header2\">\u2714 Kostnadseffektiv<\/h3>\n<p>Etiketten f\u00e5r \u201dv\u00e4nt format\u201d under applicering j\u00e4mf\u00f6rt med traditionella sj\u00e4lvh\u00e4ftande etiketter. Detta m\u00f6jligg\u00f6r fler etiketter per rulle, vilket inneb\u00e4r f\u00e4rre byten av etikettrullar, mindre nedtid och effektivare produktion.[\/vc_column_text][\/vc_column_inner][\/vc_row_inner]<div class=\"ult-spacer spacer-69e1d02b6bb07\" data-id=\"69e1d02b6bb07\" data-height=\"50\" data-height-mobile=\"50\" data-height-tab=\"50\" data-height-tab-portrait=\"\" data-height-mobile-landscape=\"\" style=\"clear:both;display:block;\"><\/div>[vc_row_inner][vc_column_inner width=&#8221;1\/4&#8243;][\/vc_column_inner][vc_column_inner width=&#8221;1\/2&#8243;]<style type=\"text\/css\" data-type=\"the7_shortcodes-inline-css\">#default-btn-fd97cecaeb5e5dbb3d88be10f4719b8b.ico-right-side > i {\n  margin-right: 0px;\n  margin-left: 8px;\n}\n#default-btn-fd97cecaeb5e5dbb3d88be10f4719b8b > i {\n  margin-right: 8px;\n}<\/style><div class=\"btn-align-center\"><a href=\"https:\/\/nordvallsetikett.com\/sv\/forfragan\/\" class=\"default-btn-shortcode dt-btn dt-btn-l link-hover-off \" id=\"default-btn-fd97cecaeb5e5dbb3d88be10f4719b8b\" title=\"F\u00f6rfr\u00e5gan\"><span>Kontakta v\u00e5ra s\u00e4ljare<\/span><\/a><\/div>[\/vc_column_inner][vc_column_inner width=&#8221;1\/4&#8243;][\/vc_column_inner][\/vc_row_inner]<div class=\"ult-spacer spacer-69e1d02b6bc46\" data-id=\"69e1d02b6bc46\" data-height=\"50\" data-height-mobile=\"50\" data-height-tab=\"50\" data-height-tab-portrait=\"\" data-height-mobile-landscape=\"\" style=\"clear:both;display:block;\"><\/div>[\/vc_column][\/vc_row][vc_row][vc_column]<div class=\"hr-thin style-line\" style=\"width: 100%;border-top-width: 1px;\"><\/div>[\/vc_column][\/vc_row][vc_row][vc_column]<div class=\"ult-spacer spacer-69e1d02b6bccc\" data-id=\"69e1d02b6bccc\" data-height=\"40\" data-height-mobile=\"40\" data-height-tab=\"40\" data-height-tab-portrait=\"\" data-height-mobile-landscape=\"\" style=\"clear:both;display:block;\"><\/div><div id=\"ult-carousel-172725869169e1d02b6be9a\" class=\"ult-carousel-wrapper   ult_horizontal\" data-gutter=\"15\" data-rtl=\"false\" ><div class=\"ult-carousel-248096323269e1d02b6bd6b \" ><div class=\"ult-item-wrap\" data-animation=\"animated no-animation\">\n<div tabindex=\"0\" id=\"interactive-banner-1-wrap-5438\" class=\"ult-banner-block ult-adjust-bottom-margin ult-bb-box ult-banner-block-custom-height banner-style01 \"   style=\"height:250px;\">\n\t<img decoding=\"async\" src=\"https:\/\/nordvallsetikett.com\/wp-content\/uploads\/2023\/09\/Livsmedel_Etikett_Nordvalls-2.png\" alt=\"Livsmedelsetiketter\">\n\t<h3  data-ultimate-target='#interactive-banner-1-wrap-5438 .bb-top-title '  data-responsive-json-new='{\"font-size\":\"\",\"line-height\":\"\"}'  class=\"title-center bb-top-title ult-responsive\" style=\"font-weight:normal;background:#1e73be;color:#ffffff;\">Livsmedelsetiketter \u2013 ha koll p\u00e5 det h\u00e4r!<\/h3>\n\t<div class=\"mask opaque-background\" style=\"background:;\">\n\t\t<div  data-ultimate-target='#interactive-banner-1-wrap-5438 .bb-description'  data-responsive-json-new='{\"font-size\":\"\",\"line-height\":\"\"}'  class=\"bb-description ult-responsive\" style=\"font-weight:normal;color:#ffffff;\">Informationen och m\u00e4rkningen p\u00e5 livsmedelsetiketter \u00e4r grundl\u00e4ggande f\u00f6r att garantera en s\u00e4ker livsmedelsprodukt och f\u00f6r konsumenten att g\u00f6ra ett aktivt val.<\/div>\n\t<\/div><a class=\"bb-link\" href=\"https:\/\/nordvallsetikett.com\/sv\/blogg\/livsmedelsetiketter-det-har-behover-du-ha-koll-pa\/\" title=\"Livsmedelsetiketter \u2013 det h\u00e4r beh\u00f6ver du ha koll p\u00e5\" ><\/a>\n<\/div><\/div><div class=\"ult-item-wrap\" data-animation=\"animated no-animation\">\n<div tabindex=\"0\" id=\"interactive-banner-1-wrap-2266\" class=\"ult-banner-block ult-adjust-bottom-margin ult-bb-box ult-banner-block-custom-height banner-style01 \"   style=\"height:250px;\">\n\t<img decoding=\"async\" src=\"https:\/\/nordvallsetikett.com\/wp-content\/uploads\/2023\/11\/Screenshot-2023-11-24-at-08.30.39.png\" alt=\"Linerless etikett - lax f\u00f6rpackning\">\n\t<h3  data-ultimate-target='#interactive-banner-1-wrap-2266 .bb-top-title '  data-responsive-json-new='{\"font-size\":\"\",\"line-height\":\"\"}'  class=\"title-center bb-top-title ult-responsive\" style=\"font-weight:normal;background:#1e73be;color:#ffffff;\">Minska spill och \u00f6ka effektiviteten<\/h3>\n\t<div class=\"mask opaque-background\" style=\"background:;\">\n\t\t<div  data-ultimate-target='#interactive-banner-1-wrap-2266 .bb-description'  data-responsive-json-new='{\"font-size\":\"\",\"line-height\":\"\"}'  class=\"bb-description ult-responsive\" style=\"font-weight:normal;color:#ffffff;\">Etiketten sitter runt om en produkt, n\u00e4stan som ett b\u00e4lte. Precis som namnet antyder till, har etiketten ingen liner, det vill s\u00e4ga underpapper saknas.<\/div>\n\t<\/div><a class=\"bb-link\" href=\"https:\/\/nordvallsetikett.com\/sv\/blogg\/minska-spill-och-oka-effektiviteten-med-linerless\/\" title=\"Minska spill och \u00f6ka effektiviteten med linerless\" ><\/a>\n<\/div><\/div><div class=\"ult-item-wrap\" data-animation=\"animated no-animation\">\n<div tabindex=\"0\" id=\"interactive-banner-1-wrap-1114\" class=\"ult-banner-block ult-adjust-bottom-margin ult-bb-box ult-banner-block-custom-height banner-style01 \"   style=\"height:250px;\">\n\t<img decoding=\"async\" src=\"https:\/\/nordvallsetikett.com\/wp-content\/uploads\/2018\/06\/Brutal_Brewing-1.jpg\" alt=\"Flasketiketter Nordvalls\">\n\t<h3  data-ultimate-target='#interactive-banner-1-wrap-1114 .bb-top-title '  data-responsive-json-new='{\"font-size\":\"\",\"line-height\":\"\"}'  class=\"title-center bb-top-title ult-responsive\" style=\"font-weight:normal;background:#1e73be;color:#ffffff;\">Etiketter till flaskor, mat och livsmedel<\/h3>\n\t<div class=\"mask opaque-background\" style=\"background:;\">\n\t\t<div  data-ultimate-target='#interactive-banner-1-wrap-1114 .bb-description'  data-responsive-json-new='{\"font-size\":\"\",\"line-height\":\"\"}'  class=\"bb-description ult-responsive\" style=\"font-weight:normal;color:#ffffff;\">Nordvalls erbjuder etiketter f\u00f6r produkter inom livsmedel. Flasketiketter och matetiketter. Etiketter till olika f\u00f6rpackningar och flaskor i olika material.<\/div>\n\t<\/div><a class=\"bb-link\" href=\"https:\/\/nordvallsetikett.com\/sv\/etiketter\/etiketter-mat-dryck-livsmedel\/\" title=\"Etiketter till flaskor, mat och livsmedel\" ><\/a>\n<\/div><\/div><\/div><\/div>\t\t\t<script type=\"text\/javascript\">\n\t\t\t\tjQuery(document).ready(function ($) {\n\t\t\t\t\tif( typeof jQuery('.ult-carousel-248096323269e1d02b6bd6b').slick == \"function\"){\n\t\t\t\t\t\t$('.ult-carousel-248096323269e1d02b6bd6b').slick({dots: true,autoplay: true,autoplaySpeed: \"5000\",speed: \"300\",infinite: true,arrows: true,nextArrow: '<button type=\"button\" role=\"button\" aria-label=\"Next\" style=\"color:#333333; font-size:20px;\" class=\"slick-next default\"><i class=\"ultsl-arrow-right4\"><\/i><\/button>',prevArrow: '<button type=\"button\" role=\"button\" aria-label=\"Previous\" style=\"color:#333333; font-size:20px;\" class=\"slick-prev default\"><i class=\"ultsl-arrow-left4\"><\/i><\/button>',slidesToScroll:3,slidesToShow:3,swipe: true,draggable: true,touchMove: true,pauseOnHover: true,pauseOnFocus: false,centerMode: true,responsive: [\n\t\t\t\t\t\t\t{\n\t\t\t\t\t\t\t  breakpoint: 1026,\n\t\t\t\t\t\t\t  settings: {\n\t\t\t\t\t\t\t\tslidesToShow: 3,\n\t\t\t\t\t\t\t\tslidesToScroll: 3,  \n\t\t\t\t\t\t\t  }\n\t\t\t\t\t\t\t},\n\t\t\t\t\t\t\t{\n\t\t\t\t\t\t\t  breakpoint: 1025,\n\t\t\t\t\t\t\t  settings: {\n\t\t\t\t\t\t\t\tslidesToShow: 3,\n\t\t\t\t\t\t\t\tslidesToScroll: 3\n\t\t\t\t\t\t\t  }\n\t\t\t\t\t\t\t},\n\t\t\t\t\t\t\t{\n\t\t\t\t\t\t\t  breakpoint: 760,\n\t\t\t\t\t\t\t  settings: {\n\t\t\t\t\t\t\t\tslidesToShow: 1,\n\t\t\t\t\t\t\t\tslidesToScroll: 1\n\t\t\t\t\t\t\t  }\n\t\t\t\t\t\t\t}\n\t\t\t\t\t\t],pauseOnDotsHover: true,customPaging: function(slider, i) {\n                   return '<i type=\"button\" style= \"color:#333333;\" class=\"ultsl-record\" data-role=\"none\"><\/i>';\n                },});\n\t\t\t\t\t}\n\t\t\t\t});\n\t\t\t<\/script>\n\t\t\t<div class=\"ult-spacer spacer-69e1d02b6c86d\" data-id=\"69e1d02b6c86d\" data-height=\"40\" data-height-mobile=\"40\" data-height-tab=\"40\" data-height-tab-portrait=\"\" data-height-mobile-landscape=\"\" style=\"clear:both;display:block;\"><\/div>[\/vc_column][\/vc_row][vc_row bg_type=&#8221;image&#8221; parallax_style=&#8221;vcpb-vz-jquery&#8221; bg_image_new=&#8221;id^2887|url^http:\/\/nordvalls.se\/wp-content\/uploads\/2019\/12\/191121_nordvalls2839.jpg|caption^Vid fr\u00e5gor om bilden, mejla: erika.weiland@apeloga.se|alt^null|title^Vid fr\u00e5gor om bilden, mejla: erika.weiland@apeloga.se|description^null&#8221; bg_image_repeat=&#8221;no-repeat&#8221; bg_override=&#8221;full&#8221; disable_on_mobile_img_parallax=&#8221;disable_on_mobile_img_parallax_value&#8221; fadeout_row=&#8221;fadeout_row_value&#8221; fadeout_start_effect=&#8221;30&#8243; enable_overlay=&#8221;enable_overlay_value&#8221; overlay_color=&#8221;rgba(38,45,55,0.5)&#8221;][vc_column css=&#8221;.vc_custom_1560418610056{padding-top: 150px !important;padding-bottom: 150px !important;}&#8221; offset=&#8221;vc_col-lg-offset-2 vc_col-lg-8&#8243;]<div id=\"ultimate-heading-485169e1d02b6c8dc\" class=\"uvc-heading ult-adjust-bottom-margin ultimate-heading-485169e1d02b6c8dc uvc-8676 \" data-hspacer=\"no_spacer\"  data-halign=\"center\" style=\"text-align:center\"><div class=\"uvc-heading-spacer no_spacer\" style=\"top\"><\/div><div class=\"uvc-main-heading ult-responsive\"  data-ultimate-target='.uvc-heading.ultimate-heading-485169e1d02b6c8dc h3'  data-responsive-json-new='{\"font-size\":\"desktop:25px;\",\"line-height\":\"\"}' ><h3 style=\"font-weight:bold;color:#ffffff;margin-bottom:15px;\">Hittar du inte vad du s\u00f6ker?<\/h3><\/div><div class=\"uvc-sub-heading ult-responsive\"  data-ultimate-target='.uvc-heading.ultimate-heading-485169e1d02b6c8dc .uvc-sub-heading '  data-responsive-json-new='{\"font-size\":\"desktop:20px;\",\"line-height\":\"desktop:34px;\"}'  style=\"font-weight:bold;color:#ffffff;margin-bottom:20px;\"><span style=\"font-weight: 400;\">\u00a0Tveka inte att kontakta v\u00e5r kundsupport. De hj\u00e4lper dig g\u00e4rna hitta r\u00e4tt etikett.<\/span><\/div><\/div><style type=\"text\/css\" data-type=\"the7_shortcodes-inline-css\">#default-btn-9340997c6df06b5e75a9323e876b9ef0.ico-right-side > i {\n  margin-right: 0px;\n  margin-left: 8px;\n}\n#default-btn-9340997c6df06b5e75a9323e876b9ef0 > i {\n  margin-right: 8px;\n}<\/style><div class=\"btn-align-center\"><a href=\"https:\/\/nordvallsetikett.com\/sv\/forfragan\/\" class=\"default-btn-shortcode dt-btn dt-btn-l link-hover-off \" id=\"default-btn-9340997c6df06b5e75a9323e876b9ef0\" style=\"width:400px;\" title=\"F\u00f6rfr\u00e5gan\"><span>Kontakta Nordvalls kundsupport<\/span><\/a><\/div>[\/vc_column][\/vc_row][vc_column][\/vc_column][vc_column][\/vc_column][vc_column][\/vc_column][vc_column][\/vc_column]<\/p>\n<p>[vc_row full_width=&#8221;stretch_row_content&#8221; content_placement=&#8221;middle&#8221;][vc_column offset=&#8221;vc_hidden-sm vc_col-xs-12 vc_hidden-xs&#8221;][vc_separator color=&#8221;black&#8221; css=&#8221;&#8221;][vc_row_inner equal_height=&#8221;yes&#8221; content_placement=&#8221;middle&#8221;][vc_column_inner width=&#8221;1\/5&#8243;][vc_single_image image=&#8221;10645&#8243; img_size=&#8221;80&#215;80&#8243; alignment=&#8221;center&#8221; css=&#8221;&#8221; image_hovers=&#8221;false&#8221;][\/vc_column_inner][vc_column_inner width=&#8221;1\/5&#8243; offset=&#8221;vc_hidden-sm vc_hidden-xs&#8221;][\/vc_column_inner][vc_column_inner width=&#8221;1\/5&#8243; offset=&#8221;vc_hidden-sm vc_hidden-xs&#8221;][\/vc_column_inner][vc_column_inner width=&#8221;1\/5&#8243; offset=&#8221;vc_hidden-sm vc_hidden-xs&#8221;][\/vc_column_inner][vc_column_inner width=&#8221;1\/5&#8243;][vc_single_image image=&#8221;10650&#8243; img_size=&#8221;medium&#8221; alignment=&#8221;center&#8221; css=&#8221;&#8221; image_hovers=&#8221;false&#8221;][\/vc_column_inner][\/vc_row_inner]<div class=\"ult-spacer spacer-69e1d02b6c9ea\" data-id=\"69e1d02b6c9ea\" data-height=\"\" data-height-mobile=\"10\" data-height-tab=\"\" data-height-tab-portrait=\"\" data-height-mobile-landscape=\"10\" style=\"clear:both;display:block;\"><\/div>[\/vc_column][\/vc_row][vc_row full_width=&#8221;stretch_row_content&#8221; content_placement=&#8221;middle&#8221;][vc_column offset=&#8221;vc_hidden-lg vc_hidden-md vc_col-xs-12&#8243;][vc_separator color=&#8221;black&#8221; css=&#8221;&#8221;][vc_row_inner equal_height=&#8221;yes&#8221; content_placement=&#8221;middle&#8221;][vc_column_inner][vc_single_image image=&#8221;10918&#8243; img_size=&#8221;340&#215;80&#8243; alignment=&#8221;center&#8221; css=&#8221;&#8221; image_hovers=&#8221;false&#8221;][\/vc_column_inner][\/vc_row_inner][\/vc_column][\/vc_row]<\/p>\n<\/div>","protected":false},"excerpt":{"rendered":"<p>[vc_row][vc_column][vc_row_inner content_placement=&#8221;middle&#8221;][vc_column_inner width=&#8221;1\/2&#8243;][vc_column_text] Vad \u00e4r linerless? En linerless-etikett g\u00e5r som ett \u201db\u00e4lte\u201d runt hela produktemballaget med t\u00e4ckning av toppen, botten och b\u00e5da sidorna. Oavsett hyllplacering f\u00e5r produkten en bra frontning i butiken. En linerless-etikett best\u00e5r av en tunn kartong eller syntet med limremsor p\u00e5 baksidan och silikonremsor l\u00e4ngst fram s\u00e5 att etiketten sl\u00e4pper under applicering.&hellip;<\/p>\n","protected":false},"author":6,"featured_media":0,"parent":2632,"menu_order":0,"comment_status":"closed","ping_status":"closed","template":"","meta":{"footnotes":""},"class_list":["post-6940","page","type-page","status-publish","hentry","description-off"],"_links":{"self":[{"href":"https:\/\/nordvallsetikett.com\/sv\/wp-json\/wp\/v2\/pages\/6940","targetHints":{"allow":["GET"]}}],"collection":[{"href":"https:\/\/nordvallsetikett.com\/sv\/wp-json\/wp\/v2\/pages"}],"about":[{"href":"https:\/\/nordvallsetikett.com\/sv\/wp-json\/wp\/v2\/types\/page"}],"author":[{"embeddable":true,"href":"https:\/\/nordvallsetikett.com\/sv\/wp-json\/wp\/v2\/users\/6"}],"replies":[{"embeddable":true,"href":"https:\/\/nordvallsetikett.com\/sv\/wp-json\/wp\/v2\/comments?post=6940"}],"version-history":[{"count":21,"href":"https:\/\/nordvallsetikett.com\/sv\/wp-json\/wp\/v2\/pages\/6940\/revisions"}],"predecessor-version":[{"id":10976,"href":"https:\/\/nordvallsetikett.com\/sv\/wp-json\/wp\/v2\/pages\/6940\/revisions\/10976"}],"up":[{"embeddable":true,"href":"https:\/\/nordvallsetikett.com\/sv\/wp-json\/wp\/v2\/pages\/2632"}],"wp:attachment":[{"href":"https:\/\/nordvallsetikett.com\/sv\/wp-json\/wp\/v2\/media?parent=6940"}],"curies":[{"name":"wp","href":"https:\/\/api.w.org\/{rel}","templated":true}]}}