{"id":7497,"date":"2023-11-11T15:43:37","date_gmt":"2023-11-11T15:43:37","guid":{"rendered":"https:\/\/nordvalls.se\/?page_id=7497"},"modified":"2023-11-11T15:48:20","modified_gmt":"2023-11-11T15:48:20","slug":"ansvar-och-hallbarhet","status":"publish","type":"page","link":"https:\/\/nordvallsetikett.com\/sv\/nordvalls-etikett\/om-nordvalls\/hallbarhet\/ansvar-och-hallbarhet\/","title":{"rendered":"Ansvar och h\u00e5llbarhet"},"content":{"rendered":"<div class=\"wpb-content-wrapper\"><p>[vc_row][vc_column width=&#8221;1\/2&#8243;][vc_column_text]<\/p>\n<h3>Ansvar och h\u00e5llbarhet \u2013 v\u00e5r efterlevnad<\/h3>\n<p>I \u00f6ver ett sekel har Nordvalls haft en stark lokal f\u00f6rankring och vi \u00e4r stolta \u00f6ver att ha varit en arbetsgivare att r\u00e4kna med f\u00f6r m\u00e5nga m\u00e4nniskor, under m\u00e5nga \u00e5r. Hos oss p\u00e5 Nordvalls handlar h\u00e5llbarhet om att f\u00f6rvalta v\u00e5r l\u00e5nga historia som tryckerif\u00f6retag p\u00e5 b\u00e4sta s\u00e4tt.<\/p>\n<p>V\u00e5rt arbete pr\u00e4glas av transparens och entrepren\u00f6rskap fr\u00e5n f\u00f6rsta kontakten. Vi agerar samarbetsinriktat och l\u00f6sningsorienterat och p\u00e5 ett respektfullt och \u00f6ppet s\u00e4tt gentemot varandra.[\/vc_column_text]<div class=\"ult-spacer spacer-69cff98a3054b\" data-id=\"69cff98a3054b\" data-height=\"50\" data-height-mobile=\"50\" data-height-tab=\"50\" data-height-tab-portrait=\"50\" data-height-mobile-landscape=\"50\" style=\"clear:both;display:block;\"><\/div>[\/vc_column][vc_column width=&#8221;1\/2&#8243;]<div class=\"ult-spacer spacer-69cff98a3059d\" data-id=\"69cff98a3059d\" data-height=\"20\" data-height-mobile=\"20\" data-height-tab=\"20\" data-height-tab-portrait=\"20\" data-height-mobile-landscape=\"20\" style=\"clear:both;display:block;\"><\/div><style type=\"text\/css\" data-type=\"the7_shortcodes-inline-css\">.shortcode-single-image-wrap.shortcode-single-image-be3e6d0b39f5d7267750dd1ed8aefd21.enable-bg-rollover .rollover i,\n.shortcode-single-image-wrap.shortcode-single-image-be3e6d0b39f5d7267750dd1ed8aefd21.enable-bg-rollover .rollover-video i {\n  background: -webkit-linear-gradient();\n  background: linear-gradient();\n}\n.shortcode-single-image-wrap.shortcode-single-image-be3e6d0b39f5d7267750dd1ed8aefd21 .rollover-icon {\n  font-size: 32px;\n  color: #ffffff;\n  min-width: 44px;\n  min-height: 44px;\n  line-height: 44px;\n  border-radius: 100px;\n  border-style: solid;\n  border-width: 0px;\n}\n.dt-icon-bg-on.shortcode-single-image-wrap.shortcode-single-image-be3e6d0b39f5d7267750dd1ed8aefd21 .rollover-icon {\n  background: rgba(255,255,255,0.3);\n  box-shadow: none;\n}<\/style><div class=\"shortcode-single-image-wrap shortcode-single-image-be3e6d0b39f5d7267750dd1ed8aefd21 alignright  enable-bg-rollover dt-icon-bg-off\" style=\"margin-top:0px; margin-bottom:0px; margin-left:0px; margin-right:0px; width:500px;\"><div class=\"shortcode-single-image\"><div class=\"fancy-media-wrap  layzr-bg\" style=\"border-radius:40px;\"><img fetchpriority=\"high\" decoding=\"async\" class=\"preload-me lazy-load aspect\" src=\"data:image\/svg+xml,%3Csvg%20xmlns%3D&#39;http%3A%2F%2Fwww.w3.org%2F2000%2Fsvg&#39;%20viewBox%3D&#39;0%200%20500%20333&#39;%2F%3E\" data-src=\"https:\/\/nordvallsetikett.com\/wp-content\/uploads\/2022\/01\/191121_0546_nordvalls-scaled-500x333.jpg\" data-srcset=\"https:\/\/nordvallsetikett.com\/wp-content\/uploads\/2022\/01\/191121_0546_nordvalls-scaled-500x333.jpg 500w, https:\/\/nordvallsetikett.com\/wp-content\/uploads\/2022\/01\/191121_0546_nordvalls-scaled-1000x666.jpg 1000w\" loading=\"eager\" sizes=\"(max-width: 500px) 100vw, 500px\" width=\"500\" height=\"333\"  data-dt-location=\"https:\/\/nordvallsetikett.com\/sv\/?attachment_id=5411\" style=\"--ratio: 500 \/ 333;border-radius:40px;\" alt=\"\" \/><\/div><\/div><\/div><div class=\"ult-spacer spacer-69cff98a316f8\" data-id=\"69cff98a316f8\" data-height=\"50\" data-height-mobile=\"50\" data-height-tab=\"50\" data-height-tab-portrait=\"50\" data-height-mobile-landscape=\"50\" style=\"clear:both;display:block;\"><\/div>[\/vc_column][\/vc_row][vc_row][vc_column][vc_column_text]Alla anst\u00e4llda p\u00e5 Nordvalls Etikett AB \u00e4r skyldiga att f\u00f6lja till\u00e4mpliga lagar och interna f\u00f6retagsbest\u00e4mmelser. F\u00f6r att s\u00e4kerst\u00e4lla ett korrekt beteende har vi fastst\u00e4llt koncern\u00f6vergripande PID* minimikrav f\u00f6r efterlevnad samt l\u00e4mpliga f\u00f6rebyggande och kontroll\u00e5tg\u00e4rder.<\/p>\n<p>* Nordvalls Etikett AB \u00e4r medlem i\u00a0<a href=\"https:\/\/www.possehl-identification.com\/en\" target=\"_blank\" rel=\"noopener\">POSSEHL Identification Solutions<\/a>\u00a0(PID), en del av POSSEHL-koncernen.[\/vc_column_text]<div class=\"ult-spacer spacer-69cff98a31755\" data-id=\"69cff98a31755\" data-height=\"100\" data-height-mobile=\"50\" data-height-tab=\"50\" data-height-tab-portrait=\"50\" data-height-mobile-landscape=\"50\" style=\"clear:both;display:block;\"><\/div>[\/vc_column][\/vc_row][vc_row][vc_column width=&#8221;1\/2&#8243;]<style type=\"text\/css\" data-type=\"the7_shortcodes-inline-css\">.shortcode-single-image-wrap.shortcode-single-image-f7ac2467628c8f18303c5a5422e3fe7c.enable-bg-rollover .rollover i,\n.shortcode-single-image-wrap.shortcode-single-image-f7ac2467628c8f18303c5a5422e3fe7c.enable-bg-rollover .rollover-video i {\n  background: -webkit-linear-gradient();\n  background: linear-gradient();\n}\n.shortcode-single-image-wrap.shortcode-single-image-f7ac2467628c8f18303c5a5422e3fe7c .rollover-icon {\n  font-size: 32px;\n  color: #ffffff;\n  min-width: 44px;\n  min-height: 44px;\n  line-height: 44px;\n  border-radius: 100px;\n  border-style: solid;\n  border-width: 0px;\n}\n.dt-icon-bg-on.shortcode-single-image-wrap.shortcode-single-image-f7ac2467628c8f18303c5a5422e3fe7c .rollover-icon {\n  background: rgba(255,255,255,0.3);\n  box-shadow: none;\n}<\/style><div class=\"shortcode-single-image-wrap shortcode-single-image-f7ac2467628c8f18303c5a5422e3fe7c alignleft  enable-bg-rollover dt-icon-bg-off\" style=\"margin-top:0px; margin-bottom:0px; margin-left:0px; margin-right:0px; width:500px;\"><div class=\"shortcode-single-image\"><div class=\"fancy-media-wrap  layzr-bg\" style=\"border-radius:40px;\"><img decoding=\"async\" class=\"preload-me lazy-load aspect\" src=\"data:image\/svg+xml,%3Csvg%20xmlns%3D&#39;http%3A%2F%2Fwww.w3.org%2F2000%2Fsvg&#39;%20viewBox%3D&#39;0%200%20500%20333&#39;%2F%3E\" data-src=\"https:\/\/nordvallsetikett.com\/wp-content\/uploads\/2020\/07\/Arbetsmiljo\u0308-Nordvalls-500x333.jpg\" data-srcset=\"https:\/\/nordvallsetikett.com\/wp-content\/uploads\/2020\/07\/Arbetsmiljo\u0308-Nordvalls-500x333.jpg 500w, https:\/\/nordvallsetikett.com\/wp-content\/uploads\/2020\/07\/Arbetsmiljo\u0308-Nordvalls-1000x666.jpg 1000w\" loading=\"eager\" sizes=\"(max-width: 500px) 100vw, 500px\" width=\"500\" height=\"333\"  data-dt-location=\"https:\/\/nordvallsetikett.com\/sv\/?attachment_id=4285\" style=\"--ratio: 500 \/ 333;border-radius:40px;\" alt=\"Nordvalls Etikett V\u00e4rderingar\" \/><\/div><\/div><\/div>[\/vc_column][vc_column width=&#8221;1\/2&#8243;][vc_column_text]<\/p>\n<h3>Lag om skydd visselbl\u00e5sare<\/h3>\n<p>Med implementeringen av Whistleblower Protection Act erbjuder vi leverant\u00f6rer, kunder, partners och anst\u00e4llda m\u00f6jligheten att rapportera incidenter anonymt. Dokument om visselbl\u00e5sarsystemet: <a href=\"https:\/\/nordvallsetikett.com\/wp-content\/uploads\/2023\/09\/External_Whistleblower_General_Introduction_English-3.pdf\">F\u00f6rfaranderegler<\/a><\/p>\n<p>F\u00f6r information enligt den tyska lagen om v\u00e5rdplikt f\u00f6r f\u00f6rs\u00f6rjningskedjan kan du hitta ytterligare information om proceduren\u00a0<a href=\"https:\/\/nordvallsetikett.com\/wp-content\/uploads\/2023\/09\/Nordvalls_Code_of_Procedure_-EN_012023.pdf\">h\u00e4r<\/a>.[\/vc_column_text][\/vc_column][\/vc_row]<\/p>\n<\/div>","protected":false},"excerpt":{"rendered":"<p>[vc_row][vc_column width=&#8221;1\/2&#8243;][vc_column_text] Ansvar och h\u00e5llbarhet \u2013 v\u00e5r efterlevnad I \u00f6ver ett sekel har Nordvalls haft en stark lokal f\u00f6rankring och vi \u00e4r stolta \u00f6ver att ha varit en arbetsgivare att r\u00e4kna med f\u00f6r m\u00e5nga m\u00e4nniskor, under m\u00e5nga \u00e5r. Hos oss p\u00e5 Nordvalls handlar h\u00e5llbarhet om att f\u00f6rvalta v\u00e5r l\u00e5nga historia som tryckerif\u00f6retag p\u00e5 b\u00e4sta s\u00e4tt.&hellip;<\/p>\n","protected":false},"author":1,"featured_media":0,"parent":2644,"menu_order":0,"comment_status":"closed","ping_status":"closed","template":"","meta":{"footnotes":""},"class_list":["post-7497","page","type-page","status-publish","hentry","description-off"],"_links":{"self":[{"href":"https:\/\/nordvallsetikett.com\/sv\/wp-json\/wp\/v2\/pages\/7497","targetHints":{"allow":["GET"]}}],"collection":[{"href":"https:\/\/nordvallsetikett.com\/sv\/wp-json\/wp\/v2\/pages"}],"about":[{"href":"https:\/\/nordvallsetikett.com\/sv\/wp-json\/wp\/v2\/types\/page"}],"author":[{"embeddable":true,"href":"https:\/\/nordvallsetikett.com\/sv\/wp-json\/wp\/v2\/users\/1"}],"replies":[{"embeddable":true,"href":"https:\/\/nordvallsetikett.com\/sv\/wp-json\/wp\/v2\/comments?post=7497"}],"version-history":[{"count":9,"href":"https:\/\/nordvallsetikett.com\/sv\/wp-json\/wp\/v2\/pages\/7497\/revisions"}],"predecessor-version":[{"id":7506,"href":"https:\/\/nordvallsetikett.com\/sv\/wp-json\/wp\/v2\/pages\/7497\/revisions\/7506"}],"up":[{"embeddable":true,"href":"https:\/\/nordvallsetikett.com\/sv\/wp-json\/wp\/v2\/pages\/2644"}],"wp:attachment":[{"href":"https:\/\/nordvallsetikett.com\/sv\/wp-json\/wp\/v2\/media?parent=7497"}],"curies":[{"name":"wp","href":"https:\/\/api.w.org\/{rel}","templated":true}]}}