{"id":7521,"date":"2023-11-14T14:43:38","date_gmt":"2023-11-14T14:43:38","guid":{"rendered":"https:\/\/nordvalls.se\/?page_id=7521"},"modified":"2025-01-20T13:58:14","modified_gmt":"2025-01-20T13:58:14","slug":"livsmedelssakerhetspolicy","status":"publish","type":"page","link":"https:\/\/nordvallsetikett.com\/sv\/nordvalls-etikett\/om-nordvalls\/hallbarhet\/livsmedelssakerhetspolicy\/","title":{"rendered":"Livsmedelss\u00e4kerhetspolicy"},"content":{"rendered":"<div class=\"wpb-content-wrapper\"><p>[vc_row][vc_column width=&#8221;1\/2&#8243;][vc_column_text css=&#8221;&#8221;]<\/p>\n<h3>Livsmedelss\u00e4kerhetspolicy<\/h3>\n<p><strong>NORDVALLS ETIKETT AB<\/strong>, enhet i Sj\u00f6bo och M\u00f6lnlycke ska pr\u00e4glas av ett medvetet och organiserat kvalitetsarbete som ska genomsyra hela varufl\u00f6det. Vi ska utveckla, producera och distribuera produkter p\u00e5 en kvalitetsoch s\u00e4kerhetsniv\u00e5 som uppfyller kundens behov och f\u00f6rv\u00e4ntningar. All personal ansvarar f\u00f6r kvalit\u00e9n i det arbete man utf\u00f6r s\u00e5 att v\u00e5ra kunder tryggt kan anv\u00e4nda v\u00e5ra produkter.<\/p>\n<p>Vi ska d\u00e4rf\u00f6r arbeta med att:<\/p>\n<ul>\n<li>h\u00e5lla v\u00e5rt ledningssystem f\u00f6r kvalitet och livsmedelss\u00e4kerhet uppdaterat och levande<\/li>\n<li>st\u00e4ndiga f\u00f6rb\u00e4ttringar ska vara en naturlig del i arbetet<\/li>\n<li>fastst\u00e4lla tydliga kvalitets- och livsmedelss\u00e4kerhetsm\u00e5l med uppf\u00f6ljning<\/li>\n<li>leva upp till de krav som st\u00e4lls i lagstiftning och av myndigheter samt de \u00e5taganden vi har gentemot v\u00e5ra kunder<\/li>\n<li>ha en \u00f6ppen och effektiv kommunikation inom verksamheten samt med kunder, aff\u00e4rspartners och andra akt\u00f6rer<\/li>\n<\/ul>\n<p>F\u00f6r oss \u00e4r kvalitet och livsmedelss\u00e4kerhet inte enbart m\u00e4tbart utan i lika h\u00f6g grad en fr\u00e5ga om engagemang och f\u00f6retagskultur samt kompetens och medvetenheten kring livsmedelss\u00e4kerhetsfr\u00e5gor hos medarbetarna.<\/p>\n<p>&nbsp;<\/p>\n<p><em>Patrik Jenemark<\/em><br \/>\n<em>VD<\/em>[\/vc_column_text][\/vc_column][vc_column width=&#8221;1\/2&#8243;]<style type=\"text\/css\" data-type=\"the7_shortcodes-inline-css\">.dt-team-shortcode.team-masonry-shortcode-id-bdb2620020fafaacfb9b41b1df26fa59 .team-desc {\n  padding: 20px 20px 20px 20px;\n}\n.dt-team-shortcode.team-masonry-shortcode-id-bdb2620020fafaacfb9b41b1df26fa59 .team-author-name,\n.dt-team-shortcode.team-masonry-shortcode-id-bdb2620020fafaacfb9b41b1df26fa59 .team-author-name a {\n  margin-bottom: 0px;\n  font-weight: bold;\n}\n.dt-team-shortcode.team-masonry-shortcode-id-bdb2620020fafaacfb9b41b1df26fa59 .team-author p {\n  margin-bottom: 10px;\n  font-weight: bold;\n}\n.dt-team-shortcode.team-masonry-shortcode-id-bdb2620020fafaacfb9b41b1df26fa59  .team-media {\n  padding: 20px 20px 20px 20px;\n}\n.dt-team-shortcode.team-masonry-shortcode-id-bdb2620020fafaacfb9b41b1df26fa59 .dt-css-grid .team-media img {\n  max-width: 100%;\n}\n.dt-team-shortcode.team-masonry-shortcode-id-bdb2620020fafaacfb9b41b1df26fa59 .team-content {\n  margin-bottom: 5px;\n}\n.dt-team-shortcode.team-masonry-shortcode-id-bdb2620020fafaacfb9b41b1df26fa59  .team-media,\n.dt-team-shortcode.team-masonry-shortcode-id-bdb2620020fafaacfb9b41b1df26fa59  .team-media a.rollover,\n.dt-team-shortcode.team-masonry-shortcode-id-bdb2620020fafaacfb9b41b1df26fa59  .team-media a.rollover *,\n.dt-team-shortcode.team-masonry-shortcode-id-bdb2620020fafaacfb9b41b1df26fa59  .team-media img {\n  border-radius: 40px;\n}\n.dt-team-shortcode.team-masonry-shortcode-id-bdb2620020fafaacfb9b41b1df26fa59 .soc-ico {\n  margin-bottom: 15px;\n}\n.dt-team-shortcode.team-masonry-shortcode-id-bdb2620020fafaacfb9b41b1df26fa59 .soc-ico a {\n  min-width: 26px;\n  min-height: 26px;\n  font-size: 16px;\n  border-radius: 100px;\n}\n.dt-team-shortcode.team-masonry-shortcode-id-bdb2620020fafaacfb9b41b1df26fa59 .soc-ico a:not(:last-child) {\n  margin-right: 4px;\n}\n.dt-team-shortcode.team-masonry-shortcode-id-bdb2620020fafaacfb9b41b1df26fa59 .soc-ico a:before,\n.dt-team-shortcode.team-masonry-shortcode-id-bdb2620020fafaacfb9b41b1df26fa59 .soc-ico a:after {\n  min-width: 26px;\n  min-height: 26px;\n  padding: inherit;\n}\n.dt-icon-border-on.dt-team-shortcode.team-masonry-shortcode-id-bdb2620020fafaacfb9b41b1df26fa59 .soc-ico a:before {\n  border: 0px solid transparent;\n}\n.dt-team-shortcode.team-masonry-shortcode-id-bdb2620020fafaacfb9b41b1df26fa59 .soc-ico a:hover {\n  font-size: 16px;\n}\n#page .dt-team-shortcode.team-masonry-shortcode-id-bdb2620020fafaacfb9b41b1df26fa59 .soc-ico a:hover .soc-font-icon {\n  color: rgba(255,255,255,0.75);\n  background: none;\n}\n.dt-icon-border-hover-on.dt-team-shortcode.team-masonry-shortcode-id-bdb2620020fafaacfb9b41b1df26fa59 .soc-ico a:after {\n  border: 0px solid transparent;\n}\n#page .dt-team-shortcode.team-masonry-shortcode-id-bdb2620020fafaacfb9b41b1df26fa59 .soc-ico a:not(:hover) .soc-font-icon {\n  color: #ffffff;\n  background: none;\n}\n.dt-team-shortcode.team-masonry-shortcode-id-bdb2620020fafaacfb9b41b1df26fa59 .soc-ico a .soc-font-icon {\n  font-size: 16px;\n}\n.dt-team-shortcode.team-masonry-shortcode-id-bdb2620020fafaacfb9b41b1df26fa59 .filter-bg-decoration .filter-categories a.act {\n  color: #fff;\n}\n.dt-team-shortcode.team-masonry-shortcode-id-bdb2620020fafaacfb9b41b1df26fa59:not(.resize-by-browser-width) .dt-css-grid {\n  grid-row-gap: 30px;\n  grid-column-gap: 30px;\n  grid-template-columns: repeat(auto-fill,minmax(,1fr));\n}\n.cssgridlegacy.no-cssgrid .dt-team-shortcode.team-masonry-shortcode-id-bdb2620020fafaacfb9b41b1df26fa59:not(.resize-by-browser-width) .dt-css-grid,\n.no-cssgridlegacy.no-cssgrid .dt-team-shortcode.team-masonry-shortcode-id-bdb2620020fafaacfb9b41b1df26fa59:not(.resize-by-browser-width) .dt-css-grid {\n  display: flex;\n  flex-flow: row wrap;\n  margin: -15px;\n}\n.cssgridlegacy.no-cssgrid .dt-team-shortcode.team-masonry-shortcode-id-bdb2620020fafaacfb9b41b1df26fa59:not(.resize-by-browser-width) .dt-css-grid .wf-cell,\n.no-cssgridlegacy.no-cssgrid .dt-team-shortcode.team-masonry-shortcode-id-bdb2620020fafaacfb9b41b1df26fa59:not(.resize-by-browser-width) .dt-css-grid .wf-cell {\n  flex: 1 0 ;\n  max-width: 100%;\n  padding: 15px;\n  box-sizing: border-box;\n}\n.dt-team-shortcode.team-masonry-shortcode-id-bdb2620020fafaacfb9b41b1df26fa59.resize-by-browser-width .dt-css-grid {\n  grid-template-columns: repeat(1,1fr);\n  grid-template-rows: auto;\n  grid-column-gap: 30px;\n  grid-row-gap: 30px;\n}\n.cssgridlegacy.no-cssgrid .dt-team-shortcode.team-masonry-shortcode-id-bdb2620020fafaacfb9b41b1df26fa59.resize-by-browser-width .dt-css-grid,\n.no-cssgridlegacy.no-cssgrid .dt-team-shortcode.team-masonry-shortcode-id-bdb2620020fafaacfb9b41b1df26fa59.resize-by-browser-width .dt-css-grid {\n  margin: -15px;\n}\n.cssgridlegacy.no-cssgrid .dt-team-shortcode.team-masonry-shortcode-id-bdb2620020fafaacfb9b41b1df26fa59.resize-by-browser-width .dt-css-grid .wf-cell,\n.no-cssgridlegacy.no-cssgrid .dt-team-shortcode.team-masonry-shortcode-id-bdb2620020fafaacfb9b41b1df26fa59.resize-by-browser-width .dt-css-grid .wf-cell {\n  width: 100%;\n  padding: 15px;\n}\n@media screen and (max-width: 1199px) {\n  .dt-team-shortcode.team-masonry-shortcode-id-bdb2620020fafaacfb9b41b1df26fa59.resize-by-browser-width .dt-css-grid {\n    grid-template-columns: repeat(1,1fr);\n  }\n  .cssgridlegacy.no-cssgrid .dt-team-shortcode.team-masonry-shortcode-id-bdb2620020fafaacfb9b41b1df26fa59.resize-by-browser-width .dt-css-grid .wf-cell,\n  .no-cssgridlegacy.no-cssgrid .dt-team-shortcode.team-masonry-shortcode-id-bdb2620020fafaacfb9b41b1df26fa59.resize-by-browser-width .dt-css-grid .wf-cell {\n    width: 100%;\n  }\n}\n@media screen and (max-width: 991px) {\n  .dt-team-shortcode.team-masonry-shortcode-id-bdb2620020fafaacfb9b41b1df26fa59.resize-by-browser-width .dt-css-grid {\n    grid-template-columns: repeat(1,1fr);\n  }\n  .cssgridlegacy.no-cssgrid .dt-team-shortcode.team-masonry-shortcode-id-bdb2620020fafaacfb9b41b1df26fa59.resize-by-browser-width .dt-css-grid .wf-cell,\n  .no-cssgridlegacy.no-cssgrid .dt-team-shortcode.team-masonry-shortcode-id-bdb2620020fafaacfb9b41b1df26fa59.resize-by-browser-width .dt-css-grid .wf-cell {\n    width: 100%;\n  }\n}\n@media screen and (max-width: 767px) {\n  .dt-team-shortcode.team-masonry-shortcode-id-bdb2620020fafaacfb9b41b1df26fa59.resize-by-browser-width .dt-css-grid {\n    grid-template-columns: repeat(1,1fr);\n  }\n  .cssgridlegacy.no-cssgrid .dt-team-shortcode.team-masonry-shortcode-id-bdb2620020fafaacfb9b41b1df26fa59.resize-by-browser-width .dt-css-grid .wf-cell,\n  .no-cssgridlegacy.no-cssgrid .dt-team-shortcode.team-masonry-shortcode-id-bdb2620020fafaacfb9b41b1df26fa59.resize-by-browser-width .dt-css-grid .wf-cell {\n    width: 100%;\n  }\n}<\/style><div class=\"dt-team-masonry-shortcode dt-team-shortcode team-masonry-shortcode-id-bdb2620020fafaacfb9b41b1df26fa59 loading-effect-none mode-grid jquery-filter content-align-left dt-css-grid-wrap scale-img dt-css-grid-wrap dt-icon-bg-on dt-icon-border-on dt-icon-hover-bg-on dt-icon-border-hover-on move-icons-under-position resize-by-browser-width  \" data-padding=\"15px\" data-cur-page=\"1\" data-post-limit=\"-1\" data-pagination-mode=\"none\" data-desktop-columns-num=\"1\" data-v-tablet-columns-num=\"1\" data-h-tablet-columns-num=\"1\" data-phone-columns-num=\"1\" data-width=\"0px\" data-columns=\"0\"><div class=\"dt-css-grid\" ><div class=\"visible wf-cell\" data-post-id=\"1938\" data-date=\"2019-06-17T19:17:58+00:00\" data-name=\"Patrik Jenemark\"><div class=\"team-container visible post post-1938 dt_team type-dt_team status-publish has-post-thumbnail hentry dt_team_category-ledning dt_team_category-styrelse dt_team_category-32 dt_team_category-19\"><div class=\"team-media\"><span><img fetchpriority=\"high\" decoding=\"async\" class=\"preload-me iso-lazy-load aspect\" src=\"data:image\/svg+xml,%3Csvg%20xmlns%3D&#39;http%3A%2F%2Fwww.w3.org%2F2000%2Fsvg&#39;%20viewBox%3D&#39;0%200%201344%201344&#39;%2F%3E\" data-src=\"https:\/\/nordvallsetikett.com\/wp-content\/uploads\/2020\/07\/Namnlos-design-17-1344x1344.png\" data-srcset=\"https:\/\/nordvallsetikett.com\/wp-content\/uploads\/2020\/07\/Namnlos-design-17-1344x1344.png 1344w\" loading=\"eager\" style=\"--ratio: 1344 \/ 1344\" sizes=\"(max-width: 1344px) 100vw, 1344px\" width=\"1344\" height=\"1344\"  title=\"Namnlo\u0308s design (17)\" alt=\"\" \/><\/span><\/div><div class=\"team-desc\"><div class=\"team-author\"><div class=\"team-author-name\">Patrik Jenemark<\/div><p>CEO & Board Member<\/p><\/div><div class=\"team-content\">\n<p><a href=\"mailto:patrik.jenemark@nordvalls.se\">patrik.jenemark@nordvalls.se<\/a><br><a href=\"tel:0101691700\">010 169 17 00<\/a><\/p>\n<\/div><\/div><\/div><\/div><\/div><!-- iso-container|iso-grid --><\/div>[\/vc_column][\/vc_row]<\/p>\n<\/div>","protected":false},"excerpt":{"rendered":"<p>[vc_row][vc_column width=&#8221;1\/2&#8243;][vc_column_text css=&#8221;&#8221;] Livsmedelss\u00e4kerhetspolicy NORDVALLS ETIKETT AB, enhet i Sj\u00f6bo och M\u00f6lnlycke ska pr\u00e4glas av ett medvetet och organiserat kvalitetsarbete som ska genomsyra hela varufl\u00f6det. Vi ska utveckla, producera och distribuera produkter p\u00e5 en kvalitetsoch s\u00e4kerhetsniv\u00e5 som uppfyller kundens behov och f\u00f6rv\u00e4ntningar. All personal ansvarar f\u00f6r kvalit\u00e9n i det arbete man utf\u00f6r s\u00e5 att v\u00e5ra&hellip;<\/p>\n","protected":false},"author":1,"featured_media":0,"parent":2644,"menu_order":0,"comment_status":"closed","ping_status":"closed","template":"","meta":{"footnotes":""},"class_list":["post-7521","page","type-page","status-publish","hentry","description-off"],"_links":{"self":[{"href":"https:\/\/nordvallsetikett.com\/sv\/wp-json\/wp\/v2\/pages\/7521","targetHints":{"allow":["GET"]}}],"collection":[{"href":"https:\/\/nordvallsetikett.com\/sv\/wp-json\/wp\/v2\/pages"}],"about":[{"href":"https:\/\/nordvallsetikett.com\/sv\/wp-json\/wp\/v2\/types\/page"}],"author":[{"embeddable":true,"href":"https:\/\/nordvallsetikett.com\/sv\/wp-json\/wp\/v2\/users\/1"}],"replies":[{"embeddable":true,"href":"https:\/\/nordvallsetikett.com\/sv\/wp-json\/wp\/v2\/comments?post=7521"}],"version-history":[{"count":6,"href":"https:\/\/nordvallsetikett.com\/sv\/wp-json\/wp\/v2\/pages\/7521\/revisions"}],"predecessor-version":[{"id":9503,"href":"https:\/\/nordvallsetikett.com\/sv\/wp-json\/wp\/v2\/pages\/7521\/revisions\/9503"}],"up":[{"embeddable":true,"href":"https:\/\/nordvallsetikett.com\/sv\/wp-json\/wp\/v2\/pages\/2644"}],"wp:attachment":[{"href":"https:\/\/nordvallsetikett.com\/sv\/wp-json\/wp\/v2\/media?parent=7521"}],"curies":[{"name":"wp","href":"https:\/\/api.w.org\/{rel}","templated":true}]}}