{"id":9103,"date":"2024-08-27T07:37:43","date_gmt":"2024-08-27T07:37:43","guid":{"rendered":"https:\/\/nordvallsetikett.com\/?page_id=9103"},"modified":"2024-08-27T07:38:41","modified_gmt":"2024-08-27T07:38:41","slug":"flexotryckare-bjuv","status":"publish","type":"page","link":"https:\/\/nordvallsetikett.com\/sv\/nordvalls-etikett\/om-nordvalls\/arbeta-nordvalls\/flexotryckare-bjuv\/","title":{"rendered":"Flexotryckare &#8211; Bjuv"},"content":{"rendered":"<div class=\"wpb-content-wrapper\"><p>[vc_row][vc_column][vc_column_text]<\/p>\n<h2>Flexotryckare s\u00f6kes till Bjuv<\/h2>\n<h4>Arbetsuppgifter<\/h4>\n<p>Som Maskinoperat\u00f6r, i det h\u00e4r fallet flexotryckare, arbetar du med maskininst\u00e4llning, \u00f6vervakning, materialhantering, packning, m\u00e4rkning samt \u00f6vrigt f\u00f6rekommande arbetsuppgifter i tryckeri. Rapportering i produktionssystem, l\u00f6pande underh\u00e5ll av utrustning och ansvar f\u00f6r att det \u00e4r ordning och reda samt s\u00e4kert i det omr\u00e5de man arbetar i.[\/vc_column_text]<div class=\"ult-spacer spacer-69d280daa0fe2\" data-id=\"69d280daa0fe2\" data-height=\"50\" data-height-mobile=\"30\" data-height-tab=\"30\" data-height-tab-portrait=\"30\" data-height-mobile-landscape=\"30\" style=\"clear:both;display:block;\"><\/div>[\/vc_column][\/vc_row][vc_row][vc_column width=&#8221;1\/2&#8243;][vc_column_text]<\/p>\n<h4>Kvalifikationer och erfarenheter<\/h4>\n<p>Vi ser g\u00e4rna att du har intresse f\u00f6r det grafiska och tekniska, har erfarenhet av arbete i produktion sedan tidigare.<\/p>\n<p>Om du har arbetat i kvalitets- och milj\u00f6system samt har truckkort \u00e4r det meriterande.<\/p>\n<p>Du har inga problem att arbeta i skift b\u00e5de sj\u00e4lvst\u00e4ndigt med ett eget driv eller att samarbeta tillsammans med andra p\u00e5 arbetsplatsen. Personliga egenskaper vi s\u00f6ker \u00e4r att du \u00e4r glad, positiv och bra p\u00e5 att ta egna initiativ.[\/vc_column_text]<div class=\"ult-spacer spacer-69d280daa1039\" data-id=\"69d280daa1039\" data-height=\"50\" data-height-mobile=\"30\" data-height-tab=\"30\" data-height-tab-portrait=\"30\" data-height-mobile-landscape=\"30\" style=\"clear:both;display:block;\"><\/div>[\/vc_column][vc_column width=&#8221;1\/2&#8243;]<style type=\"text\/css\" data-type=\"the7_shortcodes-inline-css\">.shortcode-single-image-wrap.shortcode-single-image-bdfc38668ac26ea0a5b331bb5726eda5.enable-bg-rollover .rollover i,\n.shortcode-single-image-wrap.shortcode-single-image-bdfc38668ac26ea0a5b331bb5726eda5.enable-bg-rollover .rollover-video i {\n  background: -webkit-linear-gradient();\n  background: linear-gradient();\n}\n.shortcode-single-image-wrap.shortcode-single-image-bdfc38668ac26ea0a5b331bb5726eda5 .rollover-icon {\n  font-size: 32px;\n  color: #ffffff;\n  min-width: 44px;\n  min-height: 44px;\n  line-height: 44px;\n  border-radius: 100px;\n  border-style: solid;\n  border-width: 0px;\n}\n.dt-icon-bg-on.shortcode-single-image-wrap.shortcode-single-image-bdfc38668ac26ea0a5b331bb5726eda5 .rollover-icon {\n  background: rgba(255,255,255,0.3);\n  box-shadow: none;\n}<\/style><div class=\"shortcode-single-image-wrap shortcode-single-image-bdfc38668ac26ea0a5b331bb5726eda5 alignnone  enable-bg-rollover dt-icon-bg-off\" style=\"margin-top:0px; margin-bottom:0px; margin-left:0px; margin-right:0px; width:500px;\"><div class=\"shortcode-single-image\"><div class=\"fancy-media-wrap  layzr-bg\" style=\"border-radius:40px;\"><img fetchpriority=\"high\" decoding=\"async\" class=\"preload-me lazy-load aspect\" src=\"data:image\/svg+xml,%3Csvg%20xmlns%3D&#39;http%3A%2F%2Fwww.w3.org%2F2000%2Fsvg&#39;%20viewBox%3D&#39;0%200%20500%20333&#39;%2F%3E\" data-src=\"https:\/\/nordvallsetikett.com\/wp-content\/uploads\/2024\/08\/230117_0544_Nordvalls_web-scaled-500x333.jpg\" data-srcset=\"https:\/\/nordvallsetikett.com\/wp-content\/uploads\/2024\/08\/230117_0544_Nordvalls_web-scaled-500x333.jpg 500w, https:\/\/nordvallsetikett.com\/wp-content\/uploads\/2024\/08\/230117_0544_Nordvalls_web-scaled-1000x666.jpg 1000w\" loading=\"eager\" sizes=\"(max-width: 500px) 100vw, 500px\" width=\"500\" height=\"333\"  data-dt-location=\"https:\/\/nordvallsetikett.com\/sv\/nordvalls-etikett\/om-nordvalls\/arbeta-nordvalls\/flexotryckare-bjuv\/attachment\/230117_0544_nordvalls_web\/\" style=\"--ratio: 500 \/ 333;border-radius:40px;\" alt=\"\" \/><\/div><\/div><\/div><div class=\"ult-spacer spacer-69d280daa2193\" data-id=\"69d280daa2193\" data-height=\"50\" data-height-mobile=\"30\" data-height-tab=\"30\" data-height-tab-portrait=\"30\" data-height-mobile-landscape=\"30\" style=\"clear:both;display:block;\"><\/div>[\/vc_column][\/vc_row][vc_row][vc_column width=&#8221;1\/2&#8243;]<style type=\"text\/css\" data-type=\"the7_shortcodes-inline-css\">.shortcode-single-image-wrap.shortcode-single-image-dac4c4a80fa94ee0aa1e67097ecaf263.enable-bg-rollover .rollover i,\n.shortcode-single-image-wrap.shortcode-single-image-dac4c4a80fa94ee0aa1e67097ecaf263.enable-bg-rollover .rollover-video i {\n  background: -webkit-linear-gradient();\n  background: linear-gradient();\n}\n.shortcode-single-image-wrap.shortcode-single-image-dac4c4a80fa94ee0aa1e67097ecaf263 .rollover-icon {\n  font-size: 32px;\n  color: #ffffff;\n  min-width: 44px;\n  min-height: 44px;\n  line-height: 44px;\n  border-radius: 100px;\n  border-style: solid;\n  border-width: 0px;\n}\n.dt-icon-bg-on.shortcode-single-image-wrap.shortcode-single-image-dac4c4a80fa94ee0aa1e67097ecaf263 .rollover-icon {\n  background: rgba(255,255,255,0.3);\n  box-shadow: none;\n}<\/style><div class=\"shortcode-single-image-wrap shortcode-single-image-dac4c4a80fa94ee0aa1e67097ecaf263 alignnone  enable-bg-rollover dt-icon-bg-off\" style=\"margin-top:0px; margin-bottom:0px; margin-left:0px; margin-right:0px; width:500px;\"><div class=\"shortcode-single-image\"><div class=\"fancy-media-wrap  layzr-bg\" style=\"border-radius:40px;\"><img decoding=\"async\" class=\"preload-me lazy-load aspect\" src=\"data:image\/svg+xml,%3Csvg%20xmlns%3D&#39;http%3A%2F%2Fwww.w3.org%2F2000%2Fsvg&#39;%20viewBox%3D&#39;0%200%20500%20333&#39;%2F%3E\" data-src=\"https:\/\/nordvallsetikett.com\/wp-content\/uploads\/2024\/08\/230117_0240_Nordvalls_web-scaled-500x333.jpg\" data-srcset=\"https:\/\/nordvallsetikett.com\/wp-content\/uploads\/2024\/08\/230117_0240_Nordvalls_web-scaled-500x333.jpg 500w, https:\/\/nordvallsetikett.com\/wp-content\/uploads\/2024\/08\/230117_0240_Nordvalls_web-scaled-1000x666.jpg 1000w\" loading=\"eager\" sizes=\"(max-width: 500px) 100vw, 500px\" width=\"500\" height=\"333\"  data-dt-location=\"https:\/\/nordvallsetikett.com\/sv\/nordvalls-etikett\/om-nordvalls\/arbeta-nordvalls\/flexotryckare-bjuv\/attachment\/230117_0240_nordvalls_web\/\" style=\"--ratio: 500 \/ 333;border-radius:40px;\" alt=\"\" \/><\/div><\/div><\/div><div class=\"ult-spacer spacer-69d280daa2de2\" data-id=\"69d280daa2de2\" data-height=\"50\" data-height-mobile=\"30\" data-height-tab=\"30\" data-height-tab-portrait=\"30\" data-height-mobile-landscape=\"30\" style=\"clear:both;display:block;\"><\/div><q class=\"text-big shortcode-pullquote wf-cell align-left wf-1\"><p>&#8221;Vi tror att samarbete och \u00f6ppen kommunikation g\u00f6r att vi n\u00e5r gemensamma m\u00e5l. Tillsammans kan vi l\u00f6sa det mesta, s\u00e5 l\u00e4nge vi samarbetar och tar ansvar f\u00f6r v\u00e5rt arbete.&#8221;<\/p>\n<p>&nbsp;<\/p>\n<p>Ur Nordvalls v\u00e4rderingar<\/p>\n<\/q>[\/vc_column][vc_column width=&#8221;1\/2&#8243;][vc_column_text]<\/p>\n<h4>Vi erbjuder<\/h4>\n<p>Du erbjuds ett stimulerande arbete i ett f\u00f6retag som satsar och d\u00e4r du har m\u00f6jligheter att forma din egen framtida utveckling. Nordvalls k\u00e4nnetecknas av gemenskap, passion och service, med snabba och korta beslutsv\u00e4gar, kontrollerad expansion samt skickliga och positiva medarbetare.<\/p>\n<p>St\u00e4mmer du in p\u00e5 ovanst\u00e5ende &#8211; s\u00f6k tj\u00e4nsten redan idag!<\/p>\n<p>Tj\u00e4nsten \u00e4r en tillsvidareanst\u00e4llning med placering i Bjuv.<\/p>\n<p>Arbetstid: Heltid, 2-skift (dag och kv\u00e4ll)<\/p>\n<p>Nordvalls till\u00e4mpar 6 m\u00e5naders provanst\u00e4llning.<\/p>\n<p>Ans\u00f6kan skickas till Produktionschef i Bjuv: <a href=\"mailto:andre.nilsson@nordvalls.se\">andre.nilsson@nordvalls.se<\/a><br \/>\nBifoga CV och personligt brev och m\u00e4rk ans\u00f6kan med Flexotryckare.[\/vc_column_text]<div class=\"ult-spacer spacer-69d280daa2ec0\" data-id=\"69d280daa2ec0\" data-height=\"50\" data-height-mobile=\"30\" data-height-tab=\"30\" data-height-tab-portrait=\"30\" data-height-mobile-landscape=\"30\" style=\"clear:both;display:block;\"><\/div>[\/vc_column][\/vc_row][vc_row][vc_column width=&#8221;1\/2&#8243;][vc_column_text]<\/p>\n<h4>Om Nordvalls Etikett<\/h4>\n<p><span data-contrast=\"auto\">Nordvalls Etikett \u00e4r Skandinaviens ledande leverant\u00f6r av etiketter. F\u00f6retaget grundades 1907 i sk\u00e5nska Sj\u00f6bo men har \u00e4ven produktionsenheter i Bjuv, M\u00f6lnlycke och Trondheim i Norge. Vi \u00e4r ett tryckeri med m\u00e5ng\u00e5rig erfarenhet som v\u00e4rdes\u00e4tter l\u00e5ngsiktiga relationer och samarbete. V\u00e5r tillverkning omfattar alla typer av sj\u00e4lvh\u00e4ftande etiketter; fr\u00e5n kvalificerade flerf\u00e4rgsetiketter f\u00f6r dekor och profilering till otryckta etiketter f\u00f6r tilltryck i skrivare. Bland v\u00e5ra kunder finns s\u00e5v\u00e4l stora livsmedelsf\u00f6retag som l\u00e4kemedelstillverkare, tillverkare av produkter f\u00f6r sk\u00f6nhet och kosmetik, e-handelsf\u00f6retag till mindre lokala bryggerier. Sj\u00e4lvh\u00e4ftande etiketter \u00e4r v\u00e5rt fokus och vi levererar dem med kunskap, kvalitet och service. P\u00e5 Nordvalls \u00e4r gemenskapen god och st\u00e4mningen positiv.<\/span><span data-ccp-props=\"{&quot;201341983&quot;:0,&quot;335559739&quot;:160,&quot;335559740&quot;:259}\">\u00a0<\/span>[\/vc_column_text][\/vc_column][vc_column width=&#8221;1\/2&#8243;]<style type=\"text\/css\" data-type=\"the7_shortcodes-inline-css\">.shortcode-single-image-wrap.shortcode-single-image-ab7f3dd42ce703dd90cd72e2ffb01624.enable-bg-rollover .rollover i,\n.shortcode-single-image-wrap.shortcode-single-image-ab7f3dd42ce703dd90cd72e2ffb01624.enable-bg-rollover .rollover-video i {\n  background: -webkit-linear-gradient();\n  background: linear-gradient();\n}\n.shortcode-single-image-wrap.shortcode-single-image-ab7f3dd42ce703dd90cd72e2ffb01624 .rollover-icon {\n  font-size: 32px;\n  color: #ffffff;\n  min-width: 44px;\n  min-height: 44px;\n  line-height: 44px;\n  border-radius: 100px;\n  border-style: solid;\n  border-width: 0px;\n}\n.dt-icon-bg-on.shortcode-single-image-wrap.shortcode-single-image-ab7f3dd42ce703dd90cd72e2ffb01624 .rollover-icon {\n  background: rgba(255,255,255,0.3);\n  box-shadow: none;\n}<\/style><div class=\"shortcode-single-image-wrap shortcode-single-image-ab7f3dd42ce703dd90cd72e2ffb01624 alignnone  enable-bg-rollover dt-icon-bg-off\" style=\"margin-top:0px; margin-bottom:0px; margin-left:0px; margin-right:0px; width:500px;\"><div class=\"shortcode-single-image\"><div class=\"fancy-media-wrap  layzr-bg\" style=\"border-radius:40px;\"><img decoding=\"async\" class=\"preload-me lazy-load aspect\" src=\"data:image\/svg+xml,%3Csvg%20xmlns%3D&#39;http%3A%2F%2Fwww.w3.org%2F2000%2Fsvg&#39;%20viewBox%3D&#39;0%200%20500%20333&#39;%2F%3E\" data-src=\"https:\/\/nordvallsetikett.com\/wp-content\/uploads\/2023\/05\/230309_nordvalls_3377-500x333.jpg\" data-srcset=\"https:\/\/nordvallsetikett.com\/wp-content\/uploads\/2023\/05\/230309_nordvalls_3377-500x333.jpg 500w, https:\/\/nordvallsetikett.com\/wp-content\/uploads\/2023\/05\/230309_nordvalls_3377-1000x666.jpg 1000w\" loading=\"eager\" sizes=\"(max-width: 500px) 100vw, 500px\" width=\"500\" height=\"333\"  data-dt-location=\"https:\/\/nordvallsetikett.com\/sv\/lexit-labels\/attachment\/230309_nordvalls_3377\/\" style=\"--ratio: 500 \/ 333;border-radius:40px;\" alt=\"\" \/><\/div><\/div><\/div>[\/vc_column][\/vc_row]<\/p>\n<\/div>","protected":false},"excerpt":{"rendered":"<p>[vc_row][vc_column][vc_column_text] Flexotryckare s\u00f6kes till Bjuv Arbetsuppgifter Som Maskinoperat\u00f6r, i det h\u00e4r fallet flexotryckare, arbetar du med maskininst\u00e4llning, \u00f6vervakning, materialhantering, packning, m\u00e4rkning samt \u00f6vrigt f\u00f6rekommande arbetsuppgifter i tryckeri. Rapportering i produktionssystem, l\u00f6pande underh\u00e5ll av utrustning och ansvar f\u00f6r att det \u00e4r ordning och reda samt s\u00e4kert i det omr\u00e5de man arbetar i.[\/vc_column_text][\/vc_column][\/vc_row][vc_row][vc_column width=&#8221;1\/2&#8243;][vc_column_text] Kvalifikationer och erfarenheter&hellip;<\/p>\n","protected":false},"author":9,"featured_media":9104,"parent":2646,"menu_order":0,"comment_status":"closed","ping_status":"closed","template":"","meta":{"footnotes":""},"class_list":["post-9103","page","type-page","status-publish","has-post-thumbnail","hentry","description-off"],"_links":{"self":[{"href":"https:\/\/nordvallsetikett.com\/sv\/wp-json\/wp\/v2\/pages\/9103","targetHints":{"allow":["GET"]}}],"collection":[{"href":"https:\/\/nordvallsetikett.com\/sv\/wp-json\/wp\/v2\/pages"}],"about":[{"href":"https:\/\/nordvallsetikett.com\/sv\/wp-json\/wp\/v2\/types\/page"}],"author":[{"embeddable":true,"href":"https:\/\/nordvallsetikett.com\/sv\/wp-json\/wp\/v2\/users\/9"}],"replies":[{"embeddable":true,"href":"https:\/\/nordvallsetikett.com\/sv\/wp-json\/wp\/v2\/comments?post=9103"}],"version-history":[{"count":5,"href":"https:\/\/nordvallsetikett.com\/sv\/wp-json\/wp\/v2\/pages\/9103\/revisions"}],"predecessor-version":[{"id":9120,"href":"https:\/\/nordvallsetikett.com\/sv\/wp-json\/wp\/v2\/pages\/9103\/revisions\/9120"}],"up":[{"embeddable":true,"href":"https:\/\/nordvallsetikett.com\/sv\/wp-json\/wp\/v2\/pages\/2646"}],"wp:featuredmedia":[{"embeddable":true,"href":"https:\/\/nordvallsetikett.com\/sv\/wp-json\/wp\/v2\/media\/9104"}],"wp:attachment":[{"href":"https:\/\/nordvallsetikett.com\/sv\/wp-json\/wp\/v2\/media?parent=9103"}],"curies":[{"name":"wp","href":"https:\/\/api.w.org\/{rel}","templated":true}]}}